{"id":23018,"date":"2025-06-02T15:49:21","date_gmt":"2025-06-02T13:49:21","guid":{"rendered":"https:\/\/www.noleaky.com\/products\/noise-reducer\/"},"modified":"2026-03-01T17:07:33","modified_gmt":"2026-03-01T16:07:33","slug":"noise-reducer","status":"publish","type":"product","link":"https:\/\/www.noleaky.com\/sk\/products\/noise-reducer\/","title":{"rendered":"Redukova\u010d \u0161umu"},"content":{"rendered":"<p><strong><img decoding=\"async\" style=\"margin-right: 12px;\" src=\"https:\/\/www.noleaky.com\/wp-content\/uploads\/2026\/02\/Check.svg\" alt=\"\" width=\"18\" height=\"15\" \/>R\u00fdchlo a \u00fa\u010dinne odstr\u00e1\u0148te ru\u0161iv\u00e9 zvuky kotla.<\/strong> N\u00e1\u0161 prostriedok na zn\u00ed\u017eenie hluku kotla je \u0161peci\u00e1lne vyvinut\u00fd na zastavenie klepania, b\u00fachania, kotlovania a cirkula\u010dn\u00fdch zvukov sp\u00f4soben\u00fdch usadzovan\u00edm vodn\u00e9ho kame\u0148a a vn\u00fatorn\u00fdch usaden\u00edn. P\u00f4sob\u00ed priamo vo vykurovacom syst\u00e9me na rozp\u00fa\u0161\u0165anie vodn\u00e9ho kame\u0148a a obnovuje plynul\u00fa a tich\u00fa prev\u00e1dzku.<\/p>\n<p><strong><img decoding=\"async\" style=\"margin-right: 12px;\" src=\"https:\/\/www.noleaky.com\/wp-content\/uploads\/2026\/02\/Check.svg\" alt=\"\" width=\"18\" height=\"15\" \/>Naj\u00fa\u010dinnej\u0161ie rie\u0161enie pre hlu\u010dn\u00e9 syst\u00e9my \u00fastredn\u00e9ho k\u00farenia.<\/strong> V\u010faka svojmu pokro\u010dil\u00e9mu zlo\u017eeniu na odstra\u0148ovanie vodn\u00e9ho kame\u0148a a kondicionovanie sa tento v\u00fdrobok zameriava na hlavn\u00fa pr\u00ed\u010dinu hluku kotla, a nie len na jeho maskovanie. Rozklad\u00e1 vodn\u00fd kame\u0148 a usadeniny, ktor\u00e9 obmedzuj\u00fa cirkul\u00e1ciu vody a sp\u00f4sobuj\u00fa prehrievanie.<\/p>\n<p><strong><img decoding=\"async\" style=\"margin-right: 12px;\" src=\"https:\/\/www.noleaky.com\/wp-content\/uploads\/2026\/02\/Check.svg\" alt=\"\" width=\"18\" height=\"15\" \/>Najlacnej\u0161ie dostupn\u00e9 o\u0161etrenie profesion\u00e1lnej \u00farovne.<\/strong> Pon\u00fakame najv\u00fdhodnej\u0161iu cenu na trhu bez zn\u00ed\u017eenia v\u00fdkonu. Namiesto platenia za n\u00e1kladn\u00e9 v\u00fdjazdy technikov alebo pred\u010dasn\u00fa v\u00fdmenu kotla m\u00f4\u017eete vyrie\u0161i\u0165 probl\u00e9my s hlukom hospod\u00e1rne a efekt\u00edvne.<\/p>\n<p><strong><img decoding=\"async\" style=\"margin-right: 12px;\" src=\"https:\/\/www.noleaky.com\/wp-content\/uploads\/2026\/02\/Check.svg\" alt=\"\" width=\"18\" height=\"15\" \/>Dod\u00e1vka 24 hod\u00edn denne pri naliehav\u00fdch probl\u00e9moch s vykurovan\u00edm.<\/strong> Garantujeme v\u00e1m dod\u00e1vku 24 hod\u00edn denne, aby ste mohli r\u00fdchlo odstr\u00e1ni\u0165 hluk z kotla, najm\u00e4 po\u010das chladn\u00fdch ro\u010dn\u00fdch obdob\u00ed, ke\u010f je spo\u013eahliv\u00e9 vykurovanie nevyhnutn\u00e9. R\u00fdchla doprava zaru\u010duje minim\u00e1lne naru\u0161enie pohodlia v\u00e1\u0161ho domova.<\/p>\n<p><strong><img decoding=\"async\" style=\"margin-right: 12px;\" src=\"https:\/\/www.noleaky.com\/wp-content\/uploads\/2026\/02\/Check.svg\" alt=\"\" width=\"18\" height=\"15\" \/>Z\u00e1ruka vr\u00e1tenia pe\u0148az\u00ed pre \u00fapln\u00fd pokoj.<\/strong> Pon\u00fakame \u00fapln\u00fa z\u00e1ruku vr\u00e1tenia pe\u0148az\u00ed. Ak nebudete \u00faplne spokojn\u00ed s v\u00fdsledkami n\u00e1\u0161ho reduktora hluku kotla, vr\u00e1time v\u00e1m peniaze za n\u00e1kup. Va\u0161a objedn\u00e1vka je \u00faplne bez rizika.<\/p>\n<p><strong><img decoding=\"async\" style=\"margin-right: 12px;\" src=\"https:\/\/www.noleaky.com\/wp-content\/uploads\/2026\/02\/Check.svg\" alt=\"\" width=\"18\" height=\"15\" \/>Zlep\u0161uje \u00fa\u010dinnos\u0165 vykurovania a distrib\u00faciu tepla.<\/strong> Rozp\u00fa\u0161\u0165an\u00edm vodn\u00e9ho kame\u0148a a vn\u00fatorn\u00fdch usaden\u00edn v\u00fdrobok obnovuje spr\u00e1vny prietok vody a prenos tepla v kotle a radi\u00e1toroch. To umo\u017e\u0148uje rovnomernej\u0161ie ohrievanie a efekt\u00edvnej\u0161iu prev\u00e1dzku syst\u00e9mu.<\/p>\n<p><strong><img decoding=\"async\" style=\"margin-right: 12px;\" src=\"https:\/\/www.noleaky.com\/wp-content\/uploads\/2026\/02\/Check.svg\" alt=\"\" width=\"18\" height=\"15\" \/>Predl\u017euje \u017eivotnos\u0165 v\u00e1\u0161ho kotla.<\/strong> Usadzovanie vodn\u00e9ho kame\u0148a a kalu zvy\u0161uje vn\u00fatorn\u00e9 nap\u00e4tie a prehrievanie. Pravideln\u00e9 pou\u017e\u00edvanie n\u00e1\u0161ho reduktora hluku pom\u00e1ha chr\u00e1ni\u0165 k\u013e\u00fa\u010dov\u00e9 komponenty, zni\u017euje opotrebovanie a predl\u017euje \u017eivotnos\u0165 v\u00e1\u0161ho vykurovacieho syst\u00e9mu.<\/p>\n<p><strong><img decoding=\"async\" style=\"margin-right: 12px;\" src=\"https:\/\/www.noleaky.com\/wp-content\/uploads\/2026\/02\/Check.svg\" alt=\"\" width=\"18\" height=\"15\" \/>Zni\u017euje spotrebu energie a n\u00e1klady na vykurovanie.<\/strong> \u010cist\u00fd a \u00fa\u010dinn\u00fd kotol potrebuje na dosiahnutie po\u017eadovanej teploty menej energie. Zlep\u0161en\u00edm \u00fa\u010dinnosti v\u00fdmeny tepla m\u00f4\u017ee v\u00fdrobok pom\u00f4c\u0165 zn\u00ed\u017ei\u0165 celkov\u00e9 \u00fa\u010dty za energiu.<\/p>\n<p><strong><img decoding=\"async\" style=\"margin-right: 12px;\" src=\"https:\/\/www.noleaky.com\/wp-content\/uploads\/2026\/02\/Check.svg\" alt=\"\" width=\"18\" height=\"15\" \/>Zabra\u0148uje opakovan\u00e9mu usadzovaniu vodn\u00e9ho kame\u0148a.<\/strong> Okrem odstra\u0148ovania existuj\u00facich usaden\u00edn pom\u00e1ha pr\u00edpravok upravova\u0165 vodu v syst\u00e9me, aby sa v bud\u00facnosti zn\u00ed\u017eila tvorba vodn\u00e9ho kame\u0148a, \u010d\u00edm sa zachov\u00e1va tich\u0161\u00ed v\u00fdkon v priebehu \u010dasu.<\/p>\n<p><strong><img decoding=\"async\" style=\"margin-right: 12px;\" src=\"https:\/\/www.noleaky.com\/wp-content\/uploads\/2026\/02\/Check.svg\" alt=\"\" width=\"18\" height=\"15\" \/>Jednoduch\u00e9 pou\u017e\u00edvanie bez zlo\u017eitej demont\u00e1\u017ee syst\u00e9mu.<\/strong> V\u00fdrobok je ur\u010den\u00fd pre profesion\u00e1lov aj majite\u013eov domov a mo\u017eno ho prida\u0165 priamo do vykurovacieho syst\u00e9mu bez vyp\u00fa\u0161\u0165ania vody z celej in\u0161tal\u00e1cie, v\u010faka \u010domu je \u00fadr\u017eba jednoduch\u00e1 a pohodln\u00e1.<\/p>\n<h2><strong>Pokyny<\/strong><\/h2>\n<ul>\n<li>Pred pridan\u00edm v\u00fdrobku vypnite kotol a nechajte vykurovac\u00ed syst\u00e9m vychladn\u00fa\u0165.<\/li>\n<li>N\u00e1jdite vhodn\u00fd pr\u00edstupov\u00fd bod, napr\u00edklad odvzdu\u0161\u0148ovac\u00ed ventil radi\u00e1tora, plniacu slu\u010dku alebo d\u00e1vkovac\u00ed bod syst\u00e9mu.<\/li>\n<li>Pred pou\u017eit\u00edm n\u00e1dobu dobre pretrepte.<\/li>\n<li>Odpor\u00fa\u010dan\u00fa d\u00e1vku pridajte priamo do vykurovacieho syst\u00e9mu. Pou\u017eite pribli\u017ene 500 ml pre priemern\u00fd dom\u00e1ci syst\u00e9m s objemom vody do 100 litrov. Pri v\u00e4\u010d\u0161\u00edch alebo men\u0161\u00edch syst\u00e9moch upravte \u00famerne.<\/li>\n<li>Po pridan\u00ed pr\u00edpravku v pr\u00edpade potreby obnovte tlak v syst\u00e9me a kotol op\u00e4\u0165 zapnite.<\/li>\n<li>Nechajte vykurovac\u00ed syst\u00e9m be\u017ea\u0165 pri norm\u00e1lnej prev\u00e1dzkovej teplote nieko\u013eko hod\u00edn, aby sa zabezpe\u010dila \u00fapln\u00e1 cirkul\u00e1cia v\u00fdrobku.<\/li>\n<li>V pr\u00edpade siln\u00e9ho hluku alebo siln\u00e9ho usadzovania vodn\u00e9ho kame\u0148a nechajte v\u00fdrobok cirkulova\u0165 v syst\u00e9me nieko\u013eko dn\u00ed, aby sa dosiahli optim\u00e1lne v\u00fdsledky.<\/li>\n<li>Ak je to potrebn\u00e9, po o\u0161etren\u00ed syst\u00e9m \u010diasto\u010dne vypustite a znovu napl\u0148te pod\u013ea pokynov v\u00fdrobcu.<\/li>\n<li>V r\u00e1mci prevent\u00edvnej \u00fadr\u017eby pou\u017e\u00edvajte raz ro\u010dne alebo pod\u013ea odpor\u00fa\u010dania v z\u00e1vislosti od \u00farovne tvrdosti vody redukciu hluku kotla.<\/li>\n<li>V\u00fdrobok skladujte na chladnom a suchom mieste a uchov\u00e1vajte mimo dosahu det\u00ed.<\/li>\n<\/ul>","protected":false},"excerpt":{"rendered":"<p>Eliminate disturbing boiler noises quickly and effectively. Our boiler noise reducer is specially formulated to stop knocking, banging, kettling, and circulation noises caused by limescale buildup and internal deposits. It works directly within the heating system to dissolve scale and restore smooth, quiet operation. The most effective solution for noisy central heating systems. Thanks to [&hellip;]<\/p>\n","protected":false},"featured_media":23085,"comment_status":"open","ping_status":"closed","template":"","meta":{"_uag_custom_page_level_css":"","site-sidebar-layout":"default","site-content-layout":"","ast-site-content-layout":"default","site-content-style":"default","site-sidebar-style":"default","ast-global-header-display":"","ast-banner-title-visibility":"","ast-main-header-display":"","ast-hfb-above-header-display":"","ast-hfb-below-header-display":"","ast-hfb-mobile-header-display":"","site-post-title":"","ast-breadcrumbs-content":"","ast-featured-img":"","footer-sml-layout":"","ast-disable-related-posts":"","theme-transparent-header-meta":"default","adv-header-id-meta":"","stick-header-meta":"","header-above-stick-meta":"","header-main-stick-meta":"","header-below-stick-meta":"","astra-migrate-meta-layouts":"set","ast-page-background-enabled":"default","ast-page-background-meta":{"desktop":{"background-color":"var(--ast-global-color-4)","background-image":"","background-repeat":"repeat","background-position":"center center","background-size":"auto","background-attachment":"scroll","background-type":"","background-media":"","overlay-type":"","overlay-color":"","overlay-opacity":"","overlay-gradient":""},"tablet":{"background-color":"","background-image":"","background-repeat":"repeat","background-position":"center center","background-size":"auto","background-attachment":"scroll","background-type":"","background-media":"","overlay-type":"","overlay-color":"","overlay-opacity":"","overlay-gradient":""},"mobile":{"background-color":"","background-image":"","background-repeat":"repeat","background-position":"center center","background-size":"auto","background-attachment":"scroll","background-type":"","background-media":"","overlay-type":"","overlay-color":"","overlay-opacity":"","overlay-gradient":""}},"ast-content-background-meta":{"desktop":{"background-color":"var(--ast-global-color-5)","background-image":"","background-repeat":"repeat","background-position":"center center","background-size":"auto","background-attachment":"scroll","background-type":"","background-media":"","overlay-type":"","overlay-color":"","overlay-opacity":"","overlay-gradient":""},"tablet":{"background-color":"var(--ast-global-color-5)","background-image":"","background-repeat":"repeat","background-position":"center center","background-size":"auto","background-attachment":"scroll","background-type":"","background-media":"","overlay-type":"","overlay-color":"","overlay-opacity":"","overlay-gradient":""},"mobile":{"background-color":"var(--ast-global-color-5)","background-image":"","background-repeat":"repeat","background-position":"center center","background-size":"auto","background-attachment":"scroll","background-type":"","background-media":"","overlay-type":"","overlay-color":"","overlay-opacity":"","overlay-gradient":""}}},"product_brand":[],"product_cat":[177],"product_tag":[],"class_list":{"0":"post-23018","1":"product","2":"type-product","3":"status-publish","4":"has-post-thumbnail","6":"product_cat-heating-system","7":"desktop-align-left","8":"tablet-align-left","9":"mobile-align-left","11":"first","12":"instock","13":"sale","14":"shipping-taxable","15":"purchasable","16":"product-type-variable","17":"has-default-attributes"},"spectra_custom_meta":{"_visibility":["visible"],"_shopify_product_id":["1771049615394"],"_s2w_shopify_domain":["noleaky.myshopify.com"],"_shopify_variant_id":["16277744746530"],"_manage_stock":["no"],"total_sales":["1"],"_tax_status":["taxable"],"_tax_class":[""],"_backorders":["no"],"_sold_individually":["no"],"_virtual":["no"],"_downloadable":["no"],"_download_limit":["-1"],"_download_expiry":["-1"],"_stock":[null],"_stock_status":["instock"],"_wc_average_rating":["4.92"],"_wc_review_count":["77"],"_product_attributes":["a:1:{s:6:\"volume\";a:6:{s:4:\"name\";s:6:\"Volume\";s:5:\"value\";s:30:\"1 liter | 5 liters | 25 liters\";s:8:\"position\";i:1;s:10:\"is_visible\";i:0;s:12:\"is_variation\";i:1;s:11:\"is_taxonomy\";i:0;}}"],"_product_version":["10.5.2"],"_thumbnail_id":["23085"],"_product_image_gallery":["23086"],"_edit_lock":["1772381118:1"],"_default_attributes":["a:1:{s:6:\"volume\";s:7:\"1 liter\";}"],"_price":["26.90","79.90","299.90"],"merchant-center-availability":["yes"],"merchant-center-category":["6773"],"merchant-center-id":["RB"],"_edit_last":["1"],"_wp_page_template":["default"],"site-sidebar-layout":["default"],"ast-site-content-layout":["default"],"site-content-style":["default"],"site-sidebar-style":["default"],"theme-transparent-header-meta":["default"],"_wc_rating_count":["a:2:{i:4;i:6;i:5;i:71;}"],"_upsell_ids":["a:3:{i:0;i:22980;i:1;i:23004;i:2;i:23007;}"],"_crosssell_ids":["a:3:{i:0;i:22980;i:1;i:23004;i:2;i:23007;}"],"astra-migrate-meta-layouts":["set"],"_uag_css_file_name":["uag-css-23018.css"],"_elementor_page_assets":["a:0:{}"],"_uag_page_assets":["a:9:{s:3:\"css\";s:6893:\".wp-block-uagb-image{display:flex}.wp-block-uagb-image__figure{position:relative;display:flex;flex-direction:column;max-width:100%;height:auto;margin:0}.wp-block-uagb-image__figure img{height:auto;display:flex;max-width:100%;transition:box-shadow 0.2s ease}.wp-block-uagb-image__figure>a{display:inline-block}.wp-block-uagb-image__figure figcaption{text-align:center;margin-top:0.5em;margin-bottom:1em}.wp-block-uagb-image .components-placeholder.block-editor-media-placeholder .components-placeholder__instructions{align-self:center}.wp-block-uagb-image--align-left{text-align:left}.wp-block-uagb-image--align-right{text-align:right}.wp-block-uagb-image--align-center{text-align:center}.wp-block-uagb-image--align-full .wp-block-uagb-image__figure{margin-left:calc(50% - 50vw);margin-right:calc(50% - 50vw);max-width:100vw;width:100vw;height:auto}.wp-block-uagb-image--align-full .wp-block-uagb-image__figure img{height:auto;width:100% !important}.wp-block-uagb-image--align-wide .wp-block-uagb-image__figure img{height:auto;width:100%}.wp-block-uagb-image--layout-overlay__color-wrapper{position:absolute;left:0;top:0;right:0;bottom:0;opacity:0.2;background:rgba(0,0,0,0.5);transition:opacity 0.35s ease-in-out}.wp-block-uagb-image--layout-overlay-link{position:absolute;left:0;right:0;bottom:0;top:0}.wp-block-uagb-image--layout-overlay .wp-block-uagb-image__figure:hover .wp-block-uagb-image--layout-overlay__color-wrapper{opacity:1}.wp-block-uagb-image--layout-overlay__inner{position:absolute;left:15px;right:15px;bottom:15px;top:15px;display:flex;align-items:center;justify-content:center;flex-direction:column;border-color:#fff;transition:0.35s ease-in-out}.wp-block-uagb-image--layout-overlay__inner.top-left,.wp-block-uagb-image--layout-overlay__inner.top-center,.wp-block-uagb-image--layout-overlay__inner.top-right{justify-content:flex-start}.wp-block-uagb-image--layout-overlay__inner.bottom-left,.wp-block-uagb-image--layout-overlay__inner.bottom-center,.wp-block-uagb-image--layout-overlay__inner.bottom-right{justify-content:flex-end}.wp-block-uagb-image--layout-overlay__inner.top-left,.wp-block-uagb-image--layout-overlay__inner.center-left,.wp-block-uagb-image--layout-overlay__inner.bottom-left{align-items:flex-start}.wp-block-uagb-image--layout-overlay__inner.top-right,.wp-block-uagb-image--layout-overlay__inner.center-right,.wp-block-uagb-image--layout-overlay__inner.bottom-right{align-items:flex-end}.wp-block-uagb-image--layout-overlay__inner .uagb-image-heading{color:#fff;transition:transform 0.35s, opacity 0.35s ease-in-out;transform:translate3d(0, 24px, 0);margin:0;line-height:1em}.wp-block-uagb-image--layout-overlay__inner .uagb-image-separator{width:30%;border-top-width:2px;border-top-color:#fff;border-top-style:solid;margin-bottom:10px;opacity:0;transition:transform 0.4s, opacity 0.4s ease-in-out;transform:translate3d(0, 30px, 0)}.wp-block-uagb-image--layout-overlay__inner .uagb-image-caption{opacity:0;overflow:visible;color:#fff;transition:transform 0.45s, opacity 0.45s ease-in-out;transform:translate3d(0, 35px, 0)}.wp-block-uagb-image--layout-overlay__inner:hover .uagb-image-heading,.wp-block-uagb-image--layout-overlay__inner:hover .uagb-image-separator,.wp-block-uagb-image--layout-overlay__inner:hover .uagb-image-caption{opacity:1;transform:translate3d(0, 0, 0)}.wp-block-uagb-image--effect-zoomin .wp-block-uagb-image__figure img,.wp-block-uagb-image--effect-zoomin .wp-block-uagb-image__figure .wp-block-uagb-image--layout-overlay__color-wrapper{transform:scale(1);transition:transform 0.35s ease-in-out}.wp-block-uagb-image--effect-zoomin .wp-block-uagb-image__figure:hover img,.wp-block-uagb-image--effect-zoomin .wp-block-uagb-image__figure:hover .wp-block-uagb-image--layout-overlay__color-wrapper{transform:scale(1.05)}.wp-block-uagb-image--effect-slide .wp-block-uagb-image__figure img,.wp-block-uagb-image--effect-slide .wp-block-uagb-image__figure .wp-block-uagb-image--layout-overlay__color-wrapper{width:calc(100% + 40px) !important;max-width:none !important;transform:translate3d(-40px, 0, 0);transition:transform 0.35s ease-in-out}.wp-block-uagb-image--effect-slide .wp-block-uagb-image__figure:hover img,.wp-block-uagb-image--effect-slide .wp-block-uagb-image__figure:hover .wp-block-uagb-image--layout-overlay__color-wrapper{transform:translate3d(0, 0, 0)}.wp-block-uagb-image--effect-grayscale img{filter:grayscale(0%);transition:0.35s ease-in-out}.wp-block-uagb-image--effect-grayscale:hover img{filter:grayscale(100%)}.wp-block-uagb-image--effect-blur img{filter:blur(0);transition:0.35s ease-in-out}.wp-block-uagb-image--effect-blur:hover img{filter:blur(3px)}\n.uagb-block-e6f939b3.wp-block-uagb-image--layout-default figure img{box-shadow: 0px 0px 0 #00000070;}.uagb-block-e6f939b3.wp-block-uagb-image .wp-block-uagb-image__figure figcaption{font-style: normal;align-self: center;}.uagb-block-e6f939b3.wp-block-uagb-image--layout-overlay figure img{box-shadow: 0px 0px 0 #00000070;}.uagb-block-e6f939b3.wp-block-uagb-image--layout-overlay .wp-block-uagb-image--layout-overlay__color-wrapper{opacity: 0.2;}.uagb-block-e6f939b3.wp-block-uagb-image--layout-overlay .wp-block-uagb-image--layout-overlay__inner{left: 15px;right: 15px;top: 15px;bottom: 15px;}.uagb-block-e6f939b3.wp-block-uagb-image--layout-overlay .wp-block-uagb-image--layout-overlay__inner .uagb-image-heading{font-style: normal;color: #fff;opacity: 1;}.uagb-block-e6f939b3.wp-block-uagb-image--layout-overlay .wp-block-uagb-image--layout-overlay__inner .uagb-image-heading a{color: #fff;}.uagb-block-e6f939b3.wp-block-uagb-image--layout-overlay .wp-block-uagb-image--layout-overlay__inner .uagb-image-caption{opacity: 0;}.uagb-block-e6f939b3.wp-block-uagb-image--layout-overlay .wp-block-uagb-image__figure:hover .wp-block-uagb-image--layout-overlay__color-wrapper{opacity: 1;}.uagb-block-e6f939b3.wp-block-uagb-image .wp-block-uagb-image--layout-overlay__inner .uagb-image-separator{width: 30%;border-top-width: 2px;border-top-color: #fff;opacity: 0;}.uagb-block-e6f939b3.wp-block-uagb-image .wp-block-uagb-image__figure img{width: px;height: auto;}.uagb-block-e6f939b3.wp-block-uagb-image .wp-block-uagb-image__figure:hover .wp-block-uagb-image--layout-overlay__inner .uagb-image-caption{opacity: 1;}.uagb-block-e6f939b3.wp-block-uagb-image .wp-block-uagb-image__figure:hover .wp-block-uagb-image--layout-overlay__inner .uagb-image-separator{opacity: 1;}.uagb-block-e6f939b3.wp-block-uagb-image--layout-default figure:hover img{box-shadow: 0px 0px 0 #00000070;}.uagb-block-e6f939b3.wp-block-uagb-image--layout-overlay figure:hover img{box-shadow: 0px 0px 0 #00000070;}@media only screen and (max-width: 976px) {.uagb-block-e6f939b3.wp-block-uagb-image .wp-block-uagb-image__figure img{width: px;height: auto;}}@media only screen and (max-width: 767px) {.uagb-block-e6f939b3.wp-block-uagb-image .wp-block-uagb-image__figure img{width: px;height: auto;}}\";s:2:\"js\";s:0:\"\";s:18:\"current_block_list\";a:13:{i:0;s:11:\"core\/search\";i:1;s:10:\"core\/group\";i:2;s:12:\"core\/heading\";i:3;s:17:\"core\/latest-posts\";i:4;s:20:\"core\/latest-comments\";i:5;s:13:\"core\/archives\";i:6;s:15:\"core\/categories\";i:7;s:14:\"core\/paragraph\";i:8;s:10:\"uagb\/image\";i:9;s:11:\"core\/spacer\";i:10;s:30:\"woocommerce\/product-categories\";i:11;s:10:\"core\/image\";i:12;s:14:\"core\/shortcode\";}s:8:\"uag_flag\";b:1;s:11:\"uag_version\";s:10:\"1776759368\";s:6:\"gfonts\";a:0:{}s:10:\"gfonts_url\";s:0:\"\";s:12:\"gfonts_files\";a:0:{}s:14:\"uag_faq_layout\";b:0;}"]},"uagb_featured_image_src":{"full":["https:\/\/www.noleaky.com\/wp-content\/uploads\/2025\/06\/Noise_Reducer_5l.jpg",2560,2560,false],"thumbnail":["https:\/\/www.noleaky.com\/wp-content\/uploads\/2025\/06\/Noise_Reducer_5l-150x150.jpg",150,150,true],"medium":["https:\/\/www.noleaky.com\/wp-content\/uploads\/2025\/06\/Noise_Reducer_5l-300x300.jpg",300,300,true],"medium_large":["https:\/\/www.noleaky.com\/wp-content\/uploads\/2025\/06\/Noise_Reducer_5l-768x768.jpg",768,768,true],"large":["https:\/\/www.noleaky.com\/wp-content\/uploads\/2025\/06\/Noise_Reducer_5l-1024x1024.jpg",1024,1024,true],"1536x1536":["https:\/\/www.noleaky.com\/wp-content\/uploads\/2025\/06\/Noise_Reducer_5l-1536x1536.jpg",1536,1536,true],"2048x2048":["https:\/\/www.noleaky.com\/wp-content\/uploads\/2025\/06\/Noise_Reducer_5l-2048x2048.jpg",2048,2048,true],"trp-custom-language-flag":["https:\/\/www.noleaky.com\/wp-content\/uploads\/2025\/06\/Noise_Reducer_5l-12x12.jpg",12,12,true],"woocommerce_thumbnail":["https:\/\/www.noleaky.com\/wp-content\/uploads\/2025\/06\/Noise_Reducer_5l-300x300.jpg",300,300,true],"woocommerce_single":["https:\/\/www.noleaky.com\/wp-content\/uploads\/2025\/06\/Noise_Reducer_5l-600x600.jpg",600,600,true],"woocommerce_gallery_thumbnail":["https:\/\/www.noleaky.com\/wp-content\/uploads\/2025\/06\/Noise_Reducer_5l-100x100.jpg",100,100,true]},"uagb_author_info":{"display_name":"admin","author_link":"https:\/\/www.noleaky.com\/sk\/author\/"},"uagb_comment_info":77,"uagb_excerpt":"Eliminate disturbing boiler noises quickly and effectively. Our boiler noise reducer is specially formulated to stop knocking, banging, kettling, and circulation noises caused by limescale buildup and internal deposits. It works directly within the heating system to dissolve scale and restore smooth, quiet operation. The most effective solution for noisy central heating systems. Thanks to&hellip;","_links":{"self":[{"href":"https:\/\/www.noleaky.com\/sk\/wp-json\/wp\/v2\/product\/23018","targetHints":{"allow":["GET"]}}],"collection":[{"href":"https:\/\/www.noleaky.com\/sk\/wp-json\/wp\/v2\/product"}],"about":[{"href":"https:\/\/www.noleaky.com\/sk\/wp-json\/wp\/v2\/types\/product"}],"replies":[{"embeddable":true,"href":"https:\/\/www.noleaky.com\/sk\/wp-json\/wp\/v2\/comments?post=23018"}],"version-history":[{"count":5,"href":"https:\/\/www.noleaky.com\/sk\/wp-json\/wp\/v2\/product\/23018\/revisions"}],"predecessor-version":[{"id":33296,"href":"https:\/\/www.noleaky.com\/sk\/wp-json\/wp\/v2\/product\/23018\/revisions\/33296"}],"wp:featuredmedia":[{"embeddable":true,"href":"https:\/\/www.noleaky.com\/sk\/wp-json\/wp\/v2\/media\/23085"}],"wp:attachment":[{"href":"https:\/\/www.noleaky.com\/sk\/wp-json\/wp\/v2\/media?parent=23018"}],"wp:term":[{"taxonomy":"product_brand","embeddable":true,"href":"https:\/\/www.noleaky.com\/sk\/wp-json\/wp\/v2\/product_brand?post=23018"},{"taxonomy":"product_cat","embeddable":true,"href":"https:\/\/www.noleaky.com\/sk\/wp-json\/wp\/v2\/product_cat?post=23018"},{"taxonomy":"product_tag","embeddable":true,"href":"https:\/\/www.noleaky.com\/sk\/wp-json\/wp\/v2\/product_tag?post=23018"}],"curies":[{"name":"wp","href":"https:\/\/api.w.org\/{rel}","templated":true}]}}