{"id":23011,"date":"2025-06-02T15:49:15","date_gmt":"2025-06-02T13:49:15","guid":{"rendered":"https:\/\/www.noleaky.com\/products\/injector-cleaner\/"},"modified":"2026-03-01T14:46:25","modified_gmt":"2026-03-01T13:46:25","slug":"injector-cleaner","status":"publish","type":"product","link":"https:\/\/www.noleaky.com\/sk\/products\/injector-cleaner\/","title":{"rendered":"\u010cisti\u010d vstrekova\u010dov"},"content":{"rendered":"<p><strong><img decoding=\"async\" style=\"margin-right: 12px;\" src=\"https:\/\/www.noleaky.com\/wp-content\/uploads\/2026\/02\/Check.svg\" alt=\"\" width=\"18\" height=\"15\" \/>Okam\u017eite obnovuje v\u00fdkon vstrekova\u010dov a \u00fa\u010dinnos\u0165 motora.<\/strong> N\u00e1\u0161 \u010disti\u010d vstrekova\u010dov je \u0161peci\u00e1lne vyvinut\u00fd na odstra\u0148ovanie karb\u00f3nov\u00fdch usaden\u00edn, laku a zvy\u0161kov paliva, ktor\u00e9 sa \u010dasom hromadia vo vstrekova\u010doch. \u010cisten\u00edm a obnoven\u00edm spr\u00e1vneho rozstreku pom\u00e1ha zlep\u0161i\u0165 kvalitu spa\u013eovania, \u010do vedie k plynulej\u0161ej akceler\u00e1cii, lep\u0161ej odozve a stabilnej\u0161ej prev\u00e1dzke motora.<\/p>\n<p><strong><img decoding=\"async\" style=\"margin-right: 12px;\" src=\"https:\/\/www.noleaky.com\/wp-content\/uploads\/2026\/02\/Check.svg\" alt=\"\" width=\"18\" height=\"15\" \/>Naj\u00fa\u010dinnej\u0161\u00ed dostupn\u00fd pr\u00edpravok na \u010distenie vstrekova\u010dov.<\/strong> V\u010faka pokro\u010dilej technol\u00f3gii \u010distiaceho prostriedku ide o naj\u00fa\u010dinnej\u0161\u00ed \u010disti\u010d vstrekova\u010dov vo svojej kateg\u00f3rii. Prenik\u00e1 hlboko do vstrekovac\u00edch trysiek a vn\u00fatorn\u00fdch palivov\u00fdch kan\u00e1lov a rozp\u00fa\u0161\u0165a odoln\u00e9 usadeniny, ktor\u00e9 be\u017en\u00e9 adit\u00edva nedok\u00e1\u017eu odstr\u00e1ni\u0165. V\u00fdsledkom je v\u00fdrazn\u00e9 zlep\u0161enie plynulosti motora a zn\u00ed\u017eenie v\u00e1hania.<\/p>\n<p><strong><img decoding=\"async\" style=\"margin-right: 12px;\" src=\"https:\/\/www.noleaky.com\/wp-content\/uploads\/2026\/02\/Check.svg\" alt=\"\" width=\"18\" height=\"15\" \/>Najlacnej\u0161\u00ed profesion\u00e1lny pr\u00edpravok na o\u0161etrenie vstrekova\u010dov na trhu.<\/strong> Pon\u00fakame prvotriedny \u010distiaci v\u00fdkon za najv\u00fdhodnej\u0161iu cenu. N\u00e1\u0161 \u010disti\u010d vstrekova\u010dov je najlacnej\u0161ie dostupn\u00e9 vysokokvalitn\u00e9 rie\u0161enie, ktor\u00e9 poskytuje v\u00fdsledky na \u00farovni dielne bez n\u00e1kladn\u00fdch servisn\u00fdch n\u00e1kladov spojen\u00fdch s profesion\u00e1lnym \u010disten\u00edm palivov\u00e9ho syst\u00e9mu.<\/p>\n<p><strong><img decoding=\"async\" style=\"margin-right: 12px;\" src=\"https:\/\/www.noleaky.com\/wp-content\/uploads\/2026\/02\/Check.svg\" alt=\"\" width=\"18\" height=\"15\" \/>Garantovan\u00e9 dodanie do 24 hod\u00edn pre okam\u017eit\u00fa starostlivos\u0165 o motor.<\/strong> Probl\u00e9my s palivov\u00fdm syst\u00e9mom m\u00f4\u017eu r\u00fdchlo ovplyvni\u0165 v\u00fdkon a spotrebu paliva. Preto garantujeme dod\u00e1vku 24 hod\u00edn denne, aby ste mohli svoje vozidlo okam\u017eite o\u0161etri\u0165 a zabr\u00e1ni\u0165 \u010fal\u0161iemu hromadeniu alebo neefekt\u00edvnosti.<\/p>\n<p><strong><img decoding=\"async\" style=\"margin-right: 12px;\" src=\"https:\/\/www.noleaky.com\/wp-content\/uploads\/2026\/02\/Check.svg\" alt=\"\" width=\"18\" height=\"15\" \/>Z\u00e1ruka vr\u00e1tenia pe\u0148az\u00ed pre \u00fapln\u00fa istotu.<\/strong> Za kvalitou a \u00fa\u010dinnos\u0165ou n\u00e1\u0161ho \u010disti\u010da vstrekova\u010dov si stoj\u00edme. Ak nebudete spokojn\u00ed s v\u00fdsledkami, pon\u00fakame z\u00e1ruku vr\u00e1tenia pe\u0148az\u00ed. Jednoducho n\u00e1s kontaktujte a my v\u00e1m vr\u00e1time peniaze za n\u00e1kup, tak\u017ee va\u0161a invest\u00edcia bude \u00faplne bez rizika.<\/p>\n<p><strong><img decoding=\"async\" style=\"margin-right: 12px;\" src=\"https:\/\/www.noleaky.com\/wp-content\/uploads\/2026\/02\/Check.svg\" alt=\"\" width=\"18\" height=\"15\" \/>Zvy\u0161uje \u00fa\u010dinnos\u0165 paliva a zni\u017euje spotrebu.<\/strong> Zne\u010disten\u00e9 vstrekova\u010de m\u00f4\u017eu naru\u0161i\u0165 rozpra\u0161ovanie paliva, \u010do vedie k ne\u00fapln\u00e9mu spa\u013eovaniu a zv\u00fd\u0161enej spotrebe paliva. Obnoven\u00edm optim\u00e1lneho rozstrekovania pom\u00e1ha n\u00e1\u0161 \u010disti\u010d vstrekova\u010dov spa\u013eova\u0165 palivo efekt\u00edvnej\u0161ie, \u010d\u00edm potenci\u00e1lne zni\u017euje spotrebu paliva a zni\u017euje emisie.<\/p>\n<p><strong><img decoding=\"async\" style=\"margin-right: 12px;\" src=\"https:\/\/www.noleaky.com\/wp-content\/uploads\/2026\/02\/Check.svg\" alt=\"\" width=\"18\" height=\"15\" \/>Zvy\u0161uje v\u00fdkon motora a reakciu na plyn.<\/strong> \u010cist\u00e9 vstrekova\u010de dod\u00e1vaj\u00fa palivo rovnomerne a presne, \u010do umo\u017e\u0148uje motoru r\u00fdchlej\u0161ie reagova\u0165 na po\u017eiadavky zr\u00fdchlenia. Vodi\u010di po o\u0161etren\u00ed \u010dasto poci\u0165uj\u00fa plynulej\u0161\u00ed vo\u013enobeh, lep\u0161\u00ed priebeh v\u00fdkonu a zn\u00ed\u017eenie vibr\u00e1ci\u00ed motora.<\/p>\n<p><strong><img decoding=\"async\" style=\"margin-right: 12px;\" src=\"https:\/\/www.noleaky.com\/wp-content\/uploads\/2026\/02\/Check.svg\" alt=\"\" width=\"18\" height=\"15\" \/>Zni\u017euje emisie v\u00fdfukov\u00fdch plynov a usadeniny v motore.<\/strong> Podporou \u010distej\u0161ieho spa\u013eovania pom\u00e1ha \u010disti\u010d vstrekova\u010dov zni\u017eova\u0165 mno\u017estvo nesp\u00e1len\u00fdch zvy\u0161kov paliva a n\u00e1nosy uhl\u00edka v spa\u013eovacej komore, \u010d\u00edm prispieva k ni\u017e\u0161\u00edm emisi\u00e1m v\u00fdfukov\u00fdch plynov a celkovo \u010distej\u0161iemu motoru.<\/p>\n<p><strong><img decoding=\"async\" style=\"margin-right: 12px;\" src=\"https:\/\/www.noleaky.com\/wp-content\/uploads\/2026\/02\/Check.svg\" alt=\"\" width=\"18\" height=\"15\" \/>Kompatibiln\u00fd s benz\u00ednov\u00fdmi a naftov\u00fdmi motormi.<\/strong> N\u00e1\u0161 univerz\u00e1lny \u010disti\u010d vstrekova\u010dov je vhodn\u00fd pre v\u00e4\u010d\u0161inu modern\u00fdch benz\u00ednov\u00fdch a dieselov\u00fdch motorov vr\u00e1tane syst\u00e9mov priameho vstrekovania, ak sa pou\u017e\u00edva pod\u013ea odpor\u00fa\u010dan\u00ed v\u00fdrobcu.<\/p>\n<p><strong><img decoding=\"async\" style=\"margin-right: 12px;\" src=\"https:\/\/www.noleaky.com\/wp-content\/uploads\/2026\/02\/Check.svg\" alt=\"\" width=\"18\" height=\"15\" \/>Vysok\u00e1 kapacita o\u0161etrenia s vynikaj\u00facim pokryt\u00edm.<\/strong> Jedna f\u013ea\u0161a je ur\u010den\u00e1 na o\u0161etrenie plnej n\u00e1dr\u017ee paliva, \u010d\u00edm sa zabezpe\u010d\u00ed \u00fapln\u00e1 distrib\u00facia v celom palivovom syst\u00e9me a optim\u00e1lny \u010distiaci \u00fa\u010dinok od n\u00e1dr\u017ee a\u017e po spa\u013eovaciu komoru.<\/p>\n<h2><strong>Pokyny<\/strong><\/h2>\n<ul>\n<li>Pred pou\u017eit\u00edm f\u013ea\u0161u dobre pretrepte.<\/li>\n<li>Pred doplnen\u00edm paliva pridajte cel\u00fd obsah \u010disti\u010da vstrekova\u010dov priamo do palivovej n\u00e1dr\u017ee.<\/li>\n<li>Odpor\u00fa\u010dan\u00e9 d\u00e1vkovanie je jedna f\u013ea\u0161a na 40 a\u017e 60 litrov paliva. Upravte proporcion\u00e1lne v z\u00e1vislosti od objemu n\u00e1dr\u017ee.<\/li>\n<li>N\u00e1dr\u017e napl\u0148te palivom ihne\u010f po pridan\u00ed v\u00fdrobku, aby ste zabezpe\u010dili jeho spr\u00e1vne premie\u0161anie.<\/li>\n<li>Jazdite norm\u00e1lne, aby o\u0161etren\u00e9 palivo mohlo cirkulova\u0165 cez vstrekova\u010de a cel\u00fd palivov\u00fd syst\u00e9m.<\/li>\n<li>Najlep\u0161ie v\u00fdsledky dosiahnete, ak ho budete pou\u017e\u00edva\u0165 ka\u017ed\u00fdch 3 000 a\u017e 5 000 kilometrov alebo v pravideln\u00fdch servisn\u00fdch intervaloch.<\/li>\n<li>Pri vozidl\u00e1ch, ktor\u00e9 maj\u00fa v\u00fdrazn\u00e9 probl\u00e9my s v\u00fdkonom, sa m\u00f4\u017ee pou\u017ei\u0165 druh\u00e9 o\u0161etrenie pri \u010fal\u0161ej plnej n\u00e1dr\u017ei.<\/li>\n<li>Neprekra\u010dujte odpor\u00fa\u010dan\u00e9 d\u00e1vkovanie.<\/li>\n<li>Vhodn\u00e9 na pravideln\u00fa prevent\u00edvnu \u00fadr\u017ebu, ako aj na opravn\u00e9 \u010distenie.<\/li>\n<li>V\u00fdrobok skladujte na chladnom a suchom mieste mimo dosahu priameho slne\u010dn\u00e9ho svetla.<\/li>\n<\/ul>","protected":false},"excerpt":{"rendered":"<p>Restores injector performance and engine efficiency instantly. Our injector cleaner is specially formulated to remove carbon deposits, varnish, and fuel residues that accumulate inside fuel injectors over time. By cleaning and restoring proper spray patterns, it helps improve combustion quality, resulting in smoother acceleration, improved responsiveness, and more stable engine operation. The most effective injector [&hellip;]<\/p>\n","protected":false},"featured_media":23080,"comment_status":"open","ping_status":"closed","template":"","meta":{"_uag_custom_page_level_css":"","site-sidebar-layout":"default","site-content-layout":"","ast-site-content-layout":"default","site-content-style":"default","site-sidebar-style":"default","ast-global-header-display":"","ast-banner-title-visibility":"","ast-main-header-display":"","ast-hfb-above-header-display":"","ast-hfb-below-header-display":"","ast-hfb-mobile-header-display":"","site-post-title":"","ast-breadcrumbs-content":"","ast-featured-img":"","footer-sml-layout":"","ast-disable-related-posts":"","theme-transparent-header-meta":"default","adv-header-id-meta":"","stick-header-meta":"","header-above-stick-meta":"","header-main-stick-meta":"","header-below-stick-meta":"","astra-migrate-meta-layouts":"set","ast-page-background-enabled":"default","ast-page-background-meta":{"desktop":{"background-color":"var(--ast-global-color-4)","background-image":"","background-repeat":"repeat","background-position":"center center","background-size":"auto","background-attachment":"scroll","background-type":"","background-media":"","overlay-type":"","overlay-color":"","overlay-opacity":"","overlay-gradient":""},"tablet":{"background-color":"","background-image":"","background-repeat":"repeat","background-position":"center center","background-size":"auto","background-attachment":"scroll","background-type":"","background-media":"","overlay-type":"","overlay-color":"","overlay-opacity":"","overlay-gradient":""},"mobile":{"background-color":"","background-image":"","background-repeat":"repeat","background-position":"center center","background-size":"auto","background-attachment":"scroll","background-type":"","background-media":"","overlay-type":"","overlay-color":"","overlay-opacity":"","overlay-gradient":""}},"ast-content-background-meta":{"desktop":{"background-color":"var(--ast-global-color-5)","background-image":"","background-repeat":"repeat","background-position":"center center","background-size":"auto","background-attachment":"scroll","background-type":"","background-media":"","overlay-type":"","overlay-color":"","overlay-opacity":"","overlay-gradient":""},"tablet":{"background-color":"var(--ast-global-color-5)","background-image":"","background-repeat":"repeat","background-position":"center center","background-size":"auto","background-attachment":"scroll","background-type":"","background-media":"","overlay-type":"","overlay-color":"","overlay-opacity":"","overlay-gradient":""},"mobile":{"background-color":"var(--ast-global-color-5)","background-image":"","background-repeat":"repeat","background-position":"center center","background-size":"auto","background-attachment":"scroll","background-type":"","background-media":"","overlay-type":"","overlay-color":"","overlay-opacity":"","overlay-gradient":""}}},"product_brand":[],"product_cat":[176],"product_tag":[],"class_list":{"0":"post-23011","1":"product","2":"type-product","3":"status-publish","4":"has-post-thumbnail","6":"product_cat-automotive","7":"desktop-align-left","8":"tablet-align-left","9":"mobile-align-left","11":"first","12":"instock","13":"shipping-taxable","14":"purchasable","15":"product-type-simple"},"spectra_custom_meta":{"_visibility":["visible"],"_shopify_product_id":["7960307794140"],"_s2w_shopify_domain":["noleaky.myshopify.com"],"_shopify_variant_id":["43735169171676"],"_sku":["NLINJECTORCLEANER"],"_regular_price":["29.90"],"_price":["29.90"],"_sale_price":[""],"_weight":["0.35"],"_thumbnail_id":["23080"],"_global_unique_id":["5056773800823"],"total_sales":["25"],"_tax_status":["taxable"],"_tax_class":[""],"_manage_stock":["no"],"_backorders":["no"],"_sold_individually":["no"],"_virtual":["no"],"_downloadable":["no"],"_download_limit":["-1"],"_download_expiry":["-1"],"_stock":[null],"_stock_status":["instock"],"_wc_average_rating":["4.93"],"_wc_review_count":["76"],"_product_version":["10.5.2"],"_edit_lock":["1772372729:1"],"merchant-center-availability":["yes"],"merchant-center-category":["2788"],"merchant-center-id":["INJECTORCLEANER"],"_edit_last":["1"],"_wp_page_template":["default"],"site-sidebar-layout":["default"],"ast-site-content-layout":["default"],"site-content-style":["default"],"site-sidebar-style":["default"],"theme-transparent-header-meta":["default"],"_wc_rating_count":["a:2:{i:4;i:5;i:5;i:71;}"],"_upsell_ids":["a:3:{i:0;i:22975;i:1;i:22985;i:2;i:23025;}"],"_crosssell_ids":["a:3:{i:0;i:22975;i:1;i:22985;i:2;i:23025;}"],"astra-migrate-meta-layouts":["set"],"_uag_css_file_name":["uag-css-23011.css"],"_elementor_page_assets":["a:0:{}"]},"uagb_featured_image_src":{"full":["https:\/\/www.noleaky.com\/wp-content\/uploads\/2025\/06\/2.h.Injector-Cleaner_4000x4000_31d43540-c40d-4df5-895e-ea3ec8828cfb.png",2560,2560,false],"thumbnail":["https:\/\/www.noleaky.com\/wp-content\/uploads\/2025\/06\/2.h.Injector-Cleaner_4000x4000_31d43540-c40d-4df5-895e-ea3ec8828cfb-150x150.png",150,150,true],"medium":["https:\/\/www.noleaky.com\/wp-content\/uploads\/2025\/06\/2.h.Injector-Cleaner_4000x4000_31d43540-c40d-4df5-895e-ea3ec8828cfb-300x300.png",300,300,true],"medium_large":["https:\/\/www.noleaky.com\/wp-content\/uploads\/2025\/06\/2.h.Injector-Cleaner_4000x4000_31d43540-c40d-4df5-895e-ea3ec8828cfb-768x768.png",768,768,true],"large":["https:\/\/www.noleaky.com\/wp-content\/uploads\/2025\/06\/2.h.Injector-Cleaner_4000x4000_31d43540-c40d-4df5-895e-ea3ec8828cfb-1024x1024.png",1024,1024,true],"1536x1536":["https:\/\/www.noleaky.com\/wp-content\/uploads\/2025\/06\/2.h.Injector-Cleaner_4000x4000_31d43540-c40d-4df5-895e-ea3ec8828cfb-1536x1536.png",1536,1536,true],"2048x2048":["https:\/\/www.noleaky.com\/wp-content\/uploads\/2025\/06\/2.h.Injector-Cleaner_4000x4000_31d43540-c40d-4df5-895e-ea3ec8828cfb-2048x2048.png",2048,2048,true],"trp-custom-language-flag":["https:\/\/www.noleaky.com\/wp-content\/uploads\/2025\/06\/2.h.Injector-Cleaner_4000x4000_31d43540-c40d-4df5-895e-ea3ec8828cfb-12x12.png",12,12,true],"woocommerce_thumbnail":["https:\/\/www.noleaky.com\/wp-content\/uploads\/2025\/06\/2.h.Injector-Cleaner_4000x4000_31d43540-c40d-4df5-895e-ea3ec8828cfb-300x300.png",300,300,true],"woocommerce_single":["https:\/\/www.noleaky.com\/wp-content\/uploads\/2025\/06\/2.h.Injector-Cleaner_4000x4000_31d43540-c40d-4df5-895e-ea3ec8828cfb-600x600.png",600,600,true],"woocommerce_gallery_thumbnail":["https:\/\/www.noleaky.com\/wp-content\/uploads\/2025\/06\/2.h.Injector-Cleaner_4000x4000_31d43540-c40d-4df5-895e-ea3ec8828cfb-100x100.png",100,100,true]},"uagb_author_info":{"display_name":"admin","author_link":"https:\/\/www.noleaky.com\/sk\/author\/"},"uagb_comment_info":76,"uagb_excerpt":"Restores injector performance and engine efficiency instantly. Our injector cleaner is specially formulated to remove carbon deposits, varnish, and fuel residues that accumulate inside fuel injectors over time. By cleaning and restoring proper spray patterns, it helps improve combustion quality, resulting in smoother acceleration, improved responsiveness, and more stable engine operation. The most effective injector&hellip;","_links":{"self":[{"href":"https:\/\/www.noleaky.com\/sk\/wp-json\/wp\/v2\/product\/23011","targetHints":{"allow":["GET"]}}],"collection":[{"href":"https:\/\/www.noleaky.com\/sk\/wp-json\/wp\/v2\/product"}],"about":[{"href":"https:\/\/www.noleaky.com\/sk\/wp-json\/wp\/v2\/types\/product"}],"replies":[{"embeddable":true,"href":"https:\/\/www.noleaky.com\/sk\/wp-json\/wp\/v2\/comments?post=23011"}],"version-history":[{"count":4,"href":"https:\/\/www.noleaky.com\/sk\/wp-json\/wp\/v2\/product\/23011\/revisions"}],"predecessor-version":[{"id":33268,"href":"https:\/\/www.noleaky.com\/sk\/wp-json\/wp\/v2\/product\/23011\/revisions\/33268"}],"wp:featuredmedia":[{"embeddable":true,"href":"https:\/\/www.noleaky.com\/sk\/wp-json\/wp\/v2\/media\/23080"}],"wp:attachment":[{"href":"https:\/\/www.noleaky.com\/sk\/wp-json\/wp\/v2\/media?parent=23011"}],"wp:term":[{"taxonomy":"product_brand","embeddable":true,"href":"https:\/\/www.noleaky.com\/sk\/wp-json\/wp\/v2\/product_brand?post=23011"},{"taxonomy":"product_cat","embeddable":true,"href":"https:\/\/www.noleaky.com\/sk\/wp-json\/wp\/v2\/product_cat?post=23011"},{"taxonomy":"product_tag","embeddable":true,"href":"https:\/\/www.noleaky.com\/sk\/wp-json\/wp\/v2\/product_tag?post=23011"}],"curies":[{"name":"wp","href":"https:\/\/api.w.org\/{rel}","templated":true}]}}