{"id":23007,"date":"2025-06-02T15:49:14","date_gmt":"2025-06-02T13:49:14","guid":{"rendered":"https:\/\/www.noleaky.com\/products\/inhibitor\/"},"modified":"2026-03-01T14:48:22","modified_gmt":"2026-03-01T13:48:22","slug":"inhibitor","status":"publish","type":"product","link":"https:\/\/www.noleaky.com\/sk\/products\/inhibitor\/","title":{"rendered":"Inhib\u00edtor"},"content":{"rendered":"<p><strong><img decoding=\"async\" style=\"margin-right: 12px;\" src=\"https:\/\/www.noleaky.com\/wp-content\/uploads\/2026\/02\/Check.svg\" alt=\"\" width=\"18\" height=\"15\" \/>Chr\u00e1ni v\u00e1\u0161 vykurovac\u00ed syst\u00e9m pred kor\u00f3ziou a vn\u00fatorn\u00fdm po\u0161koden\u00edm.<\/strong> N\u00e1\u0161 inhib\u00edtor kotlov je \u0161peci\u00e1lne vyvinut\u00fd na ochranu syst\u00e9mov \u00fastredn\u00e9ho k\u00farenia pred kor\u00f3ziou, tvorbou vodn\u00e9ho kame\u0148a a usadzovan\u00edm kalu. Cirkuluje v celom syst\u00e9me a vytv\u00e1ra ochrann\u00fa bari\u00e9ru na vn\u00fatorn\u00fdch kovov\u00fdch povrchoch, \u010d\u00edm zabra\u0148uje znehodnoteniu a predl\u017euje \u017eivotnos\u0165 v\u00e1\u0161ho kotla a radi\u00e1torov.<\/p>\n<p><strong><img decoding=\"async\" style=\"margin-right: 12px;\" src=\"https:\/\/www.noleaky.com\/wp-content\/uploads\/2026\/02\/Check.svg\" alt=\"\" width=\"18\" height=\"15\" \/>Naj\u00fa\u010dinnej\u0161ia dlhodob\u00e1 ochrana kotlov a vykurovac\u00edch syst\u00e9mov.<\/strong> V\u010faka svojmu pokro\u010dil\u00e9mu viaczlo\u017ekov\u00e9mu zlo\u017eeniu je to naj\u00fa\u010dinnej\u0161\u00ed dostupn\u00fd inhib\u00edtor kotlov. Akt\u00edvne zabra\u0148uje tvorbe hrdze, vodn\u00e9ho kame\u0148a a magnetitov\u00e9ho kalu, \u010d\u00edm zabezpe\u010duje optim\u00e1lnu \u00fa\u010dinnos\u0165 syst\u00e9mu a zni\u017euje riziko por\u00fach alebo n\u00e1kladn\u00fdch opr\u00e1v.<\/p>\n<p><strong><img decoding=\"async\" style=\"margin-right: 12px;\" src=\"https:\/\/www.noleaky.com\/wp-content\/uploads\/2026\/02\/Check.svg\" alt=\"\" width=\"18\" height=\"15\" \/>Najlacnej\u0161\u00ed profesion\u00e1lny inhib\u00edtor na trhu.<\/strong> Poskytujeme vysoko\u00fa\u010dinn\u00fa ochranu vykurovacieho syst\u00e9mu za najv\u00fdhodnej\u0161iu cenu. N\u00e1\u0161 inhib\u00edtor kotlov je najlacnej\u0161\u00edm rie\u0161en\u00edm vo svojej kateg\u00f3rii bez kompromisov v kvalite, tak\u017ee je ide\u00e1lny pre majite\u013eov domov, in\u0161talat\u00e9rov a odborn\u00edkov na \u00fadr\u017ebu.<\/p>\n<p><strong><img decoding=\"async\" style=\"margin-right: 12px;\" src=\"https:\/\/www.noleaky.com\/wp-content\/uploads\/2026\/02\/Check.svg\" alt=\"\" width=\"18\" height=\"15\" \/>Garantovan\u00e9 dodanie do 24 hod\u00edn pre naliehav\u00fa ochranu syst\u00e9mu.<\/strong> Vykurovacie syst\u00e9my si vy\u017eaduj\u00fa r\u00fdchlu \u00fadr\u017ebu, najm\u00e4 pred zimou. Preto garantujeme dod\u00e1vku 24 hod\u00edn denne, \u010do v\u00e1m umo\u017en\u00ed r\u00fdchlo ochr\u00e1ni\u0165 v\u00e1\u0161 kotol a vyhn\u00fa\u0165 sa neo\u010dak\u00e1van\u00fdm probl\u00e9mom s v\u00fdkonom.<\/p>\n<p><strong><img decoding=\"async\" style=\"margin-right: 12px;\" src=\"https:\/\/www.noleaky.com\/wp-content\/uploads\/2026\/02\/Check.svg\" alt=\"\" width=\"18\" height=\"15\" \/>Z\u00e1ruka vr\u00e1tenia pe\u0148az\u00ed pre \u00fapln\u00fd pokoj.<\/strong> Za \u00fa\u010dinnos\u0165ou n\u00e1\u0161ho inhib\u00edtora kotlov si plne stoj\u00edme. Ak nebudete s v\u00fdsledkami spokojn\u00ed, pon\u00fakame z\u00e1ruku vr\u00e1tenia pe\u0148az\u00ed. Jednoducho n\u00e1s kontaktujte a my v\u00e1m vr\u00e1time peniaze za n\u00e1kup, \u010d\u00edm v\u00e1m zabezpe\u010d\u00edme invest\u00edciu \u00faplne bez rizika.<\/p>\n<p><strong><img decoding=\"async\" style=\"margin-right: 12px;\" src=\"https:\/\/www.noleaky.com\/wp-content\/uploads\/2026\/02\/Check.svg\" alt=\"\" width=\"18\" height=\"15\" \/>Zabra\u0148uje usadzovaniu kalu a zablokovaniu radi\u00e1torov.<\/strong> V neupraven\u00fdch syst\u00e9moch sa \u010dasom m\u00f4\u017ee hromadi\u0165 kal, ktor\u00fd obmedzuje cirkul\u00e1ciu vody a zni\u017euje tepeln\u00fd v\u00fdkon. N\u00e1\u0161 inhib\u00edtor zabra\u0148uje tvorbe kalu, udr\u017eiava spr\u00e1vny prietok a zabezpe\u010duje rovnomern\u00fa distrib\u00faciu tepla v celom dome.<\/p>\n<p><strong><img decoding=\"async\" style=\"margin-right: 12px;\" src=\"https:\/\/www.noleaky.com\/wp-content\/uploads\/2026\/02\/Check.svg\" alt=\"\" width=\"18\" height=\"15\" \/>Zni\u017euje spotrebu energie a zvy\u0161uje \u00fa\u010dinnos\u0165.<\/strong> T\u00fdm, \u017ee v\u00fdrobok zabra\u0148uje usadzovaniu vodn\u00e9ho kame\u0148a a kor\u00f3zie na izola\u010dn\u00fdch teplov\u00fdmenn\u00fdch ploch\u00e1ch, pom\u00e1ha efekt\u00edvnej\u0161ej prev\u00e1dzke v\u00e1\u0161ho kotla. Zlep\u0161en\u00fd prenos tepla zni\u017euje straty energie a m\u00f4\u017ee pom\u00f4c\u0165 zn\u00ed\u017ei\u0165 n\u00e1klady na vykurovanie.<\/p>\n<p><strong><img decoding=\"async\" style=\"margin-right: 12px;\" src=\"https:\/\/www.noleaky.com\/wp-content\/uploads\/2026\/02\/Check.svg\" alt=\"\" width=\"18\" height=\"15\" \/>Kompatibiln\u00fd s v\u00e4\u010d\u0161inou syst\u00e9mov \u00fastredn\u00e9ho k\u00farenia.<\/strong> Vhodn\u00e9 na pou\u017eitie v uzavret\u00fdch a otvoren\u00fdch odvetr\u00e1van\u00fdch syst\u00e9moch vr\u00e1tane syst\u00e9mov s hlin\u00edkov\u00fdmi, oce\u013eov\u00fdmi, meden\u00fdmi a mosadzn\u00fdmi komponentmi, ak sa pou\u017e\u00edvaj\u00fa pod\u013ea odpor\u00fa\u010dan\u00ed v\u00fdrobcu.<\/p>\n<p><strong><img decoding=\"async\" style=\"margin-right: 12px;\" src=\"https:\/\/www.noleaky.com\/wp-content\/uploads\/2026\/02\/Check.svg\" alt=\"\" width=\"18\" height=\"15\" \/>Predl\u017euje \u017eivotnos\u0165 kotlov a radi\u00e1torov.<\/strong> Kor\u00f3zia je jednou z hlavn\u00fdch pr\u00ed\u010din poruchy vykurovacieho syst\u00e9mu. Vytvoren\u00edm ochrannej vrstvy vo vn\u00fatri syst\u00e9mu inhib\u00edtor zni\u017euje opotrebovanie a pom\u00e1ha pred\u013a\u017ei\u0165 prev\u00e1dzkov\u00fa \u017eivotnos\u0165 k\u013e\u00fa\u010dov\u00fdch komponentov.<\/p>\n<p><strong><img decoding=\"async\" style=\"margin-right: 12px;\" src=\"https:\/\/www.noleaky.com\/wp-content\/uploads\/2026\/02\/Check.svg\" alt=\"\" width=\"18\" height=\"15\" \/>Vysok\u00e1 kapacita spracovania s vynikaj\u00facim pokryt\u00edm syst\u00e9mu.<\/strong> Na o\u0161etrenie \u0161tandardn\u00e9ho vykurovacieho syst\u00e9mu v dom\u00e1cnosti zvy\u010dajne sta\u010d\u00ed jedna n\u00e1doba, \u010d\u00edm sa zabezpe\u010d\u00ed \u00fapln\u00e9 vn\u00fatorn\u00e9 pokrytie a dlhotrvaj\u00faca ochrana bez toho, aby bolo potrebn\u00fdch viacero v\u00fdrobkov.<\/p>\n<h2><strong>Pokyny<\/strong><\/h2>\n<ul>\n<li>Pred pridan\u00edm inhib\u00edtora sa uistite, \u017ee je vykurovac\u00ed syst\u00e9m vypnut\u00fd a vychladnut\u00fd.<\/li>\n<li>Ak je syst\u00e9m silne zne\u010disten\u00fd kalom, pred pridan\u00edm inhib\u00edtora vykonajte prepl\u00e1chnutie syst\u00e9mu pomocou vhodn\u00e9ho \u010distiaceho prostriedku.<\/li>\n<li>Pred pou\u017eit\u00edm f\u013ea\u0161u dobre pretrepte.<\/li>\n<li>Inhib\u00edtor do kotla prid\u00e1vajte cez radi\u00e1tor, plniacu slu\u010dku, d\u00e1vkovaciu n\u00e1dobu alebo expanzn\u00fa n\u00e1dr\u017e pod\u013ea kon\u0161trukcie syst\u00e9mu.<\/li>\n<li>Odpor\u00fa\u010dan\u00e9 d\u00e1vkovanie je pribli\u017ene 500 ml pre typick\u00fd dom\u00e1ci vykurovac\u00ed syst\u00e9m s objemom do 100 litrov. Pri v\u00e4\u010d\u0161\u00edch syst\u00e9moch upravte d\u00e1vkovanie proporcion\u00e1lne.<\/li>\n<li>Po pridan\u00ed v\u00fdrobku spustite vykurovac\u00ed syst\u00e9m aspo\u0148 na 30 min\u00fat, aby sa umo\u017enila \u00fapln\u00e1 cirkul\u00e1cia.<\/li>\n<li>V pr\u00edpade potreby odvzdu\u0161nite radi\u00e1tory, aby ste odstr\u00e1nili zachyten\u00fd vzduch.<\/li>\n<li>Po aplik\u00e1cii skontrolujte tlak v syst\u00e9me a v pr\u00edpade potreby ho upravte.<\/li>\n<li>Na zabezpe\u010denie trvalej ochrany ka\u017edoro\u010dne skontrolujte hladinu inhib\u00edtora a ak bol syst\u00e9m vypusten\u00fd alebo v\u00fdrazne doplnen\u00fd, znovu ho d\u00e1vkujte.<\/li>\n<li>V\u00fdrobok skladujte v uzavretej n\u00e1dobe na chladnom a suchom mieste mimo dosahu priameho slne\u010dn\u00e9ho svetla.<\/li>\n<\/ul>","protected":false},"excerpt":{"rendered":"<p>Protects your heating system from corrosion and internal damage. Our boiler inhibitor is specially formulated to protect central heating systems against corrosion, limescale formation, and sludge buildup. It circulates throughout the system, creating a protective barrier on internal metal surfaces to prevent deterioration and extend the lifespan of your boiler and radiators. The most effective [&hellip;]<\/p>\n","protected":false},"featured_media":23077,"comment_status":"open","ping_status":"closed","template":"","meta":{"_uag_custom_page_level_css":"","site-sidebar-layout":"default","site-content-layout":"","ast-site-content-layout":"default","site-content-style":"default","site-sidebar-style":"default","ast-global-header-display":"","ast-banner-title-visibility":"","ast-main-header-display":"","ast-hfb-above-header-display":"","ast-hfb-below-header-display":"","ast-hfb-mobile-header-display":"","site-post-title":"","ast-breadcrumbs-content":"","ast-featured-img":"","footer-sml-layout":"","ast-disable-related-posts":"","theme-transparent-header-meta":"default","adv-header-id-meta":"","stick-header-meta":"","header-above-stick-meta":"","header-main-stick-meta":"","header-below-stick-meta":"","astra-migrate-meta-layouts":"set","ast-page-background-enabled":"default","ast-page-background-meta":{"desktop":{"background-color":"var(--ast-global-color-4)","background-image":"","background-repeat":"repeat","background-position":"center center","background-size":"auto","background-attachment":"scroll","background-type":"","background-media":"","overlay-type":"","overlay-color":"","overlay-opacity":"","overlay-gradient":""},"tablet":{"background-color":"","background-image":"","background-repeat":"repeat","background-position":"center center","background-size":"auto","background-attachment":"scroll","background-type":"","background-media":"","overlay-type":"","overlay-color":"","overlay-opacity":"","overlay-gradient":""},"mobile":{"background-color":"","background-image":"","background-repeat":"repeat","background-position":"center center","background-size":"auto","background-attachment":"scroll","background-type":"","background-media":"","overlay-type":"","overlay-color":"","overlay-opacity":"","overlay-gradient":""}},"ast-content-background-meta":{"desktop":{"background-color":"var(--ast-global-color-5)","background-image":"","background-repeat":"repeat","background-position":"center center","background-size":"auto","background-attachment":"scroll","background-type":"","background-media":"","overlay-type":"","overlay-color":"","overlay-opacity":"","overlay-gradient":""},"tablet":{"background-color":"var(--ast-global-color-5)","background-image":"","background-repeat":"repeat","background-position":"center center","background-size":"auto","background-attachment":"scroll","background-type":"","background-media":"","overlay-type":"","overlay-color":"","overlay-opacity":"","overlay-gradient":""},"mobile":{"background-color":"var(--ast-global-color-5)","background-image":"","background-repeat":"repeat","background-position":"center center","background-size":"auto","background-attachment":"scroll","background-type":"","background-media":"","overlay-type":"","overlay-color":"","overlay-opacity":"","overlay-gradient":""}}},"product_brand":[],"product_cat":[177],"product_tag":[],"class_list":{"0":"post-23007","1":"product","2":"type-product","3":"status-publish","4":"has-post-thumbnail","6":"product_cat-heating-system","7":"desktop-align-left","8":"tablet-align-left","9":"mobile-align-left","11":"first","12":"instock","13":"sale","14":"shipping-taxable","15":"purchasable","16":"product-type-variable","17":"has-default-attributes"},"spectra_custom_meta":{"_visibility":["visible"],"_shopify_product_id":["1771049025570"],"_s2w_shopify_domain":["noleaky.myshopify.com"],"_shopify_variant_id":["16277739667490"],"_manage_stock":["no"],"total_sales":["10"],"_tax_status":["taxable"],"_tax_class":[""],"_backorders":["no"],"_sold_individually":["no"],"_virtual":["no"],"_downloadable":["no"],"_download_limit":["-1"],"_download_expiry":["-1"],"_stock":[null],"_stock_status":["instock"],"_wc_average_rating":["4.91"],"_wc_review_count":["79"],"_product_attributes":["a:1:{s:6:\"volume\";a:6:{s:4:\"name\";s:6:\"Volume\";s:5:\"value\";s:30:\"1 liter | 5 liters | 25 liters\";s:8:\"position\";i:1;s:10:\"is_visible\";i:0;s:12:\"is_variation\";i:1;s:11:\"is_taxonomy\";i:0;}}"],"_product_version":["10.5.2"],"_thumbnail_id":["23077"],"_product_image_gallery":["23078"],"_edit_lock":["1772372767:1"],"merchant-center-availability":["yes"],"merchant-center-category":["6773"],"merchant-center-id":["IC"],"_edit_last":["1"],"_wp_page_template":["default"],"site-sidebar-layout":["default"],"ast-site-content-layout":["default"],"site-content-style":["default"],"site-sidebar-style":["default"],"theme-transparent-header-meta":["default"],"_default_attributes":["a:1:{s:6:\"volume\";s:7:\"1 liter\";}"],"_price":["24.90","99.90","399.90"],"_wc_rating_count":["a:2:{i:4;i:7;i:5;i:72;}"],"_upsell_ids":["a:3:{i:0;i:22980;i:1;i:23018;i:2;i:23004;}"],"_crosssell_ids":["a:3:{i:0;i:22980;i:1;i:23018;i:2;i:23004;}"],"astra-migrate-meta-layouts":["set"],"_uag_css_file_name":["uag-css-23007.css"],"_elementor_page_assets":["a:0:{}"],"_uag_page_assets":["a:9:{s:3:\"css\";s:6893:\".wp-block-uagb-image{display:flex}.wp-block-uagb-image__figure{position:relative;display:flex;flex-direction:column;max-width:100%;height:auto;margin:0}.wp-block-uagb-image__figure img{height:auto;display:flex;max-width:100%;transition:box-shadow 0.2s ease}.wp-block-uagb-image__figure>a{display:inline-block}.wp-block-uagb-image__figure figcaption{text-align:center;margin-top:0.5em;margin-bottom:1em}.wp-block-uagb-image .components-placeholder.block-editor-media-placeholder .components-placeholder__instructions{align-self:center}.wp-block-uagb-image--align-left{text-align:left}.wp-block-uagb-image--align-right{text-align:right}.wp-block-uagb-image--align-center{text-align:center}.wp-block-uagb-image--align-full .wp-block-uagb-image__figure{margin-left:calc(50% - 50vw);margin-right:calc(50% - 50vw);max-width:100vw;width:100vw;height:auto}.wp-block-uagb-image--align-full .wp-block-uagb-image__figure img{height:auto;width:100% !important}.wp-block-uagb-image--align-wide .wp-block-uagb-image__figure img{height:auto;width:100%}.wp-block-uagb-image--layout-overlay__color-wrapper{position:absolute;left:0;top:0;right:0;bottom:0;opacity:0.2;background:rgba(0,0,0,0.5);transition:opacity 0.35s ease-in-out}.wp-block-uagb-image--layout-overlay-link{position:absolute;left:0;right:0;bottom:0;top:0}.wp-block-uagb-image--layout-overlay .wp-block-uagb-image__figure:hover .wp-block-uagb-image--layout-overlay__color-wrapper{opacity:1}.wp-block-uagb-image--layout-overlay__inner{position:absolute;left:15px;right:15px;bottom:15px;top:15px;display:flex;align-items:center;justify-content:center;flex-direction:column;border-color:#fff;transition:0.35s ease-in-out}.wp-block-uagb-image--layout-overlay__inner.top-left,.wp-block-uagb-image--layout-overlay__inner.top-center,.wp-block-uagb-image--layout-overlay__inner.top-right{justify-content:flex-start}.wp-block-uagb-image--layout-overlay__inner.bottom-left,.wp-block-uagb-image--layout-overlay__inner.bottom-center,.wp-block-uagb-image--layout-overlay__inner.bottom-right{justify-content:flex-end}.wp-block-uagb-image--layout-overlay__inner.top-left,.wp-block-uagb-image--layout-overlay__inner.center-left,.wp-block-uagb-image--layout-overlay__inner.bottom-left{align-items:flex-start}.wp-block-uagb-image--layout-overlay__inner.top-right,.wp-block-uagb-image--layout-overlay__inner.center-right,.wp-block-uagb-image--layout-overlay__inner.bottom-right{align-items:flex-end}.wp-block-uagb-image--layout-overlay__inner .uagb-image-heading{color:#fff;transition:transform 0.35s, opacity 0.35s ease-in-out;transform:translate3d(0, 24px, 0);margin:0;line-height:1em}.wp-block-uagb-image--layout-overlay__inner .uagb-image-separator{width:30%;border-top-width:2px;border-top-color:#fff;border-top-style:solid;margin-bottom:10px;opacity:0;transition:transform 0.4s, opacity 0.4s ease-in-out;transform:translate3d(0, 30px, 0)}.wp-block-uagb-image--layout-overlay__inner .uagb-image-caption{opacity:0;overflow:visible;color:#fff;transition:transform 0.45s, opacity 0.45s ease-in-out;transform:translate3d(0, 35px, 0)}.wp-block-uagb-image--layout-overlay__inner:hover .uagb-image-heading,.wp-block-uagb-image--layout-overlay__inner:hover .uagb-image-separator,.wp-block-uagb-image--layout-overlay__inner:hover .uagb-image-caption{opacity:1;transform:translate3d(0, 0, 0)}.wp-block-uagb-image--effect-zoomin .wp-block-uagb-image__figure img,.wp-block-uagb-image--effect-zoomin .wp-block-uagb-image__figure .wp-block-uagb-image--layout-overlay__color-wrapper{transform:scale(1);transition:transform 0.35s ease-in-out}.wp-block-uagb-image--effect-zoomin .wp-block-uagb-image__figure:hover img,.wp-block-uagb-image--effect-zoomin .wp-block-uagb-image__figure:hover .wp-block-uagb-image--layout-overlay__color-wrapper{transform:scale(1.05)}.wp-block-uagb-image--effect-slide .wp-block-uagb-image__figure img,.wp-block-uagb-image--effect-slide .wp-block-uagb-image__figure .wp-block-uagb-image--layout-overlay__color-wrapper{width:calc(100% + 40px) !important;max-width:none !important;transform:translate3d(-40px, 0, 0);transition:transform 0.35s ease-in-out}.wp-block-uagb-image--effect-slide .wp-block-uagb-image__figure:hover img,.wp-block-uagb-image--effect-slide .wp-block-uagb-image__figure:hover .wp-block-uagb-image--layout-overlay__color-wrapper{transform:translate3d(0, 0, 0)}.wp-block-uagb-image--effect-grayscale img{filter:grayscale(0%);transition:0.35s ease-in-out}.wp-block-uagb-image--effect-grayscale:hover img{filter:grayscale(100%)}.wp-block-uagb-image--effect-blur img{filter:blur(0);transition:0.35s ease-in-out}.wp-block-uagb-image--effect-blur:hover img{filter:blur(3px)}\n.uagb-block-e6f939b3.wp-block-uagb-image--layout-default figure img{box-shadow: 0px 0px 0 #00000070;}.uagb-block-e6f939b3.wp-block-uagb-image .wp-block-uagb-image__figure figcaption{font-style: normal;align-self: center;}.uagb-block-e6f939b3.wp-block-uagb-image--layout-overlay figure img{box-shadow: 0px 0px 0 #00000070;}.uagb-block-e6f939b3.wp-block-uagb-image--layout-overlay .wp-block-uagb-image--layout-overlay__color-wrapper{opacity: 0.2;}.uagb-block-e6f939b3.wp-block-uagb-image--layout-overlay .wp-block-uagb-image--layout-overlay__inner{left: 15px;right: 15px;top: 15px;bottom: 15px;}.uagb-block-e6f939b3.wp-block-uagb-image--layout-overlay .wp-block-uagb-image--layout-overlay__inner .uagb-image-heading{font-style: normal;color: #fff;opacity: 1;}.uagb-block-e6f939b3.wp-block-uagb-image--layout-overlay .wp-block-uagb-image--layout-overlay__inner .uagb-image-heading a{color: #fff;}.uagb-block-e6f939b3.wp-block-uagb-image--layout-overlay .wp-block-uagb-image--layout-overlay__inner .uagb-image-caption{opacity: 0;}.uagb-block-e6f939b3.wp-block-uagb-image--layout-overlay .wp-block-uagb-image__figure:hover .wp-block-uagb-image--layout-overlay__color-wrapper{opacity: 1;}.uagb-block-e6f939b3.wp-block-uagb-image .wp-block-uagb-image--layout-overlay__inner .uagb-image-separator{width: 30%;border-top-width: 2px;border-top-color: #fff;opacity: 0;}.uagb-block-e6f939b3.wp-block-uagb-image .wp-block-uagb-image__figure img{width: px;height: auto;}.uagb-block-e6f939b3.wp-block-uagb-image .wp-block-uagb-image__figure:hover .wp-block-uagb-image--layout-overlay__inner .uagb-image-caption{opacity: 1;}.uagb-block-e6f939b3.wp-block-uagb-image .wp-block-uagb-image__figure:hover .wp-block-uagb-image--layout-overlay__inner .uagb-image-separator{opacity: 1;}.uagb-block-e6f939b3.wp-block-uagb-image--layout-default figure:hover img{box-shadow: 0px 0px 0 #00000070;}.uagb-block-e6f939b3.wp-block-uagb-image--layout-overlay figure:hover img{box-shadow: 0px 0px 0 #00000070;}@media only screen and (max-width: 976px) {.uagb-block-e6f939b3.wp-block-uagb-image .wp-block-uagb-image__figure img{width: px;height: auto;}}@media only screen and (max-width: 767px) {.uagb-block-e6f939b3.wp-block-uagb-image .wp-block-uagb-image__figure img{width: px;height: auto;}}\";s:2:\"js\";s:0:\"\";s:18:\"current_block_list\";a:13:{i:0;s:11:\"core\/search\";i:1;s:10:\"core\/group\";i:2;s:12:\"core\/heading\";i:3;s:17:\"core\/latest-posts\";i:4;s:20:\"core\/latest-comments\";i:5;s:13:\"core\/archives\";i:6;s:15:\"core\/categories\";i:7;s:14:\"core\/paragraph\";i:8;s:10:\"uagb\/image\";i:9;s:11:\"core\/spacer\";i:10;s:30:\"woocommerce\/product-categories\";i:11;s:10:\"core\/image\";i:12;s:14:\"core\/shortcode\";}s:8:\"uag_flag\";b:1;s:11:\"uag_version\";s:10:\"1776751852\";s:6:\"gfonts\";a:0:{}s:10:\"gfonts_url\";s:0:\"\";s:12:\"gfonts_files\";a:0:{}s:14:\"uag_faq_layout\";b:0;}"]},"uagb_featured_image_src":{"full":["https:\/\/www.noleaky.com\/wp-content\/uploads\/2025\/06\/Inhibitor5L.jpg",2560,2560,false],"thumbnail":["https:\/\/www.noleaky.com\/wp-content\/uploads\/2025\/06\/Inhibitor5L-150x150.jpg",150,150,true],"medium":["https:\/\/www.noleaky.com\/wp-content\/uploads\/2025\/06\/Inhibitor5L-300x300.jpg",300,300,true],"medium_large":["https:\/\/www.noleaky.com\/wp-content\/uploads\/2025\/06\/Inhibitor5L-768x768.jpg",768,768,true],"large":["https:\/\/www.noleaky.com\/wp-content\/uploads\/2025\/06\/Inhibitor5L-1024x1024.jpg",1024,1024,true],"1536x1536":["https:\/\/www.noleaky.com\/wp-content\/uploads\/2025\/06\/Inhibitor5L-1536x1536.jpg",1536,1536,true],"2048x2048":["https:\/\/www.noleaky.com\/wp-content\/uploads\/2025\/06\/Inhibitor5L-2048x2048.jpg",2048,2048,true],"trp-custom-language-flag":["https:\/\/www.noleaky.com\/wp-content\/uploads\/2025\/06\/Inhibitor5L-12x12.jpg",12,12,true],"woocommerce_thumbnail":["https:\/\/www.noleaky.com\/wp-content\/uploads\/2025\/06\/Inhibitor5L-300x300.jpg",300,300,true],"woocommerce_single":["https:\/\/www.noleaky.com\/wp-content\/uploads\/2025\/06\/Inhibitor5L-600x600.jpg",600,600,true],"woocommerce_gallery_thumbnail":["https:\/\/www.noleaky.com\/wp-content\/uploads\/2025\/06\/Inhibitor5L-100x100.jpg",100,100,true]},"uagb_author_info":{"display_name":"admin","author_link":"https:\/\/www.noleaky.com\/sk\/author\/"},"uagb_comment_info":79,"uagb_excerpt":"Protects your heating system from corrosion and internal damage. Our boiler inhibitor is specially formulated to protect central heating systems against corrosion, limescale formation, and sludge buildup. It circulates throughout the system, creating a protective barrier on internal metal surfaces to prevent deterioration and extend the lifespan of your boiler and radiators. The most effective&hellip;","_links":{"self":[{"href":"https:\/\/www.noleaky.com\/sk\/wp-json\/wp\/v2\/product\/23007","targetHints":{"allow":["GET"]}}],"collection":[{"href":"https:\/\/www.noleaky.com\/sk\/wp-json\/wp\/v2\/product"}],"about":[{"href":"https:\/\/www.noleaky.com\/sk\/wp-json\/wp\/v2\/types\/product"}],"replies":[{"embeddable":true,"href":"https:\/\/www.noleaky.com\/sk\/wp-json\/wp\/v2\/comments?post=23007"}],"version-history":[{"count":3,"href":"https:\/\/www.noleaky.com\/sk\/wp-json\/wp\/v2\/product\/23007\/revisions"}],"predecessor-version":[{"id":33269,"href":"https:\/\/www.noleaky.com\/sk\/wp-json\/wp\/v2\/product\/23007\/revisions\/33269"}],"wp:featuredmedia":[{"embeddable":true,"href":"https:\/\/www.noleaky.com\/sk\/wp-json\/wp\/v2\/media\/23077"}],"wp:attachment":[{"href":"https:\/\/www.noleaky.com\/sk\/wp-json\/wp\/v2\/media?parent=23007"}],"wp:term":[{"taxonomy":"product_brand","embeddable":true,"href":"https:\/\/www.noleaky.com\/sk\/wp-json\/wp\/v2\/product_brand?post=23007"},{"taxonomy":"product_cat","embeddable":true,"href":"https:\/\/www.noleaky.com\/sk\/wp-json\/wp\/v2\/product_cat?post=23007"},{"taxonomy":"product_tag","embeddable":true,"href":"https:\/\/www.noleaky.com\/sk\/wp-json\/wp\/v2\/product_tag?post=23007"}],"curies":[{"name":"wp","href":"https:\/\/api.w.org\/{rel}","templated":true}]}}