{"id":22989,"date":"2025-06-02T15:49:05","date_gmt":"2025-06-02T13:49:05","guid":{"rendered":"https:\/\/www.noleaky.com\/products\/head-gasket-repair\/"},"modified":"2026-03-01T15:03:46","modified_gmt":"2026-03-01T14:03:46","slug":"head-gasket-repair","status":"publish","type":"product","link":"https:\/\/www.noleaky.com\/sk\/products\/head-gasket-repair\/","title":{"rendered":"Oprava tesnenia hlavy valcov"},"content":{"rendered":"<p><strong><img decoding=\"async\" style=\"margin-right: 12px;\" src=\"https:\/\/www.noleaky.com\/wp-content\/uploads\/2026\/02\/Check.svg\" alt=\"\" width=\"18\" height=\"15\" \/>Opravuje probl\u00e9my s tesnen\u00edm hlavy bez n\u00e1kladnej demont\u00e1\u017ee motora.<\/strong> N\u00e1\u0161 vzorec na opravu tesnenia hlavy je \u0161peci\u00e1lne vyvinut\u00fd na rie\u0161enie be\u017en\u00fdch probl\u00e9mov s\u00favisiacich s tesnen\u00edm hlavy bez potreby n\u00e1kladn\u00fdch mechanick\u00fdch opr\u00e1v. P\u00f4sob\u00ed zvn\u00fatra chladiaceho syst\u00e9mu a utes\u0148uje netesnosti sp\u00f4soben\u00e9 po\u0161koden\u00fdm tesnen\u00edm hlavy, drobn\u00fdmi trhlinami a poruchami tesnenia, \u010d\u00edm v\u00e1m pom\u00e1ha vyhn\u00fa\u0165 sa \u010dasovo n\u00e1ro\u010dnej a drahej demont\u00e1\u017ei motora.<\/p>\n<p><strong><img decoding=\"async\" style=\"margin-right: 12px;\" src=\"https:\/\/www.noleaky.com\/wp-content\/uploads\/2026\/02\/Check.svg\" alt=\"\" width=\"18\" height=\"15\" \/>Naj\u00fa\u010dinnej\u0161ia dostupn\u00e1 technol\u00f3gia vn\u00fatorn\u00e9ho tesnenia.<\/strong> Ide o naj\u00fa\u010dinnej\u0161ie rie\u0161enie opravy tesnenia hlavy vo svojej kateg\u00f3rii. Jeho pokro\u010dil\u00e9 tesniace l\u00e1tky cirkuluj\u00fa v chladiacom syst\u00e9me a aktivuj\u00fa sa pri vysok\u00fdch teplot\u00e1ch, \u010d\u00edm vytv\u00e1raj\u00fa odoln\u00e9 tesnenie presne v mieste netesnosti. Pom\u00e1ha rie\u0161i\u0165 probl\u00e9my, ako je \u00fabytok chladiacej kvapaliny, nadmern\u00fd tlak v chladiacom syst\u00e9me, zne\u010distenie chladiacej kvapaliny olejom a drobn\u00e9 trhliny v s\u00fa\u010diastkach motora.<\/p>\n<p><strong><img decoding=\"async\" style=\"margin-right: 12px;\" src=\"https:\/\/www.noleaky.com\/wp-content\/uploads\/2026\/02\/Check.svg\" alt=\"\" width=\"18\" height=\"15\" \/>Najlacnej\u0161ia alternat\u00edva k ve\u013ek\u00fdm oprav\u00e1m motora.<\/strong> V\u00fdmena tesnenia hlavy alebo oprava prasknut\u00e9ho bloku motora m\u00f4\u017ee st\u00e1\u0165 zna\u010dn\u00fa sumu. N\u00e1\u0161 v\u00fdrobok je najlacnej\u0161ie dostupn\u00e9 rie\u0161enie profesion\u00e1lnej \u00farovne, ktor\u00e9 predstavuje cenovo v\u00fdhodn\u00fa alternat\u00edvu, ktor\u00e1 dok\u00e1\u017ee obnovi\u0165 funk\u010dnos\u0165 bez finan\u010dnej z\u00e1\u0165a\u017ee s\u00favisiacej s \u00faplnou mechanickou opravou.<\/p>\n<p><strong><img decoding=\"async\" style=\"margin-right: 12px;\" src=\"https:\/\/www.noleaky.com\/wp-content\/uploads\/2026\/02\/Check.svg\" alt=\"\" width=\"18\" height=\"15\" \/>Garantovan\u00e9 dodanie do 24 hod\u00edn pri naliehav\u00fdch probl\u00e9moch s motorom.<\/strong> Probl\u00e9my s motorom si vy\u017eaduj\u00fa okam\u017eit\u00fa pozornos\u0165. Preto garantujeme dodanie do 24 hod\u00edn, \u010do v\u00e1m umo\u017en\u00ed r\u00fdchlo vyrie\u0161i\u0165 probl\u00e9m a zn\u00ed\u017ei\u0165 riziko \u010fal\u0161ieho po\u0161kodenia.<\/p>\n<p><strong><img decoding=\"async\" style=\"margin-right: 12px;\" src=\"https:\/\/www.noleaky.com\/wp-content\/uploads\/2026\/02\/Check.svg\" alt=\"\" width=\"18\" height=\"15\" \/>Z\u00e1ruka vr\u00e1tenia pe\u0148az\u00ed pre \u00fapln\u00fd pokoj.<\/strong> Stoj\u00edme za v\u00fdkonom n\u00e1\u0161ho pr\u00edpravku na opravu tesnenia hlavy. Ak nie ste spokojn\u00ed s v\u00fdsledkami, pon\u00fakame z\u00e1ruku vr\u00e1tenia pe\u0148az\u00ed. Jednoducho n\u00e1s kontaktujte a my v\u00e1m vr\u00e1time peniaze za n\u00e1kup, tak\u017ee va\u0161a invest\u00edcia bude \u00faplne bez rizika.<\/p>\n<p><strong><img decoding=\"async\" style=\"margin-right: 12px;\" src=\"https:\/\/www.noleaky.com\/wp-content\/uploads\/2026\/02\/Check.svg\" alt=\"\" width=\"18\" height=\"15\" \/>Kompatibiln\u00fd so v\u0161etk\u00fdmi typmi motorov vozidiel.<\/strong> Tento univerz\u00e1lny pr\u00edpravok, ktor\u00fd je vhodn\u00fd pre osobn\u00e9 a n\u00e1kladn\u00e9 vozidl\u00e1, dod\u00e1vky, pickupy, motocykle, \u0161tvorkolky, traktory a lode, funguje pri pou\u017eit\u00ed pod\u013ea n\u00e1vodu s benz\u00ednov\u00fdmi aj naftov\u00fdmi motormi. Bezpe\u010dne sa integruje do v\u00e4\u010d\u0161iny \u0161tandardn\u00fdch chladiacich syst\u00e9mov.<\/p>\n<p><strong><img decoding=\"async\" style=\"margin-right: 12px;\" src=\"https:\/\/www.noleaky.com\/wp-content\/uploads\/2026\/02\/Check.svg\" alt=\"\" width=\"18\" height=\"15\" \/>Pom\u00e1ha zni\u017eova\u0165 probl\u00e9my s vysok\u00fdm tlakom chladiacej kvapaliny.<\/strong> Zlyh\u00e1vaj\u00face tesnenie hlavy m\u00f4\u017ee sp\u00f4sobi\u0165 abnorm\u00e1lne zv\u00fd\u0161enie tlaku v chladiacom syst\u00e9me. Utesnen\u00edm vn\u00fatorn\u00fdch netesnost\u00ed v\u00fdrobok pom\u00e1ha stabilizova\u0165 \u00farove\u0148 tlaku a obnovi\u0165 norm\u00e1lne spr\u00e1vanie syst\u00e9mu.<\/p>\n<p><strong><img decoding=\"async\" style=\"margin-right: 12px;\" src=\"https:\/\/www.noleaky.com\/wp-content\/uploads\/2026\/02\/Check.svg\" alt=\"\" width=\"18\" height=\"15\" \/>Rie\u0161i zne\u010distenie chladiacej kvapaliny olejom.<\/strong> Ak sa olej zmie\u0161a s chladiacou kvapalinou v d\u00f4sledku poruchy tesnenia, m\u00f4\u017ee to sp\u00f4sobi\u0165 v\u00e1\u017ene probl\u00e9my s v\u00fdkonom. Pr\u00edpravok pom\u00e1ha utesni\u0165 zdroj vn\u00fatorn\u00e9ho \u00faniku, obmedzuje kr\u00ed\u017eov\u00fa kontamin\u00e1ciu a obnovuje oddelenie syst\u00e9mu.<\/p>\n<p><strong><img decoding=\"async\" style=\"margin-right: 12px;\" src=\"https:\/\/www.noleaky.com\/wp-content\/uploads\/2026\/02\/Check.svg\" alt=\"\" width=\"18\" height=\"15\" \/>M\u00f4\u017ee pom\u00f4c\u0165 pri men\u0161\u00edch probl\u00e9moch s prasknut\u00fdm blokom motora.<\/strong> V pr\u00edpade mal\u00fdch trhl\u00edn alebo p\u00f3rovit\u00fdch miest v s\u00fa\u010diastkach motora v\u00fdrobok vytvor\u00ed tepelne aktivovan\u00e9 tesnenie, ktor\u00e9 spevn\u00ed oslaben\u00e9 miesta a zabr\u00e1ni \u010fal\u0161iemu \u00faniku.<\/p>\n<p><strong><img decoding=\"async\" style=\"margin-right: 12px;\" src=\"https:\/\/www.noleaky.com\/wp-content\/uploads\/2026\/02\/Check.svg\" alt=\"\" width=\"18\" height=\"15\" \/>Predl\u017euje \u017eivotnos\u0165 motora a obnovuje jazdn\u00e9 vlastnosti.<\/strong> Utesnen\u00edm netesnost\u00ed a stabiliz\u00e1ciou chladiaceho syst\u00e9mu v\u00fdrobok pom\u00e1ha obnovi\u0165 hlad\u0161\u00ed chod motora, zn\u00ed\u017ei\u0165 riziko prehriatia a pred\u013a\u017ei\u0165 \u017eivotnos\u0165 v\u00e1\u0161ho vozidla.<\/p>\n<h2><strong>Mno\u017estvo potrebn\u00e9 pre va\u0161e vozidlo<\/strong><\/h2>\n<table width=\"100%\">\n<tbody>\n<tr>\n<td><strong>Ve\u013ekos\u0165 motora<\/strong><\/td>\n<td><strong>Mno\u017estvo<\/strong><\/td>\n<\/tr>\n<tr>\n<td>\n<div><\/div>\n<p>Do 0,9 litra<\/td>\n<td>\n<div><\/div>\n<p>1 f\u013ea\u0161a<\/td>\n<\/tr>\n<tr>\n<td>\n<div><\/div>\n<p>Od 1 do 1,9 litra<\/td>\n<td>\n<div><\/div>\n<p>2 f\u013ea\u0161e<\/td>\n<\/tr>\n<tr>\n<td>Od 2 do 2,9 litra<\/td>\n<td>\n<div><\/div>\n<p>3 f\u013ea\u0161e<\/td>\n<\/tr>\n<tr>\n<td>\n<div><\/div>\n<p>Od 3 do 3,9 litra<\/td>\n<td>\n<div><\/div>\n<p>4 f\u013ea\u0161e<\/td>\n<\/tr>\n<tr>\n<td>\n<div><\/div>\n<p>Viac ako 4 litre<\/td>\n<td>\n<div><\/div>\n<p>5 flia\u0161<\/td>\n<\/tr>\n<\/tbody>\n<\/table>\n<h2><strong>Pokyny<\/strong><\/h2>\n<ul>\n<li>Pred otvoren\u00edm chladiaceho syst\u00e9mu sa uistite, \u017ee je motor \u00faplne vychladnut\u00fd.<\/li>\n<li>Pred pou\u017eit\u00edm f\u013ea\u0161u d\u00f4kladne pretrepte.<\/li>\n<li>Skontrolujte hladinu a stav chladiacej kvapaliny. Ak je syst\u00e9m silne zne\u010disten\u00fd, pred pou\u017eit\u00edm pr\u00edpravku ho prepl\u00e1chnite.<\/li>\n<li>Chladiacu kvapalinu nevyp\u00fa\u0161\u0165ajte, pokia\u013e nie je zne\u010disten\u00e1 alebo nevhodn\u00e1. Pr\u00edpravok sa prid\u00e1va priamo do existuj\u00facej chladiacej kvapaliny.<\/li>\n<li>Do chladi\u010da alebo expanznej n\u00e1dr\u017ee nalejte po\u017eadovan\u00fd po\u010det flia\u0161 pod\u013ea kon\u0161trukcie vozidla.<\/li>\n<li>Na\u0161tartujte motor a nechajte ho dosiahnu\u0165 prev\u00e1dzkov\u00fa teplotu.<\/li>\n<li>Motor nechajte be\u017ea\u0165 na vo\u013enobeh pribli\u017ene 20 a\u017e 30 min\u00fat s ohrieva\u010dom nastaven\u00fdm na maximum, aby sa umo\u017enila \u00fapln\u00e1 cirkul\u00e1cia.<\/li>\n<li>Uistite sa, \u017ee sa chladiaci ventil\u00e1tor aspo\u0148 raz zapne a vypne, aby sa potvrdila spr\u00e1vna aktiv\u00e1cia teploty.<\/li>\n<li>Vypnite motor a nechajte ho \u00faplne vychladn\u00fa\u0165.<\/li>\n<li>Skontrolujte hladinu chladiacej kvapaliny a v pr\u00edpade potreby ju dopl\u0148te. Monitorujte vozidlo po\u010das nieko\u013ek\u00fdch nasleduj\u00facich jazdn\u00fdch cyklov.<\/li>\n<\/ul>","protected":false},"excerpt":{"rendered":"<p>Repairs head gasket issues without expensive engine dismantling. Our head gasket repair formula is specially developed to solve common head gasket-related problems without the need for costly mechanical repairs. It works from inside the cooling system to seal leaks caused by damaged head gaskets, minor cracks, and sealing failures, helping you avoid time-consuming and expensive [&hellip;]<\/p>\n","protected":false},"featured_media":23043,"comment_status":"open","ping_status":"closed","template":"","meta":{"_uag_custom_page_level_css":"","site-sidebar-layout":"default","site-content-layout":"","ast-site-content-layout":"default","site-content-style":"default","site-sidebar-style":"default","ast-global-header-display":"","ast-banner-title-visibility":"","ast-main-header-display":"","ast-hfb-above-header-display":"","ast-hfb-below-header-display":"","ast-hfb-mobile-header-display":"","site-post-title":"","ast-breadcrumbs-content":"","ast-featured-img":"","footer-sml-layout":"","ast-disable-related-posts":"","theme-transparent-header-meta":"default","adv-header-id-meta":"","stick-header-meta":"","header-above-stick-meta":"","header-main-stick-meta":"","header-below-stick-meta":"","astra-migrate-meta-layouts":"set","ast-page-background-enabled":"default","ast-page-background-meta":{"desktop":{"background-color":"var(--ast-global-color-4)","background-image":"","background-repeat":"repeat","background-position":"center center","background-size":"auto","background-attachment":"scroll","background-type":"","background-media":"","overlay-type":"","overlay-color":"","overlay-opacity":"","overlay-gradient":""},"tablet":{"background-color":"","background-image":"","background-repeat":"repeat","background-position":"center center","background-size":"auto","background-attachment":"scroll","background-type":"","background-media":"","overlay-type":"","overlay-color":"","overlay-opacity":"","overlay-gradient":""},"mobile":{"background-color":"","background-image":"","background-repeat":"repeat","background-position":"center center","background-size":"auto","background-attachment":"scroll","background-type":"","background-media":"","overlay-type":"","overlay-color":"","overlay-opacity":"","overlay-gradient":""}},"ast-content-background-meta":{"desktop":{"background-color":"var(--ast-global-color-5)","background-image":"","background-repeat":"repeat","background-position":"center center","background-size":"auto","background-attachment":"scroll","background-type":"","background-media":"","overlay-type":"","overlay-color":"","overlay-opacity":"","overlay-gradient":""},"tablet":{"background-color":"var(--ast-global-color-5)","background-image":"","background-repeat":"repeat","background-position":"center center","background-size":"auto","background-attachment":"scroll","background-type":"","background-media":"","overlay-type":"","overlay-color":"","overlay-opacity":"","overlay-gradient":""},"mobile":{"background-color":"var(--ast-global-color-5)","background-image":"","background-repeat":"repeat","background-position":"center center","background-size":"auto","background-attachment":"scroll","background-type":"","background-media":"","overlay-type":"","overlay-color":"","overlay-opacity":"","overlay-gradient":""}}},"product_brand":[],"product_cat":[176],"product_tag":[],"class_list":{"0":"post-22989","1":"product","2":"type-product","3":"status-publish","4":"has-post-thumbnail","6":"product_cat-automotive","7":"desktop-align-left","8":"tablet-align-left","9":"mobile-align-left","11":"first","12":"instock","13":"taxable","14":"shipping-taxable","15":"purchasable","16":"product-type-simple"},"spectra_custom_meta":{"_visibility":["visible"],"_shopify_product_id":["1706250928162"],"_s2w_shopify_domain":["noleaky.myshopify.com"],"_shopify_variant_id":["29500068954146"],"_sku":["NLHEADGASKETREPAIR"],"_regular_price":["29.90"],"_price":["29.90"],"_weight":["0.45"],"_thumbnail_id":["23043"],"_global_unique_id":["5056773800687"],"total_sales":["3849"],"_tax_status":["taxable"],"_tax_class":[""],"_manage_stock":["no"],"_backorders":["no"],"_sold_individually":["no"],"_virtual":["no"],"_downloadable":["no"],"_download_limit":["-1"],"_download_expiry":["-1"],"_stock":[null],"_stock_status":["instock"],"_wc_average_rating":["4.76"],"_wc_review_count":["229"],"_product_version":["10.5.2"],"_edit_lock":["1776833732:442"],"merchant-center-availability":["yes"],"merchant-center-category":["2517"],"merchant-center-id":["HGR"],"_edit_last":["1"],"_wp_page_template":["default"],"site-sidebar-layout":["default"],"ast-site-content-layout":["default"],"site-content-style":["default"],"site-sidebar-style":["default"],"theme-transparent-header-meta":["default"],"_wc_rating_count":["a:3:{i:3;i:10;i:4;i:35;i:5;i:184;}"],"_upsell_ids":["a:3:{i:0;i:22975;i:1;i:23022;i:2;i:23025;}"],"_crosssell_ids":["a:3:{i:0;i:22975;i:1;i:23022;i:2;i:23025;}"],"astra-migrate-meta-layouts":["set"],"_uag_css_file_name":["uag-css-22989.css"],"_elementor_page_assets":["a:0:{}"],"_uag_page_assets":["a:9:{s:3:\"css\";s:7133:\".uag-blocks-common-selector{z-index:var(--z-index-desktop) !important}@media(max-width: 976px){.uag-blocks-common-selector{z-index:var(--z-index-tablet) !important}}@media(max-width: 767px){.uag-blocks-common-selector{z-index:var(--z-index-mobile) !important}}.wp-block-uagb-image{display:flex}.wp-block-uagb-image__figure{position:relative;display:flex;flex-direction:column;max-width:100%;height:auto;margin:0}.wp-block-uagb-image__figure img{height:auto;display:flex;max-width:100%;transition:box-shadow .2s ease}.wp-block-uagb-image__figure>a{display:inline-block}.wp-block-uagb-image__figure figcaption{text-align:center;margin-top:.5em;margin-bottom:1em}.wp-block-uagb-image .components-placeholder.block-editor-media-placeholder .components-placeholder__instructions{align-self:center}.wp-block-uagb-image--align-left{text-align:left}.wp-block-uagb-image--align-right{text-align:right}.wp-block-uagb-image--align-center{text-align:center}.wp-block-uagb-image--align-full .wp-block-uagb-image__figure{margin-left:calc(50% - 50vw);margin-right:calc(50% - 50vw);max-width:100vw;width:100vw;height:auto}.wp-block-uagb-image--align-full .wp-block-uagb-image__figure img{height:auto;width:100% !important}.wp-block-uagb-image--align-wide .wp-block-uagb-image__figure img{height:auto;width:100%}.wp-block-uagb-image--layout-overlay__color-wrapper{position:absolute;left:0;top:0;right:0;bottom:0;opacity:.2;background:rgba(0,0,0,.5);transition:opacity .35s ease-in-out}.wp-block-uagb-image--layout-overlay-link{position:absolute;left:0;right:0;bottom:0;top:0}.wp-block-uagb-image--layout-overlay .wp-block-uagb-image__figure:hover .wp-block-uagb-image--layout-overlay__color-wrapper{opacity:1}.wp-block-uagb-image--layout-overlay__inner{position:absolute;left:15px;right:15px;bottom:15px;top:15px;display:flex;align-items:center;justify-content:center;flex-direction:column;border-color:#fff;transition:.35s ease-in-out}.wp-block-uagb-image--layout-overlay__inner.top-left,.wp-block-uagb-image--layout-overlay__inner.top-center,.wp-block-uagb-image--layout-overlay__inner.top-right{justify-content:flex-start}.wp-block-uagb-image--layout-overlay__inner.bottom-left,.wp-block-uagb-image--layout-overlay__inner.bottom-center,.wp-block-uagb-image--layout-overlay__inner.bottom-right{justify-content:flex-end}.wp-block-uagb-image--layout-overlay__inner.top-left,.wp-block-uagb-image--layout-overlay__inner.center-left,.wp-block-uagb-image--layout-overlay__inner.bottom-left{align-items:flex-start}.wp-block-uagb-image--layout-overlay__inner.top-right,.wp-block-uagb-image--layout-overlay__inner.center-right,.wp-block-uagb-image--layout-overlay__inner.bottom-right{align-items:flex-end}.wp-block-uagb-image--layout-overlay__inner .uagb-image-heading{color:#fff;transition:transform .35s,opacity .35s ease-in-out;transform:translate3d(0, 24px, 0);margin:0;line-height:1em}.wp-block-uagb-image--layout-overlay__inner .uagb-image-separator{width:30%;border-top-width:2px;border-top-color:#fff;border-top-style:solid;margin-bottom:10px;opacity:0;transition:transform .4s,opacity .4s ease-in-out;transform:translate3d(0, 30px, 0)}.wp-block-uagb-image--layout-overlay__inner .uagb-image-caption{opacity:0;overflow:visible;color:#fff;transition:transform .45s,opacity .45s ease-in-out;transform:translate3d(0, 35px, 0)}.wp-block-uagb-image--layout-overlay__inner:hover .uagb-image-heading,.wp-block-uagb-image--layout-overlay__inner:hover .uagb-image-separator,.wp-block-uagb-image--layout-overlay__inner:hover .uagb-image-caption{opacity:1;transform:translate3d(0, 0, 0)}.wp-block-uagb-image--effect-zoomin .wp-block-uagb-image__figure img,.wp-block-uagb-image--effect-zoomin .wp-block-uagb-image__figure .wp-block-uagb-image--layout-overlay__color-wrapper{transform:scale(1);transition:transform .35s ease-in-out}.wp-block-uagb-image--effect-zoomin .wp-block-uagb-image__figure:hover img,.wp-block-uagb-image--effect-zoomin .wp-block-uagb-image__figure:hover .wp-block-uagb-image--layout-overlay__color-wrapper{transform:scale(1.05)}.wp-block-uagb-image--effect-slide .wp-block-uagb-image__figure img,.wp-block-uagb-image--effect-slide .wp-block-uagb-image__figure .wp-block-uagb-image--layout-overlay__color-wrapper{width:calc(100% + 40px) !important;max-width:none !important;transform:translate3d(-40px, 0, 0);transition:transform .35s ease-in-out}.wp-block-uagb-image--effect-slide .wp-block-uagb-image__figure:hover img,.wp-block-uagb-image--effect-slide .wp-block-uagb-image__figure:hover .wp-block-uagb-image--layout-overlay__color-wrapper{transform:translate3d(0, 0, 0)}.wp-block-uagb-image--effect-grayscale img{filter:grayscale(0%);transition:.35s ease-in-out}.wp-block-uagb-image--effect-grayscale:hover img{filter:grayscale(100%)}.wp-block-uagb-image--effect-blur img{filter:blur(0);transition:.35s ease-in-out}.wp-block-uagb-image--effect-blur:hover img{filter:blur(3px)}.uagb-block-e6f939b3.wp-block-uagb-image--layout-default figure img{box-shadow: 0px 0px 0 #00000070;}.uagb-block-e6f939b3.wp-block-uagb-image .wp-block-uagb-image__figure figcaption{font-style: normal;align-self: center;}.uagb-block-e6f939b3.wp-block-uagb-image--layout-overlay figure img{box-shadow: 0px 0px 0 #00000070;}.uagb-block-e6f939b3.wp-block-uagb-image--layout-overlay .wp-block-uagb-image--layout-overlay__color-wrapper{opacity: 0.2;}.uagb-block-e6f939b3.wp-block-uagb-image--layout-overlay .wp-block-uagb-image--layout-overlay__inner{left: 15px;right: 15px;top: 15px;bottom: 15px;}.uagb-block-e6f939b3.wp-block-uagb-image--layout-overlay .wp-block-uagb-image--layout-overlay__inner .uagb-image-heading{font-style: normal;color: #fff;opacity: 1;}.uagb-block-e6f939b3.wp-block-uagb-image--layout-overlay .wp-block-uagb-image--layout-overlay__inner .uagb-image-heading a{color: #fff;}.uagb-block-e6f939b3.wp-block-uagb-image--layout-overlay .wp-block-uagb-image--layout-overlay__inner .uagb-image-caption{opacity: 0;}.uagb-block-e6f939b3.wp-block-uagb-image--layout-overlay .wp-block-uagb-image__figure:hover .wp-block-uagb-image--layout-overlay__color-wrapper{opacity: 1;}.uagb-block-e6f939b3.wp-block-uagb-image .wp-block-uagb-image--layout-overlay__inner .uagb-image-separator{width: 30%;border-top-width: 2px;border-top-color: #fff;opacity: 0;}.uagb-block-e6f939b3.wp-block-uagb-image .wp-block-uagb-image__figure img{width: px;height: auto;}.uagb-block-e6f939b3.wp-block-uagb-image .wp-block-uagb-image__figure:hover .wp-block-uagb-image--layout-overlay__inner .uagb-image-caption{opacity: 1;}.uagb-block-e6f939b3.wp-block-uagb-image .wp-block-uagb-image__figure:hover .wp-block-uagb-image--layout-overlay__inner .uagb-image-separator{opacity: 1;}.uagb-block-e6f939b3.wp-block-uagb-image--layout-default figure:hover img{box-shadow: 0px 0px 0 #00000070;}.uagb-block-e6f939b3.wp-block-uagb-image--layout-overlay figure:hover img{box-shadow: 0px 0px 0 #00000070;}@media only screen and (max-width: 976px) {.uagb-block-e6f939b3.wp-block-uagb-image .wp-block-uagb-image__figure img{width: px;height: auto;}}@media only screen and (max-width: 767px) {.uagb-block-e6f939b3.wp-block-uagb-image .wp-block-uagb-image__figure img{width: px;height: auto;}}\";s:2:\"js\";s:0:\"\";s:18:\"current_block_list\";a:13:{i:0;s:11:\"core\/search\";i:1;s:10:\"core\/group\";i:2;s:12:\"core\/heading\";i:3;s:17:\"core\/latest-posts\";i:4;s:20:\"core\/latest-comments\";i:5;s:13:\"core\/archives\";i:6;s:15:\"core\/categories\";i:7;s:14:\"core\/paragraph\";i:8;s:10:\"uagb\/image\";i:9;s:11:\"core\/spacer\";i:10;s:30:\"woocommerce\/product-categories\";i:11;s:10:\"core\/image\";i:12;s:14:\"core\/shortcode\";}s:8:\"uag_flag\";b:1;s:11:\"uag_version\";s:10:\"1777533254\";s:6:\"gfonts\";a:0:{}s:10:\"gfonts_url\";s:0:\"\";s:12:\"gfonts_files\";a:0:{}s:14:\"uag_faq_layout\";b:0;}"]},"uagb_featured_image_src":{"full":["https:\/\/www.noleaky.com\/wp-content\/uploads\/2025\/06\/HeadGasketfinal.png",2560,2560,false],"thumbnail":["https:\/\/www.noleaky.com\/wp-content\/uploads\/2025\/06\/HeadGasketfinal-150x150.png",150,150,true],"medium":["https:\/\/www.noleaky.com\/wp-content\/uploads\/2025\/06\/HeadGasketfinal-300x300.png",300,300,true],"medium_large":["https:\/\/www.noleaky.com\/wp-content\/uploads\/2025\/06\/HeadGasketfinal-768x768.png",768,768,true],"large":["https:\/\/www.noleaky.com\/wp-content\/uploads\/2025\/06\/HeadGasketfinal-1024x1024.png",1024,1024,true],"1536x1536":["https:\/\/www.noleaky.com\/wp-content\/uploads\/2025\/06\/HeadGasketfinal-1536x1536.png",1536,1536,true],"2048x2048":["https:\/\/www.noleaky.com\/wp-content\/uploads\/2025\/06\/HeadGasketfinal-2048x2048.png",2048,2048,true],"trp-custom-language-flag":["https:\/\/www.noleaky.com\/wp-content\/uploads\/2025\/06\/HeadGasketfinal-12x12.png",12,12,true],"woocommerce_thumbnail":["https:\/\/www.noleaky.com\/wp-content\/uploads\/2025\/06\/HeadGasketfinal-300x300.png",300,300,true],"woocommerce_single":["https:\/\/www.noleaky.com\/wp-content\/uploads\/2025\/06\/HeadGasketfinal-600x600.png",600,600,true],"woocommerce_gallery_thumbnail":["https:\/\/www.noleaky.com\/wp-content\/uploads\/2025\/06\/HeadGasketfinal-100x100.png",100,100,true]},"uagb_author_info":{"display_name":"admin","author_link":"https:\/\/www.noleaky.com\/sk\/author\/"},"uagb_comment_info":229,"uagb_excerpt":"Repairs head gasket issues without expensive engine dismantling. Our head gasket repair formula is specially developed to solve common head gasket-related problems without the need for costly mechanical repairs. It works from inside the cooling system to seal leaks caused by damaged head gaskets, minor cracks, and sealing failures, helping you avoid time-consuming and expensive&hellip;","_links":{"self":[{"href":"https:\/\/www.noleaky.com\/sk\/wp-json\/wp\/v2\/product\/22989","targetHints":{"allow":["GET"]}}],"collection":[{"href":"https:\/\/www.noleaky.com\/sk\/wp-json\/wp\/v2\/product"}],"about":[{"href":"https:\/\/www.noleaky.com\/sk\/wp-json\/wp\/v2\/types\/product"}],"replies":[{"embeddable":true,"href":"https:\/\/www.noleaky.com\/sk\/wp-json\/wp\/v2\/comments?post=22989"}],"version-history":[{"count":10,"href":"https:\/\/www.noleaky.com\/sk\/wp-json\/wp\/v2\/product\/22989\/revisions"}],"predecessor-version":[{"id":33277,"href":"https:\/\/www.noleaky.com\/sk\/wp-json\/wp\/v2\/product\/22989\/revisions\/33277"}],"wp:featuredmedia":[{"embeddable":true,"href":"https:\/\/www.noleaky.com\/sk\/wp-json\/wp\/v2\/media\/23043"}],"wp:attachment":[{"href":"https:\/\/www.noleaky.com\/sk\/wp-json\/wp\/v2\/media?parent=22989"}],"wp:term":[{"taxonomy":"product_brand","embeddable":true,"href":"https:\/\/www.noleaky.com\/sk\/wp-json\/wp\/v2\/product_brand?post=22989"},{"taxonomy":"product_cat","embeddable":true,"href":"https:\/\/www.noleaky.com\/sk\/wp-json\/wp\/v2\/product_cat?post=22989"},{"taxonomy":"product_tag","embeddable":true,"href":"https:\/\/www.noleaky.com\/sk\/wp-json\/wp\/v2\/product_tag?post=22989"}],"curies":[{"name":"wp","href":"https:\/\/api.w.org\/{rel}","templated":true}]}}