{"id":23022,"date":"2025-06-02T15:49:22","date_gmt":"2025-06-02T13:49:22","guid":{"rendered":"https:\/\/www.noleaky.com\/products\/preventive-coolant\/"},"modified":"2026-03-01T14:43:53","modified_gmt":"2026-03-01T13:43:53","slug":"preventive-coolant","status":"publish","type":"product","link":"https:\/\/www.noleaky.com\/si\/products\/preventive-coolant\/","title":{"rendered":"Preventivna hladilna teko\u010dina"},"content":{"rendered":"<p><strong><img decoding=\"async\" style=\"margin-right: 12px;\" src=\"https:\/\/www.noleaky.com\/wp-content\/uploads\/2026\/02\/Check.svg\" alt=\"\" width=\"18\" height=\"15\" \/>Prepre\u010duje uhajanje hladilne teko\u010dine, \u0161e preden postane drago popravilo.<\/strong> Na\u0161a preventivna hladilna teko\u010dina je posebej oblikovana za zatesnitev mikro pu\u0161\u010danj in por v hladilnem sistemu, preden se razvijejo v resne okvare. Kro\u017ei skupaj s hladilno teko\u010dino in je usmerjena na manj\u0161a mesta iztekanja ter tvori trajno notranje tesnilo, ki pomaga ohranjati celovitost sistema in prepre\u010duje izgubo teko\u010dine.<\/p>\n<p><strong><img decoding=\"async\" style=\"margin-right: 12px;\" src=\"https:\/\/www.noleaky.com\/wp-content\/uploads\/2026\/02\/Check.svg\" alt=\"\" width=\"18\" height=\"15\" \/>Naju\u010dinkovitej\u0161a formula za prepre\u010devanje pu\u0161\u010danja na trgu.<\/strong> Zaradi napredne tehnologije tesnjenja je to naju\u010dinkovitej\u0161a preventivna hladilna teko\u010dina, ki je na voljo. Proaktivno deluje tako, da okrepi ranljiva mesta, kot so priklju\u010dki cevi, \u0161ivi hladilnika, tesnila in mikrorazpoke, ter tako zmanj\u0161a tveganje nenadnega uhajanja hladilne teko\u010dine in nepri\u010dakovanih okvar.<\/p>\n<p><strong><img decoding=\"async\" style=\"margin-right: 12px;\" src=\"https:\/\/www.noleaky.com\/wp-content\/uploads\/2026\/02\/Check.svg\" alt=\"\" width=\"18\" height=\"15\" \/>Najcenej\u0161a visoko zmogljiva re\u0161itev za za\u0161\u010dito hlajenja.<\/strong> Ponujamo profesionalno za\u0161\u010dito hladilne teko\u010dine po najugodnej\u0161i ceni. Na\u0161a preventivna hladilna teko\u010dina je najcenej\u0161a re\u0161itev v svoji kategoriji, hkrati pa ohranja izjemno zanesljivost, s \u010dimer se vozniki izognejo dragim mehanskim posegom in zamenjavi hladilnika.<\/p>\n<p><strong><img decoding=\"async\" style=\"margin-right: 12px;\" src=\"https:\/\/www.noleaky.com\/wp-content\/uploads\/2026\/02\/Check.svg\" alt=\"\" width=\"18\" height=\"15\" \/>Zagotovljena 24-urna dostava za takoj\u0161njo za\u0161\u010dito.<\/strong> Te\u017eave s hladilnim sistemom se lahko hitro stopnjujejo. Zato vam zagotavljamo 24-urno dostavo, s katero hitro prejmete preventivno hladilno teko\u010dino in lahko nemudoma za\u0161\u010ditite svoj motor.<\/p>\n<p><strong><img decoding=\"async\" style=\"margin-right: 12px;\" src=\"https:\/\/www.noleaky.com\/wp-content\/uploads\/2026\/02\/Check.svg\" alt=\"\" width=\"18\" height=\"15\" \/>Garancija vra\u010dila denarja za popolno varnost.<\/strong> Prepri\u010dani smo v u\u010dinkovitost na\u0161e preventivne hladilne teko\u010dine. \u010ce z njeno u\u010dinkovitostjo ne boste zadovoljni, vam ponujamo garancijo za vra\u010dilo denarja. Preprosto se obrnite na nas in vrnili vam bomo kupnino, tako da bo va\u0161a nalo\u017eba popolnoma brez tveganja.<\/p>\n<p><strong><img decoding=\"async\" style=\"margin-right: 12px;\" src=\"https:\/\/www.noleaky.com\/wp-content\/uploads\/2026\/02\/Check.svg\" alt=\"\" width=\"18\" height=\"15\" \/>Za\u0161\u010dita pred zmrzovanjem do -37\u00b0 C (-35\u00b0 F).<\/strong> Na\u0161a napredna formulacija sredstva proti zmrzovanju zagotavlja zanesljivo za\u0161\u010dito pred temperaturami zamrzovanja do -37 stopinj Celzija, kar ustreza -35 stopinjam Fahrenheita. To zagotavlja varno delovanje motorja v ekstremnih zimskih razmerah, hkrati pa ohranja optimalno u\u010dinkovitost hlajenja skozi vse leto.<\/p>\n<p><strong><img decoding=\"async\" style=\"margin-right: 12px;\" src=\"https:\/\/www.noleaky.com\/wp-content\/uploads\/2026\/02\/Check.svg\" alt=\"\" width=\"18\" height=\"15\" \/>\u0160\u010diti pred korozijo in notranjo rjo.<\/strong> Poleg prepre\u010devanja pu\u0161\u010danja hladilna teko\u010dina vsebuje tudi inhibitorje korozije, ki aluminij, baker, jeklo in druge kovine hladilnega sistema \u0161\u010ditijo pred rjo in elektrokemi\u010dno degradacijo ter tako podalj\u0161ujejo \u017eivljenjsko dobo komponent.<\/p>\n<p><strong><img decoding=\"async\" style=\"margin-right: 12px;\" src=\"https:\/\/www.noleaky.com\/wp-content\/uploads\/2026\/02\/Check.svg\" alt=\"\" width=\"18\" height=\"15\" \/>Vzdr\u017euje optimalno temperaturo motorja.<\/strong> Z zagotavljanjem tesnega in u\u010dinkovitega hladilnega sistema izdelek podpira stalno kro\u017eenje hladilne teko\u010dine in izmenjavo toplote ter pomaga prepre\u010devati pregrevanje in obremenitve motorja v vro\u010dih in hladnih razmerah.<\/p>\n<p><strong><img decoding=\"async\" style=\"margin-right: 12px;\" src=\"https:\/\/www.noleaky.com\/wp-content\/uploads\/2026\/02\/Check.svg\" alt=\"\" width=\"18\" height=\"15\" \/>Zdru\u017eljiv z ve\u010dino hladilnih sistemov.<\/strong> Ta preventivna hladilna teko\u010dina je primerna za uporabo v osebnih avtomobilih, lahkih tovornjakih in \u0161tevilnih motorjih s teko\u010dinskim hlajenjem ter je zdru\u017eljiva z obi\u010dajnimi materiali hladilnikov in standardnimi oblikami hladilnih sistemov, \u010de se uporablja v skladu z navodili.<\/p>\n<p><strong><img decoding=\"async\" style=\"margin-right: 12px;\" src=\"https:\/\/www.noleaky.com\/wp-content\/uploads\/2026\/02\/Check.svg\" alt=\"\" width=\"18\" height=\"15\" \/>Dolgotrajna za\u0161\u010dita z u\u010dinkovito pokritostjo.<\/strong> Ena posoda je zasnovana za obdelavo celotnega standardnega hladilnega sistema in zagotavlja popolno notranjo pokritost ter dolgoro\u010dno prepre\u010devanje pu\u0161\u010danja brez potrebe po dodatnih dodatkih.<\/p>\n<h2><strong>Navodila<\/strong><\/h2>\n<ul>\n<li>Pred odpiranjem hladilnega sistema se prepri\u010dajte, da je motor popolnoma ohlajen.<\/li>\n<li>Pred uporabo posodo temeljito pretresite.<\/li>\n<li>Preverite trenutno raven in stanje hladilne teko\u010dine. \u010ce je sistem mo\u010dno onesna\u017een, ga pred dodajanjem preventivne hladilne teko\u010dine splaknite.<\/li>\n<li>Preventivno hladilno teko\u010dino vlijte neposredno v hladilnik ali ekspanzijsko posodo glede na konstrukcijo vozila.<\/li>\n<li>Priporo\u010deni odmerek je ena posoda za standardni hladilni sistem s prostornino pribli\u017eno 5 do 10 litrov. Ne prekora\u010dite zmogljivosti, ki jo je navedel proizvajalec.<\/li>\n<li>\u010ce dopolnjujete obstoje\u010do me\u0161anico hladilne teko\u010dine, se prepri\u010dajte o zdru\u017eljivosti z obstoje\u010do vrsto sredstva proti zmrzovanju.<\/li>\n<li>Po dodajanju izdelka poganjajte motor 10 do 15 minut z najve\u010djo nastavitvijo grelnika, da omogo\u010dite popolno kro\u017eenje po sistemu.<\/li>\n<li>Ko se motor ohladi, ponovno preverite nivo hladilne teko\u010dine in jo po potrebi dolijte.<\/li>\n<li>Redno pregledujte cevi in priklju\u010dke, da zagotovite optimalno delovanje sistema.<\/li>\n<li>Izdelek shranjujte v zaprti posodi, stran od neposredne son\u010dne svetlobe in ekstremnih temperatur.<\/li>\n<\/ul>","protected":false},"excerpt":{"rendered":"<p>Prevents coolant leaks before they become costly repairs. Our preventative coolant is specially formulated to seal micro-leaks and porosities within the cooling system before they develop into serious failures. It circulates with the coolant and targets minor seepage points, forming a durable internal seal that helps maintain system integrity and prevent fluid loss. The most [&hellip;]<\/p>\n","protected":false},"featured_media":23088,"comment_status":"open","ping_status":"closed","template":"","meta":{"_uag_custom_page_level_css":"","site-sidebar-layout":"default","site-content-layout":"","ast-site-content-layout":"default","site-content-style":"default","site-sidebar-style":"default","ast-global-header-display":"","ast-banner-title-visibility":"","ast-main-header-display":"","ast-hfb-above-header-display":"","ast-hfb-below-header-display":"","ast-hfb-mobile-header-display":"","site-post-title":"","ast-breadcrumbs-content":"","ast-featured-img":"","footer-sml-layout":"","ast-disable-related-posts":"","theme-transparent-header-meta":"default","adv-header-id-meta":"","stick-header-meta":"","header-above-stick-meta":"","header-main-stick-meta":"","header-below-stick-meta":"","astra-migrate-meta-layouts":"set","ast-page-background-enabled":"default","ast-page-background-meta":{"desktop":{"background-color":"var(--ast-global-color-4)","background-image":"","background-repeat":"repeat","background-position":"center center","background-size":"auto","background-attachment":"scroll","background-type":"","background-media":"","overlay-type":"","overlay-color":"","overlay-opacity":"","overlay-gradient":""},"tablet":{"background-color":"","background-image":"","background-repeat":"repeat","background-position":"center center","background-size":"auto","background-attachment":"scroll","background-type":"","background-media":"","overlay-type":"","overlay-color":"","overlay-opacity":"","overlay-gradient":""},"mobile":{"background-color":"","background-image":"","background-repeat":"repeat","background-position":"center center","background-size":"auto","background-attachment":"scroll","background-type":"","background-media":"","overlay-type":"","overlay-color":"","overlay-opacity":"","overlay-gradient":""}},"ast-content-background-meta":{"desktop":{"background-color":"var(--ast-global-color-5)","background-image":"","background-repeat":"repeat","background-position":"center center","background-size":"auto","background-attachment":"scroll","background-type":"","background-media":"","overlay-type":"","overlay-color":"","overlay-opacity":"","overlay-gradient":""},"tablet":{"background-color":"var(--ast-global-color-5)","background-image":"","background-repeat":"repeat","background-position":"center center","background-size":"auto","background-attachment":"scroll","background-type":"","background-media":"","overlay-type":"","overlay-color":"","overlay-opacity":"","overlay-gradient":""},"mobile":{"background-color":"var(--ast-global-color-5)","background-image":"","background-repeat":"repeat","background-position":"center center","background-size":"auto","background-attachment":"scroll","background-type":"","background-media":"","overlay-type":"","overlay-color":"","overlay-opacity":"","overlay-gradient":""}}},"product_brand":[],"product_cat":[176],"product_tag":[],"class_list":{"0":"post-23022","1":"product","2":"type-product","3":"status-publish","4":"has-post-thumbnail","6":"product_cat-automotive","7":"desktop-align-left","8":"tablet-align-left","9":"mobile-align-left","11":"first","12":"instock","13":"sale","14":"shipping-taxable","15":"purchasable","16":"product-type-variable","17":"has-default-attributes"},"spectra_custom_meta":{"_visibility":["visible"],"_shopify_product_id":["1706252697634"],"_s2w_shopify_domain":["noleaky.myshopify.com"],"_shopify_variant_id":["16017046700066"],"_manage_stock":["no"],"total_sales":["45"],"_tax_status":["taxable"],"_tax_class":[""],"_backorders":["no"],"_sold_individually":["no"],"_virtual":["no"],"_downloadable":["no"],"_download_limit":["-1"],"_download_expiry":["-1"],"_stock":[null],"_stock_status":["instock"],"_wc_average_rating":["4.90"],"_wc_review_count":["71"],"_product_attributes":["a:1:{s:6:\"volume\";a:6:{s:4:\"name\";s:6:\"Volume\";s:5:\"value\";s:18:\"1 liter | 5 liters\";s:8:\"position\";i:1;s:10:\"is_visible\";i:0;s:12:\"is_variation\";i:1;s:11:\"is_taxonomy\";i:0;}}"],"_product_version":["10.5.2"],"_thumbnail_id":["23088"],"_product_image_gallery":["23089"],"_edit_lock":["1772372499:1"],"_default_attributes":["a:1:{s:6:\"volume\";s:7:\"1 liter\";}"],"_price":["9.90","39.90"],"merchant-center-availability":["yes"],"merchant-center-category":["2517"],"merchant-center-id":["LP1L"],"_edit_last":["1"],"_wp_page_template":["default"],"site-sidebar-layout":["default"],"ast-site-content-layout":["default"],"site-content-style":["default"],"site-sidebar-style":["default"],"theme-transparent-header-meta":["default"],"_wc_rating_count":["a:3:{i:3;i:1;i:4;i:5;i:5;i:65;}"],"_upsell_ids":["a:3:{i:0;i:22975;i:1;i:22976;i:2;i:22985;}"],"_crosssell_ids":["a:3:{i:0;i:22975;i:1;i:22976;i:2;i:22985;}"],"astra-migrate-meta-layouts":["set"],"_uag_css_file_name":["uag-css-23022.css"],"_elementor_page_assets":["a:0:{}"],"_uag_page_assets":["a:9:{s:3:\"css\";s:7133:\".uag-blocks-common-selector{z-index:var(--z-index-desktop) !important}@media(max-width: 976px){.uag-blocks-common-selector{z-index:var(--z-index-tablet) !important}}@media(max-width: 767px){.uag-blocks-common-selector{z-index:var(--z-index-mobile) !important}}.wp-block-uagb-image{display:flex}.wp-block-uagb-image__figure{position:relative;display:flex;flex-direction:column;max-width:100%;height:auto;margin:0}.wp-block-uagb-image__figure img{height:auto;display:flex;max-width:100%;transition:box-shadow .2s ease}.wp-block-uagb-image__figure>a{display:inline-block}.wp-block-uagb-image__figure figcaption{text-align:center;margin-top:.5em;margin-bottom:1em}.wp-block-uagb-image .components-placeholder.block-editor-media-placeholder .components-placeholder__instructions{align-self:center}.wp-block-uagb-image--align-left{text-align:left}.wp-block-uagb-image--align-right{text-align:right}.wp-block-uagb-image--align-center{text-align:center}.wp-block-uagb-image--align-full .wp-block-uagb-image__figure{margin-left:calc(50% - 50vw);margin-right:calc(50% - 50vw);max-width:100vw;width:100vw;height:auto}.wp-block-uagb-image--align-full .wp-block-uagb-image__figure img{height:auto;width:100% !important}.wp-block-uagb-image--align-wide .wp-block-uagb-image__figure img{height:auto;width:100%}.wp-block-uagb-image--layout-overlay__color-wrapper{position:absolute;left:0;top:0;right:0;bottom:0;opacity:.2;background:rgba(0,0,0,.5);transition:opacity .35s ease-in-out}.wp-block-uagb-image--layout-overlay-link{position:absolute;left:0;right:0;bottom:0;top:0}.wp-block-uagb-image--layout-overlay .wp-block-uagb-image__figure:hover .wp-block-uagb-image--layout-overlay__color-wrapper{opacity:1}.wp-block-uagb-image--layout-overlay__inner{position:absolute;left:15px;right:15px;bottom:15px;top:15px;display:flex;align-items:center;justify-content:center;flex-direction:column;border-color:#fff;transition:.35s ease-in-out}.wp-block-uagb-image--layout-overlay__inner.top-left,.wp-block-uagb-image--layout-overlay__inner.top-center,.wp-block-uagb-image--layout-overlay__inner.top-right{justify-content:flex-start}.wp-block-uagb-image--layout-overlay__inner.bottom-left,.wp-block-uagb-image--layout-overlay__inner.bottom-center,.wp-block-uagb-image--layout-overlay__inner.bottom-right{justify-content:flex-end}.wp-block-uagb-image--layout-overlay__inner.top-left,.wp-block-uagb-image--layout-overlay__inner.center-left,.wp-block-uagb-image--layout-overlay__inner.bottom-left{align-items:flex-start}.wp-block-uagb-image--layout-overlay__inner.top-right,.wp-block-uagb-image--layout-overlay__inner.center-right,.wp-block-uagb-image--layout-overlay__inner.bottom-right{align-items:flex-end}.wp-block-uagb-image--layout-overlay__inner .uagb-image-heading{color:#fff;transition:transform .35s,opacity .35s ease-in-out;transform:translate3d(0, 24px, 0);margin:0;line-height:1em}.wp-block-uagb-image--layout-overlay__inner .uagb-image-separator{width:30%;border-top-width:2px;border-top-color:#fff;border-top-style:solid;margin-bottom:10px;opacity:0;transition:transform .4s,opacity .4s ease-in-out;transform:translate3d(0, 30px, 0)}.wp-block-uagb-image--layout-overlay__inner .uagb-image-caption{opacity:0;overflow:visible;color:#fff;transition:transform .45s,opacity .45s ease-in-out;transform:translate3d(0, 35px, 0)}.wp-block-uagb-image--layout-overlay__inner:hover .uagb-image-heading,.wp-block-uagb-image--layout-overlay__inner:hover .uagb-image-separator,.wp-block-uagb-image--layout-overlay__inner:hover .uagb-image-caption{opacity:1;transform:translate3d(0, 0, 0)}.wp-block-uagb-image--effect-zoomin .wp-block-uagb-image__figure img,.wp-block-uagb-image--effect-zoomin .wp-block-uagb-image__figure .wp-block-uagb-image--layout-overlay__color-wrapper{transform:scale(1);transition:transform .35s ease-in-out}.wp-block-uagb-image--effect-zoomin .wp-block-uagb-image__figure:hover img,.wp-block-uagb-image--effect-zoomin .wp-block-uagb-image__figure:hover .wp-block-uagb-image--layout-overlay__color-wrapper{transform:scale(1.05)}.wp-block-uagb-image--effect-slide .wp-block-uagb-image__figure img,.wp-block-uagb-image--effect-slide .wp-block-uagb-image__figure .wp-block-uagb-image--layout-overlay__color-wrapper{width:calc(100% + 40px) !important;max-width:none !important;transform:translate3d(-40px, 0, 0);transition:transform .35s ease-in-out}.wp-block-uagb-image--effect-slide .wp-block-uagb-image__figure:hover img,.wp-block-uagb-image--effect-slide .wp-block-uagb-image__figure:hover .wp-block-uagb-image--layout-overlay__color-wrapper{transform:translate3d(0, 0, 0)}.wp-block-uagb-image--effect-grayscale img{filter:grayscale(0%);transition:.35s ease-in-out}.wp-block-uagb-image--effect-grayscale:hover img{filter:grayscale(100%)}.wp-block-uagb-image--effect-blur img{filter:blur(0);transition:.35s ease-in-out}.wp-block-uagb-image--effect-blur:hover img{filter:blur(3px)}.uagb-block-e6f939b3.wp-block-uagb-image--layout-default figure img{box-shadow: 0px 0px 0 #00000070;}.uagb-block-e6f939b3.wp-block-uagb-image .wp-block-uagb-image__figure figcaption{font-style: normal;align-self: center;}.uagb-block-e6f939b3.wp-block-uagb-image--layout-overlay figure img{box-shadow: 0px 0px 0 #00000070;}.uagb-block-e6f939b3.wp-block-uagb-image--layout-overlay .wp-block-uagb-image--layout-overlay__color-wrapper{opacity: 0.2;}.uagb-block-e6f939b3.wp-block-uagb-image--layout-overlay .wp-block-uagb-image--layout-overlay__inner{left: 15px;right: 15px;top: 15px;bottom: 15px;}.uagb-block-e6f939b3.wp-block-uagb-image--layout-overlay .wp-block-uagb-image--layout-overlay__inner .uagb-image-heading{font-style: normal;color: #fff;opacity: 1;}.uagb-block-e6f939b3.wp-block-uagb-image--layout-overlay .wp-block-uagb-image--layout-overlay__inner .uagb-image-heading a{color: #fff;}.uagb-block-e6f939b3.wp-block-uagb-image--layout-overlay .wp-block-uagb-image--layout-overlay__inner .uagb-image-caption{opacity: 0;}.uagb-block-e6f939b3.wp-block-uagb-image--layout-overlay .wp-block-uagb-image__figure:hover .wp-block-uagb-image--layout-overlay__color-wrapper{opacity: 1;}.uagb-block-e6f939b3.wp-block-uagb-image .wp-block-uagb-image--layout-overlay__inner .uagb-image-separator{width: 30%;border-top-width: 2px;border-top-color: #fff;opacity: 0;}.uagb-block-e6f939b3.wp-block-uagb-image .wp-block-uagb-image__figure img{width: px;height: auto;}.uagb-block-e6f939b3.wp-block-uagb-image .wp-block-uagb-image__figure:hover .wp-block-uagb-image--layout-overlay__inner .uagb-image-caption{opacity: 1;}.uagb-block-e6f939b3.wp-block-uagb-image .wp-block-uagb-image__figure:hover .wp-block-uagb-image--layout-overlay__inner .uagb-image-separator{opacity: 1;}.uagb-block-e6f939b3.wp-block-uagb-image--layout-default figure:hover img{box-shadow: 0px 0px 0 #00000070;}.uagb-block-e6f939b3.wp-block-uagb-image--layout-overlay figure:hover img{box-shadow: 0px 0px 0 #00000070;}@media only screen and (max-width: 976px) {.uagb-block-e6f939b3.wp-block-uagb-image .wp-block-uagb-image__figure img{width: px;height: auto;}}@media only screen and (max-width: 767px) {.uagb-block-e6f939b3.wp-block-uagb-image .wp-block-uagb-image__figure img{width: px;height: auto;}}\";s:2:\"js\";s:0:\"\";s:18:\"current_block_list\";a:13:{i:0;s:11:\"core\/search\";i:1;s:10:\"core\/group\";i:2;s:12:\"core\/heading\";i:3;s:17:\"core\/latest-posts\";i:4;s:20:\"core\/latest-comments\";i:5;s:13:\"core\/archives\";i:6;s:15:\"core\/categories\";i:7;s:14:\"core\/paragraph\";i:8;s:10:\"uagb\/image\";i:9;s:11:\"core\/spacer\";i:10;s:30:\"woocommerce\/product-categories\";i:11;s:10:\"core\/image\";i:12;s:14:\"core\/shortcode\";}s:8:\"uag_flag\";b:1;s:11:\"uag_version\";s:10:\"1776785109\";s:6:\"gfonts\";a:0:{}s:10:\"gfonts_url\";s:0:\"\";s:12:\"gfonts_files\";a:0:{}s:14:\"uag_faq_layout\";b:0;}"]},"uagb_featured_image_src":{"full":["https:\/\/www.noleaky.com\/wp-content\/uploads\/2025\/06\/Label_1.png",1500,1500,false],"thumbnail":["https:\/\/www.noleaky.com\/wp-content\/uploads\/2025\/06\/Label_1-150x150.png",150,150,true],"medium":["https:\/\/www.noleaky.com\/wp-content\/uploads\/2025\/06\/Label_1-300x300.png",300,300,true],"medium_large":["https:\/\/www.noleaky.com\/wp-content\/uploads\/2025\/06\/Label_1-768x768.png",768,768,true],"large":["https:\/\/www.noleaky.com\/wp-content\/uploads\/2025\/06\/Label_1-1024x1024.png",1024,1024,true],"1536x1536":["https:\/\/www.noleaky.com\/wp-content\/uploads\/2025\/06\/Label_1.png",1500,1500,false],"2048x2048":["https:\/\/www.noleaky.com\/wp-content\/uploads\/2025\/06\/Label_1.png",1500,1500,false],"trp-custom-language-flag":["https:\/\/www.noleaky.com\/wp-content\/uploads\/2025\/06\/Label_1-12x12.png",12,12,true],"woocommerce_thumbnail":["https:\/\/www.noleaky.com\/wp-content\/uploads\/2025\/06\/Label_1-300x300.png",300,300,true],"woocommerce_single":["https:\/\/www.noleaky.com\/wp-content\/uploads\/2025\/06\/Label_1-600x600.png",600,600,true],"woocommerce_gallery_thumbnail":["https:\/\/www.noleaky.com\/wp-content\/uploads\/2025\/06\/Label_1-100x100.png",100,100,true]},"uagb_author_info":{"display_name":"admin","author_link":"https:\/\/www.noleaky.com\/si\/author\/"},"uagb_comment_info":71,"uagb_excerpt":"Prevents coolant leaks before they become costly repairs. Our preventative coolant is specially formulated to seal micro-leaks and porosities within the cooling system before they develop into serious failures. It circulates with the coolant and targets minor seepage points, forming a durable internal seal that helps maintain system integrity and prevent fluid loss. The most&hellip;","_links":{"self":[{"href":"https:\/\/www.noleaky.com\/si\/wp-json\/wp\/v2\/product\/23022","targetHints":{"allow":["GET"]}}],"collection":[{"href":"https:\/\/www.noleaky.com\/si\/wp-json\/wp\/v2\/product"}],"about":[{"href":"https:\/\/www.noleaky.com\/si\/wp-json\/wp\/v2\/types\/product"}],"replies":[{"embeddable":true,"href":"https:\/\/www.noleaky.com\/si\/wp-json\/wp\/v2\/comments?post=23022"}],"version-history":[{"count":5,"href":"https:\/\/www.noleaky.com\/si\/wp-json\/wp\/v2\/product\/23022\/revisions"}],"predecessor-version":[{"id":33266,"href":"https:\/\/www.noleaky.com\/si\/wp-json\/wp\/v2\/product\/23022\/revisions\/33266"}],"wp:featuredmedia":[{"embeddable":true,"href":"https:\/\/www.noleaky.com\/si\/wp-json\/wp\/v2\/media\/23088"}],"wp:attachment":[{"href":"https:\/\/www.noleaky.com\/si\/wp-json\/wp\/v2\/media?parent=23022"}],"wp:term":[{"taxonomy":"product_brand","embeddable":true,"href":"https:\/\/www.noleaky.com\/si\/wp-json\/wp\/v2\/product_brand?post=23022"},{"taxonomy":"product_cat","embeddable":true,"href":"https:\/\/www.noleaky.com\/si\/wp-json\/wp\/v2\/product_cat?post=23022"},{"taxonomy":"product_tag","embeddable":true,"href":"https:\/\/www.noleaky.com\/si\/wp-json\/wp\/v2\/product_tag?post=23022"}],"curies":[{"name":"wp","href":"https:\/\/api.w.org\/{rel}","templated":true}]}}