{"id":23011,"date":"2025-06-02T15:49:15","date_gmt":"2025-06-02T13:49:15","guid":{"rendered":"https:\/\/www.noleaky.com\/products\/injector-cleaner\/"},"modified":"2026-03-01T14:46:25","modified_gmt":"2026-03-01T13:46:25","slug":"injector-cleaner","status":"publish","type":"product","link":"https:\/\/www.noleaky.com\/si\/products\/injector-cleaner\/","title":{"rendered":"\u010cistilo za vbrizgalnike"},"content":{"rendered":"<p><strong><img decoding=\"async\" style=\"margin-right: 12px;\" src=\"https:\/\/www.noleaky.com\/wp-content\/uploads\/2026\/02\/Check.svg\" alt=\"\" width=\"18\" height=\"15\" \/>Takoj obnovi zmogljivost vbrizgalnikov in u\u010dinkovitost motorja.<\/strong> Na\u0161e \u010distilo za injektorje je posebej zasnovano za odstranjevanje ogljikovih oblog, laka in ostankov goriva, ki se s\u010dasoma naberejo v injektorjih. S \u010di\u0161\u010denjem in ponovno vzpostavitvijo pravilnega vzorca razpr\u0161evanja pomaga izbolj\u0161ati kakovost izgorevanja, zaradi \u010desar je pospe\u0161evanje bolj gladko, odzivnost je bolj\u0161a, delovanje motorja pa stabilnej\u0161e.<\/p>\n<p><strong><img decoding=\"async\" style=\"margin-right: 12px;\" src=\"https:\/\/www.noleaky.com\/wp-content\/uploads\/2026\/02\/Check.svg\" alt=\"\" width=\"18\" height=\"15\" \/>Naju\u010dinkovitej\u0161a formula za \u010di\u0161\u010denje injektorjev, ki je na voljo.<\/strong> Zaradi napredne tehnologije \u010distil je to naju\u010dinkovitej\u0161e \u010distilo za injektorje v svoji kategoriji. Prodre globoko v \u0161obe injektorjev in notranje kanale za gorivo ter raztopi trdovratne usedline, ki jih obi\u010dajni dodatki ne morejo odstraniti. Rezultat je opazno izbolj\u0161anje gladkosti delovanja motorja in zmanj\u0161anje oklevanja.<\/p>\n<p><strong><img decoding=\"async\" style=\"margin-right: 12px;\" src=\"https:\/\/www.noleaky.com\/wp-content\/uploads\/2026\/02\/Check.svg\" alt=\"\" width=\"18\" height=\"15\" \/>Najcenej\u0161a profesionalna obdelava injektorjev na trgu.<\/strong> Ponujamo vrhunsko u\u010dinkovitost \u010di\u0161\u010denja po najbolj konkuren\u010dni ceni. Na\u0161e \u010distilo za injektorje je najcenej\u0161a visokokakovostna re\u0161itev, ki je na voljo, saj zagotavlja rezultate na ravni delavnice brez dragih servisnih stro\u0161kov, povezanih s profesionalnim \u010di\u0161\u010denjem sistema za gorivo.<\/p>\n<p><strong><img decoding=\"async\" style=\"margin-right: 12px;\" src=\"https:\/\/www.noleaky.com\/wp-content\/uploads\/2026\/02\/Check.svg\" alt=\"\" width=\"18\" height=\"15\" \/>Zagotovljena 24-urna dostava za takoj\u0161njo oskrbo motorja.<\/strong> Te\u017eave z gorivnim sistemom lahko hitro vplivajo na zmogljivost in porabo goriva. Zato vam zagotavljamo dostavo 24 ur na dan, da lahko svoje vozilo takoj oskrbite in prepre\u010dite nadaljnje kopi\u010denje ali neu\u010dinkovitost.<\/p>\n<p><strong><img decoding=\"async\" style=\"margin-right: 12px;\" src=\"https:\/\/www.noleaky.com\/wp-content\/uploads\/2026\/02\/Check.svg\" alt=\"\" width=\"18\" height=\"15\" \/>Garancija vra\u010dila denarja za popolno zaupanje.<\/strong> Stojimo za kakovostjo in u\u010dinkovitostjo na\u0161ega \u010distila za vbrizgavanje. \u010ce niste zadovoljni z rezultati, vam ponujamo garancijo za vra\u010dilo denarja. Preprosto se obrnite na nas in vrnili vam bomo kupnino, tako da bo va\u0161a nalo\u017eba popolnoma brez tveganja.<\/p>\n<p><strong><img decoding=\"async\" style=\"margin-right: 12px;\" src=\"https:\/\/www.noleaky.com\/wp-content\/uploads\/2026\/02\/Check.svg\" alt=\"\" width=\"18\" height=\"15\" \/>Izbolj\u0161a u\u010dinkovitost goriva in zmanj\u0161a porabo.<\/strong> Umazani injektorji lahko motijo razpr\u0161evanje goriva, kar vodi v nepopolno izgorevanje in ve\u010djo porabo goriva. Na\u0161e \u010distilo za injektorje z obnovitvijo optimalnega vzorca razpr\u0161evanja pomaga motorjem u\u010dinkoviteje izgorevati gorivo, kar lahko zmanj\u0161a porabo goriva in zmanj\u0161a emisije.<\/p>\n<p><strong><img decoding=\"async\" style=\"margin-right: 12px;\" src=\"https:\/\/www.noleaky.com\/wp-content\/uploads\/2026\/02\/Check.svg\" alt=\"\" width=\"18\" height=\"15\" \/>Pove\u010da mo\u010d motorja in odzivnost plina.<\/strong> \u010cisti injektorji enakomerno in natan\u010dno dovajajo gorivo, zato se motor hitreje odziva na zahteve po pospe\u0161evanju. Vozniki po obdelavi pogosto ob\u010dutijo bolj gladek prosti tek, izbolj\u0161ano mo\u010d in manj\u0161e vibracije motorja.<\/p>\n<p><strong><img decoding=\"async\" style=\"margin-right: 12px;\" src=\"https:\/\/www.noleaky.com\/wp-content\/uploads\/2026\/02\/Check.svg\" alt=\"\" width=\"18\" height=\"15\" \/>Zmanj\u0161uje emisije izpu\u0161nih plinov in obloge v motorju.<\/strong> S spodbujanjem \u010distej\u0161ega izgorevanja \u010distilec vbrizgalnika pomaga zmanj\u0161ati koli\u010dino nezgorelih ostankov goriva in kopi\u010denje ogljika v zgorevalni komori, kar prispeva k ni\u017ejim emisijam izpu\u0161nih plinov in \u010distej\u0161emu motorju na splo\u0161no.<\/p>\n<p><strong><img decoding=\"async\" style=\"margin-right: 12px;\" src=\"https:\/\/www.noleaky.com\/wp-content\/uploads\/2026\/02\/Check.svg\" alt=\"\" width=\"18\" height=\"15\" \/>Zdru\u017eljiv z bencinskimi in dizelskimi motorji.<\/strong> Na\u0161e vsestransko \u010distilo za vbrizgavanje je primerno za ve\u010dino sodobnih bencinskih in dizelskih motorjev, vklju\u010dno s sistemi neposrednega vbrizgavanja, \u010de se uporablja v skladu s priporo\u010dili proizvajalca.<\/p>\n<p><strong><img decoding=\"async\" style=\"margin-right: 12px;\" src=\"https:\/\/www.noleaky.com\/wp-content\/uploads\/2026\/02\/Check.svg\" alt=\"\" width=\"18\" height=\"15\" \/>Visoka zmogljivost obdelave z odli\u010dno pokritostjo.<\/strong> Ena stekleni\u010dka je namenjena za poln rezervoar goriva, kar zagotavlja popolno porazdelitev po celotnem sistemu za gorivo in optimalno \u010di\u0161\u010denje od rezervoarja do zgorevalnega prostora.<\/p>\n<h2><strong>Navodila<\/strong><\/h2>\n<ul>\n<li>Pred uporabo stekleni\u010dko dobro pretresite.<\/li>\n<li>Pred polnjenjem goriva vlijte celotno vsebino \u010distilca za vbrizgavanje neposredno v rezervoar za gorivo.<\/li>\n<li>Priporo\u010deni odmerek je ena stekleni\u010dka za 40 do 60 litrov goriva. Sorazmerno prilagodite glede na prostornino rezervoarja.<\/li>\n<li>Takoj po dodajanju izdelka napolnite rezervoar z gorivom, da zagotovite pravilno me\u0161anje.<\/li>\n<li>Vozite normalno, da lahko obdelano gorivo kro\u017ei skozi injektorje in celoten sistem za gorivo.<\/li>\n<li>Za najbolj\u0161e rezultate ga uporabljajte vsakih 3.000 do 5.000 kilometrov ali v rednih servisnih intervalih.<\/li>\n<li>Pri vozilih, ki imajo opazne te\u017eave z delovanjem, se lahko pri naslednjem polnem rezervoarju goriva opravi drugo \u010di\u0161\u010denje.<\/li>\n<li>Ne prekora\u010dite priporo\u010denega odmerka.<\/li>\n<li>Primerno za redno preventivno vzdr\u017eevanje in korektivno \u010di\u0161\u010denje.<\/li>\n<li>Izdelek shranjujte na hladnem in suhem mestu, stran od neposredne son\u010dne svetlobe.<\/li>\n<\/ul>","protected":false},"excerpt":{"rendered":"<p>Restores injector performance and engine efficiency instantly. Our injector cleaner is specially formulated to remove carbon deposits, varnish, and fuel residues that accumulate inside fuel injectors over time. By cleaning and restoring proper spray patterns, it helps improve combustion quality, resulting in smoother acceleration, improved responsiveness, and more stable engine operation. The most effective injector [&hellip;]<\/p>\n","protected":false},"featured_media":23080,"comment_status":"open","ping_status":"closed","template":"","meta":{"_uag_custom_page_level_css":"","site-sidebar-layout":"default","site-content-layout":"","ast-site-content-layout":"default","site-content-style":"default","site-sidebar-style":"default","ast-global-header-display":"","ast-banner-title-visibility":"","ast-main-header-display":"","ast-hfb-above-header-display":"","ast-hfb-below-header-display":"","ast-hfb-mobile-header-display":"","site-post-title":"","ast-breadcrumbs-content":"","ast-featured-img":"","footer-sml-layout":"","ast-disable-related-posts":"","theme-transparent-header-meta":"default","adv-header-id-meta":"","stick-header-meta":"","header-above-stick-meta":"","header-main-stick-meta":"","header-below-stick-meta":"","astra-migrate-meta-layouts":"set","ast-page-background-enabled":"default","ast-page-background-meta":{"desktop":{"background-color":"var(--ast-global-color-4)","background-image":"","background-repeat":"repeat","background-position":"center center","background-size":"auto","background-attachment":"scroll","background-type":"","background-media":"","overlay-type":"","overlay-color":"","overlay-opacity":"","overlay-gradient":""},"tablet":{"background-color":"","background-image":"","background-repeat":"repeat","background-position":"center center","background-size":"auto","background-attachment":"scroll","background-type":"","background-media":"","overlay-type":"","overlay-color":"","overlay-opacity":"","overlay-gradient":""},"mobile":{"background-color":"","background-image":"","background-repeat":"repeat","background-position":"center center","background-size":"auto","background-attachment":"scroll","background-type":"","background-media":"","overlay-type":"","overlay-color":"","overlay-opacity":"","overlay-gradient":""}},"ast-content-background-meta":{"desktop":{"background-color":"var(--ast-global-color-5)","background-image":"","background-repeat":"repeat","background-position":"center center","background-size":"auto","background-attachment":"scroll","background-type":"","background-media":"","overlay-type":"","overlay-color":"","overlay-opacity":"","overlay-gradient":""},"tablet":{"background-color":"var(--ast-global-color-5)","background-image":"","background-repeat":"repeat","background-position":"center center","background-size":"auto","background-attachment":"scroll","background-type":"","background-media":"","overlay-type":"","overlay-color":"","overlay-opacity":"","overlay-gradient":""},"mobile":{"background-color":"var(--ast-global-color-5)","background-image":"","background-repeat":"repeat","background-position":"center center","background-size":"auto","background-attachment":"scroll","background-type":"","background-media":"","overlay-type":"","overlay-color":"","overlay-opacity":"","overlay-gradient":""}}},"product_brand":[],"product_cat":[176],"product_tag":[],"class_list":{"0":"post-23011","1":"product","2":"type-product","3":"status-publish","4":"has-post-thumbnail","6":"product_cat-automotive","7":"desktop-align-left","8":"tablet-align-left","9":"mobile-align-left","11":"first","12":"instock","13":"shipping-taxable","14":"purchasable","15":"product-type-simple"},"spectra_custom_meta":{"_visibility":["visible"],"_shopify_product_id":["7960307794140"],"_s2w_shopify_domain":["noleaky.myshopify.com"],"_shopify_variant_id":["43735169171676"],"_sku":["NLINJECTORCLEANER"],"_regular_price":["29.90"],"_price":["29.90"],"_sale_price":[""],"_weight":["0.35"],"_thumbnail_id":["23080"],"_global_unique_id":["5056773800823"],"total_sales":["25"],"_tax_status":["taxable"],"_tax_class":[""],"_manage_stock":["no"],"_backorders":["no"],"_sold_individually":["no"],"_virtual":["no"],"_downloadable":["no"],"_download_limit":["-1"],"_download_expiry":["-1"],"_stock":[null],"_stock_status":["instock"],"_wc_average_rating":["4.93"],"_wc_review_count":["76"],"_product_version":["10.5.2"],"_edit_lock":["1772372729:1"],"merchant-center-availability":["yes"],"merchant-center-category":["2788"],"merchant-center-id":["INJECTORCLEANER"],"_edit_last":["1"],"_wp_page_template":["default"],"site-sidebar-layout":["default"],"ast-site-content-layout":["default"],"site-content-style":["default"],"site-sidebar-style":["default"],"theme-transparent-header-meta":["default"],"_wc_rating_count":["a:2:{i:4;i:5;i:5;i:71;}"],"_upsell_ids":["a:3:{i:0;i:22975;i:1;i:22985;i:2;i:23025;}"],"_crosssell_ids":["a:3:{i:0;i:22975;i:1;i:22985;i:2;i:23025;}"],"astra-migrate-meta-layouts":["set"],"_uag_css_file_name":["uag-css-23011.css"],"_elementor_page_assets":["a:0:{}"],"_uag_page_assets":["a:9:{s:3:\"css\";s:7156:\".uag-blocks-common-selector{z-index:var(--z-index-desktop) !important}@media (max-width: 976px){.uag-blocks-common-selector{z-index:var(--z-index-tablet) !important}}@media (max-width: 767px){.uag-blocks-common-selector{z-index:var(--z-index-mobile) !important}}\n.wp-block-uagb-image{display:flex}.wp-block-uagb-image__figure{position:relative;display:flex;flex-direction:column;max-width:100%;height:auto;margin:0}.wp-block-uagb-image__figure img{height:auto;display:flex;max-width:100%;transition:box-shadow 0.2s ease}.wp-block-uagb-image__figure>a{display:inline-block}.wp-block-uagb-image__figure figcaption{text-align:center;margin-top:0.5em;margin-bottom:1em}.wp-block-uagb-image .components-placeholder.block-editor-media-placeholder .components-placeholder__instructions{align-self:center}.wp-block-uagb-image--align-left{text-align:left}.wp-block-uagb-image--align-right{text-align:right}.wp-block-uagb-image--align-center{text-align:center}.wp-block-uagb-image--align-full .wp-block-uagb-image__figure{margin-left:calc(50% - 50vw);margin-right:calc(50% - 50vw);max-width:100vw;width:100vw;height:auto}.wp-block-uagb-image--align-full .wp-block-uagb-image__figure img{height:auto;width:100% !important}.wp-block-uagb-image--align-wide .wp-block-uagb-image__figure img{height:auto;width:100%}.wp-block-uagb-image--layout-overlay__color-wrapper{position:absolute;left:0;top:0;right:0;bottom:0;opacity:0.2;background:rgba(0,0,0,0.5);transition:opacity 0.35s ease-in-out}.wp-block-uagb-image--layout-overlay-link{position:absolute;left:0;right:0;bottom:0;top:0}.wp-block-uagb-image--layout-overlay .wp-block-uagb-image__figure:hover .wp-block-uagb-image--layout-overlay__color-wrapper{opacity:1}.wp-block-uagb-image--layout-overlay__inner{position:absolute;left:15px;right:15px;bottom:15px;top:15px;display:flex;align-items:center;justify-content:center;flex-direction:column;border-color:#fff;transition:0.35s ease-in-out}.wp-block-uagb-image--layout-overlay__inner.top-left,.wp-block-uagb-image--layout-overlay__inner.top-center,.wp-block-uagb-image--layout-overlay__inner.top-right{justify-content:flex-start}.wp-block-uagb-image--layout-overlay__inner.bottom-left,.wp-block-uagb-image--layout-overlay__inner.bottom-center,.wp-block-uagb-image--layout-overlay__inner.bottom-right{justify-content:flex-end}.wp-block-uagb-image--layout-overlay__inner.top-left,.wp-block-uagb-image--layout-overlay__inner.center-left,.wp-block-uagb-image--layout-overlay__inner.bottom-left{align-items:flex-start}.wp-block-uagb-image--layout-overlay__inner.top-right,.wp-block-uagb-image--layout-overlay__inner.center-right,.wp-block-uagb-image--layout-overlay__inner.bottom-right{align-items:flex-end}.wp-block-uagb-image--layout-overlay__inner .uagb-image-heading{color:#fff;transition:transform 0.35s, opacity 0.35s ease-in-out;transform:translate3d(0, 24px, 0);margin:0;line-height:1em}.wp-block-uagb-image--layout-overlay__inner .uagb-image-separator{width:30%;border-top-width:2px;border-top-color:#fff;border-top-style:solid;margin-bottom:10px;opacity:0;transition:transform 0.4s, opacity 0.4s ease-in-out;transform:translate3d(0, 30px, 0)}.wp-block-uagb-image--layout-overlay__inner .uagb-image-caption{opacity:0;overflow:visible;color:#fff;transition:transform 0.45s, opacity 0.45s ease-in-out;transform:translate3d(0, 35px, 0)}.wp-block-uagb-image--layout-overlay__inner:hover .uagb-image-heading,.wp-block-uagb-image--layout-overlay__inner:hover .uagb-image-separator,.wp-block-uagb-image--layout-overlay__inner:hover .uagb-image-caption{opacity:1;transform:translate3d(0, 0, 0)}.wp-block-uagb-image--effect-zoomin .wp-block-uagb-image__figure img,.wp-block-uagb-image--effect-zoomin .wp-block-uagb-image__figure .wp-block-uagb-image--layout-overlay__color-wrapper{transform:scale(1);transition:transform 0.35s ease-in-out}.wp-block-uagb-image--effect-zoomin .wp-block-uagb-image__figure:hover img,.wp-block-uagb-image--effect-zoomin .wp-block-uagb-image__figure:hover .wp-block-uagb-image--layout-overlay__color-wrapper{transform:scale(1.05)}.wp-block-uagb-image--effect-slide .wp-block-uagb-image__figure img,.wp-block-uagb-image--effect-slide .wp-block-uagb-image__figure .wp-block-uagb-image--layout-overlay__color-wrapper{width:calc(100% + 40px) !important;max-width:none !important;transform:translate3d(-40px, 0, 0);transition:transform 0.35s ease-in-out}.wp-block-uagb-image--effect-slide .wp-block-uagb-image__figure:hover img,.wp-block-uagb-image--effect-slide .wp-block-uagb-image__figure:hover .wp-block-uagb-image--layout-overlay__color-wrapper{transform:translate3d(0, 0, 0)}.wp-block-uagb-image--effect-grayscale img{filter:grayscale(0%);transition:0.35s ease-in-out}.wp-block-uagb-image--effect-grayscale:hover img{filter:grayscale(100%)}.wp-block-uagb-image--effect-blur img{filter:blur(0);transition:0.35s ease-in-out}.wp-block-uagb-image--effect-blur:hover img{filter:blur(3px)}\n.uagb-block-e6f939b3.wp-block-uagb-image--layout-default figure img{box-shadow: 0px 0px 0 #00000070;}.uagb-block-e6f939b3.wp-block-uagb-image .wp-block-uagb-image__figure figcaption{font-style: normal;align-self: center;}.uagb-block-e6f939b3.wp-block-uagb-image--layout-overlay figure img{box-shadow: 0px 0px 0 #00000070;}.uagb-block-e6f939b3.wp-block-uagb-image--layout-overlay .wp-block-uagb-image--layout-overlay__color-wrapper{opacity: 0.2;}.uagb-block-e6f939b3.wp-block-uagb-image--layout-overlay .wp-block-uagb-image--layout-overlay__inner{left: 15px;right: 15px;top: 15px;bottom: 15px;}.uagb-block-e6f939b3.wp-block-uagb-image--layout-overlay .wp-block-uagb-image--layout-overlay__inner .uagb-image-heading{font-style: normal;color: #fff;opacity: 1;}.uagb-block-e6f939b3.wp-block-uagb-image--layout-overlay .wp-block-uagb-image--layout-overlay__inner .uagb-image-heading a{color: #fff;}.uagb-block-e6f939b3.wp-block-uagb-image--layout-overlay .wp-block-uagb-image--layout-overlay__inner .uagb-image-caption{opacity: 0;}.uagb-block-e6f939b3.wp-block-uagb-image--layout-overlay .wp-block-uagb-image__figure:hover .wp-block-uagb-image--layout-overlay__color-wrapper{opacity: 1;}.uagb-block-e6f939b3.wp-block-uagb-image .wp-block-uagb-image--layout-overlay__inner .uagb-image-separator{width: 30%;border-top-width: 2px;border-top-color: #fff;opacity: 0;}.uagb-block-e6f939b3.wp-block-uagb-image .wp-block-uagb-image__figure img{width: px;height: auto;}.uagb-block-e6f939b3.wp-block-uagb-image .wp-block-uagb-image__figure:hover .wp-block-uagb-image--layout-overlay__inner .uagb-image-caption{opacity: 1;}.uagb-block-e6f939b3.wp-block-uagb-image .wp-block-uagb-image__figure:hover .wp-block-uagb-image--layout-overlay__inner .uagb-image-separator{opacity: 1;}.uagb-block-e6f939b3.wp-block-uagb-image--layout-default figure:hover img{box-shadow: 0px 0px 0 #00000070;}.uagb-block-e6f939b3.wp-block-uagb-image--layout-overlay figure:hover img{box-shadow: 0px 0px 0 #00000070;}@media only screen and (max-width: 976px) {.uagb-block-e6f939b3.wp-block-uagb-image .wp-block-uagb-image__figure img{width: px;height: auto;}}@media only screen and (max-width: 767px) {.uagb-block-e6f939b3.wp-block-uagb-image .wp-block-uagb-image__figure img{width: px;height: auto;}}\";s:2:\"js\";s:0:\"\";s:18:\"current_block_list\";a:13:{i:0;s:11:\"core\/search\";i:1;s:10:\"core\/group\";i:2;s:12:\"core\/heading\";i:3;s:17:\"core\/latest-posts\";i:4;s:20:\"core\/latest-comments\";i:5;s:13:\"core\/archives\";i:6;s:15:\"core\/categories\";i:7;s:14:\"core\/paragraph\";i:8;s:10:\"uagb\/image\";i:9;s:11:\"core\/spacer\";i:10;s:30:\"woocommerce\/product-categories\";i:11;s:10:\"core\/image\";i:12;s:14:\"core\/shortcode\";}s:8:\"uag_flag\";b:1;s:11:\"uag_version\";s:10:\"1776751931\";s:6:\"gfonts\";a:0:{}s:10:\"gfonts_url\";s:0:\"\";s:12:\"gfonts_files\";a:0:{}s:14:\"uag_faq_layout\";b:0;}"]},"uagb_featured_image_src":{"full":["https:\/\/www.noleaky.com\/wp-content\/uploads\/2025\/06\/2.h.Injector-Cleaner_4000x4000_31d43540-c40d-4df5-895e-ea3ec8828cfb.png",2560,2560,false],"thumbnail":["https:\/\/www.noleaky.com\/wp-content\/uploads\/2025\/06\/2.h.Injector-Cleaner_4000x4000_31d43540-c40d-4df5-895e-ea3ec8828cfb-150x150.png",150,150,true],"medium":["https:\/\/www.noleaky.com\/wp-content\/uploads\/2025\/06\/2.h.Injector-Cleaner_4000x4000_31d43540-c40d-4df5-895e-ea3ec8828cfb-300x300.png",300,300,true],"medium_large":["https:\/\/www.noleaky.com\/wp-content\/uploads\/2025\/06\/2.h.Injector-Cleaner_4000x4000_31d43540-c40d-4df5-895e-ea3ec8828cfb-768x768.png",768,768,true],"large":["https:\/\/www.noleaky.com\/wp-content\/uploads\/2025\/06\/2.h.Injector-Cleaner_4000x4000_31d43540-c40d-4df5-895e-ea3ec8828cfb-1024x1024.png",1024,1024,true],"1536x1536":["https:\/\/www.noleaky.com\/wp-content\/uploads\/2025\/06\/2.h.Injector-Cleaner_4000x4000_31d43540-c40d-4df5-895e-ea3ec8828cfb-1536x1536.png",1536,1536,true],"2048x2048":["https:\/\/www.noleaky.com\/wp-content\/uploads\/2025\/06\/2.h.Injector-Cleaner_4000x4000_31d43540-c40d-4df5-895e-ea3ec8828cfb-2048x2048.png",2048,2048,true],"trp-custom-language-flag":["https:\/\/www.noleaky.com\/wp-content\/uploads\/2025\/06\/2.h.Injector-Cleaner_4000x4000_31d43540-c40d-4df5-895e-ea3ec8828cfb-12x12.png",12,12,true],"woocommerce_thumbnail":["https:\/\/www.noleaky.com\/wp-content\/uploads\/2025\/06\/2.h.Injector-Cleaner_4000x4000_31d43540-c40d-4df5-895e-ea3ec8828cfb-300x300.png",300,300,true],"woocommerce_single":["https:\/\/www.noleaky.com\/wp-content\/uploads\/2025\/06\/2.h.Injector-Cleaner_4000x4000_31d43540-c40d-4df5-895e-ea3ec8828cfb-600x600.png",600,600,true],"woocommerce_gallery_thumbnail":["https:\/\/www.noleaky.com\/wp-content\/uploads\/2025\/06\/2.h.Injector-Cleaner_4000x4000_31d43540-c40d-4df5-895e-ea3ec8828cfb-100x100.png",100,100,true]},"uagb_author_info":{"display_name":"admin","author_link":"https:\/\/www.noleaky.com\/si\/author\/"},"uagb_comment_info":76,"uagb_excerpt":"Restores injector performance and engine efficiency instantly. Our injector cleaner is specially formulated to remove carbon deposits, varnish, and fuel residues that accumulate inside fuel injectors over time. By cleaning and restoring proper spray patterns, it helps improve combustion quality, resulting in smoother acceleration, improved responsiveness, and more stable engine operation. The most effective injector&hellip;","_links":{"self":[{"href":"https:\/\/www.noleaky.com\/si\/wp-json\/wp\/v2\/product\/23011","targetHints":{"allow":["GET"]}}],"collection":[{"href":"https:\/\/www.noleaky.com\/si\/wp-json\/wp\/v2\/product"}],"about":[{"href":"https:\/\/www.noleaky.com\/si\/wp-json\/wp\/v2\/types\/product"}],"replies":[{"embeddable":true,"href":"https:\/\/www.noleaky.com\/si\/wp-json\/wp\/v2\/comments?post=23011"}],"version-history":[{"count":4,"href":"https:\/\/www.noleaky.com\/si\/wp-json\/wp\/v2\/product\/23011\/revisions"}],"predecessor-version":[{"id":33268,"href":"https:\/\/www.noleaky.com\/si\/wp-json\/wp\/v2\/product\/23011\/revisions\/33268"}],"wp:featuredmedia":[{"embeddable":true,"href":"https:\/\/www.noleaky.com\/si\/wp-json\/wp\/v2\/media\/23080"}],"wp:attachment":[{"href":"https:\/\/www.noleaky.com\/si\/wp-json\/wp\/v2\/media?parent=23011"}],"wp:term":[{"taxonomy":"product_brand","embeddable":true,"href":"https:\/\/www.noleaky.com\/si\/wp-json\/wp\/v2\/product_brand?post=23011"},{"taxonomy":"product_cat","embeddable":true,"href":"https:\/\/www.noleaky.com\/si\/wp-json\/wp\/v2\/product_cat?post=23011"},{"taxonomy":"product_tag","embeddable":true,"href":"https:\/\/www.noleaky.com\/si\/wp-json\/wp\/v2\/product_tag?post=23011"}],"curies":[{"name":"wp","href":"https:\/\/api.w.org\/{rel}","templated":true}]}}