{"id":22989,"date":"2025-06-02T15:49:05","date_gmt":"2025-06-02T13:49:05","guid":{"rendered":"https:\/\/www.noleaky.com\/products\/head-gasket-repair\/"},"modified":"2026-03-01T15:03:46","modified_gmt":"2026-03-01T14:03:46","slug":"head-gasket-repair","status":"publish","type":"product","link":"https:\/\/www.noleaky.com\/si\/products\/head-gasket-repair\/","title":{"rendered":"Popravilo tesnila glave motorja"},"content":{"rendered":"<p><strong><img decoding=\"async\" style=\"margin-right: 12px;\" src=\"https:\/\/www.noleaky.com\/wp-content\/uploads\/2026\/02\/Check.svg\" alt=\"\" width=\"18\" height=\"15\" \/>Odpravlja te\u017eave s tesnili glave brez dragega razstavljanja motorja.<\/strong> Na\u0161a formula za popravilo tesnila glave je posebej razvita za re\u0161evanje obi\u010dajnih te\u017eav, povezanih s tesnili glave, brez dragih mehanskih popravil. Deluje iz notranjosti hladilnega sistema in zatesni pu\u0161\u010danje, ki ga povzro\u010dajo po\u0161kodovana tesnila glave, manj\u0161e razpoke in napake pri tesnjenju, s \u010dimer se izognete zamudnemu in dragemu razstavljanju motorja.<\/p>\n<p><strong><img decoding=\"async\" style=\"margin-right: 12px;\" src=\"https:\/\/www.noleaky.com\/wp-content\/uploads\/2026\/02\/Check.svg\" alt=\"\" width=\"18\" height=\"15\" \/>Naju\u010dinkovitej\u0161a tehnologija notranjega tesnjenja, ki je na voljo.<\/strong> To je naju\u010dinkovitej\u0161a re\u0161itev za popravilo glavnega tesnila v svoji kategoriji. Njegova napredna tesnilna sredstva kro\u017eijo po hladilnem sistemu in se aktivirajo pri visokih temperaturah ter tvorijo trajno tesnilo na to\u010dno dolo\u010deni to\u010dki pu\u0161\u010danja. Pomaga odpraviti te\u017eave, kot so izguba hladilne teko\u010dine, previsok tlak v hladilnem sistemu, onesna\u017eenje hladilne teko\u010dine z oljem in manj\u0161e razpoke na sestavnih delih motorja.<\/p>\n<p><strong><img decoding=\"async\" style=\"margin-right: 12px;\" src=\"https:\/\/www.noleaky.com\/wp-content\/uploads\/2026\/02\/Check.svg\" alt=\"\" width=\"18\" height=\"15\" \/>Najcenej\u0161a alternativa ve\u010djim popravilom motorja.<\/strong> Zamenjava tesnila glave ali popravilo razpokanega bloka motorja lahko stane precej\u0161en znesek. Na\u0161 izdelek je najcenej\u0161a profesionalna re\u0161itev, ki je na voljo, in predstavlja stro\u0161kovno u\u010dinkovito alternativo, ki lahko obnovi delovanje brez finan\u010dnega bremena popolnega mehanskega popravila.<\/p>\n<p><strong><img decoding=\"async\" style=\"margin-right: 12px;\" src=\"https:\/\/www.noleaky.com\/wp-content\/uploads\/2026\/02\/Check.svg\" alt=\"\" width=\"18\" height=\"15\" \/>Zagotovljena 24-urna dostava za nujne te\u017eave z motorjem.<\/strong> Te\u017eave z motorjem zahtevajo takoj\u0161njo pozornost. Zato vam zagotavljamo dostavo 24 ur na dan, kar vam omogo\u010da hitro odpravo te\u017eave in zmanj\u0161anje tveganja za nadaljnje po\u0161kodbe.<\/p>\n<p><strong><img decoding=\"async\" style=\"margin-right: 12px;\" src=\"https:\/\/www.noleaky.com\/wp-content\/uploads\/2026\/02\/Check.svg\" alt=\"\" width=\"18\" height=\"15\" \/>Garancija vra\u010dila denarja za popolno varnost.<\/strong> Zagovarjamo u\u010dinkovitost na\u0161e formule za popravilo tesnila glave. \u010ce niste zadovoljni z rezultati, vam ponujamo garancijo za vra\u010dilo denarja. Preprosto se obrnite na nas in vrnili vam bomo kupnino, tako da bo va\u0161a nalo\u017eba popolnoma brez tveganja.<\/p>\n<p><strong><img decoding=\"async\" style=\"margin-right: 12px;\" src=\"https:\/\/www.noleaky.com\/wp-content\/uploads\/2026\/02\/Check.svg\" alt=\"\" width=\"18\" height=\"15\" \/>Zdru\u017eljiv z vsemi vrstami motorjev vozil.<\/strong> Ta vsestranska formula je primerna za avtomobile, tovornjake, kombije, pickupe, motocikle, \u0161tirikolesnike, traktorje in \u010dolne, saj deluje z bencinskimi in dizelskimi motorji, \u010de jo uporabljate po navodilih. Varno se vklju\u010di v ve\u010dino standardnih hladilnih sistemov.<\/p>\n<p><strong><img decoding=\"async\" style=\"margin-right: 12px;\" src=\"https:\/\/www.noleaky.com\/wp-content\/uploads\/2026\/02\/Check.svg\" alt=\"\" width=\"18\" height=\"15\" \/>Pomaga zmanj\u0161ati te\u017eave z visokim tlakom hladilne teko\u010dine.<\/strong> Pokvarjeno tesnilo glave lahko povzro\u010di nenormalno pove\u010danje tlaka v hladilnem sistemu. Z zatesnitvijo notranjih netesnosti izdelek pomaga stabilizirati raven tlaka in ponovno vzpostaviti normalno delovanje sistema.<\/p>\n<p><strong><img decoding=\"async\" style=\"margin-right: 12px;\" src=\"https:\/\/www.noleaky.com\/wp-content\/uploads\/2026\/02\/Check.svg\" alt=\"\" width=\"18\" height=\"15\" \/>Obravnava onesna\u017eenje hladilne teko\u010dine z oljem.<\/strong> \u010ce se olje zaradi okvare tesnila me\u0161a s hladilno teko\u010dino, lahko to povzro\u010di resne te\u017eave z delovanjem. Formula pomaga zatesniti vir notranjega pu\u0161\u010danja, omejuje navzkri\u017eno kontaminacijo in ponovno vzpostavlja lo\u010denost sistema.<\/p>\n<p><strong><img decoding=\"async\" style=\"margin-right: 12px;\" src=\"https:\/\/www.noleaky.com\/wp-content\/uploads\/2026\/02\/Check.svg\" alt=\"\" width=\"18\" height=\"15\" \/>Lahko pomaga pri manj\u0161ih te\u017eavah z razpokanim blokom motorja.<\/strong> V primeru majhnih razpok ali por v sestavnih delih motorja izdelek tvori toplotno aktivirano tesnilo, ki okrepi oslabljena mesta in prepre\u010di nadaljnje uhajanje.<\/p>\n<p><strong><img decoding=\"async\" style=\"margin-right: 12px;\" src=\"https:\/\/www.noleaky.com\/wp-content\/uploads\/2026\/02\/Check.svg\" alt=\"\" width=\"18\" height=\"15\" \/>Podalj\u0161a \u017eivljenjsko dobo motorja in obnovi vozne lastnosti.<\/strong> Z zatesnitvijo pu\u0161\u010danja in stabilizacijo hladilnega sistema izdelek pomaga obnoviti nemoteno delovanje motorja, zmanj\u0161ati tveganje pregrevanja in podalj\u0161ati \u017eivljenjsko dobo va\u0161ega vozila.<\/p>\n<h2><strong>Koli\u010dina, potrebna za va\u0161e vozilo<\/strong><\/h2>\n<table width=\"100%\">\n<tbody>\n<tr>\n<td><strong>Velikost motorja<\/strong><\/td>\n<td><strong>Koli\u010dina<\/strong><\/td>\n<\/tr>\n<tr>\n<td>\n<div><\/div>\n<p>Do 0,9 litra<\/td>\n<td>\n<div><\/div>\n<p>1 stekleni\u010dka<\/td>\n<\/tr>\n<tr>\n<td>\n<div><\/div>\n<p>Od 1 do 1,9 litra<\/td>\n<td>\n<div><\/div>\n<p>2 steklenici<\/td>\n<\/tr>\n<tr>\n<td>Od 2 do 2,9 litra<\/td>\n<td>\n<div><\/div>\n<p>3 steklenice<\/td>\n<\/tr>\n<tr>\n<td>\n<div><\/div>\n<p>Od 3 do 3,9 litra<\/td>\n<td>\n<div><\/div>\n<p>4 steklenice<\/td>\n<\/tr>\n<tr>\n<td>\n<div><\/div>\n<p>Ve\u010d kot 4 litri<\/td>\n<td>\n<div><\/div>\n<p>5 steklenic<\/td>\n<\/tr>\n<\/tbody>\n<\/table>\n<h2><strong>Navodila<\/strong><\/h2>\n<ul>\n<li>Pred odpiranjem hladilnega sistema se prepri\u010dajte, da je motor popolnoma ohlajen.<\/li>\n<li>Pred uporabo stekleni\u010dko temeljito pretresite.<\/li>\n<li>Preverite nivo in stanje hladilne teko\u010dine. \u010ce je sistem mo\u010dno onesna\u017een, ga pred uporabo izdelka sperite.<\/li>\n<li>Hladilne teko\u010dine ne izpu\u0161\u010dajte, razen \u010de je umazana ali neprimerna. Izdelek se doda neposredno obstoje\u010di hladilni teko\u010dini.<\/li>\n<li>V hladilnik ali ekspanzijsko posodo vlijte potrebno \u0161tevilo steklenic glede na konstrukcijo vozila.<\/li>\n<li>Vklju\u010dite motor in po\u010dakajte, da dose\u017ee delovno temperaturo.<\/li>\n<li>Pribli\u017eno 20 do 30 minut poganjajte motor v prostem teku z najve\u010djo nastavitvijo grelnika, da omogo\u010dite popolno kro\u017eenje.<\/li>\n<li>Prepri\u010dajte se, da se ventilator vsaj enkrat vklopi in izklopi, da se potrdi pravilna aktivacija temperature.<\/li>\n<li>Izklopite motor in po\u010dakajte, da se popolnoma ohladi.<\/li>\n<li>Preverite raven hladilne teko\u010dine in jo po potrebi dolijte. Vozilo spremljajte v naslednjih nekaj voznih ciklih.<\/li>\n<\/ul>","protected":false},"excerpt":{"rendered":"<p>Repairs head gasket issues without expensive engine dismantling. Our head gasket repair formula is specially developed to solve common head gasket-related problems without the need for costly mechanical repairs. It works from inside the cooling system to seal leaks caused by damaged head gaskets, minor cracks, and sealing failures, helping you avoid time-consuming and expensive [&hellip;]<\/p>\n","protected":false},"featured_media":23043,"comment_status":"open","ping_status":"closed","template":"","meta":{"_uag_custom_page_level_css":"","site-sidebar-layout":"default","site-content-layout":"","ast-site-content-layout":"default","site-content-style":"default","site-sidebar-style":"default","ast-global-header-display":"","ast-banner-title-visibility":"","ast-main-header-display":"","ast-hfb-above-header-display":"","ast-hfb-below-header-display":"","ast-hfb-mobile-header-display":"","site-post-title":"","ast-breadcrumbs-content":"","ast-featured-img":"","footer-sml-layout":"","ast-disable-related-posts":"","theme-transparent-header-meta":"default","adv-header-id-meta":"","stick-header-meta":"","header-above-stick-meta":"","header-main-stick-meta":"","header-below-stick-meta":"","astra-migrate-meta-layouts":"set","ast-page-background-enabled":"default","ast-page-background-meta":{"desktop":{"background-color":"var(--ast-global-color-4)","background-image":"","background-repeat":"repeat","background-position":"center center","background-size":"auto","background-attachment":"scroll","background-type":"","background-media":"","overlay-type":"","overlay-color":"","overlay-opacity":"","overlay-gradient":""},"tablet":{"background-color":"","background-image":"","background-repeat":"repeat","background-position":"center center","background-size":"auto","background-attachment":"scroll","background-type":"","background-media":"","overlay-type":"","overlay-color":"","overlay-opacity":"","overlay-gradient":""},"mobile":{"background-color":"","background-image":"","background-repeat":"repeat","background-position":"center center","background-size":"auto","background-attachment":"scroll","background-type":"","background-media":"","overlay-type":"","overlay-color":"","overlay-opacity":"","overlay-gradient":""}},"ast-content-background-meta":{"desktop":{"background-color":"var(--ast-global-color-5)","background-image":"","background-repeat":"repeat","background-position":"center center","background-size":"auto","background-attachment":"scroll","background-type":"","background-media":"","overlay-type":"","overlay-color":"","overlay-opacity":"","overlay-gradient":""},"tablet":{"background-color":"var(--ast-global-color-5)","background-image":"","background-repeat":"repeat","background-position":"center center","background-size":"auto","background-attachment":"scroll","background-type":"","background-media":"","overlay-type":"","overlay-color":"","overlay-opacity":"","overlay-gradient":""},"mobile":{"background-color":"var(--ast-global-color-5)","background-image":"","background-repeat":"repeat","background-position":"center center","background-size":"auto","background-attachment":"scroll","background-type":"","background-media":"","overlay-type":"","overlay-color":"","overlay-opacity":"","overlay-gradient":""}}},"product_brand":[],"product_cat":[176],"product_tag":[],"class_list":{"0":"post-22989","1":"product","2":"type-product","3":"status-publish","4":"has-post-thumbnail","6":"product_cat-automotive","7":"desktop-align-left","8":"tablet-align-left","9":"mobile-align-left","11":"first","12":"instock","13":"shipping-taxable","14":"purchasable","15":"product-type-simple"},"spectra_custom_meta":{"_visibility":["visible"],"_shopify_product_id":["1706250928162"],"_s2w_shopify_domain":["noleaky.myshopify.com"],"_shopify_variant_id":["29500068954146"],"_sku":["NLHEADGASKETREPAIR"],"_regular_price":["29.90"],"_price":["29.90"],"_weight":["0.45"],"_thumbnail_id":["23043"],"_global_unique_id":["5056773800687"],"total_sales":["3793"],"_tax_status":["taxable"],"_tax_class":[""],"_manage_stock":["no"],"_backorders":["no"],"_sold_individually":["no"],"_virtual":["no"],"_downloadable":["no"],"_download_limit":["-1"],"_download_expiry":["-1"],"_stock":[null],"_stock_status":["instock"],"_wc_average_rating":["4.76"],"_wc_review_count":["229"],"_product_version":["10.5.2"],"_edit_lock":["1772373837:1"],"merchant-center-availability":["yes"],"merchant-center-category":["2517"],"merchant-center-id":["HGR"],"_edit_last":["1"],"_wp_page_template":["default"],"site-sidebar-layout":["default"],"ast-site-content-layout":["default"],"site-content-style":["default"],"site-sidebar-style":["default"],"theme-transparent-header-meta":["default"],"_wc_rating_count":["a:3:{i:3;i:10;i:4;i:35;i:5;i:184;}"],"_upsell_ids":["a:3:{i:0;i:22975;i:1;i:23022;i:2;i:23025;}"],"_crosssell_ids":["a:3:{i:0;i:22975;i:1;i:23022;i:2;i:23025;}"],"astra-migrate-meta-layouts":["set"],"_uag_css_file_name":["uag-css-22989.css"],"_elementor_page_assets":["a:0:{}"]},"uagb_featured_image_src":{"full":["https:\/\/www.noleaky.com\/wp-content\/uploads\/2025\/06\/HeadGasketfinal.png",2560,2560,false],"thumbnail":["https:\/\/www.noleaky.com\/wp-content\/uploads\/2025\/06\/HeadGasketfinal-150x150.png",150,150,true],"medium":["https:\/\/www.noleaky.com\/wp-content\/uploads\/2025\/06\/HeadGasketfinal-300x300.png",300,300,true],"medium_large":["https:\/\/www.noleaky.com\/wp-content\/uploads\/2025\/06\/HeadGasketfinal-768x768.png",768,768,true],"large":["https:\/\/www.noleaky.com\/wp-content\/uploads\/2025\/06\/HeadGasketfinal-1024x1024.png",1024,1024,true],"1536x1536":["https:\/\/www.noleaky.com\/wp-content\/uploads\/2025\/06\/HeadGasketfinal-1536x1536.png",1536,1536,true],"2048x2048":["https:\/\/www.noleaky.com\/wp-content\/uploads\/2025\/06\/HeadGasketfinal-2048x2048.png",2048,2048,true],"trp-custom-language-flag":["https:\/\/www.noleaky.com\/wp-content\/uploads\/2025\/06\/HeadGasketfinal-12x12.png",12,12,true],"woocommerce_thumbnail":["https:\/\/www.noleaky.com\/wp-content\/uploads\/2025\/06\/HeadGasketfinal-300x300.png",300,300,true],"woocommerce_single":["https:\/\/www.noleaky.com\/wp-content\/uploads\/2025\/06\/HeadGasketfinal-600x600.png",600,600,true],"woocommerce_gallery_thumbnail":["https:\/\/www.noleaky.com\/wp-content\/uploads\/2025\/06\/HeadGasketfinal-100x100.png",100,100,true]},"uagb_author_info":{"display_name":"admin","author_link":"https:\/\/www.noleaky.com\/si\/author\/"},"uagb_comment_info":229,"uagb_excerpt":"Repairs head gasket issues without expensive engine dismantling. Our head gasket repair formula is specially developed to solve common head gasket-related problems without the need for costly mechanical repairs. It works from inside the cooling system to seal leaks caused by damaged head gaskets, minor cracks, and sealing failures, helping you avoid time-consuming and expensive&hellip;","_links":{"self":[{"href":"https:\/\/www.noleaky.com\/si\/wp-json\/wp\/v2\/product\/22989","targetHints":{"allow":["GET"]}}],"collection":[{"href":"https:\/\/www.noleaky.com\/si\/wp-json\/wp\/v2\/product"}],"about":[{"href":"https:\/\/www.noleaky.com\/si\/wp-json\/wp\/v2\/types\/product"}],"replies":[{"embeddable":true,"href":"https:\/\/www.noleaky.com\/si\/wp-json\/wp\/v2\/comments?post=22989"}],"version-history":[{"count":10,"href":"https:\/\/www.noleaky.com\/si\/wp-json\/wp\/v2\/product\/22989\/revisions"}],"predecessor-version":[{"id":33277,"href":"https:\/\/www.noleaky.com\/si\/wp-json\/wp\/v2\/product\/22989\/revisions\/33277"}],"wp:featuredmedia":[{"embeddable":true,"href":"https:\/\/www.noleaky.com\/si\/wp-json\/wp\/v2\/media\/23043"}],"wp:attachment":[{"href":"https:\/\/www.noleaky.com\/si\/wp-json\/wp\/v2\/media?parent=22989"}],"wp:term":[{"taxonomy":"product_brand","embeddable":true,"href":"https:\/\/www.noleaky.com\/si\/wp-json\/wp\/v2\/product_brand?post=22989"},{"taxonomy":"product_cat","embeddable":true,"href":"https:\/\/www.noleaky.com\/si\/wp-json\/wp\/v2\/product_cat?post=22989"},{"taxonomy":"product_tag","embeddable":true,"href":"https:\/\/www.noleaky.com\/si\/wp-json\/wp\/v2\/product_tag?post=22989"}],"curies":[{"name":"wp","href":"https:\/\/api.w.org\/{rel}","templated":true}]}}