{"id":22986,"date":"2025-06-02T15:48:59","date_gmt":"2025-06-02T13:48:59","guid":{"rendered":"https:\/\/www.noleaky.com\/products\/egr-valve-cleaner\/"},"modified":"2026-03-01T17:03:22","modified_gmt":"2026-03-01T16:03:22","slug":"egr-valve-cleaner","status":"publish","type":"product","link":"https:\/\/www.noleaky.com\/si\/products\/egr-valve-cleaner\/","title":{"rendered":"\u010cistilo za ventil EGR"},"content":{"rendered":"<p><strong><img decoding=\"async\" style=\"margin-right: 12px;\" src=\"https:\/\/www.noleaky.com\/wp-content\/uploads\/2026\/02\/Check.svg\" alt=\"\" width=\"18\" height=\"15\" \/>Obnovi optimalno delovanje ventila EGR brez razstavljanja.<\/strong> Na\u0161e \u010distilo za ventile EGR je posebej oblikovano za odstranjevanje ogljikovih oblog in saj, ki se nabirajo v sistemu EGR prek gorivnega kroga, pri \u010demer ni potrebna mehanska demonta\u017ea. Deluje postopoma med vo\u017enjo, pri \u010demer ponovno vzpostavi pravilno gibanje ventilov in nadzor nad pretokom zraka.<\/p>\n<p><strong><img decoding=\"async\" style=\"margin-right: 12px;\" src=\"https:\/\/www.noleaky.com\/wp-content\/uploads\/2026\/02\/Check.svg\" alt=\"\" width=\"18\" height=\"15\" \/>Naju\u010dinkovitej\u0161a razpolo\u017eljiva re\u0161itev za \u010di\u0161\u010denje EGR.<\/strong> Zaradi napredne tehnologije detergentov ta formula hkrati o\u010disti ventil EGR, sesalni sistem in zgorevalni prostor. Usmerjena je v temeljne vzroke za zama\u0161itev in zatikanje ventilov ter zagotavlja globlje in popolnej\u0161e \u010di\u0161\u010denje kot standardni aditivi.<\/p>\n<p><strong><img decoding=\"async\" style=\"margin-right: 12px;\" src=\"https:\/\/www.noleaky.com\/wp-content\/uploads\/2026\/02\/Check.svg\" alt=\"\" width=\"18\" height=\"15\" \/>Najcenej\u0161e profesionalno \u010distilo EGR na trgu.<\/strong> Zagotavljamo vrhunsko zmogljivost po najugodnej\u0161i ceni. Rezultate \u010di\u0161\u010denja na ravni delavnice dose\u017eete za del\u010dek cene ro\u010dnega odstranjevanja EGR in delovno intenzivnega servisiranja.<\/p>\n<p><strong><img decoding=\"async\" style=\"margin-right: 12px;\" src=\"https:\/\/www.noleaky.com\/wp-content\/uploads\/2026\/02\/Check.svg\" alt=\"\" width=\"18\" height=\"15\" \/>24-urna dostava za takoj\u0161nje potrebe po vzdr\u017eevanju.<\/strong> Zagotavljamo dobavo v 24 urah, zato lahko te\u017eave, povezane z EGR, odpravite hitro in se izognete dalj\u0161im te\u017eavam z delovanjem motorja. Hitra dostava zagotavlja, da bo va\u0161e vozilo nemudoma spet v optimalnem stanju.<\/p>\n<p><strong><img decoding=\"async\" style=\"margin-right: 12px;\" src=\"https:\/\/www.noleaky.com\/wp-content\/uploads\/2026\/02\/Check.svg\" alt=\"\" width=\"18\" height=\"15\" \/>Garancija vra\u010dila denarja za popolno varnost.<\/strong> Ponujamo popolno jamstvo za vra\u010dilo denarja. \u010ce ne boste popolnoma zadovoljni z rezultati na\u0161ega \u010distilca ventilov EGR, vam bomo vrnili kupnino. Tako je va\u0161e naro\u010dilo popolnoma brez tveganja in odra\u017ea na\u0161e zaupanje v u\u010dinkovitost izdelka.<\/p>\n<p><strong><img decoding=\"async\" style=\"margin-right: 12px;\" src=\"https:\/\/www.noleaky.com\/wp-content\/uploads\/2026\/02\/Check.svg\" alt=\"\" width=\"18\" height=\"15\" \/>Zmanj\u0161a nihanje motorja in grob prosti tek.<\/strong> Umazan ventil EGR pogosto povzro\u010da nestabilno delovanje v prostem teku, izgubo mo\u010di in nihanje med pospe\u0161evanjem. Na\u0161 izdelek s \u010di\u0161\u010denjem notranjih sestavnih delov skozi sistem za gorivo ponovno vzpostavi bolj gladko delovanje motorja in izbolj\u0161a vozne lastnosti.<\/p>\n<p><strong><img decoding=\"async\" style=\"margin-right: 12px;\" src=\"https:\/\/www.noleaky.com\/wp-content\/uploads\/2026\/02\/Check.svg\" alt=\"\" width=\"18\" height=\"15\" \/>Pomaga zmanj\u0161ati \u0161kodljive emisije.<\/strong> Pravilno delovanje EGR je bistvenega pomena za zmanj\u0161anje emisij du\u0161ikovih oksidov. S \u010di\u0161\u010denjem usedlin in izbolj\u0161anjem u\u010dinkovitosti recirkulacije izpu\u0161nih plinov ta izdelek podpira \u010distej\u0161e izgorevanje in bolj\u0161i nadzor emisij.<\/p>\n<p><strong><img decoding=\"async\" style=\"margin-right: 12px;\" src=\"https:\/\/www.noleaky.com\/wp-content\/uploads\/2026\/02\/Check.svg\" alt=\"\" width=\"18\" height=\"15\" \/>Izbolj\u0161a u\u010dinkovitost porabe goriva in odzivnost pedala za plin.<\/strong> Odstranjevanje ogljikovih oblog izbolj\u0161a kakovost zgorevanja in ravnovesje zra\u010dnega toka, kar pripomore k u\u010dinkovitej\u0161emu delovanju motorja in hitrej\u0161emu odzivanju na pospe\u0161ke.<\/p>\n<p><strong><img decoding=\"async\" style=\"margin-right: 12px;\" src=\"https:\/\/www.noleaky.com\/wp-content\/uploads\/2026\/02\/Check.svg\" alt=\"\" width=\"18\" height=\"15\" \/>Prepre\u010duje drago zamenjavo ventila EGR.<\/strong> Z rednim preventivnim zdravljenjem se izognete mo\u010dnim zama\u0161itvam, ki lahko povzro\u010dijo okvaro ventila. Vzdr\u017eevanje \u010distega sistema EGR zmanj\u0161uje tveganje za draga popravila in zamenjavo sestavnih delov.<\/p>\n<p><strong><img decoding=\"async\" style=\"margin-right: 12px;\" src=\"https:\/\/www.noleaky.com\/wp-content\/uploads\/2026\/02\/Check.svg\" alt=\"\" width=\"18\" height=\"15\" \/>Enostavna re\u0161itev za vlivanje v rezervoar za enostavno uporabo.<\/strong> To \u010distilo je zasnovano za najve\u010dje udobje in se dodaja neposredno v rezervoar za gorivo. Deluje samodejno med obi\u010dajno vo\u017enjo, tako da je vzdr\u017eevanje na profesionalni ravni dostopno vsakemu vozniku.<\/p>\n<h2><strong>Navodila<\/strong><\/h2>\n<ul>\n<li>Pred dodajanjem izdelka se prepri\u010dajte, da je raven goriva v rezervoarju nizka (najbolje pod eno \u010detrtino).<\/li>\n<li>Pred uporabo stekleni\u010dko dobro pretresite.<\/li>\n<li>Celotno vsebino plastenke vlijte neposredno v rezervoar za gorivo.<\/li>\n<li>Po dodajanju izdelka napolnite rezervoar z gorivom, da zagotovite pravilno me\u0161anje.<\/li>\n<li>Ena polna plastenka je primerna za pribli\u017eno 40 do 60 litrov velik rezervoar za gorivo. Pri manj\u0161ih rezervoarjih odmerek sorazmerno prilagodite.<\/li>\n<li>Po to\u010denju goriva vozilo normalno vozite, da izdelek kro\u017ei po sistemu za gorivo in sestavnih delih EGR.<\/li>\n<li>Za bolj\u0161e rezultate \u010di\u0161\u010denja vozite vsaj 20 do 30 minut pri enakomernih vrtljajih motorja, da spodbudite optimalno izgorevanje in odstranjevanje usedlin.<\/li>\n<li>V primeru mo\u010dnega kopi\u010denja ogljika se lahko po porabi obdelanega rezervoarja izvede druga obdelava.<\/li>\n<li>Za preventivno vzdr\u017eevanje uporabite \u010distilec ventila EGR vsakih 8.000 do 12.000 kilometrov, odvisno od voznih razmer.<\/li>\n<li>Ne prekora\u010dite priporo\u010denega odmerka in izdelek shranjujte na hladnem in suhem mestu, stran od neposredne son\u010dne svetlobe.<\/li>\n<\/ul>","protected":false},"excerpt":{"rendered":"<p>Restores optimal EGR valve performance without dismantling. Our EGR valve cleaner is specially formulated to remove carbon deposits and soot buildup inside the EGR system through the fuel circuit, eliminating the need for mechanical disassembly. It works progressively while you drive, restoring proper valve movement and airflow control. The most effective EGR cleaning solution available. [&hellip;]<\/p>\n","protected":false},"featured_media":23037,"comment_status":"open","ping_status":"closed","template":"","meta":{"_uag_custom_page_level_css":"","site-sidebar-layout":"default","site-content-layout":"","ast-site-content-layout":"default","site-content-style":"default","site-sidebar-style":"default","ast-global-header-display":"","ast-banner-title-visibility":"","ast-main-header-display":"","ast-hfb-above-header-display":"","ast-hfb-below-header-display":"","ast-hfb-mobile-header-display":"","site-post-title":"","ast-breadcrumbs-content":"","ast-featured-img":"","footer-sml-layout":"","ast-disable-related-posts":"","theme-transparent-header-meta":"default","adv-header-id-meta":"","stick-header-meta":"","header-above-stick-meta":"","header-main-stick-meta":"","header-below-stick-meta":"","astra-migrate-meta-layouts":"set","ast-page-background-enabled":"default","ast-page-background-meta":{"desktop":{"background-color":"var(--ast-global-color-4)","background-image":"","background-repeat":"repeat","background-position":"center center","background-size":"auto","background-attachment":"scroll","background-type":"","background-media":"","overlay-type":"","overlay-color":"","overlay-opacity":"","overlay-gradient":""},"tablet":{"background-color":"","background-image":"","background-repeat":"repeat","background-position":"center center","background-size":"auto","background-attachment":"scroll","background-type":"","background-media":"","overlay-type":"","overlay-color":"","overlay-opacity":"","overlay-gradient":""},"mobile":{"background-color":"","background-image":"","background-repeat":"repeat","background-position":"center center","background-size":"auto","background-attachment":"scroll","background-type":"","background-media":"","overlay-type":"","overlay-color":"","overlay-opacity":"","overlay-gradient":""}},"ast-content-background-meta":{"desktop":{"background-color":"var(--ast-global-color-5)","background-image":"","background-repeat":"repeat","background-position":"center center","background-size":"auto","background-attachment":"scroll","background-type":"","background-media":"","overlay-type":"","overlay-color":"","overlay-opacity":"","overlay-gradient":""},"tablet":{"background-color":"var(--ast-global-color-5)","background-image":"","background-repeat":"repeat","background-position":"center center","background-size":"auto","background-attachment":"scroll","background-type":"","background-media":"","overlay-type":"","overlay-color":"","overlay-opacity":"","overlay-gradient":""},"mobile":{"background-color":"var(--ast-global-color-5)","background-image":"","background-repeat":"repeat","background-position":"center center","background-size":"auto","background-attachment":"scroll","background-type":"","background-media":"","overlay-type":"","overlay-color":"","overlay-opacity":"","overlay-gradient":""}}},"product_brand":[],"product_cat":[176],"product_tag":[],"class_list":{"0":"post-22986","1":"product","2":"type-product","3":"status-publish","4":"has-post-thumbnail","6":"product_cat-automotive","7":"desktop-align-left","8":"tablet-align-left","9":"mobile-align-left","11":"first","12":"instock","13":"shipping-taxable","14":"purchasable","15":"product-type-simple"},"spectra_custom_meta":{"_visibility":["visible"],"_shopify_product_id":["7961097437404"],"_s2w_shopify_domain":["noleaky.myshopify.com"],"_shopify_variant_id":["43736968626396"],"_sku":["NLEGRVALVECLEANER"],"_regular_price":["29.90"],"_price":["29.90"],"_sale_price":[""],"_weight":["0.35"],"_thumbnail_id":["23037"],"_global_unique_id":["5056773800656"],"total_sales":["405"],"_tax_status":["taxable"],"_tax_class":[""],"_manage_stock":["no"],"_backorders":["no"],"_sold_individually":["no"],"_virtual":["no"],"_downloadable":["no"],"_download_limit":["-1"],"_download_expiry":["-1"],"_stock":[null],"_stock_status":["instock"],"_wc_average_rating":["4.93"],"_wc_review_count":["72"],"_product_version":["10.5.2"],"_edit_lock":["1773470731:914"],"merchant-center-availability":["yes"],"merchant-center-category":["2788"],"merchant-center-id":["EGRVC"],"_edit_last":["1"],"_wp_page_template":["default"],"site-sidebar-layout":["default"],"ast-site-content-layout":["default"],"site-content-style":["default"],"site-sidebar-style":["default"],"theme-transparent-header-meta":["default"],"_wc_rating_count":["a:2:{i:4;i:5;i:5;i:67;}"],"_upsell_ids":["a:3:{i:0;i:22975;i:1;i:22985;i:2;i:23011;}"],"_crosssell_ids":["a:3:{i:0;i:22975;i:1;i:22985;i:2;i:23011;}"],"astra-migrate-meta-layouts":["set"],"_uag_css_file_name":["uag-css-22986.css"],"_elementor_page_assets":["a:0:{}"],"_uag_page_assets":["a:9:{s:3:\"css\";s:7133:\".uag-blocks-common-selector{z-index:var(--z-index-desktop) !important}@media(max-width: 976px){.uag-blocks-common-selector{z-index:var(--z-index-tablet) !important}}@media(max-width: 767px){.uag-blocks-common-selector{z-index:var(--z-index-mobile) !important}}.wp-block-uagb-image{display:flex}.wp-block-uagb-image__figure{position:relative;display:flex;flex-direction:column;max-width:100%;height:auto;margin:0}.wp-block-uagb-image__figure img{height:auto;display:flex;max-width:100%;transition:box-shadow .2s ease}.wp-block-uagb-image__figure>a{display:inline-block}.wp-block-uagb-image__figure figcaption{text-align:center;margin-top:.5em;margin-bottom:1em}.wp-block-uagb-image .components-placeholder.block-editor-media-placeholder .components-placeholder__instructions{align-self:center}.wp-block-uagb-image--align-left{text-align:left}.wp-block-uagb-image--align-right{text-align:right}.wp-block-uagb-image--align-center{text-align:center}.wp-block-uagb-image--align-full .wp-block-uagb-image__figure{margin-left:calc(50% - 50vw);margin-right:calc(50% - 50vw);max-width:100vw;width:100vw;height:auto}.wp-block-uagb-image--align-full .wp-block-uagb-image__figure img{height:auto;width:100% !important}.wp-block-uagb-image--align-wide .wp-block-uagb-image__figure img{height:auto;width:100%}.wp-block-uagb-image--layout-overlay__color-wrapper{position:absolute;left:0;top:0;right:0;bottom:0;opacity:.2;background:rgba(0,0,0,.5);transition:opacity .35s ease-in-out}.wp-block-uagb-image--layout-overlay-link{position:absolute;left:0;right:0;bottom:0;top:0}.wp-block-uagb-image--layout-overlay .wp-block-uagb-image__figure:hover .wp-block-uagb-image--layout-overlay__color-wrapper{opacity:1}.wp-block-uagb-image--layout-overlay__inner{position:absolute;left:15px;right:15px;bottom:15px;top:15px;display:flex;align-items:center;justify-content:center;flex-direction:column;border-color:#fff;transition:.35s ease-in-out}.wp-block-uagb-image--layout-overlay__inner.top-left,.wp-block-uagb-image--layout-overlay__inner.top-center,.wp-block-uagb-image--layout-overlay__inner.top-right{justify-content:flex-start}.wp-block-uagb-image--layout-overlay__inner.bottom-left,.wp-block-uagb-image--layout-overlay__inner.bottom-center,.wp-block-uagb-image--layout-overlay__inner.bottom-right{justify-content:flex-end}.wp-block-uagb-image--layout-overlay__inner.top-left,.wp-block-uagb-image--layout-overlay__inner.center-left,.wp-block-uagb-image--layout-overlay__inner.bottom-left{align-items:flex-start}.wp-block-uagb-image--layout-overlay__inner.top-right,.wp-block-uagb-image--layout-overlay__inner.center-right,.wp-block-uagb-image--layout-overlay__inner.bottom-right{align-items:flex-end}.wp-block-uagb-image--layout-overlay__inner .uagb-image-heading{color:#fff;transition:transform .35s,opacity .35s ease-in-out;transform:translate3d(0, 24px, 0);margin:0;line-height:1em}.wp-block-uagb-image--layout-overlay__inner .uagb-image-separator{width:30%;border-top-width:2px;border-top-color:#fff;border-top-style:solid;margin-bottom:10px;opacity:0;transition:transform .4s,opacity .4s ease-in-out;transform:translate3d(0, 30px, 0)}.wp-block-uagb-image--layout-overlay__inner .uagb-image-caption{opacity:0;overflow:visible;color:#fff;transition:transform .45s,opacity .45s ease-in-out;transform:translate3d(0, 35px, 0)}.wp-block-uagb-image--layout-overlay__inner:hover .uagb-image-heading,.wp-block-uagb-image--layout-overlay__inner:hover .uagb-image-separator,.wp-block-uagb-image--layout-overlay__inner:hover .uagb-image-caption{opacity:1;transform:translate3d(0, 0, 0)}.wp-block-uagb-image--effect-zoomin .wp-block-uagb-image__figure img,.wp-block-uagb-image--effect-zoomin .wp-block-uagb-image__figure .wp-block-uagb-image--layout-overlay__color-wrapper{transform:scale(1);transition:transform .35s ease-in-out}.wp-block-uagb-image--effect-zoomin .wp-block-uagb-image__figure:hover img,.wp-block-uagb-image--effect-zoomin .wp-block-uagb-image__figure:hover .wp-block-uagb-image--layout-overlay__color-wrapper{transform:scale(1.05)}.wp-block-uagb-image--effect-slide .wp-block-uagb-image__figure img,.wp-block-uagb-image--effect-slide .wp-block-uagb-image__figure .wp-block-uagb-image--layout-overlay__color-wrapper{width:calc(100% + 40px) !important;max-width:none !important;transform:translate3d(-40px, 0, 0);transition:transform .35s ease-in-out}.wp-block-uagb-image--effect-slide .wp-block-uagb-image__figure:hover img,.wp-block-uagb-image--effect-slide .wp-block-uagb-image__figure:hover .wp-block-uagb-image--layout-overlay__color-wrapper{transform:translate3d(0, 0, 0)}.wp-block-uagb-image--effect-grayscale img{filter:grayscale(0%);transition:.35s ease-in-out}.wp-block-uagb-image--effect-grayscale:hover img{filter:grayscale(100%)}.wp-block-uagb-image--effect-blur img{filter:blur(0);transition:.35s ease-in-out}.wp-block-uagb-image--effect-blur:hover img{filter:blur(3px)}.uagb-block-e6f939b3.wp-block-uagb-image--layout-default figure img{box-shadow: 0px 0px 0 #00000070;}.uagb-block-e6f939b3.wp-block-uagb-image .wp-block-uagb-image__figure figcaption{font-style: normal;align-self: center;}.uagb-block-e6f939b3.wp-block-uagb-image--layout-overlay figure img{box-shadow: 0px 0px 0 #00000070;}.uagb-block-e6f939b3.wp-block-uagb-image--layout-overlay .wp-block-uagb-image--layout-overlay__color-wrapper{opacity: 0.2;}.uagb-block-e6f939b3.wp-block-uagb-image--layout-overlay .wp-block-uagb-image--layout-overlay__inner{left: 15px;right: 15px;top: 15px;bottom: 15px;}.uagb-block-e6f939b3.wp-block-uagb-image--layout-overlay .wp-block-uagb-image--layout-overlay__inner .uagb-image-heading{font-style: normal;color: #fff;opacity: 1;}.uagb-block-e6f939b3.wp-block-uagb-image--layout-overlay .wp-block-uagb-image--layout-overlay__inner .uagb-image-heading a{color: #fff;}.uagb-block-e6f939b3.wp-block-uagb-image--layout-overlay .wp-block-uagb-image--layout-overlay__inner .uagb-image-caption{opacity: 0;}.uagb-block-e6f939b3.wp-block-uagb-image--layout-overlay .wp-block-uagb-image__figure:hover .wp-block-uagb-image--layout-overlay__color-wrapper{opacity: 1;}.uagb-block-e6f939b3.wp-block-uagb-image .wp-block-uagb-image--layout-overlay__inner .uagb-image-separator{width: 30%;border-top-width: 2px;border-top-color: #fff;opacity: 0;}.uagb-block-e6f939b3.wp-block-uagb-image .wp-block-uagb-image__figure img{width: px;height: auto;}.uagb-block-e6f939b3.wp-block-uagb-image .wp-block-uagb-image__figure:hover .wp-block-uagb-image--layout-overlay__inner .uagb-image-caption{opacity: 1;}.uagb-block-e6f939b3.wp-block-uagb-image .wp-block-uagb-image__figure:hover .wp-block-uagb-image--layout-overlay__inner .uagb-image-separator{opacity: 1;}.uagb-block-e6f939b3.wp-block-uagb-image--layout-default figure:hover img{box-shadow: 0px 0px 0 #00000070;}.uagb-block-e6f939b3.wp-block-uagb-image--layout-overlay figure:hover img{box-shadow: 0px 0px 0 #00000070;}@media only screen and (max-width: 976px) {.uagb-block-e6f939b3.wp-block-uagb-image .wp-block-uagb-image__figure img{width: px;height: auto;}}@media only screen and (max-width: 767px) {.uagb-block-e6f939b3.wp-block-uagb-image .wp-block-uagb-image__figure img{width: px;height: auto;}}\";s:2:\"js\";s:0:\"\";s:18:\"current_block_list\";a:13:{i:0;s:11:\"core\/search\";i:1;s:10:\"core\/group\";i:2;s:12:\"core\/heading\";i:3;s:17:\"core\/latest-posts\";i:4;s:20:\"core\/latest-comments\";i:5;s:13:\"core\/archives\";i:6;s:15:\"core\/categories\";i:7;s:14:\"core\/paragraph\";i:8;s:10:\"uagb\/image\";i:9;s:11:\"core\/spacer\";i:10;s:30:\"woocommerce\/product-categories\";i:11;s:10:\"core\/image\";i:12;s:14:\"core\/shortcode\";}s:8:\"uag_flag\";b:1;s:11:\"uag_version\";s:10:\"1777138553\";s:6:\"gfonts\";a:0:{}s:10:\"gfonts_url\";s:0:\"\";s:12:\"gfonts_files\";a:0:{}s:14:\"uag_faq_layout\";b:0;}"]},"uagb_featured_image_src":{"full":["https:\/\/www.noleaky.com\/wp-content\/uploads\/2025\/06\/2.l.EGR-Valve-Cleaner_NoLeaky_4000x4000_74c74249-d819-42d6-b008-233b3a64a67b.png",2560,2560,false],"thumbnail":["https:\/\/www.noleaky.com\/wp-content\/uploads\/2025\/06\/2.l.EGR-Valve-Cleaner_NoLeaky_4000x4000_74c74249-d819-42d6-b008-233b3a64a67b-150x150.png",150,150,true],"medium":["https:\/\/www.noleaky.com\/wp-content\/uploads\/2025\/06\/2.l.EGR-Valve-Cleaner_NoLeaky_4000x4000_74c74249-d819-42d6-b008-233b3a64a67b-300x300.png",300,300,true],"medium_large":["https:\/\/www.noleaky.com\/wp-content\/uploads\/2025\/06\/2.l.EGR-Valve-Cleaner_NoLeaky_4000x4000_74c74249-d819-42d6-b008-233b3a64a67b-768x768.png",768,768,true],"large":["https:\/\/www.noleaky.com\/wp-content\/uploads\/2025\/06\/2.l.EGR-Valve-Cleaner_NoLeaky_4000x4000_74c74249-d819-42d6-b008-233b3a64a67b-1024x1024.png",1024,1024,true],"1536x1536":["https:\/\/www.noleaky.com\/wp-content\/uploads\/2025\/06\/2.l.EGR-Valve-Cleaner_NoLeaky_4000x4000_74c74249-d819-42d6-b008-233b3a64a67b-1536x1536.png",1536,1536,true],"2048x2048":["https:\/\/www.noleaky.com\/wp-content\/uploads\/2025\/06\/2.l.EGR-Valve-Cleaner_NoLeaky_4000x4000_74c74249-d819-42d6-b008-233b3a64a67b-2048x2048.png",2048,2048,true],"trp-custom-language-flag":["https:\/\/www.noleaky.com\/wp-content\/uploads\/2025\/06\/2.l.EGR-Valve-Cleaner_NoLeaky_4000x4000_74c74249-d819-42d6-b008-233b3a64a67b-12x12.png",12,12,true],"woocommerce_thumbnail":["https:\/\/www.noleaky.com\/wp-content\/uploads\/2025\/06\/2.l.EGR-Valve-Cleaner_NoLeaky_4000x4000_74c74249-d819-42d6-b008-233b3a64a67b-300x300.png",300,300,true],"woocommerce_single":["https:\/\/www.noleaky.com\/wp-content\/uploads\/2025\/06\/2.l.EGR-Valve-Cleaner_NoLeaky_4000x4000_74c74249-d819-42d6-b008-233b3a64a67b-600x600.png",600,600,true],"woocommerce_gallery_thumbnail":["https:\/\/www.noleaky.com\/wp-content\/uploads\/2025\/06\/2.l.EGR-Valve-Cleaner_NoLeaky_4000x4000_74c74249-d819-42d6-b008-233b3a64a67b-100x100.png",100,100,true]},"uagb_author_info":{"display_name":"admin","author_link":"https:\/\/www.noleaky.com\/si\/author\/"},"uagb_comment_info":72,"uagb_excerpt":"Restores optimal EGR valve performance without dismantling. Our EGR valve cleaner is specially formulated to remove carbon deposits and soot buildup inside the EGR system through the fuel circuit, eliminating the need for mechanical disassembly. It works progressively while you drive, restoring proper valve movement and airflow control. The most effective EGR cleaning solution available.&hellip;","_links":{"self":[{"href":"https:\/\/www.noleaky.com\/si\/wp-json\/wp\/v2\/product\/22986","targetHints":{"allow":["GET"]}}],"collection":[{"href":"https:\/\/www.noleaky.com\/si\/wp-json\/wp\/v2\/product"}],"about":[{"href":"https:\/\/www.noleaky.com\/si\/wp-json\/wp\/v2\/types\/product"}],"replies":[{"embeddable":true,"href":"https:\/\/www.noleaky.com\/si\/wp-json\/wp\/v2\/comments?post=22986"}],"version-history":[{"count":6,"href":"https:\/\/www.noleaky.com\/si\/wp-json\/wp\/v2\/product\/22986\/revisions"}],"predecessor-version":[{"id":33293,"href":"https:\/\/www.noleaky.com\/si\/wp-json\/wp\/v2\/product\/22986\/revisions\/33293"}],"wp:featuredmedia":[{"embeddable":true,"href":"https:\/\/www.noleaky.com\/si\/wp-json\/wp\/v2\/media\/23037"}],"wp:attachment":[{"href":"https:\/\/www.noleaky.com\/si\/wp-json\/wp\/v2\/media?parent=22986"}],"wp:term":[{"taxonomy":"product_brand","embeddable":true,"href":"https:\/\/www.noleaky.com\/si\/wp-json\/wp\/v2\/product_brand?post=22986"},{"taxonomy":"product_cat","embeddable":true,"href":"https:\/\/www.noleaky.com\/si\/wp-json\/wp\/v2\/product_cat?post=22986"},{"taxonomy":"product_tag","embeddable":true,"href":"https:\/\/www.noleaky.com\/si\/wp-json\/wp\/v2\/product_tag?post=22986"}],"curies":[{"name":"wp","href":"https:\/\/api.w.org\/{rel}","templated":true}]}}