{"id":22989,"date":"2025-06-02T15:49:05","date_gmt":"2025-06-02T13:49:05","guid":{"rendered":"https:\/\/www.noleaky.com\/products\/head-gasket-repair\/"},"modified":"2026-03-01T15:03:46","modified_gmt":"2026-03-01T14:03:46","slug":"head-gasket-repair","status":"publish","type":"product","link":"https:\/\/www.noleaky.com\/se\/products\/head-gasket-repair\/","title":{"rendered":"Reparation av topplockspackning"},"content":{"rendered":"<p><strong><img decoding=\"async\" style=\"margin-right: 12px;\" src=\"https:\/\/www.noleaky.com\/wp-content\/uploads\/2026\/02\/Check.svg\" alt=\"\" width=\"18\" height=\"15\" \/>Reparerar problem med topplockspackningen utan dyrbar demontering av motorn.<\/strong> V\u00e5r formel f\u00f6r reparation av topplockspackningar \u00e4r speciellt utvecklad f\u00f6r att l\u00f6sa vanliga topplockspackningsrelaterade problem utan att kostsamma mekaniska reparationer beh\u00f6vs. Den verkar inifr\u00e5n kylsystemet f\u00f6r att t\u00e4ta l\u00e4ckor som orsakas av skadade topplockspackningar, mindre sprickor och t\u00e4tningsfel, vilket hj\u00e4lper dig att undvika tidskr\u00e4vande och dyr demontering av motorn.<\/p>\n<p><strong><img decoding=\"async\" style=\"margin-right: 12px;\" src=\"https:\/\/www.noleaky.com\/wp-content\/uploads\/2026\/02\/Check.svg\" alt=\"\" width=\"18\" height=\"15\" \/>Den mest effektiva tekniken f\u00f6r inv\u00e4ndig t\u00e4tning som finns tillg\u00e4nglig.<\/strong> Detta \u00e4r den mest effektiva l\u00f6sningen f\u00f6r reparation av topplockspackningen i sin kategori. Dess avancerade t\u00e4tningsmedel cirkulerar genom kylsystemet och aktiveras vid h\u00f6ga temperaturer och bildar en h\u00e5llbar t\u00e4tning exakt d\u00e4r l\u00e4ckaget uppst\u00e5r. Den hj\u00e4lper till att \u00e5tg\u00e4rda problem som kylv\u00e4tskef\u00f6rlust, f\u00f6r h\u00f6gt tryck i kylsystemet, oljef\u00f6roreningar i kylv\u00e4tskan och mindre sprickor i motorkomponenter.<\/p>\n<p><strong><img decoding=\"async\" style=\"margin-right: 12px;\" src=\"https:\/\/www.noleaky.com\/wp-content\/uploads\/2026\/02\/Check.svg\" alt=\"\" width=\"18\" height=\"15\" \/>Det billigaste alternativet till st\u00f6rre motorreparationer.<\/strong> Att byta ut en topplockspackning eller reparera ett sprucket motorblock kan kosta en betydande summa. V\u00e5r produkt \u00e4r den billigaste l\u00f6sningen av professionell kvalitet som finns tillg\u00e4nglig, vilket ger ett kostnadseffektivt alternativ som kan \u00e5terst\u00e4lla funktionaliteten utan den ekonomiska b\u00f6rdan av en fullst\u00e4ndig mekanisk reparation.<\/p>\n<p><strong><img decoding=\"async\" style=\"margin-right: 12px;\" src=\"https:\/\/www.noleaky.com\/wp-content\/uploads\/2026\/02\/Check.svg\" alt=\"\" width=\"18\" height=\"15\" \/>Garanterad leverans 24 timmar om dygnet f\u00f6r akuta motorproblem.<\/strong> Motorproblem kr\u00e4ver omedelbar uppm\u00e4rksamhet. Det \u00e4r d\u00e4rf\u00f6r vi garanterar leverans dygnet runt, s\u00e5 att du kan behandla problemet snabbt och minska risken f\u00f6r ytterligare skador.<\/p>\n<p><strong><img decoding=\"async\" style=\"margin-right: 12px;\" src=\"https:\/\/www.noleaky.com\/wp-content\/uploads\/2026\/02\/Check.svg\" alt=\"\" width=\"18\" height=\"15\" \/>Pengar-tillbaka-garanti f\u00f6r fullst\u00e4ndig sinnesfrid.<\/strong> Vi st\u00e5r bakom prestandan hos v\u00e5r formel f\u00f6r reparation av topplockspackningar. Om du inte \u00e4r n\u00f6jd med resultatet erbjuder vi en pengarna-tillbaka-garanti. Kontakta oss bara s\u00e5 \u00e5terbetalar vi ditt k\u00f6p, vilket g\u00f6r din investering helt riskfri.<\/p>\n<p><strong><img decoding=\"async\" style=\"margin-right: 12px;\" src=\"https:\/\/www.noleaky.com\/wp-content\/uploads\/2026\/02\/Check.svg\" alt=\"\" width=\"18\" height=\"15\" \/>Kompatibel med alla typer av fordonsmotorer.<\/strong> Denna m\u00e5ngsidiga formel \u00e4r l\u00e4mplig f\u00f6r bilar, lastbilar, sk\u00e5pbilar, pickuper, motorcyklar, fyrhjulingar, traktorer och b\u00e5tar och fungerar med bensin- och dieselmotorer n\u00e4r den anv\u00e4nds enligt anvisningarna. Den integreras p\u00e5 ett s\u00e4kert s\u00e4tt i de flesta standardkylsystem.<\/p>\n<p><strong><img decoding=\"async\" style=\"margin-right: 12px;\" src=\"https:\/\/www.noleaky.com\/wp-content\/uploads\/2026\/02\/Check.svg\" alt=\"\" width=\"18\" height=\"15\" \/>Bidrar till att minska problem med h\u00f6gt tryck i kylv\u00e4tskan.<\/strong> En trasig topplockspackning kan orsaka onormal tryckuppbyggnad i kylsystemet. Genom att t\u00e4ta interna l\u00e4ckor hj\u00e4lper produkten till att stabilisera tryckniv\u00e5erna och \u00e5terst\u00e4lla systemets normala beteende.<\/p>\n<p><strong><img decoding=\"async\" style=\"margin-right: 12px;\" src=\"https:\/\/www.noleaky.com\/wp-content\/uploads\/2026\/02\/Check.svg\" alt=\"\" width=\"18\" height=\"15\" \/>Hanterar oljef\u00f6roreningar i kylv\u00e4tska.<\/strong> N\u00e4r olja blandas med kylv\u00e4tska p\u00e5 grund av packningsfel kan det orsaka allvarliga prestandaproblem. Formeln hj\u00e4lper till att t\u00e4ta k\u00e4llan till internt l\u00e4ckage, begr\u00e4nsar korskontaminering och \u00e5terst\u00e4ller systemseparation.<\/p>\n<p><strong><img decoding=\"async\" style=\"margin-right: 12px;\" src=\"https:\/\/www.noleaky.com\/wp-content\/uploads\/2026\/02\/Check.svg\" alt=\"\" width=\"18\" height=\"15\" \/>Kan hj\u00e4lpa till med mindre problem med sprucket motorblock.<\/strong> Vid sm\u00e5 sprickor eller porositeter i motorkomponenter bildar produkten en v\u00e4rmeaktiverad t\u00e4tning som f\u00f6rst\u00e4rker de f\u00f6rsvagade omr\u00e5dena och f\u00f6rhindrar ytterligare l\u00e4ckage.<\/p>\n<p><strong><img decoding=\"async\" style=\"margin-right: 12px;\" src=\"https:\/\/www.noleaky.com\/wp-content\/uploads\/2026\/02\/Check.svg\" alt=\"\" width=\"18\" height=\"15\" \/>F\u00f6rl\u00e4nger motorns livsl\u00e4ngd och \u00e5terst\u00e4ller k\u00f6rbarheten.<\/strong> Genom att t\u00e4ta l\u00e4ckor och stabilisera kylsystemet hj\u00e4lper produkten till att \u00e5terst\u00e4lla en j\u00e4mnare motorg\u00e5ng, minska risken f\u00f6r \u00f6verhettning och f\u00f6rl\u00e4nga livsl\u00e4ngden p\u00e5 ditt fordon.<\/p>\n<h2><strong>Antal som kr\u00e4vs f\u00f6r ditt fordon<\/strong><\/h2>\n<table width=\"100%\">\n<tbody>\n<tr>\n<td><strong>Motorstorlek<\/strong><\/td>\n<td><strong>Kvantitet<\/strong><\/td>\n<\/tr>\n<tr>\n<td>\n<div><\/div>\n<p>Upp till 0,9 liter<\/td>\n<td>\n<div><\/div>\n<p>1 flaska<\/td>\n<\/tr>\n<tr>\n<td>\n<div><\/div>\n<p>Mellan 1 och 1,9 liter<\/td>\n<td>\n<div><\/div>\n<p>2 flaskor<\/td>\n<\/tr>\n<tr>\n<td>Mellan 2 och 2,9 liter<\/td>\n<td>\n<div><\/div>\n<p>3 flaskor<\/td>\n<\/tr>\n<tr>\n<td>\n<div><\/div>\n<p>Mellan 3 och 3,9 liter<\/td>\n<td>\n<div><\/div>\n<p>4 flaskor<\/td>\n<\/tr>\n<tr>\n<td>\n<div><\/div>\n<p>Mer \u00e4n 4 liter<\/td>\n<td>\n<div><\/div>\n<p>5 flaskor<\/td>\n<\/tr>\n<\/tbody>\n<\/table>\n<h2><strong>Instruktioner<\/strong><\/h2>\n<ul>\n<li>Se till att motorn \u00e4r helt kall innan du \u00f6ppnar kylsystemet.<\/li>\n<li>Skaka flaskan noggrant f\u00f6re anv\u00e4ndning.<\/li>\n<li>Kontrollera kylv\u00e4tskans niv\u00e5 och skick. Om systemet \u00e4r kraftigt f\u00f6rorenat ska det spolas innan produkten appliceras.<\/li>\n<li>Tappa inte ur kylv\u00e4tskan om den inte \u00e4r smutsig eller ol\u00e4mplig. Produkten tills\u00e4tts direkt i den befintliga kylv\u00e4tskan.<\/li>\n<li>H\u00e4ll det antal flaskor som kr\u00e4vs i kylaren eller expansionsk\u00e4rlet enligt fordonets konstruktion.<\/li>\n<li>Starta motorn och l\u00e5t den uppn\u00e5 arbetstemperatur.<\/li>\n<li>K\u00f6r motorn p\u00e5 tomg\u00e5ng i cirka 20 till 30 minuter med v\u00e4rmaren inst\u00e4lld p\u00e5 max f\u00f6r att f\u00e5 full cirkulation.<\/li>\n<li>Se till att kylfl\u00e4kten s\u00e4tts p\u00e5 och st\u00e4ngs av minst en g\u00e5ng f\u00f6r att bekr\u00e4fta korrekt temperaturaktivering.<\/li>\n<li>St\u00e4ng av motorn och l\u00e5t den svalna helt.<\/li>\n<li>Kontrollera kylv\u00e4tskeniv\u00e5n och fyll p\u00e5 vid behov. \u00d6vervaka fordonet under de n\u00e4rmaste k\u00f6rcyklerna.<\/li>\n<\/ul>","protected":false},"excerpt":{"rendered":"<p>Repairs head gasket issues without expensive engine dismantling. Our head gasket repair formula is specially developed to solve common head gasket-related problems without the need for costly mechanical repairs. It works from inside the cooling system to seal leaks caused by damaged head gaskets, minor cracks, and sealing failures, helping you avoid time-consuming and expensive [&hellip;]<\/p>\n","protected":false},"featured_media":23043,"comment_status":"open","ping_status":"closed","template":"","meta":{"_uag_custom_page_level_css":"","site-sidebar-layout":"default","site-content-layout":"","ast-site-content-layout":"default","site-content-style":"default","site-sidebar-style":"default","ast-global-header-display":"","ast-banner-title-visibility":"","ast-main-header-display":"","ast-hfb-above-header-display":"","ast-hfb-below-header-display":"","ast-hfb-mobile-header-display":"","site-post-title":"","ast-breadcrumbs-content":"","ast-featured-img":"","footer-sml-layout":"","ast-disable-related-posts":"","theme-transparent-header-meta":"default","adv-header-id-meta":"","stick-header-meta":"","header-above-stick-meta":"","header-main-stick-meta":"","header-below-stick-meta":"","astra-migrate-meta-layouts":"set","ast-page-background-enabled":"default","ast-page-background-meta":{"desktop":{"background-color":"var(--ast-global-color-4)","background-image":"","background-repeat":"repeat","background-position":"center center","background-size":"auto","background-attachment":"scroll","background-type":"","background-media":"","overlay-type":"","overlay-color":"","overlay-opacity":"","overlay-gradient":""},"tablet":{"background-color":"","background-image":"","background-repeat":"repeat","background-position":"center center","background-size":"auto","background-attachment":"scroll","background-type":"","background-media":"","overlay-type":"","overlay-color":"","overlay-opacity":"","overlay-gradient":""},"mobile":{"background-color":"","background-image":"","background-repeat":"repeat","background-position":"center center","background-size":"auto","background-attachment":"scroll","background-type":"","background-media":"","overlay-type":"","overlay-color":"","overlay-opacity":"","overlay-gradient":""}},"ast-content-background-meta":{"desktop":{"background-color":"var(--ast-global-color-5)","background-image":"","background-repeat":"repeat","background-position":"center center","background-size":"auto","background-attachment":"scroll","background-type":"","background-media":"","overlay-type":"","overlay-color":"","overlay-opacity":"","overlay-gradient":""},"tablet":{"background-color":"var(--ast-global-color-5)","background-image":"","background-repeat":"repeat","background-position":"center center","background-size":"auto","background-attachment":"scroll","background-type":"","background-media":"","overlay-type":"","overlay-color":"","overlay-opacity":"","overlay-gradient":""},"mobile":{"background-color":"var(--ast-global-color-5)","background-image":"","background-repeat":"repeat","background-position":"center center","background-size":"auto","background-attachment":"scroll","background-type":"","background-media":"","overlay-type":"","overlay-color":"","overlay-opacity":"","overlay-gradient":""}}},"product_brand":[],"product_cat":[176],"product_tag":[],"class_list":{"0":"post-22989","1":"product","2":"type-product","3":"status-publish","4":"has-post-thumbnail","6":"product_cat-automotive","7":"desktop-align-left","8":"tablet-align-left","9":"mobile-align-left","11":"first","12":"instock","13":"shipping-taxable","14":"purchasable","15":"product-type-simple"},"spectra_custom_meta":{"_visibility":["visible"],"_shopify_product_id":["1706250928162"],"_s2w_shopify_domain":["noleaky.myshopify.com"],"_shopify_variant_id":["29500068954146"],"_sku":["NLHEADGASKETREPAIR"],"_regular_price":["29.90"],"_price":["29.90"],"_weight":["0.45"],"_thumbnail_id":["23043"],"_global_unique_id":["5056773800687"],"total_sales":["3797"],"_tax_status":["taxable"],"_tax_class":[""],"_manage_stock":["no"],"_backorders":["no"],"_sold_individually":["no"],"_virtual":["no"],"_downloadable":["no"],"_download_limit":["-1"],"_download_expiry":["-1"],"_stock":[null],"_stock_status":["instock"],"_wc_average_rating":["4.76"],"_wc_review_count":["229"],"_product_version":["10.5.2"],"_edit_lock":["1772373837:1"],"merchant-center-availability":["yes"],"merchant-center-category":["2517"],"merchant-center-id":["HGR"],"_edit_last":["1"],"_wp_page_template":["default"],"site-sidebar-layout":["default"],"ast-site-content-layout":["default"],"site-content-style":["default"],"site-sidebar-style":["default"],"theme-transparent-header-meta":["default"],"_wc_rating_count":["a:3:{i:3;i:10;i:4;i:35;i:5;i:184;}"],"_upsell_ids":["a:3:{i:0;i:22975;i:1;i:23022;i:2;i:23025;}"],"_crosssell_ids":["a:3:{i:0;i:22975;i:1;i:23022;i:2;i:23025;}"],"astra-migrate-meta-layouts":["set"],"_uag_css_file_name":["uag-css-22989.css"],"_elementor_page_assets":["a:0:{}"]},"uagb_featured_image_src":{"full":["https:\/\/www.noleaky.com\/wp-content\/uploads\/2025\/06\/HeadGasketfinal.png",2560,2560,false],"thumbnail":["https:\/\/www.noleaky.com\/wp-content\/uploads\/2025\/06\/HeadGasketfinal-150x150.png",150,150,true],"medium":["https:\/\/www.noleaky.com\/wp-content\/uploads\/2025\/06\/HeadGasketfinal-300x300.png",300,300,true],"medium_large":["https:\/\/www.noleaky.com\/wp-content\/uploads\/2025\/06\/HeadGasketfinal-768x768.png",768,768,true],"large":["https:\/\/www.noleaky.com\/wp-content\/uploads\/2025\/06\/HeadGasketfinal-1024x1024.png",1024,1024,true],"1536x1536":["https:\/\/www.noleaky.com\/wp-content\/uploads\/2025\/06\/HeadGasketfinal-1536x1536.png",1536,1536,true],"2048x2048":["https:\/\/www.noleaky.com\/wp-content\/uploads\/2025\/06\/HeadGasketfinal-2048x2048.png",2048,2048,true],"trp-custom-language-flag":["https:\/\/www.noleaky.com\/wp-content\/uploads\/2025\/06\/HeadGasketfinal-12x12.png",12,12,true],"woocommerce_thumbnail":["https:\/\/www.noleaky.com\/wp-content\/uploads\/2025\/06\/HeadGasketfinal-300x300.png",300,300,true],"woocommerce_single":["https:\/\/www.noleaky.com\/wp-content\/uploads\/2025\/06\/HeadGasketfinal-600x600.png",600,600,true],"woocommerce_gallery_thumbnail":["https:\/\/www.noleaky.com\/wp-content\/uploads\/2025\/06\/HeadGasketfinal-100x100.png",100,100,true]},"uagb_author_info":{"display_name":"admin","author_link":"https:\/\/www.noleaky.com\/se\/author\/"},"uagb_comment_info":229,"uagb_excerpt":"Repairs head gasket issues without expensive engine dismantling. Our head gasket repair formula is specially developed to solve common head gasket-related problems without the need for costly mechanical repairs. It works from inside the cooling system to seal leaks caused by damaged head gaskets, minor cracks, and sealing failures, helping you avoid time-consuming and expensive&hellip;","_links":{"self":[{"href":"https:\/\/www.noleaky.com\/se\/wp-json\/wp\/v2\/product\/22989","targetHints":{"allow":["GET"]}}],"collection":[{"href":"https:\/\/www.noleaky.com\/se\/wp-json\/wp\/v2\/product"}],"about":[{"href":"https:\/\/www.noleaky.com\/se\/wp-json\/wp\/v2\/types\/product"}],"replies":[{"embeddable":true,"href":"https:\/\/www.noleaky.com\/se\/wp-json\/wp\/v2\/comments?post=22989"}],"version-history":[{"count":10,"href":"https:\/\/www.noleaky.com\/se\/wp-json\/wp\/v2\/product\/22989\/revisions"}],"predecessor-version":[{"id":33277,"href":"https:\/\/www.noleaky.com\/se\/wp-json\/wp\/v2\/product\/22989\/revisions\/33277"}],"wp:featuredmedia":[{"embeddable":true,"href":"https:\/\/www.noleaky.com\/se\/wp-json\/wp\/v2\/media\/23043"}],"wp:attachment":[{"href":"https:\/\/www.noleaky.com\/se\/wp-json\/wp\/v2\/media?parent=22989"}],"wp:term":[{"taxonomy":"product_brand","embeddable":true,"href":"https:\/\/www.noleaky.com\/se\/wp-json\/wp\/v2\/product_brand?post=22989"},{"taxonomy":"product_cat","embeddable":true,"href":"https:\/\/www.noleaky.com\/se\/wp-json\/wp\/v2\/product_cat?post=22989"},{"taxonomy":"product_tag","embeddable":true,"href":"https:\/\/www.noleaky.com\/se\/wp-json\/wp\/v2\/product_tag?post=22989"}],"curies":[{"name":"wp","href":"https:\/\/api.w.org\/{rel}","templated":true}]}}