{"id":22965,"date":"2025-06-02T15:48:45","date_gmt":"2025-06-02T13:48:45","guid":{"rendered":"https:\/\/www.noleaky.com\/privacy-policy-2\/"},"modified":"2025-06-02T16:10:59","modified_gmt":"2025-06-02T14:10:59","slug":"privacy-policy","status":"publish","type":"page","link":"https:\/\/www.noleaky.com\/se\/privacy-policy\/","title":{"rendered":"Integritetspolicy"},"content":{"rendered":"<p><strong>Artikel 1. Presentation av webbplatsen<\/strong><\/p>\n\n\n\n<p>Det \u00e4r specificerat f\u00f6r anv\u00e4ndarna av webbplatsen, identiteten p\u00e5 intressenterna i samband med skapandet och uppf\u00f6ljningen av den:<\/p>\n\n\n\n<p>\u00c4gare: No Leaky LLC<br>Adress: 124 Broadkill Rd 124 Broadkill Rd #432, Milton, DE 19968, F\u00f6renta staterna<br>Aktiekapital: $ 100.000 USD<br>Juridisk form: Aktiebolag med begr\u00e4nsat ansvar<br>Diarienummer: 2530620<\/p>\n\n\n\n<p>V\u00e4rd: OVH SAS, 2 rue Kellermann, Roubaix 59100, Frankrike<\/p>\n\n\n\n<p><strong>Artikel 2. Allm\u00e4nna villkor f\u00f6r anv\u00e4ndning av webbplatsen och de tj\u00e4nster som erbjuds<\/strong><\/p>\n\n\n\n<p>Anv\u00e4ndningen av webbplatsen inneb\u00e4r ett fullst\u00e4ndigt godk\u00e4nnande av de allm\u00e4nna villkor som beskrivs nedan. Dessa anv\u00e4ndarvillkor kan n\u00e4r som helst \u00e4ndras eller kompletteras. Anv\u00e4ndarna uppmanas d\u00e4rf\u00f6r att regelbundet ta del av dem.<\/p>\n\n\n\n<p>Webbplatsen \u00e4r normalt tillg\u00e4nglig f\u00f6r anv\u00e4ndare n\u00e4r som helst. Ett avbrott f\u00f6r tekniskt underh\u00e5ll kan beslutas av No Leaky LLC, som kommer att str\u00e4va efter att kommunicera till anv\u00e4ndarna f\u00f6re datum och tider f\u00f6r underh\u00e5llet.<\/p>\n\n\n\n<p>Denna webbplats uppdateras regelbundet av No Leaky LLC. Detta inkluderar de juridiska meddelandena. Anv\u00e4ndaren uppmanas att h\u00e4nvisa till dessa ofta f\u00f6r att hj\u00e4lpa dem att bli bekanta med dem.<\/p>\n\n\n\n<p><strong>Artikel 3. Beskrivning av de tj\u00e4nster som tillhandah\u00e5lls<\/strong><\/p>\n\n\n\n<p>Syftet med webbplatsen \u00e4r att ge information om bolagets produkter och verksamhet.<\/p>\n\n\n\n<p>No Leaky LLC g\u00f6r allt f\u00f6r att tillhandah\u00e5lla den mest exakta och uppdaterade informationen som m\u00f6jligt. No Leaky LLC kan inte h\u00e5llas ansvarig f\u00f6r fel, utel\u00e4mnanden eller brister i uppdateringarna, vare sig av sig sj\u00e4lv eller tredjepartspartners som f\u00f6rser oss med denna information.<\/p>\n\n\n\n<p>All information p\u00e5 denna webbplats ges endast i informationssyfte och kan komma att \u00e4ndras. Denna information \u00e4r inte p\u00e5 n\u00e5got s\u00e4tt utt\u00f6mmande. Informationen har varit f\u00f6rem\u00e5l f\u00f6r \u00e4ndringar som har gjorts sedan materialet ursprungligen placerades p\u00e5 webbplatsen.<\/p>\n\n\n\n<p><strong>Artikel 4. Avtalsm\u00e4ssiga begr\u00e4nsningar avseende tekniska data<\/strong><\/p>\n\n\n\n<p>Denna webbplats anv\u00e4nder JavaScript-teknik.<\/p>\n\n\n\n<p>Webbplatsen kan inte h\u00e5llas ansvarig f\u00f6r materiella skador relaterade till dess anv\u00e4ndning. Anv\u00e4ndaren f\u00f6rbinder sig att g\u00e5 in p\u00e5 webbplatsen med hj\u00e4lp av ny utrustning som inte inneh\u00e5ller virus och en uppdaterad webbl\u00e4sare av den nya generationen.<\/p>\n\n\n\n<p><strong>Artikel 5. Immateriella r\u00e4ttigheter och varum\u00e4rkesf\u00f6rfalskningar<\/strong><\/p>\n\n\n\n<p>No Leaky LLC \u00e4r \u00e4gare till immateriella r\u00e4ttigheter eller innehar anv\u00e4ndarr\u00e4ttigheterna f\u00f6r alla element som \u00e4r tillg\u00e4ngliga p\u00e5 denna webbplats. I synnerhet texter, bilder, grafik, logotyp, ikoner, ljud och programvara.<\/p>\n\n\n\n<p>All reproduktion, representation, modifiering, publicering, anpassning av hela eller delar av elementen p\u00e5 denna webbplats, oavsett vilket medel eller process som anv\u00e4nds, \u00e4r str\u00e4ngt f\u00f6rbjudet, s\u00e5vida inte f\u00f6reg\u00e5ende skriftligt tillst\u00e5nd garanteras av No Leaky LLC.<\/p>\n\n\n\n<p>All obeh\u00f6rig anv\u00e4ndning av webbplatsen eller n\u00e5got av de element som den inneh\u00e5ller kommer att utg\u00f6ra ett intr\u00e5ng och kommer att \u00e5talas.<\/p>\n\n\n\n<p><strong>Artikel 6. Begr\u00e4nsning av ansvar<\/strong><\/p>\n\n\n\n<p>No Leaky LLC kan inte h\u00e5llas ansvarig f\u00f6r direkta eller indirekta skador som orsakas av anv\u00e4ndarens utrustning vid \u00e5tkomst till webbplatsen. Skador som orsakas av anv\u00e4ndning av utrustning som inte uppfyller de specifikationer som anges i artikel 4, eller uppkomsten av en bugg eller ett virus.<\/p>\n\n\n\n<p>No Leaky LLC kan inte h\u00e5llas ansvarigt f\u00f6r f\u00f6ljdskador s\u00e5som f\u00f6rlust av marknad eller f\u00f6rlust av m\u00f6jligheter som h\u00e4rr\u00f6r fr\u00e5n anv\u00e4ndningen av webbplatsen.<\/p>\n\n\n\n<p>Interaktiva utrymmen (d\u00e4r anv\u00e4ndarna kan st\u00e4lla fr\u00e5gor) \u00e4r tillg\u00e4ngliga f\u00f6r anv\u00e4ndarna. No Leaky LLC f\u00f6rbeh\u00e5ller sig r\u00e4tten att utan f\u00f6reg\u00e5ende meddelande radera allt inneh\u00e5ll som publiceras i detta utrymme som skulle strida mot till\u00e4mplig lagstiftning i anv\u00e4ndarens bos\u00e4ttningsland. Detta g\u00e4ller s\u00e4rskilt best\u00e4mmelser som r\u00f6r dataskydd. I f\u00f6rekommande fall f\u00f6rbeh\u00e5ller sig No Leaky LLC ocks\u00e5 r\u00e4tten att ifr\u00e5gas\u00e4tta anv\u00e4ndarens civilr\u00e4ttsliga och \/ eller straffr\u00e4ttsliga ansvar. I synnerhet allt som \u00e4r rasistiskt, kr\u00e4nkande, \u00e4rekr\u00e4nkande eller av pornografisk natur oavsett vilket medium som anv\u00e4nds (text, fotografi etc.).<\/p>\n\n\n\n<p><strong>Artikel 7. Hantering av personuppgifter<\/strong><\/p>\n\n\n\n<p>Vid anv\u00e4ndning av webbplatsen kan f\u00f6ljande uppgifter samlas in: webbadressen till de l\u00e4nkar genom vilka anv\u00e4ndaren kommer till webbplatsen, anv\u00e4ndarens leverant\u00f6r och anv\u00e4ndarens protokolladress (IP).<\/p>\n\n\n\n<p>No Leaky LLC samlar endast in personlig information som r\u00f6r anv\u00e4ndaren f\u00f6r behovet av vissa tj\u00e4nster som erbjuds av webbplatsen. Anv\u00e4ndaren tillhandah\u00e5ller denna information med full k\u00e4nnedom om fakta n\u00e4r han g\u00e5r in. Det \u00e4r specificerat f\u00f6r anv\u00e4ndaren av webbplatsen skyldigheten (eller inte) att tillhandah\u00e5lla denna information.<\/p>\n\n\n\n<p>I enlighet med best\u00e4mmelserna om databehandling, filer och friheter har alla anv\u00e4ndare r\u00e4tt att f\u00e5 tillg\u00e5ng till, r\u00e4tta till och inv\u00e4nda mot personuppgifter som r\u00f6r dem. Anv\u00e4ndaren m\u00e5ste l\u00e4mna in en skriftlig och undertecknad beg\u00e4ran, \u00e5tf\u00f6ljd av en kopia av sin identitetshandling med underskrift av innehavaren av handlingen, med angivande av den adress till vilken svaret ska skickas.<\/p>\n\n\n\n<p>Ingen personlig information om anv\u00e4ndaren av webbplatsen publiceras utan anv\u00e4ndarens vetskap och samtycke, varken \u00f6verf\u00f6rs, utbyts eller s\u00e4ljs p\u00e5 n\u00e5got medium alls till tredje part. Endast antagandet av f\u00f6rv\u00e4rvet av No Leaky LLC och dess r\u00e4ttigheter skulle till\u00e5ta \u00f6verf\u00f6ring av n\u00e4mnda information till den potentiella k\u00f6paren som i sin tur skulle vara bunden av samma skyldighet att lagra och \u00e4ndra data med avseende p\u00e5 anv\u00e4ndarna av webbplatsen.<\/p>\n\n\n\n<p>Databaserna skyddas av best\u00e4mmelserna om r\u00e4ttsligt skydd f\u00f6r databaser.<\/p>\n\n\n\n<p><strong>Artikel 8. Hypertextl\u00e4nkar och cookies<\/strong><\/p>\n\n\n\n<p>Webbplatsen inneh\u00e5ller ett antal hypertextl\u00e4nkar till andra webbplatser som placerades p\u00e5 plats med tillst\u00e5nd fr\u00e5n No Leaky LLC. Det kan noteras att No Leaky LLC inte har m\u00f6jlighet att verifiera inneh\u00e5llet p\u00e5 de webbplatser som s\u00e5lunda bes\u00f6ks och d\u00e4rf\u00f6r inte tar n\u00e5got ansvar f\u00f6r detta faktum.<\/p>\n\n\n\n<p>N\u00e4r du surfar p\u00e5 den h\u00e4r webbplatsen kommer cookies sannolikt att installeras p\u00e5 anv\u00e4ndarens dator. En cookie \u00e4r en liten fil som inte g\u00f6r det m\u00f6jligt att identifiera anv\u00e4ndaren, men som kan registrera information om hur en dator navigerar p\u00e5 en webbplats. De uppgifter som erh\u00e5lls \u00e4r avsedda att underl\u00e4tta ytterligare navigering p\u00e5 webbplatsen och kan m\u00e4ta n\u00e4rvaro.<\/p>\n\n\n\n<p>Om du v\u00e4grar att till\u00e5ta cookies kan det g\u00f6ra det om\u00f6jligt att f\u00e5 tillg\u00e5ng till vissa tj\u00e4nster. Anv\u00e4ndaren kan konfigurera sin dator p\u00e5 f\u00f6ljande s\u00e4tt f\u00f6r att v\u00e4gra installation av cookies:<\/p>\n\n\n\n<p>Internet Explorer: V\u00e4lj inst\u00e4llningar (kugghjulsikonen l\u00e4ngst upp till h\u00f6ger) V\u00e4lj Internetalternativ. Klicka p\u00e5 Sekretess och v\u00e4lj Blockera alla cookies. Bekr\u00e4fta ok.<\/p>\n\n\n\n<p>Firefox: Klicka p\u00e5 Firefox-knappen l\u00e4ngst upp i webbl\u00e4sarf\u00f6nstret och klicka sedan p\u00e5 fliken Alternativ. Klicka p\u00e5 fliken Sekretess. St\u00e4ll in lagringsreglerna till: anv\u00e4nd anpassade inst\u00e4llningar f\u00f6r historik. Avmarkera slutligen f\u00f6r att inaktivera cookies.<\/p>\n\n\n\n<p>I Safari: Klicka p\u00e5 menyikonen (kugghjulssymbolen) l\u00e4ngst upp till h\u00f6ger i webbl\u00e4saren. V\u00e4lj inst\u00e4llningar. Klicka p\u00e5 Visa avancerade inst\u00e4llningar. I avsnittet \"Sekretess\" klickar du p\u00e5 Inneh\u00e5llsinst\u00e4llningar. I avsnittet \"Cookies\" kan du blockera cookies.<\/p>\n\n\n\n<p>I Chrome: Klicka p\u00e5 menyikonen l\u00e4ngst upp till h\u00f6ger i webbl\u00e4saren (symbol med 3 horisontella linjer). V\u00e4lj inst\u00e4llningar. Klicka p\u00e5 Visa avancerade inst\u00e4llningar. I avsnittet \"Sekretess\" klickar du p\u00e5 inst\u00e4llningar. V\u00e4lj blockera cookies.<\/p>\n\n\n\n<p>&nbsp;<strong>Artikel 9. Till\u00e4mplig lag och tilldelning av beh\u00f6righet<\/strong><\/p>\n\n\n\n<p>Alla tvister i samband med anv\u00e4ndningen av webbplatsen omfattas av g\u00e4llande lag i det land d\u00e4r s\u00e4ljaren har sin hemvist. Exklusiv jurisdiktion ges till de beh\u00f6riga domstolarna i s\u00e4ljarens bos\u00e4ttningsland.<\/p>\n\n\n\n<p>&nbsp;<strong>Artikel 10. Ordlista<\/strong><\/p>\n\n\n\n<p>Anv\u00e4ndare: Internetanv\u00e4ndare som ansluter online, den ovann\u00e4mnda webbplatsen.<\/p>\n\n\n\n<p>Personlig information: Information som p\u00e5 n\u00e5got s\u00e4tt, direkt eller indirekt, g\u00f6r det m\u00f6jligt att identifiera den eller de enskilda personer som de avser.<\/p>","protected":false},"excerpt":{"rendered":"<p>Article 1. Presentation of the website It is specified to the users of the website, the identity of the stakeholders in the context of its creation and follow up: Owner: No Leaky LLCAddress: 124 Broadkill Rd #432, Milton, DE 19968, United StatesShare capital: $ 100,000 USDLegal form: Limited liability companyFile number: 2530620 Host: OVH SAS, [&hellip;]<\/p>\n","protected":false},"author":1,"featured_media":0,"parent":0,"menu_order":0,"comment_status":"closed","ping_status":"closed","template":"","meta":{"_uag_custom_page_level_css":"","site-sidebar-layout":"default","site-content-layout":"","ast-site-content-layout":"default","site-content-style":"default","site-sidebar-style":"default","ast-global-header-display":"","ast-banner-title-visibility":"","ast-main-header-display":"","ast-hfb-above-header-display":"","ast-hfb-below-header-display":"","ast-hfb-mobile-header-display":"","site-post-title":"","ast-breadcrumbs-content":"","ast-featured-img":"","footer-sml-layout":"","ast-disable-related-posts":"","theme-transparent-header-meta":"","adv-header-id-meta":"","stick-header-meta":"","header-above-stick-meta":"","header-main-stick-meta":"","header-below-stick-meta":"","astra-migrate-meta-layouts":"set","ast-page-background-enabled":"default","ast-page-background-meta":{"desktop":{"background-color":"var(--ast-global-color-4)","background-image":"","background-repeat":"repeat","background-position":"center center","background-size":"auto","background-attachment":"scroll","background-type":"","background-media":"","overlay-type":"","overlay-color":"","overlay-opacity":"","overlay-gradient":""},"tablet":{"background-color":"","background-image":"","background-repeat":"repeat","background-position":"center center","background-size":"auto","background-attachment":"scroll","background-type":"","background-media":"","overlay-type":"","overlay-color":"","overlay-opacity":"","overlay-gradient":""},"mobile":{"background-color":"","background-image":"","background-repeat":"repeat","background-position":"center center","background-size":"auto","background-attachment":"scroll","background-type":"","background-media":"","overlay-type":"","overlay-color":"","overlay-opacity":"","overlay-gradient":""}},"ast-content-background-meta":{"desktop":{"background-color":"var(--ast-global-color-5)","background-image":"","background-repeat":"repeat","background-position":"center center","background-size":"auto","background-attachment":"scroll","background-type":"","background-media":"","overlay-type":"","overlay-color":"","overlay-opacity":"","overlay-gradient":""},"tablet":{"background-color":"var(--ast-global-color-5)","background-image":"","background-repeat":"repeat","background-position":"center center","background-size":"auto","background-attachment":"scroll","background-type":"","background-media":"","overlay-type":"","overlay-color":"","overlay-opacity":"","overlay-gradient":""},"mobile":{"background-color":"var(--ast-global-color-5)","background-image":"","background-repeat":"repeat","background-position":"center center","background-size":"auto","background-attachment":"scroll","background-type":"","background-media":"","overlay-type":"","overlay-color":"","overlay-opacity":"","overlay-gradient":""}},"footnotes":""},"class_list":["post-22965","page","type-page","status-publish","hentry"],"spectra_custom_meta":{"_s2w_shopify_page_id":["22078390306"],"_s2w_shopify_domain":["noleaky.myshopify.com"],"_edit_last":["1"],"_wp_page_template":["default"],"_edit_lock":["1748873550:1"],"_uag_custom_page_level_css":[""],"site-sidebar-layout":["default"],"site-content-layout":[""],"ast-site-content-layout":["default"],"site-content-style":["default"],"site-sidebar-style":["default"],"ast-global-header-display":[""],"ast-banner-title-visibility":[""],"ast-main-header-display":[""],"ast-hfb-above-header-display":[""],"ast-hfb-below-header-display":[""],"ast-hfb-mobile-header-display":[""],"site-post-title":[""],"ast-breadcrumbs-content":[""],"ast-featured-img":[""],"footer-sml-layout":[""],"theme-transparent-header-meta":[""],"adv-header-id-meta":[""],"stick-header-meta":[""],"header-above-stick-meta":[""],"header-main-stick-meta":[""],"header-below-stick-meta":[""],"astra-migrate-meta-layouts":["set"],"ast-page-background-enabled":["default"],"ast-page-background-meta":["a:3:{s:7:\"desktop\";a:12:{s:16:\"background-color\";s:25:\"var(--ast-global-color-4)\";s:16:\"background-image\";s:0:\"\";s:17:\"background-repeat\";s:6:\"repeat\";s:19:\"background-position\";s:13:\"center center\";s:15:\"background-size\";s:4:\"auto\";s:21:\"background-attachment\";s:6:\"scroll\";s:15:\"background-type\";s:0:\"\";s:16:\"background-media\";s:0:\"\";s:12:\"overlay-type\";s:0:\"\";s:13:\"overlay-color\";s:0:\"\";s:15:\"overlay-opacity\";s:0:\"\";s:16:\"overlay-gradient\";s:0:\"\";}s:6:\"tablet\";a:12:{s:16:\"background-color\";s:0:\"\";s:16:\"background-image\";s:0:\"\";s:17:\"background-repeat\";s:6:\"repeat\";s:19:\"background-position\";s:13:\"center center\";s:15:\"background-size\";s:4:\"auto\";s:21:\"background-attachment\";s:6:\"scroll\";s:15:\"background-type\";s:0:\"\";s:16:\"background-media\";s:0:\"\";s:12:\"overlay-type\";s:0:\"\";s:13:\"overlay-color\";s:0:\"\";s:15:\"overlay-opacity\";s:0:\"\";s:16:\"overlay-gradient\";s:0:\"\";}s:6:\"mobile\";a:12:{s:16:\"background-color\";s:0:\"\";s:16:\"background-image\";s:0:\"\";s:17:\"background-repeat\";s:6:\"repeat\";s:19:\"background-position\";s:13:\"center center\";s:15:\"background-size\";s:4:\"auto\";s:21:\"background-attachment\";s:6:\"scroll\";s:15:\"background-type\";s:0:\"\";s:16:\"background-media\";s:0:\"\";s:12:\"overlay-type\";s:0:\"\";s:13:\"overlay-color\";s:0:\"\";s:15:\"overlay-opacity\";s:0:\"\";s:16:\"overlay-gradient\";s:0:\"\";}}"],"ast-content-background-meta":["a:3:{s:7:\"desktop\";a:12:{s:16:\"background-color\";s:25:\"var(--ast-global-color-5)\";s:16:\"background-image\";s:0:\"\";s:17:\"background-repeat\";s:6:\"repeat\";s:19:\"background-position\";s:13:\"center center\";s:15:\"background-size\";s:4:\"auto\";s:21:\"background-attachment\";s:6:\"scroll\";s:15:\"background-type\";s:0:\"\";s:16:\"background-media\";s:0:\"\";s:12:\"overlay-type\";s:0:\"\";s:13:\"overlay-color\";s:0:\"\";s:15:\"overlay-opacity\";s:0:\"\";s:16:\"overlay-gradient\";s:0:\"\";}s:6:\"tablet\";a:12:{s:16:\"background-color\";s:25:\"var(--ast-global-color-5)\";s:16:\"background-image\";s:0:\"\";s:17:\"background-repeat\";s:6:\"repeat\";s:19:\"background-position\";s:13:\"center center\";s:15:\"background-size\";s:4:\"auto\";s:21:\"background-attachment\";s:6:\"scroll\";s:15:\"background-type\";s:0:\"\";s:16:\"background-media\";s:0:\"\";s:12:\"overlay-type\";s:0:\"\";s:13:\"overlay-color\";s:0:\"\";s:15:\"overlay-opacity\";s:0:\"\";s:16:\"overlay-gradient\";s:0:\"\";}s:6:\"mobile\";a:12:{s:16:\"background-color\";s:25:\"var(--ast-global-color-5)\";s:16:\"background-image\";s:0:\"\";s:17:\"background-repeat\";s:6:\"repeat\";s:19:\"background-position\";s:13:\"center center\";s:15:\"background-size\";s:4:\"auto\";s:21:\"background-attachment\";s:6:\"scroll\";s:15:\"background-type\";s:0:\"\";s:16:\"background-media\";s:0:\"\";s:12:\"overlay-type\";s:0:\"\";s:13:\"overlay-color\";s:0:\"\";s:15:\"overlay-opacity\";s:0:\"\";s:16:\"overlay-gradient\";s:0:\"\";}}"],"footnotes":[""],"_elementor_edit_mode":[""],"_elementor_template_type":[""],"_elementor_data":[""],"_elementor_conditions":["a:0:{}"],"_uag_css_file_name":["uag-css-22965.css"],"_uag_page_assets":["a:9:{s:3:\"css\";s:7156:\".uag-blocks-common-selector{z-index:var(--z-index-desktop) !important}@media (max-width: 976px){.uag-blocks-common-selector{z-index:var(--z-index-tablet) !important}}@media (max-width: 767px){.uag-blocks-common-selector{z-index:var(--z-index-mobile) !important}}\n.wp-block-uagb-image{display:flex}.wp-block-uagb-image__figure{position:relative;display:flex;flex-direction:column;max-width:100%;height:auto;margin:0}.wp-block-uagb-image__figure img{height:auto;display:flex;max-width:100%;transition:box-shadow 0.2s ease}.wp-block-uagb-image__figure>a{display:inline-block}.wp-block-uagb-image__figure figcaption{text-align:center;margin-top:0.5em;margin-bottom:1em}.wp-block-uagb-image .components-placeholder.block-editor-media-placeholder .components-placeholder__instructions{align-self:center}.wp-block-uagb-image--align-left{text-align:left}.wp-block-uagb-image--align-right{text-align:right}.wp-block-uagb-image--align-center{text-align:center}.wp-block-uagb-image--align-full .wp-block-uagb-image__figure{margin-left:calc(50% - 50vw);margin-right:calc(50% - 50vw);max-width:100vw;width:100vw;height:auto}.wp-block-uagb-image--align-full .wp-block-uagb-image__figure img{height:auto;width:100% !important}.wp-block-uagb-image--align-wide .wp-block-uagb-image__figure img{height:auto;width:100%}.wp-block-uagb-image--layout-overlay__color-wrapper{position:absolute;left:0;top:0;right:0;bottom:0;opacity:0.2;background:rgba(0,0,0,0.5);transition:opacity 0.35s ease-in-out}.wp-block-uagb-image--layout-overlay-link{position:absolute;left:0;right:0;bottom:0;top:0}.wp-block-uagb-image--layout-overlay .wp-block-uagb-image__figure:hover .wp-block-uagb-image--layout-overlay__color-wrapper{opacity:1}.wp-block-uagb-image--layout-overlay__inner{position:absolute;left:15px;right:15px;bottom:15px;top:15px;display:flex;align-items:center;justify-content:center;flex-direction:column;border-color:#fff;transition:0.35s ease-in-out}.wp-block-uagb-image--layout-overlay__inner.top-left,.wp-block-uagb-image--layout-overlay__inner.top-center,.wp-block-uagb-image--layout-overlay__inner.top-right{justify-content:flex-start}.wp-block-uagb-image--layout-overlay__inner.bottom-left,.wp-block-uagb-image--layout-overlay__inner.bottom-center,.wp-block-uagb-image--layout-overlay__inner.bottom-right{justify-content:flex-end}.wp-block-uagb-image--layout-overlay__inner.top-left,.wp-block-uagb-image--layout-overlay__inner.center-left,.wp-block-uagb-image--layout-overlay__inner.bottom-left{align-items:flex-start}.wp-block-uagb-image--layout-overlay__inner.top-right,.wp-block-uagb-image--layout-overlay__inner.center-right,.wp-block-uagb-image--layout-overlay__inner.bottom-right{align-items:flex-end}.wp-block-uagb-image--layout-overlay__inner .uagb-image-heading{color:#fff;transition:transform 0.35s, opacity 0.35s ease-in-out;transform:translate3d(0, 24px, 0);margin:0;line-height:1em}.wp-block-uagb-image--layout-overlay__inner .uagb-image-separator{width:30%;border-top-width:2px;border-top-color:#fff;border-top-style:solid;margin-bottom:10px;opacity:0;transition:transform 0.4s, opacity 0.4s ease-in-out;transform:translate3d(0, 30px, 0)}.wp-block-uagb-image--layout-overlay__inner .uagb-image-caption{opacity:0;overflow:visible;color:#fff;transition:transform 0.45s, opacity 0.45s ease-in-out;transform:translate3d(0, 35px, 0)}.wp-block-uagb-image--layout-overlay__inner:hover .uagb-image-heading,.wp-block-uagb-image--layout-overlay__inner:hover .uagb-image-separator,.wp-block-uagb-image--layout-overlay__inner:hover .uagb-image-caption{opacity:1;transform:translate3d(0, 0, 0)}.wp-block-uagb-image--effect-zoomin .wp-block-uagb-image__figure img,.wp-block-uagb-image--effect-zoomin .wp-block-uagb-image__figure .wp-block-uagb-image--layout-overlay__color-wrapper{transform:scale(1);transition:transform 0.35s ease-in-out}.wp-block-uagb-image--effect-zoomin .wp-block-uagb-image__figure:hover img,.wp-block-uagb-image--effect-zoomin .wp-block-uagb-image__figure:hover .wp-block-uagb-image--layout-overlay__color-wrapper{transform:scale(1.05)}.wp-block-uagb-image--effect-slide .wp-block-uagb-image__figure img,.wp-block-uagb-image--effect-slide .wp-block-uagb-image__figure .wp-block-uagb-image--layout-overlay__color-wrapper{width:calc(100% + 40px) !important;max-width:none !important;transform:translate3d(-40px, 0, 0);transition:transform 0.35s ease-in-out}.wp-block-uagb-image--effect-slide .wp-block-uagb-image__figure:hover img,.wp-block-uagb-image--effect-slide .wp-block-uagb-image__figure:hover .wp-block-uagb-image--layout-overlay__color-wrapper{transform:translate3d(0, 0, 0)}.wp-block-uagb-image--effect-grayscale img{filter:grayscale(0%);transition:0.35s ease-in-out}.wp-block-uagb-image--effect-grayscale:hover img{filter:grayscale(100%)}.wp-block-uagb-image--effect-blur img{filter:blur(0);transition:0.35s ease-in-out}.wp-block-uagb-image--effect-blur:hover img{filter:blur(3px)}\n.uagb-block-e6f939b3.wp-block-uagb-image--layout-default figure img{box-shadow: 0px 0px 0 #00000070;}.uagb-block-e6f939b3.wp-block-uagb-image .wp-block-uagb-image__figure figcaption{font-style: normal;align-self: center;}.uagb-block-e6f939b3.wp-block-uagb-image--layout-overlay figure img{box-shadow: 0px 0px 0 #00000070;}.uagb-block-e6f939b3.wp-block-uagb-image--layout-overlay .wp-block-uagb-image--layout-overlay__color-wrapper{opacity: 0.2;}.uagb-block-e6f939b3.wp-block-uagb-image--layout-overlay .wp-block-uagb-image--layout-overlay__inner{left: 15px;right: 15px;top: 15px;bottom: 15px;}.uagb-block-e6f939b3.wp-block-uagb-image--layout-overlay .wp-block-uagb-image--layout-overlay__inner .uagb-image-heading{font-style: normal;color: #fff;opacity: 1;}.uagb-block-e6f939b3.wp-block-uagb-image--layout-overlay .wp-block-uagb-image--layout-overlay__inner .uagb-image-heading a{color: #fff;}.uagb-block-e6f939b3.wp-block-uagb-image--layout-overlay .wp-block-uagb-image--layout-overlay__inner .uagb-image-caption{opacity: 0;}.uagb-block-e6f939b3.wp-block-uagb-image--layout-overlay .wp-block-uagb-image__figure:hover .wp-block-uagb-image--layout-overlay__color-wrapper{opacity: 1;}.uagb-block-e6f939b3.wp-block-uagb-image .wp-block-uagb-image--layout-overlay__inner .uagb-image-separator{width: 30%;border-top-width: 2px;border-top-color: #fff;opacity: 0;}.uagb-block-e6f939b3.wp-block-uagb-image .wp-block-uagb-image__figure img{width: px;height: auto;}.uagb-block-e6f939b3.wp-block-uagb-image .wp-block-uagb-image__figure:hover .wp-block-uagb-image--layout-overlay__inner .uagb-image-caption{opacity: 1;}.uagb-block-e6f939b3.wp-block-uagb-image .wp-block-uagb-image__figure:hover .wp-block-uagb-image--layout-overlay__inner .uagb-image-separator{opacity: 1;}.uagb-block-e6f939b3.wp-block-uagb-image--layout-default figure:hover img{box-shadow: 0px 0px 0 #00000070;}.uagb-block-e6f939b3.wp-block-uagb-image--layout-overlay figure:hover img{box-shadow: 0px 0px 0 #00000070;}@media only screen and (max-width: 976px) {.uagb-block-e6f939b3.wp-block-uagb-image .wp-block-uagb-image__figure img{width: px;height: auto;}}@media only screen and (max-width: 767px) {.uagb-block-e6f939b3.wp-block-uagb-image .wp-block-uagb-image__figure img{width: px;height: auto;}}\";s:2:\"js\";s:0:\"\";s:18:\"current_block_list\";a:13:{i:0;s:14:\"core\/paragraph\";i:1;s:11:\"core\/search\";i:2;s:10:\"core\/group\";i:3;s:12:\"core\/heading\";i:4;s:17:\"core\/latest-posts\";i:5;s:20:\"core\/latest-comments\";i:6;s:13:\"core\/archives\";i:7;s:15:\"core\/categories\";i:8;s:10:\"uagb\/image\";i:9;s:11:\"core\/spacer\";i:10;s:30:\"woocommerce\/product-categories\";i:11;s:10:\"core\/image\";i:12;s:14:\"core\/shortcode\";}s:8:\"uag_flag\";b:1;s:11:\"uag_version\";s:10:\"1776750750\";s:6:\"gfonts\";a:0:{}s:10:\"gfonts_url\";s:0:\"\";s:12:\"gfonts_files\";a:0:{}s:14:\"uag_faq_layout\";b:0;}"]},"uagb_featured_image_src":{"full":false,"thumbnail":false,"medium":false,"medium_large":false,"large":false,"1536x1536":false,"2048x2048":false,"trp-custom-language-flag":false,"woocommerce_thumbnail":false,"woocommerce_single":false,"woocommerce_gallery_thumbnail":false},"uagb_author_info":{"display_name":"admin","author_link":"https:\/\/www.noleaky.com\/se\/author\/admin2721\/"},"uagb_comment_info":0,"uagb_excerpt":"Article 1. Presentation of the website It is specified to the users of the website, the identity of the stakeholders in the context of its creation and follow up: Owner: No Leaky LLCAddress: 124 Broadkill Rd #432, Milton, DE 19968, United StatesShare capital: $ 100,000 USDLegal form: Limited liability companyFile number: 2530620 Host: OVH SAS,&hellip;","_links":{"self":[{"href":"https:\/\/www.noleaky.com\/se\/wp-json\/wp\/v2\/pages\/22965","targetHints":{"allow":["GET"]}}],"collection":[{"href":"https:\/\/www.noleaky.com\/se\/wp-json\/wp\/v2\/pages"}],"about":[{"href":"https:\/\/www.noleaky.com\/se\/wp-json\/wp\/v2\/types\/page"}],"author":[{"embeddable":true,"href":"https:\/\/www.noleaky.com\/se\/wp-json\/wp\/v2\/users\/1"}],"replies":[{"embeddable":true,"href":"https:\/\/www.noleaky.com\/se\/wp-json\/wp\/v2\/comments?post=22965"}],"version-history":[{"count":2,"href":"https:\/\/www.noleaky.com\/se\/wp-json\/wp\/v2\/pages\/22965\/revisions"}],"predecessor-version":[{"id":23126,"href":"https:\/\/www.noleaky.com\/se\/wp-json\/wp\/v2\/pages\/22965\/revisions\/23126"}],"wp:attachment":[{"href":"https:\/\/www.noleaky.com\/se\/wp-json\/wp\/v2\/media?parent=22965"}],"curies":[{"name":"wp","href":"https:\/\/api.w.org\/{rel}","templated":true}]}}