{"id":23027,"date":"2025-06-02T15:49:28","date_gmt":"2025-06-02T13:49:28","guid":{"rendered":"https:\/\/www.noleaky.com\/products\/superethanol-treatment-e85\/"},"modified":"2026-03-01T14:36:25","modified_gmt":"2026-03-01T13:36:25","slug":"superethanol-treatment-e85","status":"publish","type":"product","link":"https:\/\/www.noleaky.com\/ro\/products\/superethanol-treatment-e85\/","title":{"rendered":"Tratament cu Superetanol"},"content":{"rendered":"<p><strong><img decoding=\"async\" style=\"margin-right: 12px;\" src=\"https:\/\/www.noleaky.com\/wp-content\/uploads\/2026\/02\/Check.svg\" alt=\"\" width=\"18\" height=\"15\" \/>Optimizeaz\u0103 performan\u021bele motorului vehiculelor care func\u021bioneaz\u0103 cu combustibil pe baz\u0103 de superetanol.<\/strong> Tratamentul nostru cu superetanol este special dezvoltat pentru a \u00eembun\u0103t\u0103\u021bi eficien\u021ba arderii \u0219i stabilitatea motorului \u00een vehiculele care utilizeaz\u0103 combustibili cu con\u021binut ridicat de etanol, cum ar fi E85. \u00cembun\u0103t\u0103\u021be\u0219te calitatea aprinderii, reduce arderea neregulat\u0103 \u0219i sus\u021bine func\u021bionarea mai lin\u0103 a motorului, chiar \u0219i \u00een condi\u021bii de conducere dificile.<\/p>\n<p><strong><img decoding=\"async\" style=\"margin-right: 12px;\" src=\"https:\/\/www.noleaky.com\/wp-content\/uploads\/2026\/02\/Check.svg\" alt=\"\" width=\"18\" height=\"15\" \/>Cea mai eficient\u0103 formul\u0103 pentru protejarea sistemelor de combustibil expuse la etanol.<\/strong> Combustibilii pe baz\u0103 de etanol pot atrage umezeala \u0219i pot cauza coroziune \u00een interiorul sistemului de alimentare. Tratamentul nostru avansat este cea mai eficient\u0103 solu\u021bie pentru stabilizarea combustibilului, reducerea problemelor legate de ap\u0103 \u0219i protejarea injectoarelor, pompelor de combustibil \u0219i componentelor interne ale motorului \u00eempotriva uzurii premature \u0219i depunerilor.<\/p>\n<p><strong><img decoding=\"async\" style=\"margin-right: 12px;\" src=\"https:\/\/www.noleaky.com\/wp-content\/uploads\/2026\/02\/Check.svg\" alt=\"\" width=\"18\" height=\"15\" \/>Cel mai ieftin aditiv de \u00eenalt\u0103 performan\u021b\u0103 de pe pia\u021b\u0103.<\/strong> Oferim protec\u021bie superethanol de calitate profesional\u0103 la cel mai competitiv pre\u021b. Produsul nostru este cea mai ieftin\u0103 solu\u021bie din categoria sa, oferind \u00een acela\u0219i timp o eficien\u021b\u0103 premium, permi\u021b\u00e2nd \u0219oferilor s\u0103 \u00ee\u0219i \u00eentre\u021bin\u0103 corespunz\u0103tor vehiculele f\u0103r\u0103 a cre\u0219te costurile de exploatare.<\/p>\n<p><strong><img decoding=\"async\" style=\"margin-right: 12px;\" src=\"https:\/\/www.noleaky.com\/wp-content\/uploads\/2026\/02\/Check.svg\" alt=\"\" width=\"18\" height=\"15\" \/>Livrare garantat\u0103 \u00een 24 de ore pentru \u00eengrijirea imediat\u0103 a motorului.<\/strong> Problemele legate de combustibil nu trebuie s\u0103 a\u0219tepte. Acesta este motivul pentru care garant\u0103m livrarea \u00een 24 de ore, asigur\u00e2ndu-v\u0103 c\u0103 pute\u021bi ad\u0103uga rapid tratamentul \u00een rezervor \u0219i men\u021bine performan\u021ba optim\u0103 a motorului f\u0103r\u0103 \u00eent\u00e2rziere.<\/p>\n<p><strong><img decoding=\"async\" style=\"margin-right: 12px;\" src=\"https:\/\/www.noleaky.com\/wp-content\/uploads\/2026\/02\/Check.svg\" alt=\"\" width=\"18\" height=\"15\" \/>Garan\u021bie de returnare a banilor pentru o lini\u0219te sufleteasc\u0103 deplin\u0103.<\/strong> Sus\u021binem pe deplin eficien\u021ba tratamentului nostru cu superethanol. Dac\u0103 nu sunte\u021bi mul\u021bumit de rezultate, oferim o garan\u021bie de returnare a banilor. Pur \u0219i simplu contacta\u021bi-ne \u0219i v\u0103 vom rambursa achizi\u021bia, f\u0103c\u00e2nd investi\u021bia dvs. complet lipsit\u0103 de riscuri.<\/p>\n<p><strong><img decoding=\"async\" style=\"margin-right: 12px;\" src=\"https:\/\/www.noleaky.com\/wp-content\/uploads\/2026\/02\/Check.svg\" alt=\"\" width=\"18\" height=\"15\" \/>\u00cembun\u0103t\u0103\u021be\u0219te arderea \u0219i eficien\u021ba combustibilului.<\/strong> Prin optimizarea procesului de ardere a combustibililor boga\u021bi \u00een etanol, tratamentul ajut\u0103 motoarele s\u0103 ard\u0103 combustibilul mai complet. Acest lucru poate \u00eembun\u0103t\u0103\u021bi r\u0103spunsul accelera\u021biei, poate reduce ezitarea \u0219i poate contribui la o eficien\u021b\u0103 mai constant\u0103 a combustibilului.<\/p>\n<p><strong><img decoding=\"async\" style=\"margin-right: 12px;\" src=\"https:\/\/www.noleaky.com\/wp-content\/uploads\/2026\/02\/Check.svg\" alt=\"\" width=\"18\" height=\"15\" \/>Previne coroziunea \u0219i deteriorarea cauzat\u0103 de umiditate.<\/strong> Carburan\u021bii pe baz\u0103 de etanol sunt higroscopici \u0219i pot absorbi ap\u0103, ceea ce poate duce la coroziunea componentelor metalice. Formula noastr\u0103 ajut\u0103 la controlul efectelor umidit\u0103\u021bii \u0219i formeaz\u0103 o barier\u0103 de protec\u021bie \u00een sistemul de combustibil pentru a minimiza rugina \u0219i oxidarea.<\/p>\n<p><strong><img decoding=\"async\" style=\"margin-right: 12px;\" src=\"https:\/\/www.noleaky.com\/wp-content\/uploads\/2026\/02\/Check.svg\" alt=\"\" width=\"18\" height=\"15\" \/>Men\u021bine injectoarele \u0219i sistemul de alimentare cu combustibil curate.<\/strong> Aditivul con\u021bine agen\u021bi de cur\u0103\u021bare care ajut\u0103 la reducerea depunerilor din injectoare \u0219i din componentele de admisie, favoriz\u00e2nd modele de pulverizare mai bune \u0219i o livrare mai lin\u0103 a combustibilului pentru performan\u021be mai stabile ale motorului.<\/p>\n<p><strong><img decoding=\"async\" style=\"margin-right: 12px;\" src=\"https:\/\/www.noleaky.com\/wp-content\/uploads\/2026\/02\/Check.svg\" alt=\"\" width=\"18\" height=\"15\" \/>\u00cembun\u0103t\u0103\u021be\u0219te performan\u021ba de pornire la rece.<\/strong> Combustibilii cu con\u021binut ridicat de etanol pot \u00eengreuna demar\u0103rile la rece. Acest tratament \u00eembun\u0103t\u0103\u021be\u0219te aprinderea \u00een condi\u021bii de temperatur\u0103 sc\u0103zut\u0103, reduc\u00e2nd pornirile dificile \u0219i \u00eembun\u0103t\u0103\u021bind capacitatea de reac\u021bie a motorului.<\/p>\n<p><strong><img decoding=\"async\" style=\"margin-right: 12px;\" src=\"https:\/\/www.noleaky.com\/wp-content\/uploads\/2026\/02\/Check.svg\" alt=\"\" width=\"18\" height=\"15\" \/>Foarte concentrat, cu o capacitate de tratare excelent\u0103.<\/strong> O sticl\u0103 trateaz\u0103 un volum mare de combustibil, ceea ce o face rentabil\u0103 \u0219i practic\u0103 pentru \u00eentre\u021binerea regulat\u0103. Concentra\u021bia sa optimizat\u0103 asigur\u0103 o distribu\u021bie eficient\u0103 \u00een \u00eentregul sistem de combustibil.<\/p>\n<h2><strong>Instruc\u021biuni<\/strong><\/h2>\n<ul>\n<li>\u00cenainte de utilizare, asigura\u021bi-v\u0103 c\u0103 vehiculul este compatibil cu combustibilii pe baz\u0103 de superetanol, cum ar fi E85.<\/li>\n<li>Agita\u021bi bine sticla \u00eenainte de a o turna.<\/li>\n<li>Ad\u0103uga\u021bi tratamentul cu superethanol direct \u00een rezervorul de combustibil \u00eenainte de realimentare pentru a asigura o amestecare optim\u0103.<\/li>\n<li>Doza recomandat\u0103 este de aproximativ 250 ml pentru 40 p\u00e2n\u0103 la 60 litri de combustibil. Regla\u021bi propor\u021bional \u00een func\u021bie de capacitatea rezervorului.<\/li>\n<li>O sticl\u0103 trateaz\u0103 de obicei un rezervor plin. Nu dep\u0103\u0219i\u021bi doza recomandat\u0103.<\/li>\n<li>Pentru vehiculele utilizate \u00een mod regulat cu combustibil pe baz\u0103 de superetanol, utiliza\u021bi tratamentul la fiecare al doilea sau al treilea plin pentru \u00eentre\u021binere preventiv\u0103.<\/li>\n<li>Pentru vehiculele depozitate pentru perioade lungi, ad\u0103uga\u021bi tratamentul \u00eenainte de depozitare pentru a ajuta la stabilizarea combustibilului.<\/li>\n<li>Dup\u0103 realimentare, conduce\u021bi normal pentru a permite combustibilului tratat s\u0103 circule prin \u00eentregul sistem de alimentare.<\/li>\n<li>Depozita\u021bi produsul \u00eentr-un loc r\u0103coros, uscat \u0219i ferit de lumina direct\u0103 a soarelui.<\/li>\n<li>A nu se l\u0103sa la \u00eendem\u00e2na copiilor \u0219i a se evita contactul cu pielea sau ochii \u00een timpul manipul\u0103rii.<\/li>\n<\/ul>","protected":false},"excerpt":{"rendered":"<p>Optimizes engine performance in vehicles running on superethanol fuel. Our superethanol treatment is specially developed to improve combustion efficiency and engine stability in vehicles using high-ethanol fuels such as E85. It enhances ignition quality, reduces irregular combustion, and supports smoother engine operation even under demanding driving conditions. The most effective formula for protecting fuel systems [&hellip;]<\/p>\n","protected":false},"featured_media":23098,"comment_status":"open","ping_status":"closed","template":"","meta":{"_uag_custom_page_level_css":"","site-sidebar-layout":"default","site-content-layout":"","ast-site-content-layout":"default","site-content-style":"default","site-sidebar-style":"default","ast-global-header-display":"","ast-banner-title-visibility":"","ast-main-header-display":"","ast-hfb-above-header-display":"","ast-hfb-below-header-display":"","ast-hfb-mobile-header-display":"","site-post-title":"","ast-breadcrumbs-content":"","ast-featured-img":"","footer-sml-layout":"","ast-disable-related-posts":"","theme-transparent-header-meta":"default","adv-header-id-meta":"","stick-header-meta":"","header-above-stick-meta":"","header-main-stick-meta":"","header-below-stick-meta":"","astra-migrate-meta-layouts":"set","ast-page-background-enabled":"default","ast-page-background-meta":{"desktop":{"background-color":"var(--ast-global-color-4)","background-image":"","background-repeat":"repeat","background-position":"center center","background-size":"auto","background-attachment":"scroll","background-type":"","background-media":"","overlay-type":"","overlay-color":"","overlay-opacity":"","overlay-gradient":""},"tablet":{"background-color":"","background-image":"","background-repeat":"repeat","background-position":"center center","background-size":"auto","background-attachment":"scroll","background-type":"","background-media":"","overlay-type":"","overlay-color":"","overlay-opacity":"","overlay-gradient":""},"mobile":{"background-color":"","background-image":"","background-repeat":"repeat","background-position":"center center","background-size":"auto","background-attachment":"scroll","background-type":"","background-media":"","overlay-type":"","overlay-color":"","overlay-opacity":"","overlay-gradient":""}},"ast-content-background-meta":{"desktop":{"background-color":"var(--ast-global-color-5)","background-image":"","background-repeat":"repeat","background-position":"center center","background-size":"auto","background-attachment":"scroll","background-type":"","background-media":"","overlay-type":"","overlay-color":"","overlay-opacity":"","overlay-gradient":""},"tablet":{"background-color":"var(--ast-global-color-5)","background-image":"","background-repeat":"repeat","background-position":"center center","background-size":"auto","background-attachment":"scroll","background-type":"","background-media":"","overlay-type":"","overlay-color":"","overlay-opacity":"","overlay-gradient":""},"mobile":{"background-color":"var(--ast-global-color-5)","background-image":"","background-repeat":"repeat","background-position":"center center","background-size":"auto","background-attachment":"scroll","background-type":"","background-media":"","overlay-type":"","overlay-color":"","overlay-opacity":"","overlay-gradient":""}}},"product_brand":[],"product_cat":[176],"product_tag":[],"class_list":{"0":"post-23027","1":"product","2":"type-product","3":"status-publish","4":"has-post-thumbnail","6":"product_cat-automotive","7":"desktop-align-left","8":"tablet-align-left","9":"mobile-align-left","11":"first","12":"instock","13":"shipping-taxable","14":"purchasable","15":"product-type-simple"},"spectra_custom_meta":{"_visibility":["visible"],"_shopify_product_id":["7961079578844"],"_s2w_shopify_domain":["noleaky.myshopify.com"],"_shopify_variant_id":["43736943100124"],"_sku":["NLSUPERETHANOLTREATMENTE85"],"_regular_price":["29.90"],"_price":["29.90"],"_sale_price":[""],"_weight":["0.35"],"_thumbnail_id":["23098"],"_global_unique_id":["5056773800939"],"total_sales":["2"],"_tax_status":["taxable"],"_tax_class":[""],"_manage_stock":["no"],"_backorders":["no"],"_sold_individually":["no"],"_virtual":["no"],"_downloadable":["no"],"_download_limit":["-1"],"_download_expiry":["-1"],"_stock":[null],"_stock_status":["instock"],"_wc_average_rating":["4.92"],"_wc_review_count":["71"],"_product_version":["10.5.2"],"_edit_lock":["1772372140:1"],"merchant-center-availability":["yes"],"merchant-center-category":["2788"],"merchant-center-id":["SE85T"],"_edit_last":["1"],"_wp_page_template":["default"],"site-sidebar-layout":["default"],"ast-site-content-layout":["default"],"site-content-style":["default"],"site-sidebar-style":["default"],"theme-transparent-header-meta":["default"],"_wc_rating_count":["a:2:{i:4;i:6;i:5;i:65;}"],"_upsell_ids":["a:3:{i:0;i:22975;i:1;i:23022;i:2;i:23025;}"],"_crosssell_ids":["a:3:{i:0;i:22975;i:1;i:23022;i:2;i:23025;}"],"astra-migrate-meta-layouts":["set"],"_uag_css_file_name":["uag-css-23027.css"],"_elementor_page_assets":["a:0:{}"],"_uag_page_assets":["a:9:{s:3:\"css\";s:7156:\".uag-blocks-common-selector{z-index:var(--z-index-desktop) !important}@media (max-width: 976px){.uag-blocks-common-selector{z-index:var(--z-index-tablet) !important}}@media (max-width: 767px){.uag-blocks-common-selector{z-index:var(--z-index-mobile) !important}}\n.wp-block-uagb-image{display:flex}.wp-block-uagb-image__figure{position:relative;display:flex;flex-direction:column;max-width:100%;height:auto;margin:0}.wp-block-uagb-image__figure img{height:auto;display:flex;max-width:100%;transition:box-shadow 0.2s ease}.wp-block-uagb-image__figure>a{display:inline-block}.wp-block-uagb-image__figure figcaption{text-align:center;margin-top:0.5em;margin-bottom:1em}.wp-block-uagb-image .components-placeholder.block-editor-media-placeholder .components-placeholder__instructions{align-self:center}.wp-block-uagb-image--align-left{text-align:left}.wp-block-uagb-image--align-right{text-align:right}.wp-block-uagb-image--align-center{text-align:center}.wp-block-uagb-image--align-full .wp-block-uagb-image__figure{margin-left:calc(50% - 50vw);margin-right:calc(50% - 50vw);max-width:100vw;width:100vw;height:auto}.wp-block-uagb-image--align-full .wp-block-uagb-image__figure img{height:auto;width:100% !important}.wp-block-uagb-image--align-wide .wp-block-uagb-image__figure img{height:auto;width:100%}.wp-block-uagb-image--layout-overlay__color-wrapper{position:absolute;left:0;top:0;right:0;bottom:0;opacity:0.2;background:rgba(0,0,0,0.5);transition:opacity 0.35s ease-in-out}.wp-block-uagb-image--layout-overlay-link{position:absolute;left:0;right:0;bottom:0;top:0}.wp-block-uagb-image--layout-overlay .wp-block-uagb-image__figure:hover .wp-block-uagb-image--layout-overlay__color-wrapper{opacity:1}.wp-block-uagb-image--layout-overlay__inner{position:absolute;left:15px;right:15px;bottom:15px;top:15px;display:flex;align-items:center;justify-content:center;flex-direction:column;border-color:#fff;transition:0.35s ease-in-out}.wp-block-uagb-image--layout-overlay__inner.top-left,.wp-block-uagb-image--layout-overlay__inner.top-center,.wp-block-uagb-image--layout-overlay__inner.top-right{justify-content:flex-start}.wp-block-uagb-image--layout-overlay__inner.bottom-left,.wp-block-uagb-image--layout-overlay__inner.bottom-center,.wp-block-uagb-image--layout-overlay__inner.bottom-right{justify-content:flex-end}.wp-block-uagb-image--layout-overlay__inner.top-left,.wp-block-uagb-image--layout-overlay__inner.center-left,.wp-block-uagb-image--layout-overlay__inner.bottom-left{align-items:flex-start}.wp-block-uagb-image--layout-overlay__inner.top-right,.wp-block-uagb-image--layout-overlay__inner.center-right,.wp-block-uagb-image--layout-overlay__inner.bottom-right{align-items:flex-end}.wp-block-uagb-image--layout-overlay__inner .uagb-image-heading{color:#fff;transition:transform 0.35s, opacity 0.35s ease-in-out;transform:translate3d(0, 24px, 0);margin:0;line-height:1em}.wp-block-uagb-image--layout-overlay__inner .uagb-image-separator{width:30%;border-top-width:2px;border-top-color:#fff;border-top-style:solid;margin-bottom:10px;opacity:0;transition:transform 0.4s, opacity 0.4s ease-in-out;transform:translate3d(0, 30px, 0)}.wp-block-uagb-image--layout-overlay__inner .uagb-image-caption{opacity:0;overflow:visible;color:#fff;transition:transform 0.45s, opacity 0.45s ease-in-out;transform:translate3d(0, 35px, 0)}.wp-block-uagb-image--layout-overlay__inner:hover .uagb-image-heading,.wp-block-uagb-image--layout-overlay__inner:hover .uagb-image-separator,.wp-block-uagb-image--layout-overlay__inner:hover .uagb-image-caption{opacity:1;transform:translate3d(0, 0, 0)}.wp-block-uagb-image--effect-zoomin .wp-block-uagb-image__figure img,.wp-block-uagb-image--effect-zoomin .wp-block-uagb-image__figure .wp-block-uagb-image--layout-overlay__color-wrapper{transform:scale(1);transition:transform 0.35s ease-in-out}.wp-block-uagb-image--effect-zoomin .wp-block-uagb-image__figure:hover img,.wp-block-uagb-image--effect-zoomin .wp-block-uagb-image__figure:hover .wp-block-uagb-image--layout-overlay__color-wrapper{transform:scale(1.05)}.wp-block-uagb-image--effect-slide .wp-block-uagb-image__figure img,.wp-block-uagb-image--effect-slide .wp-block-uagb-image__figure .wp-block-uagb-image--layout-overlay__color-wrapper{width:calc(100% + 40px) !important;max-width:none !important;transform:translate3d(-40px, 0, 0);transition:transform 0.35s ease-in-out}.wp-block-uagb-image--effect-slide .wp-block-uagb-image__figure:hover img,.wp-block-uagb-image--effect-slide .wp-block-uagb-image__figure:hover .wp-block-uagb-image--layout-overlay__color-wrapper{transform:translate3d(0, 0, 0)}.wp-block-uagb-image--effect-grayscale img{filter:grayscale(0%);transition:0.35s ease-in-out}.wp-block-uagb-image--effect-grayscale:hover img{filter:grayscale(100%)}.wp-block-uagb-image--effect-blur img{filter:blur(0);transition:0.35s ease-in-out}.wp-block-uagb-image--effect-blur:hover img{filter:blur(3px)}\n.uagb-block-e6f939b3.wp-block-uagb-image--layout-default figure img{box-shadow: 0px 0px 0 #00000070;}.uagb-block-e6f939b3.wp-block-uagb-image .wp-block-uagb-image__figure figcaption{font-style: normal;align-self: center;}.uagb-block-e6f939b3.wp-block-uagb-image--layout-overlay figure img{box-shadow: 0px 0px 0 #00000070;}.uagb-block-e6f939b3.wp-block-uagb-image--layout-overlay .wp-block-uagb-image--layout-overlay__color-wrapper{opacity: 0.2;}.uagb-block-e6f939b3.wp-block-uagb-image--layout-overlay .wp-block-uagb-image--layout-overlay__inner{left: 15px;right: 15px;top: 15px;bottom: 15px;}.uagb-block-e6f939b3.wp-block-uagb-image--layout-overlay .wp-block-uagb-image--layout-overlay__inner .uagb-image-heading{font-style: normal;color: #fff;opacity: 1;}.uagb-block-e6f939b3.wp-block-uagb-image--layout-overlay .wp-block-uagb-image--layout-overlay__inner .uagb-image-heading a{color: #fff;}.uagb-block-e6f939b3.wp-block-uagb-image--layout-overlay .wp-block-uagb-image--layout-overlay__inner .uagb-image-caption{opacity: 0;}.uagb-block-e6f939b3.wp-block-uagb-image--layout-overlay .wp-block-uagb-image__figure:hover .wp-block-uagb-image--layout-overlay__color-wrapper{opacity: 1;}.uagb-block-e6f939b3.wp-block-uagb-image .wp-block-uagb-image--layout-overlay__inner .uagb-image-separator{width: 30%;border-top-width: 2px;border-top-color: #fff;opacity: 0;}.uagb-block-e6f939b3.wp-block-uagb-image .wp-block-uagb-image__figure img{width: px;height: auto;}.uagb-block-e6f939b3.wp-block-uagb-image .wp-block-uagb-image__figure:hover .wp-block-uagb-image--layout-overlay__inner .uagb-image-caption{opacity: 1;}.uagb-block-e6f939b3.wp-block-uagb-image .wp-block-uagb-image__figure:hover .wp-block-uagb-image--layout-overlay__inner .uagb-image-separator{opacity: 1;}.uagb-block-e6f939b3.wp-block-uagb-image--layout-default figure:hover img{box-shadow: 0px 0px 0 #00000070;}.uagb-block-e6f939b3.wp-block-uagb-image--layout-overlay figure:hover img{box-shadow: 0px 0px 0 #00000070;}@media only screen and (max-width: 976px) {.uagb-block-e6f939b3.wp-block-uagb-image .wp-block-uagb-image__figure img{width: px;height: auto;}}@media only screen and (max-width: 767px) {.uagb-block-e6f939b3.wp-block-uagb-image .wp-block-uagb-image__figure img{width: px;height: auto;}}\";s:2:\"js\";s:0:\"\";s:18:\"current_block_list\";a:13:{i:0;s:11:\"core\/search\";i:1;s:10:\"core\/group\";i:2;s:12:\"core\/heading\";i:3;s:17:\"core\/latest-posts\";i:4;s:20:\"core\/latest-comments\";i:5;s:13:\"core\/archives\";i:6;s:15:\"core\/categories\";i:7;s:14:\"core\/paragraph\";i:8;s:10:\"uagb\/image\";i:9;s:11:\"core\/spacer\";i:10;s:30:\"woocommerce\/product-categories\";i:11;s:10:\"core\/image\";i:12;s:14:\"core\/shortcode\";}s:8:\"uag_flag\";b:1;s:11:\"uag_version\";s:10:\"1776760379\";s:6:\"gfonts\";a:0:{}s:10:\"gfonts_url\";s:0:\"\";s:12:\"gfonts_files\";a:0:{}s:14:\"uag_faq_layout\";b:0;}"]},"uagb_featured_image_src":{"full":["https:\/\/www.noleaky.com\/wp-content\/uploads\/2025\/06\/2.k.Superethanol-Treatment_4000x4000_33d7a698-01dd-4b28-84dd-3c26cff0899e.png",2560,2560,false],"thumbnail":["https:\/\/www.noleaky.com\/wp-content\/uploads\/2025\/06\/2.k.Superethanol-Treatment_4000x4000_33d7a698-01dd-4b28-84dd-3c26cff0899e-150x150.png",150,150,true],"medium":["https:\/\/www.noleaky.com\/wp-content\/uploads\/2025\/06\/2.k.Superethanol-Treatment_4000x4000_33d7a698-01dd-4b28-84dd-3c26cff0899e-300x300.png",300,300,true],"medium_large":["https:\/\/www.noleaky.com\/wp-content\/uploads\/2025\/06\/2.k.Superethanol-Treatment_4000x4000_33d7a698-01dd-4b28-84dd-3c26cff0899e-768x768.png",768,768,true],"large":["https:\/\/www.noleaky.com\/wp-content\/uploads\/2025\/06\/2.k.Superethanol-Treatment_4000x4000_33d7a698-01dd-4b28-84dd-3c26cff0899e-1024x1024.png",1024,1024,true],"1536x1536":["https:\/\/www.noleaky.com\/wp-content\/uploads\/2025\/06\/2.k.Superethanol-Treatment_4000x4000_33d7a698-01dd-4b28-84dd-3c26cff0899e-1536x1536.png",1536,1536,true],"2048x2048":["https:\/\/www.noleaky.com\/wp-content\/uploads\/2025\/06\/2.k.Superethanol-Treatment_4000x4000_33d7a698-01dd-4b28-84dd-3c26cff0899e-2048x2048.png",2048,2048,true],"trp-custom-language-flag":["https:\/\/www.noleaky.com\/wp-content\/uploads\/2025\/06\/2.k.Superethanol-Treatment_4000x4000_33d7a698-01dd-4b28-84dd-3c26cff0899e-12x12.png",12,12,true],"woocommerce_thumbnail":["https:\/\/www.noleaky.com\/wp-content\/uploads\/2025\/06\/2.k.Superethanol-Treatment_4000x4000_33d7a698-01dd-4b28-84dd-3c26cff0899e-300x300.png",300,300,true],"woocommerce_single":["https:\/\/www.noleaky.com\/wp-content\/uploads\/2025\/06\/2.k.Superethanol-Treatment_4000x4000_33d7a698-01dd-4b28-84dd-3c26cff0899e-600x600.png",600,600,true],"woocommerce_gallery_thumbnail":["https:\/\/www.noleaky.com\/wp-content\/uploads\/2025\/06\/2.k.Superethanol-Treatment_4000x4000_33d7a698-01dd-4b28-84dd-3c26cff0899e-100x100.png",100,100,true]},"uagb_author_info":{"display_name":"admin","author_link":"https:\/\/www.noleaky.com\/ro\/author\/"},"uagb_comment_info":71,"uagb_excerpt":"Optimizes engine performance in vehicles running on superethanol fuel. Our superethanol treatment is specially developed to improve combustion efficiency and engine stability in vehicles using high-ethanol fuels such as E85. It enhances ignition quality, reduces irregular combustion, and supports smoother engine operation even under demanding driving conditions. The most effective formula for protecting fuel systems&hellip;","_links":{"self":[{"href":"https:\/\/www.noleaky.com\/ro\/wp-json\/wp\/v2\/product\/23027","targetHints":{"allow":["GET"]}}],"collection":[{"href":"https:\/\/www.noleaky.com\/ro\/wp-json\/wp\/v2\/product"}],"about":[{"href":"https:\/\/www.noleaky.com\/ro\/wp-json\/wp\/v2\/types\/product"}],"replies":[{"embeddable":true,"href":"https:\/\/www.noleaky.com\/ro\/wp-json\/wp\/v2\/comments?post=23027"}],"version-history":[{"count":3,"href":"https:\/\/www.noleaky.com\/ro\/wp-json\/wp\/v2\/product\/23027\/revisions"}],"predecessor-version":[{"id":33264,"href":"https:\/\/www.noleaky.com\/ro\/wp-json\/wp\/v2\/product\/23027\/revisions\/33264"}],"wp:featuredmedia":[{"embeddable":true,"href":"https:\/\/www.noleaky.com\/ro\/wp-json\/wp\/v2\/media\/23098"}],"wp:attachment":[{"href":"https:\/\/www.noleaky.com\/ro\/wp-json\/wp\/v2\/media?parent=23027"}],"wp:term":[{"taxonomy":"product_brand","embeddable":true,"href":"https:\/\/www.noleaky.com\/ro\/wp-json\/wp\/v2\/product_brand?post=23027"},{"taxonomy":"product_cat","embeddable":true,"href":"https:\/\/www.noleaky.com\/ro\/wp-json\/wp\/v2\/product_cat?post=23027"},{"taxonomy":"product_tag","embeddable":true,"href":"https:\/\/www.noleaky.com\/ro\/wp-json\/wp\/v2\/product_tag?post=23027"}],"curies":[{"name":"wp","href":"https:\/\/api.w.org\/{rel}","templated":true}]}}