{"id":23011,"date":"2025-06-02T15:49:15","date_gmt":"2025-06-02T13:49:15","guid":{"rendered":"https:\/\/www.noleaky.com\/products\/injector-cleaner\/"},"modified":"2026-03-01T14:46:25","modified_gmt":"2026-03-01T13:46:25","slug":"injector-cleaner","status":"publish","type":"product","link":"https:\/\/www.noleaky.com\/ro\/products\/injector-cleaner\/","title":{"rendered":"Cur\u0103\u021b\u0103tor de injectoare"},"content":{"rendered":"<p><strong><img decoding=\"async\" style=\"margin-right: 12px;\" src=\"https:\/\/www.noleaky.com\/wp-content\/uploads\/2026\/02\/Check.svg\" alt=\"\" width=\"18\" height=\"15\" \/>Restabile\u0219te instantaneu performan\u021ba injectorului \u0219i eficien\u021ba motorului.<\/strong> Produsul nostru de cur\u0103\u021bare a injectoarelor este special formulat pentru a \u00eendep\u0103rta depunerile de carbon, lacul \u0219i reziduurile de combustibil care se acumuleaz\u0103 \u00een injectoarele de combustibil \u00een timp. Prin cur\u0103\u021barea \u0219i restabilirea modelelor adecvate de pulverizare, ajut\u0103 la \u00eembun\u0103t\u0103\u021birea calit\u0103\u021bii arderii, rezult\u00e2nd o accelera\u021bie mai lin\u0103, o reac\u021bie \u00eembun\u0103t\u0103\u021bit\u0103 \u0219i o func\u021bionare mai stabil\u0103 a motorului.<\/p>\n<p><strong><img decoding=\"async\" style=\"margin-right: 12px;\" src=\"https:\/\/www.noleaky.com\/wp-content\/uploads\/2026\/02\/Check.svg\" alt=\"\" width=\"18\" height=\"15\" \/>Cea mai eficient\u0103 formul\u0103 disponibil\u0103 pentru cur\u0103\u021barea injectoarelor.<\/strong> Datorit\u0103 tehnologiei sale avansate de detergen\u021bi, acesta este cel mai eficient detergent pentru injectoare din categoria sa. Acesta p\u0103trunde ad\u00e2nc \u00een duzele injectoarelor \u0219i \u00een pasajele interne de combustibil, dizolv\u00e2nd depunerile dificile pe care aditivii obi\u0219nui\u021bi nu le pot \u00eendep\u0103rta. Rezultatul este o \u00eembun\u0103t\u0103\u021bire vizibil\u0103 a netezimii motorului \u0219i o ezitare redus\u0103.<\/p>\n<p><strong><img decoding=\"async\" style=\"margin-right: 12px;\" src=\"https:\/\/www.noleaky.com\/wp-content\/uploads\/2026\/02\/Check.svg\" alt=\"\" width=\"18\" height=\"15\" \/>Cel mai ieftin tratament injector de calitate profesional\u0103 de pe pia\u021b\u0103.<\/strong> Oferim performan\u021b\u0103 de cur\u0103\u021bare premium la cel mai competitiv pre\u021b. Produsul nostru de cur\u0103\u021bare a injectoarelor este cea mai ieftin\u0103 solu\u021bie de \u00eenalt\u0103 calitate disponibil\u0103, oferind rezultate la nivel de atelier f\u0103r\u0103 costurile de service costisitoare asociate cu cur\u0103\u021barea profesional\u0103 a sistemului de combustibil.<\/p>\n<p><strong><img decoding=\"async\" style=\"margin-right: 12px;\" src=\"https:\/\/www.noleaky.com\/wp-content\/uploads\/2026\/02\/Check.svg\" alt=\"\" width=\"18\" height=\"15\" \/>Livrare garantat\u0103 \u00een 24 de ore pentru \u00eengrijirea imediat\u0103 a motorului.<\/strong> Problemele sistemului de combustibil pot afecta rapid performan\u021ba \u0219i consumul de combustibil. Acesta este motivul pentru care garant\u0103m livrarea \u00een 24 de ore, asigur\u00e2ndu-v\u0103 c\u0103 v\u0103 pute\u021bi trata vehiculul prompt \u0219i c\u0103 pute\u021bi preveni acumularea suplimentar\u0103 sau ineficien\u021ba.<\/p>\n<p><strong><img decoding=\"async\" style=\"margin-right: 12px;\" src=\"https:\/\/www.noleaky.com\/wp-content\/uploads\/2026\/02\/Check.svg\" alt=\"\" width=\"18\" height=\"15\" \/>Garan\u021bie de bani \u00eenapoi pentru \u00eencredere deplin\u0103.<\/strong> Sus\u021binem calitatea \u0219i eficien\u021ba produsului nostru de cur\u0103\u021bare a injectoarelor. Dac\u0103 nu sunte\u021bi mul\u021bumit de rezultate, oferim o garan\u021bie de returnare a banilor. Pur \u0219i simplu contacta\u021bi-ne \u0219i v\u0103 vom rambursa achizi\u021bia, f\u0103c\u00e2nd investi\u021bia dvs. complet lipsit\u0103 de riscuri.<\/p>\n<p><strong><img decoding=\"async\" style=\"margin-right: 12px;\" src=\"https:\/\/www.noleaky.com\/wp-content\/uploads\/2026\/02\/Check.svg\" alt=\"\" width=\"18\" height=\"15\" \/>\u00cembun\u0103t\u0103\u021be\u0219te eficien\u021ba combustibilului \u0219i reduce consumul.<\/strong> Injectoarele murdare pot perturba atomizarea combustibilului, duc\u00e2nd la ardere incomplet\u0103 \u0219i la cre\u0219terea consumului de combustibil. Prin restabilirea tiparelor optime de pulverizare, produsul nostru de cur\u0103\u021bare a injectoarelor ajut\u0103 motoarele s\u0103 ard\u0103 combustibilul mai eficient, ceea ce poate reduce consumul de combustibil \u0219i emisiile.<\/p>\n<p><strong><img decoding=\"async\" style=\"margin-right: 12px;\" src=\"https:\/\/www.noleaky.com\/wp-content\/uploads\/2026\/02\/Check.svg\" alt=\"\" width=\"18\" height=\"15\" \/>\u00cembun\u0103t\u0103\u021be\u0219te puterea motorului \u0219i r\u0103spunsul accelera\u021biei.<\/strong> Injectoarele curate livreaz\u0103 combustibilul \u00een mod uniform \u0219i precis, permi\u021b\u00e2nd motorului s\u0103 r\u0103spund\u0103 mai rapid la solicit\u0103rile de accelerare. Dup\u0103 tratament, \u0219oferii se confrunt\u0103 adesea cu o func\u021bionare mai lin\u0103 la ralanti, cu o livrare \u00eembun\u0103t\u0103\u021bit\u0103 a puterii \u0219i cu o reducere a vibra\u021biilor motorului.<\/p>\n<p><strong><img decoding=\"async\" style=\"margin-right: 12px;\" src=\"https:\/\/www.noleaky.com\/wp-content\/uploads\/2026\/02\/Check.svg\" alt=\"\" width=\"18\" height=\"15\" \/>Reduce emisiile de gaze de e\u0219apament \u0219i depunerile din motor.<\/strong> Prin promovarea unei arderi mai curate, dispozitivul de cur\u0103\u021bare a injectorului ajut\u0103 la reducerea reziduurilor de combustibil nearse \u0219i a acumul\u0103rii de carbon \u00een camera de ardere, contribuind la reducerea emisiilor de gaze de e\u0219apament \u0219i la un motor mai curat \u00een general.<\/p>\n<p><strong><img decoding=\"async\" style=\"margin-right: 12px;\" src=\"https:\/\/www.noleaky.com\/wp-content\/uploads\/2026\/02\/Check.svg\" alt=\"\" width=\"18\" height=\"15\" \/>Compatibil cu motoarele pe benzin\u0103 \u0219i diesel.<\/strong> Produsul nostru versatil de cur\u0103\u021bare a injectoarelor este potrivit pentru majoritatea motoarelor moderne pe benzin\u0103 \u0219i diesel, inclusiv pentru sistemele de injec\u021bie direct\u0103, atunci c\u00e2nd este utilizat conform recomand\u0103rilor produc\u0103torului.<\/p>\n<p><strong><img decoding=\"async\" style=\"margin-right: 12px;\" src=\"https:\/\/www.noleaky.com\/wp-content\/uploads\/2026\/02\/Check.svg\" alt=\"\" width=\"18\" height=\"15\" \/>Capacitate mare de tratare cu acoperire excelent\u0103.<\/strong> O sticl\u0103 este proiectat\u0103 pentru a trata un rezervor complet de combustibil, asigur\u00e2nd distribu\u021bia complet\u0103 \u00een sistemul de combustibil \u0219i ac\u021biunea optim\u0103 de cur\u0103\u021bare de la rezervor la camera de ardere.<\/p>\n<h2><strong>Instruc\u021biuni<\/strong><\/h2>\n<ul>\n<li>Agita\u021bi bine flaconul \u00eenainte de utilizare.<\/li>\n<li>Ad\u0103uga\u021bi \u00eentregul con\u021binut al cur\u0103\u021b\u0103torului de injectoare direct \u00een rezervorul de combustibil \u00eenainte de realimentare.<\/li>\n<li>Doza recomandat\u0103 este de o sticl\u0103 pentru 40 p\u00e2n\u0103 la 60 de litri de combustibil. Se ajusteaz\u0103 propor\u021bional \u00een func\u021bie de capacitatea rezervorului.<\/li>\n<li>Umple\u021bi rezervorul cu combustibil imediat dup\u0103 ad\u0103ugarea produsului pentru a asigura amestecarea corespunz\u0103toare.<\/li>\n<li>Conduce\u021bi normal pentru a permite combustibilului tratat s\u0103 circule prin injectoare \u0219i prin \u00eentregul sistem de alimentare.<\/li>\n<li>Pentru rezultate optime, utiliza\u021bi la fiecare 3.000 - 5.000 km sau la intervalele regulate de service.<\/li>\n<li>Pentru vehiculele care se confrunt\u0103 cu probleme evidente de performan\u021b\u0103, se poate utiliza un al doilea tratament la urm\u0103torul rezervor plin.<\/li>\n<li>Nu dep\u0103\u0219i\u021bi doza recomandat\u0103.<\/li>\n<li>Potrivit pentru \u00eentre\u021binerea preventiv\u0103 regulat\u0103, precum \u0219i pentru cur\u0103\u021barea corectiv\u0103.<\/li>\n<li>Depozita\u021bi produsul \u00eentr-un loc r\u0103coros, uscat \u0219i ferit de lumina direct\u0103 a soarelui.<\/li>\n<\/ul>","protected":false},"excerpt":{"rendered":"<p>Restores injector performance and engine efficiency instantly. Our injector cleaner is specially formulated to remove carbon deposits, varnish, and fuel residues that accumulate inside fuel injectors over time. By cleaning and restoring proper spray patterns, it helps improve combustion quality, resulting in smoother acceleration, improved responsiveness, and more stable engine operation. The most effective injector [&hellip;]<\/p>\n","protected":false},"featured_media":23080,"comment_status":"open","ping_status":"closed","template":"","meta":{"_uag_custom_page_level_css":"","site-sidebar-layout":"default","site-content-layout":"","ast-site-content-layout":"default","site-content-style":"default","site-sidebar-style":"default","ast-global-header-display":"","ast-banner-title-visibility":"","ast-main-header-display":"","ast-hfb-above-header-display":"","ast-hfb-below-header-display":"","ast-hfb-mobile-header-display":"","site-post-title":"","ast-breadcrumbs-content":"","ast-featured-img":"","footer-sml-layout":"","ast-disable-related-posts":"","theme-transparent-header-meta":"default","adv-header-id-meta":"","stick-header-meta":"","header-above-stick-meta":"","header-main-stick-meta":"","header-below-stick-meta":"","astra-migrate-meta-layouts":"set","ast-page-background-enabled":"default","ast-page-background-meta":{"desktop":{"background-color":"var(--ast-global-color-4)","background-image":"","background-repeat":"repeat","background-position":"center center","background-size":"auto","background-attachment":"scroll","background-type":"","background-media":"","overlay-type":"","overlay-color":"","overlay-opacity":"","overlay-gradient":""},"tablet":{"background-color":"","background-image":"","background-repeat":"repeat","background-position":"center center","background-size":"auto","background-attachment":"scroll","background-type":"","background-media":"","overlay-type":"","overlay-color":"","overlay-opacity":"","overlay-gradient":""},"mobile":{"background-color":"","background-image":"","background-repeat":"repeat","background-position":"center center","background-size":"auto","background-attachment":"scroll","background-type":"","background-media":"","overlay-type":"","overlay-color":"","overlay-opacity":"","overlay-gradient":""}},"ast-content-background-meta":{"desktop":{"background-color":"var(--ast-global-color-5)","background-image":"","background-repeat":"repeat","background-position":"center center","background-size":"auto","background-attachment":"scroll","background-type":"","background-media":"","overlay-type":"","overlay-color":"","overlay-opacity":"","overlay-gradient":""},"tablet":{"background-color":"var(--ast-global-color-5)","background-image":"","background-repeat":"repeat","background-position":"center center","background-size":"auto","background-attachment":"scroll","background-type":"","background-media":"","overlay-type":"","overlay-color":"","overlay-opacity":"","overlay-gradient":""},"mobile":{"background-color":"var(--ast-global-color-5)","background-image":"","background-repeat":"repeat","background-position":"center center","background-size":"auto","background-attachment":"scroll","background-type":"","background-media":"","overlay-type":"","overlay-color":"","overlay-opacity":"","overlay-gradient":""}}},"product_brand":[],"product_cat":[176],"product_tag":[],"class_list":{"0":"post-23011","1":"product","2":"type-product","3":"status-publish","4":"has-post-thumbnail","6":"product_cat-automotive","7":"desktop-align-left","8":"tablet-align-left","9":"mobile-align-left","11":"first","12":"instock","13":"shipping-taxable","14":"purchasable","15":"product-type-simple"},"spectra_custom_meta":{"_visibility":["visible"],"_shopify_product_id":["7960307794140"],"_s2w_shopify_domain":["noleaky.myshopify.com"],"_shopify_variant_id":["43735169171676"],"_sku":["NLINJECTORCLEANER"],"_regular_price":["29.90"],"_price":["29.90"],"_sale_price":[""],"_weight":["0.35"],"_thumbnail_id":["23080"],"_global_unique_id":["5056773800823"],"total_sales":["25"],"_tax_status":["taxable"],"_tax_class":[""],"_manage_stock":["no"],"_backorders":["no"],"_sold_individually":["no"],"_virtual":["no"],"_downloadable":["no"],"_download_limit":["-1"],"_download_expiry":["-1"],"_stock":[null],"_stock_status":["instock"],"_wc_average_rating":["4.93"],"_wc_review_count":["76"],"_product_version":["10.5.2"],"_edit_lock":["1772372729:1"],"merchant-center-availability":["yes"],"merchant-center-category":["2788"],"merchant-center-id":["INJECTORCLEANER"],"_edit_last":["1"],"_wp_page_template":["default"],"site-sidebar-layout":["default"],"ast-site-content-layout":["default"],"site-content-style":["default"],"site-sidebar-style":["default"],"theme-transparent-header-meta":["default"],"_wc_rating_count":["a:2:{i:4;i:5;i:5;i:71;}"],"_upsell_ids":["a:3:{i:0;i:22975;i:1;i:22985;i:2;i:23025;}"],"_crosssell_ids":["a:3:{i:0;i:22975;i:1;i:22985;i:2;i:23025;}"],"astra-migrate-meta-layouts":["set"],"_uag_css_file_name":["uag-css-23011.css"],"_elementor_page_assets":["a:0:{}"],"_uag_page_assets":["a:9:{s:3:\"css\";s:6893:\".wp-block-uagb-image{display:flex}.wp-block-uagb-image__figure{position:relative;display:flex;flex-direction:column;max-width:100%;height:auto;margin:0}.wp-block-uagb-image__figure img{height:auto;display:flex;max-width:100%;transition:box-shadow 0.2s ease}.wp-block-uagb-image__figure>a{display:inline-block}.wp-block-uagb-image__figure figcaption{text-align:center;margin-top:0.5em;margin-bottom:1em}.wp-block-uagb-image .components-placeholder.block-editor-media-placeholder .components-placeholder__instructions{align-self:center}.wp-block-uagb-image--align-left{text-align:left}.wp-block-uagb-image--align-right{text-align:right}.wp-block-uagb-image--align-center{text-align:center}.wp-block-uagb-image--align-full .wp-block-uagb-image__figure{margin-left:calc(50% - 50vw);margin-right:calc(50% - 50vw);max-width:100vw;width:100vw;height:auto}.wp-block-uagb-image--align-full .wp-block-uagb-image__figure img{height:auto;width:100% !important}.wp-block-uagb-image--align-wide .wp-block-uagb-image__figure img{height:auto;width:100%}.wp-block-uagb-image--layout-overlay__color-wrapper{position:absolute;left:0;top:0;right:0;bottom:0;opacity:0.2;background:rgba(0,0,0,0.5);transition:opacity 0.35s ease-in-out}.wp-block-uagb-image--layout-overlay-link{position:absolute;left:0;right:0;bottom:0;top:0}.wp-block-uagb-image--layout-overlay .wp-block-uagb-image__figure:hover .wp-block-uagb-image--layout-overlay__color-wrapper{opacity:1}.wp-block-uagb-image--layout-overlay__inner{position:absolute;left:15px;right:15px;bottom:15px;top:15px;display:flex;align-items:center;justify-content:center;flex-direction:column;border-color:#fff;transition:0.35s ease-in-out}.wp-block-uagb-image--layout-overlay__inner.top-left,.wp-block-uagb-image--layout-overlay__inner.top-center,.wp-block-uagb-image--layout-overlay__inner.top-right{justify-content:flex-start}.wp-block-uagb-image--layout-overlay__inner.bottom-left,.wp-block-uagb-image--layout-overlay__inner.bottom-center,.wp-block-uagb-image--layout-overlay__inner.bottom-right{justify-content:flex-end}.wp-block-uagb-image--layout-overlay__inner.top-left,.wp-block-uagb-image--layout-overlay__inner.center-left,.wp-block-uagb-image--layout-overlay__inner.bottom-left{align-items:flex-start}.wp-block-uagb-image--layout-overlay__inner.top-right,.wp-block-uagb-image--layout-overlay__inner.center-right,.wp-block-uagb-image--layout-overlay__inner.bottom-right{align-items:flex-end}.wp-block-uagb-image--layout-overlay__inner .uagb-image-heading{color:#fff;transition:transform 0.35s, opacity 0.35s ease-in-out;transform:translate3d(0, 24px, 0);margin:0;line-height:1em}.wp-block-uagb-image--layout-overlay__inner .uagb-image-separator{width:30%;border-top-width:2px;border-top-color:#fff;border-top-style:solid;margin-bottom:10px;opacity:0;transition:transform 0.4s, opacity 0.4s ease-in-out;transform:translate3d(0, 30px, 0)}.wp-block-uagb-image--layout-overlay__inner .uagb-image-caption{opacity:0;overflow:visible;color:#fff;transition:transform 0.45s, opacity 0.45s ease-in-out;transform:translate3d(0, 35px, 0)}.wp-block-uagb-image--layout-overlay__inner:hover .uagb-image-heading,.wp-block-uagb-image--layout-overlay__inner:hover .uagb-image-separator,.wp-block-uagb-image--layout-overlay__inner:hover .uagb-image-caption{opacity:1;transform:translate3d(0, 0, 0)}.wp-block-uagb-image--effect-zoomin .wp-block-uagb-image__figure img,.wp-block-uagb-image--effect-zoomin .wp-block-uagb-image__figure .wp-block-uagb-image--layout-overlay__color-wrapper{transform:scale(1);transition:transform 0.35s ease-in-out}.wp-block-uagb-image--effect-zoomin .wp-block-uagb-image__figure:hover img,.wp-block-uagb-image--effect-zoomin .wp-block-uagb-image__figure:hover .wp-block-uagb-image--layout-overlay__color-wrapper{transform:scale(1.05)}.wp-block-uagb-image--effect-slide .wp-block-uagb-image__figure img,.wp-block-uagb-image--effect-slide .wp-block-uagb-image__figure .wp-block-uagb-image--layout-overlay__color-wrapper{width:calc(100% + 40px) !important;max-width:none !important;transform:translate3d(-40px, 0, 0);transition:transform 0.35s ease-in-out}.wp-block-uagb-image--effect-slide .wp-block-uagb-image__figure:hover img,.wp-block-uagb-image--effect-slide .wp-block-uagb-image__figure:hover .wp-block-uagb-image--layout-overlay__color-wrapper{transform:translate3d(0, 0, 0)}.wp-block-uagb-image--effect-grayscale img{filter:grayscale(0%);transition:0.35s ease-in-out}.wp-block-uagb-image--effect-grayscale:hover img{filter:grayscale(100%)}.wp-block-uagb-image--effect-blur img{filter:blur(0);transition:0.35s ease-in-out}.wp-block-uagb-image--effect-blur:hover img{filter:blur(3px)}\n.uagb-block-e6f939b3.wp-block-uagb-image--layout-default figure img{box-shadow: 0px 0px 0 #00000070;}.uagb-block-e6f939b3.wp-block-uagb-image .wp-block-uagb-image__figure figcaption{font-style: normal;align-self: center;}.uagb-block-e6f939b3.wp-block-uagb-image--layout-overlay figure img{box-shadow: 0px 0px 0 #00000070;}.uagb-block-e6f939b3.wp-block-uagb-image--layout-overlay .wp-block-uagb-image--layout-overlay__color-wrapper{opacity: 0.2;}.uagb-block-e6f939b3.wp-block-uagb-image--layout-overlay .wp-block-uagb-image--layout-overlay__inner{left: 15px;right: 15px;top: 15px;bottom: 15px;}.uagb-block-e6f939b3.wp-block-uagb-image--layout-overlay .wp-block-uagb-image--layout-overlay__inner .uagb-image-heading{font-style: normal;color: #fff;opacity: 1;}.uagb-block-e6f939b3.wp-block-uagb-image--layout-overlay .wp-block-uagb-image--layout-overlay__inner .uagb-image-heading a{color: #fff;}.uagb-block-e6f939b3.wp-block-uagb-image--layout-overlay .wp-block-uagb-image--layout-overlay__inner .uagb-image-caption{opacity: 0;}.uagb-block-e6f939b3.wp-block-uagb-image--layout-overlay .wp-block-uagb-image__figure:hover .wp-block-uagb-image--layout-overlay__color-wrapper{opacity: 1;}.uagb-block-e6f939b3.wp-block-uagb-image .wp-block-uagb-image--layout-overlay__inner .uagb-image-separator{width: 30%;border-top-width: 2px;border-top-color: #fff;opacity: 0;}.uagb-block-e6f939b3.wp-block-uagb-image .wp-block-uagb-image__figure img{width: px;height: auto;}.uagb-block-e6f939b3.wp-block-uagb-image .wp-block-uagb-image__figure:hover .wp-block-uagb-image--layout-overlay__inner .uagb-image-caption{opacity: 1;}.uagb-block-e6f939b3.wp-block-uagb-image .wp-block-uagb-image__figure:hover .wp-block-uagb-image--layout-overlay__inner .uagb-image-separator{opacity: 1;}.uagb-block-e6f939b3.wp-block-uagb-image--layout-default figure:hover img{box-shadow: 0px 0px 0 #00000070;}.uagb-block-e6f939b3.wp-block-uagb-image--layout-overlay figure:hover img{box-shadow: 0px 0px 0 #00000070;}@media only screen and (max-width: 976px) {.uagb-block-e6f939b3.wp-block-uagb-image .wp-block-uagb-image__figure img{width: px;height: auto;}}@media only screen and (max-width: 767px) {.uagb-block-e6f939b3.wp-block-uagb-image .wp-block-uagb-image__figure img{width: px;height: auto;}}\";s:2:\"js\";s:0:\"\";s:18:\"current_block_list\";a:13:{i:0;s:11:\"core\/search\";i:1;s:10:\"core\/group\";i:2;s:12:\"core\/heading\";i:3;s:17:\"core\/latest-posts\";i:4;s:20:\"core\/latest-comments\";i:5;s:13:\"core\/archives\";i:6;s:15:\"core\/categories\";i:7;s:14:\"core\/paragraph\";i:8;s:10:\"uagb\/image\";i:9;s:11:\"core\/spacer\";i:10;s:30:\"woocommerce\/product-categories\";i:11;s:10:\"core\/image\";i:12;s:14:\"core\/shortcode\";}s:8:\"uag_flag\";b:1;s:11:\"uag_version\";s:10:\"1776746481\";s:6:\"gfonts\";a:0:{}s:10:\"gfonts_url\";s:0:\"\";s:12:\"gfonts_files\";a:0:{}s:14:\"uag_faq_layout\";b:0;}"]},"uagb_featured_image_src":{"full":["https:\/\/www.noleaky.com\/wp-content\/uploads\/2025\/06\/2.h.Injector-Cleaner_4000x4000_31d43540-c40d-4df5-895e-ea3ec8828cfb.png",2560,2560,false],"thumbnail":["https:\/\/www.noleaky.com\/wp-content\/uploads\/2025\/06\/2.h.Injector-Cleaner_4000x4000_31d43540-c40d-4df5-895e-ea3ec8828cfb-150x150.png",150,150,true],"medium":["https:\/\/www.noleaky.com\/wp-content\/uploads\/2025\/06\/2.h.Injector-Cleaner_4000x4000_31d43540-c40d-4df5-895e-ea3ec8828cfb-300x300.png",300,300,true],"medium_large":["https:\/\/www.noleaky.com\/wp-content\/uploads\/2025\/06\/2.h.Injector-Cleaner_4000x4000_31d43540-c40d-4df5-895e-ea3ec8828cfb-768x768.png",768,768,true],"large":["https:\/\/www.noleaky.com\/wp-content\/uploads\/2025\/06\/2.h.Injector-Cleaner_4000x4000_31d43540-c40d-4df5-895e-ea3ec8828cfb-1024x1024.png",1024,1024,true],"1536x1536":["https:\/\/www.noleaky.com\/wp-content\/uploads\/2025\/06\/2.h.Injector-Cleaner_4000x4000_31d43540-c40d-4df5-895e-ea3ec8828cfb-1536x1536.png",1536,1536,true],"2048x2048":["https:\/\/www.noleaky.com\/wp-content\/uploads\/2025\/06\/2.h.Injector-Cleaner_4000x4000_31d43540-c40d-4df5-895e-ea3ec8828cfb-2048x2048.png",2048,2048,true],"trp-custom-language-flag":["https:\/\/www.noleaky.com\/wp-content\/uploads\/2025\/06\/2.h.Injector-Cleaner_4000x4000_31d43540-c40d-4df5-895e-ea3ec8828cfb-12x12.png",12,12,true],"woocommerce_thumbnail":["https:\/\/www.noleaky.com\/wp-content\/uploads\/2025\/06\/2.h.Injector-Cleaner_4000x4000_31d43540-c40d-4df5-895e-ea3ec8828cfb-300x300.png",300,300,true],"woocommerce_single":["https:\/\/www.noleaky.com\/wp-content\/uploads\/2025\/06\/2.h.Injector-Cleaner_4000x4000_31d43540-c40d-4df5-895e-ea3ec8828cfb-600x600.png",600,600,true],"woocommerce_gallery_thumbnail":["https:\/\/www.noleaky.com\/wp-content\/uploads\/2025\/06\/2.h.Injector-Cleaner_4000x4000_31d43540-c40d-4df5-895e-ea3ec8828cfb-100x100.png",100,100,true]},"uagb_author_info":{"display_name":"admin","author_link":"https:\/\/www.noleaky.com\/ro\/author\/"},"uagb_comment_info":76,"uagb_excerpt":"Restores injector performance and engine efficiency instantly. Our injector cleaner is specially formulated to remove carbon deposits, varnish, and fuel residues that accumulate inside fuel injectors over time. By cleaning and restoring proper spray patterns, it helps improve combustion quality, resulting in smoother acceleration, improved responsiveness, and more stable engine operation. The most effective injector&hellip;","_links":{"self":[{"href":"https:\/\/www.noleaky.com\/ro\/wp-json\/wp\/v2\/product\/23011","targetHints":{"allow":["GET"]}}],"collection":[{"href":"https:\/\/www.noleaky.com\/ro\/wp-json\/wp\/v2\/product"}],"about":[{"href":"https:\/\/www.noleaky.com\/ro\/wp-json\/wp\/v2\/types\/product"}],"replies":[{"embeddable":true,"href":"https:\/\/www.noleaky.com\/ro\/wp-json\/wp\/v2\/comments?post=23011"}],"version-history":[{"count":4,"href":"https:\/\/www.noleaky.com\/ro\/wp-json\/wp\/v2\/product\/23011\/revisions"}],"predecessor-version":[{"id":33268,"href":"https:\/\/www.noleaky.com\/ro\/wp-json\/wp\/v2\/product\/23011\/revisions\/33268"}],"wp:featuredmedia":[{"embeddable":true,"href":"https:\/\/www.noleaky.com\/ro\/wp-json\/wp\/v2\/media\/23080"}],"wp:attachment":[{"href":"https:\/\/www.noleaky.com\/ro\/wp-json\/wp\/v2\/media?parent=23011"}],"wp:term":[{"taxonomy":"product_brand","embeddable":true,"href":"https:\/\/www.noleaky.com\/ro\/wp-json\/wp\/v2\/product_brand?post=23011"},{"taxonomy":"product_cat","embeddable":true,"href":"https:\/\/www.noleaky.com\/ro\/wp-json\/wp\/v2\/product_cat?post=23011"},{"taxonomy":"product_tag","embeddable":true,"href":"https:\/\/www.noleaky.com\/ro\/wp-json\/wp\/v2\/product_tag?post=23011"}],"curies":[{"name":"wp","href":"https:\/\/api.w.org\/{rel}","templated":true}]}}