{"id":22991,"date":"2025-06-02T15:49:06","date_gmt":"2025-06-02T13:49:06","guid":{"rendered":"https:\/\/www.noleaky.com\/products\/high-performance-10w40-engine-oil\/"},"modified":"2026-03-01T14:57:00","modified_gmt":"2026-03-01T13:57:00","slug":"high-performance-10w40-engine-oil","status":"publish","type":"product","link":"https:\/\/www.noleaky.com\/ro\/products\/high-performance-10w40-engine-oil\/","title":{"rendered":"Ulei de motor de \u00eenalt\u0103 performan\u021b\u0103 10W40"},"content":{"rendered":"<p><strong><img decoding=\"async\" style=\"margin-right: 12px;\" src=\"https:\/\/www.noleaky.com\/wp-content\/uploads\/2026\/02\/Check.svg\" alt=\"\" width=\"18\" height=\"15\" \/>Protec\u021bie fiabil\u0103 pentru condusul de zi cu zi \u0219i la solicit\u0103ri ridicate.<\/strong> Uleiul nostru de motor 10W40 de \u00eenalt\u0103 performan\u021b\u0103 este proiectat pentru a oferi o lubrifiere puternic\u0103 \u0219i stabil\u0103 pentru motoarele pe benzin\u0103 \u0219i diesel care func\u021bioneaz\u0103 \u00eentr-o gam\u0103 larg\u0103 de condi\u021bii. Formeaz\u0103 o pelicul\u0103 protectoare durabil\u0103 care protejeaz\u0103 piesele \u00een mi\u0219care de uzur\u0103, frecare \u0219i c\u0103ldur\u0103, contribuind la men\u021binerea performan\u021belor bune ale motorului \u00een timp.<\/p>\n<p><strong><img decoding=\"async\" style=\"margin-right: 12px;\" src=\"https:\/\/www.noleaky.com\/wp-content\/uploads\/2026\/02\/Check.svg\" alt=\"\" width=\"18\" height=\"15\" \/>Cea mai eficient\u0103 tehnologie de lubrifiere 10W40 disponibil\u0103.<\/strong> Formulat cu uleiuri de baz\u0103 de \u00eenalt\u0103 calitate \u0219i sisteme avansate de aditivi, acesta este cel mai eficient ulei de motor 10W40 din categoria sa. Acesta asigur\u0103 o stabilitate excelent\u0103 a v\u00e2scozit\u0103\u021bii, o protec\u021bie puternic\u0103 \u00eempotriva uzurii \u0219i o cur\u0103\u021benie eficient\u0103 a motorului, chiar \u0219i \u00een condi\u021bii de condus solicitante.<\/p>\n<p><strong><img decoding=\"async\" style=\"margin-right: 12px;\" src=\"https:\/\/www.noleaky.com\/wp-content\/uploads\/2026\/02\/Check.svg\" alt=\"\" width=\"18\" height=\"15\" \/>Cel mai ieftin ulei de motor premium 10W40 de pe pia\u021b\u0103.<\/strong> Oferim protec\u021bie pentru motor de calitate profesional\u0103 la cel mai competitiv pre\u021b. Uleiul nostru de motor 10W40 de \u00eenalt\u0103 performan\u021b\u0103 este cea mai ieftin\u0103 solu\u021bie din clasa sa, men\u021bin\u00e2nd \u00een acela\u0219i timp o calitate \u0219i o durabilitate excep\u021bionale, ceea ce \u00eel face ideal at\u00e2t pentru \u0219oferii particulari, c\u00e2t \u0219i pentru operatorii de flote.<\/p>\n<p><strong><img decoding=\"async\" style=\"margin-right: 12px;\" src=\"https:\/\/www.noleaky.com\/wp-content\/uploads\/2026\/02\/Check.svg\" alt=\"\" width=\"18\" height=\"15\" \/>Livrare garantat\u0103 \u00een 24 de ore pentru o \u00eentre\u021binere rapid\u0103 \u0219i convenabil\u0103.<\/strong> \u00centre\u021binerea de rutin\u0103 nu ar trebui s\u0103 fie am\u00e2nat\u0103 niciodat\u0103. Acesta este motivul pentru care garant\u0103m livrarea \u00een 24 de ore, asigur\u00e2ndu-ne c\u0103 primi\u021bi uleiul rapid \u0219i c\u0103 v\u0103 pute\u021bi efectua schimbul de ulei f\u0103r\u0103 \u00eent\u00e2rzieri inutile.<\/p>\n<p><strong><img decoding=\"async\" style=\"margin-right: 12px;\" src=\"https:\/\/www.noleaky.com\/wp-content\/uploads\/2026\/02\/Check.svg\" alt=\"\" width=\"18\" height=\"15\" \/>Garan\u021bie de bani \u00eenapoi pentru \u00eencredere total\u0103.<\/strong> Sus\u021binem performan\u021ba \u0219i calitatea uleiului nostru de motor 10W40. Dac\u0103 nu sunte\u021bi mul\u021bumit, oferim o garan\u021bie de returnare a banilor. Pur \u0219i simplu contacta\u021bi-ne \u0219i v\u0103 vom rambursa achizi\u021bia, f\u0103c\u00e2nd investi\u021bia dvs. complet lipsit\u0103 de riscuri.<\/p>\n<p><strong><img decoding=\"async\" style=\"margin-right: 12px;\" src=\"https:\/\/www.noleaky.com\/wp-content\/uploads\/2026\/02\/Check.svg\" alt=\"\" width=\"18\" height=\"15\" \/>Acoperire excelent\u0103 a motorului intern per litru.<\/strong> Fiecare litru asigur\u0103 lubrifierea complet\u0103 a \u00eentregului motor, inclusiv a pistoanelor, arborelui cotit, arborelui cu came, rulmen\u021bilor \u0219i componentelor supapelor. Aceast\u0103 protec\u021bie uniform\u0103 reduce contactul metal-metal \u0219i prelunge\u0219te durata de via\u021b\u0103 a motorului.<\/p>\n<p><strong><img decoding=\"async\" style=\"margin-right: 12px;\" src=\"https:\/\/www.noleaky.com\/wp-content\/uploads\/2026\/02\/Check.svg\" alt=\"\" width=\"18\" height=\"15\" \/>Protec\u021bie puternic\u0103 la pornirea la rece.<\/strong> Indicele de 10W asigur\u0103 o curgere fiabil\u0103 a uleiului \u00een timpul pornirilor la rece moderate, reduc\u00e2nd uzura \u00een primele momente critice dup\u0103 aprindere \u0219i \u00eembun\u0103t\u0103\u021bind fiabilitatea general\u0103 a motorului.<\/p>\n<p><strong><img decoding=\"async\" style=\"margin-right: 12px;\" src=\"https:\/\/www.noleaky.com\/wp-content\/uploads\/2026\/02\/Check.svg\" alt=\"\" width=\"18\" height=\"15\" \/>Performan\u021b\u0103 stabil\u0103 la temperaturi ridicate.<\/strong> V\u00e2scozitatea de 40 de grade asigur\u0103 lubrifierea constant\u0103 la temperaturi de func\u021bionare ridicate. Rezist\u0103 la sub\u021biere \u0219i descompunere, men\u021bin\u00e2nd performan\u021ba de protec\u021bie \u00een timpul deplas\u0103rilor lungi sau \u00een condi\u021bii de sarcin\u0103 grea.<\/p>\n<p><strong><img decoding=\"async\" style=\"margin-right: 12px;\" src=\"https:\/\/www.noleaky.com\/wp-content\/uploads\/2026\/02\/Check.svg\" alt=\"\" width=\"18\" height=\"15\" \/>Men\u021bine motoarele mai curate pentru mai mult timp.<\/strong> Detergen\u021bii \u0219i dispersan\u021bii avansa\u021bi ajut\u0103 la prevenirea form\u0103rii noroiului, a lacului \u0219i a depunerilor de carbon, sus\u021bin\u00e2nd func\u021bionarea mai lin\u0103 \u0219i protej\u00e2nd componentele interne ale motorului.<\/p>\n<p><strong><img decoding=\"async\" style=\"margin-right: 12px;\" src=\"https:\/\/www.noleaky.com\/wp-content\/uploads\/2026\/02\/Check.svg\" alt=\"\" width=\"18\" height=\"15\" \/>Compatibil cu o gam\u0103 larg\u0103 de motoare.<\/strong> Potrivit pentru multe motoare pe benzin\u0103 \u0219i diesel, inclusiv unit\u0103\u021bi turbo, acest ulei versatil \u00eendepline\u0219te cerin\u021bele a numero\u0219i produc\u0103tori atunci c\u00e2nd este utilizat conform specifica\u021biilor.<\/p>\n<h2><strong>Instruc\u021biuni<\/strong><\/h2>\n<ul>\n<li>Parca\u021bi vehiculul pe o suprafa\u021b\u0103 plan\u0103 \u0219i opri\u021bi motorul.<\/li>\n<li>L\u0103sa\u021bi motorul s\u0103 se r\u0103ceasc\u0103 u\u0219or \u00eenainte de a \u00eencepe schimbarea uleiului.<\/li>\n<li>Scoate\u021bi bu\u0219onul de scurgere a uleiului \u0219i l\u0103sa\u021bi uleiul vechi s\u0103 se scurg\u0103 complet \u00eentr-un recipient adecvat.<\/li>\n<li>\u00cenlocui\u021bi filtrul de ulei cu unul nou \u00een conformitate cu recomand\u0103rile produc\u0103torului.<\/li>\n<li>Reinstala\u021bi \u0219i str\u00e2nge\u021bi bine dopul de scurgere.<\/li>\n<li>Umple\u021bi motorul cu cantitatea recomandat\u0103 de ulei de motor de \u00eenalt\u0103 performan\u021b\u0103 10W40. Capacitatea tipic\u0103 variaz\u0103 de la 4 la 6 litri, \u00een func\u021bie de tipul motorului.<\/li>\n<li>Utiliza\u021bi joja pentru a verifica dac\u0103 nivelul uleiului este \u00een intervalul recomandat.<\/li>\n<li>Porni\u021bi motorul \u0219i l\u0103sa\u021bi-l s\u0103 func\u021bioneze timp de c\u00e2teva minute pentru a asigura o circula\u021bie corespunz\u0103toare.<\/li>\n<li>Opri\u021bi motorul, a\u0219tepta\u021bi pu\u021bin \u0219i verifica\u021bi din nou nivelul uleiului. Completa\u021bi dac\u0103 este necesar.<\/li>\n<li>Respecta\u021bi intervalele de schimbare a uleiului recomandate de produc\u0103torul vehiculului pentru a men\u021bine performan\u021ba optim\u0103 \u0219i longevitatea motorului.<\/li>\n<\/ul>","protected":false},"excerpt":{"rendered":"<p>Reliable protection for everyday and high-demand driving. Our high performance 10W40 engine oil is engineered to provide strong, stable lubrication for gasoline and diesel engines operating in a wide range of conditions. It forms a durable protective film that shields moving parts from wear, friction, and heat, helping maintain smooth engine performance over time. The [&hellip;]<\/p>\n","protected":false},"featured_media":23046,"comment_status":"open","ping_status":"closed","template":"","meta":{"_uag_custom_page_level_css":"","site-sidebar-layout":"default","site-content-layout":"","ast-site-content-layout":"default","site-content-style":"default","site-sidebar-style":"default","ast-global-header-display":"","ast-banner-title-visibility":"","ast-main-header-display":"","ast-hfb-above-header-display":"","ast-hfb-below-header-display":"","ast-hfb-mobile-header-display":"","site-post-title":"","ast-breadcrumbs-content":"","ast-featured-img":"","footer-sml-layout":"","ast-disable-related-posts":"","theme-transparent-header-meta":"default","adv-header-id-meta":"","stick-header-meta":"","header-above-stick-meta":"","header-main-stick-meta":"","header-below-stick-meta":"","astra-migrate-meta-layouts":"set","ast-page-background-enabled":"default","ast-page-background-meta":{"desktop":{"background-color":"var(--ast-global-color-4)","background-image":"","background-repeat":"repeat","background-position":"center center","background-size":"auto","background-attachment":"scroll","background-type":"","background-media":"","overlay-type":"","overlay-color":"","overlay-opacity":"","overlay-gradient":""},"tablet":{"background-color":"","background-image":"","background-repeat":"repeat","background-position":"center center","background-size":"auto","background-attachment":"scroll","background-type":"","background-media":"","overlay-type":"","overlay-color":"","overlay-opacity":"","overlay-gradient":""},"mobile":{"background-color":"","background-image":"","background-repeat":"repeat","background-position":"center center","background-size":"auto","background-attachment":"scroll","background-type":"","background-media":"","overlay-type":"","overlay-color":"","overlay-opacity":"","overlay-gradient":""}},"ast-content-background-meta":{"desktop":{"background-color":"var(--ast-global-color-5)","background-image":"","background-repeat":"repeat","background-position":"center center","background-size":"auto","background-attachment":"scroll","background-type":"","background-media":"","overlay-type":"","overlay-color":"","overlay-opacity":"","overlay-gradient":""},"tablet":{"background-color":"var(--ast-global-color-5)","background-image":"","background-repeat":"repeat","background-position":"center center","background-size":"auto","background-attachment":"scroll","background-type":"","background-media":"","overlay-type":"","overlay-color":"","overlay-opacity":"","overlay-gradient":""},"mobile":{"background-color":"var(--ast-global-color-5)","background-image":"","background-repeat":"repeat","background-position":"center center","background-size":"auto","background-attachment":"scroll","background-type":"","background-media":"","overlay-type":"","overlay-color":"","overlay-opacity":"","overlay-gradient":""}}},"product_brand":[],"product_cat":[176],"product_tag":[],"class_list":{"0":"post-22991","1":"product","2":"type-product","3":"status-publish","4":"has-post-thumbnail","6":"product_cat-automotive","7":"desktop-align-left","8":"tablet-align-left","9":"mobile-align-left","11":"first","12":"instock","13":"sale","14":"shipping-taxable","15":"purchasable","16":"product-type-variable","17":"has-default-attributes"},"spectra_custom_meta":{"_visibility":["visible"],"_shopify_product_id":["7960288133340"],"_s2w_shopify_domain":["noleaky.myshopify.com"],"_shopify_variant_id":["43735114186972"],"_manage_stock":["no"],"total_sales":["2"],"_tax_status":["taxable"],"_tax_class":[""],"_backorders":["no"],"_sold_individually":["no"],"_virtual":["no"],"_downloadable":["no"],"_download_limit":["-1"],"_download_expiry":["-1"],"_stock":[null],"_stock_status":["instock"],"_wc_average_rating":["4.95"],"_wc_review_count":["55"],"_product_attributes":["a:1:{s:6:\"volume\";a:6:{s:4:\"name\";s:6:\"Volume\";s:5:\"value\";s:20:\"5 liters | 25 liters\";s:8:\"position\";i:1;s:10:\"is_visible\";i:0;s:12:\"is_variation\";i:1;s:11:\"is_taxonomy\";i:0;}}"],"_product_version":["10.5.2"],"_thumbnail_id":["23046"],"_product_image_gallery":["23049"],"_edit_lock":["1772373281:1"],"merchant-center-availability":["yes"],"merchant-center-category":["3044"],"merchant-center-id":["10L5W40"],"_edit_last":["1"],"_wp_page_template":["default"],"site-sidebar-layout":["default"],"ast-site-content-layout":["default"],"site-content-style":["default"],"site-sidebar-style":["default"],"theme-transparent-header-meta":["default"],"_default_attributes":["a:1:{s:6:\"volume\";s:8:\"5 liters\";}"],"_price":["39.90","9990"],"_wc_rating_count":["a:2:{i:4;i:3;i:5;i:52;}"],"_upsell_ids":["a:3:{i:0;i:22975;i:1;i:23022;i:2;i:23025;}"],"_crosssell_ids":["a:3:{i:0;i:22975;i:1;i:23022;i:2;i:23025;}"],"astra-migrate-meta-layouts":["set"],"_uag_css_file_name":["uag-css-22991.css"],"_elementor_page_assets":["a:0:{}"],"_uag_page_assets":["a:9:{s:3:\"css\";s:7133:\".uag-blocks-common-selector{z-index:var(--z-index-desktop) !important}@media(max-width: 976px){.uag-blocks-common-selector{z-index:var(--z-index-tablet) !important}}@media(max-width: 767px){.uag-blocks-common-selector{z-index:var(--z-index-mobile) !important}}.wp-block-uagb-image{display:flex}.wp-block-uagb-image__figure{position:relative;display:flex;flex-direction:column;max-width:100%;height:auto;margin:0}.wp-block-uagb-image__figure img{height:auto;display:flex;max-width:100%;transition:box-shadow .2s ease}.wp-block-uagb-image__figure>a{display:inline-block}.wp-block-uagb-image__figure figcaption{text-align:center;margin-top:.5em;margin-bottom:1em}.wp-block-uagb-image .components-placeholder.block-editor-media-placeholder .components-placeholder__instructions{align-self:center}.wp-block-uagb-image--align-left{text-align:left}.wp-block-uagb-image--align-right{text-align:right}.wp-block-uagb-image--align-center{text-align:center}.wp-block-uagb-image--align-full .wp-block-uagb-image__figure{margin-left:calc(50% - 50vw);margin-right:calc(50% - 50vw);max-width:100vw;width:100vw;height:auto}.wp-block-uagb-image--align-full .wp-block-uagb-image__figure img{height:auto;width:100% !important}.wp-block-uagb-image--align-wide .wp-block-uagb-image__figure img{height:auto;width:100%}.wp-block-uagb-image--layout-overlay__color-wrapper{position:absolute;left:0;top:0;right:0;bottom:0;opacity:.2;background:rgba(0,0,0,.5);transition:opacity .35s ease-in-out}.wp-block-uagb-image--layout-overlay-link{position:absolute;left:0;right:0;bottom:0;top:0}.wp-block-uagb-image--layout-overlay .wp-block-uagb-image__figure:hover .wp-block-uagb-image--layout-overlay__color-wrapper{opacity:1}.wp-block-uagb-image--layout-overlay__inner{position:absolute;left:15px;right:15px;bottom:15px;top:15px;display:flex;align-items:center;justify-content:center;flex-direction:column;border-color:#fff;transition:.35s ease-in-out}.wp-block-uagb-image--layout-overlay__inner.top-left,.wp-block-uagb-image--layout-overlay__inner.top-center,.wp-block-uagb-image--layout-overlay__inner.top-right{justify-content:flex-start}.wp-block-uagb-image--layout-overlay__inner.bottom-left,.wp-block-uagb-image--layout-overlay__inner.bottom-center,.wp-block-uagb-image--layout-overlay__inner.bottom-right{justify-content:flex-end}.wp-block-uagb-image--layout-overlay__inner.top-left,.wp-block-uagb-image--layout-overlay__inner.center-left,.wp-block-uagb-image--layout-overlay__inner.bottom-left{align-items:flex-start}.wp-block-uagb-image--layout-overlay__inner.top-right,.wp-block-uagb-image--layout-overlay__inner.center-right,.wp-block-uagb-image--layout-overlay__inner.bottom-right{align-items:flex-end}.wp-block-uagb-image--layout-overlay__inner .uagb-image-heading{color:#fff;transition:transform .35s,opacity .35s ease-in-out;transform:translate3d(0, 24px, 0);margin:0;line-height:1em}.wp-block-uagb-image--layout-overlay__inner .uagb-image-separator{width:30%;border-top-width:2px;border-top-color:#fff;border-top-style:solid;margin-bottom:10px;opacity:0;transition:transform .4s,opacity .4s ease-in-out;transform:translate3d(0, 30px, 0)}.wp-block-uagb-image--layout-overlay__inner .uagb-image-caption{opacity:0;overflow:visible;color:#fff;transition:transform .45s,opacity .45s ease-in-out;transform:translate3d(0, 35px, 0)}.wp-block-uagb-image--layout-overlay__inner:hover .uagb-image-heading,.wp-block-uagb-image--layout-overlay__inner:hover .uagb-image-separator,.wp-block-uagb-image--layout-overlay__inner:hover .uagb-image-caption{opacity:1;transform:translate3d(0, 0, 0)}.wp-block-uagb-image--effect-zoomin .wp-block-uagb-image__figure img,.wp-block-uagb-image--effect-zoomin .wp-block-uagb-image__figure .wp-block-uagb-image--layout-overlay__color-wrapper{transform:scale(1);transition:transform .35s ease-in-out}.wp-block-uagb-image--effect-zoomin .wp-block-uagb-image__figure:hover img,.wp-block-uagb-image--effect-zoomin .wp-block-uagb-image__figure:hover .wp-block-uagb-image--layout-overlay__color-wrapper{transform:scale(1.05)}.wp-block-uagb-image--effect-slide .wp-block-uagb-image__figure img,.wp-block-uagb-image--effect-slide .wp-block-uagb-image__figure .wp-block-uagb-image--layout-overlay__color-wrapper{width:calc(100% + 40px) !important;max-width:none !important;transform:translate3d(-40px, 0, 0);transition:transform .35s ease-in-out}.wp-block-uagb-image--effect-slide .wp-block-uagb-image__figure:hover img,.wp-block-uagb-image--effect-slide .wp-block-uagb-image__figure:hover .wp-block-uagb-image--layout-overlay__color-wrapper{transform:translate3d(0, 0, 0)}.wp-block-uagb-image--effect-grayscale img{filter:grayscale(0%);transition:.35s ease-in-out}.wp-block-uagb-image--effect-grayscale:hover img{filter:grayscale(100%)}.wp-block-uagb-image--effect-blur img{filter:blur(0);transition:.35s ease-in-out}.wp-block-uagb-image--effect-blur:hover img{filter:blur(3px)}.uagb-block-e6f939b3.wp-block-uagb-image--layout-default figure img{box-shadow: 0px 0px 0 #00000070;}.uagb-block-e6f939b3.wp-block-uagb-image .wp-block-uagb-image__figure figcaption{font-style: normal;align-self: center;}.uagb-block-e6f939b3.wp-block-uagb-image--layout-overlay figure img{box-shadow: 0px 0px 0 #00000070;}.uagb-block-e6f939b3.wp-block-uagb-image--layout-overlay .wp-block-uagb-image--layout-overlay__color-wrapper{opacity: 0.2;}.uagb-block-e6f939b3.wp-block-uagb-image--layout-overlay .wp-block-uagb-image--layout-overlay__inner{left: 15px;right: 15px;top: 15px;bottom: 15px;}.uagb-block-e6f939b3.wp-block-uagb-image--layout-overlay .wp-block-uagb-image--layout-overlay__inner .uagb-image-heading{font-style: normal;color: #fff;opacity: 1;}.uagb-block-e6f939b3.wp-block-uagb-image--layout-overlay .wp-block-uagb-image--layout-overlay__inner .uagb-image-heading a{color: #fff;}.uagb-block-e6f939b3.wp-block-uagb-image--layout-overlay .wp-block-uagb-image--layout-overlay__inner .uagb-image-caption{opacity: 0;}.uagb-block-e6f939b3.wp-block-uagb-image--layout-overlay .wp-block-uagb-image__figure:hover .wp-block-uagb-image--layout-overlay__color-wrapper{opacity: 1;}.uagb-block-e6f939b3.wp-block-uagb-image .wp-block-uagb-image--layout-overlay__inner .uagb-image-separator{width: 30%;border-top-width: 2px;border-top-color: #fff;opacity: 0;}.uagb-block-e6f939b3.wp-block-uagb-image .wp-block-uagb-image__figure img{width: px;height: auto;}.uagb-block-e6f939b3.wp-block-uagb-image .wp-block-uagb-image__figure:hover .wp-block-uagb-image--layout-overlay__inner .uagb-image-caption{opacity: 1;}.uagb-block-e6f939b3.wp-block-uagb-image .wp-block-uagb-image__figure:hover .wp-block-uagb-image--layout-overlay__inner .uagb-image-separator{opacity: 1;}.uagb-block-e6f939b3.wp-block-uagb-image--layout-default figure:hover img{box-shadow: 0px 0px 0 #00000070;}.uagb-block-e6f939b3.wp-block-uagb-image--layout-overlay figure:hover img{box-shadow: 0px 0px 0 #00000070;}@media only screen and (max-width: 976px) {.uagb-block-e6f939b3.wp-block-uagb-image .wp-block-uagb-image__figure img{width: px;height: auto;}}@media only screen and (max-width: 767px) {.uagb-block-e6f939b3.wp-block-uagb-image .wp-block-uagb-image__figure img{width: px;height: auto;}}\";s:2:\"js\";s:0:\"\";s:18:\"current_block_list\";a:13:{i:0;s:11:\"core\/search\";i:1;s:10:\"core\/group\";i:2;s:12:\"core\/heading\";i:3;s:17:\"core\/latest-posts\";i:4;s:20:\"core\/latest-comments\";i:5;s:13:\"core\/archives\";i:6;s:15:\"core\/categories\";i:7;s:14:\"core\/paragraph\";i:8;s:10:\"uagb\/image\";i:9;s:11:\"core\/spacer\";i:10;s:30:\"woocommerce\/product-categories\";i:11;s:10:\"core\/image\";i:12;s:14:\"core\/shortcode\";}s:8:\"uag_flag\";b:1;s:11:\"uag_version\";s:10:\"1776766160\";s:6:\"gfonts\";a:0:{}s:10:\"gfonts_url\";s:0:\"\";s:12:\"gfonts_files\";a:0:{}s:14:\"uag_faq_layout\";b:0;}"]},"uagb_featured_image_src":{"full":["https:\/\/www.noleaky.com\/wp-content\/uploads\/2025\/06\/2.c.MotorOil_10w40_2500.png",2500,2000,false],"thumbnail":["https:\/\/www.noleaky.com\/wp-content\/uploads\/2025\/06\/2.c.MotorOil_10w40_2500-150x150.png",150,150,true],"medium":["https:\/\/www.noleaky.com\/wp-content\/uploads\/2025\/06\/2.c.MotorOil_10w40_2500-300x240.png",300,240,true],"medium_large":["https:\/\/www.noleaky.com\/wp-content\/uploads\/2025\/06\/2.c.MotorOil_10w40_2500-768x614.png",768,614,true],"large":["https:\/\/www.noleaky.com\/wp-content\/uploads\/2025\/06\/2.c.MotorOil_10w40_2500-1024x819.png",1024,819,true],"1536x1536":["https:\/\/www.noleaky.com\/wp-content\/uploads\/2025\/06\/2.c.MotorOil_10w40_2500-1536x1229.png",1536,1229,true],"2048x2048":["https:\/\/www.noleaky.com\/wp-content\/uploads\/2025\/06\/2.c.MotorOil_10w40_2500-2048x1638.png",2048,1638,true],"trp-custom-language-flag":["https:\/\/www.noleaky.com\/wp-content\/uploads\/2025\/06\/2.c.MotorOil_10w40_2500-15x12.png",15,12,true],"woocommerce_thumbnail":["https:\/\/www.noleaky.com\/wp-content\/uploads\/2025\/06\/2.c.MotorOil_10w40_2500-300x300.png",300,300,true],"woocommerce_single":["https:\/\/www.noleaky.com\/wp-content\/uploads\/2025\/06\/2.c.MotorOil_10w40_2500-600x480.png",600,480,true],"woocommerce_gallery_thumbnail":["https:\/\/www.noleaky.com\/wp-content\/uploads\/2025\/06\/2.c.MotorOil_10w40_2500-100x100.png",100,100,true]},"uagb_author_info":{"display_name":"admin","author_link":"https:\/\/www.noleaky.com\/ro\/author\/"},"uagb_comment_info":55,"uagb_excerpt":"Reliable protection for everyday and high-demand driving. Our high performance 10W40 engine oil is engineered to provide strong, stable lubrication for gasoline and diesel engines operating in a wide range of conditions. It forms a durable protective film that shields moving parts from wear, friction, and heat, helping maintain smooth engine performance over time. The&hellip;","_links":{"self":[{"href":"https:\/\/www.noleaky.com\/ro\/wp-json\/wp\/v2\/product\/22991","targetHints":{"allow":["GET"]}}],"collection":[{"href":"https:\/\/www.noleaky.com\/ro\/wp-json\/wp\/v2\/product"}],"about":[{"href":"https:\/\/www.noleaky.com\/ro\/wp-json\/wp\/v2\/types\/product"}],"replies":[{"embeddable":true,"href":"https:\/\/www.noleaky.com\/ro\/wp-json\/wp\/v2\/comments?post=22991"}],"version-history":[{"count":4,"href":"https:\/\/www.noleaky.com\/ro\/wp-json\/wp\/v2\/product\/22991\/revisions"}],"predecessor-version":[{"id":33275,"href":"https:\/\/www.noleaky.com\/ro\/wp-json\/wp\/v2\/product\/22991\/revisions\/33275"}],"wp:featuredmedia":[{"embeddable":true,"href":"https:\/\/www.noleaky.com\/ro\/wp-json\/wp\/v2\/media\/23046"}],"wp:attachment":[{"href":"https:\/\/www.noleaky.com\/ro\/wp-json\/wp\/v2\/media?parent=22991"}],"wp:term":[{"taxonomy":"product_brand","embeddable":true,"href":"https:\/\/www.noleaky.com\/ro\/wp-json\/wp\/v2\/product_brand?post=22991"},{"taxonomy":"product_cat","embeddable":true,"href":"https:\/\/www.noleaky.com\/ro\/wp-json\/wp\/v2\/product_cat?post=22991"},{"taxonomy":"product_tag","embeddable":true,"href":"https:\/\/www.noleaky.com\/ro\/wp-json\/wp\/v2\/product_tag?post=22991"}],"curies":[{"name":"wp","href":"https:\/\/api.w.org\/{rel}","templated":true}]}}