{"id":22987,"date":"2025-06-02T15:49:03","date_gmt":"2025-06-02T13:49:03","guid":{"rendered":"https:\/\/www.noleaky.com\/products\/engine-decalaminant\/"},"modified":"2026-03-01T15:18:48","modified_gmt":"2026-03-01T14:18:48","slug":"engine-decalaminant","status":"publish","type":"product","link":"https:\/\/www.noleaky.com\/ro\/products\/engine-decalaminant\/","title":{"rendered":"Decarbonizant pentru motor"},"content":{"rendered":"<p><strong><img decoding=\"async\" style=\"margin-right: 12px;\" src=\"https:\/\/www.noleaky.com\/wp-content\/uploads\/2026\/02\/Check.svg\" alt=\"\" width=\"18\" height=\"15\" \/>Reface performan\u021ba \u0219i puterea motorului \u00eenc\u0103 de la prima utilizare.<\/strong> Decarbonizantul nostru de motor este special formulat pentru a elimina depunerile nocive de carbon care se acumuleaz\u0103 \u00een interiorul camerei de ardere, supapelor de admisie, injectoarelor \u0219i sistemului de evacuare. Prin eliminarea acestor reziduuri, v\u0103 ajut\u0103 motorul s\u0103 respire mai bine, s\u0103 func\u021bioneze mai lin \u0219i s\u0103 recupereze puterea \u0219i capacitatea de reac\u021bie pierdute.<\/p>\n<p><strong><img decoding=\"async\" style=\"margin-right: 12px;\" src=\"https:\/\/www.noleaky.com\/wp-content\/uploads\/2026\/02\/Check.svg\" alt=\"\" width=\"18\" height=\"15\" \/>Cea mai eficient\u0103 solu\u021bie de eliminare a carbonului de pe pia\u021b\u0103.<\/strong> Datorit\u0103 tehnologiei sale avansate de cur\u0103\u021bare, acest decarbonizant pentru motoare dizolv\u0103 depozitele de carbon \u00eenc\u0103p\u0103\u021b\u00e2nate mai eficient dec\u00e2t aditivii conven\u021bionali. Acesta vizeaz\u0103 funinginea acumulat\u0103 \u0219i reziduurile de combustie la sursa lor, \u00eembun\u0103t\u0103\u021bind calitatea arderii combustibilului \u0219i restabilind func\u021bionarea optim\u0103 a motorului.<\/p>\n<p><strong><img decoding=\"async\" style=\"margin-right: 12px;\" src=\"https:\/\/www.noleaky.com\/wp-content\/uploads\/2026\/02\/Check.svg\" alt=\"\" width=\"18\" height=\"15\" \/>Cea mai ieftin\u0103 solu\u021bie de nivel profesional disponibil\u0103.<\/strong> Oferim cel mai competitiv pre\u021b f\u0103r\u0103 a compromite calitatea sau performan\u021ba. Ob\u021bine\u021bi o formul\u0103 de \u00eenalt\u0103 eficien\u021b\u0103 de \u00eencredere pentru \u00eentre\u021binerea serioas\u0103 a motorului la o frac\u021biune din costul decarboniz\u0103rii mecanice sau al serviciilor de atelier.<\/p>\n<p><strong><img decoding=\"async\" style=\"margin-right: 12px;\" src=\"https:\/\/www.noleaky.com\/wp-content\/uploads\/2026\/02\/Check.svg\" alt=\"\" width=\"18\" height=\"15\" \/>Livrare \u00een 24 de ore pentru a v\u0103 men\u021bine vehiculul \u00een mi\u0219care.<\/strong> Garant\u0103m livrarea \u00een 24 de ore, astfel \u00eenc\u00e2t s\u0103 pute\u021bi primi decarbonizatorul de motor rapid \u0219i s\u0103 evita\u021bi timpii mor\u021bi inutili. Fie c\u0103 ave\u021bi nevoie de \u00eentre\u021binere urgent\u0103 sau de tratament preventiv, v\u0103 asigur\u0103m o livrare rapid\u0103 \u0219i fiabil\u0103.<\/p>\n<p><strong><img decoding=\"async\" style=\"margin-right: 12px;\" src=\"https:\/\/www.noleaky.com\/wp-content\/uploads\/2026\/02\/Check.svg\" alt=\"\" width=\"18\" height=\"15\" \/>Garan\u021bie de bani \u00eenapoi pentru \u00eencredere total\u0103.<\/strong> Oferim o garan\u021bie complet\u0103 de returnare a banilor. Dac\u0103 nu sunte\u021bi complet mul\u021bumit de rezultatele decarbonizatorului nostru de motor, v\u0103 vom rambursa achizi\u021bia. Acest lucru face ca investi\u021bia dvs. s\u0103 fie complet lipsit\u0103 de riscuri \u0219i demonstreaz\u0103 \u00eencrederea noastr\u0103 \u00een performan\u021ba produsului.<\/p>\n<p><strong><img decoding=\"async\" style=\"margin-right: 12px;\" src=\"https:\/\/www.noleaky.com\/wp-content\/uploads\/2026\/02\/Check.svg\" alt=\"\" width=\"18\" height=\"15\" \/>\u00cembun\u0103t\u0103\u021be\u0219te eficien\u021ba combustibilului \u0219i reduce consumul.<\/strong> Prin cur\u0103\u021barea componentelor interne ale motorului \u0219i optimizarea arderii, produsul nostru contribuie la reducerea risipei de combustibil. Un motor mai curat arde combustibilul mai eficient, ceea ce poate reduce consumul total de combustibil \u0219i economisi bani \u00een timp.<\/p>\n<p><strong><img decoding=\"async\" style=\"margin-right: 12px;\" src=\"https:\/\/www.noleaky.com\/wp-content\/uploads\/2026\/02\/Check.svg\" alt=\"\" width=\"18\" height=\"15\" \/>Reduce emisiile \u0219i sus\u021bine o evacuare mai curat\u0103.<\/strong> Acumularea de carbon contribuie la cre\u0219terea emisiilor \u0219i la performan\u021be slabe ale sistemului de evacuare. Prin \u00eendep\u0103rtarea depunerilor, decarbonizatorul nostru de motor contribuie la reducerea fumului, la \u00eembun\u0103t\u0103\u021birea fluxului gazelor de e\u0219apament \u0219i la sus\u021binerea unui condus mai responsabil fa\u021b\u0103 de mediu.<\/p>\n<p><strong><img decoding=\"async\" style=\"margin-right: 12px;\" src=\"https:\/\/www.noleaky.com\/wp-content\/uploads\/2026\/02\/Check.svg\" alt=\"\" width=\"18\" height=\"15\" \/>Prelunge\u0219te durata de via\u021b\u0103 a motorului \u0219i reduce uzura.<\/strong> Depozitele de carbon pot cre\u0219te frecarea, supra\u00eenc\u0103lzirea \u0219i arderea neuniform\u0103. Utilizarea regulat\u0103 a decarbonizatorului nostru ajut\u0103 la men\u021binerea unei func\u021bion\u0103ri mai fluide a motorului, reduce stresul asupra componentelor \u0219i contribuie la o durat\u0103 de via\u021b\u0103 mai lung\u0103 a motorului.<\/p>\n<p><strong><img decoding=\"async\" style=\"margin-right: 12px;\" src=\"https:\/\/www.noleaky.com\/wp-content\/uploads\/2026\/02\/Check.svg\" alt=\"\" width=\"18\" height=\"15\" \/>Previne repara\u021biile mecanice costisitoare.<\/strong> Prin men\u021binerea unui sistem de combustie curat, reduce\u021bi riscul de \u00eenfundare a injectoarelor, de \u00een\u021bepenire a supapelor \u0219i de probleme legate de performan\u021ba turbo. \u00centre\u021binerea preventiv\u0103 cu decarbonizatorul nostru de motor poate ajuta la evitarea repara\u021biilor costisitoare \u00een viitor.<\/p>\n<p><strong><img decoding=\"async\" style=\"margin-right: 12px;\" src=\"https:\/\/www.noleaky.com\/wp-content\/uploads\/2026\/02\/Check.svg\" alt=\"\" width=\"18\" height=\"15\" \/>Simplu de utilizat at\u00e2t pentru profesioni\u0219ti, c\u00e2t \u0219i pentru \u0219oferii obi\u0219nui\u021bi.<\/strong> Formula este conceput\u0103 pentru o aplicare u\u0219oar\u0103, f\u0103r\u0103 unelte complexe sau dezasamblare. Fie c\u0103 sunte\u021bi mecanic sau proprietarul unui vehicul care efectueaz\u0103 \u00eentre\u021binerea de rutin\u0103, pute\u021bi ob\u021bine rezultate de nivel profesional cu un efort minim.<\/p>\n<p><strong>Instruc\u021biuni<\/strong><\/p>\n<ul>\n<li>Asigura\u021bi-v\u0103 c\u0103 motorul este la temperatura de func\u021bionare \u00eenainte de a utiliza produsul pentru o eficien\u021b\u0103 optim\u0103.<\/li>\n<li>Turna\u021bi sticla direct \u00een rezervorul de combustibil \u00eenainte de realimentare pentru a permite amestecarea corespunz\u0103toare.<\/li>\n<li>Utiliza\u021bi o sticl\u0103 plin\u0103 pentru un rezervor standard de combustibil pentru autoturisme de aproximativ 40 p\u00e2n\u0103 la 60 de litri. Pentru rezervoare mai mici, ajusta\u021bi doza propor\u021bional.<\/li>\n<li>Dup\u0103 ad\u0103ugarea produsului, umple\u021bi rezervorul cu combustibil \u0219i conduce\u021bi normal pentru a permite formulei s\u0103 circule prin \u00eentregul sistem de combustibil \u0219i de ardere.<\/li>\n<li>Pentru cur\u0103\u021barea intensiv\u0103, men\u021bine\u021bi tura\u021bii moderate ale motorului timp de cel pu\u021bin 20 p\u00e2n\u0103 la 30 de minute pentru a intensifica procesul de decarbonizare.<\/li>\n<li>\u00cen caz de acumulare sever\u0103 de carbon, se poate efectua un al doilea tratament dup\u0103 consumarea primului rezervor complet.<\/li>\n<li>Pentru \u00eentre\u021binerea preventiv\u0103, utiliza\u021bi decarbonizatorul de motor la fiecare 5.000 p\u00e2n\u0103 la 10.000 de kilometri, \u00een func\u021bie de condi\u021biile de condus \u0219i de calitatea combustibilului.<\/li>\n<li>Nu dep\u0103\u0219i\u021bi doza recomandat\u0103 pentru a asigura o performan\u021b\u0103 optim\u0103 \u0219i pentru a evita risipa inutil\u0103 de produs.<\/li>\n<li>Potrivit pentru motoare pe benzin\u0103 \u0219i diesel, cu excep\u021bia cazului \u00een care se specific\u0103 altfel \u00een recomand\u0103rile produc\u0103torului vehiculului.<\/li>\n<li>Depozita\u021bi produsul \u00eentr-un loc r\u0103coros, uscat, ferit de lumina direct\u0103 a soarelui \u0219i p\u0103stra\u021bi-l la \u00eendem\u00e2na copiilor.<\/li>\n<\/ul>","protected":false},"excerpt":{"rendered":"<p>Restores engine performance and power from the very first use. Our engine decarbonizer is specially formulated to remove harmful carbon deposits that build up inside the combustion chamber, intake valves, injectors, and exhaust system. By eliminating these residues, it helps your engine breathe better, operate more smoothly, and recover lost power and responsiveness. The most [&hellip;]<\/p>\n","protected":false},"featured_media":23039,"comment_status":"open","ping_status":"closed","template":"","meta":{"_uag_custom_page_level_css":"","site-sidebar-layout":"default","site-content-layout":"","ast-site-content-layout":"default","site-content-style":"default","site-sidebar-style":"default","ast-global-header-display":"","ast-banner-title-visibility":"","ast-main-header-display":"","ast-hfb-above-header-display":"","ast-hfb-below-header-display":"","ast-hfb-mobile-header-display":"","site-post-title":"","ast-breadcrumbs-content":"","ast-featured-img":"","footer-sml-layout":"","ast-disable-related-posts":"","theme-transparent-header-meta":"default","adv-header-id-meta":"","stick-header-meta":"","header-above-stick-meta":"","header-main-stick-meta":"","header-below-stick-meta":"","astra-migrate-meta-layouts":"set","ast-page-background-enabled":"default","ast-page-background-meta":{"desktop":{"background-color":"var(--ast-global-color-4)","background-image":"","background-repeat":"repeat","background-position":"center center","background-size":"auto","background-attachment":"scroll","background-type":"","background-media":"","overlay-type":"","overlay-color":"","overlay-opacity":"","overlay-gradient":""},"tablet":{"background-color":"","background-image":"","background-repeat":"repeat","background-position":"center center","background-size":"auto","background-attachment":"scroll","background-type":"","background-media":"","overlay-type":"","overlay-color":"","overlay-opacity":"","overlay-gradient":""},"mobile":{"background-color":"","background-image":"","background-repeat":"repeat","background-position":"center center","background-size":"auto","background-attachment":"scroll","background-type":"","background-media":"","overlay-type":"","overlay-color":"","overlay-opacity":"","overlay-gradient":""}},"ast-content-background-meta":{"desktop":{"background-color":"var(--ast-global-color-5)","background-image":"","background-repeat":"repeat","background-position":"center center","background-size":"auto","background-attachment":"scroll","background-type":"","background-media":"","overlay-type":"","overlay-color":"","overlay-opacity":"","overlay-gradient":""},"tablet":{"background-color":"var(--ast-global-color-5)","background-image":"","background-repeat":"repeat","background-position":"center center","background-size":"auto","background-attachment":"scroll","background-type":"","background-media":"","overlay-type":"","overlay-color":"","overlay-opacity":"","overlay-gradient":""},"mobile":{"background-color":"var(--ast-global-color-5)","background-image":"","background-repeat":"repeat","background-position":"center center","background-size":"auto","background-attachment":"scroll","background-type":"","background-media":"","overlay-type":"","overlay-color":"","overlay-opacity":"","overlay-gradient":""}}},"product_brand":[],"product_cat":[176],"product_tag":[],"class_list":{"0":"post-22987","1":"product","2":"type-product","3":"status-publish","4":"has-post-thumbnail","6":"product_cat-automotive","7":"desktop-align-left","8":"tablet-align-left","9":"mobile-align-left","11":"first","12":"instock","13":"shipping-taxable","14":"purchasable","15":"product-type-simple"},"spectra_custom_meta":{"_visibility":["visible"],"_shopify_product_id":["7961115164892"],"_s2w_shopify_domain":["noleaky.myshopify.com"],"_shopify_variant_id":["43736991662300"],"_sku":["NLENGINEDECARBONIZER"],"_regular_price":["29.90"],"_price":["29.90"],"_sale_price":[""],"_weight":["0.35"],"_thumbnail_id":["23039"],"_global_unique_id":["5056773800663"],"total_sales":["50"],"_tax_status":["taxable"],"_tax_class":[""],"_manage_stock":["no"],"_backorders":["no"],"_sold_individually":["no"],"_virtual":["no"],"_downloadable":["no"],"_download_limit":["-1"],"_download_expiry":["-1"],"_stock":[null],"_stock_status":["instock"],"_wc_average_rating":["4.92"],"_wc_review_count":["86"],"_product_version":["10.5.2"],"_edit_lock":["1772383115:1"],"merchant-center-availability":["yes"],"merchant-center-category":["2788"],"merchant-center-id":["ED"],"_edit_last":["1"],"_wp_page_template":["default"],"site-sidebar-layout":["default"],"ast-site-content-layout":["default"],"site-content-style":["default"],"site-sidebar-style":["default"],"theme-transparent-header-meta":["default"],"_wc_rating_count":["a:2:{i:4;i:7;i:5;i:79;}"],"_upsell_ids":["a:3:{i:0;i:22985;i:1;i:23011;i:2;i:23025;}"],"_crosssell_ids":["a:3:{i:0;i:22985;i:1;i:23011;i:2;i:23025;}"],"astra-migrate-meta-layouts":["set"],"_uag_css_file_name":["uag-css-22987.css"],"_elementor_page_assets":["a:0:{}"],"_uag_page_assets":["a:9:{s:3:\"css\";s:7156:\".uag-blocks-common-selector{z-index:var(--z-index-desktop) !important}@media (max-width: 976px){.uag-blocks-common-selector{z-index:var(--z-index-tablet) !important}}@media (max-width: 767px){.uag-blocks-common-selector{z-index:var(--z-index-mobile) !important}}\n.wp-block-uagb-image{display:flex}.wp-block-uagb-image__figure{position:relative;display:flex;flex-direction:column;max-width:100%;height:auto;margin:0}.wp-block-uagb-image__figure img{height:auto;display:flex;max-width:100%;transition:box-shadow 0.2s ease}.wp-block-uagb-image__figure>a{display:inline-block}.wp-block-uagb-image__figure figcaption{text-align:center;margin-top:0.5em;margin-bottom:1em}.wp-block-uagb-image .components-placeholder.block-editor-media-placeholder .components-placeholder__instructions{align-self:center}.wp-block-uagb-image--align-left{text-align:left}.wp-block-uagb-image--align-right{text-align:right}.wp-block-uagb-image--align-center{text-align:center}.wp-block-uagb-image--align-full .wp-block-uagb-image__figure{margin-left:calc(50% - 50vw);margin-right:calc(50% - 50vw);max-width:100vw;width:100vw;height:auto}.wp-block-uagb-image--align-full .wp-block-uagb-image__figure img{height:auto;width:100% !important}.wp-block-uagb-image--align-wide .wp-block-uagb-image__figure img{height:auto;width:100%}.wp-block-uagb-image--layout-overlay__color-wrapper{position:absolute;left:0;top:0;right:0;bottom:0;opacity:0.2;background:rgba(0,0,0,0.5);transition:opacity 0.35s ease-in-out}.wp-block-uagb-image--layout-overlay-link{position:absolute;left:0;right:0;bottom:0;top:0}.wp-block-uagb-image--layout-overlay .wp-block-uagb-image__figure:hover .wp-block-uagb-image--layout-overlay__color-wrapper{opacity:1}.wp-block-uagb-image--layout-overlay__inner{position:absolute;left:15px;right:15px;bottom:15px;top:15px;display:flex;align-items:center;justify-content:center;flex-direction:column;border-color:#fff;transition:0.35s ease-in-out}.wp-block-uagb-image--layout-overlay__inner.top-left,.wp-block-uagb-image--layout-overlay__inner.top-center,.wp-block-uagb-image--layout-overlay__inner.top-right{justify-content:flex-start}.wp-block-uagb-image--layout-overlay__inner.bottom-left,.wp-block-uagb-image--layout-overlay__inner.bottom-center,.wp-block-uagb-image--layout-overlay__inner.bottom-right{justify-content:flex-end}.wp-block-uagb-image--layout-overlay__inner.top-left,.wp-block-uagb-image--layout-overlay__inner.center-left,.wp-block-uagb-image--layout-overlay__inner.bottom-left{align-items:flex-start}.wp-block-uagb-image--layout-overlay__inner.top-right,.wp-block-uagb-image--layout-overlay__inner.center-right,.wp-block-uagb-image--layout-overlay__inner.bottom-right{align-items:flex-end}.wp-block-uagb-image--layout-overlay__inner .uagb-image-heading{color:#fff;transition:transform 0.35s, opacity 0.35s ease-in-out;transform:translate3d(0, 24px, 0);margin:0;line-height:1em}.wp-block-uagb-image--layout-overlay__inner .uagb-image-separator{width:30%;border-top-width:2px;border-top-color:#fff;border-top-style:solid;margin-bottom:10px;opacity:0;transition:transform 0.4s, opacity 0.4s ease-in-out;transform:translate3d(0, 30px, 0)}.wp-block-uagb-image--layout-overlay__inner .uagb-image-caption{opacity:0;overflow:visible;color:#fff;transition:transform 0.45s, opacity 0.45s ease-in-out;transform:translate3d(0, 35px, 0)}.wp-block-uagb-image--layout-overlay__inner:hover .uagb-image-heading,.wp-block-uagb-image--layout-overlay__inner:hover .uagb-image-separator,.wp-block-uagb-image--layout-overlay__inner:hover .uagb-image-caption{opacity:1;transform:translate3d(0, 0, 0)}.wp-block-uagb-image--effect-zoomin .wp-block-uagb-image__figure img,.wp-block-uagb-image--effect-zoomin .wp-block-uagb-image__figure .wp-block-uagb-image--layout-overlay__color-wrapper{transform:scale(1);transition:transform 0.35s ease-in-out}.wp-block-uagb-image--effect-zoomin .wp-block-uagb-image__figure:hover img,.wp-block-uagb-image--effect-zoomin .wp-block-uagb-image__figure:hover .wp-block-uagb-image--layout-overlay__color-wrapper{transform:scale(1.05)}.wp-block-uagb-image--effect-slide .wp-block-uagb-image__figure img,.wp-block-uagb-image--effect-slide .wp-block-uagb-image__figure .wp-block-uagb-image--layout-overlay__color-wrapper{width:calc(100% + 40px) !important;max-width:none !important;transform:translate3d(-40px, 0, 0);transition:transform 0.35s ease-in-out}.wp-block-uagb-image--effect-slide .wp-block-uagb-image__figure:hover img,.wp-block-uagb-image--effect-slide .wp-block-uagb-image__figure:hover .wp-block-uagb-image--layout-overlay__color-wrapper{transform:translate3d(0, 0, 0)}.wp-block-uagb-image--effect-grayscale img{filter:grayscale(0%);transition:0.35s ease-in-out}.wp-block-uagb-image--effect-grayscale:hover img{filter:grayscale(100%)}.wp-block-uagb-image--effect-blur img{filter:blur(0);transition:0.35s ease-in-out}.wp-block-uagb-image--effect-blur:hover img{filter:blur(3px)}\n.uagb-block-e6f939b3.wp-block-uagb-image--layout-default figure img{box-shadow: 0px 0px 0 #00000070;}.uagb-block-e6f939b3.wp-block-uagb-image .wp-block-uagb-image__figure figcaption{font-style: normal;align-self: center;}.uagb-block-e6f939b3.wp-block-uagb-image--layout-overlay figure img{box-shadow: 0px 0px 0 #00000070;}.uagb-block-e6f939b3.wp-block-uagb-image--layout-overlay .wp-block-uagb-image--layout-overlay__color-wrapper{opacity: 0.2;}.uagb-block-e6f939b3.wp-block-uagb-image--layout-overlay .wp-block-uagb-image--layout-overlay__inner{left: 15px;right: 15px;top: 15px;bottom: 15px;}.uagb-block-e6f939b3.wp-block-uagb-image--layout-overlay .wp-block-uagb-image--layout-overlay__inner .uagb-image-heading{font-style: normal;color: #fff;opacity: 1;}.uagb-block-e6f939b3.wp-block-uagb-image--layout-overlay .wp-block-uagb-image--layout-overlay__inner .uagb-image-heading a{color: #fff;}.uagb-block-e6f939b3.wp-block-uagb-image--layout-overlay .wp-block-uagb-image--layout-overlay__inner .uagb-image-caption{opacity: 0;}.uagb-block-e6f939b3.wp-block-uagb-image--layout-overlay .wp-block-uagb-image__figure:hover .wp-block-uagb-image--layout-overlay__color-wrapper{opacity: 1;}.uagb-block-e6f939b3.wp-block-uagb-image .wp-block-uagb-image--layout-overlay__inner .uagb-image-separator{width: 30%;border-top-width: 2px;border-top-color: #fff;opacity: 0;}.uagb-block-e6f939b3.wp-block-uagb-image .wp-block-uagb-image__figure img{width: px;height: auto;}.uagb-block-e6f939b3.wp-block-uagb-image .wp-block-uagb-image__figure:hover .wp-block-uagb-image--layout-overlay__inner .uagb-image-caption{opacity: 1;}.uagb-block-e6f939b3.wp-block-uagb-image .wp-block-uagb-image__figure:hover .wp-block-uagb-image--layout-overlay__inner .uagb-image-separator{opacity: 1;}.uagb-block-e6f939b3.wp-block-uagb-image--layout-default figure:hover img{box-shadow: 0px 0px 0 #00000070;}.uagb-block-e6f939b3.wp-block-uagb-image--layout-overlay figure:hover img{box-shadow: 0px 0px 0 #00000070;}@media only screen and (max-width: 976px) {.uagb-block-e6f939b3.wp-block-uagb-image .wp-block-uagb-image__figure img{width: px;height: auto;}}@media only screen and (max-width: 767px) {.uagb-block-e6f939b3.wp-block-uagb-image .wp-block-uagb-image__figure img{width: px;height: auto;}}\";s:2:\"js\";s:0:\"\";s:18:\"current_block_list\";a:13:{i:0;s:11:\"core\/search\";i:1;s:10:\"core\/group\";i:2;s:12:\"core\/heading\";i:3;s:17:\"core\/latest-posts\";i:4;s:20:\"core\/latest-comments\";i:5;s:13:\"core\/archives\";i:6;s:15:\"core\/categories\";i:7;s:14:\"core\/paragraph\";i:8;s:10:\"uagb\/image\";i:9;s:11:\"core\/spacer\";i:10;s:30:\"woocommerce\/product-categories\";i:11;s:10:\"core\/image\";i:12;s:14:\"core\/shortcode\";}s:8:\"uag_flag\";b:1;s:11:\"uag_version\";s:10:\"1776759962\";s:6:\"gfonts\";a:0:{}s:10:\"gfonts_url\";s:0:\"\";s:12:\"gfonts_files\";a:0:{}s:14:\"uag_faq_layout\";b:0;}"]},"uagb_featured_image_src":{"full":["https:\/\/www.noleaky.com\/wp-content\/uploads\/2025\/06\/2.m.Engine-Decarbonizer_NoLeaky_4000x4000_4a95b712-bcad-4b18-b63b-b0f76c8b6981.png",2560,2560,false],"thumbnail":["https:\/\/www.noleaky.com\/wp-content\/uploads\/2025\/06\/2.m.Engine-Decarbonizer_NoLeaky_4000x4000_4a95b712-bcad-4b18-b63b-b0f76c8b6981-150x150.png",150,150,true],"medium":["https:\/\/www.noleaky.com\/wp-content\/uploads\/2025\/06\/2.m.Engine-Decarbonizer_NoLeaky_4000x4000_4a95b712-bcad-4b18-b63b-b0f76c8b6981-300x300.png",300,300,true],"medium_large":["https:\/\/www.noleaky.com\/wp-content\/uploads\/2025\/06\/2.m.Engine-Decarbonizer_NoLeaky_4000x4000_4a95b712-bcad-4b18-b63b-b0f76c8b6981-768x768.png",768,768,true],"large":["https:\/\/www.noleaky.com\/wp-content\/uploads\/2025\/06\/2.m.Engine-Decarbonizer_NoLeaky_4000x4000_4a95b712-bcad-4b18-b63b-b0f76c8b6981-1024x1024.png",1024,1024,true],"1536x1536":["https:\/\/www.noleaky.com\/wp-content\/uploads\/2025\/06\/2.m.Engine-Decarbonizer_NoLeaky_4000x4000_4a95b712-bcad-4b18-b63b-b0f76c8b6981-1536x1536.png",1536,1536,true],"2048x2048":["https:\/\/www.noleaky.com\/wp-content\/uploads\/2025\/06\/2.m.Engine-Decarbonizer_NoLeaky_4000x4000_4a95b712-bcad-4b18-b63b-b0f76c8b6981-2048x2048.png",2048,2048,true],"trp-custom-language-flag":["https:\/\/www.noleaky.com\/wp-content\/uploads\/2025\/06\/2.m.Engine-Decarbonizer_NoLeaky_4000x4000_4a95b712-bcad-4b18-b63b-b0f76c8b6981-12x12.png",12,12,true],"woocommerce_thumbnail":["https:\/\/www.noleaky.com\/wp-content\/uploads\/2025\/06\/2.m.Engine-Decarbonizer_NoLeaky_4000x4000_4a95b712-bcad-4b18-b63b-b0f76c8b6981-300x300.png",300,300,true],"woocommerce_single":["https:\/\/www.noleaky.com\/wp-content\/uploads\/2025\/06\/2.m.Engine-Decarbonizer_NoLeaky_4000x4000_4a95b712-bcad-4b18-b63b-b0f76c8b6981-600x600.png",600,600,true],"woocommerce_gallery_thumbnail":["https:\/\/www.noleaky.com\/wp-content\/uploads\/2025\/06\/2.m.Engine-Decarbonizer_NoLeaky_4000x4000_4a95b712-bcad-4b18-b63b-b0f76c8b6981-100x100.png",100,100,true]},"uagb_author_info":{"display_name":"admin","author_link":"https:\/\/www.noleaky.com\/ro\/author\/"},"uagb_comment_info":86,"uagb_excerpt":"Restores engine performance and power from the very first use. Our engine decarbonizer is specially formulated to remove harmful carbon deposits that build up inside the combustion chamber, intake valves, injectors, and exhaust system. By eliminating these residues, it helps your engine breathe better, operate more smoothly, and recover lost power and responsiveness. The most&hellip;","_links":{"self":[{"href":"https:\/\/www.noleaky.com\/ro\/wp-json\/wp\/v2\/product\/22987","targetHints":{"allow":["GET"]}}],"collection":[{"href":"https:\/\/www.noleaky.com\/ro\/wp-json\/wp\/v2\/product"}],"about":[{"href":"https:\/\/www.noleaky.com\/ro\/wp-json\/wp\/v2\/types\/product"}],"replies":[{"embeddable":true,"href":"https:\/\/www.noleaky.com\/ro\/wp-json\/wp\/v2\/comments?post=22987"}],"version-history":[{"count":4,"href":"https:\/\/www.noleaky.com\/ro\/wp-json\/wp\/v2\/product\/22987\/revisions"}],"predecessor-version":[{"id":33283,"href":"https:\/\/www.noleaky.com\/ro\/wp-json\/wp\/v2\/product\/22987\/revisions\/33283"}],"wp:featuredmedia":[{"embeddable":true,"href":"https:\/\/www.noleaky.com\/ro\/wp-json\/wp\/v2\/media\/23039"}],"wp:attachment":[{"href":"https:\/\/www.noleaky.com\/ro\/wp-json\/wp\/v2\/media?parent=22987"}],"wp:term":[{"taxonomy":"product_brand","embeddable":true,"href":"https:\/\/www.noleaky.com\/ro\/wp-json\/wp\/v2\/product_brand?post=22987"},{"taxonomy":"product_cat","embeddable":true,"href":"https:\/\/www.noleaky.com\/ro\/wp-json\/wp\/v2\/product_cat?post=22987"},{"taxonomy":"product_tag","embeddable":true,"href":"https:\/\/www.noleaky.com\/ro\/wp-json\/wp\/v2\/product_tag?post=22987"}],"curies":[{"name":"wp","href":"https:\/\/api.w.org\/{rel}","templated":true}]}}