{"id":22985,"date":"2025-06-02T15:48:58","date_gmt":"2025-06-02T13:48:58","guid":{"rendered":"https:\/\/www.noleaky.com\/products\/diesel-particulate-filter-and-turbo-cleaner\/"},"modified":"2026-03-01T17:05:42","modified_gmt":"2026-03-01T16:05:42","slug":"diesel-particulate-filter-and-turbo-cleaner","status":"publish","type":"product","link":"https:\/\/www.noleaky.com\/ro\/products\/diesel-particulate-filter-and-turbo-cleaner\/","title":{"rendered":"Cur\u0103\u021b\u0103tor filtru de particule \u0219i turbin\u0103"},"content":{"rendered":"<p><strong><img decoding=\"async\" style=\"margin-right: 12px;\" src=\"https:\/\/www.noleaky.com\/wp-content\/uploads\/2026\/02\/Check.svg\" alt=\"\" width=\"18\" height=\"15\" \/>Cur\u0103\u021b\u0103 \u00een profunzime filtrul de particule diesel \u0219i turbocompresorul \u00eentr-un singur tratament.<\/strong> Produsul nostru de cur\u0103\u021bare pentru filtrul de particule diesel \u0219i turbocompresor este special formulat pentru a \u00eendep\u0103rta funinginea, depunerile de carbon \u0219i reziduurile de ardere care se acumuleaz\u0103 \u00een filtrul de particule diesel \u0219i \u00een sistemul turbo. Acesta ac\u021bioneaz\u0103 prin sistemul de alimentare pentru a cur\u0103\u021ba progresiv componentele critice \u00een timp ce conduce\u021bi, restabilind fluxul de aer \u0219i eficien\u021ba motorului f\u0103r\u0103 dezmembrare.<\/p>\n<p><strong><img decoding=\"async\" style=\"margin-right: 12px;\" src=\"https:\/\/www.noleaky.com\/wp-content\/uploads\/2026\/02\/Check.svg\" alt=\"\" width=\"18\" height=\"15\" \/>Cea mai eficient\u0103 solu\u021bie de cur\u0103\u021bare a filtrului de particule diesel \u0219i a turbocompresorului de pe pia\u021b\u0103.<\/strong> Datorit\u0103 tehnologiei sale avansate catalitice \u0219i detergente, aceast\u0103 formul\u0103 scade activ temperatura de ardere a funinginii \u0219i dizolv\u0103 depunerile \u00eenc\u0103p\u0103\u021b\u00e2nate mai rapid dec\u00e2t aditivii conven\u021bionali. Sus\u021bine regenerarea optim\u0103 a filtrului de particule \u0219i \u00eembun\u0103t\u0103\u021be\u0219te performan\u021ba turbo pentru rezultate vizibile \u0219i m\u0103surabile.<\/p>\n<p><strong><img decoding=\"async\" style=\"margin-right: 12px;\" src=\"https:\/\/www.noleaky.com\/wp-content\/uploads\/2026\/02\/Check.svg\" alt=\"\" width=\"18\" height=\"15\" \/>Cea mai ieftin\u0103 solu\u021bie de nivel profesional disponibil\u0103.<\/strong> Oferim performan\u021b\u0103 de cur\u0103\u021bare la nivel de atelier la cel mai competitiv pre\u021b. \u00cen loc s\u0103 pl\u0103ti\u021bi pentru regenerarea for\u021bat\u0103 costisitoare sau dezasamblarea mecanic\u0103, pute\u021bi restabili eficien\u021ba sistemului la o frac\u021biune din cost.<\/p>\n<p><strong><img decoding=\"async\" style=\"margin-right: 12px;\" src=\"https:\/\/www.noleaky.com\/wp-content\/uploads\/2026\/02\/Check.svg\" alt=\"\" width=\"18\" height=\"15\" \/>Livrare \u00een 24 de ore pentru a minimiza timpul de inactivitate al vehiculului.<\/strong> Garant\u0103m livrarea \u00een 24 de ore, astfel \u00eenc\u00e2t s\u0103 pute\u021bi aborda rapid luminile de avertizare, puterea redus\u0103 sau problemele de regenerare. Livrarea rapid\u0103 v\u0103 asigur\u0103 c\u0103 pute\u021bi ac\u021biona imediat \u0219i pute\u021bi evita problemele de performan\u021b\u0103 prelungite.<\/p>\n<p><strong><img decoding=\"async\" style=\"margin-right: 12px;\" src=\"https:\/\/www.noleaky.com\/wp-content\/uploads\/2026\/02\/Check.svg\" alt=\"\" width=\"18\" height=\"15\" \/>Garan\u021bie de bani \u00eenapoi pentru \u00eencredere total\u0103.<\/strong> Oferim o garan\u021bie complet\u0103 de returnare a banilor. Dac\u0103 nu sunte\u021bi complet mul\u021bumit de performan\u021ba filtrului nostru de particule diesel \u0219i a cur\u0103\u021b\u0103torului de turbocompresor, v\u0103 vom rambursa achizi\u021bia. Comanda dvs. este complet lipsit\u0103 de riscuri.<\/p>\n<p><strong><img decoding=\"async\" style=\"margin-right: 12px;\" src=\"https:\/\/www.noleaky.com\/wp-content\/uploads\/2026\/02\/Check.svg\" alt=\"\" width=\"18\" height=\"15\" \/>Reface puterea \u0219i accelera\u021bia motorului.<\/strong> Un filtru de particule diesel \u00eenfundat \u0219i un turbo restric\u021bionat de carbon reduc fluxul de aer \u0219i r\u0103spunsul motorului. Prin cur\u0103\u021barea ambelor sisteme, produsul nostru ajut\u0103 la restabilirea puterii pierdute, la o accelera\u021bie mai lin\u0103 \u0219i la \u00eembun\u0103t\u0103\u021birea manevrabilit\u0103\u021bii generale.<\/p>\n<p><strong><img decoding=\"async\" style=\"margin-right: 12px;\" src=\"https:\/\/www.noleaky.com\/wp-content\/uploads\/2026\/02\/Check.svg\" alt=\"\" width=\"18\" height=\"15\" \/>Sprijin\u0103 regenerarea corect\u0103 a filtrului de particule diesel \u0219i previne \u00eenfundarea.<\/strong> Formula ajut\u0103 la reducerea temperaturii de aprindere a funinginii, permi\u021b\u00e2nd cicluri de regenerare pasiv\u0103 \u0219i activ\u0103 mai eficiente. Acest lucru previne blocarea prematur\u0103 \u0219i reduce frecven\u021ba luminilor de avertizare.<\/p>\n<p><strong><img decoding=\"async\" style=\"margin-right: 12px;\" src=\"https:\/\/www.noleaky.com\/wp-content\/uploads\/2026\/02\/Check.svg\" alt=\"\" width=\"18\" height=\"15\" \/>\u00cembun\u0103t\u0103\u021be\u0219te eficien\u021ba combustibilului \u0219i reduce consumul.<\/strong> Arderea mai curat\u0103 \u0219i fluxul \u00eembun\u0103t\u0103\u021bit al gazelor de evacuare permit motorului s\u0103 func\u021bioneze mai eficient, ceea ce poate contribui la reducerea consumului de combustibil \u00een timp.<\/p>\n<p><strong><img decoding=\"async\" style=\"margin-right: 12px;\" src=\"https:\/\/www.noleaky.com\/wp-content\/uploads\/2026\/02\/Check.svg\" alt=\"\" width=\"18\" height=\"15\" \/>Reduce emisiile nocive \u0219i fumul de e\u0219apament.<\/strong> Prin cur\u0103\u021barea acumul\u0103rilor de funingine \u0219i \u00eembun\u0103t\u0103\u021birea calit\u0103\u021bii arderii, produsul contribuie la reducerea emisiilor de particule \u0219i la o evacuare mai curat\u0103.<\/p>\n<p><strong><img decoding=\"async\" style=\"margin-right: 12px;\" src=\"https:\/\/www.noleaky.com\/wp-content\/uploads\/2026\/02\/Check.svg\" alt=\"\" width=\"18\" height=\"15\" \/>Aplicare simpl\u0103 prin turnare \u00een rezervor cu rezultate profesionale.<\/strong> Conceput pentru confort, acest agent de cur\u0103\u021bare se adaug\u0103 direct \u00een rezervorul de combustibil \u0219i func\u021bioneaz\u0103 automat \u00een timpul condusului normal. Nu sunt necesare unelte speciale, nici demontare \u0219i nici proceduri complexe.<\/p>\n<h2><strong>Instruc\u021biuni<\/strong><\/h2>\n<ul>\n<li>Asigura\u021bi-v\u0103 c\u0103 rezervorul de combustibil este la un nivel sc\u0103zut (ideal sub un sfert) \u00eenainte de a ad\u0103uga produsul.<\/li>\n<li>Agita\u021bi bine flaconul \u00eenainte de utilizare.<\/li>\n<li>Turna\u021bi \u00eentregul con\u021binut al sticlei direct \u00een rezervorul de motorin\u0103.<\/li>\n<li>Dup\u0103 ad\u0103ugarea detergentului, umple\u021bi rezervorul cu motorin\u0103 pentru a asigura diluarea \u0219i amestecarea corespunz\u0103toare.<\/li>\n<li>O sticl\u0103 plin\u0103 este potrivit\u0103 pentru un rezervor de combustibil de aproximativ 50 p\u00e2n\u0103 la 70 de litri. Regla\u021bi doza propor\u021bional pentru rezervoare mai mici.<\/li>\n<li>Conduce\u021bi vehiculul timp de cel pu\u021bin 20 p\u00e2n\u0103 la 30 de minute la viteze constante de peste 2.000 rpm, atunci c\u00e2nd este posibil, pentru a promova cur\u0103\u021barea eficient\u0103 \u0219i pentru a favoriza regenerarea filtrului de particule diesel.<\/li>\n<li>Evita\u021bi c\u0103l\u0103toriile scurte \u00een timpul perioadei de tratament pentru a permite sistemului s\u0103 ating\u0103 temperatura optim\u0103 de func\u021bionare.<\/li>\n<li>\u00cen cazul \u00een care lumina de avertizare DPF este aprins\u0103 din cauza colmat\u0103rii abundente, se poate efectua un al doilea tratament dup\u0103 ce primul rezervor tratat a fost consumat.<\/li>\n<li>Pentru \u00eentre\u021binerea preventiv\u0103, utiliza\u021bi produsul la fiecare 8.000 - 15.000 km, \u00een func\u021bie de condi\u021biile de condus.<\/li>\n<li>Nu dep\u0103\u0219i\u021bi doza recomandat\u0103 \u0219i depozita\u021bi produsul \u00eentr-un loc r\u0103coros, uscat, departe de lumina direct\u0103 a soarelui \u0219i de sursele de c\u0103ldur\u0103.<\/li>\n<\/ul>","protected":false},"excerpt":{"rendered":"<p>Deeply cleans the diesel particulate filter and turbocharger in one single treatment. Our diesel particulate filter and turbocharger cleaner is specially formulated to remove soot, carbon deposits, and combustion residues that accumulate in the diesel particulate filter and turbo system. It works through the fuel system to clean critical components progressively while you drive, restoring [&hellip;]<\/p>\n","protected":false},"featured_media":23035,"comment_status":"open","ping_status":"closed","template":"","meta":{"_uag_custom_page_level_css":"","site-sidebar-layout":"default","site-content-layout":"","ast-site-content-layout":"default","site-content-style":"default","site-sidebar-style":"default","ast-global-header-display":"","ast-banner-title-visibility":"","ast-main-header-display":"","ast-hfb-above-header-display":"","ast-hfb-below-header-display":"","ast-hfb-mobile-header-display":"","site-post-title":"","ast-breadcrumbs-content":"","ast-featured-img":"","footer-sml-layout":"","ast-disable-related-posts":"","theme-transparent-header-meta":"default","adv-header-id-meta":"","stick-header-meta":"","header-above-stick-meta":"","header-main-stick-meta":"","header-below-stick-meta":"","astra-migrate-meta-layouts":"set","ast-page-background-enabled":"default","ast-page-background-meta":{"desktop":{"background-color":"var(--ast-global-color-4)","background-image":"","background-repeat":"repeat","background-position":"center center","background-size":"auto","background-attachment":"scroll","background-type":"","background-media":"","overlay-type":"","overlay-color":"","overlay-opacity":"","overlay-gradient":""},"tablet":{"background-color":"","background-image":"","background-repeat":"repeat","background-position":"center center","background-size":"auto","background-attachment":"scroll","background-type":"","background-media":"","overlay-type":"","overlay-color":"","overlay-opacity":"","overlay-gradient":""},"mobile":{"background-color":"","background-image":"","background-repeat":"repeat","background-position":"center center","background-size":"auto","background-attachment":"scroll","background-type":"","background-media":"","overlay-type":"","overlay-color":"","overlay-opacity":"","overlay-gradient":""}},"ast-content-background-meta":{"desktop":{"background-color":"var(--ast-global-color-5)","background-image":"","background-repeat":"repeat","background-position":"center center","background-size":"auto","background-attachment":"scroll","background-type":"","background-media":"","overlay-type":"","overlay-color":"","overlay-opacity":"","overlay-gradient":""},"tablet":{"background-color":"var(--ast-global-color-5)","background-image":"","background-repeat":"repeat","background-position":"center center","background-size":"auto","background-attachment":"scroll","background-type":"","background-media":"","overlay-type":"","overlay-color":"","overlay-opacity":"","overlay-gradient":""},"mobile":{"background-color":"var(--ast-global-color-5)","background-image":"","background-repeat":"repeat","background-position":"center center","background-size":"auto","background-attachment":"scroll","background-type":"","background-media":"","overlay-type":"","overlay-color":"","overlay-opacity":"","overlay-gradient":""}}},"product_brand":[],"product_cat":[176],"product_tag":[],"class_list":{"0":"post-22985","1":"product","2":"type-product","3":"status-publish","4":"has-post-thumbnail","6":"product_cat-automotive","7":"desktop-align-left","8":"tablet-align-left","9":"mobile-align-left","11":"first","12":"instock","13":"shipping-taxable","14":"purchasable","15":"product-type-simple"},"spectra_custom_meta":{"_visibility":["visible"],"_shopify_product_id":["7960299241692"],"_s2w_shopify_domain":["noleaky.myshopify.com"],"_shopify_variant_id":["43735152034012"],"_sku":["NLDIESELPARTICULATEFILTERTURBOCLEANER"],"_regular_price":["19.90"],"_price":["19.90"],"_sale_price":[""],"_weight":["0.35"],"_thumbnail_id":["23035"],"_global_unique_id":["5056773800649"],"total_sales":["250"],"_tax_status":["taxable"],"_tax_class":[""],"_manage_stock":["no"],"_backorders":["no"],"_sold_individually":["no"],"_virtual":["no"],"_downloadable":["no"],"_download_limit":["-1"],"_download_expiry":["-1"],"_stock":[null],"_stock_status":["instock"],"_wc_average_rating":["4.96"],"_wc_review_count":["72"],"_product_version":["10.5.2"],"_edit_lock":["1772381039:1"],"merchant-center-availability":["yes"],"merchant-center-category":["2788"],"merchant-center-id":["DPFTC"],"_edit_last":["1"],"_wp_page_template":["default"],"site-sidebar-layout":["default"],"ast-site-content-layout":["default"],"site-content-style":["default"],"site-sidebar-style":["default"],"theme-transparent-header-meta":["default"],"_wc_rating_count":["a:2:{i:4;i:3;i:5;i:69;}"],"_upsell_ids":["a:3:{i:0;i:22975;i:1;i:22986;i:2;i:23011;}"],"_crosssell_ids":["a:3:{i:0;i:22975;i:1;i:22986;i:2;i:23011;}"],"astra-migrate-meta-layouts":["set"],"_uag_css_file_name":["uag-css-22985.css"],"_elementor_page_assets":["a:0:{}"],"_uag_page_assets":["a:9:{s:3:\"css\";s:6893:\".wp-block-uagb-image{display:flex}.wp-block-uagb-image__figure{position:relative;display:flex;flex-direction:column;max-width:100%;height:auto;margin:0}.wp-block-uagb-image__figure img{height:auto;display:flex;max-width:100%;transition:box-shadow 0.2s ease}.wp-block-uagb-image__figure>a{display:inline-block}.wp-block-uagb-image__figure figcaption{text-align:center;margin-top:0.5em;margin-bottom:1em}.wp-block-uagb-image .components-placeholder.block-editor-media-placeholder .components-placeholder__instructions{align-self:center}.wp-block-uagb-image--align-left{text-align:left}.wp-block-uagb-image--align-right{text-align:right}.wp-block-uagb-image--align-center{text-align:center}.wp-block-uagb-image--align-full .wp-block-uagb-image__figure{margin-left:calc(50% - 50vw);margin-right:calc(50% - 50vw);max-width:100vw;width:100vw;height:auto}.wp-block-uagb-image--align-full .wp-block-uagb-image__figure img{height:auto;width:100% !important}.wp-block-uagb-image--align-wide .wp-block-uagb-image__figure img{height:auto;width:100%}.wp-block-uagb-image--layout-overlay__color-wrapper{position:absolute;left:0;top:0;right:0;bottom:0;opacity:0.2;background:rgba(0,0,0,0.5);transition:opacity 0.35s ease-in-out}.wp-block-uagb-image--layout-overlay-link{position:absolute;left:0;right:0;bottom:0;top:0}.wp-block-uagb-image--layout-overlay .wp-block-uagb-image__figure:hover .wp-block-uagb-image--layout-overlay__color-wrapper{opacity:1}.wp-block-uagb-image--layout-overlay__inner{position:absolute;left:15px;right:15px;bottom:15px;top:15px;display:flex;align-items:center;justify-content:center;flex-direction:column;border-color:#fff;transition:0.35s ease-in-out}.wp-block-uagb-image--layout-overlay__inner.top-left,.wp-block-uagb-image--layout-overlay__inner.top-center,.wp-block-uagb-image--layout-overlay__inner.top-right{justify-content:flex-start}.wp-block-uagb-image--layout-overlay__inner.bottom-left,.wp-block-uagb-image--layout-overlay__inner.bottom-center,.wp-block-uagb-image--layout-overlay__inner.bottom-right{justify-content:flex-end}.wp-block-uagb-image--layout-overlay__inner.top-left,.wp-block-uagb-image--layout-overlay__inner.center-left,.wp-block-uagb-image--layout-overlay__inner.bottom-left{align-items:flex-start}.wp-block-uagb-image--layout-overlay__inner.top-right,.wp-block-uagb-image--layout-overlay__inner.center-right,.wp-block-uagb-image--layout-overlay__inner.bottom-right{align-items:flex-end}.wp-block-uagb-image--layout-overlay__inner .uagb-image-heading{color:#fff;transition:transform 0.35s, opacity 0.35s ease-in-out;transform:translate3d(0, 24px, 0);margin:0;line-height:1em}.wp-block-uagb-image--layout-overlay__inner .uagb-image-separator{width:30%;border-top-width:2px;border-top-color:#fff;border-top-style:solid;margin-bottom:10px;opacity:0;transition:transform 0.4s, opacity 0.4s ease-in-out;transform:translate3d(0, 30px, 0)}.wp-block-uagb-image--layout-overlay__inner .uagb-image-caption{opacity:0;overflow:visible;color:#fff;transition:transform 0.45s, opacity 0.45s ease-in-out;transform:translate3d(0, 35px, 0)}.wp-block-uagb-image--layout-overlay__inner:hover .uagb-image-heading,.wp-block-uagb-image--layout-overlay__inner:hover .uagb-image-separator,.wp-block-uagb-image--layout-overlay__inner:hover .uagb-image-caption{opacity:1;transform:translate3d(0, 0, 0)}.wp-block-uagb-image--effect-zoomin .wp-block-uagb-image__figure img,.wp-block-uagb-image--effect-zoomin .wp-block-uagb-image__figure .wp-block-uagb-image--layout-overlay__color-wrapper{transform:scale(1);transition:transform 0.35s ease-in-out}.wp-block-uagb-image--effect-zoomin .wp-block-uagb-image__figure:hover img,.wp-block-uagb-image--effect-zoomin .wp-block-uagb-image__figure:hover .wp-block-uagb-image--layout-overlay__color-wrapper{transform:scale(1.05)}.wp-block-uagb-image--effect-slide .wp-block-uagb-image__figure img,.wp-block-uagb-image--effect-slide .wp-block-uagb-image__figure .wp-block-uagb-image--layout-overlay__color-wrapper{width:calc(100% + 40px) !important;max-width:none !important;transform:translate3d(-40px, 0, 0);transition:transform 0.35s ease-in-out}.wp-block-uagb-image--effect-slide .wp-block-uagb-image__figure:hover img,.wp-block-uagb-image--effect-slide .wp-block-uagb-image__figure:hover .wp-block-uagb-image--layout-overlay__color-wrapper{transform:translate3d(0, 0, 0)}.wp-block-uagb-image--effect-grayscale img{filter:grayscale(0%);transition:0.35s ease-in-out}.wp-block-uagb-image--effect-grayscale:hover img{filter:grayscale(100%)}.wp-block-uagb-image--effect-blur img{filter:blur(0);transition:0.35s ease-in-out}.wp-block-uagb-image--effect-blur:hover img{filter:blur(3px)}\n.uagb-block-e6f939b3.wp-block-uagb-image--layout-default figure img{box-shadow: 0px 0px 0 #00000070;}.uagb-block-e6f939b3.wp-block-uagb-image .wp-block-uagb-image__figure figcaption{font-style: normal;align-self: center;}.uagb-block-e6f939b3.wp-block-uagb-image--layout-overlay figure img{box-shadow: 0px 0px 0 #00000070;}.uagb-block-e6f939b3.wp-block-uagb-image--layout-overlay .wp-block-uagb-image--layout-overlay__color-wrapper{opacity: 0.2;}.uagb-block-e6f939b3.wp-block-uagb-image--layout-overlay .wp-block-uagb-image--layout-overlay__inner{left: 15px;right: 15px;top: 15px;bottom: 15px;}.uagb-block-e6f939b3.wp-block-uagb-image--layout-overlay .wp-block-uagb-image--layout-overlay__inner .uagb-image-heading{font-style: normal;color: #fff;opacity: 1;}.uagb-block-e6f939b3.wp-block-uagb-image--layout-overlay .wp-block-uagb-image--layout-overlay__inner .uagb-image-heading a{color: #fff;}.uagb-block-e6f939b3.wp-block-uagb-image--layout-overlay .wp-block-uagb-image--layout-overlay__inner .uagb-image-caption{opacity: 0;}.uagb-block-e6f939b3.wp-block-uagb-image--layout-overlay .wp-block-uagb-image__figure:hover .wp-block-uagb-image--layout-overlay__color-wrapper{opacity: 1;}.uagb-block-e6f939b3.wp-block-uagb-image .wp-block-uagb-image--layout-overlay__inner .uagb-image-separator{width: 30%;border-top-width: 2px;border-top-color: #fff;opacity: 0;}.uagb-block-e6f939b3.wp-block-uagb-image .wp-block-uagb-image__figure img{width: px;height: auto;}.uagb-block-e6f939b3.wp-block-uagb-image .wp-block-uagb-image__figure:hover .wp-block-uagb-image--layout-overlay__inner .uagb-image-caption{opacity: 1;}.uagb-block-e6f939b3.wp-block-uagb-image .wp-block-uagb-image__figure:hover .wp-block-uagb-image--layout-overlay__inner .uagb-image-separator{opacity: 1;}.uagb-block-e6f939b3.wp-block-uagb-image--layout-default figure:hover img{box-shadow: 0px 0px 0 #00000070;}.uagb-block-e6f939b3.wp-block-uagb-image--layout-overlay figure:hover img{box-shadow: 0px 0px 0 #00000070;}@media only screen and (max-width: 976px) {.uagb-block-e6f939b3.wp-block-uagb-image .wp-block-uagb-image__figure img{width: px;height: auto;}}@media only screen and (max-width: 767px) {.uagb-block-e6f939b3.wp-block-uagb-image .wp-block-uagb-image__figure img{width: px;height: auto;}}\";s:2:\"js\";s:0:\"\";s:18:\"current_block_list\";a:13:{i:0;s:11:\"core\/search\";i:1;s:10:\"core\/group\";i:2;s:12:\"core\/heading\";i:3;s:17:\"core\/latest-posts\";i:4;s:20:\"core\/latest-comments\";i:5;s:13:\"core\/archives\";i:6;s:15:\"core\/categories\";i:7;s:14:\"core\/paragraph\";i:8;s:10:\"uagb\/image\";i:9;s:11:\"core\/spacer\";i:10;s:30:\"woocommerce\/product-categories\";i:11;s:10:\"core\/image\";i:12;s:14:\"core\/shortcode\";}s:8:\"uag_flag\";b:1;s:11:\"uag_version\";s:10:\"1776746291\";s:6:\"gfonts\";a:0:{}s:10:\"gfonts_url\";s:0:\"\";s:12:\"gfonts_files\";a:0:{}s:14:\"uag_faq_layout\";b:0;}"]},"uagb_featured_image_src":{"full":["https:\/\/www.noleaky.com\/wp-content\/uploads\/2025\/06\/2.f.Particulate-filter-_-turbo-cleaner_4000x4000_7a6e58d8-cefd-4b95-9bed-681dabdf47fb.png",2560,2560,false],"thumbnail":["https:\/\/www.noleaky.com\/wp-content\/uploads\/2025\/06\/2.f.Particulate-filter-_-turbo-cleaner_4000x4000_7a6e58d8-cefd-4b95-9bed-681dabdf47fb-150x150.png",150,150,true],"medium":["https:\/\/www.noleaky.com\/wp-content\/uploads\/2025\/06\/2.f.Particulate-filter-_-turbo-cleaner_4000x4000_7a6e58d8-cefd-4b95-9bed-681dabdf47fb-300x300.png",300,300,true],"medium_large":["https:\/\/www.noleaky.com\/wp-content\/uploads\/2025\/06\/2.f.Particulate-filter-_-turbo-cleaner_4000x4000_7a6e58d8-cefd-4b95-9bed-681dabdf47fb-768x768.png",768,768,true],"large":["https:\/\/www.noleaky.com\/wp-content\/uploads\/2025\/06\/2.f.Particulate-filter-_-turbo-cleaner_4000x4000_7a6e58d8-cefd-4b95-9bed-681dabdf47fb-1024x1024.png",1024,1024,true],"1536x1536":["https:\/\/www.noleaky.com\/wp-content\/uploads\/2025\/06\/2.f.Particulate-filter-_-turbo-cleaner_4000x4000_7a6e58d8-cefd-4b95-9bed-681dabdf47fb-1536x1536.png",1536,1536,true],"2048x2048":["https:\/\/www.noleaky.com\/wp-content\/uploads\/2025\/06\/2.f.Particulate-filter-_-turbo-cleaner_4000x4000_7a6e58d8-cefd-4b95-9bed-681dabdf47fb-2048x2048.png",2048,2048,true],"trp-custom-language-flag":["https:\/\/www.noleaky.com\/wp-content\/uploads\/2025\/06\/2.f.Particulate-filter-_-turbo-cleaner_4000x4000_7a6e58d8-cefd-4b95-9bed-681dabdf47fb-12x12.png",12,12,true],"woocommerce_thumbnail":["https:\/\/www.noleaky.com\/wp-content\/uploads\/2025\/06\/2.f.Particulate-filter-_-turbo-cleaner_4000x4000_7a6e58d8-cefd-4b95-9bed-681dabdf47fb-300x300.png",300,300,true],"woocommerce_single":["https:\/\/www.noleaky.com\/wp-content\/uploads\/2025\/06\/2.f.Particulate-filter-_-turbo-cleaner_4000x4000_7a6e58d8-cefd-4b95-9bed-681dabdf47fb-600x600.png",600,600,true],"woocommerce_gallery_thumbnail":["https:\/\/www.noleaky.com\/wp-content\/uploads\/2025\/06\/2.f.Particulate-filter-_-turbo-cleaner_4000x4000_7a6e58d8-cefd-4b95-9bed-681dabdf47fb-100x100.png",100,100,true]},"uagb_author_info":{"display_name":"admin","author_link":"https:\/\/www.noleaky.com\/ro\/author\/"},"uagb_comment_info":72,"uagb_excerpt":"Deeply cleans the diesel particulate filter and turbocharger in one single treatment. Our diesel particulate filter and turbocharger cleaner is specially formulated to remove soot, carbon deposits, and combustion residues that accumulate in the diesel particulate filter and turbo system. It works through the fuel system to clean critical components progressively while you drive, restoring&hellip;","_links":{"self":[{"href":"https:\/\/www.noleaky.com\/ro\/wp-json\/wp\/v2\/product\/22985","targetHints":{"allow":["GET"]}}],"collection":[{"href":"https:\/\/www.noleaky.com\/ro\/wp-json\/wp\/v2\/product"}],"about":[{"href":"https:\/\/www.noleaky.com\/ro\/wp-json\/wp\/v2\/types\/product"}],"replies":[{"embeddable":true,"href":"https:\/\/www.noleaky.com\/ro\/wp-json\/wp\/v2\/comments?post=22985"}],"version-history":[{"count":4,"href":"https:\/\/www.noleaky.com\/ro\/wp-json\/wp\/v2\/product\/22985\/revisions"}],"predecessor-version":[{"id":33295,"href":"https:\/\/www.noleaky.com\/ro\/wp-json\/wp\/v2\/product\/22985\/revisions\/33295"}],"wp:featuredmedia":[{"embeddable":true,"href":"https:\/\/www.noleaky.com\/ro\/wp-json\/wp\/v2\/media\/23035"}],"wp:attachment":[{"href":"https:\/\/www.noleaky.com\/ro\/wp-json\/wp\/v2\/media?parent=22985"}],"wp:term":[{"taxonomy":"product_brand","embeddable":true,"href":"https:\/\/www.noleaky.com\/ro\/wp-json\/wp\/v2\/product_brand?post=22985"},{"taxonomy":"product_cat","embeddable":true,"href":"https:\/\/www.noleaky.com\/ro\/wp-json\/wp\/v2\/product_cat?post=22985"},{"taxonomy":"product_tag","embeddable":true,"href":"https:\/\/www.noleaky.com\/ro\/wp-json\/wp\/v2\/product_tag?post=22985"}],"curies":[{"name":"wp","href":"https:\/\/api.w.org\/{rel}","templated":true}]}}