{"id":23027,"date":"2025-06-02T15:49:28","date_gmt":"2025-06-02T13:49:28","guid":{"rendered":"https:\/\/www.noleaky.com\/products\/superethanol-treatment-e85\/"},"modified":"2026-03-01T14:36:25","modified_gmt":"2026-03-01T13:36:25","slug":"superethanol-treatment-e85","status":"publish","type":"product","link":"https:\/\/www.noleaky.com\/pt\/products\/superethanol-treatment-e85\/","title":{"rendered":"Tratamento para superetanol"},"content":{"rendered":"<p><strong><img decoding=\"async\" style=\"margin-right: 12px;\" src=\"https:\/\/www.noleaky.com\/wp-content\/uploads\/2026\/02\/Check.svg\" alt=\"\" width=\"18\" height=\"15\" \/>Optimiza o desempenho do motor em ve\u00edculos que funcionam com combust\u00edvel superetanol.<\/strong> O nosso tratamento com superetanol foi especialmente desenvolvido para melhorar a efici\u00eancia da combust\u00e3o e a estabilidade do motor em ve\u00edculos que utilizam combust\u00edveis com elevado teor de etanol, como o E85. Melhora a qualidade da igni\u00e7\u00e3o, reduz a combust\u00e3o irregular e suporta um funcionamento mais suave do motor, mesmo em condi\u00e7\u00f5es de condu\u00e7\u00e3o exigentes.<\/p>\n<p><strong><img decoding=\"async\" style=\"margin-right: 12px;\" src=\"https:\/\/www.noleaky.com\/wp-content\/uploads\/2026\/02\/Check.svg\" alt=\"\" width=\"18\" height=\"15\" \/>A f\u00f3rmula mais eficaz para proteger os sistemas de combust\u00edvel expostos ao etanol.<\/strong> Os combust\u00edveis \u00e0 base de etanol podem atrair humidade e causar corros\u00e3o no interior do sistema de combust\u00edvel. O nosso tratamento avan\u00e7ado \u00e9 a solu\u00e7\u00e3o mais eficaz para estabilizar o combust\u00edvel, reduzir os problemas relacionados com a \u00e1gua e proteger os injectores, as bombas de combust\u00edvel e os componentes internos do motor contra o desgaste prematuro e os dep\u00f3sitos.<\/p>\n<p><strong><img decoding=\"async\" style=\"margin-right: 12px;\" src=\"https:\/\/www.noleaky.com\/wp-content\/uploads\/2026\/02\/Check.svg\" alt=\"\" width=\"18\" height=\"15\" \/>O aditivo de alto rendimento mais barato do mercado.<\/strong> Oferecemos prote\u00e7\u00e3o de superetanol de n\u00edvel profissional ao pre\u00e7o mais competitivo. O nosso produto \u00e9 a solu\u00e7\u00e3o mais barata da sua categoria, ao mesmo tempo que proporciona uma efici\u00eancia superior, permitindo aos condutores manterem os seus ve\u00edculos corretamente sem aumentar os custos operacionais.<\/p>\n<p><strong><img decoding=\"async\" style=\"margin-right: 12px;\" src=\"https:\/\/www.noleaky.com\/wp-content\/uploads\/2026\/02\/Check.svg\" alt=\"\" width=\"18\" height=\"15\" \/>Entrega garantida 24 horas por dia para um tratamento imediato do motor.<\/strong> Os problemas relacionados com o combust\u00edvel n\u00e3o devem esperar. \u00c9 por isso que garantimos a entrega 24 horas por dia, assegurando que pode adicionar rapidamente o tratamento ao seu dep\u00f3sito e manter o desempenho ideal do motor sem demora.<\/p>\n<p><strong><img decoding=\"async\" style=\"margin-right: 12px;\" src=\"https:\/\/www.noleaky.com\/wp-content\/uploads\/2026\/02\/Check.svg\" alt=\"\" width=\"18\" height=\"15\" \/>Garantia de devolu\u00e7\u00e3o do dinheiro para uma tranquilidade total.<\/strong> Garantimos plenamente a efic\u00e1cia do nosso tratamento com superetanol. Se n\u00e3o ficar satisfeito com os resultados, oferecemos uma garantia de devolu\u00e7\u00e3o do dinheiro. Basta contactar-nos e reembolsaremos a sua compra, tornando o seu investimento totalmente isento de riscos.<\/p>\n<p><strong><img decoding=\"async\" style=\"margin-right: 12px;\" src=\"https:\/\/www.noleaky.com\/wp-content\/uploads\/2026\/02\/Check.svg\" alt=\"\" width=\"18\" height=\"15\" \/>Melhora a combust\u00e3o e a efici\u00eancia do combust\u00edvel.<\/strong> Ao otimizar o processo de combust\u00e3o dos combust\u00edveis ricos em etanol, o tratamento ajuda os motores a queimar o combust\u00edvel de forma mais completa. Isto pode melhorar a resposta do acelerador, reduzir a hesita\u00e7\u00e3o e contribuir para uma efici\u00eancia de combust\u00edvel mais consistente.<\/p>\n<p><strong><img decoding=\"async\" style=\"margin-right: 12px;\" src=\"https:\/\/www.noleaky.com\/wp-content\/uploads\/2026\/02\/Check.svg\" alt=\"\" width=\"18\" height=\"15\" \/>Evita a corros\u00e3o e os danos provocados pela humidade.<\/strong> Os combust\u00edveis de etanol s\u00e3o higrosc\u00f3picos e podem absorver \u00e1gua, o que pode levar \u00e0 corros\u00e3o dos componentes met\u00e1licos. A nossa f\u00f3rmula ajuda a controlar os efeitos da humidade e forma uma barreira protetora no sistema de combust\u00edvel para minimizar a ferrugem e a oxida\u00e7\u00e3o.<\/p>\n<p><strong><img decoding=\"async\" style=\"margin-right: 12px;\" src=\"https:\/\/www.noleaky.com\/wp-content\/uploads\/2026\/02\/Check.svg\" alt=\"\" width=\"18\" height=\"15\" \/>Mant\u00e9m os injectores e o sistema de combust\u00edvel limpos.<\/strong> O aditivo cont\u00e9m agentes de limpeza que ajudam a reduzir os dep\u00f3sitos nos injectores e nos componentes de admiss\u00e3o, promovendo melhores padr\u00f5es de pulveriza\u00e7\u00e3o e um fornecimento de combust\u00edvel mais suave para um desempenho mais est\u00e1vel do motor.<\/p>\n<p><strong><img decoding=\"async\" style=\"margin-right: 12px;\" src=\"https:\/\/www.noleaky.com\/wp-content\/uploads\/2026\/02\/Check.svg\" alt=\"\" width=\"18\" height=\"15\" \/>Melhora o desempenho do arranque a frio.<\/strong> Os combust\u00edveis com elevado teor de etanol podem dificultar os arranques a frio. Este tratamento permite uma melhor igni\u00e7\u00e3o em condi\u00e7\u00f5es de baixa temperatura, reduzindo os arranques dif\u00edceis e melhorando a capacidade de resposta do motor.<\/p>\n<p><strong><img decoding=\"async\" style=\"margin-right: 12px;\" src=\"https:\/\/www.noleaky.com\/wp-content\/uploads\/2026\/02\/Check.svg\" alt=\"\" width=\"18\" height=\"15\" \/>Altamente concentrado com excelente capacidade de tratamento.<\/strong> Uma garrafa trata um grande volume de combust\u00edvel, tornando-o econ\u00f3mico e pr\u00e1tico para a manuten\u00e7\u00e3o regular. A sua concentra\u00e7\u00e3o optimizada garante uma distribui\u00e7\u00e3o eficaz em todo o sistema de combust\u00edvel.<\/p>\n<h2><strong>Instru\u00e7\u00f5es<\/strong><\/h2>\n<ul>\n<li>Certifique-se de que o ve\u00edculo \u00e9 compat\u00edvel com combust\u00edveis com superetanol, como o E85, antes de o utilizar.<\/li>\n<li>Agitar bem a garrafa antes de servir.<\/li>\n<li>Adicionar o tratamento com superetanol diretamente no dep\u00f3sito de combust\u00edvel antes do reabastecimento para garantir uma mistura \u00f3ptima.<\/li>\n<li>A dose recomendada \u00e9 de aproximadamente 250 ml para 40 a 60 litros de combust\u00edvel. Ajustar proporcionalmente em fun\u00e7\u00e3o da capacidade do dep\u00f3sito.<\/li>\n<li>Um frasco trata normalmente um dep\u00f3sito cheio. N\u00e3o exceder a dose recomendada.<\/li>\n<li>Para ve\u00edculos utilizados regularmente com combust\u00edvel superetanol, utilizar o tratamento a cada segundo ou terceiro abastecimento para manuten\u00e7\u00e3o preventiva.<\/li>\n<li>Para ve\u00edculos armazenados durante longos per\u00edodos, adicionar o tratamento antes do armazenamento para ajudar a estabilizar o combust\u00edvel.<\/li>\n<li>Conduzir normalmente ap\u00f3s o reabastecimento para permitir que o combust\u00edvel tratado circule por todo o sistema de combust\u00edvel.<\/li>\n<li>Armazenar o produto num local fresco e seco, afastado da luz solar direta.<\/li>\n<li>Manter fora do alcance das crian\u00e7as e evitar o contacto com a pele ou os olhos durante o manuseamento.<\/li>\n<\/ul>","protected":false},"excerpt":{"rendered":"<p>Optimizes engine performance in vehicles running on superethanol fuel. Our superethanol treatment is specially developed to improve combustion efficiency and engine stability in vehicles using high-ethanol fuels such as E85. It enhances ignition quality, reduces irregular combustion, and supports smoother engine operation even under demanding driving conditions. The most effective formula for protecting fuel systems [&hellip;]<\/p>\n","protected":false},"featured_media":23098,"comment_status":"open","ping_status":"closed","template":"","meta":{"_uag_custom_page_level_css":"","site-sidebar-layout":"default","site-content-layout":"","ast-site-content-layout":"default","site-content-style":"default","site-sidebar-style":"default","ast-global-header-display":"","ast-banner-title-visibility":"","ast-main-header-display":"","ast-hfb-above-header-display":"","ast-hfb-below-header-display":"","ast-hfb-mobile-header-display":"","site-post-title":"","ast-breadcrumbs-content":"","ast-featured-img":"","footer-sml-layout":"","ast-disable-related-posts":"","theme-transparent-header-meta":"default","adv-header-id-meta":"","stick-header-meta":"","header-above-stick-meta":"","header-main-stick-meta":"","header-below-stick-meta":"","astra-migrate-meta-layouts":"set","ast-page-background-enabled":"default","ast-page-background-meta":{"desktop":{"background-color":"var(--ast-global-color-4)","background-image":"","background-repeat":"repeat","background-position":"center center","background-size":"auto","background-attachment":"scroll","background-type":"","background-media":"","overlay-type":"","overlay-color":"","overlay-opacity":"","overlay-gradient":""},"tablet":{"background-color":"","background-image":"","background-repeat":"repeat","background-position":"center center","background-size":"auto","background-attachment":"scroll","background-type":"","background-media":"","overlay-type":"","overlay-color":"","overlay-opacity":"","overlay-gradient":""},"mobile":{"background-color":"","background-image":"","background-repeat":"repeat","background-position":"center center","background-size":"auto","background-attachment":"scroll","background-type":"","background-media":"","overlay-type":"","overlay-color":"","overlay-opacity":"","overlay-gradient":""}},"ast-content-background-meta":{"desktop":{"background-color":"var(--ast-global-color-5)","background-image":"","background-repeat":"repeat","background-position":"center center","background-size":"auto","background-attachment":"scroll","background-type":"","background-media":"","overlay-type":"","overlay-color":"","overlay-opacity":"","overlay-gradient":""},"tablet":{"background-color":"var(--ast-global-color-5)","background-image":"","background-repeat":"repeat","background-position":"center center","background-size":"auto","background-attachment":"scroll","background-type":"","background-media":"","overlay-type":"","overlay-color":"","overlay-opacity":"","overlay-gradient":""},"mobile":{"background-color":"var(--ast-global-color-5)","background-image":"","background-repeat":"repeat","background-position":"center center","background-size":"auto","background-attachment":"scroll","background-type":"","background-media":"","overlay-type":"","overlay-color":"","overlay-opacity":"","overlay-gradient":""}}},"product_brand":[],"product_cat":[176],"product_tag":[],"class_list":{"0":"post-23027","1":"product","2":"type-product","3":"status-publish","4":"has-post-thumbnail","6":"product_cat-automotive","7":"desktop-align-left","8":"tablet-align-left","9":"mobile-align-left","11":"first","12":"instock","13":"shipping-taxable","14":"purchasable","15":"product-type-simple"},"spectra_custom_meta":{"_visibility":["visible"],"_shopify_product_id":["7961079578844"],"_s2w_shopify_domain":["noleaky.myshopify.com"],"_shopify_variant_id":["43736943100124"],"_sku":["NLSUPERETHANOLTREATMENTE85"],"_regular_price":["29.90"],"_price":["29.90"],"_sale_price":[""],"_weight":["0.35"],"_thumbnail_id":["23098"],"_global_unique_id":["5056773800939"],"total_sales":["2"],"_tax_status":["taxable"],"_tax_class":[""],"_manage_stock":["no"],"_backorders":["no"],"_sold_individually":["no"],"_virtual":["no"],"_downloadable":["no"],"_download_limit":["-1"],"_download_expiry":["-1"],"_stock":[null],"_stock_status":["instock"],"_wc_average_rating":["4.92"],"_wc_review_count":["71"],"_product_version":["10.5.2"],"_edit_lock":["1772372140:1"],"merchant-center-availability":["yes"],"merchant-center-category":["2788"],"merchant-center-id":["SE85T"],"_edit_last":["1"],"_wp_page_template":["default"],"site-sidebar-layout":["default"],"ast-site-content-layout":["default"],"site-content-style":["default"],"site-sidebar-style":["default"],"theme-transparent-header-meta":["default"],"_wc_rating_count":["a:2:{i:4;i:6;i:5;i:65;}"],"_upsell_ids":["a:3:{i:0;i:22975;i:1;i:23022;i:2;i:23025;}"],"_crosssell_ids":["a:3:{i:0;i:22975;i:1;i:23022;i:2;i:23025;}"],"astra-migrate-meta-layouts":["set"],"_uag_css_file_name":["uag-css-23027.css"],"_elementor_page_assets":["a:0:{}"]},"uagb_featured_image_src":{"full":["https:\/\/www.noleaky.com\/wp-content\/uploads\/2025\/06\/2.k.Superethanol-Treatment_4000x4000_33d7a698-01dd-4b28-84dd-3c26cff0899e.png",2560,2560,false],"thumbnail":["https:\/\/www.noleaky.com\/wp-content\/uploads\/2025\/06\/2.k.Superethanol-Treatment_4000x4000_33d7a698-01dd-4b28-84dd-3c26cff0899e-150x150.png",150,150,true],"medium":["https:\/\/www.noleaky.com\/wp-content\/uploads\/2025\/06\/2.k.Superethanol-Treatment_4000x4000_33d7a698-01dd-4b28-84dd-3c26cff0899e-300x300.png",300,300,true],"medium_large":["https:\/\/www.noleaky.com\/wp-content\/uploads\/2025\/06\/2.k.Superethanol-Treatment_4000x4000_33d7a698-01dd-4b28-84dd-3c26cff0899e-768x768.png",768,768,true],"large":["https:\/\/www.noleaky.com\/wp-content\/uploads\/2025\/06\/2.k.Superethanol-Treatment_4000x4000_33d7a698-01dd-4b28-84dd-3c26cff0899e-1024x1024.png",1024,1024,true],"1536x1536":["https:\/\/www.noleaky.com\/wp-content\/uploads\/2025\/06\/2.k.Superethanol-Treatment_4000x4000_33d7a698-01dd-4b28-84dd-3c26cff0899e-1536x1536.png",1536,1536,true],"2048x2048":["https:\/\/www.noleaky.com\/wp-content\/uploads\/2025\/06\/2.k.Superethanol-Treatment_4000x4000_33d7a698-01dd-4b28-84dd-3c26cff0899e-2048x2048.png",2048,2048,true],"trp-custom-language-flag":["https:\/\/www.noleaky.com\/wp-content\/uploads\/2025\/06\/2.k.Superethanol-Treatment_4000x4000_33d7a698-01dd-4b28-84dd-3c26cff0899e-12x12.png",12,12,true],"woocommerce_thumbnail":["https:\/\/www.noleaky.com\/wp-content\/uploads\/2025\/06\/2.k.Superethanol-Treatment_4000x4000_33d7a698-01dd-4b28-84dd-3c26cff0899e-300x300.png",300,300,true],"woocommerce_single":["https:\/\/www.noleaky.com\/wp-content\/uploads\/2025\/06\/2.k.Superethanol-Treatment_4000x4000_33d7a698-01dd-4b28-84dd-3c26cff0899e-600x600.png",600,600,true],"woocommerce_gallery_thumbnail":["https:\/\/www.noleaky.com\/wp-content\/uploads\/2025\/06\/2.k.Superethanol-Treatment_4000x4000_33d7a698-01dd-4b28-84dd-3c26cff0899e-100x100.png",100,100,true]},"uagb_author_info":{"display_name":"admin","author_link":"https:\/\/www.noleaky.com\/pt\/author\/"},"uagb_comment_info":71,"uagb_excerpt":"Optimizes engine performance in vehicles running on superethanol fuel. Our superethanol treatment is specially developed to improve combustion efficiency and engine stability in vehicles using high-ethanol fuels such as E85. It enhances ignition quality, reduces irregular combustion, and supports smoother engine operation even under demanding driving conditions. The most effective formula for protecting fuel systems&hellip;","_links":{"self":[{"href":"https:\/\/www.noleaky.com\/pt\/wp-json\/wp\/v2\/product\/23027","targetHints":{"allow":["GET"]}}],"collection":[{"href":"https:\/\/www.noleaky.com\/pt\/wp-json\/wp\/v2\/product"}],"about":[{"href":"https:\/\/www.noleaky.com\/pt\/wp-json\/wp\/v2\/types\/product"}],"replies":[{"embeddable":true,"href":"https:\/\/www.noleaky.com\/pt\/wp-json\/wp\/v2\/comments?post=23027"}],"version-history":[{"count":3,"href":"https:\/\/www.noleaky.com\/pt\/wp-json\/wp\/v2\/product\/23027\/revisions"}],"predecessor-version":[{"id":33264,"href":"https:\/\/www.noleaky.com\/pt\/wp-json\/wp\/v2\/product\/23027\/revisions\/33264"}],"wp:featuredmedia":[{"embeddable":true,"href":"https:\/\/www.noleaky.com\/pt\/wp-json\/wp\/v2\/media\/23098"}],"wp:attachment":[{"href":"https:\/\/www.noleaky.com\/pt\/wp-json\/wp\/v2\/media?parent=23027"}],"wp:term":[{"taxonomy":"product_brand","embeddable":true,"href":"https:\/\/www.noleaky.com\/pt\/wp-json\/wp\/v2\/product_brand?post=23027"},{"taxonomy":"product_cat","embeddable":true,"href":"https:\/\/www.noleaky.com\/pt\/wp-json\/wp\/v2\/product_cat?post=23027"},{"taxonomy":"product_tag","embeddable":true,"href":"https:\/\/www.noleaky.com\/pt\/wp-json\/wp\/v2\/product_tag?post=23027"}],"curies":[{"name":"wp","href":"https:\/\/api.w.org\/{rel}","templated":true}]}}