{"id":23022,"date":"2025-06-02T15:49:22","date_gmt":"2025-06-02T13:49:22","guid":{"rendered":"https:\/\/www.noleaky.com\/products\/preventive-coolant\/"},"modified":"2026-03-01T14:43:53","modified_gmt":"2026-03-01T13:43:53","slug":"preventive-coolant","status":"publish","type":"product","link":"https:\/\/www.noleaky.com\/pt\/products\/preventive-coolant\/","title":{"rendered":"L\u00edquido de arrefecimento preventivo"},"content":{"rendered":"<p><strong><img decoding=\"async\" style=\"margin-right: 12px;\" src=\"https:\/\/www.noleaky.com\/wp-content\/uploads\/2026\/02\/Check.svg\" alt=\"\" width=\"18\" height=\"15\" \/>Previne fugas de l\u00edquido de refrigera\u00e7\u00e3o antes que se tornem repara\u00e7\u00f5es dispendiosas.<\/strong> O nosso l\u00edquido de arrefecimento preventivo foi especialmente formulado para vedar micro-fugas e porosidades no sistema de arrefecimento antes que se transformem em falhas graves. Circula com o l\u00edquido de arrefecimento e visa pontos de infiltra\u00e7\u00e3o menores, formando uma veda\u00e7\u00e3o interna duradoura que ajuda a manter a integridade do sistema e a evitar a perda de fluido.<\/p>\n<p><strong><img decoding=\"async\" style=\"margin-right: 12px;\" src=\"https:\/\/www.noleaky.com\/wp-content\/uploads\/2026\/02\/Check.svg\" alt=\"\" width=\"18\" height=\"15\" \/>A f\u00f3rmula de preven\u00e7\u00e3o de fugas mais eficaz do mercado.<\/strong> Gra\u00e7as \u00e0 sua avan\u00e7ada tecnologia de veda\u00e7\u00e3o, este \u00e9 o l\u00edquido de refrigera\u00e7\u00e3o preventivo mais eficaz dispon\u00edvel. Funciona de forma proactiva para refor\u00e7ar \u00e1reas vulner\u00e1veis, como liga\u00e7\u00f5es de mangueiras, costuras do radiador, juntas e microfissuras, reduzindo o risco de fugas repentinas de l\u00edquido de refrigera\u00e7\u00e3o e avarias inesperadas.<\/p>\n<p><strong><img decoding=\"async\" style=\"margin-right: 12px;\" src=\"https:\/\/www.noleaky.com\/wp-content\/uploads\/2026\/02\/Check.svg\" alt=\"\" width=\"18\" height=\"15\" \/>A solu\u00e7\u00e3o de prote\u00e7\u00e3o de arrefecimento de alto desempenho mais barata.<\/strong> Oferecemos prote\u00e7\u00e3o profissional para o l\u00edquido de refrigera\u00e7\u00e3o ao pre\u00e7o mais competitivo. O nosso l\u00edquido de arrefecimento preventivo \u00e9 a solu\u00e7\u00e3o mais barata da sua categoria, mantendo uma fiabilidade excecional, ajudando os condutores a evitar interven\u00e7\u00f5es mec\u00e2nicas dispendiosas e substitui\u00e7\u00f5es do radiador.<\/p>\n<p><strong><img decoding=\"async\" style=\"margin-right: 12px;\" src=\"https:\/\/www.noleaky.com\/wp-content\/uploads\/2026\/02\/Check.svg\" alt=\"\" width=\"18\" height=\"15\" \/>Entrega garantida 24 horas por dia para prote\u00e7\u00e3o imediata.<\/strong> Os problemas do sistema de arrefecimento podem agravar-se rapidamente. \u00c9 por isso que fornecemos entregas 24 horas por dia, garantindo que recebe o seu l\u00edquido de refrigera\u00e7\u00e3o preventivo rapidamente e que pode proteger o seu motor sem demora.<\/p>\n<p><strong><img decoding=\"async\" style=\"margin-right: 12px;\" src=\"https:\/\/www.noleaky.com\/wp-content\/uploads\/2026\/02\/Check.svg\" alt=\"\" width=\"18\" height=\"15\" \/>Garantia de devolu\u00e7\u00e3o do dinheiro para uma tranquilidade total.<\/strong> Estamos confiantes no desempenho do nosso l\u00edquido de arrefecimento preventivo. Se n\u00e3o estiver satisfeito com a sua efic\u00e1cia, oferecemos uma garantia de devolu\u00e7\u00e3o do dinheiro. Basta contactar-nos e reembolsaremos a sua compra, tornando o seu investimento totalmente isento de riscos.<\/p>\n<p><strong><img decoding=\"async\" style=\"margin-right: 12px;\" src=\"https:\/\/www.noleaky.com\/wp-content\/uploads\/2026\/02\/Check.svg\" alt=\"\" width=\"18\" height=\"15\" \/>Prote\u00e7\u00e3o contra congelamento at\u00e9 -37\u00b0 C (-35\u00b0 F).<\/strong> A nossa f\u00f3rmula anticongelante avan\u00e7ada proporciona uma prote\u00e7\u00e3o fi\u00e1vel contra temperaturas de congela\u00e7\u00e3o at\u00e9 -37 graus Celsius, o equivalente a -35 graus Fahrenheit. Isto garante um funcionamento seguro do motor em condi\u00e7\u00f5es extremas de inverno, mantendo um desempenho de refrigera\u00e7\u00e3o \u00f3timo durante todo o ano.<\/p>\n<p><strong><img decoding=\"async\" style=\"margin-right: 12px;\" src=\"https:\/\/www.noleaky.com\/wp-content\/uploads\/2026\/02\/Check.svg\" alt=\"\" width=\"18\" height=\"15\" \/>Protege contra a corros\u00e3o e a ferrugem interna.<\/strong> Para al\u00e9m da preven\u00e7\u00e3o de fugas, o l\u00edquido de arrefecimento cont\u00e9m inibidores de corros\u00e3o que protegem o alum\u00ednio, o cobre, o a\u00e7o e outros metais do sistema de arrefecimento contra a ferrugem e a degrada\u00e7\u00e3o eletroqu\u00edmica, prolongando a vida \u00fatil dos componentes.<\/p>\n<p><strong><img decoding=\"async\" style=\"margin-right: 12px;\" src=\"https:\/\/www.noleaky.com\/wp-content\/uploads\/2026\/02\/Check.svg\" alt=\"\" width=\"18\" height=\"15\" \/>Mant\u00e9m a temperatura \u00f3ptima do motor.<\/strong> Ao assegurar um sistema de arrefecimento selado e eficiente, o produto apoia a circula\u00e7\u00e3o consistente do l\u00edquido de arrefecimento e a troca de calor, ajudando a evitar o sobreaquecimento e o stress do motor, tanto em condi\u00e7\u00f5es de calor como de frio.<\/p>\n<p><strong><img decoding=\"async\" style=\"margin-right: 12px;\" src=\"https:\/\/www.noleaky.com\/wp-content\/uploads\/2026\/02\/Check.svg\" alt=\"\" width=\"18\" height=\"15\" \/>Compat\u00edvel com a maioria dos sistemas de arrefecimento.<\/strong> Adequado para utiliza\u00e7\u00e3o em autom\u00f3veis de passageiros, cami\u00f5es ligeiros e muitos motores arrefecidos por l\u00edquido, este l\u00edquido de arrefecimento preventivo \u00e9 compat\u00edvel com os materiais comuns dos radiadores e com os modelos de sistemas de arrefecimento padr\u00e3o, quando utilizado de acordo com as instru\u00e7\u00f5es.<\/p>\n<p><strong><img decoding=\"async\" style=\"margin-right: 12px;\" src=\"https:\/\/www.noleaky.com\/wp-content\/uploads\/2026\/02\/Check.svg\" alt=\"\" width=\"18\" height=\"15\" \/>Prote\u00e7\u00e3o de longa dura\u00e7\u00e3o com uma cobertura eficaz.<\/strong> Um recipiente foi concebido para tratar um sistema de arrefecimento padr\u00e3o completo, proporcionando uma cobertura interna completa e uma preven\u00e7\u00e3o de fugas a longo prazo sem necessidade de aditivos adicionais.<\/p>\n<h2><strong>Instru\u00e7\u00f5es<\/strong><\/h2>\n<ul>\n<li>Certifique-se de que o motor est\u00e1 completamente frio antes de abrir o sistema de arrefecimento.<\/li>\n<li>Agitar bem o recipiente antes de utilizar.<\/li>\n<li>Verifique o n\u00edvel e o estado atual do l\u00edquido de refrigera\u00e7\u00e3o. Se o sistema estiver muito contaminado, efetuar uma lavagem antes de adicionar o l\u00edquido de arrefecimento preventivo.<\/li>\n<li>Verter o l\u00edquido de arrefecimento preventivo diretamente no radiador ou no dep\u00f3sito de expans\u00e3o, de acordo com o modelo do ve\u00edculo.<\/li>\n<li>A dose recomendada \u00e9 de um recipiente para uma capacidade padr\u00e3o do sistema de arrefecimento de aproximadamente 5 a 10 litros. N\u00e3o exceder a capacidade especificada pelo fabricante.<\/li>\n<li>Se estiver a completar uma mistura de l\u00edquido de arrefecimento existente, certifique-se de que \u00e9 compat\u00edvel com o tipo de anticongelante atual.<\/li>\n<li>Depois de adicionar o produto, fazer funcionar o motor durante 10 a 15 minutos com o aquecedor no m\u00e1ximo para permitir a circula\u00e7\u00e3o total em todo o sistema.<\/li>\n<li>Verifique novamente o n\u00edvel do l\u00edquido de arrefecimento depois de o motor arrefecer e ateste, se necess\u00e1rio.<\/li>\n<li>Inspecionar regularmente as mangueiras e liga\u00e7\u00f5es para garantir um desempenho \u00f3timo do sistema.<\/li>\n<li>Armazenar o produto num recipiente fechado, ao abrigo da luz solar direta e de temperaturas extremas.<\/li>\n<\/ul>","protected":false},"excerpt":{"rendered":"<p>Prevents coolant leaks before they become costly repairs. Our preventative coolant is specially formulated to seal micro-leaks and porosities within the cooling system before they develop into serious failures. It circulates with the coolant and targets minor seepage points, forming a durable internal seal that helps maintain system integrity and prevent fluid loss. The most [&hellip;]<\/p>\n","protected":false},"featured_media":23088,"comment_status":"open","ping_status":"closed","template":"","meta":{"_uag_custom_page_level_css":"","site-sidebar-layout":"default","site-content-layout":"","ast-site-content-layout":"default","site-content-style":"default","site-sidebar-style":"default","ast-global-header-display":"","ast-banner-title-visibility":"","ast-main-header-display":"","ast-hfb-above-header-display":"","ast-hfb-below-header-display":"","ast-hfb-mobile-header-display":"","site-post-title":"","ast-breadcrumbs-content":"","ast-featured-img":"","footer-sml-layout":"","ast-disable-related-posts":"","theme-transparent-header-meta":"default","adv-header-id-meta":"","stick-header-meta":"","header-above-stick-meta":"","header-main-stick-meta":"","header-below-stick-meta":"","astra-migrate-meta-layouts":"set","ast-page-background-enabled":"default","ast-page-background-meta":{"desktop":{"background-color":"var(--ast-global-color-4)","background-image":"","background-repeat":"repeat","background-position":"center center","background-size":"auto","background-attachment":"scroll","background-type":"","background-media":"","overlay-type":"","overlay-color":"","overlay-opacity":"","overlay-gradient":""},"tablet":{"background-color":"","background-image":"","background-repeat":"repeat","background-position":"center center","background-size":"auto","background-attachment":"scroll","background-type":"","background-media":"","overlay-type":"","overlay-color":"","overlay-opacity":"","overlay-gradient":""},"mobile":{"background-color":"","background-image":"","background-repeat":"repeat","background-position":"center center","background-size":"auto","background-attachment":"scroll","background-type":"","background-media":"","overlay-type":"","overlay-color":"","overlay-opacity":"","overlay-gradient":""}},"ast-content-background-meta":{"desktop":{"background-color":"var(--ast-global-color-5)","background-image":"","background-repeat":"repeat","background-position":"center center","background-size":"auto","background-attachment":"scroll","background-type":"","background-media":"","overlay-type":"","overlay-color":"","overlay-opacity":"","overlay-gradient":""},"tablet":{"background-color":"var(--ast-global-color-5)","background-image":"","background-repeat":"repeat","background-position":"center center","background-size":"auto","background-attachment":"scroll","background-type":"","background-media":"","overlay-type":"","overlay-color":"","overlay-opacity":"","overlay-gradient":""},"mobile":{"background-color":"var(--ast-global-color-5)","background-image":"","background-repeat":"repeat","background-position":"center center","background-size":"auto","background-attachment":"scroll","background-type":"","background-media":"","overlay-type":"","overlay-color":"","overlay-opacity":"","overlay-gradient":""}}},"product_brand":[],"product_cat":[176],"product_tag":[],"class_list":{"0":"post-23022","1":"product","2":"type-product","3":"status-publish","4":"has-post-thumbnail","6":"product_cat-automotive","7":"desktop-align-left","8":"tablet-align-left","9":"mobile-align-left","11":"first","12":"instock","13":"sale","14":"shipping-taxable","15":"purchasable","16":"product-type-variable","17":"has-default-attributes"},"spectra_custom_meta":{"_visibility":["visible"],"_shopify_product_id":["1706252697634"],"_s2w_shopify_domain":["noleaky.myshopify.com"],"_shopify_variant_id":["16017046700066"],"_manage_stock":["no"],"total_sales":["45"],"_tax_status":["taxable"],"_tax_class":[""],"_backorders":["no"],"_sold_individually":["no"],"_virtual":["no"],"_downloadable":["no"],"_download_limit":["-1"],"_download_expiry":["-1"],"_stock":[null],"_stock_status":["instock"],"_wc_average_rating":["4.90"],"_wc_review_count":["71"],"_product_attributes":["a:1:{s:6:\"volume\";a:6:{s:4:\"name\";s:6:\"Volume\";s:5:\"value\";s:18:\"1 liter | 5 liters\";s:8:\"position\";i:1;s:10:\"is_visible\";i:0;s:12:\"is_variation\";i:1;s:11:\"is_taxonomy\";i:0;}}"],"_product_version":["10.5.2"],"_thumbnail_id":["23088"],"_product_image_gallery":["23089"],"_edit_lock":["1772372499:1"],"_default_attributes":["a:1:{s:6:\"volume\";s:7:\"1 liter\";}"],"_price":["9.90","39.90"],"merchant-center-availability":["yes"],"merchant-center-category":["2517"],"merchant-center-id":["LP1L"],"_edit_last":["1"],"_wp_page_template":["default"],"site-sidebar-layout":["default"],"ast-site-content-layout":["default"],"site-content-style":["default"],"site-sidebar-style":["default"],"theme-transparent-header-meta":["default"],"_wc_rating_count":["a:3:{i:3;i:1;i:4;i:5;i:5;i:65;}"],"_upsell_ids":["a:3:{i:0;i:22975;i:1;i:22976;i:2;i:22985;}"],"_crosssell_ids":["a:3:{i:0;i:22975;i:1;i:22976;i:2;i:22985;}"],"astra-migrate-meta-layouts":["set"],"_uag_css_file_name":["uag-css-23022.css"],"_elementor_page_assets":["a:0:{}"],"_uag_page_assets":["a:9:{s:3:\"css\";s:6893:\".wp-block-uagb-image{display:flex}.wp-block-uagb-image__figure{position:relative;display:flex;flex-direction:column;max-width:100%;height:auto;margin:0}.wp-block-uagb-image__figure img{height:auto;display:flex;max-width:100%;transition:box-shadow 0.2s ease}.wp-block-uagb-image__figure>a{display:inline-block}.wp-block-uagb-image__figure figcaption{text-align:center;margin-top:0.5em;margin-bottom:1em}.wp-block-uagb-image .components-placeholder.block-editor-media-placeholder .components-placeholder__instructions{align-self:center}.wp-block-uagb-image--align-left{text-align:left}.wp-block-uagb-image--align-right{text-align:right}.wp-block-uagb-image--align-center{text-align:center}.wp-block-uagb-image--align-full .wp-block-uagb-image__figure{margin-left:calc(50% - 50vw);margin-right:calc(50% - 50vw);max-width:100vw;width:100vw;height:auto}.wp-block-uagb-image--align-full .wp-block-uagb-image__figure img{height:auto;width:100% !important}.wp-block-uagb-image--align-wide .wp-block-uagb-image__figure img{height:auto;width:100%}.wp-block-uagb-image--layout-overlay__color-wrapper{position:absolute;left:0;top:0;right:0;bottom:0;opacity:0.2;background:rgba(0,0,0,0.5);transition:opacity 0.35s ease-in-out}.wp-block-uagb-image--layout-overlay-link{position:absolute;left:0;right:0;bottom:0;top:0}.wp-block-uagb-image--layout-overlay .wp-block-uagb-image__figure:hover .wp-block-uagb-image--layout-overlay__color-wrapper{opacity:1}.wp-block-uagb-image--layout-overlay__inner{position:absolute;left:15px;right:15px;bottom:15px;top:15px;display:flex;align-items:center;justify-content:center;flex-direction:column;border-color:#fff;transition:0.35s ease-in-out}.wp-block-uagb-image--layout-overlay__inner.top-left,.wp-block-uagb-image--layout-overlay__inner.top-center,.wp-block-uagb-image--layout-overlay__inner.top-right{justify-content:flex-start}.wp-block-uagb-image--layout-overlay__inner.bottom-left,.wp-block-uagb-image--layout-overlay__inner.bottom-center,.wp-block-uagb-image--layout-overlay__inner.bottom-right{justify-content:flex-end}.wp-block-uagb-image--layout-overlay__inner.top-left,.wp-block-uagb-image--layout-overlay__inner.center-left,.wp-block-uagb-image--layout-overlay__inner.bottom-left{align-items:flex-start}.wp-block-uagb-image--layout-overlay__inner.top-right,.wp-block-uagb-image--layout-overlay__inner.center-right,.wp-block-uagb-image--layout-overlay__inner.bottom-right{align-items:flex-end}.wp-block-uagb-image--layout-overlay__inner .uagb-image-heading{color:#fff;transition:transform 0.35s, opacity 0.35s ease-in-out;transform:translate3d(0, 24px, 0);margin:0;line-height:1em}.wp-block-uagb-image--layout-overlay__inner .uagb-image-separator{width:30%;border-top-width:2px;border-top-color:#fff;border-top-style:solid;margin-bottom:10px;opacity:0;transition:transform 0.4s, opacity 0.4s ease-in-out;transform:translate3d(0, 30px, 0)}.wp-block-uagb-image--layout-overlay__inner .uagb-image-caption{opacity:0;overflow:visible;color:#fff;transition:transform 0.45s, opacity 0.45s ease-in-out;transform:translate3d(0, 35px, 0)}.wp-block-uagb-image--layout-overlay__inner:hover .uagb-image-heading,.wp-block-uagb-image--layout-overlay__inner:hover .uagb-image-separator,.wp-block-uagb-image--layout-overlay__inner:hover .uagb-image-caption{opacity:1;transform:translate3d(0, 0, 0)}.wp-block-uagb-image--effect-zoomin .wp-block-uagb-image__figure img,.wp-block-uagb-image--effect-zoomin .wp-block-uagb-image__figure .wp-block-uagb-image--layout-overlay__color-wrapper{transform:scale(1);transition:transform 0.35s ease-in-out}.wp-block-uagb-image--effect-zoomin .wp-block-uagb-image__figure:hover img,.wp-block-uagb-image--effect-zoomin .wp-block-uagb-image__figure:hover .wp-block-uagb-image--layout-overlay__color-wrapper{transform:scale(1.05)}.wp-block-uagb-image--effect-slide .wp-block-uagb-image__figure img,.wp-block-uagb-image--effect-slide .wp-block-uagb-image__figure .wp-block-uagb-image--layout-overlay__color-wrapper{width:calc(100% + 40px) !important;max-width:none !important;transform:translate3d(-40px, 0, 0);transition:transform 0.35s ease-in-out}.wp-block-uagb-image--effect-slide .wp-block-uagb-image__figure:hover img,.wp-block-uagb-image--effect-slide .wp-block-uagb-image__figure:hover .wp-block-uagb-image--layout-overlay__color-wrapper{transform:translate3d(0, 0, 0)}.wp-block-uagb-image--effect-grayscale img{filter:grayscale(0%);transition:0.35s ease-in-out}.wp-block-uagb-image--effect-grayscale:hover img{filter:grayscale(100%)}.wp-block-uagb-image--effect-blur img{filter:blur(0);transition:0.35s ease-in-out}.wp-block-uagb-image--effect-blur:hover img{filter:blur(3px)}\n.uagb-block-e6f939b3.wp-block-uagb-image--layout-default figure img{box-shadow: 0px 0px 0 #00000070;}.uagb-block-e6f939b3.wp-block-uagb-image .wp-block-uagb-image__figure figcaption{font-style: normal;align-self: center;}.uagb-block-e6f939b3.wp-block-uagb-image--layout-overlay figure img{box-shadow: 0px 0px 0 #00000070;}.uagb-block-e6f939b3.wp-block-uagb-image--layout-overlay .wp-block-uagb-image--layout-overlay__color-wrapper{opacity: 0.2;}.uagb-block-e6f939b3.wp-block-uagb-image--layout-overlay .wp-block-uagb-image--layout-overlay__inner{left: 15px;right: 15px;top: 15px;bottom: 15px;}.uagb-block-e6f939b3.wp-block-uagb-image--layout-overlay .wp-block-uagb-image--layout-overlay__inner .uagb-image-heading{font-style: normal;color: #fff;opacity: 1;}.uagb-block-e6f939b3.wp-block-uagb-image--layout-overlay .wp-block-uagb-image--layout-overlay__inner .uagb-image-heading a{color: #fff;}.uagb-block-e6f939b3.wp-block-uagb-image--layout-overlay .wp-block-uagb-image--layout-overlay__inner .uagb-image-caption{opacity: 0;}.uagb-block-e6f939b3.wp-block-uagb-image--layout-overlay .wp-block-uagb-image__figure:hover .wp-block-uagb-image--layout-overlay__color-wrapper{opacity: 1;}.uagb-block-e6f939b3.wp-block-uagb-image .wp-block-uagb-image--layout-overlay__inner .uagb-image-separator{width: 30%;border-top-width: 2px;border-top-color: #fff;opacity: 0;}.uagb-block-e6f939b3.wp-block-uagb-image .wp-block-uagb-image__figure img{width: px;height: auto;}.uagb-block-e6f939b3.wp-block-uagb-image .wp-block-uagb-image__figure:hover .wp-block-uagb-image--layout-overlay__inner .uagb-image-caption{opacity: 1;}.uagb-block-e6f939b3.wp-block-uagb-image .wp-block-uagb-image__figure:hover .wp-block-uagb-image--layout-overlay__inner .uagb-image-separator{opacity: 1;}.uagb-block-e6f939b3.wp-block-uagb-image--layout-default figure:hover img{box-shadow: 0px 0px 0 #00000070;}.uagb-block-e6f939b3.wp-block-uagb-image--layout-overlay figure:hover img{box-shadow: 0px 0px 0 #00000070;}@media only screen and (max-width: 976px) {.uagb-block-e6f939b3.wp-block-uagb-image .wp-block-uagb-image__figure img{width: px;height: auto;}}@media only screen and (max-width: 767px) {.uagb-block-e6f939b3.wp-block-uagb-image .wp-block-uagb-image__figure img{width: px;height: auto;}}\";s:2:\"js\";s:0:\"\";s:18:\"current_block_list\";a:13:{i:0;s:11:\"core\/search\";i:1;s:10:\"core\/group\";i:2;s:12:\"core\/heading\";i:3;s:17:\"core\/latest-posts\";i:4;s:20:\"core\/latest-comments\";i:5;s:13:\"core\/archives\";i:6;s:15:\"core\/categories\";i:7;s:14:\"core\/paragraph\";i:8;s:10:\"uagb\/image\";i:9;s:11:\"core\/spacer\";i:10;s:30:\"woocommerce\/product-categories\";i:11;s:10:\"core\/image\";i:12;s:14:\"core\/shortcode\";}s:8:\"uag_flag\";b:1;s:11:\"uag_version\";s:10:\"1776751876\";s:6:\"gfonts\";a:0:{}s:10:\"gfonts_url\";s:0:\"\";s:12:\"gfonts_files\";a:0:{}s:14:\"uag_faq_layout\";b:0;}"]},"uagb_featured_image_src":{"full":["https:\/\/www.noleaky.com\/wp-content\/uploads\/2025\/06\/Label_1.png",1500,1500,false],"thumbnail":["https:\/\/www.noleaky.com\/wp-content\/uploads\/2025\/06\/Label_1-150x150.png",150,150,true],"medium":["https:\/\/www.noleaky.com\/wp-content\/uploads\/2025\/06\/Label_1-300x300.png",300,300,true],"medium_large":["https:\/\/www.noleaky.com\/wp-content\/uploads\/2025\/06\/Label_1-768x768.png",768,768,true],"large":["https:\/\/www.noleaky.com\/wp-content\/uploads\/2025\/06\/Label_1-1024x1024.png",1024,1024,true],"1536x1536":["https:\/\/www.noleaky.com\/wp-content\/uploads\/2025\/06\/Label_1.png",1500,1500,false],"2048x2048":["https:\/\/www.noleaky.com\/wp-content\/uploads\/2025\/06\/Label_1.png",1500,1500,false],"trp-custom-language-flag":["https:\/\/www.noleaky.com\/wp-content\/uploads\/2025\/06\/Label_1-12x12.png",12,12,true],"woocommerce_thumbnail":["https:\/\/www.noleaky.com\/wp-content\/uploads\/2025\/06\/Label_1-300x300.png",300,300,true],"woocommerce_single":["https:\/\/www.noleaky.com\/wp-content\/uploads\/2025\/06\/Label_1-600x600.png",600,600,true],"woocommerce_gallery_thumbnail":["https:\/\/www.noleaky.com\/wp-content\/uploads\/2025\/06\/Label_1-100x100.png",100,100,true]},"uagb_author_info":{"display_name":"admin","author_link":"https:\/\/www.noleaky.com\/pt\/author\/"},"uagb_comment_info":71,"uagb_excerpt":"Prevents coolant leaks before they become costly repairs. Our preventative coolant is specially formulated to seal micro-leaks and porosities within the cooling system before they develop into serious failures. It circulates with the coolant and targets minor seepage points, forming a durable internal seal that helps maintain system integrity and prevent fluid loss. The most&hellip;","_links":{"self":[{"href":"https:\/\/www.noleaky.com\/pt\/wp-json\/wp\/v2\/product\/23022","targetHints":{"allow":["GET"]}}],"collection":[{"href":"https:\/\/www.noleaky.com\/pt\/wp-json\/wp\/v2\/product"}],"about":[{"href":"https:\/\/www.noleaky.com\/pt\/wp-json\/wp\/v2\/types\/product"}],"replies":[{"embeddable":true,"href":"https:\/\/www.noleaky.com\/pt\/wp-json\/wp\/v2\/comments?post=23022"}],"version-history":[{"count":5,"href":"https:\/\/www.noleaky.com\/pt\/wp-json\/wp\/v2\/product\/23022\/revisions"}],"predecessor-version":[{"id":33266,"href":"https:\/\/www.noleaky.com\/pt\/wp-json\/wp\/v2\/product\/23022\/revisions\/33266"}],"wp:featuredmedia":[{"embeddable":true,"href":"https:\/\/www.noleaky.com\/pt\/wp-json\/wp\/v2\/media\/23088"}],"wp:attachment":[{"href":"https:\/\/www.noleaky.com\/pt\/wp-json\/wp\/v2\/media?parent=23022"}],"wp:term":[{"taxonomy":"product_brand","embeddable":true,"href":"https:\/\/www.noleaky.com\/pt\/wp-json\/wp\/v2\/product_brand?post=23022"},{"taxonomy":"product_cat","embeddable":true,"href":"https:\/\/www.noleaky.com\/pt\/wp-json\/wp\/v2\/product_cat?post=23022"},{"taxonomy":"product_tag","embeddable":true,"href":"https:\/\/www.noleaky.com\/pt\/wp-json\/wp\/v2\/product_tag?post=23022"}],"curies":[{"name":"wp","href":"https:\/\/api.w.org\/{rel}","templated":true}]}}