{"id":22989,"date":"2025-06-02T15:49:05","date_gmt":"2025-06-02T13:49:05","guid":{"rendered":"https:\/\/www.noleaky.com\/products\/head-gasket-repair\/"},"modified":"2026-03-01T15:03:46","modified_gmt":"2026-03-01T14:03:46","slug":"head-gasket-repair","status":"publish","type":"product","link":"https:\/\/www.noleaky.com\/pt\/products\/head-gasket-repair\/","title":{"rendered":"Reparador de Junta de Cabe\u00e7a"},"content":{"rendered":"<p><strong><img decoding=\"async\" style=\"margin-right: 12px;\" src=\"https:\/\/www.noleaky.com\/wp-content\/uploads\/2026\/02\/Check.svg\" alt=\"\" width=\"18\" height=\"15\" \/>Repara os problemas da junta da cabe\u00e7a sem a dispendiosa desmontagem do motor.<\/strong> A nossa f\u00f3rmula de repara\u00e7\u00e3o da junta do cabe\u00e7ote foi especialmente desenvolvida para resolver problemas comuns relacionados com a junta do cabe\u00e7ote sem a necessidade de repara\u00e7\u00f5es mec\u00e2nicas dispendiosas. Funciona a partir do interior do sistema de arrefecimento para vedar fugas causadas por juntas da cabe\u00e7a danificadas, pequenas fissuras e falhas de veda\u00e7\u00e3o, ajudando-o a evitar a desmontagem demorada e dispendiosa do motor.<\/p>\n<p><strong><img decoding=\"async\" style=\"margin-right: 12px;\" src=\"https:\/\/www.noleaky.com\/wp-content\/uploads\/2026\/02\/Check.svg\" alt=\"\" width=\"18\" height=\"15\" \/>A tecnologia de veda\u00e7\u00e3o interna mais eficaz dispon\u00edvel.<\/strong> Esta \u00e9 a solu\u00e7\u00e3o de repara\u00e7\u00e3o da junta da cabe\u00e7a mais eficaz da sua categoria. Os seus avan\u00e7ados agentes vedantes circulam pelo sistema de arrefecimento e s\u00e3o activados a altas temperaturas, formando uma veda\u00e7\u00e3o duradoura no ponto exato da fuga. Ajuda a resolver problemas como a perda de l\u00edquido de refrigera\u00e7\u00e3o, a press\u00e3o excessiva do sistema de refrigera\u00e7\u00e3o, a contamina\u00e7\u00e3o do l\u00edquido de refrigera\u00e7\u00e3o com \u00f3leo e pequenas fissuras nos componentes do motor.<\/p>\n<p><strong><img decoding=\"async\" style=\"margin-right: 12px;\" src=\"https:\/\/www.noleaky.com\/wp-content\/uploads\/2026\/02\/Check.svg\" alt=\"\" width=\"18\" height=\"15\" \/>A alternativa mais econ\u00f3mica \u00e0s grandes repara\u00e7\u00f5es do motor.<\/strong> A substitui\u00e7\u00e3o de uma junta da cabe\u00e7a ou a repara\u00e7\u00e3o de um bloco de motor rachado pode custar uma quantia significativa. O nosso produto \u00e9 a solu\u00e7\u00e3o profissional mais barata dispon\u00edvel, proporcionando uma alternativa econ\u00f3mica que pode restaurar a funcionalidade sem os encargos financeiros de uma repara\u00e7\u00e3o mec\u00e2nica completa.<\/p>\n<p><strong><img decoding=\"async\" style=\"margin-right: 12px;\" src=\"https:\/\/www.noleaky.com\/wp-content\/uploads\/2026\/02\/Check.svg\" alt=\"\" width=\"18\" height=\"15\" \/>Entrega garantida 24 horas por dia para problemas urgentes do motor.<\/strong> Os problemas do motor requerem aten\u00e7\u00e3o imediata. \u00c9 por isso que garantimos a entrega em 24 horas, permitindo-lhe tratar o problema rapidamente e reduzir o risco de danos adicionais.<\/p>\n<p><strong><img decoding=\"async\" style=\"margin-right: 12px;\" src=\"https:\/\/www.noleaky.com\/wp-content\/uploads\/2026\/02\/Check.svg\" alt=\"\" width=\"18\" height=\"15\" \/>Garantia de devolu\u00e7\u00e3o do dinheiro para uma tranquilidade total.<\/strong> Garantimos o desempenho da nossa f\u00f3rmula de repara\u00e7\u00e3o de juntas de cabe\u00e7ote. Se n\u00e3o ficar satisfeito com os resultados, oferecemos uma garantia de devolu\u00e7\u00e3o do dinheiro. Basta contactar-nos e reembolsaremos a sua compra, tornando o seu investimento totalmente isento de riscos.<\/p>\n<p><strong><img decoding=\"async\" style=\"margin-right: 12px;\" src=\"https:\/\/www.noleaky.com\/wp-content\/uploads\/2026\/02\/Check.svg\" alt=\"\" width=\"18\" height=\"15\" \/>Compat\u00edvel com todos os tipos de motores de ve\u00edculos.<\/strong> Adequada para autom\u00f3veis, cami\u00f5es, carrinhas, pickups, motociclos, quads, tractores e barcos, esta f\u00f3rmula vers\u00e1til funciona com motores a gasolina e a diesel quando utilizada de acordo com as instru\u00e7\u00f5es. Integra-se com seguran\u00e7a na maioria dos sistemas de arrefecimento normais.<\/p>\n<p><strong><img decoding=\"async\" style=\"margin-right: 12px;\" src=\"https:\/\/www.noleaky.com\/wp-content\/uploads\/2026\/02\/Check.svg\" alt=\"\" width=\"18\" height=\"15\" \/>Ajuda a reduzir os problemas de alta press\u00e3o do l\u00edquido de refrigera\u00e7\u00e3o.<\/strong> Uma junta de cabe\u00e7ote com defeito pode causar um ac\u00famulo anormal de press\u00e3o no sistema de arrefecimento. Ao vedar as fugas internas, o produto ajuda a estabilizar os n\u00edveis de press\u00e3o e a restaurar o comportamento normal do sistema.<\/p>\n<p><strong><img decoding=\"async\" style=\"margin-right: 12px;\" src=\"https:\/\/www.noleaky.com\/wp-content\/uploads\/2026\/02\/Check.svg\" alt=\"\" width=\"18\" height=\"15\" \/>Aborda a contamina\u00e7\u00e3o do \u00f3leo no l\u00edquido de arrefecimento.<\/strong> Quando o \u00f3leo se mistura com o l\u00edquido de arrefecimento devido a uma falha na junta, pode causar graves problemas de desempenho. A f\u00f3rmula ajuda a vedar a fonte de fugas internas, limitando a contamina\u00e7\u00e3o cruzada e restaurando a separa\u00e7\u00e3o do sistema.<\/p>\n<p><strong><img decoding=\"async\" style=\"margin-right: 12px;\" src=\"https:\/\/www.noleaky.com\/wp-content\/uploads\/2026\/02\/Check.svg\" alt=\"\" width=\"18\" height=\"15\" \/>Pode ajudar a resolver pequenos problemas de fissuras no bloco do motor.<\/strong> No caso de pequenas fissuras ou porosidades nos componentes do motor, o produto forma uma veda\u00e7\u00e3o activada pelo calor que refor\u00e7a as \u00e1reas enfraquecidas e evita novas fugas.<\/p>\n<p><strong><img decoding=\"async\" style=\"margin-right: 12px;\" src=\"https:\/\/www.noleaky.com\/wp-content\/uploads\/2026\/02\/Check.svg\" alt=\"\" width=\"18\" height=\"15\" \/>Prolonga a vida \u00fatil do motor e restaura a dirigibilidade.<\/strong> Ao vedar as fugas e estabilizar o sistema de arrefecimento, o produto ajuda a restabelecer um funcionamento mais suave do motor, a reduzir os riscos de sobreaquecimento e a prolongar a vida \u00fatil do seu ve\u00edculo.<\/p>\n<h2><strong>Quantidade necess\u00e1ria para o seu ve\u00edculo<\/strong><\/h2>\n<table width=\"100%\">\n<tbody>\n<tr>\n<td><strong>Tamanho do motor<\/strong><\/td>\n<td><strong>Quantidade<\/strong><\/td>\n<\/tr>\n<tr>\n<td>\n<div><\/div>\n<p>At\u00e9 0,9 litros<\/td>\n<td>\n<div><\/div>\n<p>1 garrafa<\/td>\n<\/tr>\n<tr>\n<td>\n<div><\/div>\n<p>Entre 1 e 1,9 litros<\/td>\n<td>\n<div><\/div>\n<p>2 garrafas<\/td>\n<\/tr>\n<tr>\n<td>Entre 2 e 2,9 litros<\/td>\n<td>\n<div><\/div>\n<p>3 garrafas<\/td>\n<\/tr>\n<tr>\n<td>\n<div><\/div>\n<p>Entre 3 e 3,9 litros<\/td>\n<td>\n<div><\/div>\n<p>4 garrafas<\/td>\n<\/tr>\n<tr>\n<td>\n<div><\/div>\n<p>Mais de 4 litros<\/td>\n<td>\n<div><\/div>\n<p>5 garrafas<\/td>\n<\/tr>\n<\/tbody>\n<\/table>\n<h2><strong>Instru\u00e7\u00f5es<\/strong><\/h2>\n<ul>\n<li>Certifique-se de que o motor est\u00e1 completamente frio antes de abrir o sistema de arrefecimento.<\/li>\n<li>Agitar bem o frasco antes de o utilizar.<\/li>\n<li>Verificar o n\u00edvel e o estado do l\u00edquido de refrigera\u00e7\u00e3o. Se o sistema estiver muito contaminado, lave-o antes de aplicar o produto.<\/li>\n<li>N\u00e3o drenar o l\u00edquido de arrefecimento, exceto se estiver sujo ou n\u00e3o for adequado. O produto \u00e9 adicionado diretamente ao l\u00edquido de arrefecimento existente.<\/li>\n<li>Deitar o n\u00famero necess\u00e1rio de garrafas no radiador ou no reservat\u00f3rio de expans\u00e3o, de acordo com o modelo do ve\u00edculo.<\/li>\n<li>Ligar o motor e deixar que este atinja a temperatura de funcionamento.<\/li>\n<li>Fazer funcionar o motor ao ralenti durante cerca de 20 a 30 minutos com o aquecedor regulado no m\u00e1ximo para permitir a circula\u00e7\u00e3o total.<\/li>\n<li>Certifique-se de que a ventoinha de arrefecimento se liga e desliga pelo menos uma vez para confirmar a ativa\u00e7\u00e3o correta da temperatura.<\/li>\n<li>Desligue o motor e deixe-o arrefecer completamente.<\/li>\n<li>Verificar o n\u00edvel do l\u00edquido de arrefecimento e completar se necess\u00e1rio. Monitorizar o ve\u00edculo durante os pr\u00f3ximos ciclos de condu\u00e7\u00e3o.<\/li>\n<\/ul>","protected":false},"excerpt":{"rendered":"<p>Repairs head gasket issues without expensive engine dismantling. Our head gasket repair formula is specially developed to solve common head gasket-related problems without the need for costly mechanical repairs. It works from inside the cooling system to seal leaks caused by damaged head gaskets, minor cracks, and sealing failures, helping you avoid time-consuming and expensive [&hellip;]<\/p>\n","protected":false},"featured_media":23043,"comment_status":"open","ping_status":"closed","template":"","meta":{"_uag_custom_page_level_css":"","site-sidebar-layout":"default","site-content-layout":"","ast-site-content-layout":"default","site-content-style":"default","site-sidebar-style":"default","ast-global-header-display":"","ast-banner-title-visibility":"","ast-main-header-display":"","ast-hfb-above-header-display":"","ast-hfb-below-header-display":"","ast-hfb-mobile-header-display":"","site-post-title":"","ast-breadcrumbs-content":"","ast-featured-img":"","footer-sml-layout":"","ast-disable-related-posts":"","theme-transparent-header-meta":"default","adv-header-id-meta":"","stick-header-meta":"","header-above-stick-meta":"","header-main-stick-meta":"","header-below-stick-meta":"","astra-migrate-meta-layouts":"set","ast-page-background-enabled":"default","ast-page-background-meta":{"desktop":{"background-color":"var(--ast-global-color-4)","background-image":"","background-repeat":"repeat","background-position":"center center","background-size":"auto","background-attachment":"scroll","background-type":"","background-media":"","overlay-type":"","overlay-color":"","overlay-opacity":"","overlay-gradient":""},"tablet":{"background-color":"","background-image":"","background-repeat":"repeat","background-position":"center center","background-size":"auto","background-attachment":"scroll","background-type":"","background-media":"","overlay-type":"","overlay-color":"","overlay-opacity":"","overlay-gradient":""},"mobile":{"background-color":"","background-image":"","background-repeat":"repeat","background-position":"center center","background-size":"auto","background-attachment":"scroll","background-type":"","background-media":"","overlay-type":"","overlay-color":"","overlay-opacity":"","overlay-gradient":""}},"ast-content-background-meta":{"desktop":{"background-color":"var(--ast-global-color-5)","background-image":"","background-repeat":"repeat","background-position":"center center","background-size":"auto","background-attachment":"scroll","background-type":"","background-media":"","overlay-type":"","overlay-color":"","overlay-opacity":"","overlay-gradient":""},"tablet":{"background-color":"var(--ast-global-color-5)","background-image":"","background-repeat":"repeat","background-position":"center center","background-size":"auto","background-attachment":"scroll","background-type":"","background-media":"","overlay-type":"","overlay-color":"","overlay-opacity":"","overlay-gradient":""},"mobile":{"background-color":"var(--ast-global-color-5)","background-image":"","background-repeat":"repeat","background-position":"center center","background-size":"auto","background-attachment":"scroll","background-type":"","background-media":"","overlay-type":"","overlay-color":"","overlay-opacity":"","overlay-gradient":""}}},"product_brand":[],"product_cat":[176],"product_tag":[],"class_list":{"0":"post-22989","1":"product","2":"type-product","3":"status-publish","4":"has-post-thumbnail","6":"product_cat-automotive","7":"desktop-align-left","8":"tablet-align-left","9":"mobile-align-left","11":"first","12":"instock","13":"taxable","14":"shipping-taxable","15":"purchasable","16":"product-type-simple"},"spectra_custom_meta":{"_visibility":["visible"],"_shopify_product_id":["1706250928162"],"_s2w_shopify_domain":["noleaky.myshopify.com"],"_shopify_variant_id":["29500068954146"],"_sku":["NLHEADGASKETREPAIR"],"_regular_price":["29.90"],"_price":["29.90"],"_weight":["0.45"],"_thumbnail_id":["23043"],"_global_unique_id":["5056773800687"],"total_sales":["3838"],"_tax_status":["taxable"],"_tax_class":[""],"_manage_stock":["no"],"_backorders":["no"],"_sold_individually":["no"],"_virtual":["no"],"_downloadable":["no"],"_download_limit":["-1"],"_download_expiry":["-1"],"_stock":[null],"_stock_status":["instock"],"_wc_average_rating":["4.76"],"_wc_review_count":["229"],"_product_version":["10.5.2"],"_edit_lock":["1776833732:442"],"merchant-center-availability":["yes"],"merchant-center-category":["2517"],"merchant-center-id":["HGR"],"_edit_last":["1"],"_wp_page_template":["default"],"site-sidebar-layout":["default"],"ast-site-content-layout":["default"],"site-content-style":["default"],"site-sidebar-style":["default"],"theme-transparent-header-meta":["default"],"_wc_rating_count":["a:3:{i:3;i:10;i:4;i:35;i:5;i:184;}"],"_upsell_ids":["a:3:{i:0;i:22975;i:1;i:23022;i:2;i:23025;}"],"_crosssell_ids":["a:3:{i:0;i:22975;i:1;i:23022;i:2;i:23025;}"],"astra-migrate-meta-layouts":["set"],"_uag_css_file_name":["uag-css-22989.css"],"_elementor_page_assets":["a:0:{}"]},"uagb_featured_image_src":{"full":["https:\/\/www.noleaky.com\/wp-content\/uploads\/2025\/06\/HeadGasketfinal.png",2560,2560,false],"thumbnail":["https:\/\/www.noleaky.com\/wp-content\/uploads\/2025\/06\/HeadGasketfinal-150x150.png",150,150,true],"medium":["https:\/\/www.noleaky.com\/wp-content\/uploads\/2025\/06\/HeadGasketfinal-300x300.png",300,300,true],"medium_large":["https:\/\/www.noleaky.com\/wp-content\/uploads\/2025\/06\/HeadGasketfinal-768x768.png",768,768,true],"large":["https:\/\/www.noleaky.com\/wp-content\/uploads\/2025\/06\/HeadGasketfinal-1024x1024.png",1024,1024,true],"1536x1536":["https:\/\/www.noleaky.com\/wp-content\/uploads\/2025\/06\/HeadGasketfinal-1536x1536.png",1536,1536,true],"2048x2048":["https:\/\/www.noleaky.com\/wp-content\/uploads\/2025\/06\/HeadGasketfinal-2048x2048.png",2048,2048,true],"trp-custom-language-flag":["https:\/\/www.noleaky.com\/wp-content\/uploads\/2025\/06\/HeadGasketfinal-12x12.png",12,12,true],"woocommerce_thumbnail":["https:\/\/www.noleaky.com\/wp-content\/uploads\/2025\/06\/HeadGasketfinal-300x300.png",300,300,true],"woocommerce_single":["https:\/\/www.noleaky.com\/wp-content\/uploads\/2025\/06\/HeadGasketfinal-600x600.png",600,600,true],"woocommerce_gallery_thumbnail":["https:\/\/www.noleaky.com\/wp-content\/uploads\/2025\/06\/HeadGasketfinal-100x100.png",100,100,true]},"uagb_author_info":{"display_name":"admin","author_link":"https:\/\/www.noleaky.com\/pt\/author\/"},"uagb_comment_info":229,"uagb_excerpt":"Repairs head gasket issues without expensive engine dismantling. Our head gasket repair formula is specially developed to solve common head gasket-related problems without the need for costly mechanical repairs. It works from inside the cooling system to seal leaks caused by damaged head gaskets, minor cracks, and sealing failures, helping you avoid time-consuming and expensive&hellip;","_links":{"self":[{"href":"https:\/\/www.noleaky.com\/pt\/wp-json\/wp\/v2\/product\/22989","targetHints":{"allow":["GET"]}}],"collection":[{"href":"https:\/\/www.noleaky.com\/pt\/wp-json\/wp\/v2\/product"}],"about":[{"href":"https:\/\/www.noleaky.com\/pt\/wp-json\/wp\/v2\/types\/product"}],"replies":[{"embeddable":true,"href":"https:\/\/www.noleaky.com\/pt\/wp-json\/wp\/v2\/comments?post=22989"}],"version-history":[{"count":10,"href":"https:\/\/www.noleaky.com\/pt\/wp-json\/wp\/v2\/product\/22989\/revisions"}],"predecessor-version":[{"id":33277,"href":"https:\/\/www.noleaky.com\/pt\/wp-json\/wp\/v2\/product\/22989\/revisions\/33277"}],"wp:featuredmedia":[{"embeddable":true,"href":"https:\/\/www.noleaky.com\/pt\/wp-json\/wp\/v2\/media\/23043"}],"wp:attachment":[{"href":"https:\/\/www.noleaky.com\/pt\/wp-json\/wp\/v2\/media?parent=22989"}],"wp:term":[{"taxonomy":"product_brand","embeddable":true,"href":"https:\/\/www.noleaky.com\/pt\/wp-json\/wp\/v2\/product_brand?post=22989"},{"taxonomy":"product_cat","embeddable":true,"href":"https:\/\/www.noleaky.com\/pt\/wp-json\/wp\/v2\/product_cat?post=22989"},{"taxonomy":"product_tag","embeddable":true,"href":"https:\/\/www.noleaky.com\/pt\/wp-json\/wp\/v2\/product_tag?post=22989"}],"curies":[{"name":"wp","href":"https:\/\/api.w.org\/{rel}","templated":true}]}}