{"id":23028,"date":"2025-06-02T15:49:29","date_gmt":"2025-06-02T13:49:29","guid":{"rendered":"https:\/\/www.noleaky.com\/products\/tank-sealer\/"},"modified":"2026-03-01T15:07:02","modified_gmt":"2026-03-01T14:07:02","slug":"tank-sealer","status":"publish","type":"product","link":"https:\/\/www.noleaky.com\/pl\/products\/tank-sealer\/","title":{"rendered":"P\u0142yn zapobiegaj\u0105cy wyciekom ze zbiornika paliwa"},"content":{"rendered":"<p><strong><img decoding=\"async\" style=\"margin-right: 12px;\" src=\"https:\/\/www.noleaky.com\/wp-content\/uploads\/2026\/02\/Check.svg\" alt=\"\" width=\"18\" height=\"15\" \/>Uszczelnia wycieki ze zbiornika paliwa bez konieczno\u015bci jego demonta\u017cu.<\/strong> Nasz p\u0142yn zapobiegaj\u0105cy wyciekom ze zbiornika paliwa zosta\u0142 specjalnie opracowany do uszczelniania wyciek\u00f3w z zewn\u0105trz zbiornika, bezpo\u015brednio w miejscu uszkodzenia. Nie wymaga wlewania do uk\u0142adu paliwowego, dzi\u0119ki czemu jest bezpiecznym i ukierunkowanym rozwi\u0105zaniem do naprawy p\u0119kni\u0119\u0107, otwor\u00f3w i ma\u0142ych perforacji bez konieczno\u015bci demonta\u017cu pojazdu.<\/p>\n<p><strong><img decoding=\"async\" style=\"margin-right: 12px;\" src=\"https:\/\/www.noleaky.com\/wp-content\/uploads\/2026\/02\/Check.svg\" alt=\"\" width=\"18\" height=\"15\" \/>Najskuteczniejsze dost\u0119pne rozwi\u0105zanie do uszczelniania zewn\u0119trznych zbiornik\u00f3w paliwa.<\/strong> Jest to najskuteczniejszy p\u0142yn zapobiegaj\u0105cy wyciekom paliwa w swojej kategorii. Jego zaawansowana technologia wi\u0105zania silnie przylega do metalowych powierzchni i tworzy trwa\u0142e, odporne na paliwo uszczelnienie, kt\u00f3re wytrzymuje wibracje, ci\u015bnienie i zmiany temperatury.<\/p>\n<p><strong><img decoding=\"async\" style=\"margin-right: 12px;\" src=\"https:\/\/www.noleaky.com\/wp-content\/uploads\/2026\/02\/Check.svg\" alt=\"\" width=\"18\" height=\"15\" \/>Najta\u0144sza alternatywa dla wymiany zbiornika paliwa.<\/strong> Wymiana zbiornika paliwa mo\u017ce by\u0107 kosztowna i czasoch\u0142onna. Nasz produkt jest najta\u0144szym profesjonalnym rozwi\u0105zaniem na rynku, oferuj\u0105cym niezawodne uszczelnienie zewn\u0119trzne bez wysokich koszt\u00f3w robocizny i cz\u0119\u015bci zwi\u0105zanych z demonta\u017cem lub wymian\u0105 zbiornika.<\/p>\n<p><strong><img decoding=\"async\" style=\"margin-right: 12px;\" src=\"https:\/\/www.noleaky.com\/wp-content\/uploads\/2026\/02\/Check.svg\" alt=\"\" width=\"18\" height=\"15\" \/>Gwarantowana dostawa w ci\u0105gu 24 godzin w przypadku pilnych napraw wyciek\u00f3w.<\/strong> Wycieki paliwa wymagaj\u0105 natychmiastowej uwagi. Dlatego gwarantujemy dostaw\u0119 w ci\u0105gu 24 godzin, co pozwala szybko zaj\u0105\u0107 si\u0119 problemem i zmniejszy\u0107 ryzyko dalszych wyciek\u00f3w lub przestoj\u00f3w pojazdu.<\/p>\n<p><strong><img decoding=\"async\" style=\"margin-right: 12px;\" src=\"https:\/\/www.noleaky.com\/wp-content\/uploads\/2026\/02\/Check.svg\" alt=\"\" width=\"18\" height=\"15\" \/>Gwarancja zwrotu pieni\u0119dzy dla ca\u0142kowitej pewno\u015bci.<\/strong> Gwarantujemy skuteczno\u015b\u0107 naszego p\u0142ynu zapobiegaj\u0105cego wyciekom ze zbiornika paliwa. Je\u015bli nie b\u0119dziesz zadowolony z rezultat\u00f3w, oferujemy gwarancj\u0119 zwrotu pieni\u0119dzy. Wystarczy skontaktowa\u0107 si\u0119 z nami, a my zwr\u00f3cimy koszty zakupu, dzi\u0119ki czemu inwestycja b\u0119dzie ca\u0142kowicie wolna od ryzyka.<\/p>\n<p><strong><img decoding=\"async\" style=\"margin-right: 12px;\" src=\"https:\/\/www.noleaky.com\/wp-content\/uploads\/2026\/02\/Check.svg\" alt=\"\" width=\"18\" height=\"15\" \/>Tworzy mocne, odporne na paliwo uszczelnienie zewn\u0119trzne.<\/strong> Po na\u0142o\u017ceniu p\u0142yn twardnieje, tworz\u0105c solidn\u0105 warstw\u0119 ochronn\u0105, kt\u00f3ra jest odporna na dzia\u0142anie benzyny i oleju nap\u0119dowego. Tworzy d\u0142ugotrwa\u0142\u0105 barier\u0119 nad uszkodzonym obszarem, zapobiegaj\u0105c dalszemu wyciekowi.<\/p>\n<p><strong><img decoding=\"async\" style=\"margin-right: 12px;\" src=\"https:\/\/www.noleaky.com\/wp-content\/uploads\/2026\/02\/Check.svg\" alt=\"\" width=\"18\" height=\"15\" \/>Idealny do ma\u0142ych p\u0119kni\u0119\u0107, otwor\u00f3w i drobnych uszkodze\u0144 korozyjnych.<\/strong> Produkt zosta\u0142 specjalnie zaprojektowany do leczenia miejscowych uszkodze\u0144 na zewn\u0119trznej powierzchni zbiornik\u00f3w paliwa, przywracaj\u0105c integralno\u015b\u0107 bez ingerencji w sam uk\u0142ad paliwowy.<\/p>\n<p><strong><img decoding=\"async\" style=\"margin-right: 12px;\" src=\"https:\/\/www.noleaky.com\/wp-content\/uploads\/2026\/02\/Check.svg\" alt=\"\" width=\"18\" height=\"15\" \/>Nie ma potrzeby wlewania do zbiornika lub zanieczyszczania paliwa.<\/strong> W przeciwie\u0144stwie do uszczelniaczy wewn\u0119trznych, produkt ten jest przeznaczony wy\u0142\u0105cznie do zastosowa\u0144 zewn\u0119trznych. Nak\u0142ada si\u0119 go bezpo\u015brednio na zewn\u0119trzn\u0105 cz\u0119\u015b\u0107 zbiornika w miejscu wycieku, zapewniaj\u0105c, \u017ce paliwo wewn\u0105trz pozostanie nienaruszone.<\/p>\n<p><strong><img decoding=\"async\" style=\"margin-right: 12px;\" src=\"https:\/\/www.noleaky.com\/wp-content\/uploads\/2026\/02\/Check.svg\" alt=\"\" width=\"18\" height=\"15\" \/>Nadaje si\u0119 do metalowych zbiornik\u00f3w paliwa w r\u00f3\u017cnych pojazdach.<\/strong> Kompatybilny z wieloma standardowymi metalowymi zbiornikami paliwa u\u017cywanymi w samochodach osobowych, dostawczych, ci\u0119\u017car\u00f3wkach i innych pojazdach, po prawid\u0142owym na\u0142o\u017ceniu na czyste i przygotowane powierzchnie.<\/p>\n<p><strong><img decoding=\"async\" style=\"margin-right: 12px;\" src=\"https:\/\/www.noleaky.com\/wp-content\/uploads\/2026\/02\/Check.svg\" alt=\"\" width=\"18\" height=\"15\" \/>Skraca czas przestoj\u00f3w i wyd\u0142u\u017ca \u017cywotno\u015b\u0107 zbiornika.<\/strong> Dzi\u0119ki szybkiemu i skutecznemu uszczelnianiu wyciek\u00f3w, produkt pomaga wyd\u0142u\u017cy\u0107 \u017cywotno\u015b\u0107 zbiornika paliwa i unikn\u0105\u0107 natychmiastowej kosztownej wymiany.<\/p>\n<h2><strong>Instrukcje<\/strong><\/h2>\n<ul>\n<li>Przed rozpocz\u0119ciem naprawy nale\u017cy upewni\u0107 si\u0119, \u017ce silnik pojazdu jest wy\u0142\u0105czony i ca\u0142kowicie zimny.<\/li>\n<li>Pracowa\u0107 w dobrze wentylowanym miejscu, z dala od otwartego ognia lub \u017ar\u00f3de\u0142 zap\u0142onu.<\/li>\n<li>Zidentyfikuj dok\u0142adn\u0105 lokalizacj\u0119 wycieku na zewn\u0105trz zbiornika paliwa.<\/li>\n<li>W razie potrzeby spu\u015bci\u0107 lub obni\u017cy\u0107 poziom paliwa poni\u017cej poziomu wycieku, aby zapobiec aktywnemu wyciekowi podczas aplikacji.<\/li>\n<li>Dok\u0142adnie oczy\u015b\u0107 uszkodzony obszar. Usu\u0144 brud, t\u0142uszcz, rdz\u0119, farb\u0119 i lu\u017ane zanieczyszczenia za pomoc\u0105 papieru \u015bciernego lub szczotki drucianej.<\/li>\n<li>Odt\u0142u\u015b\u0107 powierzchni\u0119 i pozw\u00f3l jej ca\u0142kowicie wyschn\u0105\u0107 przed na\u0142o\u017ceniem produktu.<\/li>\n<li>Przed u\u017cyciem dok\u0142adnie wstrz\u0105sn\u0105\u0107 p\u0142ynem zapobiegaj\u0105cym wyciekom ze zbiornika paliwa.<\/li>\n<li>Na\u0142\u00f3\u017c produkt bezpo\u015brednio na zewn\u0119trzn\u0105 powierzchni\u0119 w miejscu wycieku, zapewniaj\u0105c pe\u0142ne pokrycie uszkodzonego obszaru i nieco poza jego kraw\u0119dzie.<\/li>\n<li>Przed ca\u0142kowitym nape\u0142nieniem zbiornika lub uruchomieniem pojazdu nale\u017cy odczeka\u0107, a\u017c produkt utwardzi si\u0119 zgodnie z okre\u015blonym czasem schni\u0119cia.<\/li>\n<li>Sprawd\u017a naprawiony obszar po utwardzeniu, aby upewni\u0107 si\u0119, \u017ce wyciek zosta\u0142 ca\u0142kowicie uszczelniony przed przywr\u00f3ceniem pojazdu do normalnego u\u017cytkowania.<\/li>\n<\/ul>","protected":false},"excerpt":{"rendered":"<p>Seals fuel tank leaks externally without removing the tank. Our fuel tank stop leak fluid is specially formulated to seal leaks from the outside of the tank, directly at the point of damage. It does not require pouring into the fuel system, making it a safe and targeted solution for repairing cracks, pinholes, and small [&hellip;]<\/p>\n","protected":false},"featured_media":23100,"comment_status":"open","ping_status":"closed","template":"","meta":{"_uag_custom_page_level_css":"","site-sidebar-layout":"default","site-content-layout":"","ast-site-content-layout":"default","site-content-style":"default","site-sidebar-style":"default","ast-global-header-display":"","ast-banner-title-visibility":"","ast-main-header-display":"","ast-hfb-above-header-display":"","ast-hfb-below-header-display":"","ast-hfb-mobile-header-display":"","site-post-title":"","ast-breadcrumbs-content":"","ast-featured-img":"","footer-sml-layout":"","ast-disable-related-posts":"","theme-transparent-header-meta":"default","adv-header-id-meta":"","stick-header-meta":"","header-above-stick-meta":"","header-main-stick-meta":"","header-below-stick-meta":"","astra-migrate-meta-layouts":"set","ast-page-background-enabled":"default","ast-page-background-meta":{"desktop":{"background-color":"var(--ast-global-color-4)","background-image":"","background-repeat":"repeat","background-position":"center center","background-size":"auto","background-attachment":"scroll","background-type":"","background-media":"","overlay-type":"","overlay-color":"","overlay-opacity":"","overlay-gradient":""},"tablet":{"background-color":"","background-image":"","background-repeat":"repeat","background-position":"center center","background-size":"auto","background-attachment":"scroll","background-type":"","background-media":"","overlay-type":"","overlay-color":"","overlay-opacity":"","overlay-gradient":""},"mobile":{"background-color":"","background-image":"","background-repeat":"repeat","background-position":"center center","background-size":"auto","background-attachment":"scroll","background-type":"","background-media":"","overlay-type":"","overlay-color":"","overlay-opacity":"","overlay-gradient":""}},"ast-content-background-meta":{"desktop":{"background-color":"var(--ast-global-color-5)","background-image":"","background-repeat":"repeat","background-position":"center center","background-size":"auto","background-attachment":"scroll","background-type":"","background-media":"","overlay-type":"","overlay-color":"","overlay-opacity":"","overlay-gradient":""},"tablet":{"background-color":"var(--ast-global-color-5)","background-image":"","background-repeat":"repeat","background-position":"center center","background-size":"auto","background-attachment":"scroll","background-type":"","background-media":"","overlay-type":"","overlay-color":"","overlay-opacity":"","overlay-gradient":""},"mobile":{"background-color":"var(--ast-global-color-5)","background-image":"","background-repeat":"repeat","background-position":"center center","background-size":"auto","background-attachment":"scroll","background-type":"","background-media":"","overlay-type":"","overlay-color":"","overlay-opacity":"","overlay-gradient":""}}},"product_brand":[],"product_cat":[176],"product_tag":[],"class_list":{"0":"post-23028","1":"product","2":"type-product","3":"status-publish","4":"has-post-thumbnail","6":"product_cat-automotive","7":"desktop-align-left","8":"tablet-align-left","9":"mobile-align-left","11":"first","12":"instock","13":"shipping-taxable","14":"purchasable","15":"product-type-simple"},"spectra_custom_meta":{"_visibility":["visible"],"_shopify_product_id":["7960312053980"],"_s2w_shopify_domain":["noleaky.myshopify.com"],"_shopify_variant_id":["43735174643932"],"_sku":["NLTANKSEALER"],"_regular_price":["29.90"],"_price":["29.90"],"_sale_price":[""],"_weight":["0.45"],"_thumbnail_id":["23100"],"_global_unique_id":["5056773800946"],"total_sales":["67"],"_tax_status":["taxable"],"_tax_class":[""],"_manage_stock":["no"],"_backorders":["no"],"_sold_individually":["no"],"_virtual":["no"],"_downloadable":["no"],"_download_limit":["-1"],"_download_expiry":["-1"],"_stock":[null],"_stock_status":["instock"],"_wc_average_rating":["4.95"],"_wc_review_count":["82"],"_product_version":["10.5.2"],"_edit_lock":["1772613429:1095"],"merchant-center-availability":["yes"],"merchant-center-category":["2788"],"merchant-center-id":["TR"],"_edit_last":["1"],"_wp_page_template":["default"],"site-sidebar-layout":["default"],"ast-site-content-layout":["default"],"site-content-style":["default"],"site-sidebar-style":["default"],"theme-transparent-header-meta":["default"],"_wc_rating_count":["a:2:{i:4;i:4;i:5;i:78;}"],"_upsell_ids":["a:3:{i:0;i:22975;i:1;i:23022;i:2;i:23025;}"],"_crosssell_ids":["a:3:{i:0;i:22975;i:1;i:23022;i:2;i:23025;}"],"astra-migrate-meta-layouts":["set"],"_uag_css_file_name":["uag-css-23028.css"],"_elementor_page_assets":["a:0:{}"],"_uag_page_assets":["a:9:{s:3:\"css\";s:6893:\".wp-block-uagb-image{display:flex}.wp-block-uagb-image__figure{position:relative;display:flex;flex-direction:column;max-width:100%;height:auto;margin:0}.wp-block-uagb-image__figure img{height:auto;display:flex;max-width:100%;transition:box-shadow 0.2s ease}.wp-block-uagb-image__figure>a{display:inline-block}.wp-block-uagb-image__figure figcaption{text-align:center;margin-top:0.5em;margin-bottom:1em}.wp-block-uagb-image .components-placeholder.block-editor-media-placeholder .components-placeholder__instructions{align-self:center}.wp-block-uagb-image--align-left{text-align:left}.wp-block-uagb-image--align-right{text-align:right}.wp-block-uagb-image--align-center{text-align:center}.wp-block-uagb-image--align-full .wp-block-uagb-image__figure{margin-left:calc(50% - 50vw);margin-right:calc(50% - 50vw);max-width:100vw;width:100vw;height:auto}.wp-block-uagb-image--align-full .wp-block-uagb-image__figure img{height:auto;width:100% !important}.wp-block-uagb-image--align-wide .wp-block-uagb-image__figure img{height:auto;width:100%}.wp-block-uagb-image--layout-overlay__color-wrapper{position:absolute;left:0;top:0;right:0;bottom:0;opacity:0.2;background:rgba(0,0,0,0.5);transition:opacity 0.35s ease-in-out}.wp-block-uagb-image--layout-overlay-link{position:absolute;left:0;right:0;bottom:0;top:0}.wp-block-uagb-image--layout-overlay .wp-block-uagb-image__figure:hover .wp-block-uagb-image--layout-overlay__color-wrapper{opacity:1}.wp-block-uagb-image--layout-overlay__inner{position:absolute;left:15px;right:15px;bottom:15px;top:15px;display:flex;align-items:center;justify-content:center;flex-direction:column;border-color:#fff;transition:0.35s ease-in-out}.wp-block-uagb-image--layout-overlay__inner.top-left,.wp-block-uagb-image--layout-overlay__inner.top-center,.wp-block-uagb-image--layout-overlay__inner.top-right{justify-content:flex-start}.wp-block-uagb-image--layout-overlay__inner.bottom-left,.wp-block-uagb-image--layout-overlay__inner.bottom-center,.wp-block-uagb-image--layout-overlay__inner.bottom-right{justify-content:flex-end}.wp-block-uagb-image--layout-overlay__inner.top-left,.wp-block-uagb-image--layout-overlay__inner.center-left,.wp-block-uagb-image--layout-overlay__inner.bottom-left{align-items:flex-start}.wp-block-uagb-image--layout-overlay__inner.top-right,.wp-block-uagb-image--layout-overlay__inner.center-right,.wp-block-uagb-image--layout-overlay__inner.bottom-right{align-items:flex-end}.wp-block-uagb-image--layout-overlay__inner .uagb-image-heading{color:#fff;transition:transform 0.35s, opacity 0.35s ease-in-out;transform:translate3d(0, 24px, 0);margin:0;line-height:1em}.wp-block-uagb-image--layout-overlay__inner .uagb-image-separator{width:30%;border-top-width:2px;border-top-color:#fff;border-top-style:solid;margin-bottom:10px;opacity:0;transition:transform 0.4s, opacity 0.4s ease-in-out;transform:translate3d(0, 30px, 0)}.wp-block-uagb-image--layout-overlay__inner .uagb-image-caption{opacity:0;overflow:visible;color:#fff;transition:transform 0.45s, opacity 0.45s ease-in-out;transform:translate3d(0, 35px, 0)}.wp-block-uagb-image--layout-overlay__inner:hover .uagb-image-heading,.wp-block-uagb-image--layout-overlay__inner:hover .uagb-image-separator,.wp-block-uagb-image--layout-overlay__inner:hover .uagb-image-caption{opacity:1;transform:translate3d(0, 0, 0)}.wp-block-uagb-image--effect-zoomin .wp-block-uagb-image__figure img,.wp-block-uagb-image--effect-zoomin .wp-block-uagb-image__figure .wp-block-uagb-image--layout-overlay__color-wrapper{transform:scale(1);transition:transform 0.35s ease-in-out}.wp-block-uagb-image--effect-zoomin .wp-block-uagb-image__figure:hover img,.wp-block-uagb-image--effect-zoomin .wp-block-uagb-image__figure:hover .wp-block-uagb-image--layout-overlay__color-wrapper{transform:scale(1.05)}.wp-block-uagb-image--effect-slide .wp-block-uagb-image__figure img,.wp-block-uagb-image--effect-slide .wp-block-uagb-image__figure .wp-block-uagb-image--layout-overlay__color-wrapper{width:calc(100% + 40px) !important;max-width:none !important;transform:translate3d(-40px, 0, 0);transition:transform 0.35s ease-in-out}.wp-block-uagb-image--effect-slide .wp-block-uagb-image__figure:hover img,.wp-block-uagb-image--effect-slide .wp-block-uagb-image__figure:hover .wp-block-uagb-image--layout-overlay__color-wrapper{transform:translate3d(0, 0, 0)}.wp-block-uagb-image--effect-grayscale img{filter:grayscale(0%);transition:0.35s ease-in-out}.wp-block-uagb-image--effect-grayscale:hover img{filter:grayscale(100%)}.wp-block-uagb-image--effect-blur img{filter:blur(0);transition:0.35s ease-in-out}.wp-block-uagb-image--effect-blur:hover img{filter:blur(3px)}\n.uagb-block-e6f939b3.wp-block-uagb-image--layout-default figure img{box-shadow: 0px 0px 0 #00000070;}.uagb-block-e6f939b3.wp-block-uagb-image .wp-block-uagb-image__figure figcaption{font-style: normal;align-self: center;}.uagb-block-e6f939b3.wp-block-uagb-image--layout-overlay figure img{box-shadow: 0px 0px 0 #00000070;}.uagb-block-e6f939b3.wp-block-uagb-image--layout-overlay .wp-block-uagb-image--layout-overlay__color-wrapper{opacity: 0.2;}.uagb-block-e6f939b3.wp-block-uagb-image--layout-overlay .wp-block-uagb-image--layout-overlay__inner{left: 15px;right: 15px;top: 15px;bottom: 15px;}.uagb-block-e6f939b3.wp-block-uagb-image--layout-overlay .wp-block-uagb-image--layout-overlay__inner .uagb-image-heading{font-style: normal;color: #fff;opacity: 1;}.uagb-block-e6f939b3.wp-block-uagb-image--layout-overlay .wp-block-uagb-image--layout-overlay__inner .uagb-image-heading a{color: #fff;}.uagb-block-e6f939b3.wp-block-uagb-image--layout-overlay .wp-block-uagb-image--layout-overlay__inner .uagb-image-caption{opacity: 0;}.uagb-block-e6f939b3.wp-block-uagb-image--layout-overlay .wp-block-uagb-image__figure:hover .wp-block-uagb-image--layout-overlay__color-wrapper{opacity: 1;}.uagb-block-e6f939b3.wp-block-uagb-image .wp-block-uagb-image--layout-overlay__inner .uagb-image-separator{width: 30%;border-top-width: 2px;border-top-color: #fff;opacity: 0;}.uagb-block-e6f939b3.wp-block-uagb-image .wp-block-uagb-image__figure img{width: px;height: auto;}.uagb-block-e6f939b3.wp-block-uagb-image .wp-block-uagb-image__figure:hover .wp-block-uagb-image--layout-overlay__inner .uagb-image-caption{opacity: 1;}.uagb-block-e6f939b3.wp-block-uagb-image .wp-block-uagb-image__figure:hover .wp-block-uagb-image--layout-overlay__inner .uagb-image-separator{opacity: 1;}.uagb-block-e6f939b3.wp-block-uagb-image--layout-default figure:hover img{box-shadow: 0px 0px 0 #00000070;}.uagb-block-e6f939b3.wp-block-uagb-image--layout-overlay figure:hover img{box-shadow: 0px 0px 0 #00000070;}@media only screen and (max-width: 976px) {.uagb-block-e6f939b3.wp-block-uagb-image .wp-block-uagb-image__figure img{width: px;height: auto;}}@media only screen and (max-width: 767px) {.uagb-block-e6f939b3.wp-block-uagb-image .wp-block-uagb-image__figure img{width: px;height: auto;}}\";s:2:\"js\";s:0:\"\";s:18:\"current_block_list\";a:13:{i:0;s:11:\"core\/search\";i:1;s:10:\"core\/group\";i:2;s:12:\"core\/heading\";i:3;s:17:\"core\/latest-posts\";i:4;s:20:\"core\/latest-comments\";i:5;s:13:\"core\/archives\";i:6;s:15:\"core\/categories\";i:7;s:14:\"core\/paragraph\";i:8;s:10:\"uagb\/image\";i:9;s:11:\"core\/spacer\";i:10;s:30:\"woocommerce\/product-categories\";i:11;s:10:\"core\/image\";i:12;s:14:\"core\/shortcode\";}s:8:\"uag_flag\";b:1;s:11:\"uag_version\";s:10:\"1776751876\";s:6:\"gfonts\";a:0:{}s:10:\"gfonts_url\";s:0:\"\";s:12:\"gfonts_files\";a:0:{}s:14:\"uag_faq_layout\";b:0;}"]},"uagb_featured_image_src":{"full":["https:\/\/www.noleaky.com\/wp-content\/uploads\/2025\/06\/2.i.TankSealer_4000x4000_1e125d20-8e03-436d-ba69-17f64c9b419f.png",2560,2560,false],"thumbnail":["https:\/\/www.noleaky.com\/wp-content\/uploads\/2025\/06\/2.i.TankSealer_4000x4000_1e125d20-8e03-436d-ba69-17f64c9b419f-150x150.png",150,150,true],"medium":["https:\/\/www.noleaky.com\/wp-content\/uploads\/2025\/06\/2.i.TankSealer_4000x4000_1e125d20-8e03-436d-ba69-17f64c9b419f-300x300.png",300,300,true],"medium_large":["https:\/\/www.noleaky.com\/wp-content\/uploads\/2025\/06\/2.i.TankSealer_4000x4000_1e125d20-8e03-436d-ba69-17f64c9b419f-768x768.png",768,768,true],"large":["https:\/\/www.noleaky.com\/wp-content\/uploads\/2025\/06\/2.i.TankSealer_4000x4000_1e125d20-8e03-436d-ba69-17f64c9b419f-1024x1024.png",1024,1024,true],"1536x1536":["https:\/\/www.noleaky.com\/wp-content\/uploads\/2025\/06\/2.i.TankSealer_4000x4000_1e125d20-8e03-436d-ba69-17f64c9b419f-1536x1536.png",1536,1536,true],"2048x2048":["https:\/\/www.noleaky.com\/wp-content\/uploads\/2025\/06\/2.i.TankSealer_4000x4000_1e125d20-8e03-436d-ba69-17f64c9b419f-2048x2048.png",2048,2048,true],"trp-custom-language-flag":["https:\/\/www.noleaky.com\/wp-content\/uploads\/2025\/06\/2.i.TankSealer_4000x4000_1e125d20-8e03-436d-ba69-17f64c9b419f-12x12.png",12,12,true],"woocommerce_thumbnail":["https:\/\/www.noleaky.com\/wp-content\/uploads\/2025\/06\/2.i.TankSealer_4000x4000_1e125d20-8e03-436d-ba69-17f64c9b419f-300x300.png",300,300,true],"woocommerce_single":["https:\/\/www.noleaky.com\/wp-content\/uploads\/2025\/06\/2.i.TankSealer_4000x4000_1e125d20-8e03-436d-ba69-17f64c9b419f-600x600.png",600,600,true],"woocommerce_gallery_thumbnail":["https:\/\/www.noleaky.com\/wp-content\/uploads\/2025\/06\/2.i.TankSealer_4000x4000_1e125d20-8e03-436d-ba69-17f64c9b419f-100x100.png",100,100,true]},"uagb_author_info":{"display_name":"admin","author_link":"https:\/\/www.noleaky.com\/pl\/author\/"},"uagb_comment_info":82,"uagb_excerpt":"Seals fuel tank leaks externally without removing the tank. Our fuel tank stop leak fluid is specially formulated to seal leaks from the outside of the tank, directly at the point of damage. It does not require pouring into the fuel system, making it a safe and targeted solution for repairing cracks, pinholes, and small&hellip;","_links":{"self":[{"href":"https:\/\/www.noleaky.com\/pl\/wp-json\/wp\/v2\/product\/23028","targetHints":{"allow":["GET"]}}],"collection":[{"href":"https:\/\/www.noleaky.com\/pl\/wp-json\/wp\/v2\/product"}],"about":[{"href":"https:\/\/www.noleaky.com\/pl\/wp-json\/wp\/v2\/types\/product"}],"replies":[{"embeddable":true,"href":"https:\/\/www.noleaky.com\/pl\/wp-json\/wp\/v2\/comments?post=23028"}],"version-history":[{"count":5,"href":"https:\/\/www.noleaky.com\/pl\/wp-json\/wp\/v2\/product\/23028\/revisions"}],"predecessor-version":[{"id":33279,"href":"https:\/\/www.noleaky.com\/pl\/wp-json\/wp\/v2\/product\/23028\/revisions\/33279"}],"wp:featuredmedia":[{"embeddable":true,"href":"https:\/\/www.noleaky.com\/pl\/wp-json\/wp\/v2\/media\/23100"}],"wp:attachment":[{"href":"https:\/\/www.noleaky.com\/pl\/wp-json\/wp\/v2\/media?parent=23028"}],"wp:term":[{"taxonomy":"product_brand","embeddable":true,"href":"https:\/\/www.noleaky.com\/pl\/wp-json\/wp\/v2\/product_brand?post=23028"},{"taxonomy":"product_cat","embeddable":true,"href":"https:\/\/www.noleaky.com\/pl\/wp-json\/wp\/v2\/product_cat?post=23028"},{"taxonomy":"product_tag","embeddable":true,"href":"https:\/\/www.noleaky.com\/pl\/wp-json\/wp\/v2\/product_tag?post=23028"}],"curies":[{"name":"wp","href":"https:\/\/api.w.org\/{rel}","templated":true}]}}