{"id":23027,"date":"2025-06-02T15:49:28","date_gmt":"2025-06-02T13:49:28","guid":{"rendered":"https:\/\/www.noleaky.com\/products\/superethanol-treatment-e85\/"},"modified":"2026-03-01T14:36:25","modified_gmt":"2026-03-01T13:36:25","slug":"superethanol-treatment-e85","status":"publish","type":"product","link":"https:\/\/www.noleaky.com\/pl\/products\/superethanol-treatment-e85\/","title":{"rendered":"Kuracja Superetanolem"},"content":{"rendered":"<p><strong><img decoding=\"async\" style=\"margin-right: 12px;\" src=\"https:\/\/www.noleaky.com\/wp-content\/uploads\/2026\/02\/Check.svg\" alt=\"\" width=\"18\" height=\"15\" \/>Optymalizuje osi\u0105gi silnika w pojazdach zasilanych paliwem superetanolowym.<\/strong> Nasz superetanol zosta\u0142 opracowany specjalnie w celu poprawy wydajno\u015bci spalania i stabilno\u015bci silnika w pojazdach wykorzystuj\u0105cych paliwa o wysokiej zawarto\u015bci etanolu, takie jak E85. Poprawia jako\u015b\u0107 zap\u0142onu, zmniejsza nieregularne spalanie i zapewnia p\u0142ynniejsz\u0105 prac\u0119 silnika nawet w wymagaj\u0105cych warunkach jazdy.<\/p>\n<p><strong><img decoding=\"async\" style=\"margin-right: 12px;\" src=\"https:\/\/www.noleaky.com\/wp-content\/uploads\/2026\/02\/Check.svg\" alt=\"\" width=\"18\" height=\"15\" \/>Najskuteczniejsza formu\u0142a ochrony uk\u0142ad\u00f3w paliwowych nara\u017conych na dzia\u0142anie etanolu.<\/strong> Paliwa na bazie etanolu mog\u0105 przyci\u0105ga\u0107 wilgo\u0107 i powodowa\u0107 korozj\u0119 wewn\u0105trz uk\u0142adu paliwowego. Nasza zaawansowana obr\u00f3bka jest najskuteczniejszym rozwi\u0105zaniem stabilizuj\u0105cym paliwo, redukuj\u0105cym problemy zwi\u0105zane z wod\u0105 i chroni\u0105cym wtryskiwacze, pompy paliwowe i wewn\u0119trzne elementy silnika przed przedwczesnym zu\u017cyciem i osadami.<\/p>\n<p><strong><img decoding=\"async\" style=\"margin-right: 12px;\" src=\"https:\/\/www.noleaky.com\/wp-content\/uploads\/2026\/02\/Check.svg\" alt=\"\" width=\"18\" height=\"15\" \/>Najta\u0144szy wysokowydajny dodatek na rynku.<\/strong> Oferujemy profesjonaln\u0105 ochron\u0119 przed superetanolem w najbardziej konkurencyjnej cenie. Nasz produkt jest najta\u0144szym rozwi\u0105zaniem w swojej kategorii, a jednocze\u015bnie zapewnia najwy\u017csz\u0105 wydajno\u015b\u0107, umo\u017cliwiaj\u0105c kierowcom prawid\u0142ow\u0105 konserwacj\u0119 pojazd\u00f3w bez zwi\u0119kszania koszt\u00f3w eksploatacji.<\/p>\n<p><strong><img decoding=\"async\" style=\"margin-right: 12px;\" src=\"https:\/\/www.noleaky.com\/wp-content\/uploads\/2026\/02\/Check.svg\" alt=\"\" width=\"18\" height=\"15\" \/>Gwarantowana dostawa w ci\u0105gu 24 godzin zapewnia natychmiastow\u0105 opiek\u0119 nad silnikiem.<\/strong> Problemy zwi\u0105zane z paliwem nie powinny czeka\u0107. Dlatego gwarantujemy 24-godzinn\u0105 dostaw\u0119, dzi\u0119ki czemu mo\u017cesz szybko doda\u0107 preparat do zbiornika i bezzw\u0142ocznie utrzyma\u0107 optymaln\u0105 wydajno\u015b\u0107 silnika.<\/p>\n<p><strong><img decoding=\"async\" style=\"margin-right: 12px;\" src=\"https:\/\/www.noleaky.com\/wp-content\/uploads\/2026\/02\/Check.svg\" alt=\"\" width=\"18\" height=\"15\" \/>Gwarancja zwrotu pieni\u0119dzy dla pe\u0142nego spokoju ducha.<\/strong> W pe\u0142ni gwarantujemy skuteczno\u015b\u0107 naszej kuracji superetanolem. Je\u015bli nie b\u0119dziesz zadowolony z rezultat\u00f3w, oferujemy gwarancj\u0119 zwrotu pieni\u0119dzy. Wystarczy skontaktowa\u0107 si\u0119 z nami, a my zwr\u00f3cimy koszty zakupu, dzi\u0119ki czemu inwestycja b\u0119dzie ca\u0142kowicie wolna od ryzyka.<\/p>\n<p><strong><img decoding=\"async\" style=\"margin-right: 12px;\" src=\"https:\/\/www.noleaky.com\/wp-content\/uploads\/2026\/02\/Check.svg\" alt=\"\" width=\"18\" height=\"15\" \/>Poprawia spalanie i wydajno\u015b\u0107 paliwow\u0105.<\/strong> Optymalizuj\u0105c proces spalania paliw bogatych w etanol, preparat pomaga silnikom w pe\u0142niejszym spalaniu paliwa. Mo\u017ce to poprawi\u0107 reakcj\u0119 przepustnicy, zmniejszy\u0107 wahania i przyczyni\u0107 si\u0119 do bardziej sp\u00f3jnego zu\u017cycia paliwa.<\/p>\n<p><strong><img decoding=\"async\" style=\"margin-right: 12px;\" src=\"https:\/\/www.noleaky.com\/wp-content\/uploads\/2026\/02\/Check.svg\" alt=\"\" width=\"18\" height=\"15\" \/>Zapobiega korozji i uszkodzeniom zwi\u0105zanym z wilgoci\u0105.<\/strong> Paliwa etanolowe s\u0105 higroskopijne i mog\u0105 absorbowa\u0107 wod\u0119, co mo\u017ce prowadzi\u0107 do korozji element\u00f3w metalowych. Nasza formu\u0142a pomaga kontrolowa\u0107 wp\u0142yw wilgoci i tworzy barier\u0119 ochronn\u0105 w uk\u0142adzie paliwowym, aby zminimalizowa\u0107 rdz\u0119 i utlenianie.<\/p>\n<p><strong><img decoding=\"async\" style=\"margin-right: 12px;\" src=\"https:\/\/www.noleaky.com\/wp-content\/uploads\/2026\/02\/Check.svg\" alt=\"\" width=\"18\" height=\"15\" \/>Utrzymuje wtryskiwacze i uk\u0142ad paliwowy w czysto\u015bci.<\/strong> Dodatek zawiera \u015brodki czyszcz\u0105ce, kt\u00f3re pomagaj\u0105 zredukowa\u0107 osady we wtryskiwaczach i elementach dolotowych, promuj\u0105c lepsze rozpylanie i p\u0142ynniejsze dostarczanie paliwa w celu uzyskania bardziej stabilnych osi\u0105g\u00f3w silnika.<\/p>\n<p><strong><img decoding=\"async\" style=\"margin-right: 12px;\" src=\"https:\/\/www.noleaky.com\/wp-content\/uploads\/2026\/02\/Check.svg\" alt=\"\" width=\"18\" height=\"15\" \/>Poprawia wydajno\u015b\u0107 rozruchu zimnego silnika.<\/strong> Paliwa o wysokiej zawarto\u015bci etanolu mog\u0105 utrudnia\u0107 rozruch zimnego silnika. Ten zabieg poprawia zap\u0142on w niskich temperaturach, zmniejszaj\u0105c trudno\u015bci z rozruchem i poprawiaj\u0105c reakcj\u0119 silnika.<\/p>\n<p><strong><img decoding=\"async\" style=\"margin-right: 12px;\" src=\"https:\/\/www.noleaky.com\/wp-content\/uploads\/2026\/02\/Check.svg\" alt=\"\" width=\"18\" height=\"15\" \/>Wysoce skoncentrowany z doskona\u0142\u0105 wydajno\u015bci\u0105 leczenia.<\/strong> Jedna butelka wystarcza na du\u017c\u0105 ilo\u015b\u0107 paliwa, dzi\u0119ki czemu jest ekonomiczny i praktyczny w regularnej konserwacji. Jego zoptymalizowane st\u0119\u017cenie zapewnia wydajn\u0105 dystrybucj\u0119 w ca\u0142ym uk\u0142adzie paliwowym.<\/p>\n<h2><strong>Instrukcje<\/strong><\/h2>\n<ul>\n<li>Przed u\u017cyciem upewnij si\u0119, \u017ce pojazd jest kompatybilny z paliwami superetanolowymi, takimi jak E85.<\/li>\n<li>Przed nalaniem dobrze wstrz\u0105sn\u0105\u0107 butelk\u0105.<\/li>\n<li>Dodaj superetanol bezpo\u015brednio do zbiornika paliwa przed tankowaniem, aby zapewni\u0107 optymalne wymieszanie.<\/li>\n<li>Zalecana dawka to oko\u0142o 250 ml na 40 do 60 litr\u00f3w paliwa. Dostosowa\u0107 proporcjonalnie w zale\u017cno\u015bci od pojemno\u015bci zbiornika.<\/li>\n<li>Jedna butelka zazwyczaj wystarcza na pe\u0142ny zbiornik. Nie nale\u017cy przekracza\u0107 zalecanej dawki.<\/li>\n<li>W przypadku pojazd\u00f3w u\u017cywanych regularnie z paliwem superetanolowym nale\u017cy stosowa\u0107 preparat co drugie lub trzecie tankowanie w ramach konserwacji zapobiegawczej.<\/li>\n<li>W przypadku pojazd\u00f3w przechowywanych przez d\u0142u\u017cszy czas nale\u017cy doda\u0107 preparat przed przechowywaniem, aby ustabilizowa\u0107 paliwo.<\/li>\n<li>Po zatankowaniu nale\u017cy jecha\u0107 normalnie, aby umo\u017cliwi\u0107 cyrkulacj\u0119 uzdatnionego paliwa w ca\u0142ym uk\u0142adzie paliwowym.<\/li>\n<li>Produkt nale\u017cy przechowywa\u0107 w ch\u0142odnym i suchym miejscu, z dala od bezpo\u015bredniego \u015bwiat\u0142a s\u0142onecznego.<\/li>\n<li>Przechowywa\u0107 w miejscu niedost\u0119pnym dla dzieci i unika\u0107 kontaktu ze sk\u00f3r\u0105 lub oczami podczas obchodzenia si\u0119 z produktem.<\/li>\n<\/ul>","protected":false},"excerpt":{"rendered":"<p>Optimizes engine performance in vehicles running on superethanol fuel. Our superethanol treatment is specially developed to improve combustion efficiency and engine stability in vehicles using high-ethanol fuels such as E85. It enhances ignition quality, reduces irregular combustion, and supports smoother engine operation even under demanding driving conditions. The most effective formula for protecting fuel systems [&hellip;]<\/p>\n","protected":false},"featured_media":23098,"comment_status":"open","ping_status":"closed","template":"","meta":{"_uag_custom_page_level_css":"","site-sidebar-layout":"default","site-content-layout":"","ast-site-content-layout":"default","site-content-style":"default","site-sidebar-style":"default","ast-global-header-display":"","ast-banner-title-visibility":"","ast-main-header-display":"","ast-hfb-above-header-display":"","ast-hfb-below-header-display":"","ast-hfb-mobile-header-display":"","site-post-title":"","ast-breadcrumbs-content":"","ast-featured-img":"","footer-sml-layout":"","ast-disable-related-posts":"","theme-transparent-header-meta":"default","adv-header-id-meta":"","stick-header-meta":"","header-above-stick-meta":"","header-main-stick-meta":"","header-below-stick-meta":"","astra-migrate-meta-layouts":"set","ast-page-background-enabled":"default","ast-page-background-meta":{"desktop":{"background-color":"var(--ast-global-color-4)","background-image":"","background-repeat":"repeat","background-position":"center center","background-size":"auto","background-attachment":"scroll","background-type":"","background-media":"","overlay-type":"","overlay-color":"","overlay-opacity":"","overlay-gradient":""},"tablet":{"background-color":"","background-image":"","background-repeat":"repeat","background-position":"center center","background-size":"auto","background-attachment":"scroll","background-type":"","background-media":"","overlay-type":"","overlay-color":"","overlay-opacity":"","overlay-gradient":""},"mobile":{"background-color":"","background-image":"","background-repeat":"repeat","background-position":"center center","background-size":"auto","background-attachment":"scroll","background-type":"","background-media":"","overlay-type":"","overlay-color":"","overlay-opacity":"","overlay-gradient":""}},"ast-content-background-meta":{"desktop":{"background-color":"var(--ast-global-color-5)","background-image":"","background-repeat":"repeat","background-position":"center center","background-size":"auto","background-attachment":"scroll","background-type":"","background-media":"","overlay-type":"","overlay-color":"","overlay-opacity":"","overlay-gradient":""},"tablet":{"background-color":"var(--ast-global-color-5)","background-image":"","background-repeat":"repeat","background-position":"center center","background-size":"auto","background-attachment":"scroll","background-type":"","background-media":"","overlay-type":"","overlay-color":"","overlay-opacity":"","overlay-gradient":""},"mobile":{"background-color":"var(--ast-global-color-5)","background-image":"","background-repeat":"repeat","background-position":"center center","background-size":"auto","background-attachment":"scroll","background-type":"","background-media":"","overlay-type":"","overlay-color":"","overlay-opacity":"","overlay-gradient":""}}},"product_brand":[],"product_cat":[176],"product_tag":[],"class_list":{"0":"post-23027","1":"product","2":"type-product","3":"status-publish","4":"has-post-thumbnail","6":"product_cat-automotive","7":"desktop-align-left","8":"tablet-align-left","9":"mobile-align-left","11":"first","12":"instock","13":"shipping-taxable","14":"purchasable","15":"product-type-simple"},"spectra_custom_meta":{"_visibility":["visible"],"_shopify_product_id":["7961079578844"],"_s2w_shopify_domain":["noleaky.myshopify.com"],"_shopify_variant_id":["43736943100124"],"_sku":["NLSUPERETHANOLTREATMENTE85"],"_regular_price":["29.90"],"_price":["29.90"],"_sale_price":[""],"_weight":["0.35"],"_thumbnail_id":["23098"],"_global_unique_id":["5056773800939"],"total_sales":["2"],"_tax_status":["taxable"],"_tax_class":[""],"_manage_stock":["no"],"_backorders":["no"],"_sold_individually":["no"],"_virtual":["no"],"_downloadable":["no"],"_download_limit":["-1"],"_download_expiry":["-1"],"_stock":[null],"_stock_status":["instock"],"_wc_average_rating":["4.92"],"_wc_review_count":["71"],"_product_version":["10.5.2"],"_edit_lock":["1772372140:1"],"merchant-center-availability":["yes"],"merchant-center-category":["2788"],"merchant-center-id":["SE85T"],"_edit_last":["1"],"_wp_page_template":["default"],"site-sidebar-layout":["default"],"ast-site-content-layout":["default"],"site-content-style":["default"],"site-sidebar-style":["default"],"theme-transparent-header-meta":["default"],"_wc_rating_count":["a:2:{i:4;i:6;i:5;i:65;}"],"_upsell_ids":["a:3:{i:0;i:22975;i:1;i:23022;i:2;i:23025;}"],"_crosssell_ids":["a:3:{i:0;i:22975;i:1;i:23022;i:2;i:23025;}"],"astra-migrate-meta-layouts":["set"],"_uag_css_file_name":["uag-css-23027.css"],"_elementor_page_assets":["a:0:{}"],"_uag_page_assets":["a:9:{s:3:\"css\";s:7156:\".uag-blocks-common-selector{z-index:var(--z-index-desktop) !important}@media (max-width: 976px){.uag-blocks-common-selector{z-index:var(--z-index-tablet) !important}}@media (max-width: 767px){.uag-blocks-common-selector{z-index:var(--z-index-mobile) !important}}\n.wp-block-uagb-image{display:flex}.wp-block-uagb-image__figure{position:relative;display:flex;flex-direction:column;max-width:100%;height:auto;margin:0}.wp-block-uagb-image__figure img{height:auto;display:flex;max-width:100%;transition:box-shadow 0.2s ease}.wp-block-uagb-image__figure>a{display:inline-block}.wp-block-uagb-image__figure figcaption{text-align:center;margin-top:0.5em;margin-bottom:1em}.wp-block-uagb-image .components-placeholder.block-editor-media-placeholder .components-placeholder__instructions{align-self:center}.wp-block-uagb-image--align-left{text-align:left}.wp-block-uagb-image--align-right{text-align:right}.wp-block-uagb-image--align-center{text-align:center}.wp-block-uagb-image--align-full .wp-block-uagb-image__figure{margin-left:calc(50% - 50vw);margin-right:calc(50% - 50vw);max-width:100vw;width:100vw;height:auto}.wp-block-uagb-image--align-full .wp-block-uagb-image__figure img{height:auto;width:100% !important}.wp-block-uagb-image--align-wide .wp-block-uagb-image__figure img{height:auto;width:100%}.wp-block-uagb-image--layout-overlay__color-wrapper{position:absolute;left:0;top:0;right:0;bottom:0;opacity:0.2;background:rgba(0,0,0,0.5);transition:opacity 0.35s ease-in-out}.wp-block-uagb-image--layout-overlay-link{position:absolute;left:0;right:0;bottom:0;top:0}.wp-block-uagb-image--layout-overlay .wp-block-uagb-image__figure:hover .wp-block-uagb-image--layout-overlay__color-wrapper{opacity:1}.wp-block-uagb-image--layout-overlay__inner{position:absolute;left:15px;right:15px;bottom:15px;top:15px;display:flex;align-items:center;justify-content:center;flex-direction:column;border-color:#fff;transition:0.35s ease-in-out}.wp-block-uagb-image--layout-overlay__inner.top-left,.wp-block-uagb-image--layout-overlay__inner.top-center,.wp-block-uagb-image--layout-overlay__inner.top-right{justify-content:flex-start}.wp-block-uagb-image--layout-overlay__inner.bottom-left,.wp-block-uagb-image--layout-overlay__inner.bottom-center,.wp-block-uagb-image--layout-overlay__inner.bottom-right{justify-content:flex-end}.wp-block-uagb-image--layout-overlay__inner.top-left,.wp-block-uagb-image--layout-overlay__inner.center-left,.wp-block-uagb-image--layout-overlay__inner.bottom-left{align-items:flex-start}.wp-block-uagb-image--layout-overlay__inner.top-right,.wp-block-uagb-image--layout-overlay__inner.center-right,.wp-block-uagb-image--layout-overlay__inner.bottom-right{align-items:flex-end}.wp-block-uagb-image--layout-overlay__inner .uagb-image-heading{color:#fff;transition:transform 0.35s, opacity 0.35s ease-in-out;transform:translate3d(0, 24px, 0);margin:0;line-height:1em}.wp-block-uagb-image--layout-overlay__inner .uagb-image-separator{width:30%;border-top-width:2px;border-top-color:#fff;border-top-style:solid;margin-bottom:10px;opacity:0;transition:transform 0.4s, opacity 0.4s ease-in-out;transform:translate3d(0, 30px, 0)}.wp-block-uagb-image--layout-overlay__inner .uagb-image-caption{opacity:0;overflow:visible;color:#fff;transition:transform 0.45s, opacity 0.45s ease-in-out;transform:translate3d(0, 35px, 0)}.wp-block-uagb-image--layout-overlay__inner:hover .uagb-image-heading,.wp-block-uagb-image--layout-overlay__inner:hover .uagb-image-separator,.wp-block-uagb-image--layout-overlay__inner:hover .uagb-image-caption{opacity:1;transform:translate3d(0, 0, 0)}.wp-block-uagb-image--effect-zoomin .wp-block-uagb-image__figure img,.wp-block-uagb-image--effect-zoomin .wp-block-uagb-image__figure .wp-block-uagb-image--layout-overlay__color-wrapper{transform:scale(1);transition:transform 0.35s ease-in-out}.wp-block-uagb-image--effect-zoomin .wp-block-uagb-image__figure:hover img,.wp-block-uagb-image--effect-zoomin .wp-block-uagb-image__figure:hover .wp-block-uagb-image--layout-overlay__color-wrapper{transform:scale(1.05)}.wp-block-uagb-image--effect-slide .wp-block-uagb-image__figure img,.wp-block-uagb-image--effect-slide .wp-block-uagb-image__figure .wp-block-uagb-image--layout-overlay__color-wrapper{width:calc(100% + 40px) !important;max-width:none !important;transform:translate3d(-40px, 0, 0);transition:transform 0.35s ease-in-out}.wp-block-uagb-image--effect-slide .wp-block-uagb-image__figure:hover img,.wp-block-uagb-image--effect-slide .wp-block-uagb-image__figure:hover .wp-block-uagb-image--layout-overlay__color-wrapper{transform:translate3d(0, 0, 0)}.wp-block-uagb-image--effect-grayscale img{filter:grayscale(0%);transition:0.35s ease-in-out}.wp-block-uagb-image--effect-grayscale:hover img{filter:grayscale(100%)}.wp-block-uagb-image--effect-blur img{filter:blur(0);transition:0.35s ease-in-out}.wp-block-uagb-image--effect-blur:hover img{filter:blur(3px)}\n.uagb-block-e6f939b3.wp-block-uagb-image--layout-default figure img{box-shadow: 0px 0px 0 #00000070;}.uagb-block-e6f939b3.wp-block-uagb-image .wp-block-uagb-image__figure figcaption{font-style: normal;align-self: center;}.uagb-block-e6f939b3.wp-block-uagb-image--layout-overlay figure img{box-shadow: 0px 0px 0 #00000070;}.uagb-block-e6f939b3.wp-block-uagb-image--layout-overlay .wp-block-uagb-image--layout-overlay__color-wrapper{opacity: 0.2;}.uagb-block-e6f939b3.wp-block-uagb-image--layout-overlay .wp-block-uagb-image--layout-overlay__inner{left: 15px;right: 15px;top: 15px;bottom: 15px;}.uagb-block-e6f939b3.wp-block-uagb-image--layout-overlay .wp-block-uagb-image--layout-overlay__inner .uagb-image-heading{font-style: normal;color: #fff;opacity: 1;}.uagb-block-e6f939b3.wp-block-uagb-image--layout-overlay .wp-block-uagb-image--layout-overlay__inner .uagb-image-heading a{color: #fff;}.uagb-block-e6f939b3.wp-block-uagb-image--layout-overlay .wp-block-uagb-image--layout-overlay__inner .uagb-image-caption{opacity: 0;}.uagb-block-e6f939b3.wp-block-uagb-image--layout-overlay .wp-block-uagb-image__figure:hover .wp-block-uagb-image--layout-overlay__color-wrapper{opacity: 1;}.uagb-block-e6f939b3.wp-block-uagb-image .wp-block-uagb-image--layout-overlay__inner .uagb-image-separator{width: 30%;border-top-width: 2px;border-top-color: #fff;opacity: 0;}.uagb-block-e6f939b3.wp-block-uagb-image .wp-block-uagb-image__figure img{width: px;height: auto;}.uagb-block-e6f939b3.wp-block-uagb-image .wp-block-uagb-image__figure:hover .wp-block-uagb-image--layout-overlay__inner .uagb-image-caption{opacity: 1;}.uagb-block-e6f939b3.wp-block-uagb-image .wp-block-uagb-image__figure:hover .wp-block-uagb-image--layout-overlay__inner .uagb-image-separator{opacity: 1;}.uagb-block-e6f939b3.wp-block-uagb-image--layout-default figure:hover img{box-shadow: 0px 0px 0 #00000070;}.uagb-block-e6f939b3.wp-block-uagb-image--layout-overlay figure:hover img{box-shadow: 0px 0px 0 #00000070;}@media only screen and (max-width: 976px) {.uagb-block-e6f939b3.wp-block-uagb-image .wp-block-uagb-image__figure img{width: px;height: auto;}}@media only screen and (max-width: 767px) {.uagb-block-e6f939b3.wp-block-uagb-image .wp-block-uagb-image__figure img{width: px;height: auto;}}\";s:2:\"js\";s:0:\"\";s:18:\"current_block_list\";a:13:{i:0;s:11:\"core\/search\";i:1;s:10:\"core\/group\";i:2;s:12:\"core\/heading\";i:3;s:17:\"core\/latest-posts\";i:4;s:20:\"core\/latest-comments\";i:5;s:13:\"core\/archives\";i:6;s:15:\"core\/categories\";i:7;s:14:\"core\/paragraph\";i:8;s:10:\"uagb\/image\";i:9;s:11:\"core\/spacer\";i:10;s:30:\"woocommerce\/product-categories\";i:11;s:10:\"core\/image\";i:12;s:14:\"core\/shortcode\";}s:8:\"uag_flag\";b:1;s:11:\"uag_version\";s:10:\"1776760379\";s:6:\"gfonts\";a:0:{}s:10:\"gfonts_url\";s:0:\"\";s:12:\"gfonts_files\";a:0:{}s:14:\"uag_faq_layout\";b:0;}"]},"uagb_featured_image_src":{"full":["https:\/\/www.noleaky.com\/wp-content\/uploads\/2025\/06\/2.k.Superethanol-Treatment_4000x4000_33d7a698-01dd-4b28-84dd-3c26cff0899e.png",2560,2560,false],"thumbnail":["https:\/\/www.noleaky.com\/wp-content\/uploads\/2025\/06\/2.k.Superethanol-Treatment_4000x4000_33d7a698-01dd-4b28-84dd-3c26cff0899e-150x150.png",150,150,true],"medium":["https:\/\/www.noleaky.com\/wp-content\/uploads\/2025\/06\/2.k.Superethanol-Treatment_4000x4000_33d7a698-01dd-4b28-84dd-3c26cff0899e-300x300.png",300,300,true],"medium_large":["https:\/\/www.noleaky.com\/wp-content\/uploads\/2025\/06\/2.k.Superethanol-Treatment_4000x4000_33d7a698-01dd-4b28-84dd-3c26cff0899e-768x768.png",768,768,true],"large":["https:\/\/www.noleaky.com\/wp-content\/uploads\/2025\/06\/2.k.Superethanol-Treatment_4000x4000_33d7a698-01dd-4b28-84dd-3c26cff0899e-1024x1024.png",1024,1024,true],"1536x1536":["https:\/\/www.noleaky.com\/wp-content\/uploads\/2025\/06\/2.k.Superethanol-Treatment_4000x4000_33d7a698-01dd-4b28-84dd-3c26cff0899e-1536x1536.png",1536,1536,true],"2048x2048":["https:\/\/www.noleaky.com\/wp-content\/uploads\/2025\/06\/2.k.Superethanol-Treatment_4000x4000_33d7a698-01dd-4b28-84dd-3c26cff0899e-2048x2048.png",2048,2048,true],"trp-custom-language-flag":["https:\/\/www.noleaky.com\/wp-content\/uploads\/2025\/06\/2.k.Superethanol-Treatment_4000x4000_33d7a698-01dd-4b28-84dd-3c26cff0899e-12x12.png",12,12,true],"woocommerce_thumbnail":["https:\/\/www.noleaky.com\/wp-content\/uploads\/2025\/06\/2.k.Superethanol-Treatment_4000x4000_33d7a698-01dd-4b28-84dd-3c26cff0899e-300x300.png",300,300,true],"woocommerce_single":["https:\/\/www.noleaky.com\/wp-content\/uploads\/2025\/06\/2.k.Superethanol-Treatment_4000x4000_33d7a698-01dd-4b28-84dd-3c26cff0899e-600x600.png",600,600,true],"woocommerce_gallery_thumbnail":["https:\/\/www.noleaky.com\/wp-content\/uploads\/2025\/06\/2.k.Superethanol-Treatment_4000x4000_33d7a698-01dd-4b28-84dd-3c26cff0899e-100x100.png",100,100,true]},"uagb_author_info":{"display_name":"admin","author_link":"https:\/\/www.noleaky.com\/pl\/author\/"},"uagb_comment_info":71,"uagb_excerpt":"Optimizes engine performance in vehicles running on superethanol fuel. Our superethanol treatment is specially developed to improve combustion efficiency and engine stability in vehicles using high-ethanol fuels such as E85. It enhances ignition quality, reduces irregular combustion, and supports smoother engine operation even under demanding driving conditions. The most effective formula for protecting fuel systems&hellip;","_links":{"self":[{"href":"https:\/\/www.noleaky.com\/pl\/wp-json\/wp\/v2\/product\/23027","targetHints":{"allow":["GET"]}}],"collection":[{"href":"https:\/\/www.noleaky.com\/pl\/wp-json\/wp\/v2\/product"}],"about":[{"href":"https:\/\/www.noleaky.com\/pl\/wp-json\/wp\/v2\/types\/product"}],"replies":[{"embeddable":true,"href":"https:\/\/www.noleaky.com\/pl\/wp-json\/wp\/v2\/comments?post=23027"}],"version-history":[{"count":3,"href":"https:\/\/www.noleaky.com\/pl\/wp-json\/wp\/v2\/product\/23027\/revisions"}],"predecessor-version":[{"id":33264,"href":"https:\/\/www.noleaky.com\/pl\/wp-json\/wp\/v2\/product\/23027\/revisions\/33264"}],"wp:featuredmedia":[{"embeddable":true,"href":"https:\/\/www.noleaky.com\/pl\/wp-json\/wp\/v2\/media\/23098"}],"wp:attachment":[{"href":"https:\/\/www.noleaky.com\/pl\/wp-json\/wp\/v2\/media?parent=23027"}],"wp:term":[{"taxonomy":"product_brand","embeddable":true,"href":"https:\/\/www.noleaky.com\/pl\/wp-json\/wp\/v2\/product_brand?post=23027"},{"taxonomy":"product_cat","embeddable":true,"href":"https:\/\/www.noleaky.com\/pl\/wp-json\/wp\/v2\/product_cat?post=23027"},{"taxonomy":"product_tag","embeddable":true,"href":"https:\/\/www.noleaky.com\/pl\/wp-json\/wp\/v2\/product_tag?post=23027"}],"curies":[{"name":"wp","href":"https:\/\/api.w.org\/{rel}","templated":true}]}}