{"id":23022,"date":"2025-06-02T15:49:22","date_gmt":"2025-06-02T13:49:22","guid":{"rendered":"https:\/\/www.noleaky.com\/products\/preventive-coolant\/"},"modified":"2026-03-01T14:43:53","modified_gmt":"2026-03-01T13:43:53","slug":"preventive-coolant","status":"publish","type":"product","link":"https:\/\/www.noleaky.com\/pl\/products\/preventive-coolant\/","title":{"rendered":"Prewencyjny p\u0142yn ch\u0142odz\u0105cy"},"content":{"rendered":"<p><strong><img decoding=\"async\" style=\"margin-right: 12px;\" src=\"https:\/\/www.noleaky.com\/wp-content\/uploads\/2026\/02\/Check.svg\" alt=\"\" width=\"18\" height=\"15\" \/>Zapobiega wyciekom p\u0142ynu ch\u0142odz\u0105cego, zanim stan\u0105 si\u0119 kosztownymi naprawami.<\/strong> Nasz zapobiegawczy p\u0142yn ch\u0142odz\u0105cy zosta\u0142 specjalnie opracowany, aby uszczelnia\u0107 mikroprzecieki i porowato\u015bci w uk\u0142adzie ch\u0142odzenia, zanim przerodz\u0105 si\u0119 one w powa\u017cne awarie. Kr\u0105\u017cy wraz z p\u0142ynem ch\u0142odz\u0105cym i dociera do drobnych miejsc wycieku, tworz\u0105c trwa\u0142e wewn\u0119trzne uszczelnienie, kt\u00f3re pomaga utrzyma\u0107 integralno\u015b\u0107 uk\u0142adu i zapobiega utracie p\u0142ynu.<\/p>\n<p><strong><img decoding=\"async\" style=\"margin-right: 12px;\" src=\"https:\/\/www.noleaky.com\/wp-content\/uploads\/2026\/02\/Check.svg\" alt=\"\" width=\"18\" height=\"15\" \/>Najskuteczniejsza formu\u0142a zapobiegaj\u0105ca wyciekom na rynku.<\/strong> Dzi\u0119ki zaawansowanej technologii uszczelniania jest to najskuteczniejszy dost\u0119pny p\u0142yn do ch\u0142odnic. Dzia\u0142a proaktywnie, wzmacniaj\u0105c wra\u017cliwe obszary, takie jak po\u0142\u0105czenia w\u0119\u017cy, szwy ch\u0142odnicy, uszczelki i mikrop\u0119kni\u0119cia, zmniejszaj\u0105c ryzyko nag\u0142ych wyciek\u00f3w p\u0142ynu ch\u0142odz\u0105cego i nieoczekiwanych awarii.<\/p>\n<p><strong><img decoding=\"async\" style=\"margin-right: 12px;\" src=\"https:\/\/www.noleaky.com\/wp-content\/uploads\/2026\/02\/Check.svg\" alt=\"\" width=\"18\" height=\"15\" \/>Najta\u0144sze wysokowydajne rozwi\u0105zanie do ochrony ch\u0142odzenia.<\/strong> Oferujemy profesjonaln\u0105 ochron\u0119 p\u0142ynu ch\u0142odz\u0105cego w najbardziej konkurencyjnej cenie. Nasz zapobiegawczy p\u0142yn ch\u0142odz\u0105cy jest najta\u0144szym rozwi\u0105zaniem w swojej kategorii, zachowuj\u0105c jednocze\u015bnie wyj\u0105tkow\u0105 niezawodno\u015b\u0107, pomagaj\u0105c kierowcom unikn\u0105\u0107 kosztownych interwencji mechanicznych i wymiany ch\u0142odnicy.<\/p>\n<p><strong><img decoding=\"async\" style=\"margin-right: 12px;\" src=\"https:\/\/www.noleaky.com\/wp-content\/uploads\/2026\/02\/Check.svg\" alt=\"\" width=\"18\" height=\"15\" \/>Gwarantowana dostawa w ci\u0105gu 24 godzin dla natychmiastowej ochrony.<\/strong> Problemy z uk\u0142adem ch\u0142odzenia mog\u0105 szybko eskalowa\u0107. Dlatego te\u017c zapewniamy 24-godzinn\u0105 dostaw\u0119, gwarantuj\u0105c szybkie otrzymanie zapobiegawczego p\u0142ynu ch\u0142odz\u0105cego i bezzw\u0142oczn\u0105 ochron\u0119 silnika.<\/p>\n<p><strong><img decoding=\"async\" style=\"margin-right: 12px;\" src=\"https:\/\/www.noleaky.com\/wp-content\/uploads\/2026\/02\/Check.svg\" alt=\"\" width=\"18\" height=\"15\" \/>Gwarancja zwrotu pieni\u0119dzy dla ca\u0142kowitego spokoju ducha.<\/strong> Jeste\u015bmy przekonani o skuteczno\u015bci naszego zapobiegawczego p\u0142ynu ch\u0142odz\u0105cego. Je\u015bli nie b\u0119dziesz zadowolony z jego skuteczno\u015bci, oferujemy gwarancj\u0119 zwrotu pieni\u0119dzy. Wystarczy skontaktowa\u0107 si\u0119 z nami, a my zwr\u00f3cimy pieni\u0105dze za zakup, dzi\u0119ki czemu inwestycja b\u0119dzie ca\u0142kowicie wolna od ryzyka.<\/p>\n<p><strong><img decoding=\"async\" style=\"margin-right: 12px;\" src=\"https:\/\/www.noleaky.com\/wp-content\/uploads\/2026\/02\/Check.svg\" alt=\"\" width=\"18\" height=\"15\" \/>Ochrona przed zamarzaniem do -37\u00b0C (-35\u00b0F).<\/strong> Nasza zaawansowana formu\u0142a p\u0142ynu niezamarzaj\u0105cego zapewnia niezawodn\u0105 ochron\u0119 przed zamarzaniem w temperaturach do -37 stopni Celsjusza, co odpowiada -35 stopniom Fahrenheita. Zapewnia to bezpieczn\u0105 prac\u0119 silnika w ekstremalnych warunkach zimowych przy zachowaniu optymalnej wydajno\u015bci ch\u0142odzenia przez ca\u0142y rok.<\/p>\n<p><strong><img decoding=\"async\" style=\"margin-right: 12px;\" src=\"https:\/\/www.noleaky.com\/wp-content\/uploads\/2026\/02\/Check.svg\" alt=\"\" width=\"18\" height=\"15\" \/>Chroni przed korozj\u0105 i rdz\u0105 wewn\u0119trzn\u0105.<\/strong> Opr\u00f3cz zapobiegania wyciekom, p\u0142yn ch\u0142odz\u0105cy zawiera inhibitory korozji, kt\u00f3re chroni\u0105 aluminium, mied\u017a, stal i inne metale uk\u0142adu ch\u0142odzenia przed rdz\u0105 i degradacj\u0105 elektrochemiczn\u0105, wyd\u0142u\u017caj\u0105c \u017cywotno\u015b\u0107 komponent\u00f3w.<\/p>\n<p><strong><img decoding=\"async\" style=\"margin-right: 12px;\" src=\"https:\/\/www.noleaky.com\/wp-content\/uploads\/2026\/02\/Check.svg\" alt=\"\" width=\"18\" height=\"15\" \/>Utrzymuje optymaln\u0105 temperatur\u0119 silnika.<\/strong> Zapewniaj\u0105c szczelny i wydajny uk\u0142ad ch\u0142odzenia, produkt wspomaga sta\u0142\u0105 cyrkulacj\u0119 p\u0142ynu ch\u0142odz\u0105cego i wymian\u0119 ciep\u0142a, pomagaj\u0105c zapobiega\u0107 przegrzaniu i obci\u0105\u017ceniu silnika zar\u00f3wno w gor\u0105cych, jak i zimnych warunkach.<\/p>\n<p><strong><img decoding=\"async\" style=\"margin-right: 12px;\" src=\"https:\/\/www.noleaky.com\/wp-content\/uploads\/2026\/02\/Check.svg\" alt=\"\" width=\"18\" height=\"15\" \/>Kompatybilny z wi\u0119kszo\u015bci\u0105 system\u00f3w ch\u0142odzenia.<\/strong> Ten zapobiegawczy p\u0142yn ch\u0142odz\u0105cy, odpowiedni do stosowania w samochodach osobowych, lekkich ci\u0119\u017car\u00f3wkach i wielu silnikach ch\u0142odzonych ciecz\u0105, jest kompatybilny z typowymi materia\u0142ami ch\u0142odnic i standardowymi konstrukcjami uk\u0142ad\u00f3w ch\u0142odzenia, je\u015bli jest stosowany zgodnie z zaleceniami.<\/p>\n<p><strong><img decoding=\"async\" style=\"margin-right: 12px;\" src=\"https:\/\/www.noleaky.com\/wp-content\/uploads\/2026\/02\/Check.svg\" alt=\"\" width=\"18\" height=\"15\" \/>D\u0142ugotrwa\u0142a ochrona i skuteczne pokrycie.<\/strong> Jeden pojemnik jest przeznaczony do pe\u0142nego czyszczenia standardowego uk\u0142adu ch\u0142odzenia, zapewniaj\u0105c pe\u0142ne pokrycie wewn\u0119trzne i d\u0142ugoterminowe zapobieganie wyciekom bez potrzeby stosowania dodatkowych dodatk\u00f3w.<\/p>\n<h2><strong>Instrukcje<\/strong><\/h2>\n<ul>\n<li>Przed otwarciem uk\u0142adu ch\u0142odzenia nale\u017cy upewni\u0107 si\u0119, \u017ce silnik jest ca\u0142kowicie zimny.<\/li>\n<li>Przed u\u017cyciem dok\u0142adnie wstrz\u0105sn\u0105\u0107 pojemnikiem.<\/li>\n<li>Sprawd\u017a aktualny poziom i stan p\u0142ynu ch\u0142odz\u0105cego. Je\u015bli uk\u0142ad jest mocno zanieczyszczony, przed dodaniem zapobiegawczego p\u0142ynu ch\u0142odz\u0105cego nale\u017cy go przep\u0142uka\u0107.<\/li>\n<li>Wla\u0107 zapobiegawczy p\u0142yn ch\u0142odz\u0105cy bezpo\u015brednio do ch\u0142odnicy lub zbiornika wyr\u00f3wnawczego zgodnie z konstrukcj\u0105 pojazdu.<\/li>\n<li>Zalecane dozowanie to jeden pojemnik na standardowy uk\u0142ad ch\u0142odzenia o pojemno\u015bci oko\u0142o 5 do 10 litr\u00f3w. Nie nale\u017cy przekracza\u0107 pojemno\u015bci okre\u015blonej przez producenta.<\/li>\n<li>W przypadku uzupe\u0142niania istniej\u0105cej mieszanki p\u0142ynu ch\u0142odz\u0105cego nale\u017cy upewni\u0107 si\u0119, \u017ce jest ona zgodna z aktualnym typem p\u0142ynu niezamarzaj\u0105cego.<\/li>\n<li>Po dodaniu produktu uruchom silnik na 10 do 15 minut z nagrzewnic\u0105 ustawion\u0105 na maksimum, aby umo\u017cliwi\u0107 pe\u0142n\u0105 cyrkulacj\u0119 w ca\u0142ym uk\u0142adzie.<\/li>\n<li>Sprawd\u017a ponownie poziom p\u0142ynu ch\u0142odz\u0105cego po ostygni\u0119ciu silnika i uzupe\u0142nij go w razie potrzeby.<\/li>\n<li>Regularnie sprawdzaj w\u0119\u017ce i po\u0142\u0105czenia, aby zapewni\u0107 optymaln\u0105 wydajno\u015b\u0107 systemu.<\/li>\n<li>Produkt nale\u017cy przechowywa\u0107 w szczelnie zamkni\u0119tym opakowaniu, z dala od bezpo\u015bredniego \u015bwiat\u0142a s\u0142onecznego i ekstremalnych temperatur.<\/li>\n<\/ul>","protected":false},"excerpt":{"rendered":"<p>Prevents coolant leaks before they become costly repairs. Our preventative coolant is specially formulated to seal micro-leaks and porosities within the cooling system before they develop into serious failures. It circulates with the coolant and targets minor seepage points, forming a durable internal seal that helps maintain system integrity and prevent fluid loss. The most [&hellip;]<\/p>\n","protected":false},"featured_media":23088,"comment_status":"open","ping_status":"closed","template":"","meta":{"_uag_custom_page_level_css":"","site-sidebar-layout":"default","site-content-layout":"","ast-site-content-layout":"default","site-content-style":"default","site-sidebar-style":"default","ast-global-header-display":"","ast-banner-title-visibility":"","ast-main-header-display":"","ast-hfb-above-header-display":"","ast-hfb-below-header-display":"","ast-hfb-mobile-header-display":"","site-post-title":"","ast-breadcrumbs-content":"","ast-featured-img":"","footer-sml-layout":"","ast-disable-related-posts":"","theme-transparent-header-meta":"default","adv-header-id-meta":"","stick-header-meta":"","header-above-stick-meta":"","header-main-stick-meta":"","header-below-stick-meta":"","astra-migrate-meta-layouts":"set","ast-page-background-enabled":"default","ast-page-background-meta":{"desktop":{"background-color":"var(--ast-global-color-4)","background-image":"","background-repeat":"repeat","background-position":"center center","background-size":"auto","background-attachment":"scroll","background-type":"","background-media":"","overlay-type":"","overlay-color":"","overlay-opacity":"","overlay-gradient":""},"tablet":{"background-color":"","background-image":"","background-repeat":"repeat","background-position":"center center","background-size":"auto","background-attachment":"scroll","background-type":"","background-media":"","overlay-type":"","overlay-color":"","overlay-opacity":"","overlay-gradient":""},"mobile":{"background-color":"","background-image":"","background-repeat":"repeat","background-position":"center center","background-size":"auto","background-attachment":"scroll","background-type":"","background-media":"","overlay-type":"","overlay-color":"","overlay-opacity":"","overlay-gradient":""}},"ast-content-background-meta":{"desktop":{"background-color":"var(--ast-global-color-5)","background-image":"","background-repeat":"repeat","background-position":"center center","background-size":"auto","background-attachment":"scroll","background-type":"","background-media":"","overlay-type":"","overlay-color":"","overlay-opacity":"","overlay-gradient":""},"tablet":{"background-color":"var(--ast-global-color-5)","background-image":"","background-repeat":"repeat","background-position":"center center","background-size":"auto","background-attachment":"scroll","background-type":"","background-media":"","overlay-type":"","overlay-color":"","overlay-opacity":"","overlay-gradient":""},"mobile":{"background-color":"var(--ast-global-color-5)","background-image":"","background-repeat":"repeat","background-position":"center center","background-size":"auto","background-attachment":"scroll","background-type":"","background-media":"","overlay-type":"","overlay-color":"","overlay-opacity":"","overlay-gradient":""}}},"product_brand":[],"product_cat":[176],"product_tag":[],"class_list":{"0":"post-23022","1":"product","2":"type-product","3":"status-publish","4":"has-post-thumbnail","6":"product_cat-automotive","7":"desktop-align-left","8":"tablet-align-left","9":"mobile-align-left","11":"first","12":"instock","13":"sale","14":"shipping-taxable","15":"purchasable","16":"product-type-variable","17":"has-default-attributes"},"spectra_custom_meta":{"_visibility":["visible"],"_shopify_product_id":["1706252697634"],"_s2w_shopify_domain":["noleaky.myshopify.com"],"_shopify_variant_id":["16017046700066"],"_manage_stock":["no"],"total_sales":["45"],"_tax_status":["taxable"],"_tax_class":[""],"_backorders":["no"],"_sold_individually":["no"],"_virtual":["no"],"_downloadable":["no"],"_download_limit":["-1"],"_download_expiry":["-1"],"_stock":[null],"_stock_status":["instock"],"_wc_average_rating":["4.90"],"_wc_review_count":["71"],"_product_attributes":["a:1:{s:6:\"volume\";a:6:{s:4:\"name\";s:6:\"Volume\";s:5:\"value\";s:18:\"1 liter | 5 liters\";s:8:\"position\";i:1;s:10:\"is_visible\";i:0;s:12:\"is_variation\";i:1;s:11:\"is_taxonomy\";i:0;}}"],"_product_version":["10.5.2"],"_thumbnail_id":["23088"],"_product_image_gallery":["23089"],"_edit_lock":["1772372499:1"],"_default_attributes":["a:1:{s:6:\"volume\";s:7:\"1 liter\";}"],"_price":["9.90","39.90"],"merchant-center-availability":["yes"],"merchant-center-category":["2517"],"merchant-center-id":["LP1L"],"_edit_last":["1"],"_wp_page_template":["default"],"site-sidebar-layout":["default"],"ast-site-content-layout":["default"],"site-content-style":["default"],"site-sidebar-style":["default"],"theme-transparent-header-meta":["default"],"_wc_rating_count":["a:3:{i:3;i:1;i:4;i:5;i:5;i:65;}"],"_upsell_ids":["a:3:{i:0;i:22975;i:1;i:22976;i:2;i:22985;}"],"_crosssell_ids":["a:3:{i:0;i:22975;i:1;i:22976;i:2;i:22985;}"],"astra-migrate-meta-layouts":["set"],"_uag_css_file_name":["uag-css-23022.css"],"_elementor_page_assets":["a:0:{}"],"_uag_page_assets":["a:9:{s:3:\"css\";s:6893:\".wp-block-uagb-image{display:flex}.wp-block-uagb-image__figure{position:relative;display:flex;flex-direction:column;max-width:100%;height:auto;margin:0}.wp-block-uagb-image__figure img{height:auto;display:flex;max-width:100%;transition:box-shadow 0.2s ease}.wp-block-uagb-image__figure>a{display:inline-block}.wp-block-uagb-image__figure figcaption{text-align:center;margin-top:0.5em;margin-bottom:1em}.wp-block-uagb-image .components-placeholder.block-editor-media-placeholder .components-placeholder__instructions{align-self:center}.wp-block-uagb-image--align-left{text-align:left}.wp-block-uagb-image--align-right{text-align:right}.wp-block-uagb-image--align-center{text-align:center}.wp-block-uagb-image--align-full .wp-block-uagb-image__figure{margin-left:calc(50% - 50vw);margin-right:calc(50% - 50vw);max-width:100vw;width:100vw;height:auto}.wp-block-uagb-image--align-full .wp-block-uagb-image__figure img{height:auto;width:100% !important}.wp-block-uagb-image--align-wide .wp-block-uagb-image__figure img{height:auto;width:100%}.wp-block-uagb-image--layout-overlay__color-wrapper{position:absolute;left:0;top:0;right:0;bottom:0;opacity:0.2;background:rgba(0,0,0,0.5);transition:opacity 0.35s ease-in-out}.wp-block-uagb-image--layout-overlay-link{position:absolute;left:0;right:0;bottom:0;top:0}.wp-block-uagb-image--layout-overlay .wp-block-uagb-image__figure:hover .wp-block-uagb-image--layout-overlay__color-wrapper{opacity:1}.wp-block-uagb-image--layout-overlay__inner{position:absolute;left:15px;right:15px;bottom:15px;top:15px;display:flex;align-items:center;justify-content:center;flex-direction:column;border-color:#fff;transition:0.35s ease-in-out}.wp-block-uagb-image--layout-overlay__inner.top-left,.wp-block-uagb-image--layout-overlay__inner.top-center,.wp-block-uagb-image--layout-overlay__inner.top-right{justify-content:flex-start}.wp-block-uagb-image--layout-overlay__inner.bottom-left,.wp-block-uagb-image--layout-overlay__inner.bottom-center,.wp-block-uagb-image--layout-overlay__inner.bottom-right{justify-content:flex-end}.wp-block-uagb-image--layout-overlay__inner.top-left,.wp-block-uagb-image--layout-overlay__inner.center-left,.wp-block-uagb-image--layout-overlay__inner.bottom-left{align-items:flex-start}.wp-block-uagb-image--layout-overlay__inner.top-right,.wp-block-uagb-image--layout-overlay__inner.center-right,.wp-block-uagb-image--layout-overlay__inner.bottom-right{align-items:flex-end}.wp-block-uagb-image--layout-overlay__inner .uagb-image-heading{color:#fff;transition:transform 0.35s, opacity 0.35s ease-in-out;transform:translate3d(0, 24px, 0);margin:0;line-height:1em}.wp-block-uagb-image--layout-overlay__inner .uagb-image-separator{width:30%;border-top-width:2px;border-top-color:#fff;border-top-style:solid;margin-bottom:10px;opacity:0;transition:transform 0.4s, opacity 0.4s ease-in-out;transform:translate3d(0, 30px, 0)}.wp-block-uagb-image--layout-overlay__inner .uagb-image-caption{opacity:0;overflow:visible;color:#fff;transition:transform 0.45s, opacity 0.45s ease-in-out;transform:translate3d(0, 35px, 0)}.wp-block-uagb-image--layout-overlay__inner:hover .uagb-image-heading,.wp-block-uagb-image--layout-overlay__inner:hover .uagb-image-separator,.wp-block-uagb-image--layout-overlay__inner:hover .uagb-image-caption{opacity:1;transform:translate3d(0, 0, 0)}.wp-block-uagb-image--effect-zoomin .wp-block-uagb-image__figure img,.wp-block-uagb-image--effect-zoomin .wp-block-uagb-image__figure .wp-block-uagb-image--layout-overlay__color-wrapper{transform:scale(1);transition:transform 0.35s ease-in-out}.wp-block-uagb-image--effect-zoomin .wp-block-uagb-image__figure:hover img,.wp-block-uagb-image--effect-zoomin .wp-block-uagb-image__figure:hover .wp-block-uagb-image--layout-overlay__color-wrapper{transform:scale(1.05)}.wp-block-uagb-image--effect-slide .wp-block-uagb-image__figure img,.wp-block-uagb-image--effect-slide .wp-block-uagb-image__figure .wp-block-uagb-image--layout-overlay__color-wrapper{width:calc(100% + 40px) !important;max-width:none !important;transform:translate3d(-40px, 0, 0);transition:transform 0.35s ease-in-out}.wp-block-uagb-image--effect-slide .wp-block-uagb-image__figure:hover img,.wp-block-uagb-image--effect-slide .wp-block-uagb-image__figure:hover .wp-block-uagb-image--layout-overlay__color-wrapper{transform:translate3d(0, 0, 0)}.wp-block-uagb-image--effect-grayscale img{filter:grayscale(0%);transition:0.35s ease-in-out}.wp-block-uagb-image--effect-grayscale:hover img{filter:grayscale(100%)}.wp-block-uagb-image--effect-blur img{filter:blur(0);transition:0.35s ease-in-out}.wp-block-uagb-image--effect-blur:hover img{filter:blur(3px)}\n.uagb-block-e6f939b3.wp-block-uagb-image--layout-default figure img{box-shadow: 0px 0px 0 #00000070;}.uagb-block-e6f939b3.wp-block-uagb-image .wp-block-uagb-image__figure figcaption{font-style: normal;align-self: center;}.uagb-block-e6f939b3.wp-block-uagb-image--layout-overlay figure img{box-shadow: 0px 0px 0 #00000070;}.uagb-block-e6f939b3.wp-block-uagb-image--layout-overlay .wp-block-uagb-image--layout-overlay__color-wrapper{opacity: 0.2;}.uagb-block-e6f939b3.wp-block-uagb-image--layout-overlay .wp-block-uagb-image--layout-overlay__inner{left: 15px;right: 15px;top: 15px;bottom: 15px;}.uagb-block-e6f939b3.wp-block-uagb-image--layout-overlay .wp-block-uagb-image--layout-overlay__inner .uagb-image-heading{font-style: normal;color: #fff;opacity: 1;}.uagb-block-e6f939b3.wp-block-uagb-image--layout-overlay .wp-block-uagb-image--layout-overlay__inner .uagb-image-heading a{color: #fff;}.uagb-block-e6f939b3.wp-block-uagb-image--layout-overlay .wp-block-uagb-image--layout-overlay__inner .uagb-image-caption{opacity: 0;}.uagb-block-e6f939b3.wp-block-uagb-image--layout-overlay .wp-block-uagb-image__figure:hover .wp-block-uagb-image--layout-overlay__color-wrapper{opacity: 1;}.uagb-block-e6f939b3.wp-block-uagb-image .wp-block-uagb-image--layout-overlay__inner .uagb-image-separator{width: 30%;border-top-width: 2px;border-top-color: #fff;opacity: 0;}.uagb-block-e6f939b3.wp-block-uagb-image .wp-block-uagb-image__figure img{width: px;height: auto;}.uagb-block-e6f939b3.wp-block-uagb-image .wp-block-uagb-image__figure:hover .wp-block-uagb-image--layout-overlay__inner .uagb-image-caption{opacity: 1;}.uagb-block-e6f939b3.wp-block-uagb-image .wp-block-uagb-image__figure:hover .wp-block-uagb-image--layout-overlay__inner .uagb-image-separator{opacity: 1;}.uagb-block-e6f939b3.wp-block-uagb-image--layout-default figure:hover img{box-shadow: 0px 0px 0 #00000070;}.uagb-block-e6f939b3.wp-block-uagb-image--layout-overlay figure:hover img{box-shadow: 0px 0px 0 #00000070;}@media only screen and (max-width: 976px) {.uagb-block-e6f939b3.wp-block-uagb-image .wp-block-uagb-image__figure img{width: px;height: auto;}}@media only screen and (max-width: 767px) {.uagb-block-e6f939b3.wp-block-uagb-image .wp-block-uagb-image__figure img{width: px;height: auto;}}\";s:2:\"js\";s:0:\"\";s:18:\"current_block_list\";a:13:{i:0;s:11:\"core\/search\";i:1;s:10:\"core\/group\";i:2;s:12:\"core\/heading\";i:3;s:17:\"core\/latest-posts\";i:4;s:20:\"core\/latest-comments\";i:5;s:13:\"core\/archives\";i:6;s:15:\"core\/categories\";i:7;s:14:\"core\/paragraph\";i:8;s:10:\"uagb\/image\";i:9;s:11:\"core\/spacer\";i:10;s:30:\"woocommerce\/product-categories\";i:11;s:10:\"core\/image\";i:12;s:14:\"core\/shortcode\";}s:8:\"uag_flag\";b:1;s:11:\"uag_version\";s:10:\"1776751876\";s:6:\"gfonts\";a:0:{}s:10:\"gfonts_url\";s:0:\"\";s:12:\"gfonts_files\";a:0:{}s:14:\"uag_faq_layout\";b:0;}"]},"uagb_featured_image_src":{"full":["https:\/\/www.noleaky.com\/wp-content\/uploads\/2025\/06\/Label_1.png",1500,1500,false],"thumbnail":["https:\/\/www.noleaky.com\/wp-content\/uploads\/2025\/06\/Label_1-150x150.png",150,150,true],"medium":["https:\/\/www.noleaky.com\/wp-content\/uploads\/2025\/06\/Label_1-300x300.png",300,300,true],"medium_large":["https:\/\/www.noleaky.com\/wp-content\/uploads\/2025\/06\/Label_1-768x768.png",768,768,true],"large":["https:\/\/www.noleaky.com\/wp-content\/uploads\/2025\/06\/Label_1-1024x1024.png",1024,1024,true],"1536x1536":["https:\/\/www.noleaky.com\/wp-content\/uploads\/2025\/06\/Label_1.png",1500,1500,false],"2048x2048":["https:\/\/www.noleaky.com\/wp-content\/uploads\/2025\/06\/Label_1.png",1500,1500,false],"trp-custom-language-flag":["https:\/\/www.noleaky.com\/wp-content\/uploads\/2025\/06\/Label_1-12x12.png",12,12,true],"woocommerce_thumbnail":["https:\/\/www.noleaky.com\/wp-content\/uploads\/2025\/06\/Label_1-300x300.png",300,300,true],"woocommerce_single":["https:\/\/www.noleaky.com\/wp-content\/uploads\/2025\/06\/Label_1-600x600.png",600,600,true],"woocommerce_gallery_thumbnail":["https:\/\/www.noleaky.com\/wp-content\/uploads\/2025\/06\/Label_1-100x100.png",100,100,true]},"uagb_author_info":{"display_name":"admin","author_link":"https:\/\/www.noleaky.com\/pl\/author\/"},"uagb_comment_info":71,"uagb_excerpt":"Prevents coolant leaks before they become costly repairs. Our preventative coolant is specially formulated to seal micro-leaks and porosities within the cooling system before they develop into serious failures. It circulates with the coolant and targets minor seepage points, forming a durable internal seal that helps maintain system integrity and prevent fluid loss. The most&hellip;","_links":{"self":[{"href":"https:\/\/www.noleaky.com\/pl\/wp-json\/wp\/v2\/product\/23022","targetHints":{"allow":["GET"]}}],"collection":[{"href":"https:\/\/www.noleaky.com\/pl\/wp-json\/wp\/v2\/product"}],"about":[{"href":"https:\/\/www.noleaky.com\/pl\/wp-json\/wp\/v2\/types\/product"}],"replies":[{"embeddable":true,"href":"https:\/\/www.noleaky.com\/pl\/wp-json\/wp\/v2\/comments?post=23022"}],"version-history":[{"count":5,"href":"https:\/\/www.noleaky.com\/pl\/wp-json\/wp\/v2\/product\/23022\/revisions"}],"predecessor-version":[{"id":33266,"href":"https:\/\/www.noleaky.com\/pl\/wp-json\/wp\/v2\/product\/23022\/revisions\/33266"}],"wp:featuredmedia":[{"embeddable":true,"href":"https:\/\/www.noleaky.com\/pl\/wp-json\/wp\/v2\/media\/23088"}],"wp:attachment":[{"href":"https:\/\/www.noleaky.com\/pl\/wp-json\/wp\/v2\/media?parent=23022"}],"wp:term":[{"taxonomy":"product_brand","embeddable":true,"href":"https:\/\/www.noleaky.com\/pl\/wp-json\/wp\/v2\/product_brand?post=23022"},{"taxonomy":"product_cat","embeddable":true,"href":"https:\/\/www.noleaky.com\/pl\/wp-json\/wp\/v2\/product_cat?post=23022"},{"taxonomy":"product_tag","embeddable":true,"href":"https:\/\/www.noleaky.com\/pl\/wp-json\/wp\/v2\/product_tag?post=23022"}],"curies":[{"name":"wp","href":"https:\/\/api.w.org\/{rel}","templated":true}]}}