{"id":23018,"date":"2025-06-02T15:49:21","date_gmt":"2025-06-02T13:49:21","guid":{"rendered":"https:\/\/www.noleaky.com\/products\/noise-reducer\/"},"modified":"2026-03-01T17:07:33","modified_gmt":"2026-03-01T16:07:33","slug":"noise-reducer","status":"publish","type":"product","link":"https:\/\/www.noleaky.com\/pl\/products\/noise-reducer\/","title":{"rendered":"Reduktor Szumu"},"content":{"rendered":"<p><strong><img decoding=\"async\" style=\"margin-right: 12px;\" src=\"https:\/\/www.noleaky.com\/wp-content\/uploads\/2026\/02\/Check.svg\" alt=\"\" width=\"18\" height=\"15\" \/>Szybko i skutecznie eliminuje uci\u0105\u017cliwe odg\u0142osy kot\u0142a.<\/strong> Nasz reduktor ha\u0142asu kot\u0142a zosta\u0142 specjalnie opracowany, aby zatrzyma\u0107 stukanie, brz\u0119czenie, kot\u0142owanie i odg\u0142osy cyrkulacji spowodowane osadzaniem si\u0119 kamienia i osad\u00f3w wewn\u0119trznych. Dzia\u0142a bezpo\u015brednio w systemie grzewczym, rozpuszczaj\u0105c kamie\u0144 i przywracaj\u0105c p\u0142ynn\u0105, cich\u0105 prac\u0119.<\/p>\n<p><strong><img decoding=\"async\" style=\"margin-right: 12px;\" src=\"https:\/\/www.noleaky.com\/wp-content\/uploads\/2026\/02\/Check.svg\" alt=\"\" width=\"18\" height=\"15\" \/>Najskuteczniejsze rozwi\u0105zanie dla ha\u0142a\u015bliwych system\u00f3w centralnego ogrzewania.<\/strong> Dzi\u0119ki zaawansowanej formule odkamieniania i kondycjonowania, produkt ten jest ukierunkowany na pierwotn\u0105 przyczyn\u0119 ha\u0142asu kot\u0142a, a nie tylko na jego maskowanie. Rozbija osady kamienia i szlamu, kt\u00f3re ograniczaj\u0105 cyrkulacj\u0119 wody i powoduj\u0105 d\u017awi\u0119ki przegrzania.<\/p>\n<p><strong><img decoding=\"async\" style=\"margin-right: 12px;\" src=\"https:\/\/www.noleaky.com\/wp-content\/uploads\/2026\/02\/Check.svg\" alt=\"\" width=\"18\" height=\"15\" \/>Najta\u0144szy dost\u0119pny profesjonalny zabieg.<\/strong> Oferujemy najbardziej konkurencyjne ceny na rynku bez uszczerbku dla wydajno\u015bci. Zamiast p\u0142aci\u0107 za kosztowne wezwania in\u017cynier\u00f3w lub przedwczesn\u0105 wymian\u0119 kot\u0142a, mo\u017cesz rozwi\u0105za\u0107 problemy z ha\u0142asem w spos\u00f3b ekonomiczny i wydajny.<\/p>\n<p><strong><img decoding=\"async\" style=\"margin-right: 12px;\" src=\"https:\/\/www.noleaky.com\/wp-content\/uploads\/2026\/02\/Check.svg\" alt=\"\" width=\"18\" height=\"15\" \/>24-godzinna dostawa w przypadku nag\u0142ych problem\u00f3w z ogrzewaniem.<\/strong> Gwarantujemy 24-godzinn\u0105 dostaw\u0119, dzi\u0119ki czemu mo\u017cna szybko usun\u0105\u0107 ha\u0142as kot\u0142a, szczeg\u00f3lnie w zimnych porach roku, kiedy niezawodne ogrzewanie jest niezb\u0119dne. Szybka wysy\u0142ka zapewnia minimalne zak\u0142\u00f3cenia komfortu w domu.<\/p>\n<p><strong><img decoding=\"async\" style=\"margin-right: 12px;\" src=\"https:\/\/www.noleaky.com\/wp-content\/uploads\/2026\/02\/Check.svg\" alt=\"\" width=\"18\" height=\"15\" \/>Gwarancja zwrotu pieni\u0119dzy dla ca\u0142kowitego spokoju ducha.<\/strong> Oferujemy pe\u0142n\u0105 gwarancj\u0119 zwrotu pieni\u0119dzy. Je\u015bli nie b\u0119dziesz w pe\u0142ni zadowolony z rezultat\u00f3w dzia\u0142ania naszego reduktora ha\u0142asu kot\u0142a, zwr\u00f3cimy Ci pieni\u0105dze za zakup. Twoje zam\u00f3wienie jest ca\u0142kowicie wolne od ryzyka.<\/p>\n<p><strong><img decoding=\"async\" style=\"margin-right: 12px;\" src=\"https:\/\/www.noleaky.com\/wp-content\/uploads\/2026\/02\/Check.svg\" alt=\"\" width=\"18\" height=\"15\" \/>Poprawia wydajno\u015b\u0107 ogrzewania i dystrybucj\u0119 ciep\u0142a.<\/strong> Rozpuszczaj\u0105c kamie\u0144 i wewn\u0119trzne osady, produkt przywraca prawid\u0142owy przep\u0142yw wody i wymian\u0119 ciep\u0142a w kotle i grzejnikach. Pozwala to systemowi na bardziej r\u00f3wnomierne ogrzewanie i wydajniejsz\u0105 prac\u0119.<\/p>\n<p><strong><img decoding=\"async\" style=\"margin-right: 12px;\" src=\"https:\/\/www.noleaky.com\/wp-content\/uploads\/2026\/02\/Check.svg\" alt=\"\" width=\"18\" height=\"15\" \/>Wyd\u0142u\u017ca \u017cywotno\u015b\u0107 kot\u0142a.<\/strong> Osadzanie si\u0119 kamienia i szlamu zwi\u0119ksza napr\u0119\u017cenia wewn\u0119trzne i przegrzanie. Regularne stosowanie naszego reduktora ha\u0142asu pomaga chroni\u0107 kluczowe komponenty, zmniejszaj\u0105c zu\u017cycie i przed\u0142u\u017caj\u0105c \u017cywotno\u015b\u0107 systemu grzewczego.<\/p>\n<p><strong><img decoding=\"async\" style=\"margin-right: 12px;\" src=\"https:\/\/www.noleaky.com\/wp-content\/uploads\/2026\/02\/Check.svg\" alt=\"\" width=\"18\" height=\"15\" \/>Zmniejsza zu\u017cycie energii i koszty ogrzewania.<\/strong> Czysty i wydajny kocio\u0142 wymaga mniej energii do osi\u0105gni\u0119cia po\u017c\u0105danej temperatury. Poprawiaj\u0105c wydajno\u015b\u0107 wymiany ciep\u0142a, produkt mo\u017ce pom\u00f3c obni\u017cy\u0107 og\u00f3lne rachunki za energi\u0119.<\/p>\n<p><strong><img decoding=\"async\" style=\"margin-right: 12px;\" src=\"https:\/\/www.noleaky.com\/wp-content\/uploads\/2026\/02\/Check.svg\" alt=\"\" width=\"18\" height=\"15\" \/>Zapobiega nawracaj\u0105cemu osadzaniu si\u0119 kamienia.<\/strong> Opr\u00f3cz usuwania istniej\u0105cych osad\u00f3w, formu\u0142a pomaga kondycjonowa\u0107 wod\u0119 w systemie, aby zmniejszy\u0107 tworzenie si\u0119 kamienia w przysz\u0142o\u015bci, utrzymuj\u0105c cichsz\u0105 prac\u0119 w czasie.<\/p>\n<p><strong><img decoding=\"async\" style=\"margin-right: 12px;\" src=\"https:\/\/www.noleaky.com\/wp-content\/uploads\/2026\/02\/Check.svg\" alt=\"\" width=\"18\" height=\"15\" \/>\u0141atwy w u\u017cyciu bez skomplikowanego demonta\u017cu systemu.<\/strong> Zaprojektowany zar\u00f3wno dla profesjonalist\u00f3w, jak i w\u0142a\u015bcicieli dom\u00f3w, produkt mo\u017cna doda\u0107 bezpo\u015brednio do systemu grzewczego bez konieczno\u015bci opr\u00f3\u017cniania ca\u0142ej instalacji, dzi\u0119ki czemu konserwacja jest prosta i wygodna.<\/p>\n<h2><strong>Instrukcje<\/strong><\/h2>\n<ul>\n<li>Przed dodaniem produktu nale\u017cy wy\u0142\u0105czy\u0107 bojler i odczeka\u0107, a\u017c system grzewczy ostygnie.<\/li>\n<li>Zlokalizuj odpowiedni punkt dost\u0119pu, taki jak zaw\u00f3r upustowy ch\u0142odnicy, p\u0119tla nape\u0142niania lub punkt dozowania systemu.<\/li>\n<li>Przed u\u017cyciem dobrze wstrz\u0105sn\u0105\u0107 pojemnikiem.<\/li>\n<li>Doda\u0107 zalecan\u0105 dawk\u0119 bezpo\u015brednio do systemu grzewczego. U\u017cy\u0107 oko\u0142o 500 ml dla przeci\u0119tnego systemu domowego o pojemno\u015bci do 100 litr\u00f3w wody. Dostosuj proporcjonalnie dla wi\u0119kszych lub mniejszych system\u00f3w.<\/li>\n<li>Po dodaniu produktu, w razie potrzeby przywr\u00f3ci\u0107 ci\u015bnienie w uk\u0142adzie i ponownie w\u0142\u0105czy\u0107 bojler.<\/li>\n<li>Pozostawi\u0107 system grzewczy na kilka godzin w normalnej temperaturze roboczej, aby zapewni\u0107 pe\u0142n\u0105 cyrkulacj\u0119 produktu.<\/li>\n<li>W przypadku silnego ha\u0142asu lub silnego osadzania si\u0119 kamienia, pozostaw produkt w obiegu przez kilka dni, aby uzyska\u0107 optymalne rezultaty.<\/li>\n<li>W razie potrzeby nale\u017cy cz\u0119\u015bciowo opr\u00f3\u017cni\u0107 i ponownie nape\u0142ni\u0107 uk\u0142ad po oczyszczeniu zgodnie z wytycznymi producenta.<\/li>\n<li>W ramach konserwacji zapobiegawczej nale\u017cy stosowa\u0107 reduktor ha\u0142asu bojlera raz w roku lub zgodnie z zaleceniami w zale\u017cno\u015bci od poziomu twardo\u015bci wody.<\/li>\n<li>Produkt nale\u017cy przechowywa\u0107 w ch\u0142odnym i suchym miejscu, niedost\u0119pnym dla dzieci.<\/li>\n<\/ul>","protected":false},"excerpt":{"rendered":"<p>Eliminate disturbing boiler noises quickly and effectively. Our boiler noise reducer is specially formulated to stop knocking, banging, kettling, and circulation noises caused by limescale buildup and internal deposits. It works directly within the heating system to dissolve scale and restore smooth, quiet operation. The most effective solution for noisy central heating systems. Thanks to [&hellip;]<\/p>\n","protected":false},"featured_media":23085,"comment_status":"open","ping_status":"closed","template":"","meta":{"_uag_custom_page_level_css":"","site-sidebar-layout":"default","site-content-layout":"","ast-site-content-layout":"default","site-content-style":"default","site-sidebar-style":"default","ast-global-header-display":"","ast-banner-title-visibility":"","ast-main-header-display":"","ast-hfb-above-header-display":"","ast-hfb-below-header-display":"","ast-hfb-mobile-header-display":"","site-post-title":"","ast-breadcrumbs-content":"","ast-featured-img":"","footer-sml-layout":"","ast-disable-related-posts":"","theme-transparent-header-meta":"default","adv-header-id-meta":"","stick-header-meta":"","header-above-stick-meta":"","header-main-stick-meta":"","header-below-stick-meta":"","astra-migrate-meta-layouts":"set","ast-page-background-enabled":"default","ast-page-background-meta":{"desktop":{"background-color":"var(--ast-global-color-4)","background-image":"","background-repeat":"repeat","background-position":"center center","background-size":"auto","background-attachment":"scroll","background-type":"","background-media":"","overlay-type":"","overlay-color":"","overlay-opacity":"","overlay-gradient":""},"tablet":{"background-color":"","background-image":"","background-repeat":"repeat","background-position":"center center","background-size":"auto","background-attachment":"scroll","background-type":"","background-media":"","overlay-type":"","overlay-color":"","overlay-opacity":"","overlay-gradient":""},"mobile":{"background-color":"","background-image":"","background-repeat":"repeat","background-position":"center center","background-size":"auto","background-attachment":"scroll","background-type":"","background-media":"","overlay-type":"","overlay-color":"","overlay-opacity":"","overlay-gradient":""}},"ast-content-background-meta":{"desktop":{"background-color":"var(--ast-global-color-5)","background-image":"","background-repeat":"repeat","background-position":"center center","background-size":"auto","background-attachment":"scroll","background-type":"","background-media":"","overlay-type":"","overlay-color":"","overlay-opacity":"","overlay-gradient":""},"tablet":{"background-color":"var(--ast-global-color-5)","background-image":"","background-repeat":"repeat","background-position":"center center","background-size":"auto","background-attachment":"scroll","background-type":"","background-media":"","overlay-type":"","overlay-color":"","overlay-opacity":"","overlay-gradient":""},"mobile":{"background-color":"var(--ast-global-color-5)","background-image":"","background-repeat":"repeat","background-position":"center center","background-size":"auto","background-attachment":"scroll","background-type":"","background-media":"","overlay-type":"","overlay-color":"","overlay-opacity":"","overlay-gradient":""}}},"product_brand":[],"product_cat":[177],"product_tag":[],"class_list":{"0":"post-23018","1":"product","2":"type-product","3":"status-publish","4":"has-post-thumbnail","6":"product_cat-heating-system","7":"desktop-align-left","8":"tablet-align-left","9":"mobile-align-left","11":"first","12":"instock","13":"sale","14":"shipping-taxable","15":"purchasable","16":"product-type-variable","17":"has-default-attributes"},"spectra_custom_meta":{"_visibility":["visible"],"_shopify_product_id":["1771049615394"],"_s2w_shopify_domain":["noleaky.myshopify.com"],"_shopify_variant_id":["16277744746530"],"_manage_stock":["no"],"total_sales":["1"],"_tax_status":["taxable"],"_tax_class":[""],"_backorders":["no"],"_sold_individually":["no"],"_virtual":["no"],"_downloadable":["no"],"_download_limit":["-1"],"_download_expiry":["-1"],"_stock":[null],"_stock_status":["instock"],"_wc_average_rating":["4.92"],"_wc_review_count":["77"],"_product_attributes":["a:1:{s:6:\"volume\";a:6:{s:4:\"name\";s:6:\"Volume\";s:5:\"value\";s:30:\"1 liter | 5 liters | 25 liters\";s:8:\"position\";i:1;s:10:\"is_visible\";i:0;s:12:\"is_variation\";i:1;s:11:\"is_taxonomy\";i:0;}}"],"_product_version":["10.5.2"],"_thumbnail_id":["23085"],"_product_image_gallery":["23086"],"_edit_lock":["1772381118:1"],"_default_attributes":["a:1:{s:6:\"volume\";s:7:\"1 liter\";}"],"_price":["26.90","79.90","299.90"],"merchant-center-availability":["yes"],"merchant-center-category":["6773"],"merchant-center-id":["RB"],"_edit_last":["1"],"_wp_page_template":["default"],"site-sidebar-layout":["default"],"ast-site-content-layout":["default"],"site-content-style":["default"],"site-sidebar-style":["default"],"theme-transparent-header-meta":["default"],"_wc_rating_count":["a:2:{i:4;i:6;i:5;i:71;}"],"_upsell_ids":["a:3:{i:0;i:22980;i:1;i:23004;i:2;i:23007;}"],"_crosssell_ids":["a:3:{i:0;i:22980;i:1;i:23004;i:2;i:23007;}"],"astra-migrate-meta-layouts":["set"],"_uag_css_file_name":["uag-css-23018.css"],"_elementor_page_assets":["a:0:{}"],"_uag_page_assets":["a:9:{s:3:\"css\";s:6893:\".wp-block-uagb-image{display:flex}.wp-block-uagb-image__figure{position:relative;display:flex;flex-direction:column;max-width:100%;height:auto;margin:0}.wp-block-uagb-image__figure img{height:auto;display:flex;max-width:100%;transition:box-shadow 0.2s ease}.wp-block-uagb-image__figure>a{display:inline-block}.wp-block-uagb-image__figure figcaption{text-align:center;margin-top:0.5em;margin-bottom:1em}.wp-block-uagb-image .components-placeholder.block-editor-media-placeholder .components-placeholder__instructions{align-self:center}.wp-block-uagb-image--align-left{text-align:left}.wp-block-uagb-image--align-right{text-align:right}.wp-block-uagb-image--align-center{text-align:center}.wp-block-uagb-image--align-full .wp-block-uagb-image__figure{margin-left:calc(50% - 50vw);margin-right:calc(50% - 50vw);max-width:100vw;width:100vw;height:auto}.wp-block-uagb-image--align-full .wp-block-uagb-image__figure img{height:auto;width:100% !important}.wp-block-uagb-image--align-wide .wp-block-uagb-image__figure img{height:auto;width:100%}.wp-block-uagb-image--layout-overlay__color-wrapper{position:absolute;left:0;top:0;right:0;bottom:0;opacity:0.2;background:rgba(0,0,0,0.5);transition:opacity 0.35s ease-in-out}.wp-block-uagb-image--layout-overlay-link{position:absolute;left:0;right:0;bottom:0;top:0}.wp-block-uagb-image--layout-overlay .wp-block-uagb-image__figure:hover .wp-block-uagb-image--layout-overlay__color-wrapper{opacity:1}.wp-block-uagb-image--layout-overlay__inner{position:absolute;left:15px;right:15px;bottom:15px;top:15px;display:flex;align-items:center;justify-content:center;flex-direction:column;border-color:#fff;transition:0.35s ease-in-out}.wp-block-uagb-image--layout-overlay__inner.top-left,.wp-block-uagb-image--layout-overlay__inner.top-center,.wp-block-uagb-image--layout-overlay__inner.top-right{justify-content:flex-start}.wp-block-uagb-image--layout-overlay__inner.bottom-left,.wp-block-uagb-image--layout-overlay__inner.bottom-center,.wp-block-uagb-image--layout-overlay__inner.bottom-right{justify-content:flex-end}.wp-block-uagb-image--layout-overlay__inner.top-left,.wp-block-uagb-image--layout-overlay__inner.center-left,.wp-block-uagb-image--layout-overlay__inner.bottom-left{align-items:flex-start}.wp-block-uagb-image--layout-overlay__inner.top-right,.wp-block-uagb-image--layout-overlay__inner.center-right,.wp-block-uagb-image--layout-overlay__inner.bottom-right{align-items:flex-end}.wp-block-uagb-image--layout-overlay__inner .uagb-image-heading{color:#fff;transition:transform 0.35s, opacity 0.35s ease-in-out;transform:translate3d(0, 24px, 0);margin:0;line-height:1em}.wp-block-uagb-image--layout-overlay__inner .uagb-image-separator{width:30%;border-top-width:2px;border-top-color:#fff;border-top-style:solid;margin-bottom:10px;opacity:0;transition:transform 0.4s, opacity 0.4s ease-in-out;transform:translate3d(0, 30px, 0)}.wp-block-uagb-image--layout-overlay__inner .uagb-image-caption{opacity:0;overflow:visible;color:#fff;transition:transform 0.45s, opacity 0.45s ease-in-out;transform:translate3d(0, 35px, 0)}.wp-block-uagb-image--layout-overlay__inner:hover .uagb-image-heading,.wp-block-uagb-image--layout-overlay__inner:hover .uagb-image-separator,.wp-block-uagb-image--layout-overlay__inner:hover .uagb-image-caption{opacity:1;transform:translate3d(0, 0, 0)}.wp-block-uagb-image--effect-zoomin .wp-block-uagb-image__figure img,.wp-block-uagb-image--effect-zoomin .wp-block-uagb-image__figure .wp-block-uagb-image--layout-overlay__color-wrapper{transform:scale(1);transition:transform 0.35s ease-in-out}.wp-block-uagb-image--effect-zoomin .wp-block-uagb-image__figure:hover img,.wp-block-uagb-image--effect-zoomin .wp-block-uagb-image__figure:hover .wp-block-uagb-image--layout-overlay__color-wrapper{transform:scale(1.05)}.wp-block-uagb-image--effect-slide .wp-block-uagb-image__figure img,.wp-block-uagb-image--effect-slide .wp-block-uagb-image__figure .wp-block-uagb-image--layout-overlay__color-wrapper{width:calc(100% + 40px) !important;max-width:none !important;transform:translate3d(-40px, 0, 0);transition:transform 0.35s ease-in-out}.wp-block-uagb-image--effect-slide .wp-block-uagb-image__figure:hover img,.wp-block-uagb-image--effect-slide .wp-block-uagb-image__figure:hover .wp-block-uagb-image--layout-overlay__color-wrapper{transform:translate3d(0, 0, 0)}.wp-block-uagb-image--effect-grayscale img{filter:grayscale(0%);transition:0.35s ease-in-out}.wp-block-uagb-image--effect-grayscale:hover img{filter:grayscale(100%)}.wp-block-uagb-image--effect-blur img{filter:blur(0);transition:0.35s ease-in-out}.wp-block-uagb-image--effect-blur:hover img{filter:blur(3px)}\n.uagb-block-e6f939b3.wp-block-uagb-image--layout-default figure img{box-shadow: 0px 0px 0 #00000070;}.uagb-block-e6f939b3.wp-block-uagb-image .wp-block-uagb-image__figure figcaption{font-style: normal;align-self: center;}.uagb-block-e6f939b3.wp-block-uagb-image--layout-overlay figure img{box-shadow: 0px 0px 0 #00000070;}.uagb-block-e6f939b3.wp-block-uagb-image--layout-overlay .wp-block-uagb-image--layout-overlay__color-wrapper{opacity: 0.2;}.uagb-block-e6f939b3.wp-block-uagb-image--layout-overlay .wp-block-uagb-image--layout-overlay__inner{left: 15px;right: 15px;top: 15px;bottom: 15px;}.uagb-block-e6f939b3.wp-block-uagb-image--layout-overlay .wp-block-uagb-image--layout-overlay__inner .uagb-image-heading{font-style: normal;color: #fff;opacity: 1;}.uagb-block-e6f939b3.wp-block-uagb-image--layout-overlay .wp-block-uagb-image--layout-overlay__inner .uagb-image-heading a{color: #fff;}.uagb-block-e6f939b3.wp-block-uagb-image--layout-overlay .wp-block-uagb-image--layout-overlay__inner .uagb-image-caption{opacity: 0;}.uagb-block-e6f939b3.wp-block-uagb-image--layout-overlay .wp-block-uagb-image__figure:hover .wp-block-uagb-image--layout-overlay__color-wrapper{opacity: 1;}.uagb-block-e6f939b3.wp-block-uagb-image .wp-block-uagb-image--layout-overlay__inner .uagb-image-separator{width: 30%;border-top-width: 2px;border-top-color: #fff;opacity: 0;}.uagb-block-e6f939b3.wp-block-uagb-image .wp-block-uagb-image__figure img{width: px;height: auto;}.uagb-block-e6f939b3.wp-block-uagb-image .wp-block-uagb-image__figure:hover .wp-block-uagb-image--layout-overlay__inner .uagb-image-caption{opacity: 1;}.uagb-block-e6f939b3.wp-block-uagb-image .wp-block-uagb-image__figure:hover .wp-block-uagb-image--layout-overlay__inner .uagb-image-separator{opacity: 1;}.uagb-block-e6f939b3.wp-block-uagb-image--layout-default figure:hover img{box-shadow: 0px 0px 0 #00000070;}.uagb-block-e6f939b3.wp-block-uagb-image--layout-overlay figure:hover img{box-shadow: 0px 0px 0 #00000070;}@media only screen and (max-width: 976px) {.uagb-block-e6f939b3.wp-block-uagb-image .wp-block-uagb-image__figure img{width: px;height: auto;}}@media only screen and (max-width: 767px) {.uagb-block-e6f939b3.wp-block-uagb-image .wp-block-uagb-image__figure img{width: px;height: auto;}}\";s:2:\"js\";s:0:\"\";s:18:\"current_block_list\";a:13:{i:0;s:11:\"core\/search\";i:1;s:10:\"core\/group\";i:2;s:12:\"core\/heading\";i:3;s:17:\"core\/latest-posts\";i:4;s:20:\"core\/latest-comments\";i:5;s:13:\"core\/archives\";i:6;s:15:\"core\/categories\";i:7;s:14:\"core\/paragraph\";i:8;s:10:\"uagb\/image\";i:9;s:11:\"core\/spacer\";i:10;s:30:\"woocommerce\/product-categories\";i:11;s:10:\"core\/image\";i:12;s:14:\"core\/shortcode\";}s:8:\"uag_flag\";b:1;s:11:\"uag_version\";s:10:\"1776759368\";s:6:\"gfonts\";a:0:{}s:10:\"gfonts_url\";s:0:\"\";s:12:\"gfonts_files\";a:0:{}s:14:\"uag_faq_layout\";b:0;}"]},"uagb_featured_image_src":{"full":["https:\/\/www.noleaky.com\/wp-content\/uploads\/2025\/06\/Noise_Reducer_5l.jpg",2560,2560,false],"thumbnail":["https:\/\/www.noleaky.com\/wp-content\/uploads\/2025\/06\/Noise_Reducer_5l-150x150.jpg",150,150,true],"medium":["https:\/\/www.noleaky.com\/wp-content\/uploads\/2025\/06\/Noise_Reducer_5l-300x300.jpg",300,300,true],"medium_large":["https:\/\/www.noleaky.com\/wp-content\/uploads\/2025\/06\/Noise_Reducer_5l-768x768.jpg",768,768,true],"large":["https:\/\/www.noleaky.com\/wp-content\/uploads\/2025\/06\/Noise_Reducer_5l-1024x1024.jpg",1024,1024,true],"1536x1536":["https:\/\/www.noleaky.com\/wp-content\/uploads\/2025\/06\/Noise_Reducer_5l-1536x1536.jpg",1536,1536,true],"2048x2048":["https:\/\/www.noleaky.com\/wp-content\/uploads\/2025\/06\/Noise_Reducer_5l-2048x2048.jpg",2048,2048,true],"trp-custom-language-flag":["https:\/\/www.noleaky.com\/wp-content\/uploads\/2025\/06\/Noise_Reducer_5l-12x12.jpg",12,12,true],"woocommerce_thumbnail":["https:\/\/www.noleaky.com\/wp-content\/uploads\/2025\/06\/Noise_Reducer_5l-300x300.jpg",300,300,true],"woocommerce_single":["https:\/\/www.noleaky.com\/wp-content\/uploads\/2025\/06\/Noise_Reducer_5l-600x600.jpg",600,600,true],"woocommerce_gallery_thumbnail":["https:\/\/www.noleaky.com\/wp-content\/uploads\/2025\/06\/Noise_Reducer_5l-100x100.jpg",100,100,true]},"uagb_author_info":{"display_name":"admin","author_link":"https:\/\/www.noleaky.com\/pl\/author\/"},"uagb_comment_info":77,"uagb_excerpt":"Eliminate disturbing boiler noises quickly and effectively. Our boiler noise reducer is specially formulated to stop knocking, banging, kettling, and circulation noises caused by limescale buildup and internal deposits. It works directly within the heating system to dissolve scale and restore smooth, quiet operation. The most effective solution for noisy central heating systems. Thanks to&hellip;","_links":{"self":[{"href":"https:\/\/www.noleaky.com\/pl\/wp-json\/wp\/v2\/product\/23018","targetHints":{"allow":["GET"]}}],"collection":[{"href":"https:\/\/www.noleaky.com\/pl\/wp-json\/wp\/v2\/product"}],"about":[{"href":"https:\/\/www.noleaky.com\/pl\/wp-json\/wp\/v2\/types\/product"}],"replies":[{"embeddable":true,"href":"https:\/\/www.noleaky.com\/pl\/wp-json\/wp\/v2\/comments?post=23018"}],"version-history":[{"count":5,"href":"https:\/\/www.noleaky.com\/pl\/wp-json\/wp\/v2\/product\/23018\/revisions"}],"predecessor-version":[{"id":33296,"href":"https:\/\/www.noleaky.com\/pl\/wp-json\/wp\/v2\/product\/23018\/revisions\/33296"}],"wp:featuredmedia":[{"embeddable":true,"href":"https:\/\/www.noleaky.com\/pl\/wp-json\/wp\/v2\/media\/23085"}],"wp:attachment":[{"href":"https:\/\/www.noleaky.com\/pl\/wp-json\/wp\/v2\/media?parent=23018"}],"wp:term":[{"taxonomy":"product_brand","embeddable":true,"href":"https:\/\/www.noleaky.com\/pl\/wp-json\/wp\/v2\/product_brand?post=23018"},{"taxonomy":"product_cat","embeddable":true,"href":"https:\/\/www.noleaky.com\/pl\/wp-json\/wp\/v2\/product_cat?post=23018"},{"taxonomy":"product_tag","embeddable":true,"href":"https:\/\/www.noleaky.com\/pl\/wp-json\/wp\/v2\/product_tag?post=23018"}],"curies":[{"name":"wp","href":"https:\/\/api.w.org\/{rel}","templated":true}]}}