{"id":23011,"date":"2025-06-02T15:49:15","date_gmt":"2025-06-02T13:49:15","guid":{"rendered":"https:\/\/www.noleaky.com\/products\/injector-cleaner\/"},"modified":"2026-03-01T14:46:25","modified_gmt":"2026-03-01T13:46:25","slug":"injector-cleaner","status":"publish","type":"product","link":"https:\/\/www.noleaky.com\/pl\/products\/injector-cleaner\/","title":{"rendered":"\u015arodek do czyszczenia wtryskiwaczy"},"content":{"rendered":"<p><strong><img decoding=\"async\" style=\"margin-right: 12px;\" src=\"https:\/\/www.noleaky.com\/wp-content\/uploads\/2026\/02\/Check.svg\" alt=\"\" width=\"18\" height=\"15\" \/>Natychmiast przywraca wydajno\u015b\u0107 wtryskiwaczy i sprawno\u015b\u0107 silnika.<\/strong> Nasz \u015brodek do czyszczenia wtryskiwaczy zosta\u0142 specjalnie opracowany w celu usuwania osad\u00f3w w\u0119glowych, pokostu i pozosta\u0142o\u015bci paliwa, kt\u00f3re z czasem gromadz\u0105 si\u0119 wewn\u0105trz wtryskiwaczy paliwa. Czyszcz\u0105c i przywracaj\u0105c prawid\u0142owe wzorce rozpylania, pomaga poprawi\u0107 jako\u015b\u0107 spalania, co skutkuje p\u0142ynniejszym przyspieszeniem, lepsz\u0105 reakcj\u0105 i bardziej stabiln\u0105 prac\u0105 silnika.<\/p>\n<p><strong><img decoding=\"async\" style=\"margin-right: 12px;\" src=\"https:\/\/www.noleaky.com\/wp-content\/uploads\/2026\/02\/Check.svg\" alt=\"\" width=\"18\" height=\"15\" \/>Najskuteczniejsza dost\u0119pna formu\u0142a czyszczenia wtryskiwaczy.<\/strong> Dzi\u0119ki zaawansowanej technologii detergent\u00f3w jest to najskuteczniejszy \u015brodek do czyszczenia wtryskiwaczy w swojej kategorii. Wnika g\u0142\u0119boko w dysze wtryskiwaczy i wewn\u0119trzne kana\u0142y paliwowe, rozpuszczaj\u0105c uporczywe osady, kt\u00f3rych zwyk\u0142e dodatki nie s\u0105 w stanie usun\u0105\u0107. Rezultatem jest zauwa\u017calna poprawa p\u0142ynno\u015bci pracy silnika i zmniejszenie waha\u0144.<\/p>\n<p><strong><img decoding=\"async\" style=\"margin-right: 12px;\" src=\"https:\/\/www.noleaky.com\/wp-content\/uploads\/2026\/02\/Check.svg\" alt=\"\" width=\"18\" height=\"15\" \/>Najta\u0144sza na rynku profesjonalna kuracja iniekcyjna.<\/strong> Oferujemy najwy\u017csz\u0105 wydajno\u015b\u0107 czyszczenia w najbardziej konkurencyjnej cenie. Nasz \u015brodek do czyszczenia wtryskiwaczy jest najta\u0144szym dost\u0119pnym rozwi\u0105zaniem wysokiej jako\u015bci, zapewniaj\u0105cym rezultaty na poziomie warsztatu bez drogich koszt\u00f3w serwisowych zwi\u0105zanych z profesjonalnym czyszczeniem uk\u0142adu paliwowego.<\/p>\n<p><strong><img decoding=\"async\" style=\"margin-right: 12px;\" src=\"https:\/\/www.noleaky.com\/wp-content\/uploads\/2026\/02\/Check.svg\" alt=\"\" width=\"18\" height=\"15\" \/>Gwarantowana dostawa w ci\u0105gu 24 godzin zapewnia natychmiastow\u0105 opiek\u0119 nad silnikiem.<\/strong> Problemy z uk\u0142adem paliwowym mog\u0105 szybko wp\u0142yn\u0105\u0107 na osi\u0105gi i zu\u017cycie paliwa. Dlatego te\u017c gwarantujemy 24-godzinn\u0105 dostaw\u0119, dzi\u0119ki czemu mo\u017cesz szybko zaj\u0105\u0107 si\u0119 swoim pojazdem i zapobiec dalszemu gromadzeniu si\u0119 lub niewydajno\u015bci.<\/p>\n<p><strong><img decoding=\"async\" style=\"margin-right: 12px;\" src=\"https:\/\/www.noleaky.com\/wp-content\/uploads\/2026\/02\/Check.svg\" alt=\"\" width=\"18\" height=\"15\" \/>Gwarancja zwrotu pieni\u0119dzy dla pe\u0142nego zaufania.<\/strong> Gwarantujemy jako\u015b\u0107 i skuteczno\u015b\u0107 naszego \u015brodka do czyszczenia wtryskiwaczy. Je\u015bli nie b\u0119dziesz zadowolony z rezultat\u00f3w, oferujemy gwarancj\u0119 zwrotu pieni\u0119dzy. Wystarczy skontaktowa\u0107 si\u0119 z nami, a my zwr\u00f3cimy koszty zakupu, dzi\u0119ki czemu inwestycja b\u0119dzie ca\u0142kowicie wolna od ryzyka.<\/p>\n<p><strong><img decoding=\"async\" style=\"margin-right: 12px;\" src=\"https:\/\/www.noleaky.com\/wp-content\/uploads\/2026\/02\/Check.svg\" alt=\"\" width=\"18\" height=\"15\" \/>Poprawia wydajno\u015b\u0107 paliwow\u0105 i zmniejsza zu\u017cycie paliwa.<\/strong> Zanieczyszczone wtryskiwacze mog\u0105 zak\u0142\u00f3ca\u0107 atomizacj\u0119 paliwa, prowadz\u0105c do niepe\u0142nego spalania i zwi\u0119kszonego zu\u017cycia paliwa. Przywracaj\u0105c optymalne wzorce rozpylania, nasz \u015brodek do czyszczenia wtryskiwaczy pomaga silnikom spala\u0107 paliwo bardziej efektywnie, potencjalnie obni\u017caj\u0105c zu\u017cycie paliwa i redukuj\u0105c emisje.<\/p>\n<p><strong><img decoding=\"async\" style=\"margin-right: 12px;\" src=\"https:\/\/www.noleaky.com\/wp-content\/uploads\/2026\/02\/Check.svg\" alt=\"\" width=\"18\" height=\"15\" \/>Zwi\u0119ksza moc silnika i reakcj\u0119 przepustnicy.<\/strong> Czyste wtryskiwacze dostarczaj\u0105 paliwo r\u00f3wnomiernie i precyzyjnie, dzi\u0119ki czemu silnik szybciej reaguje na przyspieszenie. Kierowcy cz\u0119sto do\u015bwiadczaj\u0105 p\u0142ynniejszej pracy na biegu ja\u0142owym, lepszego dostarczania mocy i zmniejszonych wibracji silnika po zabiegu.<\/p>\n<p><strong><img decoding=\"async\" style=\"margin-right: 12px;\" src=\"https:\/\/www.noleaky.com\/wp-content\/uploads\/2026\/02\/Check.svg\" alt=\"\" width=\"18\" height=\"15\" \/>Redukuje emisj\u0119 spalin i osady w silniku.<\/strong> Promuj\u0105c czystsze spalanie, \u015brodek do czyszczenia wtryskiwaczy pomaga zmniejszy\u0107 ilo\u015b\u0107 niespalonego paliwa i nagaru w komorze spalania, przyczyniaj\u0105c si\u0119 do ni\u017cszej emisji spalin i og\u00f3lnie czystszego silnika.<\/p>\n<p><strong><img decoding=\"async\" style=\"margin-right: 12px;\" src=\"https:\/\/www.noleaky.com\/wp-content\/uploads\/2026\/02\/Check.svg\" alt=\"\" width=\"18\" height=\"15\" \/>Kompatybilny z silnikami benzynowymi i wysokopr\u0119\u017cnymi.<\/strong> Nasz wszechstronny \u015brodek do czyszczenia wtryskiwaczy nadaje si\u0119 do wi\u0119kszo\u015bci nowoczesnych silnik\u00f3w benzynowych i wysokopr\u0119\u017cnych, w tym system\u00f3w bezpo\u015bredniego wtrysku, je\u015bli jest stosowany zgodnie z zaleceniami producenta.<\/p>\n<p><strong><img decoding=\"async\" style=\"margin-right: 12px;\" src=\"https:\/\/www.noleaky.com\/wp-content\/uploads\/2026\/02\/Check.svg\" alt=\"\" width=\"18\" height=\"15\" \/>Wysoka wydajno\u015b\u0107 oczyszczania z doskona\u0142ym pokryciem.<\/strong> Jedna butelka jest przeznaczona do pe\u0142nego zbiornika paliwa, zapewniaj\u0105c pe\u0142n\u0105 dystrybucj\u0119 w ca\u0142ym uk\u0142adzie paliwowym i optymalne dzia\u0142anie czyszcz\u0105ce od zbiornika do komory spalania.<\/p>\n<h2><strong>Instrukcje<\/strong><\/h2>\n<ul>\n<li>Przed u\u017cyciem dobrze wstrz\u0105sn\u0105\u0107 butelk\u0105.<\/li>\n<li>Doda\u0107 ca\u0142\u0105 zawarto\u015b\u0107 \u015brodka do czyszczenia wtryskiwaczy bezpo\u015brednio do zbiornika paliwa przed tankowaniem.<\/li>\n<li>Zalecana dawka to jedna butelka na 40 do 60 litr\u00f3w paliwa. Dostosowa\u0107 proporcjonalnie w zale\u017cno\u015bci od pojemno\u015bci zbiornika.<\/li>\n<li>Nape\u0142nij zbiornik paliwem natychmiast po dodaniu produktu, aby zapewni\u0107 prawid\u0142owe wymieszanie.<\/li>\n<li>Jed\u017a normalnie, aby umo\u017cliwi\u0107 cyrkulacj\u0119 uzdatnionego paliwa przez wtryskiwacze i ca\u0142y uk\u0142ad paliwowy.<\/li>\n<li>Aby uzyska\u0107 najlepsze rezultaty, nale\u017cy stosowa\u0107 co 3000 do 5000 kilometr\u00f3w lub w regularnych odst\u0119pach czasu.<\/li>\n<li>W przypadku pojazd\u00f3w, w kt\u00f3rych wyst\u0119puj\u0105 zauwa\u017calne problemy z wydajno\u015bci\u0105, mo\u017cna zastosowa\u0107 drugi zabieg przy nast\u0119pnym pe\u0142nym zbiorniku.<\/li>\n<li>Nie nale\u017cy przekracza\u0107 zalecanej dawki.<\/li>\n<li>Nadaje si\u0119 do regularnej konserwacji zapobiegawczej oraz czyszczenia naprawczego.<\/li>\n<li>Produkt nale\u017cy przechowywa\u0107 w ch\u0142odnym i suchym miejscu, z dala od bezpo\u015bredniego \u015bwiat\u0142a s\u0142onecznego.<\/li>\n<\/ul>","protected":false},"excerpt":{"rendered":"<p>Restores injector performance and engine efficiency instantly. Our injector cleaner is specially formulated to remove carbon deposits, varnish, and fuel residues that accumulate inside fuel injectors over time. By cleaning and restoring proper spray patterns, it helps improve combustion quality, resulting in smoother acceleration, improved responsiveness, and more stable engine operation. The most effective injector [&hellip;]<\/p>\n","protected":false},"featured_media":23080,"comment_status":"open","ping_status":"closed","template":"","meta":{"_uag_custom_page_level_css":"","site-sidebar-layout":"default","site-content-layout":"","ast-site-content-layout":"default","site-content-style":"default","site-sidebar-style":"default","ast-global-header-display":"","ast-banner-title-visibility":"","ast-main-header-display":"","ast-hfb-above-header-display":"","ast-hfb-below-header-display":"","ast-hfb-mobile-header-display":"","site-post-title":"","ast-breadcrumbs-content":"","ast-featured-img":"","footer-sml-layout":"","ast-disable-related-posts":"","theme-transparent-header-meta":"default","adv-header-id-meta":"","stick-header-meta":"","header-above-stick-meta":"","header-main-stick-meta":"","header-below-stick-meta":"","astra-migrate-meta-layouts":"set","ast-page-background-enabled":"default","ast-page-background-meta":{"desktop":{"background-color":"var(--ast-global-color-4)","background-image":"","background-repeat":"repeat","background-position":"center center","background-size":"auto","background-attachment":"scroll","background-type":"","background-media":"","overlay-type":"","overlay-color":"","overlay-opacity":"","overlay-gradient":""},"tablet":{"background-color":"","background-image":"","background-repeat":"repeat","background-position":"center center","background-size":"auto","background-attachment":"scroll","background-type":"","background-media":"","overlay-type":"","overlay-color":"","overlay-opacity":"","overlay-gradient":""},"mobile":{"background-color":"","background-image":"","background-repeat":"repeat","background-position":"center center","background-size":"auto","background-attachment":"scroll","background-type":"","background-media":"","overlay-type":"","overlay-color":"","overlay-opacity":"","overlay-gradient":""}},"ast-content-background-meta":{"desktop":{"background-color":"var(--ast-global-color-5)","background-image":"","background-repeat":"repeat","background-position":"center center","background-size":"auto","background-attachment":"scroll","background-type":"","background-media":"","overlay-type":"","overlay-color":"","overlay-opacity":"","overlay-gradient":""},"tablet":{"background-color":"var(--ast-global-color-5)","background-image":"","background-repeat":"repeat","background-position":"center center","background-size":"auto","background-attachment":"scroll","background-type":"","background-media":"","overlay-type":"","overlay-color":"","overlay-opacity":"","overlay-gradient":""},"mobile":{"background-color":"var(--ast-global-color-5)","background-image":"","background-repeat":"repeat","background-position":"center center","background-size":"auto","background-attachment":"scroll","background-type":"","background-media":"","overlay-type":"","overlay-color":"","overlay-opacity":"","overlay-gradient":""}}},"product_brand":[],"product_cat":[176],"product_tag":[],"class_list":{"0":"post-23011","1":"product","2":"type-product","3":"status-publish","4":"has-post-thumbnail","6":"product_cat-automotive","7":"desktop-align-left","8":"tablet-align-left","9":"mobile-align-left","11":"first","12":"instock","13":"taxable","14":"shipping-taxable","15":"purchasable","16":"product-type-simple"},"spectra_custom_meta":{"_visibility":["visible"],"_shopify_product_id":["7960307794140"],"_s2w_shopify_domain":["noleaky.myshopify.com"],"_shopify_variant_id":["43735169171676"],"_sku":["NLINJECTORCLEANER"],"_regular_price":["29.90"],"_price":["29.90"],"_sale_price":[""],"_weight":["0.35"],"_thumbnail_id":["23080"],"_global_unique_id":["5056773800823"],"total_sales":["27"],"_tax_status":["taxable"],"_tax_class":[""],"_manage_stock":["no"],"_backorders":["no"],"_sold_individually":["no"],"_virtual":["no"],"_downloadable":["no"],"_download_limit":["-1"],"_download_expiry":["-1"],"_stock":[null],"_stock_status":["instock"],"_wc_average_rating":["4.93"],"_wc_review_count":["76"],"_product_version":["10.5.2"],"_edit_lock":["1772372729:1"],"merchant-center-availability":["yes"],"merchant-center-category":["2788"],"merchant-center-id":["INJECTORCLEANER"],"_edit_last":["1"],"_wp_page_template":["default"],"site-sidebar-layout":["default"],"ast-site-content-layout":["default"],"site-content-style":["default"],"site-sidebar-style":["default"],"theme-transparent-header-meta":["default"],"_wc_rating_count":["a:2:{i:4;i:5;i:5;i:71;}"],"_upsell_ids":["a:3:{i:0;i:22975;i:1;i:22985;i:2;i:23025;}"],"_crosssell_ids":["a:3:{i:0;i:22975;i:1;i:22985;i:2;i:23025;}"],"astra-migrate-meta-layouts":["set"],"_uag_css_file_name":["uag-css-23011.css"],"_elementor_page_assets":["a:0:{}"],"_uag_page_assets":["a:9:{s:3:\"css\";s:6873:\".wp-block-uagb-image{display:flex}.wp-block-uagb-image__figure{position:relative;display:flex;flex-direction:column;max-width:100%;height:auto;margin:0}.wp-block-uagb-image__figure img{height:auto;display:flex;max-width:100%;transition:box-shadow .2s ease}.wp-block-uagb-image__figure>a{display:inline-block}.wp-block-uagb-image__figure figcaption{text-align:center;margin-top:.5em;margin-bottom:1em}.wp-block-uagb-image .components-placeholder.block-editor-media-placeholder .components-placeholder__instructions{align-self:center}.wp-block-uagb-image--align-left{text-align:left}.wp-block-uagb-image--align-right{text-align:right}.wp-block-uagb-image--align-center{text-align:center}.wp-block-uagb-image--align-full .wp-block-uagb-image__figure{margin-left:calc(50% - 50vw);margin-right:calc(50% - 50vw);max-width:100vw;width:100vw;height:auto}.wp-block-uagb-image--align-full .wp-block-uagb-image__figure img{height:auto;width:100% !important}.wp-block-uagb-image--align-wide .wp-block-uagb-image__figure img{height:auto;width:100%}.wp-block-uagb-image--layout-overlay__color-wrapper{position:absolute;left:0;top:0;right:0;bottom:0;opacity:.2;background:rgba(0,0,0,.5);transition:opacity .35s ease-in-out}.wp-block-uagb-image--layout-overlay-link{position:absolute;left:0;right:0;bottom:0;top:0}.wp-block-uagb-image--layout-overlay .wp-block-uagb-image__figure:hover .wp-block-uagb-image--layout-overlay__color-wrapper{opacity:1}.wp-block-uagb-image--layout-overlay__inner{position:absolute;left:15px;right:15px;bottom:15px;top:15px;display:flex;align-items:center;justify-content:center;flex-direction:column;border-color:#fff;transition:.35s ease-in-out}.wp-block-uagb-image--layout-overlay__inner.top-left,.wp-block-uagb-image--layout-overlay__inner.top-center,.wp-block-uagb-image--layout-overlay__inner.top-right{justify-content:flex-start}.wp-block-uagb-image--layout-overlay__inner.bottom-left,.wp-block-uagb-image--layout-overlay__inner.bottom-center,.wp-block-uagb-image--layout-overlay__inner.bottom-right{justify-content:flex-end}.wp-block-uagb-image--layout-overlay__inner.top-left,.wp-block-uagb-image--layout-overlay__inner.center-left,.wp-block-uagb-image--layout-overlay__inner.bottom-left{align-items:flex-start}.wp-block-uagb-image--layout-overlay__inner.top-right,.wp-block-uagb-image--layout-overlay__inner.center-right,.wp-block-uagb-image--layout-overlay__inner.bottom-right{align-items:flex-end}.wp-block-uagb-image--layout-overlay__inner .uagb-image-heading{color:#fff;transition:transform .35s,opacity .35s ease-in-out;transform:translate3d(0, 24px, 0);margin:0;line-height:1em}.wp-block-uagb-image--layout-overlay__inner .uagb-image-separator{width:30%;border-top-width:2px;border-top-color:#fff;border-top-style:solid;margin-bottom:10px;opacity:0;transition:transform .4s,opacity .4s ease-in-out;transform:translate3d(0, 30px, 0)}.wp-block-uagb-image--layout-overlay__inner .uagb-image-caption{opacity:0;overflow:visible;color:#fff;transition:transform .45s,opacity .45s ease-in-out;transform:translate3d(0, 35px, 0)}.wp-block-uagb-image--layout-overlay__inner:hover .uagb-image-heading,.wp-block-uagb-image--layout-overlay__inner:hover .uagb-image-separator,.wp-block-uagb-image--layout-overlay__inner:hover .uagb-image-caption{opacity:1;transform:translate3d(0, 0, 0)}.wp-block-uagb-image--effect-zoomin .wp-block-uagb-image__figure img,.wp-block-uagb-image--effect-zoomin .wp-block-uagb-image__figure .wp-block-uagb-image--layout-overlay__color-wrapper{transform:scale(1);transition:transform .35s ease-in-out}.wp-block-uagb-image--effect-zoomin .wp-block-uagb-image__figure:hover img,.wp-block-uagb-image--effect-zoomin .wp-block-uagb-image__figure:hover .wp-block-uagb-image--layout-overlay__color-wrapper{transform:scale(1.05)}.wp-block-uagb-image--effect-slide .wp-block-uagb-image__figure img,.wp-block-uagb-image--effect-slide .wp-block-uagb-image__figure .wp-block-uagb-image--layout-overlay__color-wrapper{width:calc(100% + 40px) !important;max-width:none !important;transform:translate3d(-40px, 0, 0);transition:transform .35s ease-in-out}.wp-block-uagb-image--effect-slide .wp-block-uagb-image__figure:hover img,.wp-block-uagb-image--effect-slide .wp-block-uagb-image__figure:hover .wp-block-uagb-image--layout-overlay__color-wrapper{transform:translate3d(0, 0, 0)}.wp-block-uagb-image--effect-grayscale img{filter:grayscale(0%);transition:.35s ease-in-out}.wp-block-uagb-image--effect-grayscale:hover img{filter:grayscale(100%)}.wp-block-uagb-image--effect-blur img{filter:blur(0);transition:.35s ease-in-out}.wp-block-uagb-image--effect-blur:hover img{filter:blur(3px)}.uagb-block-e6f939b3.wp-block-uagb-image--layout-default figure img{box-shadow: 0px 0px 0 #00000070;}.uagb-block-e6f939b3.wp-block-uagb-image .wp-block-uagb-image__figure figcaption{font-style: normal;align-self: center;}.uagb-block-e6f939b3.wp-block-uagb-image--layout-overlay figure img{box-shadow: 0px 0px 0 #00000070;}.uagb-block-e6f939b3.wp-block-uagb-image--layout-overlay .wp-block-uagb-image--layout-overlay__color-wrapper{opacity: 0.2;}.uagb-block-e6f939b3.wp-block-uagb-image--layout-overlay .wp-block-uagb-image--layout-overlay__inner{left: 15px;right: 15px;top: 15px;bottom: 15px;}.uagb-block-e6f939b3.wp-block-uagb-image--layout-overlay .wp-block-uagb-image--layout-overlay__inner .uagb-image-heading{font-style: normal;color: #fff;opacity: 1;}.uagb-block-e6f939b3.wp-block-uagb-image--layout-overlay .wp-block-uagb-image--layout-overlay__inner .uagb-image-heading a{color: #fff;}.uagb-block-e6f939b3.wp-block-uagb-image--layout-overlay .wp-block-uagb-image--layout-overlay__inner .uagb-image-caption{opacity: 0;}.uagb-block-e6f939b3.wp-block-uagb-image--layout-overlay .wp-block-uagb-image__figure:hover .wp-block-uagb-image--layout-overlay__color-wrapper{opacity: 1;}.uagb-block-e6f939b3.wp-block-uagb-image .wp-block-uagb-image--layout-overlay__inner .uagb-image-separator{width: 30%;border-top-width: 2px;border-top-color: #fff;opacity: 0;}.uagb-block-e6f939b3.wp-block-uagb-image .wp-block-uagb-image__figure img{width: px;height: auto;}.uagb-block-e6f939b3.wp-block-uagb-image .wp-block-uagb-image__figure:hover .wp-block-uagb-image--layout-overlay__inner .uagb-image-caption{opacity: 1;}.uagb-block-e6f939b3.wp-block-uagb-image .wp-block-uagb-image__figure:hover .wp-block-uagb-image--layout-overlay__inner .uagb-image-separator{opacity: 1;}.uagb-block-e6f939b3.wp-block-uagb-image--layout-default figure:hover img{box-shadow: 0px 0px 0 #00000070;}.uagb-block-e6f939b3.wp-block-uagb-image--layout-overlay figure:hover img{box-shadow: 0px 0px 0 #00000070;}@media only screen and (max-width: 976px) {.uagb-block-e6f939b3.wp-block-uagb-image .wp-block-uagb-image__figure img{width: px;height: auto;}}@media only screen and (max-width: 767px) {.uagb-block-e6f939b3.wp-block-uagb-image .wp-block-uagb-image__figure img{width: px;height: auto;}}\";s:2:\"js\";s:0:\"\";s:18:\"current_block_list\";a:13:{i:0;s:11:\"core\/search\";i:1;s:10:\"core\/group\";i:2;s:12:\"core\/heading\";i:3;s:17:\"core\/latest-posts\";i:4;s:20:\"core\/latest-comments\";i:5;s:13:\"core\/archives\";i:6;s:15:\"core\/categories\";i:7;s:14:\"core\/paragraph\";i:8;s:10:\"uagb\/image\";i:9;s:11:\"core\/spacer\";i:10;s:30:\"woocommerce\/product-categories\";i:11;s:10:\"core\/image\";i:12;s:14:\"core\/shortcode\";}s:8:\"uag_flag\";b:1;s:11:\"uag_version\";s:10:\"1777451279\";s:6:\"gfonts\";a:0:{}s:10:\"gfonts_url\";s:0:\"\";s:12:\"gfonts_files\";a:0:{}s:14:\"uag_faq_layout\";b:0;}"]},"uagb_featured_image_src":{"full":["https:\/\/www.noleaky.com\/wp-content\/uploads\/2025\/06\/2.h.Injector-Cleaner_4000x4000_31d43540-c40d-4df5-895e-ea3ec8828cfb.png",2560,2560,false],"thumbnail":["https:\/\/www.noleaky.com\/wp-content\/uploads\/2025\/06\/2.h.Injector-Cleaner_4000x4000_31d43540-c40d-4df5-895e-ea3ec8828cfb-150x150.png",150,150,true],"medium":["https:\/\/www.noleaky.com\/wp-content\/uploads\/2025\/06\/2.h.Injector-Cleaner_4000x4000_31d43540-c40d-4df5-895e-ea3ec8828cfb-300x300.png",300,300,true],"medium_large":["https:\/\/www.noleaky.com\/wp-content\/uploads\/2025\/06\/2.h.Injector-Cleaner_4000x4000_31d43540-c40d-4df5-895e-ea3ec8828cfb-768x768.png",768,768,true],"large":["https:\/\/www.noleaky.com\/wp-content\/uploads\/2025\/06\/2.h.Injector-Cleaner_4000x4000_31d43540-c40d-4df5-895e-ea3ec8828cfb-1024x1024.png",1024,1024,true],"1536x1536":["https:\/\/www.noleaky.com\/wp-content\/uploads\/2025\/06\/2.h.Injector-Cleaner_4000x4000_31d43540-c40d-4df5-895e-ea3ec8828cfb-1536x1536.png",1536,1536,true],"2048x2048":["https:\/\/www.noleaky.com\/wp-content\/uploads\/2025\/06\/2.h.Injector-Cleaner_4000x4000_31d43540-c40d-4df5-895e-ea3ec8828cfb-2048x2048.png",2048,2048,true],"trp-custom-language-flag":["https:\/\/www.noleaky.com\/wp-content\/uploads\/2025\/06\/2.h.Injector-Cleaner_4000x4000_31d43540-c40d-4df5-895e-ea3ec8828cfb-12x12.png",12,12,true],"woocommerce_thumbnail":["https:\/\/www.noleaky.com\/wp-content\/uploads\/2025\/06\/2.h.Injector-Cleaner_4000x4000_31d43540-c40d-4df5-895e-ea3ec8828cfb-300x300.png",300,300,true],"woocommerce_single":["https:\/\/www.noleaky.com\/wp-content\/uploads\/2025\/06\/2.h.Injector-Cleaner_4000x4000_31d43540-c40d-4df5-895e-ea3ec8828cfb-600x600.png",600,600,true],"woocommerce_gallery_thumbnail":["https:\/\/www.noleaky.com\/wp-content\/uploads\/2025\/06\/2.h.Injector-Cleaner_4000x4000_31d43540-c40d-4df5-895e-ea3ec8828cfb-100x100.png",100,100,true]},"uagb_author_info":{"display_name":"admin","author_link":"https:\/\/www.noleaky.com\/pl\/author\/"},"uagb_comment_info":76,"uagb_excerpt":"Restores injector performance and engine efficiency instantly. Our injector cleaner is specially formulated to remove carbon deposits, varnish, and fuel residues that accumulate inside fuel injectors over time. By cleaning and restoring proper spray patterns, it helps improve combustion quality, resulting in smoother acceleration, improved responsiveness, and more stable engine operation. The most effective injector&hellip;","_links":{"self":[{"href":"https:\/\/www.noleaky.com\/pl\/wp-json\/wp\/v2\/product\/23011","targetHints":{"allow":["GET"]}}],"collection":[{"href":"https:\/\/www.noleaky.com\/pl\/wp-json\/wp\/v2\/product"}],"about":[{"href":"https:\/\/www.noleaky.com\/pl\/wp-json\/wp\/v2\/types\/product"}],"replies":[{"embeddable":true,"href":"https:\/\/www.noleaky.com\/pl\/wp-json\/wp\/v2\/comments?post=23011"}],"version-history":[{"count":4,"href":"https:\/\/www.noleaky.com\/pl\/wp-json\/wp\/v2\/product\/23011\/revisions"}],"predecessor-version":[{"id":33268,"href":"https:\/\/www.noleaky.com\/pl\/wp-json\/wp\/v2\/product\/23011\/revisions\/33268"}],"wp:featuredmedia":[{"embeddable":true,"href":"https:\/\/www.noleaky.com\/pl\/wp-json\/wp\/v2\/media\/23080"}],"wp:attachment":[{"href":"https:\/\/www.noleaky.com\/pl\/wp-json\/wp\/v2\/media?parent=23011"}],"wp:term":[{"taxonomy":"product_brand","embeddable":true,"href":"https:\/\/www.noleaky.com\/pl\/wp-json\/wp\/v2\/product_brand?post=23011"},{"taxonomy":"product_cat","embeddable":true,"href":"https:\/\/www.noleaky.com\/pl\/wp-json\/wp\/v2\/product_cat?post=23011"},{"taxonomy":"product_tag","embeddable":true,"href":"https:\/\/www.noleaky.com\/pl\/wp-json\/wp\/v2\/product_tag?post=23011"}],"curies":[{"name":"wp","href":"https:\/\/api.w.org\/{rel}","templated":true}]}}