{"id":23007,"date":"2025-06-02T15:49:14","date_gmt":"2025-06-02T13:49:14","guid":{"rendered":"https:\/\/www.noleaky.com\/products\/inhibitor\/"},"modified":"2026-03-01T14:48:22","modified_gmt":"2026-03-01T13:48:22","slug":"inhibitor","status":"publish","type":"product","link":"https:\/\/www.noleaky.com\/pl\/products\/inhibitor\/","title":{"rendered":"Inhibitor"},"content":{"rendered":"<p><strong><img decoding=\"async\" style=\"margin-right: 12px;\" src=\"https:\/\/www.noleaky.com\/wp-content\/uploads\/2026\/02\/Check.svg\" alt=\"\" width=\"18\" height=\"15\" \/>Chroni system grzewczy przed korozj\u0105 i uszkodzeniami wewn\u0119trznymi.<\/strong> Nasz inhibitor kot\u0142a zosta\u0142 specjalnie opracowany w celu ochrony system\u00f3w centralnego ogrzewania przed korozj\u0105, tworzeniem si\u0119 kamienia i gromadzeniem si\u0119 osad\u00f3w. Kr\u0105\u017cy w ca\u0142ym systemie, tworz\u0105c barier\u0119 ochronn\u0105 na wewn\u0119trznych powierzchniach metalowych, aby zapobiec pogorszeniu stanu i wyd\u0142u\u017cy\u0107 \u017cywotno\u015b\u0107 kot\u0142a i grzejnik\u00f3w.<\/p>\n<p><strong><img decoding=\"async\" style=\"margin-right: 12px;\" src=\"https:\/\/www.noleaky.com\/wp-content\/uploads\/2026\/02\/Check.svg\" alt=\"\" width=\"18\" height=\"15\" \/>Najskuteczniejsza d\u0142ugoterminowa ochrona kot\u0142\u00f3w i system\u00f3w grzewczych.<\/strong> Dzi\u0119ki zaawansowanej, wielosk\u0142adnikowej formule jest to najskuteczniejszy dost\u0119pny inhibitor kot\u0142a. Aktywnie zapobiega powstawaniu rdzy, kamienia i osad\u00f3w magnetytowych, zapewniaj\u0105c optymaln\u0105 wydajno\u015b\u0107 systemu i zmniejszaj\u0105c ryzyko awarii lub kosztownych napraw.<\/p>\n<p><strong><img decoding=\"async\" style=\"margin-right: 12px;\" src=\"https:\/\/www.noleaky.com\/wp-content\/uploads\/2026\/02\/Check.svg\" alt=\"\" width=\"18\" height=\"15\" \/>Najta\u0144szy profesjonalny inhibitor na rynku.<\/strong> Zapewniamy wysokowydajn\u0105 ochron\u0119 systemu grzewczego w najbardziej konkurencyjnej cenie. Nasz inhibitor kot\u0142a jest najta\u0144szym rozwi\u0105zaniem w swojej kategorii bez kompromis\u00f3w w zakresie jako\u015bci, dzi\u0119ki czemu jest idealny dla w\u0142a\u015bcicieli dom\u00f3w, instalator\u00f3w i profesjonalist\u00f3w zajmuj\u0105cych si\u0119 konserwacj\u0105.<\/p>\n<p><strong><img decoding=\"async\" style=\"margin-right: 12px;\" src=\"https:\/\/www.noleaky.com\/wp-content\/uploads\/2026\/02\/Check.svg\" alt=\"\" width=\"18\" height=\"15\" \/>Gwarantowana 24-godzinna dostawa dla pilnej ochrony systemu.<\/strong> Systemy grzewcze wymagaj\u0105 szybkiej konserwacji, szczeg\u00f3lnie przed zim\u0105. Dlatego gwarantujemy dostaw\u0119 w ci\u0105gu 24 godzin, co pozwala szybko zabezpieczy\u0107 kocio\u0142 i unikn\u0105\u0107 nieoczekiwanych problem\u00f3w z wydajno\u015bci\u0105.<\/p>\n<p><strong><img decoding=\"async\" style=\"margin-right: 12px;\" src=\"https:\/\/www.noleaky.com\/wp-content\/uploads\/2026\/02\/Check.svg\" alt=\"\" width=\"18\" height=\"15\" \/>Gwarancja zwrotu pieni\u0119dzy dla ca\u0142kowitego spokoju ducha.<\/strong> W pe\u0142ni popieramy dzia\u0142anie naszego inhibitora kot\u0142a. Je\u015bli nie b\u0119dziesz zadowolony z rezultat\u00f3w, oferujemy gwarancj\u0119 zwrotu pieni\u0119dzy. Wystarczy skontaktowa\u0107 si\u0119 z nami, a my zwr\u00f3cimy koszty zakupu, zapewniaj\u0105c ca\u0142kowicie woln\u0105 od ryzyka inwestycj\u0119.<\/p>\n<p><strong><img decoding=\"async\" style=\"margin-right: 12px;\" src=\"https:\/\/www.noleaky.com\/wp-content\/uploads\/2026\/02\/Check.svg\" alt=\"\" width=\"18\" height=\"15\" \/>Zapobiega gromadzeniu si\u0119 osadu i blokowaniu ch\u0142odnic.<\/strong> Z biegiem czasu w nieoczyszczonych systemach mo\u017ce gromadzi\u0107 si\u0119 osad, kt\u00f3ry ogranicza cyrkulacj\u0119 wody i zmniejsza moc grzewcz\u0105. Nasz inhibitor zapobiega tworzeniu si\u0119 osad\u00f3w, utrzymuj\u0105c prawid\u0142owy przep\u0142yw i zapewniaj\u0105c r\u00f3wnomiern\u0105 dystrybucj\u0119 ciep\u0142a w ca\u0142ym domu.<\/p>\n<p><strong><img decoding=\"async\" style=\"margin-right: 12px;\" src=\"https:\/\/www.noleaky.com\/wp-content\/uploads\/2026\/02\/Check.svg\" alt=\"\" width=\"18\" height=\"15\" \/>Zmniejsza zu\u017cycie energii i poprawia wydajno\u015b\u0107.<\/strong> Zapobiegaj\u0105c osadzaniu si\u0119 kamienia i korozji na izolowanych powierzchniach wymiany ciep\u0142a, produkt pomaga kot\u0142owi dzia\u0142a\u0107 wydajniej. Ulepszony transfer ciep\u0142a zmniejsza straty energii i mo\u017ce pom\u00f3c obni\u017cy\u0107 koszty ogrzewania.<\/p>\n<p><strong><img decoding=\"async\" style=\"margin-right: 12px;\" src=\"https:\/\/www.noleaky.com\/wp-content\/uploads\/2026\/02\/Check.svg\" alt=\"\" width=\"18\" height=\"15\" \/>Kompatybilny z wi\u0119kszo\u015bci\u0105 system\u00f3w centralnego ogrzewania.<\/strong> Nadaje si\u0119 do stosowania w szczelnych i otwartych systemach wentylacyjnych, w tym w systemach z elementami aluminiowymi, stalowymi, miedzianymi i mosi\u0119\u017cnymi, je\u015bli s\u0105 u\u017cywane zgodnie z zaleceniami producenta.<\/p>\n<p><strong><img decoding=\"async\" style=\"margin-right: 12px;\" src=\"https:\/\/www.noleaky.com\/wp-content\/uploads\/2026\/02\/Check.svg\" alt=\"\" width=\"18\" height=\"15\" \/>Wyd\u0142u\u017ca \u017cywotno\u015b\u0107 kot\u0142\u00f3w i grzejnik\u00f3w.<\/strong> Korozja jest jedn\u0105 z g\u0142\u00f3wnych przyczyn awarii system\u00f3w grzewczych. Tworz\u0105c warstw\u0119 ochronn\u0105 wewn\u0105trz systemu, inhibitor zmniejsza zu\u017cycie i pomaga wyd\u0142u\u017cy\u0107 \u017cywotno\u015b\u0107 kluczowych komponent\u00f3w.<\/p>\n<p><strong><img decoding=\"async\" style=\"margin-right: 12px;\" src=\"https:\/\/www.noleaky.com\/wp-content\/uploads\/2026\/02\/Check.svg\" alt=\"\" width=\"18\" height=\"15\" \/>Wysoka wydajno\u015b\u0107 oczyszczania z doskona\u0142ym pokryciem systemu.<\/strong> Jeden pojemnik zazwyczaj wystarcza do pokrycia standardowego domowego systemu grzewczego, zapewniaj\u0105c pe\u0142ne pokrycie wn\u0119trza i d\u0142ugotrwa\u0142\u0105 ochron\u0119 bez konieczno\u015bci stosowania wielu produkt\u00f3w.<\/p>\n<h2><strong>Instrukcje<\/strong><\/h2>\n<ul>\n<li>Przed dodaniem inhibitora nale\u017cy upewni\u0107 si\u0119, \u017ce system grzewczy jest wy\u0142\u0105czony i sch\u0142odzony.<\/li>\n<li>Je\u015bli uk\u0142ad jest silnie zanieczyszczony szlamem, przed dodaniem inhibitora nale\u017cy przeprowadzi\u0107 p\u0142ukanie uk\u0142adu przy u\u017cyciu odpowiedniego \u015brodka czyszcz\u0105cego.<\/li>\n<li>Przed u\u017cyciem dobrze wstrz\u0105sn\u0105\u0107 butelk\u0105.<\/li>\n<li>Dodaj inhibitor kot\u0142a przez ch\u0142odnic\u0119, p\u0119tl\u0119 nape\u0142niania, naczynie dozuj\u0105ce lub zbiornik wyr\u00f3wnawczy zgodnie z projektem systemu.<\/li>\n<li>Zalecana dawka wynosi oko\u0142o 500 ml dla typowego domowego systemu grzewczego o pojemno\u015bci do 100 litr\u00f3w. Dostosuj proporcjonalnie dla wi\u0119kszych system\u00f3w.<\/li>\n<li>Po dodaniu produktu nale\u017cy uruchomi\u0107 system grzewczy na co najmniej 30 minut, aby umo\u017cliwi\u0107 pe\u0142n\u0105 cyrkulacj\u0119.<\/li>\n<li>W razie potrzeby odpowietrzy\u0107 ch\u0142odnice, aby usun\u0105\u0107 uwi\u0119zione powietrze.<\/li>\n<li>Sprawdzi\u0107 ci\u015bnienie w uk\u0142adzie po zastosowaniu i w razie potrzeby wyregulowa\u0107.<\/li>\n<li>Aby zapewni\u0107 ci\u0105g\u0142\u0105 ochron\u0119, nale\u017cy co roku sprawdza\u0107 poziom inhibitora i ponownie go dozowa\u0107, je\u015bli uk\u0142ad zosta\u0142 opr\u00f3\u017cniony lub znacznie uzupe\u0142niony.<\/li>\n<li>Produkt nale\u017cy przechowywa\u0107 w szczelnie zamkni\u0119tym opakowaniu w ch\u0142odnym i suchym miejscu, z dala od bezpo\u015bredniego \u015bwiat\u0142a s\u0142onecznego.<\/li>\n<\/ul>","protected":false},"excerpt":{"rendered":"<p>Protects your heating system from corrosion and internal damage. Our boiler inhibitor is specially formulated to protect central heating systems against corrosion, limescale formation, and sludge buildup. It circulates throughout the system, creating a protective barrier on internal metal surfaces to prevent deterioration and extend the lifespan of your boiler and radiators. The most effective [&hellip;]<\/p>\n","protected":false},"featured_media":23077,"comment_status":"open","ping_status":"closed","template":"","meta":{"_uag_custom_page_level_css":"","site-sidebar-layout":"default","site-content-layout":"","ast-site-content-layout":"default","site-content-style":"default","site-sidebar-style":"default","ast-global-header-display":"","ast-banner-title-visibility":"","ast-main-header-display":"","ast-hfb-above-header-display":"","ast-hfb-below-header-display":"","ast-hfb-mobile-header-display":"","site-post-title":"","ast-breadcrumbs-content":"","ast-featured-img":"","footer-sml-layout":"","ast-disable-related-posts":"","theme-transparent-header-meta":"default","adv-header-id-meta":"","stick-header-meta":"","header-above-stick-meta":"","header-main-stick-meta":"","header-below-stick-meta":"","astra-migrate-meta-layouts":"set","ast-page-background-enabled":"default","ast-page-background-meta":{"desktop":{"background-color":"var(--ast-global-color-4)","background-image":"","background-repeat":"repeat","background-position":"center center","background-size":"auto","background-attachment":"scroll","background-type":"","background-media":"","overlay-type":"","overlay-color":"","overlay-opacity":"","overlay-gradient":""},"tablet":{"background-color":"","background-image":"","background-repeat":"repeat","background-position":"center center","background-size":"auto","background-attachment":"scroll","background-type":"","background-media":"","overlay-type":"","overlay-color":"","overlay-opacity":"","overlay-gradient":""},"mobile":{"background-color":"","background-image":"","background-repeat":"repeat","background-position":"center center","background-size":"auto","background-attachment":"scroll","background-type":"","background-media":"","overlay-type":"","overlay-color":"","overlay-opacity":"","overlay-gradient":""}},"ast-content-background-meta":{"desktop":{"background-color":"var(--ast-global-color-5)","background-image":"","background-repeat":"repeat","background-position":"center center","background-size":"auto","background-attachment":"scroll","background-type":"","background-media":"","overlay-type":"","overlay-color":"","overlay-opacity":"","overlay-gradient":""},"tablet":{"background-color":"var(--ast-global-color-5)","background-image":"","background-repeat":"repeat","background-position":"center center","background-size":"auto","background-attachment":"scroll","background-type":"","background-media":"","overlay-type":"","overlay-color":"","overlay-opacity":"","overlay-gradient":""},"mobile":{"background-color":"var(--ast-global-color-5)","background-image":"","background-repeat":"repeat","background-position":"center center","background-size":"auto","background-attachment":"scroll","background-type":"","background-media":"","overlay-type":"","overlay-color":"","overlay-opacity":"","overlay-gradient":""}}},"product_brand":[],"product_cat":[177],"product_tag":[],"class_list":{"0":"post-23007","1":"product","2":"type-product","3":"status-publish","4":"has-post-thumbnail","6":"product_cat-heating-system","7":"desktop-align-left","8":"tablet-align-left","9":"mobile-align-left","11":"first","12":"instock","13":"sale","14":"taxable","15":"shipping-taxable","16":"purchasable","17":"product-type-variable","18":"has-default-attributes"},"spectra_custom_meta":{"_visibility":["visible"],"_shopify_product_id":["1771049025570"],"_s2w_shopify_domain":["noleaky.myshopify.com"],"_shopify_variant_id":["16277739667490"],"_manage_stock":["no"],"total_sales":["10"],"_tax_status":["taxable"],"_tax_class":[""],"_backorders":["no"],"_sold_individually":["no"],"_virtual":["no"],"_downloadable":["no"],"_download_limit":["-1"],"_download_expiry":["-1"],"_stock":[null],"_stock_status":["instock"],"_wc_average_rating":["4.91"],"_wc_review_count":["79"],"_product_attributes":["a:1:{s:6:\"volume\";a:6:{s:4:\"name\";s:6:\"Volume\";s:5:\"value\";s:30:\"1 liter | 5 liters | 25 liters\";s:8:\"position\";i:1;s:10:\"is_visible\";i:0;s:12:\"is_variation\";i:1;s:11:\"is_taxonomy\";i:0;}}"],"_product_version":["10.5.2"],"_thumbnail_id":["23077"],"_product_image_gallery":["23078"],"_edit_lock":["1772372767:1"],"merchant-center-availability":["yes"],"merchant-center-category":["6773"],"merchant-center-id":["IC"],"_edit_last":["1"],"_wp_page_template":["default"],"site-sidebar-layout":["default"],"ast-site-content-layout":["default"],"site-content-style":["default"],"site-sidebar-style":["default"],"theme-transparent-header-meta":["default"],"_default_attributes":["a:1:{s:6:\"volume\";s:7:\"1 liter\";}"],"_price":["24.90","99.90","399.90"],"_wc_rating_count":["a:2:{i:4;i:7;i:5;i:72;}"],"_upsell_ids":["a:3:{i:0;i:22980;i:1;i:23018;i:2;i:23004;}"],"_crosssell_ids":["a:3:{i:0;i:22980;i:1;i:23018;i:2;i:23004;}"],"astra-migrate-meta-layouts":["set"],"_uag_css_file_name":["uag-css-23007.css"],"_elementor_page_assets":["a:0:{}"],"_uag_page_assets":["a:9:{s:3:\"css\";s:7133:\".uag-blocks-common-selector{z-index:var(--z-index-desktop) !important}@media(max-width: 976px){.uag-blocks-common-selector{z-index:var(--z-index-tablet) !important}}@media(max-width: 767px){.uag-blocks-common-selector{z-index:var(--z-index-mobile) !important}}.wp-block-uagb-image{display:flex}.wp-block-uagb-image__figure{position:relative;display:flex;flex-direction:column;max-width:100%;height:auto;margin:0}.wp-block-uagb-image__figure img{height:auto;display:flex;max-width:100%;transition:box-shadow .2s ease}.wp-block-uagb-image__figure>a{display:inline-block}.wp-block-uagb-image__figure figcaption{text-align:center;margin-top:.5em;margin-bottom:1em}.wp-block-uagb-image .components-placeholder.block-editor-media-placeholder .components-placeholder__instructions{align-self:center}.wp-block-uagb-image--align-left{text-align:left}.wp-block-uagb-image--align-right{text-align:right}.wp-block-uagb-image--align-center{text-align:center}.wp-block-uagb-image--align-full .wp-block-uagb-image__figure{margin-left:calc(50% - 50vw);margin-right:calc(50% - 50vw);max-width:100vw;width:100vw;height:auto}.wp-block-uagb-image--align-full .wp-block-uagb-image__figure img{height:auto;width:100% !important}.wp-block-uagb-image--align-wide .wp-block-uagb-image__figure img{height:auto;width:100%}.wp-block-uagb-image--layout-overlay__color-wrapper{position:absolute;left:0;top:0;right:0;bottom:0;opacity:.2;background:rgba(0,0,0,.5);transition:opacity .35s ease-in-out}.wp-block-uagb-image--layout-overlay-link{position:absolute;left:0;right:0;bottom:0;top:0}.wp-block-uagb-image--layout-overlay .wp-block-uagb-image__figure:hover .wp-block-uagb-image--layout-overlay__color-wrapper{opacity:1}.wp-block-uagb-image--layout-overlay__inner{position:absolute;left:15px;right:15px;bottom:15px;top:15px;display:flex;align-items:center;justify-content:center;flex-direction:column;border-color:#fff;transition:.35s ease-in-out}.wp-block-uagb-image--layout-overlay__inner.top-left,.wp-block-uagb-image--layout-overlay__inner.top-center,.wp-block-uagb-image--layout-overlay__inner.top-right{justify-content:flex-start}.wp-block-uagb-image--layout-overlay__inner.bottom-left,.wp-block-uagb-image--layout-overlay__inner.bottom-center,.wp-block-uagb-image--layout-overlay__inner.bottom-right{justify-content:flex-end}.wp-block-uagb-image--layout-overlay__inner.top-left,.wp-block-uagb-image--layout-overlay__inner.center-left,.wp-block-uagb-image--layout-overlay__inner.bottom-left{align-items:flex-start}.wp-block-uagb-image--layout-overlay__inner.top-right,.wp-block-uagb-image--layout-overlay__inner.center-right,.wp-block-uagb-image--layout-overlay__inner.bottom-right{align-items:flex-end}.wp-block-uagb-image--layout-overlay__inner .uagb-image-heading{color:#fff;transition:transform .35s,opacity .35s ease-in-out;transform:translate3d(0, 24px, 0);margin:0;line-height:1em}.wp-block-uagb-image--layout-overlay__inner .uagb-image-separator{width:30%;border-top-width:2px;border-top-color:#fff;border-top-style:solid;margin-bottom:10px;opacity:0;transition:transform .4s,opacity .4s ease-in-out;transform:translate3d(0, 30px, 0)}.wp-block-uagb-image--layout-overlay__inner .uagb-image-caption{opacity:0;overflow:visible;color:#fff;transition:transform .45s,opacity .45s ease-in-out;transform:translate3d(0, 35px, 0)}.wp-block-uagb-image--layout-overlay__inner:hover .uagb-image-heading,.wp-block-uagb-image--layout-overlay__inner:hover .uagb-image-separator,.wp-block-uagb-image--layout-overlay__inner:hover .uagb-image-caption{opacity:1;transform:translate3d(0, 0, 0)}.wp-block-uagb-image--effect-zoomin .wp-block-uagb-image__figure img,.wp-block-uagb-image--effect-zoomin .wp-block-uagb-image__figure .wp-block-uagb-image--layout-overlay__color-wrapper{transform:scale(1);transition:transform .35s ease-in-out}.wp-block-uagb-image--effect-zoomin .wp-block-uagb-image__figure:hover img,.wp-block-uagb-image--effect-zoomin .wp-block-uagb-image__figure:hover .wp-block-uagb-image--layout-overlay__color-wrapper{transform:scale(1.05)}.wp-block-uagb-image--effect-slide .wp-block-uagb-image__figure img,.wp-block-uagb-image--effect-slide .wp-block-uagb-image__figure .wp-block-uagb-image--layout-overlay__color-wrapper{width:calc(100% + 40px) !important;max-width:none !important;transform:translate3d(-40px, 0, 0);transition:transform .35s ease-in-out}.wp-block-uagb-image--effect-slide .wp-block-uagb-image__figure:hover img,.wp-block-uagb-image--effect-slide .wp-block-uagb-image__figure:hover .wp-block-uagb-image--layout-overlay__color-wrapper{transform:translate3d(0, 0, 0)}.wp-block-uagb-image--effect-grayscale img{filter:grayscale(0%);transition:.35s ease-in-out}.wp-block-uagb-image--effect-grayscale:hover img{filter:grayscale(100%)}.wp-block-uagb-image--effect-blur img{filter:blur(0);transition:.35s ease-in-out}.wp-block-uagb-image--effect-blur:hover img{filter:blur(3px)}.uagb-block-e6f939b3.wp-block-uagb-image--layout-default figure img{box-shadow: 0px 0px 0 #00000070;}.uagb-block-e6f939b3.wp-block-uagb-image .wp-block-uagb-image__figure figcaption{font-style: normal;align-self: center;}.uagb-block-e6f939b3.wp-block-uagb-image--layout-overlay figure img{box-shadow: 0px 0px 0 #00000070;}.uagb-block-e6f939b3.wp-block-uagb-image--layout-overlay .wp-block-uagb-image--layout-overlay__color-wrapper{opacity: 0.2;}.uagb-block-e6f939b3.wp-block-uagb-image--layout-overlay .wp-block-uagb-image--layout-overlay__inner{left: 15px;right: 15px;top: 15px;bottom: 15px;}.uagb-block-e6f939b3.wp-block-uagb-image--layout-overlay .wp-block-uagb-image--layout-overlay__inner .uagb-image-heading{font-style: normal;color: #fff;opacity: 1;}.uagb-block-e6f939b3.wp-block-uagb-image--layout-overlay .wp-block-uagb-image--layout-overlay__inner .uagb-image-heading a{color: #fff;}.uagb-block-e6f939b3.wp-block-uagb-image--layout-overlay .wp-block-uagb-image--layout-overlay__inner .uagb-image-caption{opacity: 0;}.uagb-block-e6f939b3.wp-block-uagb-image--layout-overlay .wp-block-uagb-image__figure:hover .wp-block-uagb-image--layout-overlay__color-wrapper{opacity: 1;}.uagb-block-e6f939b3.wp-block-uagb-image .wp-block-uagb-image--layout-overlay__inner .uagb-image-separator{width: 30%;border-top-width: 2px;border-top-color: #fff;opacity: 0;}.uagb-block-e6f939b3.wp-block-uagb-image .wp-block-uagb-image__figure img{width: px;height: auto;}.uagb-block-e6f939b3.wp-block-uagb-image .wp-block-uagb-image__figure:hover .wp-block-uagb-image--layout-overlay__inner .uagb-image-caption{opacity: 1;}.uagb-block-e6f939b3.wp-block-uagb-image .wp-block-uagb-image__figure:hover .wp-block-uagb-image--layout-overlay__inner .uagb-image-separator{opacity: 1;}.uagb-block-e6f939b3.wp-block-uagb-image--layout-default figure:hover img{box-shadow: 0px 0px 0 #00000070;}.uagb-block-e6f939b3.wp-block-uagb-image--layout-overlay figure:hover img{box-shadow: 0px 0px 0 #00000070;}@media only screen and (max-width: 976px) {.uagb-block-e6f939b3.wp-block-uagb-image .wp-block-uagb-image__figure img{width: px;height: auto;}}@media only screen and (max-width: 767px) {.uagb-block-e6f939b3.wp-block-uagb-image .wp-block-uagb-image__figure img{width: px;height: auto;}}\";s:2:\"js\";s:0:\"\";s:18:\"current_block_list\";a:13:{i:0;s:11:\"core\/search\";i:1;s:10:\"core\/group\";i:2;s:12:\"core\/heading\";i:3;s:17:\"core\/latest-posts\";i:4;s:20:\"core\/latest-comments\";i:5;s:13:\"core\/archives\";i:6;s:15:\"core\/categories\";i:7;s:14:\"core\/paragraph\";i:8;s:10:\"uagb\/image\";i:9;s:11:\"core\/spacer\";i:10;s:30:\"woocommerce\/product-categories\";i:11;s:10:\"core\/image\";i:12;s:14:\"core\/shortcode\";}s:8:\"uag_flag\";b:1;s:11:\"uag_version\";s:10:\"1777430603\";s:6:\"gfonts\";a:0:{}s:10:\"gfonts_url\";s:0:\"\";s:12:\"gfonts_files\";a:0:{}s:14:\"uag_faq_layout\";b:0;}"]},"uagb_featured_image_src":{"full":["https:\/\/www.noleaky.com\/wp-content\/uploads\/2025\/06\/Inhibitor5L.jpg",2560,2560,false],"thumbnail":["https:\/\/www.noleaky.com\/wp-content\/uploads\/2025\/06\/Inhibitor5L-150x150.jpg",150,150,true],"medium":["https:\/\/www.noleaky.com\/wp-content\/uploads\/2025\/06\/Inhibitor5L-300x300.jpg",300,300,true],"medium_large":["https:\/\/www.noleaky.com\/wp-content\/uploads\/2025\/06\/Inhibitor5L-768x768.jpg",768,768,true],"large":["https:\/\/www.noleaky.com\/wp-content\/uploads\/2025\/06\/Inhibitor5L-1024x1024.jpg",1024,1024,true],"1536x1536":["https:\/\/www.noleaky.com\/wp-content\/uploads\/2025\/06\/Inhibitor5L-1536x1536.jpg",1536,1536,true],"2048x2048":["https:\/\/www.noleaky.com\/wp-content\/uploads\/2025\/06\/Inhibitor5L-2048x2048.jpg",2048,2048,true],"trp-custom-language-flag":["https:\/\/www.noleaky.com\/wp-content\/uploads\/2025\/06\/Inhibitor5L-12x12.jpg",12,12,true],"woocommerce_thumbnail":["https:\/\/www.noleaky.com\/wp-content\/uploads\/2025\/06\/Inhibitor5L-300x300.jpg",300,300,true],"woocommerce_single":["https:\/\/www.noleaky.com\/wp-content\/uploads\/2025\/06\/Inhibitor5L-600x600.jpg",600,600,true],"woocommerce_gallery_thumbnail":["https:\/\/www.noleaky.com\/wp-content\/uploads\/2025\/06\/Inhibitor5L-100x100.jpg",100,100,true]},"uagb_author_info":{"display_name":"admin","author_link":"https:\/\/www.noleaky.com\/pl\/author\/"},"uagb_comment_info":79,"uagb_excerpt":"Protects your heating system from corrosion and internal damage. Our boiler inhibitor is specially formulated to protect central heating systems against corrosion, limescale formation, and sludge buildup. It circulates throughout the system, creating a protective barrier on internal metal surfaces to prevent deterioration and extend the lifespan of your boiler and radiators. The most effective&hellip;","_links":{"self":[{"href":"https:\/\/www.noleaky.com\/pl\/wp-json\/wp\/v2\/product\/23007","targetHints":{"allow":["GET"]}}],"collection":[{"href":"https:\/\/www.noleaky.com\/pl\/wp-json\/wp\/v2\/product"}],"about":[{"href":"https:\/\/www.noleaky.com\/pl\/wp-json\/wp\/v2\/types\/product"}],"replies":[{"embeddable":true,"href":"https:\/\/www.noleaky.com\/pl\/wp-json\/wp\/v2\/comments?post=23007"}],"version-history":[{"count":3,"href":"https:\/\/www.noleaky.com\/pl\/wp-json\/wp\/v2\/product\/23007\/revisions"}],"predecessor-version":[{"id":33269,"href":"https:\/\/www.noleaky.com\/pl\/wp-json\/wp\/v2\/product\/23007\/revisions\/33269"}],"wp:featuredmedia":[{"embeddable":true,"href":"https:\/\/www.noleaky.com\/pl\/wp-json\/wp\/v2\/media\/23077"}],"wp:attachment":[{"href":"https:\/\/www.noleaky.com\/pl\/wp-json\/wp\/v2\/media?parent=23007"}],"wp:term":[{"taxonomy":"product_brand","embeddable":true,"href":"https:\/\/www.noleaky.com\/pl\/wp-json\/wp\/v2\/product_brand?post=23007"},{"taxonomy":"product_cat","embeddable":true,"href":"https:\/\/www.noleaky.com\/pl\/wp-json\/wp\/v2\/product_cat?post=23007"},{"taxonomy":"product_tag","embeddable":true,"href":"https:\/\/www.noleaky.com\/pl\/wp-json\/wp\/v2\/product_tag?post=23007"}],"curies":[{"name":"wp","href":"https:\/\/api.w.org\/{rel}","templated":true}]}}