{"id":23001,"date":"2025-06-02T15:49:12","date_gmt":"2025-06-02T13:49:12","guid":{"rendered":"https:\/\/www.noleaky.com\/products\/high-performance-5w40-engine-oil\/"},"modified":"2026-03-01T14:52:53","modified_gmt":"2026-03-01T13:52:53","slug":"high-performance-5w40-engine-oil","status":"publish","type":"product","link":"https:\/\/www.noleaky.com\/pl\/products\/high-performance-5w40-engine-oil\/","title":{"rendered":"Wysokowydajny olej silnikowy 5W40"},"content":{"rendered":"<p><strong><img decoding=\"async\" style=\"margin-right: 12px;\" src=\"https:\/\/www.noleaky.com\/wp-content\/uploads\/2026\/02\/Check.svg\" alt=\"\" width=\"18\" height=\"15\" \/>Maksymalna ochrona silnika w ka\u017cdych warunkach jazdy.<\/strong> Nasz wysokowydajny olej silnikowy 5W40 zosta\u0142 opracowany w celu zapewnienia doskona\u0142ego smarowania i ochrony nowoczesnych silnik\u00f3w benzynowych i wysokopr\u0119\u017cnych. Tworzy mocny, stabilny film olejowy, kt\u00f3ry chroni krytyczne elementy silnika przed zu\u017cyciem, tarciem i wysokimi temperaturami pracy, zapewniaj\u0105c d\u0142ugotrwa\u0142\u0105 \u017cywotno\u015b\u0107 silnika.<\/p>\n<p><strong><img decoding=\"async\" style=\"margin-right: 12px;\" src=\"https:\/\/www.noleaky.com\/wp-content\/uploads\/2026\/02\/Check.svg\" alt=\"\" width=\"18\" height=\"15\" \/>Najskuteczniejsza dost\u0119pna technologia smarowania.<\/strong> Jest to najskuteczniejszy olej silnikowy 5W40 w swojej kategorii, opracowany na bazie zaawansowanych syntetycznych olej\u00f3w bazowych i dodatk\u00f3w uszlachetniaj\u0105cych. Zachowuje stabilno\u015b\u0107 lepko\u015bci w ekstremalnych temperaturach i ci\u015bnieniu, zapewniaj\u0105c sta\u0142e smarowanie podczas zimnego rozruchu, jazdy z du\u017c\u0105 pr\u0119dko\u015bci\u0105 i w warunkach du\u017cego obci\u0105\u017cenia.<\/p>\n<p><strong><img decoding=\"async\" style=\"margin-right: 12px;\" src=\"https:\/\/www.noleaky.com\/wp-content\/uploads\/2026\/02\/Check.svg\" alt=\"\" width=\"18\" height=\"15\" \/>Najta\u0144szy na rynku olej silnikowy premium 5W40.<\/strong> Oferujemy najwy\u017cszej klasy ochron\u0119 silnika w najbardziej konkurencyjnej cenie. Nasz wysokowydajny olej silnikowy 5W40 jest najta\u0144szym dost\u0119pnym rozwi\u0105zaniem klasy profesjonalnej, zapewniaj\u0105cym wyj\u0105tkow\u0105 jako\u015b\u0107 i wydajno\u015b\u0107 bez ceny premium.<\/p>\n<p><strong><img decoding=\"async\" style=\"margin-right: 12px;\" src=\"https:\/\/www.noleaky.com\/wp-content\/uploads\/2026\/02\/Check.svg\" alt=\"\" width=\"18\" height=\"15\" \/>Gwarantowana dostawa w ci\u0105gu 24 godzin w celu natychmiastowej wymiany oleju.<\/strong> Konserwacja silnika nigdy nie powinna by\u0107 op\u00f3\u017aniana. Dlatego gwarantujemy 24-godzinn\u0105 dostaw\u0119, umo\u017cliwiaj\u0105c szybk\u0105 wymian\u0119 oleju i ochron\u0119 silnika bez przerw.<\/p>\n<p><strong><img decoding=\"async\" style=\"margin-right: 12px;\" src=\"https:\/\/www.noleaky.com\/wp-content\/uploads\/2026\/02\/Check.svg\" alt=\"\" width=\"18\" height=\"15\" \/>Gwarancja zwrotu pieni\u0119dzy dla pe\u0142nego spokoju ducha.<\/strong> Jeste\u015bmy przekonani o jako\u015bci i wydajno\u015bci naszego oleju silnikowego 5W40. Je\u015bli nie b\u0119dziesz zadowolony, oferujemy gwarancj\u0119 zwrotu pieni\u0119dzy. Wystarczy skontaktowa\u0107 si\u0119 z nami, a my zwr\u00f3cimy pieni\u0105dze za zakup, zapewniaj\u0105c inwestycj\u0119 bez ryzyka.<\/p>\n<p><strong><img decoding=\"async\" style=\"margin-right: 12px;\" src=\"https:\/\/www.noleaky.com\/wp-content\/uploads\/2026\/02\/Check.svg\" alt=\"\" width=\"18\" height=\"15\" \/>Doskona\u0142e pokrycie i ochrona silnika w przeliczeniu na litr.<\/strong> Ka\u017cdy litr naszego oleju 5W40 zapewnia pe\u0142ne smarowanie wszystkich wewn\u0119trznych element\u00f3w silnika, w tym t\u0142ok\u00f3w, wa\u0142k\u00f3w rozrz\u0105du, \u0142o\u017cysk i turbospr\u0119\u017carek, zapewniaj\u0105c r\u00f3wnomiern\u0105 ochron\u0119 wszystkich ruchomych cz\u0119\u015bci.<\/p>\n<p><strong><img decoding=\"async\" style=\"margin-right: 12px;\" src=\"https:\/\/www.noleaky.com\/wp-content\/uploads\/2026\/02\/Check.svg\" alt=\"\" width=\"18\" height=\"15\" \/>Znakomita wydajno\u015b\u0107 zimnego rozruchu.<\/strong> Ocena 5W zapewnia szybk\u0105 cyrkulacj\u0119 oleju podczas zimnego rozruchu, zmniejszaj\u0105c zu\u017cycie silnika, kt\u00f3re zwykle wyst\u0119puje w pierwszych sekundach po zap\u0142onie. Poprawia to trwa\u0142o\u015b\u0107 i niezawodno\u015b\u0107 silnika w ch\u0142odniejszym klimacie.<\/p>\n<p><strong><img decoding=\"async\" style=\"margin-right: 12px;\" src=\"https:\/\/www.noleaky.com\/wp-content\/uploads\/2026\/02\/Check.svg\" alt=\"\" width=\"18\" height=\"15\" \/>Stabilno\u015b\u0107 w wysokich temperaturach i odporno\u015b\u0107 na utlenianie.<\/strong> Lepko\u015b\u0107 na poziomie 40 zapewnia niezawodn\u0105 ochron\u0119 w wysokich temperaturach roboczych. Olej jest odporny na rozk\u0142ad termiczny i utlenianie, zachowuj\u0105c wydajno\u015b\u0107 nawet w wymagaj\u0105cych warunkach jazdy.<\/p>\n<p><strong><img decoding=\"async\" style=\"margin-right: 12px;\" src=\"https:\/\/www.noleaky.com\/wp-content\/uploads\/2026\/02\/Check.svg\" alt=\"\" width=\"18\" height=\"15\" \/>Obs\u0142uguje turbodo\u0142adowane i wysokowydajne silniki.<\/strong> Zaprojektowany z my\u015bl\u0105 o potrzebach nowoczesnych silnik\u00f3w, w tym z turbodo\u0142adowaniem i uk\u0142adami wielozaworowymi, olej ten pomaga utrzyma\u0107 czysto\u015b\u0107 element\u00f3w wewn\u0119trznych i zapobiega tworzeniu si\u0119 szkodliwych osad\u00f3w.<\/p>\n<p><strong><img decoding=\"async\" style=\"margin-right: 12px;\" src=\"https:\/\/www.noleaky.com\/wp-content\/uploads\/2026\/02\/Check.svg\" alt=\"\" width=\"18\" height=\"15\" \/>Wyd\u0142u\u017ca \u017cywotno\u015b\u0107 silnika i poprawia og\u00f3ln\u0105 wydajno\u015b\u0107.<\/strong> Zmniejszaj\u0105c tarcie i zu\u017cycie, olej przyczynia si\u0119 do p\u0142ynniejszej pracy silnika, poprawy wydajno\u015bci paliwowej i d\u0142ugoterminowej niezawodno\u015bci mechanicznej.<\/p>\n<h2><strong>Instrukcje<\/strong><\/h2>\n<ul>\n<li>Przed rozpocz\u0119ciem wymiany oleju nale\u017cy upewni\u0107 si\u0119, \u017ce silnik jest wy\u0142\u0105czony i lekko ostyg\u0142.<\/li>\n<li>Umie\u015b\u0107 pojazd na r\u00f3wnej powierzchni i zabezpiecz go.<\/li>\n<li>Ca\u0142kowicie spu\u015b\u0107 stary olej silnikowy, odkr\u0119caj\u0105c korek spustowy oleju i pozwalaj\u0105c, aby olej sp\u0142yn\u0105\u0142 do odpowiedniego pojemnika.<\/li>\n<li>Wymie\u0144 filtr oleju na nowy zgodnie ze specyfikacj\u0105 producenta.<\/li>\n<li>Po ca\u0142kowitym spuszczeniu starego oleju nale\u017cy ponownie zamontowa\u0107 korek spustowy.<\/li>\n<li>Nape\u0142ni\u0107 silnik zalecan\u0105 ilo\u015bci\u0105 wysokowydajnego oleju silnikowego 5W40. Typowa dawka zale\u017cy od pojemno\u015bci silnika, zwykle od 4 do 6 litr\u00f3w dla pojazd\u00f3w osobowych.<\/li>\n<li>Za pomoc\u0105 bagnetu sprawd\u017a poziom oleju i upewnij si\u0119, \u017ce mie\u015bci si\u0119 on w zalecanym zakresie.<\/li>\n<li>Uruchom silnik i pozw\u00f3l mu pracowa\u0107 przez kilka minut, aby umo\u017cliwi\u0107 prawid\u0142ow\u0105 cyrkulacj\u0119 oleju.<\/li>\n<li>Wy\u0142\u0105cz silnik i ponownie sprawd\u017a poziom oleju, uzupe\u0142niaj\u0105c go w razie potrzeby.<\/li>\n<li>Przestrzeganie zalecanych przez producenta pojazdu okres\u00f3w wymiany oleju zapewnia optymaln\u0105 wydajno\u015b\u0107 i ochron\u0119 silnika.<\/li>\n<\/ul>","protected":false},"excerpt":{"rendered":"<p>Maximum engine protection under all driving conditions. Our high performance 5W40 engine oil is engineered to deliver superior lubrication and protection for modern gasoline and diesel engines. It forms a strong, stable oil film that protects critical engine components against wear, friction, and high operating temperatures, ensuring long-lasting engine durability. The most effective lubrication technology [&hellip;]<\/p>\n","protected":false},"featured_media":23071,"comment_status":"open","ping_status":"closed","template":"","meta":{"_uag_custom_page_level_css":"","site-sidebar-layout":"default","site-content-layout":"","ast-site-content-layout":"default","site-content-style":"default","site-sidebar-style":"default","ast-global-header-display":"","ast-banner-title-visibility":"","ast-main-header-display":"","ast-hfb-above-header-display":"","ast-hfb-below-header-display":"","ast-hfb-mobile-header-display":"","site-post-title":"","ast-breadcrumbs-content":"","ast-featured-img":"","footer-sml-layout":"","ast-disable-related-posts":"","theme-transparent-header-meta":"default","adv-header-id-meta":"","stick-header-meta":"","header-above-stick-meta":"","header-main-stick-meta":"","header-below-stick-meta":"","astra-migrate-meta-layouts":"set","ast-page-background-enabled":"default","ast-page-background-meta":{"desktop":{"background-color":"var(--ast-global-color-4)","background-image":"","background-repeat":"repeat","background-position":"center center","background-size":"auto","background-attachment":"scroll","background-type":"","background-media":"","overlay-type":"","overlay-color":"","overlay-opacity":"","overlay-gradient":""},"tablet":{"background-color":"","background-image":"","background-repeat":"repeat","background-position":"center center","background-size":"auto","background-attachment":"scroll","background-type":"","background-media":"","overlay-type":"","overlay-color":"","overlay-opacity":"","overlay-gradient":""},"mobile":{"background-color":"","background-image":"","background-repeat":"repeat","background-position":"center center","background-size":"auto","background-attachment":"scroll","background-type":"","background-media":"","overlay-type":"","overlay-color":"","overlay-opacity":"","overlay-gradient":""}},"ast-content-background-meta":{"desktop":{"background-color":"var(--ast-global-color-5)","background-image":"","background-repeat":"repeat","background-position":"center center","background-size":"auto","background-attachment":"scroll","background-type":"","background-media":"","overlay-type":"","overlay-color":"","overlay-opacity":"","overlay-gradient":""},"tablet":{"background-color":"var(--ast-global-color-5)","background-image":"","background-repeat":"repeat","background-position":"center center","background-size":"auto","background-attachment":"scroll","background-type":"","background-media":"","overlay-type":"","overlay-color":"","overlay-opacity":"","overlay-gradient":""},"mobile":{"background-color":"var(--ast-global-color-5)","background-image":"","background-repeat":"repeat","background-position":"center center","background-size":"auto","background-attachment":"scroll","background-type":"","background-media":"","overlay-type":"","overlay-color":"","overlay-opacity":"","overlay-gradient":""}}},"product_brand":[],"product_cat":[176],"product_tag":[],"class_list":{"0":"post-23001","1":"product","2":"type-product","3":"status-publish","4":"has-post-thumbnail","6":"product_cat-automotive","7":"desktop-align-left","8":"tablet-align-left","9":"mobile-align-left","11":"first","12":"instock","13":"sale","14":"shipping-taxable","15":"purchasable","16":"product-type-variable","17":"has-default-attributes"},"spectra_custom_meta":{"_visibility":["visible"],"_shopify_product_id":["7960284725468"],"_s2w_shopify_domain":["noleaky.myshopify.com"],"_shopify_variant_id":["43735106027740"],"_manage_stock":["no"],"total_sales":["1"],"_tax_status":["taxable"],"_tax_class":[""],"_backorders":["no"],"_sold_individually":["no"],"_virtual":["no"],"_downloadable":["no"],"_download_limit":["-1"],"_download_expiry":["-1"],"_stock":[null],"_stock_status":["instock"],"_wc_average_rating":["4.98"],"_wc_review_count":["57"],"_product_attributes":["a:1:{s:6:\"volume\";a:6:{s:4:\"name\";s:6:\"volume\";s:5:\"value\";s:20:\"5 liters | 25 liters\";s:8:\"position\";i:1;s:10:\"is_visible\";i:0;s:12:\"is_variation\";i:1;s:11:\"is_taxonomy\";i:0;}}"],"_product_version":["10.5.2"],"_thumbnail_id":["23071"],"_product_image_gallery":["23072"],"_edit_lock":["1772373069:1"],"merchant-center-availability":["yes"],"merchant-center-category":["3044"],"merchant-center-id":["5W40"],"_edit_last":["1"],"_wp_page_template":["default"],"site-sidebar-layout":["default"],"ast-site-content-layout":["default"],"site-content-style":["default"],"site-sidebar-style":["default"],"theme-transparent-header-meta":["default"],"_default_attributes":["a:1:{s:6:\"volume\";s:8:\"5 liters\";}"],"_price":["39.90","99.90"],"_wc_rating_count":["a:2:{i:4;i:1;i:5;i:56;}"],"_upsell_ids":["a:3:{i:0;i:22975;i:1;i:23022;i:2;i:23025;}"],"_crosssell_ids":["a:3:{i:0;i:22975;i:1;i:23022;i:2;i:23025;}"],"astra-migrate-meta-layouts":["set"],"_uag_css_file_name":["uag-css-23001.css"],"_elementor_page_assets":["a:0:{}"]},"uagb_featured_image_src":{"full":["https:\/\/www.noleaky.com\/wp-content\/uploads\/2025\/06\/2.b.MotorOil_5w40_2500.png",2500,2000,false],"thumbnail":["https:\/\/www.noleaky.com\/wp-content\/uploads\/2025\/06\/2.b.MotorOil_5w40_2500-150x150.png",150,150,true],"medium":["https:\/\/www.noleaky.com\/wp-content\/uploads\/2025\/06\/2.b.MotorOil_5w40_2500-300x240.png",300,240,true],"medium_large":["https:\/\/www.noleaky.com\/wp-content\/uploads\/2025\/06\/2.b.MotorOil_5w40_2500-768x614.png",768,614,true],"large":["https:\/\/www.noleaky.com\/wp-content\/uploads\/2025\/06\/2.b.MotorOil_5w40_2500-1024x819.png",1024,819,true],"1536x1536":["https:\/\/www.noleaky.com\/wp-content\/uploads\/2025\/06\/2.b.MotorOil_5w40_2500-1536x1229.png",1536,1229,true],"2048x2048":["https:\/\/www.noleaky.com\/wp-content\/uploads\/2025\/06\/2.b.MotorOil_5w40_2500-2048x1638.png",2048,1638,true],"trp-custom-language-flag":["https:\/\/www.noleaky.com\/wp-content\/uploads\/2025\/06\/2.b.MotorOil_5w40_2500-15x12.png",15,12,true],"woocommerce_thumbnail":["https:\/\/www.noleaky.com\/wp-content\/uploads\/2025\/06\/2.b.MotorOil_5w40_2500-300x300.png",300,300,true],"woocommerce_single":["https:\/\/www.noleaky.com\/wp-content\/uploads\/2025\/06\/2.b.MotorOil_5w40_2500-600x480.png",600,480,true],"woocommerce_gallery_thumbnail":["https:\/\/www.noleaky.com\/wp-content\/uploads\/2025\/06\/2.b.MotorOil_5w40_2500-100x100.png",100,100,true]},"uagb_author_info":{"display_name":"admin","author_link":"https:\/\/www.noleaky.com\/pl\/author\/"},"uagb_comment_info":57,"uagb_excerpt":"Maximum engine protection under all driving conditions. Our high performance 5W40 engine oil is engineered to deliver superior lubrication and protection for modern gasoline and diesel engines. It forms a strong, stable oil film that protects critical engine components against wear, friction, and high operating temperatures, ensuring long-lasting engine durability. The most effective lubrication technology&hellip;","_links":{"self":[{"href":"https:\/\/www.noleaky.com\/pl\/wp-json\/wp\/v2\/product\/23001","targetHints":{"allow":["GET"]}}],"collection":[{"href":"https:\/\/www.noleaky.com\/pl\/wp-json\/wp\/v2\/product"}],"about":[{"href":"https:\/\/www.noleaky.com\/pl\/wp-json\/wp\/v2\/types\/product"}],"replies":[{"embeddable":true,"href":"https:\/\/www.noleaky.com\/pl\/wp-json\/wp\/v2\/comments?post=23001"}],"version-history":[{"count":3,"href":"https:\/\/www.noleaky.com\/pl\/wp-json\/wp\/v2\/product\/23001\/revisions"}],"predecessor-version":[{"id":33272,"href":"https:\/\/www.noleaky.com\/pl\/wp-json\/wp\/v2\/product\/23001\/revisions\/33272"}],"wp:featuredmedia":[{"embeddable":true,"href":"https:\/\/www.noleaky.com\/pl\/wp-json\/wp\/v2\/media\/23071"}],"wp:attachment":[{"href":"https:\/\/www.noleaky.com\/pl\/wp-json\/wp\/v2\/media?parent=23001"}],"wp:term":[{"taxonomy":"product_brand","embeddable":true,"href":"https:\/\/www.noleaky.com\/pl\/wp-json\/wp\/v2\/product_brand?post=23001"},{"taxonomy":"product_cat","embeddable":true,"href":"https:\/\/www.noleaky.com\/pl\/wp-json\/wp\/v2\/product_cat?post=23001"},{"taxonomy":"product_tag","embeddable":true,"href":"https:\/\/www.noleaky.com\/pl\/wp-json\/wp\/v2\/product_tag?post=23001"}],"curies":[{"name":"wp","href":"https:\/\/api.w.org\/{rel}","templated":true}]}}