{"id":22998,"date":"2025-06-02T15:49:11","date_gmt":"2025-06-02T13:49:11","guid":{"rendered":"https:\/\/www.noleaky.com\/products\/high-performance-5w30-engine-oil\/"},"modified":"2026-03-01T14:54:13","modified_gmt":"2026-03-01T13:54:13","slug":"high-performance-5w30-engine-oil","status":"publish","type":"product","link":"https:\/\/www.noleaky.com\/pl\/products\/high-performance-5w30-engine-oil\/","title":{"rendered":"Wysokowydajny olej silnikowy 5W30"},"content":{"rendered":"<p><strong><img decoding=\"async\" style=\"margin-right: 12px;\" src=\"https:\/\/www.noleaky.com\/wp-content\/uploads\/2026\/02\/Check.svg\" alt=\"\" width=\"18\" height=\"15\" \/>Zaawansowana ochrona nowoczesnych silnik\u00f3w w ka\u017cdych warunkach.<\/strong> Nasz wysokowydajny olej silnikowy 5W30 zosta\u0142 specjalnie opracowany, aby zapewni\u0107 doskona\u0142e smarowanie i ochron\u0119 wsp\u00f3\u0142czesnych silnik\u00f3w benzynowych i wysokopr\u0119\u017cnych. Tworzy trwa\u0142y film ochronny na najwa\u017cniejszych elementach silnika, zmniejszaj\u0105c zu\u017cycie, minimalizuj\u0105c tarcie i zapewniaj\u0105c d\u0142ugotrwa\u0142\u0105 niezawodno\u015b\u0107 zar\u00f3wno w normalnych, jak i wymagaj\u0105cych warunkach jazdy.<\/p>\n<p><strong><img decoding=\"async\" style=\"margin-right: 12px;\" src=\"https:\/\/www.noleaky.com\/wp-content\/uploads\/2026\/02\/Check.svg\" alt=\"\" width=\"18\" height=\"15\" \/>Najskuteczniejsza dost\u0119pna technologia smarowania 5W30.<\/strong> Dzi\u0119ki zastosowaniu wysokiej jako\u015bci syntetycznych olej\u00f3w bazowych i zaawansowanej technologii dodatk\u00f3w uszlachetniaj\u0105cych jest to najskuteczniejszy olej silnikowy 5W30 w swojej kategorii. Utrzymuje optymaln\u0105 stabilno\u015b\u0107 lepko\u015bci w szerokim zakresie temperatur, zapewniaj\u0105c sta\u0142\u0105 wydajno\u015b\u0107 od zimnego rozruchu do wysokich temperatur roboczych.<\/p>\n<p><strong><img decoding=\"async\" style=\"margin-right: 12px;\" src=\"https:\/\/www.noleaky.com\/wp-content\/uploads\/2026\/02\/Check.svg\" alt=\"\" width=\"18\" height=\"15\" \/>Najta\u0144szy na rynku olej silnikowy premium 5W30.<\/strong> Oferujemy profesjonaln\u0105 ochron\u0119 silnika w najbardziej konkurencyjnej cenie. Nasz wysokowydajny olej silnikowy 5W30 jest najta\u0144szym rozwi\u0105zaniem w swojej klasie, a jednocze\u015bnie zapewnia wyj\u0105tkow\u0105 jako\u015b\u0107, umo\u017cliwiaj\u0105c ochron\u0119 silnika bez nadmiernych wydatk\u00f3w.<\/p>\n<p><strong><img decoding=\"async\" style=\"margin-right: 12px;\" src=\"https:\/\/www.noleaky.com\/wp-content\/uploads\/2026\/02\/Check.svg\" alt=\"\" width=\"18\" height=\"15\" \/>Gwarantowana dostawa w ci\u0105gu 24 godzin w celu szybkiej konserwacji.<\/strong> Regularna wymiana oleju jest niezb\u0119dna dla zdrowia silnika. W\u0142a\u015bnie dlatego gwarantujemy dostaw\u0119 w ci\u0105gu 24 godzin, dzi\u0119ki czemu szybko otrzymasz olej i b\u0119dziesz m\u00f3g\u0142 bezzw\u0142ocznie przeprowadzi\u0107 konserwacj\u0119.<\/p>\n<p><strong><img decoding=\"async\" style=\"margin-right: 12px;\" src=\"https:\/\/www.noleaky.com\/wp-content\/uploads\/2026\/02\/Check.svg\" alt=\"\" width=\"18\" height=\"15\" \/>Gwarancja zwrotu pieni\u0119dzy dla ca\u0142kowitej pewno\u015bci.<\/strong> Gwarantujemy jako\u015b\u0107 i wydajno\u015b\u0107 naszego oleju silnikowego 5W30. Je\u015bli nie b\u0119dziesz zadowolony, oferujemy gwarancj\u0119 zwrotu pieni\u0119dzy. Wystarczy skontaktowa\u0107 si\u0119 z nami, a my zwr\u00f3cimy pieni\u0105dze za zakup, dzi\u0119ki czemu inwestycja b\u0119dzie ca\u0142kowicie wolna od ryzyka.<\/p>\n<p><strong><img decoding=\"async\" style=\"margin-right: 12px;\" src=\"https:\/\/www.noleaky.com\/wp-content\/uploads\/2026\/02\/Check.svg\" alt=\"\" width=\"18\" height=\"15\" \/>Doskona\u0142e smarowanie ca\u0142ego silnika.<\/strong> Ka\u017cdy litr zapewnia pe\u0142ne pokrycie wewn\u0119trzne, chroni\u0105c t\u0142oki, wa\u0142ki rozrz\u0105du, \u0142o\u017cyska, turbospr\u0119\u017carki i rozrz\u0105dy. Takie r\u00f3wnomierne smarowanie zmniejsza zu\u017cycie mechaniczne i pomaga utrzyma\u0107 p\u0142ynn\u0105 prac\u0119 silnika.<\/p>\n<p><strong><img decoding=\"async\" style=\"margin-right: 12px;\" src=\"https:\/\/www.noleaky.com\/wp-content\/uploads\/2026\/02\/Check.svg\" alt=\"\" width=\"18\" height=\"15\" \/>Znakomita wydajno\u015b\u0107 zimnego rozruchu.<\/strong> Lepko\u015b\u0107 5W zapewnia szybk\u0105 cyrkulacj\u0119 oleju w niskich temperaturach, znacznie zmniejszaj\u0105c zu\u017cycie podczas rozruchu. Jest to szczeg\u00f3lnie wa\u017cne, poniewa\u017c wi\u0119kszo\u015b\u0107 zu\u017cycia silnika nast\u0119puje w pierwszych sekundach po zap\u0142onie.<\/p>\n<p><strong><img decoding=\"async\" style=\"margin-right: 12px;\" src=\"https:\/\/www.noleaky.com\/wp-content\/uploads\/2026\/02\/Check.svg\" alt=\"\" width=\"18\" height=\"15\" \/>Wi\u0119ksza oszcz\u0119dno\u015b\u0107 paliwa i mniejsze tarcie.<\/strong> Zoptymalizowana charakterystyka lepko\u015bciowa oleju 5W30 pomaga zmniejszy\u0107 wewn\u0119trzne opory silnika, przyczyniaj\u0105c si\u0119 do poprawy oszcz\u0119dno\u015bci paliwa i obni\u017cenia emisji spalin przy jednoczesnym zachowaniu silnej ochrony.<\/p>\n<p><strong><img decoding=\"async\" style=\"margin-right: 12px;\" src=\"https:\/\/www.noleaky.com\/wp-content\/uploads\/2026\/02\/Check.svg\" alt=\"\" width=\"18\" height=\"15\" \/>Wysoka stabilno\u015b\u0107 termiczna i odporno\u015b\u0107 na utlenianie.<\/strong> Olej jest odporny na awarie w wysokich temperaturach i przy du\u017cych obci\u0105\u017ceniach, zachowuj\u0105c sta\u0142\u0105 lepko\u015b\u0107 i zapobiegaj\u0105c tworzeniu si\u0119 szlamu i osad\u00f3w wewn\u0105trz silnika.<\/p>\n<p><strong><img decoding=\"async\" style=\"margin-right: 12px;\" src=\"https:\/\/www.noleaky.com\/wp-content\/uploads\/2026\/02\/Check.svg\" alt=\"\" width=\"18\" height=\"15\" \/>Kompatybilny z nowoczesnymi systemami kontroli emisji.<\/strong> Zaprojektowany z my\u015bl\u0105 o silnikach wyposa\u017conych w katalizatory i inne technologie kontroli emisji spalin, olej ten pomaga utrzyma\u0107 czystsz\u0105 prac\u0119 silnika i d\u0142u\u017csz\u0105 \u017cywotno\u015b\u0107 podzespo\u0142\u00f3w.<\/p>\n<h2><strong>Instrukcje<\/strong><\/h2>\n<ul>\n<li>Upewnij si\u0119, \u017ce pojazd jest zaparkowany na r\u00f3wnej powierzchni, a silnik jest wy\u0142\u0105czony.<\/li>\n<li>Przed rozpocz\u0119ciem procedury wymiany oleju nale\u017cy odczeka\u0107, a\u017c silnik nieco ostygnie.<\/li>\n<li>Ca\u0142kowicie spu\u015b\u0107 stary olej silnikowy, odkr\u0119caj\u0105c korek spustowy i zbieraj\u0105c zu\u017cyty olej do odpowiedniego pojemnika.<\/li>\n<li>Wymie\u0144 filtr oleju na nowy zgodnie z zaleceniami producenta pojazdu.<\/li>\n<li>Ponownie zamontowa\u0107 i mocno dokr\u0119ci\u0107 korek spustowy.<\/li>\n<li>Nape\u0142ni\u0107 silnik zalecan\u0105 ilo\u015bci\u0105 wysokowydajnego oleju silnikowego 5W30. Typowa pojemno\u015b\u0107 waha si\u0119 od 3,5 do 6 litr\u00f3w w zale\u017cno\u015bci od typu silnika.<\/li>\n<li>U\u017cyj bagnetu, aby sprawdzi\u0107 poziom oleju i upewni\u0107 si\u0119, \u017ce mie\u015bci si\u0119 on w okre\u015blonym zakresie.<\/li>\n<li>Uruchom silnik i pozw\u00f3l mu pracowa\u0107 przez kilka minut, aby umo\u017cliwi\u0107 prawid\u0142ow\u0105 cyrkulacj\u0119 oleju.<\/li>\n<li>Wy\u0142\u0105cz silnik, odczekaj kilka minut i ponownie sprawd\u017a poziom oleju. W razie potrzeby dodaj wi\u0119cej oleju.<\/li>\n<li>Przestrzegaj zalecanych przez producenta pojazdu okres\u00f3w wymiany oleju, aby utrzyma\u0107 optymaln\u0105 wydajno\u015b\u0107 i ochron\u0119 silnika.<\/li>\n<\/ul>","protected":false},"excerpt":{"rendered":"<p>Advanced protection for modern engines in all conditions. Our high performance 5W30 engine oil is specially formulated to provide superior lubrication and protection for today\u2019s gasoline and diesel engines. It forms a durable protective film on critical engine components, reducing wear, minimizing friction, and ensuring long-term reliability under both normal and demanding driving conditions. The [&hellip;]<\/p>\n","protected":false},"featured_media":23068,"comment_status":"open","ping_status":"closed","template":"","meta":{"_uag_custom_page_level_css":"","site-sidebar-layout":"default","site-content-layout":"","ast-site-content-layout":"default","site-content-style":"default","site-sidebar-style":"default","ast-global-header-display":"","ast-banner-title-visibility":"","ast-main-header-display":"","ast-hfb-above-header-display":"","ast-hfb-below-header-display":"","ast-hfb-mobile-header-display":"","site-post-title":"","ast-breadcrumbs-content":"","ast-featured-img":"","footer-sml-layout":"","ast-disable-related-posts":"","theme-transparent-header-meta":"default","adv-header-id-meta":"","stick-header-meta":"","header-above-stick-meta":"","header-main-stick-meta":"","header-below-stick-meta":"","astra-migrate-meta-layouts":"set","ast-page-background-enabled":"default","ast-page-background-meta":{"desktop":{"background-color":"var(--ast-global-color-4)","background-image":"","background-repeat":"repeat","background-position":"center center","background-size":"auto","background-attachment":"scroll","background-type":"","background-media":"","overlay-type":"","overlay-color":"","overlay-opacity":"","overlay-gradient":""},"tablet":{"background-color":"","background-image":"","background-repeat":"repeat","background-position":"center center","background-size":"auto","background-attachment":"scroll","background-type":"","background-media":"","overlay-type":"","overlay-color":"","overlay-opacity":"","overlay-gradient":""},"mobile":{"background-color":"","background-image":"","background-repeat":"repeat","background-position":"center center","background-size":"auto","background-attachment":"scroll","background-type":"","background-media":"","overlay-type":"","overlay-color":"","overlay-opacity":"","overlay-gradient":""}},"ast-content-background-meta":{"desktop":{"background-color":"var(--ast-global-color-5)","background-image":"","background-repeat":"repeat","background-position":"center center","background-size":"auto","background-attachment":"scroll","background-type":"","background-media":"","overlay-type":"","overlay-color":"","overlay-opacity":"","overlay-gradient":""},"tablet":{"background-color":"var(--ast-global-color-5)","background-image":"","background-repeat":"repeat","background-position":"center center","background-size":"auto","background-attachment":"scroll","background-type":"","background-media":"","overlay-type":"","overlay-color":"","overlay-opacity":"","overlay-gradient":""},"mobile":{"background-color":"var(--ast-global-color-5)","background-image":"","background-repeat":"repeat","background-position":"center center","background-size":"auto","background-attachment":"scroll","background-type":"","background-media":"","overlay-type":"","overlay-color":"","overlay-opacity":"","overlay-gradient":""}}},"product_brand":[],"product_cat":[176],"product_tag":[],"class_list":{"0":"post-22998","1":"product","2":"type-product","3":"status-publish","4":"has-post-thumbnail","6":"product_cat-automotive","7":"desktop-align-left","8":"tablet-align-left","9":"mobile-align-left","11":"first","12":"instock","13":"sale","14":"shipping-taxable","15":"purchasable","16":"product-type-variable","17":"has-default-attributes"},"spectra_custom_meta":{"_visibility":["visible"],"_shopify_product_id":["7960280105180"],"_s2w_shopify_domain":["noleaky.myshopify.com"],"_shopify_variant_id":["43735095476444"],"_manage_stock":["no"],"total_sales":["2"],"_tax_status":["taxable"],"_tax_class":[""],"_backorders":["no"],"_sold_individually":["no"],"_virtual":["no"],"_downloadable":["no"],"_download_limit":["-1"],"_download_expiry":["-1"],"_stock":[null],"_stock_status":["instock"],"_wc_average_rating":["4.84"],"_wc_review_count":["57"],"_product_attributes":["a:1:{s:6:\"volume\";a:6:{s:4:\"name\";s:6:\"volume\";s:5:\"value\";s:20:\"5 liters | 25 liters\";s:8:\"position\";i:1;s:10:\"is_visible\";i:0;s:12:\"is_variation\";i:1;s:11:\"is_taxonomy\";i:0;}}"],"_product_version":["10.5.2"],"_thumbnail_id":["23068"],"_product_image_gallery":["23069"],"_edit_lock":["1772373113:1"],"merchant-center-availability":["yes"],"merchant-center-category":["3044"],"merchant-center-id":["5W30L5"],"_edit_last":["1"],"_wp_page_template":["default"],"site-sidebar-layout":["default"],"ast-site-content-layout":["default"],"site-content-style":["default"],"site-sidebar-style":["default"],"theme-transparent-header-meta":["default"],"_default_attributes":["a:1:{s:6:\"volume\";s:8:\"5 liters\";}"],"_price":["39.90","99.90"],"_wc_rating_count":["a:3:{i:3;i:1;i:4;i:7;i:5;i:49;}"],"_upsell_ids":["a:3:{i:0;i:22975;i:1;i:23022;i:2;i:23025;}"],"_crosssell_ids":["a:3:{i:0;i:22975;i:1;i:23022;i:2;i:23025;}"],"astra-migrate-meta-layouts":["set"],"_uag_css_file_name":["uag-css-22998.css"],"_elementor_page_assets":["a:0:{}"],"_uag_page_assets":["a:9:{s:3:\"css\";s:6893:\".wp-block-uagb-image{display:flex}.wp-block-uagb-image__figure{position:relative;display:flex;flex-direction:column;max-width:100%;height:auto;margin:0}.wp-block-uagb-image__figure img{height:auto;display:flex;max-width:100%;transition:box-shadow 0.2s ease}.wp-block-uagb-image__figure>a{display:inline-block}.wp-block-uagb-image__figure figcaption{text-align:center;margin-top:0.5em;margin-bottom:1em}.wp-block-uagb-image .components-placeholder.block-editor-media-placeholder .components-placeholder__instructions{align-self:center}.wp-block-uagb-image--align-left{text-align:left}.wp-block-uagb-image--align-right{text-align:right}.wp-block-uagb-image--align-center{text-align:center}.wp-block-uagb-image--align-full .wp-block-uagb-image__figure{margin-left:calc(50% - 50vw);margin-right:calc(50% - 50vw);max-width:100vw;width:100vw;height:auto}.wp-block-uagb-image--align-full .wp-block-uagb-image__figure img{height:auto;width:100% !important}.wp-block-uagb-image--align-wide .wp-block-uagb-image__figure img{height:auto;width:100%}.wp-block-uagb-image--layout-overlay__color-wrapper{position:absolute;left:0;top:0;right:0;bottom:0;opacity:0.2;background:rgba(0,0,0,0.5);transition:opacity 0.35s ease-in-out}.wp-block-uagb-image--layout-overlay-link{position:absolute;left:0;right:0;bottom:0;top:0}.wp-block-uagb-image--layout-overlay .wp-block-uagb-image__figure:hover .wp-block-uagb-image--layout-overlay__color-wrapper{opacity:1}.wp-block-uagb-image--layout-overlay__inner{position:absolute;left:15px;right:15px;bottom:15px;top:15px;display:flex;align-items:center;justify-content:center;flex-direction:column;border-color:#fff;transition:0.35s ease-in-out}.wp-block-uagb-image--layout-overlay__inner.top-left,.wp-block-uagb-image--layout-overlay__inner.top-center,.wp-block-uagb-image--layout-overlay__inner.top-right{justify-content:flex-start}.wp-block-uagb-image--layout-overlay__inner.bottom-left,.wp-block-uagb-image--layout-overlay__inner.bottom-center,.wp-block-uagb-image--layout-overlay__inner.bottom-right{justify-content:flex-end}.wp-block-uagb-image--layout-overlay__inner.top-left,.wp-block-uagb-image--layout-overlay__inner.center-left,.wp-block-uagb-image--layout-overlay__inner.bottom-left{align-items:flex-start}.wp-block-uagb-image--layout-overlay__inner.top-right,.wp-block-uagb-image--layout-overlay__inner.center-right,.wp-block-uagb-image--layout-overlay__inner.bottom-right{align-items:flex-end}.wp-block-uagb-image--layout-overlay__inner .uagb-image-heading{color:#fff;transition:transform 0.35s, opacity 0.35s ease-in-out;transform:translate3d(0, 24px, 0);margin:0;line-height:1em}.wp-block-uagb-image--layout-overlay__inner .uagb-image-separator{width:30%;border-top-width:2px;border-top-color:#fff;border-top-style:solid;margin-bottom:10px;opacity:0;transition:transform 0.4s, opacity 0.4s ease-in-out;transform:translate3d(0, 30px, 0)}.wp-block-uagb-image--layout-overlay__inner .uagb-image-caption{opacity:0;overflow:visible;color:#fff;transition:transform 0.45s, opacity 0.45s ease-in-out;transform:translate3d(0, 35px, 0)}.wp-block-uagb-image--layout-overlay__inner:hover .uagb-image-heading,.wp-block-uagb-image--layout-overlay__inner:hover .uagb-image-separator,.wp-block-uagb-image--layout-overlay__inner:hover .uagb-image-caption{opacity:1;transform:translate3d(0, 0, 0)}.wp-block-uagb-image--effect-zoomin .wp-block-uagb-image__figure img,.wp-block-uagb-image--effect-zoomin .wp-block-uagb-image__figure .wp-block-uagb-image--layout-overlay__color-wrapper{transform:scale(1);transition:transform 0.35s ease-in-out}.wp-block-uagb-image--effect-zoomin .wp-block-uagb-image__figure:hover img,.wp-block-uagb-image--effect-zoomin .wp-block-uagb-image__figure:hover .wp-block-uagb-image--layout-overlay__color-wrapper{transform:scale(1.05)}.wp-block-uagb-image--effect-slide .wp-block-uagb-image__figure img,.wp-block-uagb-image--effect-slide .wp-block-uagb-image__figure .wp-block-uagb-image--layout-overlay__color-wrapper{width:calc(100% + 40px) !important;max-width:none !important;transform:translate3d(-40px, 0, 0);transition:transform 0.35s ease-in-out}.wp-block-uagb-image--effect-slide .wp-block-uagb-image__figure:hover img,.wp-block-uagb-image--effect-slide .wp-block-uagb-image__figure:hover .wp-block-uagb-image--layout-overlay__color-wrapper{transform:translate3d(0, 0, 0)}.wp-block-uagb-image--effect-grayscale img{filter:grayscale(0%);transition:0.35s ease-in-out}.wp-block-uagb-image--effect-grayscale:hover img{filter:grayscale(100%)}.wp-block-uagb-image--effect-blur img{filter:blur(0);transition:0.35s ease-in-out}.wp-block-uagb-image--effect-blur:hover img{filter:blur(3px)}\n.uagb-block-e6f939b3.wp-block-uagb-image--layout-default figure img{box-shadow: 0px 0px 0 #00000070;}.uagb-block-e6f939b3.wp-block-uagb-image .wp-block-uagb-image__figure figcaption{font-style: normal;align-self: center;}.uagb-block-e6f939b3.wp-block-uagb-image--layout-overlay figure img{box-shadow: 0px 0px 0 #00000070;}.uagb-block-e6f939b3.wp-block-uagb-image--layout-overlay .wp-block-uagb-image--layout-overlay__color-wrapper{opacity: 0.2;}.uagb-block-e6f939b3.wp-block-uagb-image--layout-overlay .wp-block-uagb-image--layout-overlay__inner{left: 15px;right: 15px;top: 15px;bottom: 15px;}.uagb-block-e6f939b3.wp-block-uagb-image--layout-overlay .wp-block-uagb-image--layout-overlay__inner .uagb-image-heading{font-style: normal;color: #fff;opacity: 1;}.uagb-block-e6f939b3.wp-block-uagb-image--layout-overlay .wp-block-uagb-image--layout-overlay__inner .uagb-image-heading a{color: #fff;}.uagb-block-e6f939b3.wp-block-uagb-image--layout-overlay .wp-block-uagb-image--layout-overlay__inner .uagb-image-caption{opacity: 0;}.uagb-block-e6f939b3.wp-block-uagb-image--layout-overlay .wp-block-uagb-image__figure:hover .wp-block-uagb-image--layout-overlay__color-wrapper{opacity: 1;}.uagb-block-e6f939b3.wp-block-uagb-image .wp-block-uagb-image--layout-overlay__inner .uagb-image-separator{width: 30%;border-top-width: 2px;border-top-color: #fff;opacity: 0;}.uagb-block-e6f939b3.wp-block-uagb-image .wp-block-uagb-image__figure img{width: px;height: auto;}.uagb-block-e6f939b3.wp-block-uagb-image .wp-block-uagb-image__figure:hover .wp-block-uagb-image--layout-overlay__inner .uagb-image-caption{opacity: 1;}.uagb-block-e6f939b3.wp-block-uagb-image .wp-block-uagb-image__figure:hover .wp-block-uagb-image--layout-overlay__inner .uagb-image-separator{opacity: 1;}.uagb-block-e6f939b3.wp-block-uagb-image--layout-default figure:hover img{box-shadow: 0px 0px 0 #00000070;}.uagb-block-e6f939b3.wp-block-uagb-image--layout-overlay figure:hover img{box-shadow: 0px 0px 0 #00000070;}@media only screen and (max-width: 976px) {.uagb-block-e6f939b3.wp-block-uagb-image .wp-block-uagb-image__figure img{width: px;height: auto;}}@media only screen and (max-width: 767px) {.uagb-block-e6f939b3.wp-block-uagb-image .wp-block-uagb-image__figure img{width: px;height: auto;}}\";s:2:\"js\";s:0:\"\";s:18:\"current_block_list\";a:13:{i:0;s:11:\"core\/search\";i:1;s:10:\"core\/group\";i:2;s:12:\"core\/heading\";i:3;s:17:\"core\/latest-posts\";i:4;s:20:\"core\/latest-comments\";i:5;s:13:\"core\/archives\";i:6;s:15:\"core\/categories\";i:7;s:14:\"core\/paragraph\";i:8;s:10:\"uagb\/image\";i:9;s:11:\"core\/spacer\";i:10;s:30:\"woocommerce\/product-categories\";i:11;s:10:\"core\/image\";i:12;s:14:\"core\/shortcode\";}s:8:\"uag_flag\";b:1;s:11:\"uag_version\";s:10:\"1776759368\";s:6:\"gfonts\";a:0:{}s:10:\"gfonts_url\";s:0:\"\";s:12:\"gfonts_files\";a:0:{}s:14:\"uag_faq_layout\";b:0;}"]},"uagb_featured_image_src":{"full":["https:\/\/www.noleaky.com\/wp-content\/uploads\/2025\/06\/2.a.Mockup01_5w30_2500.png",2500,2000,false],"thumbnail":["https:\/\/www.noleaky.com\/wp-content\/uploads\/2025\/06\/2.a.Mockup01_5w30_2500-150x150.png",150,150,true],"medium":["https:\/\/www.noleaky.com\/wp-content\/uploads\/2025\/06\/2.a.Mockup01_5w30_2500-300x240.png",300,240,true],"medium_large":["https:\/\/www.noleaky.com\/wp-content\/uploads\/2025\/06\/2.a.Mockup01_5w30_2500-768x614.png",768,614,true],"large":["https:\/\/www.noleaky.com\/wp-content\/uploads\/2025\/06\/2.a.Mockup01_5w30_2500-1024x819.png",1024,819,true],"1536x1536":["https:\/\/www.noleaky.com\/wp-content\/uploads\/2025\/06\/2.a.Mockup01_5w30_2500-1536x1229.png",1536,1229,true],"2048x2048":["https:\/\/www.noleaky.com\/wp-content\/uploads\/2025\/06\/2.a.Mockup01_5w30_2500-2048x1638.png",2048,1638,true],"trp-custom-language-flag":["https:\/\/www.noleaky.com\/wp-content\/uploads\/2025\/06\/2.a.Mockup01_5w30_2500-15x12.png",15,12,true],"woocommerce_thumbnail":["https:\/\/www.noleaky.com\/wp-content\/uploads\/2025\/06\/2.a.Mockup01_5w30_2500-300x300.png",300,300,true],"woocommerce_single":["https:\/\/www.noleaky.com\/wp-content\/uploads\/2025\/06\/2.a.Mockup01_5w30_2500-600x480.png",600,480,true],"woocommerce_gallery_thumbnail":["https:\/\/www.noleaky.com\/wp-content\/uploads\/2025\/06\/2.a.Mockup01_5w30_2500-100x100.png",100,100,true]},"uagb_author_info":{"display_name":"admin","author_link":"https:\/\/www.noleaky.com\/pl\/author\/"},"uagb_comment_info":57,"uagb_excerpt":"Advanced protection for modern engines in all conditions. Our high performance 5W30 engine oil is specially formulated to provide superior lubrication and protection for today\u2019s gasoline and diesel engines. It forms a durable protective film on critical engine components, reducing wear, minimizing friction, and ensuring long-term reliability under both normal and demanding driving conditions. The&hellip;","_links":{"self":[{"href":"https:\/\/www.noleaky.com\/pl\/wp-json\/wp\/v2\/product\/22998","targetHints":{"allow":["GET"]}}],"collection":[{"href":"https:\/\/www.noleaky.com\/pl\/wp-json\/wp\/v2\/product"}],"about":[{"href":"https:\/\/www.noleaky.com\/pl\/wp-json\/wp\/v2\/types\/product"}],"replies":[{"embeddable":true,"href":"https:\/\/www.noleaky.com\/pl\/wp-json\/wp\/v2\/comments?post=22998"}],"version-history":[{"count":3,"href":"https:\/\/www.noleaky.com\/pl\/wp-json\/wp\/v2\/product\/22998\/revisions"}],"predecessor-version":[{"id":33273,"href":"https:\/\/www.noleaky.com\/pl\/wp-json\/wp\/v2\/product\/22998\/revisions\/33273"}],"wp:featuredmedia":[{"embeddable":true,"href":"https:\/\/www.noleaky.com\/pl\/wp-json\/wp\/v2\/media\/23068"}],"wp:attachment":[{"href":"https:\/\/www.noleaky.com\/pl\/wp-json\/wp\/v2\/media?parent=22998"}],"wp:term":[{"taxonomy":"product_brand","embeddable":true,"href":"https:\/\/www.noleaky.com\/pl\/wp-json\/wp\/v2\/product_brand?post=22998"},{"taxonomy":"product_cat","embeddable":true,"href":"https:\/\/www.noleaky.com\/pl\/wp-json\/wp\/v2\/product_cat?post=22998"},{"taxonomy":"product_tag","embeddable":true,"href":"https:\/\/www.noleaky.com\/pl\/wp-json\/wp\/v2\/product_tag?post=22998"}],"curies":[{"name":"wp","href":"https:\/\/api.w.org\/{rel}","templated":true}]}}