{"id":22988,"date":"2025-06-02T15:49:04","date_gmt":"2025-06-02T13:49:04","guid":{"rendered":"https:\/\/www.noleaky.com\/products\/anti-leak-engine-oil\/"},"modified":"2026-03-01T15:11:04","modified_gmt":"2026-03-01T14:11:04","slug":"anti-leak-engine-oil","status":"publish","type":"product","link":"https:\/\/www.noleaky.com\/pl\/products\/anti-leak-engine-oil\/","title":{"rendered":"P\u0142yn do zatrzymywania wyciek\u00f3w oleju silnikowego"},"content":{"rendered":"<p><strong><img decoding=\"async\" style=\"margin-right: 12px;\" src=\"https:\/\/www.noleaky.com\/wp-content\/uploads\/2026\/02\/Check.svg\" alt=\"\" width=\"18\" height=\"15\" \/>Zatrzymuje wycieki oleju silnikowego bezpo\u015brednio u \u017ar\u00f3d\u0142a, bez konieczno\u015bci demonta\u017cu silnika.<\/strong> Nasz p\u0142yn zapobiegaj\u0105cy wyciekom oleju silnikowego zosta\u0142 specjalnie opracowany do uszczelniania zewn\u0119trznych wyciek\u00f3w oleju w miejscu ich powstawania. Zapewnia ukierunkowane rozwi\u0105zanie, kt\u00f3re pomaga zapobiega\u0107 utracie oleju i zmniejsza potrzeb\u0119 skomplikowanego demonta\u017cu mechanicznego.<\/p>\n<p><strong><img decoding=\"async\" style=\"margin-right: 12px;\" src=\"https:\/\/www.noleaky.com\/wp-content\/uploads\/2026\/02\/Check.svg\" alt=\"\" width=\"18\" height=\"15\" \/>Najskuteczniejsze dost\u0119pne rozwi\u0105zanie do uszczelniania zewn\u0119trznych wyciek\u00f3w oleju.<\/strong> Jest to najskuteczniejszy p\u0142yn zapobiegaj\u0105cy wyciekom oleju silnikowego w swojej kategorii. Jego zaawansowana formu\u0142a wi\u0105\u017c\u0105ca silnie przylega do powierzchni metalowych i tworzy trwa\u0142e, odporne na olej uszczelnienie, kt\u00f3re jest w stanie wytrzyma\u0107 ciep\u0142o silnika, wibracje i zmiany ci\u015bnienia.<\/p>\n<p><strong><img decoding=\"async\" style=\"margin-right: 12px;\" src=\"https:\/\/www.noleaky.com\/wp-content\/uploads\/2026\/02\/Check.svg\" alt=\"\" width=\"18\" height=\"15\" \/>Najta\u0144sza alternatywa dla kosztownej wymiany uszczelki lub uszczelnienia.<\/strong> Naprawa wyciek\u00f3w oleju cz\u0119sto wi\u0105\u017ce si\u0119 z kosztown\u0105 robocizn\u0105 i wymian\u0105 cz\u0119\u015bci. Nasz produkt jest najta\u0144szym profesjonalnym rozwi\u0105zaniem na rynku, oferuj\u0105cym praktyczn\u0105 i ekonomiczn\u0105 alternatyw\u0119 dla kosztownych napraw mechanicznych.<\/p>\n<p><strong><img decoding=\"async\" style=\"margin-right: 12px;\" src=\"https:\/\/www.noleaky.com\/wp-content\/uploads\/2026\/02\/Check.svg\" alt=\"\" width=\"18\" height=\"15\" \/>Gwarantowana dostawa w ci\u0105gu 24 godzin w przypadku pilnych napraw wyciek\u00f3w oleju.<\/strong> Wyciekami oleju nale\u017cy zaj\u0105\u0107 si\u0119 natychmiast, aby zapobiec uszkodzeniu silnika i ska\u017ceniu \u015brodowiska. Dlatego te\u017c gwarantujemy dostaw\u0119 w ci\u0105gu 24 godzin, co pozwala szybko rozwi\u0105za\u0107 problem i ograniczy\u0107 dalsze ryzyko.<\/p>\n<p><strong><img decoding=\"async\" style=\"margin-right: 12px;\" src=\"https:\/\/www.noleaky.com\/wp-content\/uploads\/2026\/02\/Check.svg\" alt=\"\" width=\"18\" height=\"15\" \/>Gwarancja zwrotu pieni\u0119dzy dla ca\u0142kowitego spokoju ducha.<\/strong> Jeste\u015bmy przekonani o skuteczno\u015bci naszego p\u0142ynu zapobiegaj\u0105cego wyciekom oleju silnikowego. Je\u015bli nie b\u0119dziesz zadowolony z rezultat\u00f3w, oferujemy gwarancj\u0119 zwrotu pieni\u0119dzy. Wystarczy skontaktowa\u0107 si\u0119 z nami, a my zwr\u00f3cimy pieni\u0105dze za zakup, zapewniaj\u0105c ca\u0142kowicie woln\u0105 od ryzyka inwestycj\u0119.<\/p>\n<p><strong><img decoding=\"async\" style=\"margin-right: 12px;\" src=\"https:\/\/www.noleaky.com\/wp-content\/uploads\/2026\/02\/Check.svg\" alt=\"\" width=\"18\" height=\"15\" \/>Tworzy odporne na ciep\u0142o i olej uszczelnienie zewn\u0119trzne.<\/strong> Po na\u0142o\u017ceniu p\u0142yn utwardza si\u0119, tworz\u0105c mocn\u0105, elastyczn\u0105 warstw\u0119, kt\u00f3ra jest odporna na ci\u0105g\u0142e dzia\u0142anie oleju silnikowego i wysokich temperatur roboczych, zachowuj\u0105c integralno\u015b\u0107 uszczelnienia przez d\u0142ugi czas.<\/p>\n<p><strong><img decoding=\"async\" style=\"margin-right: 12px;\" src=\"https:\/\/www.noleaky.com\/wp-content\/uploads\/2026\/02\/Check.svg\" alt=\"\" width=\"18\" height=\"15\" \/>Idealny do ma\u0142ych p\u0119kni\u0119\u0107, kraw\u0119dzi uszczelek i niewielkich wyciek\u00f3w.<\/strong> Produkt jest przeznaczony do usuwania miejscowych zewn\u0119trznych wyciek\u00f3w oleju, takich jak te wok\u00f3\u0142 pokryw zawor\u00f3w, misek olejowych, pokryw rozrz\u0105du i innych dost\u0119pnych element\u00f3w silnika.<\/p>\n<p><strong><img decoding=\"async\" style=\"margin-right: 12px;\" src=\"https:\/\/www.noleaky.com\/wp-content\/uploads\/2026\/02\/Check.svg\" alt=\"\" width=\"18\" height=\"15\" \/>Kompatybilny z wi\u0119kszo\u015bci\u0105 metalowych powierzchni silnika.<\/strong> Nadaje si\u0119 do stosowania na stali, aluminium i innych popularnych metalach silnikowych po odpowiednim przygotowaniu, zapewniaj\u0105c siln\u0105 przyczepno\u015b\u0107 i niezawodne dzia\u0142anie uszczelniaj\u0105ce.<\/p>\n<p><strong><img decoding=\"async\" style=\"margin-right: 12px;\" src=\"https:\/\/www.noleaky.com\/wp-content\/uploads\/2026\/02\/Check.svg\" alt=\"\" width=\"18\" height=\"15\" \/>Zmniejsza zu\u017cycie oleju i zanieczyszczenie \u015brodowiska.<\/strong> Skutecznie uszczelniaj\u0105c wycieki, produkt pomaga zapobiega\u0107 wyciekom oleju, chroni otaczaj\u0105ce komponenty i zmniejsza niepotrzebne straty oleju.<\/p>\n<p><strong><img decoding=\"async\" style=\"margin-right: 12px;\" src=\"https:\/\/www.noleaky.com\/wp-content\/uploads\/2026\/02\/Check.svg\" alt=\"\" width=\"18\" height=\"15\" \/>Wyd\u0142u\u017ca \u017cywotno\u015b\u0107 podzespo\u0142\u00f3w silnika.<\/strong> Szybko zatrzymuj\u0105c wycieki, p\u0142yn pomaga utrzyma\u0107 prawid\u0142owy poziom smarowania i zmniejsza ryzyko uszkodze\u0144 spowodowanych niskim poziomem oleju.<\/p>\n<h2><strong>Instrukcje<\/strong><\/h2>\n<ul>\n<li>Przed rozpocz\u0119ciem naprawy nale\u017cy upewni\u0107 si\u0119, \u017ce silnik jest ca\u0142kowicie wy\u0142\u0105czony i sch\u0142odzony.<\/li>\n<li>Pracowa\u0107 w dobrze wentylowanym miejscu i trzyma\u0107 z dala od otwartego ognia lub \u017ar\u00f3de\u0142 zap\u0142onu.<\/li>\n<li>Zlokalizuj dok\u0142adny punkt wycieku oleju na zewn\u0105trz silnika.<\/li>\n<li>Dok\u0142adnie oczy\u015b\u0107 miejsce wycieku. Usu\u0144 brud, t\u0142uszcz, pozosta\u0142o\u015bci oleju, rdz\u0119 i lu\u017ane cz\u0105stki za pomoc\u0105 odt\u0142uszczacza i czystej szmatki.<\/li>\n<li>W razie potrzeby lekko zeszlifuj powierzchni\u0119, aby poprawi\u0107 przyczepno\u015b\u0107, a nast\u0119pnie upewnij si\u0119, \u017ce obszar jest ca\u0142kowicie suchy.<\/li>\n<li>Przed u\u017cyciem dok\u0142adnie wstrz\u0105sn\u0105\u0107 butelk\u0105.<\/li>\n<li>Na\u0142\u00f3\u017c p\u0142yn zatrzymuj\u0105cy wycieki oleju silnikowego bezpo\u015brednio na zewn\u0119trzn\u0105 powierzchni\u0119 w miejscu wycieku, zapewniaj\u0105c pe\u0142ne pokrycie nieco poza uszkodzonym obszarem.<\/li>\n<li>Nie wlewa\u0107 produktu do zbiornika paliwa. Nie wlewa\u0107 produktu do wlewu oleju silnikowego. Produkt nale\u017cy stosowa\u0107 zewn\u0119trznie, na zewn\u0105trz silnika, dok\u0142adnie w miejscu wycieku.<\/li>\n<li>Przed ponownym uruchomieniem silnika nale\u017cy odczeka\u0107, a\u017c produkt utwardzi si\u0119 zgodnie z okre\u015blonym czasem schni\u0119cia.<\/li>\n<li>Po utwardzeniu nale\u017cy sprawdzi\u0107 obszar, aby potwierdzi\u0107, \u017ce wyciek zosta\u0142 prawid\u0142owo uszczelniony przed przywr\u00f3ceniem pojazdu do normalnej eksploatacji.<\/li>\n<\/ul>","protected":false},"excerpt":{"rendered":"<p>Stops engine oil leaks directly at the source without dismantling the engine. Our engine oil stop leak fluid is specially formulated to seal external oil leaks at their origin. It provides a targeted solution that helps prevent oil loss and reduces the need for complex mechanical disassembly. The most effective external oil leak sealing solution [&hellip;]<\/p>\n","protected":false},"featured_media":23041,"comment_status":"open","ping_status":"closed","template":"","meta":{"_uag_custom_page_level_css":"","site-sidebar-layout":"default","site-content-layout":"","ast-site-content-layout":"default","site-content-style":"default","site-sidebar-style":"default","ast-global-header-display":"","ast-banner-title-visibility":"","ast-main-header-display":"","ast-hfb-above-header-display":"","ast-hfb-below-header-display":"","ast-hfb-mobile-header-display":"","site-post-title":"","ast-breadcrumbs-content":"","ast-featured-img":"","footer-sml-layout":"","ast-disable-related-posts":"","theme-transparent-header-meta":"default","adv-header-id-meta":"","stick-header-meta":"","header-above-stick-meta":"","header-main-stick-meta":"","header-below-stick-meta":"","astra-migrate-meta-layouts":"set","ast-page-background-enabled":"default","ast-page-background-meta":{"desktop":{"background-color":"var(--ast-global-color-4)","background-image":"","background-repeat":"repeat","background-position":"center center","background-size":"auto","background-attachment":"scroll","background-type":"","background-media":"","overlay-type":"","overlay-color":"","overlay-opacity":"","overlay-gradient":""},"tablet":{"background-color":"","background-image":"","background-repeat":"repeat","background-position":"center center","background-size":"auto","background-attachment":"scroll","background-type":"","background-media":"","overlay-type":"","overlay-color":"","overlay-opacity":"","overlay-gradient":""},"mobile":{"background-color":"","background-image":"","background-repeat":"repeat","background-position":"center center","background-size":"auto","background-attachment":"scroll","background-type":"","background-media":"","overlay-type":"","overlay-color":"","overlay-opacity":"","overlay-gradient":""}},"ast-content-background-meta":{"desktop":{"background-color":"var(--ast-global-color-5)","background-image":"","background-repeat":"repeat","background-position":"center center","background-size":"auto","background-attachment":"scroll","background-type":"","background-media":"","overlay-type":"","overlay-color":"","overlay-opacity":"","overlay-gradient":""},"tablet":{"background-color":"var(--ast-global-color-5)","background-image":"","background-repeat":"repeat","background-position":"center center","background-size":"auto","background-attachment":"scroll","background-type":"","background-media":"","overlay-type":"","overlay-color":"","overlay-opacity":"","overlay-gradient":""},"mobile":{"background-color":"var(--ast-global-color-5)","background-image":"","background-repeat":"repeat","background-position":"center center","background-size":"auto","background-attachment":"scroll","background-type":"","background-media":"","overlay-type":"","overlay-color":"","overlay-opacity":"","overlay-gradient":""}}},"product_brand":[],"product_cat":[176],"product_tag":[],"class_list":{"0":"post-22988","1":"product","2":"type-product","3":"status-publish","4":"has-post-thumbnail","6":"product_cat-automotive","7":"desktop-align-left","8":"tablet-align-left","9":"mobile-align-left","11":"first","12":"instock","13":"shipping-taxable","14":"purchasable","15":"product-type-simple"},"spectra_custom_meta":{"_visibility":["visible"],"_shopify_product_id":["7960303468764"],"_s2w_shopify_domain":["noleaky.myshopify.com"],"_shopify_variant_id":["43735157637340"],"_sku":["NLENGINEOILLEAKSTOPPER"],"_regular_price":["29.90"],"_price":["29.90"],"_sale_price":[""],"_weight":["0.45"],"_thumbnail_id":["23041"],"_global_unique_id":["5056773800670"],"total_sales":["90"],"_tax_status":["taxable"],"_tax_class":[""],"_manage_stock":["no"],"_backorders":["no"],"_sold_individually":["no"],"_virtual":["no"],"_downloadable":["no"],"_download_limit":["-1"],"_download_expiry":["-1"],"_stock":[null],"_stock_status":["instock"],"_wc_average_rating":["4.99"],"_wc_review_count":["73"],"_product_version":["10.5.2"],"_edit_lock":["1772374642:1"],"merchant-center-availability":["yes"],"merchant-center-category":["2788"],"merchant-center-id":["EOLS"],"_edit_last":["1"],"_wp_page_template":["default"],"site-sidebar-layout":["default"],"ast-site-content-layout":["default"],"site-content-style":["default"],"site-sidebar-style":["default"],"theme-transparent-header-meta":["default"],"_wc_rating_count":["a:2:{i:4;i:1;i:5;i:72;}"],"_upsell_ids":["a:3:{i:0;i:22975;i:1;i:22998;i:2;i:23001;}"],"_crosssell_ids":["a:3:{i:0;i:22975;i:1;i:22998;i:2;i:23001;}"],"astra-migrate-meta-layouts":["set"],"_uag_css_file_name":["uag-css-22988.css"],"_elementor_page_assets":["a:0:{}"]},"uagb_featured_image_src":{"full":["https:\/\/www.noleaky.com\/wp-content\/uploads\/2025\/06\/2.g.Engine-Oil-Stop-Leak_4000x4000_15a04a4a-d496-4c7b-ac67-49608a435085.png",2560,2560,false],"thumbnail":["https:\/\/www.noleaky.com\/wp-content\/uploads\/2025\/06\/2.g.Engine-Oil-Stop-Leak_4000x4000_15a04a4a-d496-4c7b-ac67-49608a435085-150x150.png",150,150,true],"medium":["https:\/\/www.noleaky.com\/wp-content\/uploads\/2025\/06\/2.g.Engine-Oil-Stop-Leak_4000x4000_15a04a4a-d496-4c7b-ac67-49608a435085-300x300.png",300,300,true],"medium_large":["https:\/\/www.noleaky.com\/wp-content\/uploads\/2025\/06\/2.g.Engine-Oil-Stop-Leak_4000x4000_15a04a4a-d496-4c7b-ac67-49608a435085-768x768.png",768,768,true],"large":["https:\/\/www.noleaky.com\/wp-content\/uploads\/2025\/06\/2.g.Engine-Oil-Stop-Leak_4000x4000_15a04a4a-d496-4c7b-ac67-49608a435085-1024x1024.png",1024,1024,true],"1536x1536":["https:\/\/www.noleaky.com\/wp-content\/uploads\/2025\/06\/2.g.Engine-Oil-Stop-Leak_4000x4000_15a04a4a-d496-4c7b-ac67-49608a435085-1536x1536.png",1536,1536,true],"2048x2048":["https:\/\/www.noleaky.com\/wp-content\/uploads\/2025\/06\/2.g.Engine-Oil-Stop-Leak_4000x4000_15a04a4a-d496-4c7b-ac67-49608a435085-2048x2048.png",2048,2048,true],"trp-custom-language-flag":["https:\/\/www.noleaky.com\/wp-content\/uploads\/2025\/06\/2.g.Engine-Oil-Stop-Leak_4000x4000_15a04a4a-d496-4c7b-ac67-49608a435085-12x12.png",12,12,true],"woocommerce_thumbnail":["https:\/\/www.noleaky.com\/wp-content\/uploads\/2025\/06\/2.g.Engine-Oil-Stop-Leak_4000x4000_15a04a4a-d496-4c7b-ac67-49608a435085-300x300.png",300,300,true],"woocommerce_single":["https:\/\/www.noleaky.com\/wp-content\/uploads\/2025\/06\/2.g.Engine-Oil-Stop-Leak_4000x4000_15a04a4a-d496-4c7b-ac67-49608a435085-600x600.png",600,600,true],"woocommerce_gallery_thumbnail":["https:\/\/www.noleaky.com\/wp-content\/uploads\/2025\/06\/2.g.Engine-Oil-Stop-Leak_4000x4000_15a04a4a-d496-4c7b-ac67-49608a435085-100x100.png",100,100,true]},"uagb_author_info":{"display_name":"admin","author_link":"https:\/\/www.noleaky.com\/pl\/author\/"},"uagb_comment_info":73,"uagb_excerpt":"Stops engine oil leaks directly at the source without dismantling the engine. Our engine oil stop leak fluid is specially formulated to seal external oil leaks at their origin. It provides a targeted solution that helps prevent oil loss and reduces the need for complex mechanical disassembly. The most effective external oil leak sealing solution&hellip;","_links":{"self":[{"href":"https:\/\/www.noleaky.com\/pl\/wp-json\/wp\/v2\/product\/22988","targetHints":{"allow":["GET"]}}],"collection":[{"href":"https:\/\/www.noleaky.com\/pl\/wp-json\/wp\/v2\/product"}],"about":[{"href":"https:\/\/www.noleaky.com\/pl\/wp-json\/wp\/v2\/types\/product"}],"replies":[{"embeddable":true,"href":"https:\/\/www.noleaky.com\/pl\/wp-json\/wp\/v2\/comments?post=22988"}],"version-history":[{"count":5,"href":"https:\/\/www.noleaky.com\/pl\/wp-json\/wp\/v2\/product\/22988\/revisions"}],"predecessor-version":[{"id":33281,"href":"https:\/\/www.noleaky.com\/pl\/wp-json\/wp\/v2\/product\/22988\/revisions\/33281"}],"wp:featuredmedia":[{"embeddable":true,"href":"https:\/\/www.noleaky.com\/pl\/wp-json\/wp\/v2\/media\/23041"}],"wp:attachment":[{"href":"https:\/\/www.noleaky.com\/pl\/wp-json\/wp\/v2\/media?parent=22988"}],"wp:term":[{"taxonomy":"product_brand","embeddable":true,"href":"https:\/\/www.noleaky.com\/pl\/wp-json\/wp\/v2\/product_brand?post=22988"},{"taxonomy":"product_cat","embeddable":true,"href":"https:\/\/www.noleaky.com\/pl\/wp-json\/wp\/v2\/product_cat?post=22988"},{"taxonomy":"product_tag","embeddable":true,"href":"https:\/\/www.noleaky.com\/pl\/wp-json\/wp\/v2\/product_tag?post=22988"}],"curies":[{"name":"wp","href":"https:\/\/api.w.org\/{rel}","templated":true}]}}