{"id":22987,"date":"2025-06-02T15:49:03","date_gmt":"2025-06-02T13:49:03","guid":{"rendered":"https:\/\/www.noleaky.com\/products\/engine-decalaminant\/"},"modified":"2026-03-01T15:18:48","modified_gmt":"2026-03-01T14:18:48","slug":"engine-decalaminant","status":"publish","type":"product","link":"https:\/\/www.noleaky.com\/pl\/products\/engine-decalaminant\/","title":{"rendered":"Dekarbonizator silnika"},"content":{"rendered":"<p><strong><img decoding=\"async\" style=\"margin-right: 12px;\" src=\"https:\/\/www.noleaky.com\/wp-content\/uploads\/2026\/02\/Check.svg\" alt=\"\" width=\"18\" height=\"15\" \/>Przywraca wydajno\u015b\u0107 i moc silnika ju\u017c od pierwszego u\u017cycia.<\/strong> Nasz dekarbonizator silnika zosta\u0142 specjalnie opracowany w celu usuwania szkodliwych osad\u00f3w w\u0119glowych, kt\u00f3re gromadz\u0105 si\u0119 w komorze spalania, zaworach dolotowych, wtryskiwaczach i uk\u0142adzie wydechowym. Eliminuj\u0105c te pozosta\u0142o\u015bci, pomaga silnikowi lepiej oddycha\u0107, dzia\u0142a\u0107 p\u0142ynniej oraz odzyska\u0107 utracon\u0105 moc i szybko\u015b\u0107 reakcji.<\/p>\n<p><strong><img decoding=\"async\" style=\"margin-right: 12px;\" src=\"https:\/\/www.noleaky.com\/wp-content\/uploads\/2026\/02\/Check.svg\" alt=\"\" width=\"18\" height=\"15\" \/>Najskuteczniejsze rozwi\u0105zanie do usuwania w\u0119gla na rynku.<\/strong> Dzi\u0119ki zaawansowanej technologii czyszczenia ten dekarbonizator silnika rozpuszcza uporczywe osady w\u0119glowe skuteczniej ni\u017c konwencjonalne dodatki. Uwalnia nagromadzon\u0105 sadz\u0119 i pozosta\u0142o\u015bci spalania u ich \u017ar\u00f3d\u0142a, poprawiaj\u0105c jako\u015b\u0107 spalania paliwa i przywracaj\u0105c optymalne dzia\u0142anie silnika.<\/p>\n<p><strong><img decoding=\"async\" style=\"margin-right: 12px;\" src=\"https:\/\/www.noleaky.com\/wp-content\/uploads\/2026\/02\/Check.svg\" alt=\"\" width=\"18\" height=\"15\" \/>Najta\u0144sze dost\u0119pne rozwi\u0105zanie klasy profesjonalnej.<\/strong> Oferujemy najbardziej konkurencyjn\u0105 cen\u0119 bez kompromis\u00f3w w zakresie jako\u015bci i wydajno\u015bci. Otrzymujesz wysokowydajn\u0105 formu\u0142\u0119 zaufan\u0105 do powa\u017cnej konserwacji silnika za u\u0142amek koszt\u00f3w mechanicznej dekarbonizacji lub us\u0142ug warsztatowych.<\/p>\n<p><strong><img decoding=\"async\" style=\"margin-right: 12px;\" src=\"https:\/\/www.noleaky.com\/wp-content\/uploads\/2026\/02\/Check.svg\" alt=\"\" width=\"18\" height=\"15\" \/>Dostawa 24 godziny na dob\u0119, aby utrzyma\u0107 pojazd w ruchu.<\/strong> Gwarantujemy 24-godzinn\u0105 dostaw\u0119, dzi\u0119ki czemu mo\u017cesz szybko otrzyma\u0107 dekarbonizator silnika i unikn\u0105\u0107 niepotrzebnych przestoj\u00f3w. Niezale\u017cnie od tego, czy potrzebujesz pilnej konserwacji, czy profilaktyki, zapewniamy szybk\u0105 i niezawodn\u0105 wysy\u0142k\u0119.<\/p>\n<p><strong><img decoding=\"async\" style=\"margin-right: 12px;\" src=\"https:\/\/www.noleaky.com\/wp-content\/uploads\/2026\/02\/Check.svg\" alt=\"\" width=\"18\" height=\"15\" \/>Gwarancja zwrotu pieni\u0119dzy dla ca\u0142kowitej pewno\u015bci.<\/strong> Oferujemy pe\u0142n\u0105 gwarancj\u0119 zwrotu pieni\u0119dzy. Je\u015bli nie b\u0119dziesz w pe\u0142ni usatysfakcjonowany wynikami naszego dekarbonizatora silnika, zwr\u00f3cimy Ci pieni\u0105dze za zakup. Dzi\u0119ki temu inwestycja jest ca\u0142kowicie wolna od ryzyka i \u015bwiadczy o naszym zaufaniu do wydajno\u015bci produktu.<\/p>\n<p><strong><img decoding=\"async\" style=\"margin-right: 12px;\" src=\"https:\/\/www.noleaky.com\/wp-content\/uploads\/2026\/02\/Check.svg\" alt=\"\" width=\"18\" height=\"15\" \/>Poprawia wydajno\u015b\u0107 paliwow\u0105 i zmniejsza zu\u017cycie paliwa.<\/strong> Czyszcz\u0105c wewn\u0119trzne elementy silnika i optymalizuj\u0105c spalanie, nasz produkt pomaga zmniejszy\u0107 straty paliwa. Czystszy silnik spala paliwo bardziej wydajnie, co mo\u017ce obni\u017cy\u0107 og\u00f3lne zu\u017cycie paliwa i z czasem zaoszcz\u0119dzi\u0107 pieni\u0105dze.<\/p>\n<p><strong><img decoding=\"async\" style=\"margin-right: 12px;\" src=\"https:\/\/www.noleaky.com\/wp-content\/uploads\/2026\/02\/Check.svg\" alt=\"\" width=\"18\" height=\"15\" \/>Zmniejsza emisj\u0119 spalin i zapewnia czystsze spaliny.<\/strong> Nagromadzony w\u0119giel przyczynia si\u0119 do wy\u017cszych emisji i s\u0142abej wydajno\u015bci uk\u0142adu wydechowego. Usuwaj\u0105c osady, nasz dekarbonizator silnika pomaga zmniejszy\u0107 dymienie, poprawi\u0107 przep\u0142yw spalin i wspiera\u0107 bardziej ekologiczn\u0105 jazd\u0119.<\/p>\n<p><strong><img decoding=\"async\" style=\"margin-right: 12px;\" src=\"https:\/\/www.noleaky.com\/wp-content\/uploads\/2026\/02\/Check.svg\" alt=\"\" width=\"18\" height=\"15\" \/>Wyd\u0142u\u017ca \u017cywotno\u015b\u0107 silnika i zmniejsza jego zu\u017cycie.<\/strong> Osady w\u0119glowe mog\u0105 zwi\u0119ksza\u0107 tarcie, przegrzewanie i nier\u00f3wnomierne spalanie. Regularne stosowanie naszego dekarbonizatora pomaga utrzyma\u0107 p\u0142ynniejsz\u0105 prac\u0119 silnika, zmniejsza obci\u0105\u017cenie komponent\u00f3w i przyczynia si\u0119 do d\u0142u\u017cszej \u017cywotno\u015bci silnika.<\/p>\n<p><strong><img decoding=\"async\" style=\"margin-right: 12px;\" src=\"https:\/\/www.noleaky.com\/wp-content\/uploads\/2026\/02\/Check.svg\" alt=\"\" width=\"18\" height=\"15\" \/>Zapobiega kosztownym naprawom mechanicznym.<\/strong> Utrzymywanie uk\u0142adu spalania w czysto\u015bci zmniejsza ryzyko zatkania wtryskiwaczy, zablokowania zawor\u00f3w i problem\u00f3w z wydajno\u015bci\u0105 turbospr\u0119\u017carki. Konserwacja zapobiegawcza z naszym dekarbonizatorem silnika mo\u017ce pom\u00f3c unikn\u0105\u0107 kosztownych napraw w przysz\u0142o\u015bci.<\/p>\n<p><strong><img decoding=\"async\" style=\"margin-right: 12px;\" src=\"https:\/\/www.noleaky.com\/wp-content\/uploads\/2026\/02\/Check.svg\" alt=\"\" width=\"18\" height=\"15\" \/>\u0141atwy w u\u017cyciu zar\u00f3wno dla profesjonalist\u00f3w, jak i zwyk\u0142ych kierowc\u00f3w.<\/strong> Formu\u0142a zosta\u0142a zaprojektowana z my\u015bl\u0105 o \u0142atwej aplikacji bez skomplikowanych narz\u0119dzi lub demonta\u017cu. Niezale\u017cnie od tego, czy jeste\u015b mechanikiem, czy w\u0142a\u015bcicielem pojazdu wykonuj\u0105cym rutynow\u0105 konserwacj\u0119, mo\u017cesz osi\u0105gn\u0105\u0107 profesjonalne rezultaty przy minimalnym wysi\u0142ku.<\/p>\n<p><strong>Instrukcje<\/strong><\/p>\n<ul>\n<li>Przed u\u017cyciem produktu nale\u017cy upewni\u0107 si\u0119, \u017ce silnik ma temperatur\u0119 robocz\u0105, aby zapewni\u0107 optymaln\u0105 skuteczno\u015b\u0107.<\/li>\n<li>Wla\u0107 butelk\u0119 bezpo\u015brednio do zbiornika paliwa przed tankowaniem, aby umo\u017cliwi\u0107 prawid\u0142owe wymieszanie.<\/li>\n<li>Nale\u017cy u\u017cy\u0107 jednej pe\u0142nej butelki na standardowy zbiornik paliwa pojazdu osobowego o pojemno\u015bci oko\u0142o 40-60 litr\u00f3w. W przypadku mniejszych zbiornik\u00f3w nale\u017cy proporcjonalnie dostosowa\u0107 dawk\u0119.<\/li>\n<li>Po dodaniu produktu nape\u0142nij zbiornik paliwem i jed\u017a normalnie, aby formu\u0142a mog\u0142a kr\u0105\u017cy\u0107 w ca\u0142ym uk\u0142adzie paliwowym i spalinowym.<\/li>\n<li>W przypadku intensywnego czyszczenia nale\u017cy utrzymywa\u0107 umiarkowane obroty silnika przez co najmniej 20-30 minut, aby przyspieszy\u0107 proces dekarbonizacji.<\/li>\n<li>W przypadku silnego nagromadzenia w\u0119gla, po zu\u017cyciu pierwszego pe\u0142nego zbiornika mo\u017cna przeprowadzi\u0107 drugi zabieg.<\/li>\n<li>W ramach konserwacji zapobiegawczej nale\u017cy u\u017cywa\u0107 dekarbonizatora silnika co 5 000 do 10 000 kilometr\u00f3w, w zale\u017cno\u015bci od warunk\u00f3w jazdy i jako\u015bci paliwa.<\/li>\n<li>Nie nale\u017cy przekracza\u0107 zalecanej dawki, aby zapewni\u0107 optymaln\u0105 wydajno\u015b\u0107 i unikn\u0105\u0107 niepotrzebnych strat produktu.<\/li>\n<li>Nadaje si\u0119 do silnik\u00f3w benzynowych i wysokopr\u0119\u017cnych, chyba \u017ce zalecenia producenta pojazdu stanowi\u0105 inaczej.<\/li>\n<li>Produkt nale\u017cy przechowywa\u0107 w ch\u0142odnym i suchym miejscu, z dala od bezpo\u015bredniego \u015bwiat\u0142a s\u0142onecznego, w miejscu niedost\u0119pnym dla dzieci.<\/li>\n<\/ul>","protected":false},"excerpt":{"rendered":"<p>Restores engine performance and power from the very first use. Our engine decarbonizer is specially formulated to remove harmful carbon deposits that build up inside the combustion chamber, intake valves, injectors, and exhaust system. By eliminating these residues, it helps your engine breathe better, operate more smoothly, and recover lost power and responsiveness. The most [&hellip;]<\/p>\n","protected":false},"featured_media":23039,"comment_status":"open","ping_status":"closed","template":"","meta":{"_uag_custom_page_level_css":"","site-sidebar-layout":"default","site-content-layout":"","ast-site-content-layout":"default","site-content-style":"default","site-sidebar-style":"default","ast-global-header-display":"","ast-banner-title-visibility":"","ast-main-header-display":"","ast-hfb-above-header-display":"","ast-hfb-below-header-display":"","ast-hfb-mobile-header-display":"","site-post-title":"","ast-breadcrumbs-content":"","ast-featured-img":"","footer-sml-layout":"","ast-disable-related-posts":"","theme-transparent-header-meta":"default","adv-header-id-meta":"","stick-header-meta":"","header-above-stick-meta":"","header-main-stick-meta":"","header-below-stick-meta":"","astra-migrate-meta-layouts":"set","ast-page-background-enabled":"default","ast-page-background-meta":{"desktop":{"background-color":"var(--ast-global-color-4)","background-image":"","background-repeat":"repeat","background-position":"center center","background-size":"auto","background-attachment":"scroll","background-type":"","background-media":"","overlay-type":"","overlay-color":"","overlay-opacity":"","overlay-gradient":""},"tablet":{"background-color":"","background-image":"","background-repeat":"repeat","background-position":"center center","background-size":"auto","background-attachment":"scroll","background-type":"","background-media":"","overlay-type":"","overlay-color":"","overlay-opacity":"","overlay-gradient":""},"mobile":{"background-color":"","background-image":"","background-repeat":"repeat","background-position":"center center","background-size":"auto","background-attachment":"scroll","background-type":"","background-media":"","overlay-type":"","overlay-color":"","overlay-opacity":"","overlay-gradient":""}},"ast-content-background-meta":{"desktop":{"background-color":"var(--ast-global-color-5)","background-image":"","background-repeat":"repeat","background-position":"center center","background-size":"auto","background-attachment":"scroll","background-type":"","background-media":"","overlay-type":"","overlay-color":"","overlay-opacity":"","overlay-gradient":""},"tablet":{"background-color":"var(--ast-global-color-5)","background-image":"","background-repeat":"repeat","background-position":"center center","background-size":"auto","background-attachment":"scroll","background-type":"","background-media":"","overlay-type":"","overlay-color":"","overlay-opacity":"","overlay-gradient":""},"mobile":{"background-color":"var(--ast-global-color-5)","background-image":"","background-repeat":"repeat","background-position":"center center","background-size":"auto","background-attachment":"scroll","background-type":"","background-media":"","overlay-type":"","overlay-color":"","overlay-opacity":"","overlay-gradient":""}}},"product_brand":[],"product_cat":[176],"product_tag":[],"class_list":{"0":"post-22987","1":"product","2":"type-product","3":"status-publish","4":"has-post-thumbnail","6":"product_cat-automotive","7":"desktop-align-left","8":"tablet-align-left","9":"mobile-align-left","11":"first","12":"instock","13":"shipping-taxable","14":"purchasable","15":"product-type-simple"},"spectra_custom_meta":{"_visibility":["visible"],"_shopify_product_id":["7961115164892"],"_s2w_shopify_domain":["noleaky.myshopify.com"],"_shopify_variant_id":["43736991662300"],"_sku":["NLENGINEDECARBONIZER"],"_regular_price":["29.90"],"_price":["29.90"],"_sale_price":[""],"_weight":["0.35"],"_thumbnail_id":["23039"],"_global_unique_id":["5056773800663"],"total_sales":["50"],"_tax_status":["taxable"],"_tax_class":[""],"_manage_stock":["no"],"_backorders":["no"],"_sold_individually":["no"],"_virtual":["no"],"_downloadable":["no"],"_download_limit":["-1"],"_download_expiry":["-1"],"_stock":[null],"_stock_status":["instock"],"_wc_average_rating":["4.92"],"_wc_review_count":["86"],"_product_version":["10.5.2"],"_edit_lock":["1772383115:1"],"merchant-center-availability":["yes"],"merchant-center-category":["2788"],"merchant-center-id":["ED"],"_edit_last":["1"],"_wp_page_template":["default"],"site-sidebar-layout":["default"],"ast-site-content-layout":["default"],"site-content-style":["default"],"site-sidebar-style":["default"],"theme-transparent-header-meta":["default"],"_wc_rating_count":["a:2:{i:4;i:7;i:5;i:79;}"],"_upsell_ids":["a:3:{i:0;i:22985;i:1;i:23011;i:2;i:23025;}"],"_crosssell_ids":["a:3:{i:0;i:22985;i:1;i:23011;i:2;i:23025;}"],"astra-migrate-meta-layouts":["set"],"_uag_css_file_name":["uag-css-22987.css"],"_elementor_page_assets":["a:0:{}"]},"uagb_featured_image_src":{"full":["https:\/\/www.noleaky.com\/wp-content\/uploads\/2025\/06\/2.m.Engine-Decarbonizer_NoLeaky_4000x4000_4a95b712-bcad-4b18-b63b-b0f76c8b6981.png",2560,2560,false],"thumbnail":["https:\/\/www.noleaky.com\/wp-content\/uploads\/2025\/06\/2.m.Engine-Decarbonizer_NoLeaky_4000x4000_4a95b712-bcad-4b18-b63b-b0f76c8b6981-150x150.png",150,150,true],"medium":["https:\/\/www.noleaky.com\/wp-content\/uploads\/2025\/06\/2.m.Engine-Decarbonizer_NoLeaky_4000x4000_4a95b712-bcad-4b18-b63b-b0f76c8b6981-300x300.png",300,300,true],"medium_large":["https:\/\/www.noleaky.com\/wp-content\/uploads\/2025\/06\/2.m.Engine-Decarbonizer_NoLeaky_4000x4000_4a95b712-bcad-4b18-b63b-b0f76c8b6981-768x768.png",768,768,true],"large":["https:\/\/www.noleaky.com\/wp-content\/uploads\/2025\/06\/2.m.Engine-Decarbonizer_NoLeaky_4000x4000_4a95b712-bcad-4b18-b63b-b0f76c8b6981-1024x1024.png",1024,1024,true],"1536x1536":["https:\/\/www.noleaky.com\/wp-content\/uploads\/2025\/06\/2.m.Engine-Decarbonizer_NoLeaky_4000x4000_4a95b712-bcad-4b18-b63b-b0f76c8b6981-1536x1536.png",1536,1536,true],"2048x2048":["https:\/\/www.noleaky.com\/wp-content\/uploads\/2025\/06\/2.m.Engine-Decarbonizer_NoLeaky_4000x4000_4a95b712-bcad-4b18-b63b-b0f76c8b6981-2048x2048.png",2048,2048,true],"trp-custom-language-flag":["https:\/\/www.noleaky.com\/wp-content\/uploads\/2025\/06\/2.m.Engine-Decarbonizer_NoLeaky_4000x4000_4a95b712-bcad-4b18-b63b-b0f76c8b6981-12x12.png",12,12,true],"woocommerce_thumbnail":["https:\/\/www.noleaky.com\/wp-content\/uploads\/2025\/06\/2.m.Engine-Decarbonizer_NoLeaky_4000x4000_4a95b712-bcad-4b18-b63b-b0f76c8b6981-300x300.png",300,300,true],"woocommerce_single":["https:\/\/www.noleaky.com\/wp-content\/uploads\/2025\/06\/2.m.Engine-Decarbonizer_NoLeaky_4000x4000_4a95b712-bcad-4b18-b63b-b0f76c8b6981-600x600.png",600,600,true],"woocommerce_gallery_thumbnail":["https:\/\/www.noleaky.com\/wp-content\/uploads\/2025\/06\/2.m.Engine-Decarbonizer_NoLeaky_4000x4000_4a95b712-bcad-4b18-b63b-b0f76c8b6981-100x100.png",100,100,true]},"uagb_author_info":{"display_name":"admin","author_link":"https:\/\/www.noleaky.com\/pl\/author\/"},"uagb_comment_info":86,"uagb_excerpt":"Restores engine performance and power from the very first use. Our engine decarbonizer is specially formulated to remove harmful carbon deposits that build up inside the combustion chamber, intake valves, injectors, and exhaust system. By eliminating these residues, it helps your engine breathe better, operate more smoothly, and recover lost power and responsiveness. The most&hellip;","_links":{"self":[{"href":"https:\/\/www.noleaky.com\/pl\/wp-json\/wp\/v2\/product\/22987","targetHints":{"allow":["GET"]}}],"collection":[{"href":"https:\/\/www.noleaky.com\/pl\/wp-json\/wp\/v2\/product"}],"about":[{"href":"https:\/\/www.noleaky.com\/pl\/wp-json\/wp\/v2\/types\/product"}],"replies":[{"embeddable":true,"href":"https:\/\/www.noleaky.com\/pl\/wp-json\/wp\/v2\/comments?post=22987"}],"version-history":[{"count":4,"href":"https:\/\/www.noleaky.com\/pl\/wp-json\/wp\/v2\/product\/22987\/revisions"}],"predecessor-version":[{"id":33283,"href":"https:\/\/www.noleaky.com\/pl\/wp-json\/wp\/v2\/product\/22987\/revisions\/33283"}],"wp:featuredmedia":[{"embeddable":true,"href":"https:\/\/www.noleaky.com\/pl\/wp-json\/wp\/v2\/media\/23039"}],"wp:attachment":[{"href":"https:\/\/www.noleaky.com\/pl\/wp-json\/wp\/v2\/media?parent=22987"}],"wp:term":[{"taxonomy":"product_brand","embeddable":true,"href":"https:\/\/www.noleaky.com\/pl\/wp-json\/wp\/v2\/product_brand?post=22987"},{"taxonomy":"product_cat","embeddable":true,"href":"https:\/\/www.noleaky.com\/pl\/wp-json\/wp\/v2\/product_cat?post=22987"},{"taxonomy":"product_tag","embeddable":true,"href":"https:\/\/www.noleaky.com\/pl\/wp-json\/wp\/v2\/product_tag?post=22987"}],"curies":[{"name":"wp","href":"https:\/\/api.w.org\/{rel}","templated":true}]}}