{"id":22986,"date":"2025-06-02T15:48:59","date_gmt":"2025-06-02T13:48:59","guid":{"rendered":"https:\/\/www.noleaky.com\/products\/egr-valve-cleaner\/"},"modified":"2026-03-01T17:03:22","modified_gmt":"2026-03-01T16:03:22","slug":"egr-valve-cleaner","status":"publish","type":"product","link":"https:\/\/www.noleaky.com\/pl\/products\/egr-valve-cleaner\/","title":{"rendered":"\u015arodek do czyszczenia zaworu EGR"},"content":{"rendered":"<p><strong><img decoding=\"async\" style=\"margin-right: 12px;\" src=\"https:\/\/www.noleaky.com\/wp-content\/uploads\/2026\/02\/Check.svg\" alt=\"\" width=\"18\" height=\"15\" \/>Przywraca optymaln\u0105 wydajno\u015b\u0107 zaworu EGR bez konieczno\u015bci demonta\u017cu.<\/strong> Nasz \u015brodek do czyszczenia zawor\u00f3w EGR zosta\u0142 specjalnie opracowany w celu usuwania osad\u00f3w w\u0119glowych i sadzy nagromadzonych wewn\u0105trz uk\u0142adu EGR poprzez obw\u00f3d paliwowy, eliminuj\u0105c potrzeb\u0119 mechanicznego demonta\u017cu. Dzia\u0142a stopniowo podczas jazdy, przywracaj\u0105c prawid\u0142owy ruch zawor\u00f3w i kontrol\u0119 przep\u0142ywu powietrza.<\/p>\n<p><strong><img decoding=\"async\" style=\"margin-right: 12px;\" src=\"https:\/\/www.noleaky.com\/wp-content\/uploads\/2026\/02\/Check.svg\" alt=\"\" width=\"18\" height=\"15\" \/>Najskuteczniejsze dost\u0119pne rozwi\u0105zanie do czyszczenia EGR.<\/strong> Dzi\u0119ki zaawansowanej technologii detergent\u00f3w formu\u0142a ta jednocze\u015bnie czy\u015bci zaw\u00f3r EGR, uk\u0142ad dolotowy i komor\u0119 spalania. Ukierunkowana jest na pierwotne przyczyny zatykania i zacinania si\u0119 zawor\u00f3w, zapewniaj\u0105c g\u0142\u0119bsze i pe\u0142niejsze czyszczenie ni\u017c standardowe dodatki.<\/p>\n<p><strong><img decoding=\"async\" style=\"margin-right: 12px;\" src=\"https:\/\/www.noleaky.com\/wp-content\/uploads\/2026\/02\/Check.svg\" alt=\"\" width=\"18\" height=\"15\" \/>Najta\u0144szy profesjonalny \u015brodek do czyszczenia EGR na rynku.<\/strong> Zapewniamy najwy\u017csz\u0105 wydajno\u015b\u0107 w najbardziej konkurencyjnej cenie. Osi\u0105gasz wyniki czyszczenia na poziomie warsztatu za u\u0142amek koszt\u00f3w r\u0119cznego usuwania EGR i pracoch\u0142onnego serwisowania.<\/p>\n<p><strong><img decoding=\"async\" style=\"margin-right: 12px;\" src=\"https:\/\/www.noleaky.com\/wp-content\/uploads\/2026\/02\/Check.svg\" alt=\"\" width=\"18\" height=\"15\" \/>24-godzinna dostawa na potrzeby natychmiastowej konserwacji.<\/strong> Gwarantujemy 24-godzinn\u0105 dostaw\u0119, aby\u015b m\u00f3g\u0142 szybko rozwi\u0105za\u0107 problemy zwi\u0105zane z EGR i unikn\u0105\u0107 przed\u0142u\u017caj\u0105cych si\u0119 problem\u00f3w z wydajno\u015bci\u0105 silnika. Szybka wysy\u0142ka zapewnia bezzw\u0142oczny powr\u00f3t pojazdu do optymalnego stanu.<\/p>\n<p><strong><img decoding=\"async\" style=\"margin-right: 12px;\" src=\"https:\/\/www.noleaky.com\/wp-content\/uploads\/2026\/02\/Check.svg\" alt=\"\" width=\"18\" height=\"15\" \/>Gwarancja zwrotu pieni\u0119dzy dla ca\u0142kowitego spokoju ducha.<\/strong> Oferujemy pe\u0142n\u0105 gwarancj\u0119 zwrotu pieni\u0119dzy. Je\u015bli nie b\u0119dziesz w pe\u0142ni usatysfakcjonowany wynikami stosowania naszego \u015brodka do czyszczenia zawor\u00f3w EGR, zwr\u00f3cimy Ci pieni\u0105dze za zakup. Dzi\u0119ki temu zam\u00f3wienie jest ca\u0142kowicie wolne od ryzyka i odzwierciedla nasz\u0105 wiar\u0119 w skuteczno\u015b\u0107 produktu.<\/p>\n<p><strong><img decoding=\"async\" style=\"margin-right: 12px;\" src=\"https:\/\/www.noleaky.com\/wp-content\/uploads\/2026\/02\/Check.svg\" alt=\"\" width=\"18\" height=\"15\" \/>Zmniejsza wahania silnika i nier\u00f3wn\u0105 prac\u0119 na biegu ja\u0142owym.<\/strong> Zanieczyszczony zaw\u00f3r EGR cz\u0119sto powoduje niestabiln\u0105 prac\u0119 na biegu ja\u0142owym, utrat\u0119 mocy i wahania podczas przyspieszania. Oczyszczaj\u0105c wewn\u0119trzne elementy uk\u0142adu paliwowego, nasz produkt przywraca p\u0142ynniejsz\u0105 prac\u0119 silnika i poprawia w\u0142a\u015bciwo\u015bci jezdne.<\/p>\n<p><strong><img decoding=\"async\" style=\"margin-right: 12px;\" src=\"https:\/\/www.noleaky.com\/wp-content\/uploads\/2026\/02\/Check.svg\" alt=\"\" width=\"18\" height=\"15\" \/>Pomaga obni\u017cy\u0107 szkodliwe emisje.<\/strong> Prawid\u0142owe dzia\u0142anie EGR ma zasadnicze znaczenie dla redukcji emisji tlenk\u00f3w azotu. Oczyszczaj\u0105c osady i poprawiaj\u0105c wydajno\u015b\u0107 recyrkulacji spalin, produkt ten wspomaga czystsze spalanie i lepsz\u0105 kontrol\u0119 emisji.<\/p>\n<p><strong><img decoding=\"async\" style=\"margin-right: 12px;\" src=\"https:\/\/www.noleaky.com\/wp-content\/uploads\/2026\/02\/Check.svg\" alt=\"\" width=\"18\" height=\"15\" \/>Poprawia wydajno\u015b\u0107 paliwow\u0105 i reakcj\u0119 przepustnicy.<\/strong> Usuni\u0119cie nagaru poprawia jako\u015b\u0107 spalania i r\u00f3wnowag\u0119 przep\u0142ywu powietrza, pomagaj\u0105c silnikowi pracowa\u0107 wydajniej i szybciej reagowa\u0107 na przyspieszenie.<\/p>\n<p><strong><img decoding=\"async\" style=\"margin-right: 12px;\" src=\"https:\/\/www.noleaky.com\/wp-content\/uploads\/2026\/02\/Check.svg\" alt=\"\" width=\"18\" height=\"15\" \/>Zapobiega kosztownej wymianie zaworu EGR.<\/strong> Regularna profilaktyka pomaga unikn\u0105\u0107 powa\u017cnego zatkania, kt\u00f3re mo\u017ce prowadzi\u0107 do awarii zaworu. Utrzymywanie uk\u0142adu EGR w czysto\u015bci zmniejsza ryzyko kosztownych napraw i wymiany podzespo\u0142\u00f3w.<\/p>\n<p><strong><img decoding=\"async\" style=\"margin-right: 12px;\" src=\"https:\/\/www.noleaky.com\/wp-content\/uploads\/2026\/02\/Check.svg\" alt=\"\" width=\"18\" height=\"15\" \/>Proste rozwi\u0105zanie do wlewania do zbiornika dla \u0142atwego u\u017cytkowania.<\/strong> Zaprojektowany z my\u015bl\u0105 o maksymalnej wygodzie, ten \u015brodek czyszcz\u0105cy jest dodawany bezpo\u015brednio do zbiornika paliwa. Dzia\u0142a automatycznie podczas normalnej jazdy, dzi\u0119ki czemu profesjonalna konserwacja jest dost\u0119pna dla ka\u017cdego kierowcy.<\/p>\n<h2><strong>Instrukcje<\/strong><\/h2>\n<ul>\n<li>Przed dodaniem produktu nale\u017cy upewni\u0107 si\u0119, \u017ce poziom paliwa w zbiorniku jest niski (najlepiej poni\u017cej jednej czwartej).<\/li>\n<li>Przed u\u017cyciem dobrze wstrz\u0105sn\u0105\u0107 butelk\u0105.<\/li>\n<li>Wlej ca\u0142\u0105 zawarto\u015b\u0107 butelki bezpo\u015brednio do zbiornika paliwa.<\/li>\n<li>Po dodaniu produktu nale\u017cy nape\u0142ni\u0107 zbiornik paliwem, aby zapewni\u0107 prawid\u0142owe wymieszanie.<\/li>\n<li>Jedna pe\u0142na butelka jest odpowiednia dla zbiornika paliwa o pojemno\u015bci oko\u0142o 40-60 litr\u00f3w. Dostosuj dozowanie proporcjonalnie dla mniejszych zbiornik\u00f3w.<\/li>\n<li>Po zatankowaniu nale\u017cy normalnie prowadzi\u0107 pojazd, aby umo\u017cliwi\u0107 cyrkulacj\u0119 produktu w uk\u0142adzie paliwowym i komponentach EGR.<\/li>\n<li>Aby uzyska\u0107 lepsze wyniki czyszczenia, nale\u017cy je\u017adzi\u0107 przez co najmniej 20 do 30 minut ze sta\u0142\u0105 pr\u0119dko\u015bci\u0105 obrotow\u0105 silnika, aby zapewni\u0107 optymalne spalanie i usuwanie osad\u00f3w.<\/li>\n<li>W przypadku du\u017cego nagromadzenia w\u0119gla, po zu\u017cyciu oczyszczonego zbiornika mo\u017cna przeprowadzi\u0107 drugie oczyszczanie.<\/li>\n<li>W ramach konserwacji zapobiegawczej nale\u017cy u\u017cywa\u0107 \u015brodka do czyszczenia zaworu EGR co 8 000 do 12 000 kilometr\u00f3w, w zale\u017cno\u015bci od warunk\u00f3w jazdy.<\/li>\n<li>Nie przekracza\u0107 zalecanej dawki i przechowywa\u0107 produkt w ch\u0142odnym, suchym miejscu z dala od bezpo\u015bredniego \u015bwiat\u0142a s\u0142onecznego.<\/li>\n<\/ul>","protected":false},"excerpt":{"rendered":"<p>Restores optimal EGR valve performance without dismantling. Our EGR valve cleaner is specially formulated to remove carbon deposits and soot buildup inside the EGR system through the fuel circuit, eliminating the need for mechanical disassembly. It works progressively while you drive, restoring proper valve movement and airflow control. The most effective EGR cleaning solution available. [&hellip;]<\/p>\n","protected":false},"featured_media":23037,"comment_status":"open","ping_status":"closed","template":"","meta":{"_uag_custom_page_level_css":"","site-sidebar-layout":"default","site-content-layout":"","ast-site-content-layout":"default","site-content-style":"default","site-sidebar-style":"default","ast-global-header-display":"","ast-banner-title-visibility":"","ast-main-header-display":"","ast-hfb-above-header-display":"","ast-hfb-below-header-display":"","ast-hfb-mobile-header-display":"","site-post-title":"","ast-breadcrumbs-content":"","ast-featured-img":"","footer-sml-layout":"","ast-disable-related-posts":"","theme-transparent-header-meta":"default","adv-header-id-meta":"","stick-header-meta":"","header-above-stick-meta":"","header-main-stick-meta":"","header-below-stick-meta":"","astra-migrate-meta-layouts":"set","ast-page-background-enabled":"default","ast-page-background-meta":{"desktop":{"background-color":"var(--ast-global-color-4)","background-image":"","background-repeat":"repeat","background-position":"center center","background-size":"auto","background-attachment":"scroll","background-type":"","background-media":"","overlay-type":"","overlay-color":"","overlay-opacity":"","overlay-gradient":""},"tablet":{"background-color":"","background-image":"","background-repeat":"repeat","background-position":"center center","background-size":"auto","background-attachment":"scroll","background-type":"","background-media":"","overlay-type":"","overlay-color":"","overlay-opacity":"","overlay-gradient":""},"mobile":{"background-color":"","background-image":"","background-repeat":"repeat","background-position":"center center","background-size":"auto","background-attachment":"scroll","background-type":"","background-media":"","overlay-type":"","overlay-color":"","overlay-opacity":"","overlay-gradient":""}},"ast-content-background-meta":{"desktop":{"background-color":"var(--ast-global-color-5)","background-image":"","background-repeat":"repeat","background-position":"center center","background-size":"auto","background-attachment":"scroll","background-type":"","background-media":"","overlay-type":"","overlay-color":"","overlay-opacity":"","overlay-gradient":""},"tablet":{"background-color":"var(--ast-global-color-5)","background-image":"","background-repeat":"repeat","background-position":"center center","background-size":"auto","background-attachment":"scroll","background-type":"","background-media":"","overlay-type":"","overlay-color":"","overlay-opacity":"","overlay-gradient":""},"mobile":{"background-color":"var(--ast-global-color-5)","background-image":"","background-repeat":"repeat","background-position":"center center","background-size":"auto","background-attachment":"scroll","background-type":"","background-media":"","overlay-type":"","overlay-color":"","overlay-opacity":"","overlay-gradient":""}}},"product_brand":[],"product_cat":[176],"product_tag":[],"class_list":{"0":"post-22986","1":"product","2":"type-product","3":"status-publish","4":"has-post-thumbnail","6":"product_cat-automotive","7":"desktop-align-left","8":"tablet-align-left","9":"mobile-align-left","11":"first","12":"instock","13":"shipping-taxable","14":"purchasable","15":"product-type-simple"},"spectra_custom_meta":{"_visibility":["visible"],"_shopify_product_id":["7961097437404"],"_s2w_shopify_domain":["noleaky.myshopify.com"],"_shopify_variant_id":["43736968626396"],"_sku":["NLEGRVALVECLEANER"],"_regular_price":["29.90"],"_price":["29.90"],"_sale_price":[""],"_weight":["0.35"],"_thumbnail_id":["23037"],"_global_unique_id":["5056773800656"],"total_sales":["395"],"_tax_status":["taxable"],"_tax_class":[""],"_manage_stock":["no"],"_backorders":["no"],"_sold_individually":["no"],"_virtual":["no"],"_downloadable":["no"],"_download_limit":["-1"],"_download_expiry":["-1"],"_stock":[null],"_stock_status":["instock"],"_wc_average_rating":["4.93"],"_wc_review_count":["72"],"_product_version":["10.5.2"],"_edit_lock":["1773470731:914"],"merchant-center-availability":["yes"],"merchant-center-category":["2788"],"merchant-center-id":["EGRVC"],"_edit_last":["1"],"_wp_page_template":["default"],"site-sidebar-layout":["default"],"ast-site-content-layout":["default"],"site-content-style":["default"],"site-sidebar-style":["default"],"theme-transparent-header-meta":["default"],"_wc_rating_count":["a:2:{i:4;i:5;i:5;i:67;}"],"_upsell_ids":["a:3:{i:0;i:22975;i:1;i:22985;i:2;i:23011;}"],"_crosssell_ids":["a:3:{i:0;i:22975;i:1;i:22985;i:2;i:23011;}"],"astra-migrate-meta-layouts":["set"],"_uag_css_file_name":["uag-css-22986.css"],"_elementor_page_assets":["a:0:{}"],"_uag_page_assets":["a:9:{s:3:\"css\";s:6893:\".wp-block-uagb-image{display:flex}.wp-block-uagb-image__figure{position:relative;display:flex;flex-direction:column;max-width:100%;height:auto;margin:0}.wp-block-uagb-image__figure img{height:auto;display:flex;max-width:100%;transition:box-shadow 0.2s ease}.wp-block-uagb-image__figure>a{display:inline-block}.wp-block-uagb-image__figure figcaption{text-align:center;margin-top:0.5em;margin-bottom:1em}.wp-block-uagb-image .components-placeholder.block-editor-media-placeholder .components-placeholder__instructions{align-self:center}.wp-block-uagb-image--align-left{text-align:left}.wp-block-uagb-image--align-right{text-align:right}.wp-block-uagb-image--align-center{text-align:center}.wp-block-uagb-image--align-full .wp-block-uagb-image__figure{margin-left:calc(50% - 50vw);margin-right:calc(50% - 50vw);max-width:100vw;width:100vw;height:auto}.wp-block-uagb-image--align-full .wp-block-uagb-image__figure img{height:auto;width:100% !important}.wp-block-uagb-image--align-wide .wp-block-uagb-image__figure img{height:auto;width:100%}.wp-block-uagb-image--layout-overlay__color-wrapper{position:absolute;left:0;top:0;right:0;bottom:0;opacity:0.2;background:rgba(0,0,0,0.5);transition:opacity 0.35s ease-in-out}.wp-block-uagb-image--layout-overlay-link{position:absolute;left:0;right:0;bottom:0;top:0}.wp-block-uagb-image--layout-overlay .wp-block-uagb-image__figure:hover .wp-block-uagb-image--layout-overlay__color-wrapper{opacity:1}.wp-block-uagb-image--layout-overlay__inner{position:absolute;left:15px;right:15px;bottom:15px;top:15px;display:flex;align-items:center;justify-content:center;flex-direction:column;border-color:#fff;transition:0.35s ease-in-out}.wp-block-uagb-image--layout-overlay__inner.top-left,.wp-block-uagb-image--layout-overlay__inner.top-center,.wp-block-uagb-image--layout-overlay__inner.top-right{justify-content:flex-start}.wp-block-uagb-image--layout-overlay__inner.bottom-left,.wp-block-uagb-image--layout-overlay__inner.bottom-center,.wp-block-uagb-image--layout-overlay__inner.bottom-right{justify-content:flex-end}.wp-block-uagb-image--layout-overlay__inner.top-left,.wp-block-uagb-image--layout-overlay__inner.center-left,.wp-block-uagb-image--layout-overlay__inner.bottom-left{align-items:flex-start}.wp-block-uagb-image--layout-overlay__inner.top-right,.wp-block-uagb-image--layout-overlay__inner.center-right,.wp-block-uagb-image--layout-overlay__inner.bottom-right{align-items:flex-end}.wp-block-uagb-image--layout-overlay__inner .uagb-image-heading{color:#fff;transition:transform 0.35s, opacity 0.35s ease-in-out;transform:translate3d(0, 24px, 0);margin:0;line-height:1em}.wp-block-uagb-image--layout-overlay__inner .uagb-image-separator{width:30%;border-top-width:2px;border-top-color:#fff;border-top-style:solid;margin-bottom:10px;opacity:0;transition:transform 0.4s, opacity 0.4s ease-in-out;transform:translate3d(0, 30px, 0)}.wp-block-uagb-image--layout-overlay__inner .uagb-image-caption{opacity:0;overflow:visible;color:#fff;transition:transform 0.45s, opacity 0.45s ease-in-out;transform:translate3d(0, 35px, 0)}.wp-block-uagb-image--layout-overlay__inner:hover .uagb-image-heading,.wp-block-uagb-image--layout-overlay__inner:hover .uagb-image-separator,.wp-block-uagb-image--layout-overlay__inner:hover .uagb-image-caption{opacity:1;transform:translate3d(0, 0, 0)}.wp-block-uagb-image--effect-zoomin .wp-block-uagb-image__figure img,.wp-block-uagb-image--effect-zoomin .wp-block-uagb-image__figure .wp-block-uagb-image--layout-overlay__color-wrapper{transform:scale(1);transition:transform 0.35s ease-in-out}.wp-block-uagb-image--effect-zoomin .wp-block-uagb-image__figure:hover img,.wp-block-uagb-image--effect-zoomin .wp-block-uagb-image__figure:hover .wp-block-uagb-image--layout-overlay__color-wrapper{transform:scale(1.05)}.wp-block-uagb-image--effect-slide .wp-block-uagb-image__figure img,.wp-block-uagb-image--effect-slide .wp-block-uagb-image__figure .wp-block-uagb-image--layout-overlay__color-wrapper{width:calc(100% + 40px) !important;max-width:none !important;transform:translate3d(-40px, 0, 0);transition:transform 0.35s ease-in-out}.wp-block-uagb-image--effect-slide .wp-block-uagb-image__figure:hover img,.wp-block-uagb-image--effect-slide .wp-block-uagb-image__figure:hover .wp-block-uagb-image--layout-overlay__color-wrapper{transform:translate3d(0, 0, 0)}.wp-block-uagb-image--effect-grayscale img{filter:grayscale(0%);transition:0.35s ease-in-out}.wp-block-uagb-image--effect-grayscale:hover img{filter:grayscale(100%)}.wp-block-uagb-image--effect-blur img{filter:blur(0);transition:0.35s ease-in-out}.wp-block-uagb-image--effect-blur:hover img{filter:blur(3px)}\n.uagb-block-e6f939b3.wp-block-uagb-image--layout-default figure img{box-shadow: 0px 0px 0 #00000070;}.uagb-block-e6f939b3.wp-block-uagb-image .wp-block-uagb-image__figure figcaption{font-style: normal;align-self: center;}.uagb-block-e6f939b3.wp-block-uagb-image--layout-overlay figure img{box-shadow: 0px 0px 0 #00000070;}.uagb-block-e6f939b3.wp-block-uagb-image--layout-overlay .wp-block-uagb-image--layout-overlay__color-wrapper{opacity: 0.2;}.uagb-block-e6f939b3.wp-block-uagb-image--layout-overlay .wp-block-uagb-image--layout-overlay__inner{left: 15px;right: 15px;top: 15px;bottom: 15px;}.uagb-block-e6f939b3.wp-block-uagb-image--layout-overlay .wp-block-uagb-image--layout-overlay__inner .uagb-image-heading{font-style: normal;color: #fff;opacity: 1;}.uagb-block-e6f939b3.wp-block-uagb-image--layout-overlay .wp-block-uagb-image--layout-overlay__inner .uagb-image-heading a{color: #fff;}.uagb-block-e6f939b3.wp-block-uagb-image--layout-overlay .wp-block-uagb-image--layout-overlay__inner .uagb-image-caption{opacity: 0;}.uagb-block-e6f939b3.wp-block-uagb-image--layout-overlay .wp-block-uagb-image__figure:hover .wp-block-uagb-image--layout-overlay__color-wrapper{opacity: 1;}.uagb-block-e6f939b3.wp-block-uagb-image .wp-block-uagb-image--layout-overlay__inner .uagb-image-separator{width: 30%;border-top-width: 2px;border-top-color: #fff;opacity: 0;}.uagb-block-e6f939b3.wp-block-uagb-image .wp-block-uagb-image__figure img{width: px;height: auto;}.uagb-block-e6f939b3.wp-block-uagb-image .wp-block-uagb-image__figure:hover .wp-block-uagb-image--layout-overlay__inner .uagb-image-caption{opacity: 1;}.uagb-block-e6f939b3.wp-block-uagb-image .wp-block-uagb-image__figure:hover .wp-block-uagb-image--layout-overlay__inner .uagb-image-separator{opacity: 1;}.uagb-block-e6f939b3.wp-block-uagb-image--layout-default figure:hover img{box-shadow: 0px 0px 0 #00000070;}.uagb-block-e6f939b3.wp-block-uagb-image--layout-overlay figure:hover img{box-shadow: 0px 0px 0 #00000070;}@media only screen and (max-width: 976px) {.uagb-block-e6f939b3.wp-block-uagb-image .wp-block-uagb-image__figure img{width: px;height: auto;}}@media only screen and (max-width: 767px) {.uagb-block-e6f939b3.wp-block-uagb-image .wp-block-uagb-image__figure img{width: px;height: auto;}}\";s:2:\"js\";s:0:\"\";s:18:\"current_block_list\";a:13:{i:0;s:11:\"core\/search\";i:1;s:10:\"core\/group\";i:2;s:12:\"core\/heading\";i:3;s:17:\"core\/latest-posts\";i:4;s:20:\"core\/latest-comments\";i:5;s:13:\"core\/archives\";i:6;s:15:\"core\/categories\";i:7;s:14:\"core\/paragraph\";i:8;s:10:\"uagb\/image\";i:9;s:11:\"core\/spacer\";i:10;s:30:\"woocommerce\/product-categories\";i:11;s:10:\"core\/image\";i:12;s:14:\"core\/shortcode\";}s:8:\"uag_flag\";b:1;s:11:\"uag_version\";s:10:\"1776746291\";s:6:\"gfonts\";a:0:{}s:10:\"gfonts_url\";s:0:\"\";s:12:\"gfonts_files\";a:0:{}s:14:\"uag_faq_layout\";b:0;}"]},"uagb_featured_image_src":{"full":["https:\/\/www.noleaky.com\/wp-content\/uploads\/2025\/06\/2.l.EGR-Valve-Cleaner_NoLeaky_4000x4000_74c74249-d819-42d6-b008-233b3a64a67b.png",2560,2560,false],"thumbnail":["https:\/\/www.noleaky.com\/wp-content\/uploads\/2025\/06\/2.l.EGR-Valve-Cleaner_NoLeaky_4000x4000_74c74249-d819-42d6-b008-233b3a64a67b-150x150.png",150,150,true],"medium":["https:\/\/www.noleaky.com\/wp-content\/uploads\/2025\/06\/2.l.EGR-Valve-Cleaner_NoLeaky_4000x4000_74c74249-d819-42d6-b008-233b3a64a67b-300x300.png",300,300,true],"medium_large":["https:\/\/www.noleaky.com\/wp-content\/uploads\/2025\/06\/2.l.EGR-Valve-Cleaner_NoLeaky_4000x4000_74c74249-d819-42d6-b008-233b3a64a67b-768x768.png",768,768,true],"large":["https:\/\/www.noleaky.com\/wp-content\/uploads\/2025\/06\/2.l.EGR-Valve-Cleaner_NoLeaky_4000x4000_74c74249-d819-42d6-b008-233b3a64a67b-1024x1024.png",1024,1024,true],"1536x1536":["https:\/\/www.noleaky.com\/wp-content\/uploads\/2025\/06\/2.l.EGR-Valve-Cleaner_NoLeaky_4000x4000_74c74249-d819-42d6-b008-233b3a64a67b-1536x1536.png",1536,1536,true],"2048x2048":["https:\/\/www.noleaky.com\/wp-content\/uploads\/2025\/06\/2.l.EGR-Valve-Cleaner_NoLeaky_4000x4000_74c74249-d819-42d6-b008-233b3a64a67b-2048x2048.png",2048,2048,true],"trp-custom-language-flag":["https:\/\/www.noleaky.com\/wp-content\/uploads\/2025\/06\/2.l.EGR-Valve-Cleaner_NoLeaky_4000x4000_74c74249-d819-42d6-b008-233b3a64a67b-12x12.png",12,12,true],"woocommerce_thumbnail":["https:\/\/www.noleaky.com\/wp-content\/uploads\/2025\/06\/2.l.EGR-Valve-Cleaner_NoLeaky_4000x4000_74c74249-d819-42d6-b008-233b3a64a67b-300x300.png",300,300,true],"woocommerce_single":["https:\/\/www.noleaky.com\/wp-content\/uploads\/2025\/06\/2.l.EGR-Valve-Cleaner_NoLeaky_4000x4000_74c74249-d819-42d6-b008-233b3a64a67b-600x600.png",600,600,true],"woocommerce_gallery_thumbnail":["https:\/\/www.noleaky.com\/wp-content\/uploads\/2025\/06\/2.l.EGR-Valve-Cleaner_NoLeaky_4000x4000_74c74249-d819-42d6-b008-233b3a64a67b-100x100.png",100,100,true]},"uagb_author_info":{"display_name":"admin","author_link":"https:\/\/www.noleaky.com\/pl\/author\/"},"uagb_comment_info":72,"uagb_excerpt":"Restores optimal EGR valve performance without dismantling. Our EGR valve cleaner is specially formulated to remove carbon deposits and soot buildup inside the EGR system through the fuel circuit, eliminating the need for mechanical disassembly. It works progressively while you drive, restoring proper valve movement and airflow control. The most effective EGR cleaning solution available.&hellip;","_links":{"self":[{"href":"https:\/\/www.noleaky.com\/pl\/wp-json\/wp\/v2\/product\/22986","targetHints":{"allow":["GET"]}}],"collection":[{"href":"https:\/\/www.noleaky.com\/pl\/wp-json\/wp\/v2\/product"}],"about":[{"href":"https:\/\/www.noleaky.com\/pl\/wp-json\/wp\/v2\/types\/product"}],"replies":[{"embeddable":true,"href":"https:\/\/www.noleaky.com\/pl\/wp-json\/wp\/v2\/comments?post=22986"}],"version-history":[{"count":6,"href":"https:\/\/www.noleaky.com\/pl\/wp-json\/wp\/v2\/product\/22986\/revisions"}],"predecessor-version":[{"id":33293,"href":"https:\/\/www.noleaky.com\/pl\/wp-json\/wp\/v2\/product\/22986\/revisions\/33293"}],"wp:featuredmedia":[{"embeddable":true,"href":"https:\/\/www.noleaky.com\/pl\/wp-json\/wp\/v2\/media\/23037"}],"wp:attachment":[{"href":"https:\/\/www.noleaky.com\/pl\/wp-json\/wp\/v2\/media?parent=22986"}],"wp:term":[{"taxonomy":"product_brand","embeddable":true,"href":"https:\/\/www.noleaky.com\/pl\/wp-json\/wp\/v2\/product_brand?post=22986"},{"taxonomy":"product_cat","embeddable":true,"href":"https:\/\/www.noleaky.com\/pl\/wp-json\/wp\/v2\/product_cat?post=22986"},{"taxonomy":"product_tag","embeddable":true,"href":"https:\/\/www.noleaky.com\/pl\/wp-json\/wp\/v2\/product_tag?post=22986"}],"curies":[{"name":"wp","href":"https:\/\/api.w.org\/{rel}","templated":true}]}}