{"id":22985,"date":"2025-06-02T15:48:58","date_gmt":"2025-06-02T13:48:58","guid":{"rendered":"https:\/\/www.noleaky.com\/products\/diesel-particulate-filter-and-turbo-cleaner\/"},"modified":"2026-03-01T17:05:42","modified_gmt":"2026-03-01T16:05:42","slug":"diesel-particulate-filter-and-turbo-cleaner","status":"publish","type":"product","link":"https:\/\/www.noleaky.com\/pl\/products\/diesel-particulate-filter-and-turbo-cleaner\/","title":{"rendered":"\u015arodek do czyszczenia filtra cz\u0105stek sta\u0142ych i turbospr\u0119\u017carki"},"content":{"rendered":"<p><strong><img decoding=\"async\" style=\"margin-right: 12px;\" src=\"https:\/\/www.noleaky.com\/wp-content\/uploads\/2026\/02\/Check.svg\" alt=\"\" width=\"18\" height=\"15\" \/>G\u0142\u0119boko czy\u015bci filtr cz\u0105stek sta\u0142ych i turbospr\u0119\u017cark\u0119 w jednym zabiegu.<\/strong> Nasz \u015brodek do czyszczenia filtra cz\u0105stek sta\u0142ych i turbospr\u0119\u017carki zosta\u0142 specjalnie opracowany w celu usuwania sadzy, osad\u00f3w w\u0119glowych i pozosta\u0142o\u015bci spalania, kt\u00f3re gromadz\u0105 si\u0119 w filtrze cz\u0105stek sta\u0142ych i uk\u0142adzie turbodo\u0142adowania. Dzia\u0142a przez uk\u0142ad paliwowy, stopniowo czyszcz\u0105c krytyczne elementy podczas jazdy, przywracaj\u0105c przep\u0142yw powietrza i wydajno\u015b\u0107 silnika bez konieczno\u015bci demonta\u017cu.<\/p>\n<p><strong><img decoding=\"async\" style=\"margin-right: 12px;\" src=\"https:\/\/www.noleaky.com\/wp-content\/uploads\/2026\/02\/Check.svg\" alt=\"\" width=\"18\" height=\"15\" \/>Najskuteczniejsze na rynku rozwi\u0105zanie do czyszczenia filtra cz\u0105stek sta\u0142ych i turbospr\u0119\u017carki.<\/strong> Dzi\u0119ki zaawansowanej technologii katalitycznej i detergentowej formu\u0142a ta aktywnie obni\u017ca temperatur\u0119 spalania sadzy i rozpuszcza uporczywe osady szybciej ni\u017c konwencjonalne dodatki. Wspomaga optymaln\u0105 regeneracj\u0119 filtra cz\u0105stek sta\u0142ych i poprawia wydajno\u015b\u0107 turbospr\u0119\u017carki, zapewniaj\u0105c widoczne i wymierne rezultaty.<\/p>\n<p><strong><img decoding=\"async\" style=\"margin-right: 12px;\" src=\"https:\/\/www.noleaky.com\/wp-content\/uploads\/2026\/02\/Check.svg\" alt=\"\" width=\"18\" height=\"15\" \/>Najta\u0144sze dost\u0119pne rozwi\u0105zanie klasy profesjonalnej.<\/strong> Zapewniamy wydajno\u015b\u0107 czyszczenia na poziomie warsztatu w najbardziej konkurencyjnej cenie. Zamiast p\u0142aci\u0107 za kosztown\u0105 wymuszon\u0105 regeneracj\u0119 lub mechaniczny demonta\u017c, mo\u017cesz przywr\u00f3ci\u0107 wydajno\u015b\u0107 systemu za u\u0142amek koszt\u00f3w.<\/p>\n<p><strong><img decoding=\"async\" style=\"margin-right: 12px;\" src=\"https:\/\/www.noleaky.com\/wp-content\/uploads\/2026\/02\/Check.svg\" alt=\"\" width=\"18\" height=\"15\" \/>Dostawa w ci\u0105gu 24 godzin minimalizuje czas przestoju pojazdu.<\/strong> Gwarantujemy 24-godzinn\u0105 dostaw\u0119, aby\u015b m\u00f3g\u0142 szybko zaj\u0105\u0107 si\u0119 lampkami ostrzegawczymi, zmniejszon\u0105 moc\u0105 lub problemami z regeneracj\u0105. Szybka wysy\u0142ka zapewnia mo\u017cliwo\u015b\u0107 natychmiastowego dzia\u0142ania i unikni\u0119cia przed\u0142u\u017caj\u0105cych si\u0119 problem\u00f3w z wydajno\u015bci\u0105.<\/p>\n<p><strong><img decoding=\"async\" style=\"margin-right: 12px;\" src=\"https:\/\/www.noleaky.com\/wp-content\/uploads\/2026\/02\/Check.svg\" alt=\"\" width=\"18\" height=\"15\" \/>Gwarancja zwrotu pieni\u0119dzy dla ca\u0142kowitej pewno\u015bci.<\/strong> Oferujemy pe\u0142n\u0105 gwarancj\u0119 zwrotu pieni\u0119dzy. Je\u015bli nie b\u0119dziesz w pe\u0142ni zadowolony z dzia\u0142ania naszego filtra cz\u0105stek sta\u0142ych i \u015brodka do czyszczenia turbospr\u0119\u017carek, zwr\u00f3cimy Ci pieni\u0105dze za zakup. Twoje zam\u00f3wienie jest ca\u0142kowicie wolne od ryzyka.<\/p>\n<p><strong><img decoding=\"async\" style=\"margin-right: 12px;\" src=\"https:\/\/www.noleaky.com\/wp-content\/uploads\/2026\/02\/Check.svg\" alt=\"\" width=\"18\" height=\"15\" \/>Przywraca moc silnika i przyspieszenie.<\/strong> Zatkany filtr cz\u0105stek sta\u0142ych w silniku wysokopr\u0119\u017cnym i turbospr\u0119\u017carka o ograniczonej emisji dwutlenku w\u0119gla zmniejszaj\u0105 przep\u0142yw powietrza i reakcj\u0119 silnika. Czyszcz\u0105c oba uk\u0142ady, nasz produkt pomaga przywr\u00f3ci\u0107 utracon\u0105 moc, p\u0142ynniejsze przyspieszenie i lepsze og\u00f3lne w\u0142a\u015bciwo\u015bci jezdne.<\/p>\n<p><strong><img decoding=\"async\" style=\"margin-right: 12px;\" src=\"https:\/\/www.noleaky.com\/wp-content\/uploads\/2026\/02\/Check.svg\" alt=\"\" width=\"18\" height=\"15\" \/>Wspomaga prawid\u0142ow\u0105 regeneracj\u0119 filtra cz\u0105stek sta\u0142ych i zapobiega jego zatykaniu.<\/strong> Formu\u0142a pomaga obni\u017cy\u0107 temperatur\u0119 zap\u0142onu sadzy, umo\u017cliwiaj\u0105c bardziej wydajne cykle regeneracji pasywnej i aktywnej. Zapobiega to przedwczesnemu zablokowaniu i zmniejsza cz\u0119stotliwo\u015b\u0107 zapalania si\u0119 lampek ostrzegawczych.<\/p>\n<p><strong><img decoding=\"async\" style=\"margin-right: 12px;\" src=\"https:\/\/www.noleaky.com\/wp-content\/uploads\/2026\/02\/Check.svg\" alt=\"\" width=\"18\" height=\"15\" \/>Poprawia wydajno\u015b\u0107 paliwow\u0105 i zmniejsza zu\u017cycie paliwa.<\/strong> Czystsze spalanie i lepszy przep\u0142yw spalin pozwalaj\u0105 silnikowi pracowa\u0107 wydajniej, co z czasem mo\u017ce pom\u00f3c obni\u017cy\u0107 zu\u017cycie paliwa.<\/p>\n<p><strong><img decoding=\"async\" style=\"margin-right: 12px;\" src=\"https:\/\/www.noleaky.com\/wp-content\/uploads\/2026\/02\/Check.svg\" alt=\"\" width=\"18\" height=\"15\" \/>Redukuje szkodliwe emisje i dym spalin.<\/strong> Usuwaj\u0105c nagromadzon\u0105 sadz\u0119 i poprawiaj\u0105c jako\u015b\u0107 spalania, produkt przyczynia si\u0119 do obni\u017cenia emisji cz\u0105stek sta\u0142ych i czystszych spalin.<\/p>\n<p><strong><img decoding=\"async\" style=\"margin-right: 12px;\" src=\"https:\/\/www.noleaky.com\/wp-content\/uploads\/2026\/02\/Check.svg\" alt=\"\" width=\"18\" height=\"15\" \/>Prosta aplikacja w zbiorniku z profesjonalnymi rezultatami.<\/strong> Zaprojektowany z my\u015bl\u0105 o wygodzie, ten \u015brodek czyszcz\u0105cy jest dodawany bezpo\u015brednio do zbiornika paliwa i dzia\u0142a automatycznie podczas normalnej jazdy. Nie wymaga specjalnych narz\u0119dzi, demonta\u017cu ani skomplikowanych procedur.<\/p>\n<h2><strong>Instrukcje<\/strong><\/h2>\n<ul>\n<li>Przed dodaniem produktu nale\u017cy upewni\u0107 si\u0119, \u017ce poziom paliwa w zbiorniku jest niski (najlepiej poni\u017cej jednej czwartej).<\/li>\n<li>Przed u\u017cyciem dok\u0142adnie wstrz\u0105sn\u0105\u0107 butelk\u0105.<\/li>\n<li>Wla\u0107 ca\u0142\u0105 zawarto\u015b\u0107 butelki bezpo\u015brednio do zbiornika oleju nap\u0119dowego.<\/li>\n<li>Po dodaniu \u015brodka czyszcz\u0105cego nale\u017cy nape\u0142ni\u0107 zbiornik olejem nap\u0119dowym, aby zapewni\u0107 odpowiednie rozcie\u0144czenie i wymieszanie.<\/li>\n<li>Jedna pe\u0142na butelka jest odpowiednia dla zbiornika paliwa o pojemno\u015bci oko\u0142o 50-70 litr\u00f3w. Dostosuj dozowanie proporcjonalnie dla mniejszych zbiornik\u00f3w.<\/li>\n<li>W miar\u0119 mo\u017cliwo\u015bci nale\u017cy je\u017adzi\u0107 pojazdem przez co najmniej 20-30 minut ze sta\u0142\u0105 pr\u0119dko\u015bci\u0105 powy\u017cej 2000 obr.<\/li>\n<li>Unikaj kr\u00f3tkich podr\u00f3\u017cy podczas okresu leczenia, aby umo\u017cliwi\u0107 systemowi osi\u0105gni\u0119cie optymalnej temperatury roboczej.<\/li>\n<li>Je\u015bli lampka ostrzegawcza DPF \u015bwieci si\u0119 z powodu silnego zatkania, po zu\u017cyciu pierwszego zbiornika mo\u017cna przeprowadzi\u0107 drugie oczyszczanie.<\/li>\n<li>W ramach konserwacji zapobiegawczej produkt nale\u017cy stosowa\u0107 co 8 000 do 15 000 kilometr\u00f3w, w zale\u017cno\u015bci od warunk\u00f3w jazdy.<\/li>\n<li>Nie nale\u017cy przekracza\u0107 zalecanej dawki i przechowywa\u0107 produkt w ch\u0142odnym, suchym miejscu, z dala od bezpo\u015bredniego \u015bwiat\u0142a s\u0142onecznego i \u017ar\u00f3de\u0142 ciep\u0142a.<\/li>\n<\/ul>","protected":false},"excerpt":{"rendered":"<p>Deeply cleans the diesel particulate filter and turbocharger in one single treatment. Our diesel particulate filter and turbocharger cleaner is specially formulated to remove soot, carbon deposits, and combustion residues that accumulate in the diesel particulate filter and turbo system. It works through the fuel system to clean critical components progressively while you drive, restoring [&hellip;]<\/p>\n","protected":false},"featured_media":23035,"comment_status":"open","ping_status":"closed","template":"","meta":{"_uag_custom_page_level_css":"","site-sidebar-layout":"default","site-content-layout":"","ast-site-content-layout":"default","site-content-style":"default","site-sidebar-style":"default","ast-global-header-display":"","ast-banner-title-visibility":"","ast-main-header-display":"","ast-hfb-above-header-display":"","ast-hfb-below-header-display":"","ast-hfb-mobile-header-display":"","site-post-title":"","ast-breadcrumbs-content":"","ast-featured-img":"","footer-sml-layout":"","ast-disable-related-posts":"","theme-transparent-header-meta":"default","adv-header-id-meta":"","stick-header-meta":"","header-above-stick-meta":"","header-main-stick-meta":"","header-below-stick-meta":"","astra-migrate-meta-layouts":"set","ast-page-background-enabled":"default","ast-page-background-meta":{"desktop":{"background-color":"var(--ast-global-color-4)","background-image":"","background-repeat":"repeat","background-position":"center center","background-size":"auto","background-attachment":"scroll","background-type":"","background-media":"","overlay-type":"","overlay-color":"","overlay-opacity":"","overlay-gradient":""},"tablet":{"background-color":"","background-image":"","background-repeat":"repeat","background-position":"center center","background-size":"auto","background-attachment":"scroll","background-type":"","background-media":"","overlay-type":"","overlay-color":"","overlay-opacity":"","overlay-gradient":""},"mobile":{"background-color":"","background-image":"","background-repeat":"repeat","background-position":"center center","background-size":"auto","background-attachment":"scroll","background-type":"","background-media":"","overlay-type":"","overlay-color":"","overlay-opacity":"","overlay-gradient":""}},"ast-content-background-meta":{"desktop":{"background-color":"var(--ast-global-color-5)","background-image":"","background-repeat":"repeat","background-position":"center center","background-size":"auto","background-attachment":"scroll","background-type":"","background-media":"","overlay-type":"","overlay-color":"","overlay-opacity":"","overlay-gradient":""},"tablet":{"background-color":"var(--ast-global-color-5)","background-image":"","background-repeat":"repeat","background-position":"center center","background-size":"auto","background-attachment":"scroll","background-type":"","background-media":"","overlay-type":"","overlay-color":"","overlay-opacity":"","overlay-gradient":""},"mobile":{"background-color":"var(--ast-global-color-5)","background-image":"","background-repeat":"repeat","background-position":"center center","background-size":"auto","background-attachment":"scroll","background-type":"","background-media":"","overlay-type":"","overlay-color":"","overlay-opacity":"","overlay-gradient":""}}},"product_brand":[],"product_cat":[176],"product_tag":[],"class_list":{"0":"post-22985","1":"product","2":"type-product","3":"status-publish","4":"has-post-thumbnail","6":"product_cat-automotive","7":"desktop-align-left","8":"tablet-align-left","9":"mobile-align-left","11":"first","12":"instock","13":"shipping-taxable","14":"purchasable","15":"product-type-simple"},"spectra_custom_meta":{"_visibility":["visible"],"_shopify_product_id":["7960299241692"],"_s2w_shopify_domain":["noleaky.myshopify.com"],"_shopify_variant_id":["43735152034012"],"_sku":["NLDIESELPARTICULATEFILTERTURBOCLEANER"],"_regular_price":["19.90"],"_price":["19.90"],"_sale_price":[""],"_weight":["0.35"],"_thumbnail_id":["23035"],"_global_unique_id":["5056773800649"],"total_sales":["250"],"_tax_status":["taxable"],"_tax_class":[""],"_manage_stock":["no"],"_backorders":["no"],"_sold_individually":["no"],"_virtual":["no"],"_downloadable":["no"],"_download_limit":["-1"],"_download_expiry":["-1"],"_stock":[null],"_stock_status":["instock"],"_wc_average_rating":["4.96"],"_wc_review_count":["72"],"_product_version":["10.5.2"],"_edit_lock":["1772381039:1"],"merchant-center-availability":["yes"],"merchant-center-category":["2788"],"merchant-center-id":["DPFTC"],"_edit_last":["1"],"_wp_page_template":["default"],"site-sidebar-layout":["default"],"ast-site-content-layout":["default"],"site-content-style":["default"],"site-sidebar-style":["default"],"theme-transparent-header-meta":["default"],"_wc_rating_count":["a:2:{i:4;i:3;i:5;i:69;}"],"_upsell_ids":["a:3:{i:0;i:22975;i:1;i:22986;i:2;i:23011;}"],"_crosssell_ids":["a:3:{i:0;i:22975;i:1;i:22986;i:2;i:23011;}"],"astra-migrate-meta-layouts":["set"],"_uag_css_file_name":["uag-css-22985.css"],"_elementor_page_assets":["a:0:{}"],"_uag_page_assets":["a:9:{s:3:\"css\";s:6893:\".wp-block-uagb-image{display:flex}.wp-block-uagb-image__figure{position:relative;display:flex;flex-direction:column;max-width:100%;height:auto;margin:0}.wp-block-uagb-image__figure img{height:auto;display:flex;max-width:100%;transition:box-shadow 0.2s ease}.wp-block-uagb-image__figure>a{display:inline-block}.wp-block-uagb-image__figure figcaption{text-align:center;margin-top:0.5em;margin-bottom:1em}.wp-block-uagb-image .components-placeholder.block-editor-media-placeholder .components-placeholder__instructions{align-self:center}.wp-block-uagb-image--align-left{text-align:left}.wp-block-uagb-image--align-right{text-align:right}.wp-block-uagb-image--align-center{text-align:center}.wp-block-uagb-image--align-full .wp-block-uagb-image__figure{margin-left:calc(50% - 50vw);margin-right:calc(50% - 50vw);max-width:100vw;width:100vw;height:auto}.wp-block-uagb-image--align-full .wp-block-uagb-image__figure img{height:auto;width:100% !important}.wp-block-uagb-image--align-wide .wp-block-uagb-image__figure img{height:auto;width:100%}.wp-block-uagb-image--layout-overlay__color-wrapper{position:absolute;left:0;top:0;right:0;bottom:0;opacity:0.2;background:rgba(0,0,0,0.5);transition:opacity 0.35s ease-in-out}.wp-block-uagb-image--layout-overlay-link{position:absolute;left:0;right:0;bottom:0;top:0}.wp-block-uagb-image--layout-overlay .wp-block-uagb-image__figure:hover .wp-block-uagb-image--layout-overlay__color-wrapper{opacity:1}.wp-block-uagb-image--layout-overlay__inner{position:absolute;left:15px;right:15px;bottom:15px;top:15px;display:flex;align-items:center;justify-content:center;flex-direction:column;border-color:#fff;transition:0.35s ease-in-out}.wp-block-uagb-image--layout-overlay__inner.top-left,.wp-block-uagb-image--layout-overlay__inner.top-center,.wp-block-uagb-image--layout-overlay__inner.top-right{justify-content:flex-start}.wp-block-uagb-image--layout-overlay__inner.bottom-left,.wp-block-uagb-image--layout-overlay__inner.bottom-center,.wp-block-uagb-image--layout-overlay__inner.bottom-right{justify-content:flex-end}.wp-block-uagb-image--layout-overlay__inner.top-left,.wp-block-uagb-image--layout-overlay__inner.center-left,.wp-block-uagb-image--layout-overlay__inner.bottom-left{align-items:flex-start}.wp-block-uagb-image--layout-overlay__inner.top-right,.wp-block-uagb-image--layout-overlay__inner.center-right,.wp-block-uagb-image--layout-overlay__inner.bottom-right{align-items:flex-end}.wp-block-uagb-image--layout-overlay__inner .uagb-image-heading{color:#fff;transition:transform 0.35s, opacity 0.35s ease-in-out;transform:translate3d(0, 24px, 0);margin:0;line-height:1em}.wp-block-uagb-image--layout-overlay__inner .uagb-image-separator{width:30%;border-top-width:2px;border-top-color:#fff;border-top-style:solid;margin-bottom:10px;opacity:0;transition:transform 0.4s, opacity 0.4s ease-in-out;transform:translate3d(0, 30px, 0)}.wp-block-uagb-image--layout-overlay__inner .uagb-image-caption{opacity:0;overflow:visible;color:#fff;transition:transform 0.45s, opacity 0.45s ease-in-out;transform:translate3d(0, 35px, 0)}.wp-block-uagb-image--layout-overlay__inner:hover .uagb-image-heading,.wp-block-uagb-image--layout-overlay__inner:hover .uagb-image-separator,.wp-block-uagb-image--layout-overlay__inner:hover .uagb-image-caption{opacity:1;transform:translate3d(0, 0, 0)}.wp-block-uagb-image--effect-zoomin .wp-block-uagb-image__figure img,.wp-block-uagb-image--effect-zoomin .wp-block-uagb-image__figure .wp-block-uagb-image--layout-overlay__color-wrapper{transform:scale(1);transition:transform 0.35s ease-in-out}.wp-block-uagb-image--effect-zoomin .wp-block-uagb-image__figure:hover img,.wp-block-uagb-image--effect-zoomin .wp-block-uagb-image__figure:hover .wp-block-uagb-image--layout-overlay__color-wrapper{transform:scale(1.05)}.wp-block-uagb-image--effect-slide .wp-block-uagb-image__figure img,.wp-block-uagb-image--effect-slide .wp-block-uagb-image__figure .wp-block-uagb-image--layout-overlay__color-wrapper{width:calc(100% + 40px) !important;max-width:none !important;transform:translate3d(-40px, 0, 0);transition:transform 0.35s ease-in-out}.wp-block-uagb-image--effect-slide .wp-block-uagb-image__figure:hover img,.wp-block-uagb-image--effect-slide .wp-block-uagb-image__figure:hover .wp-block-uagb-image--layout-overlay__color-wrapper{transform:translate3d(0, 0, 0)}.wp-block-uagb-image--effect-grayscale img{filter:grayscale(0%);transition:0.35s ease-in-out}.wp-block-uagb-image--effect-grayscale:hover img{filter:grayscale(100%)}.wp-block-uagb-image--effect-blur img{filter:blur(0);transition:0.35s ease-in-out}.wp-block-uagb-image--effect-blur:hover img{filter:blur(3px)}\n.uagb-block-e6f939b3.wp-block-uagb-image--layout-default figure img{box-shadow: 0px 0px 0 #00000070;}.uagb-block-e6f939b3.wp-block-uagb-image .wp-block-uagb-image__figure figcaption{font-style: normal;align-self: center;}.uagb-block-e6f939b3.wp-block-uagb-image--layout-overlay figure img{box-shadow: 0px 0px 0 #00000070;}.uagb-block-e6f939b3.wp-block-uagb-image--layout-overlay .wp-block-uagb-image--layout-overlay__color-wrapper{opacity: 0.2;}.uagb-block-e6f939b3.wp-block-uagb-image--layout-overlay .wp-block-uagb-image--layout-overlay__inner{left: 15px;right: 15px;top: 15px;bottom: 15px;}.uagb-block-e6f939b3.wp-block-uagb-image--layout-overlay .wp-block-uagb-image--layout-overlay__inner .uagb-image-heading{font-style: normal;color: #fff;opacity: 1;}.uagb-block-e6f939b3.wp-block-uagb-image--layout-overlay .wp-block-uagb-image--layout-overlay__inner .uagb-image-heading a{color: #fff;}.uagb-block-e6f939b3.wp-block-uagb-image--layout-overlay .wp-block-uagb-image--layout-overlay__inner .uagb-image-caption{opacity: 0;}.uagb-block-e6f939b3.wp-block-uagb-image--layout-overlay .wp-block-uagb-image__figure:hover .wp-block-uagb-image--layout-overlay__color-wrapper{opacity: 1;}.uagb-block-e6f939b3.wp-block-uagb-image .wp-block-uagb-image--layout-overlay__inner .uagb-image-separator{width: 30%;border-top-width: 2px;border-top-color: #fff;opacity: 0;}.uagb-block-e6f939b3.wp-block-uagb-image .wp-block-uagb-image__figure img{width: px;height: auto;}.uagb-block-e6f939b3.wp-block-uagb-image .wp-block-uagb-image__figure:hover .wp-block-uagb-image--layout-overlay__inner .uagb-image-caption{opacity: 1;}.uagb-block-e6f939b3.wp-block-uagb-image .wp-block-uagb-image__figure:hover .wp-block-uagb-image--layout-overlay__inner .uagb-image-separator{opacity: 1;}.uagb-block-e6f939b3.wp-block-uagb-image--layout-default figure:hover img{box-shadow: 0px 0px 0 #00000070;}.uagb-block-e6f939b3.wp-block-uagb-image--layout-overlay figure:hover img{box-shadow: 0px 0px 0 #00000070;}@media only screen and (max-width: 976px) {.uagb-block-e6f939b3.wp-block-uagb-image .wp-block-uagb-image__figure img{width: px;height: auto;}}@media only screen and (max-width: 767px) {.uagb-block-e6f939b3.wp-block-uagb-image .wp-block-uagb-image__figure img{width: px;height: auto;}}\";s:2:\"js\";s:0:\"\";s:18:\"current_block_list\";a:13:{i:0;s:11:\"core\/search\";i:1;s:10:\"core\/group\";i:2;s:12:\"core\/heading\";i:3;s:17:\"core\/latest-posts\";i:4;s:20:\"core\/latest-comments\";i:5;s:13:\"core\/archives\";i:6;s:15:\"core\/categories\";i:7;s:14:\"core\/paragraph\";i:8;s:10:\"uagb\/image\";i:9;s:11:\"core\/spacer\";i:10;s:30:\"woocommerce\/product-categories\";i:11;s:10:\"core\/image\";i:12;s:14:\"core\/shortcode\";}s:8:\"uag_flag\";b:1;s:11:\"uag_version\";s:10:\"1776746291\";s:6:\"gfonts\";a:0:{}s:10:\"gfonts_url\";s:0:\"\";s:12:\"gfonts_files\";a:0:{}s:14:\"uag_faq_layout\";b:0;}"]},"uagb_featured_image_src":{"full":["https:\/\/www.noleaky.com\/wp-content\/uploads\/2025\/06\/2.f.Particulate-filter-_-turbo-cleaner_4000x4000_7a6e58d8-cefd-4b95-9bed-681dabdf47fb.png",2560,2560,false],"thumbnail":["https:\/\/www.noleaky.com\/wp-content\/uploads\/2025\/06\/2.f.Particulate-filter-_-turbo-cleaner_4000x4000_7a6e58d8-cefd-4b95-9bed-681dabdf47fb-150x150.png",150,150,true],"medium":["https:\/\/www.noleaky.com\/wp-content\/uploads\/2025\/06\/2.f.Particulate-filter-_-turbo-cleaner_4000x4000_7a6e58d8-cefd-4b95-9bed-681dabdf47fb-300x300.png",300,300,true],"medium_large":["https:\/\/www.noleaky.com\/wp-content\/uploads\/2025\/06\/2.f.Particulate-filter-_-turbo-cleaner_4000x4000_7a6e58d8-cefd-4b95-9bed-681dabdf47fb-768x768.png",768,768,true],"large":["https:\/\/www.noleaky.com\/wp-content\/uploads\/2025\/06\/2.f.Particulate-filter-_-turbo-cleaner_4000x4000_7a6e58d8-cefd-4b95-9bed-681dabdf47fb-1024x1024.png",1024,1024,true],"1536x1536":["https:\/\/www.noleaky.com\/wp-content\/uploads\/2025\/06\/2.f.Particulate-filter-_-turbo-cleaner_4000x4000_7a6e58d8-cefd-4b95-9bed-681dabdf47fb-1536x1536.png",1536,1536,true],"2048x2048":["https:\/\/www.noleaky.com\/wp-content\/uploads\/2025\/06\/2.f.Particulate-filter-_-turbo-cleaner_4000x4000_7a6e58d8-cefd-4b95-9bed-681dabdf47fb-2048x2048.png",2048,2048,true],"trp-custom-language-flag":["https:\/\/www.noleaky.com\/wp-content\/uploads\/2025\/06\/2.f.Particulate-filter-_-turbo-cleaner_4000x4000_7a6e58d8-cefd-4b95-9bed-681dabdf47fb-12x12.png",12,12,true],"woocommerce_thumbnail":["https:\/\/www.noleaky.com\/wp-content\/uploads\/2025\/06\/2.f.Particulate-filter-_-turbo-cleaner_4000x4000_7a6e58d8-cefd-4b95-9bed-681dabdf47fb-300x300.png",300,300,true],"woocommerce_single":["https:\/\/www.noleaky.com\/wp-content\/uploads\/2025\/06\/2.f.Particulate-filter-_-turbo-cleaner_4000x4000_7a6e58d8-cefd-4b95-9bed-681dabdf47fb-600x600.png",600,600,true],"woocommerce_gallery_thumbnail":["https:\/\/www.noleaky.com\/wp-content\/uploads\/2025\/06\/2.f.Particulate-filter-_-turbo-cleaner_4000x4000_7a6e58d8-cefd-4b95-9bed-681dabdf47fb-100x100.png",100,100,true]},"uagb_author_info":{"display_name":"admin","author_link":"https:\/\/www.noleaky.com\/pl\/author\/"},"uagb_comment_info":72,"uagb_excerpt":"Deeply cleans the diesel particulate filter and turbocharger in one single treatment. Our diesel particulate filter and turbocharger cleaner is specially formulated to remove soot, carbon deposits, and combustion residues that accumulate in the diesel particulate filter and turbo system. It works through the fuel system to clean critical components progressively while you drive, restoring&hellip;","_links":{"self":[{"href":"https:\/\/www.noleaky.com\/pl\/wp-json\/wp\/v2\/product\/22985","targetHints":{"allow":["GET"]}}],"collection":[{"href":"https:\/\/www.noleaky.com\/pl\/wp-json\/wp\/v2\/product"}],"about":[{"href":"https:\/\/www.noleaky.com\/pl\/wp-json\/wp\/v2\/types\/product"}],"replies":[{"embeddable":true,"href":"https:\/\/www.noleaky.com\/pl\/wp-json\/wp\/v2\/comments?post=22985"}],"version-history":[{"count":4,"href":"https:\/\/www.noleaky.com\/pl\/wp-json\/wp\/v2\/product\/22985\/revisions"}],"predecessor-version":[{"id":33295,"href":"https:\/\/www.noleaky.com\/pl\/wp-json\/wp\/v2\/product\/22985\/revisions\/33295"}],"wp:featuredmedia":[{"embeddable":true,"href":"https:\/\/www.noleaky.com\/pl\/wp-json\/wp\/v2\/media\/23035"}],"wp:attachment":[{"href":"https:\/\/www.noleaky.com\/pl\/wp-json\/wp\/v2\/media?parent=22985"}],"wp:term":[{"taxonomy":"product_brand","embeddable":true,"href":"https:\/\/www.noleaky.com\/pl\/wp-json\/wp\/v2\/product_brand?post=22985"},{"taxonomy":"product_cat","embeddable":true,"href":"https:\/\/www.noleaky.com\/pl\/wp-json\/wp\/v2\/product_cat?post=22985"},{"taxonomy":"product_tag","embeddable":true,"href":"https:\/\/www.noleaky.com\/pl\/wp-json\/wp\/v2\/product_tag?post=22985"}],"curies":[{"name":"wp","href":"https:\/\/api.w.org\/{rel}","templated":true}]}}