{"id":22980,"date":"2025-06-02T15:48:56","date_gmt":"2025-06-02T13:48:56","guid":{"rendered":"https:\/\/www.noleaky.com\/products\/cleaner\/"},"modified":"2026-03-01T17:11:08","modified_gmt":"2026-03-01T16:11:08","slug":"cleaner","status":"publish","type":"product","link":"https:\/\/www.noleaky.com\/pl\/products\/cleaner\/","title":{"rendered":"\u015arodek do czyszczenia bojlera"},"content":{"rendered":"<p><strong><img decoding=\"async\" style=\"margin-right: 12px;\" src=\"https:\/\/www.noleaky.com\/wp-content\/uploads\/2026\/02\/Check.svg\" alt=\"\" width=\"18\" height=\"15\" \/>G\u0142\u0119boko czy\u015bci ca\u0142y system grzewczy, zapewniaj\u0105c maksymaln\u0105 wydajno\u015b\u0107.<\/strong> Nasz \u015brodek do czyszczenia kot\u0142\u00f3w zosta\u0142 specjalnie opracowany w celu usuwania szlamu, rdzy, gruzu i osad\u00f3w wewn\u0119trznych, kt\u00f3re gromadz\u0105 si\u0119 wewn\u0105trz kot\u0142\u00f3w, grzejnik\u00f3w i rur. Przywraca prawid\u0142ow\u0105 cyrkulacj\u0119 wody i wymian\u0119 ciep\u0142a, pozwalaj\u0105c systemowi grzewczemu dzia\u0142a\u0107 jak najlepiej.<\/p>\n<p><strong><img decoding=\"async\" style=\"margin-right: 12px;\" src=\"https:\/\/www.noleaky.com\/wp-content\/uploads\/2026\/02\/Check.svg\" alt=\"\" width=\"18\" height=\"15\" \/>Najskuteczniejsze rozwi\u0105zanie do czyszczenia centralnego ogrzewania na rynku.<\/strong> Dzi\u0119ki silnym \u015brodkom dysperguj\u0105cym i czyszcz\u0105cym, formu\u0142a ta rozbija uporczywy osad i pozosta\u0142o\u015bci korozji szybciej i dok\u0142adniej ni\u017c konwencjonalne \u015brodki czyszcz\u0105ce. Ukierunkowana jest na pierwotne przyczyny s\u0142abej cyrkulacji i nier\u00f3wnomiernego ogrzewania.<\/p>\n<p><strong><img decoding=\"async\" style=\"margin-right: 12px;\" src=\"https:\/\/www.noleaky.com\/wp-content\/uploads\/2026\/02\/Check.svg\" alt=\"\" width=\"18\" height=\"15\" \/>Najta\u0144szy dost\u0119pny profesjonalny \u015brodek do czyszczenia kot\u0142\u00f3w.<\/strong> Oferujemy najwy\u017csz\u0105 wydajno\u015b\u0107 w najbardziej konkurencyjnej cenie. Zamiast p\u0142aci\u0107 za drogie us\u0142ugi p\u0142ukania systemu, mo\u017cesz osi\u0105gn\u0105\u0107 doskona\u0142e wyniki czyszczenia w spos\u00f3b ekonomiczny i wydajny.<\/p>\n<p><strong><img decoding=\"async\" style=\"margin-right: 12px;\" src=\"https:\/\/www.noleaky.com\/wp-content\/uploads\/2026\/02\/Check.svg\" alt=\"\" width=\"18\" height=\"15\" \/>24-godzinna dostawa zapewniaj\u0105ca szybk\u0105 konserwacj\u0119 systemu.<\/strong> Gwarantujemy dostaw\u0119 w ci\u0105gu 24 godzin, dzi\u0119ki czemu mo\u017cna bezzw\u0142ocznie zaj\u0105\u0107 si\u0119 problemem nieefektywnego ogrzewania. Szybka wysy\u0142ka zapewnia natychmiastowe rozpocz\u0119cie czyszczenia kot\u0142a.<\/p>\n<p><strong><img decoding=\"async\" style=\"margin-right: 12px;\" src=\"https:\/\/www.noleaky.com\/wp-content\/uploads\/2026\/02\/Check.svg\" alt=\"\" width=\"18\" height=\"15\" \/>Gwarancja zwrotu pieni\u0119dzy dla pe\u0142nego zaufania.<\/strong> Oferujemy pe\u0142n\u0105 gwarancj\u0119 zwrotu pieni\u0119dzy. Je\u015bli nie b\u0119dziesz w pe\u0142ni usatysfakcjonowany wynikami naszego \u015brodka do czyszczenia kot\u0142\u00f3w, zwr\u00f3cimy Ci pieni\u0105dze za zakup. Twoje zam\u00f3wienie jest ca\u0142kowicie wolne od ryzyka.<\/p>\n<p><strong><img decoding=\"async\" style=\"margin-right: 12px;\" src=\"https:\/\/www.noleaky.com\/wp-content\/uploads\/2026\/02\/Check.svg\" alt=\"\" width=\"18\" height=\"15\" \/>Poprawia dystrybucj\u0119 ciep\u0142a i wydajno\u015b\u0107 ch\u0142odnicy.<\/strong> Usuwaj\u0105c nagromadzony osad, produkt przywraca zr\u00f3wnowa\u017cony przep\u0142yw ciep\u0142a w ca\u0142ym uk\u0142adzie. Ch\u0142odnice nagrzewaj\u0105 si\u0119 bardziej r\u00f3wnomiernie, a zimne punkty s\u0105 znacznie zredukowane.<\/p>\n<p><strong><img decoding=\"async\" style=\"margin-right: 12px;\" src=\"https:\/\/www.noleaky.com\/wp-content\/uploads\/2026\/02\/Check.svg\" alt=\"\" width=\"18\" height=\"15\" \/>Zmniejsza zu\u017cycie energii i koszty ogrzewania.<\/strong> Czysty system grzewczy przekazuje ciep\u0142o bardziej efektywnie, co oznacza, \u017ce kocio\u0142 pracuje mniej, aby osi\u0105gn\u0105\u0107 po\u017c\u0105dan\u0105 temperatur\u0119. Mo\u017ce to pom\u00f3c obni\u017cy\u0107 og\u00f3lne rachunki za energi\u0119.<\/p>\n<p><strong><img decoding=\"async\" style=\"margin-right: 12px;\" src=\"https:\/\/www.noleaky.com\/wp-content\/uploads\/2026\/02\/Check.svg\" alt=\"\" width=\"18\" height=\"15\" \/>Wyd\u0142u\u017ca \u017cywotno\u015b\u0107 kot\u0142a i jego komponent\u00f3w.<\/strong> Osad i korozja zwi\u0119kszaj\u0105 zu\u017cycie pomp, zawor\u00f3w i wymiennik\u00f3w ciep\u0142a. Regularne czyszczenie pomaga chroni\u0107 cz\u0119\u015bci wewn\u0119trzne i przed\u0142u\u017cy\u0107 \u017cywotno\u015b\u0107 ca\u0142ej instalacji grzewczej.<\/p>\n<p><strong><img decoding=\"async\" style=\"margin-right: 12px;\" src=\"https:\/\/www.noleaky.com\/wp-content\/uploads\/2026\/02\/Check.svg\" alt=\"\" width=\"18\" height=\"15\" \/>Zapobiega gromadzeniu si\u0119 osad\u00f3w i korozji w przysz\u0142o\u015bci.<\/strong> Opr\u00f3cz czyszczenia, formu\u0142a pomaga rozproszy\u0107 cz\u0105steczki i zminimalizowa\u0107 dalsze gromadzenie si\u0119 osad\u00f3w, utrzymuj\u0105c czystsz\u0105 wod\u0119 w systemie przez d\u0142ugi czas.<\/p>\n<p><strong><img decoding=\"async\" style=\"margin-right: 12px;\" src=\"https:\/\/www.noleaky.com\/wp-content\/uploads\/2026\/02\/Check.svg\" alt=\"\" width=\"18\" height=\"15\" \/>\u0141atwy w u\u017cyciu bez konieczno\u015bci demonta\u017cu ca\u0142ego systemu.<\/strong> Zaprojektowany zar\u00f3wno dla profesjonalist\u00f3w, jak i w\u0142a\u015bcicieli dom\u00f3w, \u015brodek czyszcz\u0105cy mo\u017ce by\u0107 dodawany bezpo\u015brednio do obiegu grzewczego i kr\u0105\u017cy\u0107 normalnie, unikaj\u0105c skomplikowanych procedur lub specjalistycznego sprz\u0119tu.<\/p>\n<h2><strong>Instrukcje<\/strong><\/h2>\n<ul>\n<li>Wy\u0142\u0105cz bojler i pozw\u00f3l systemowi ostygn\u0105\u0107 przed rozpocz\u0119ciem oczyszczania.<\/li>\n<li>Przed u\u017cyciem dok\u0142adnie wstrz\u0105sn\u0105\u0107 pojemnikiem.<\/li>\n<li>Doda\u0107 oko\u0142o 500 ml \u015brodka do czyszczenia kot\u0142\u00f3w do przeci\u0119tnego domowego systemu grzewczego o pojemno\u015bci do 100 litr\u00f3w wody. Dostosuj dozowanie proporcjonalnie dla wi\u0119kszych system\u00f3w.<\/li>\n<li>Wprowadza\u0107 produkt przez ch\u0142odnic\u0119, pojemnik dozuj\u0105cy, filtr magnetyczny lub inny odpowiedni punkt dost\u0119pu.<\/li>\n<li>W razie potrzeby przywr\u00f3ci\u0107 ci\u015bnienie w uk\u0142adzie i ponownie w\u0142\u0105czy\u0107 bojler.<\/li>\n<li>Produkt powinien kr\u0105\u017cy\u0107 w uk\u0142adzie przez co najmniej 1 do 2 godzin. W przypadku mocno zabrudzonych system\u00f3w mo\u017ce on kr\u0105\u017cy\u0107 przez kilka dni przy normalnym trybie ogrzewania.<\/li>\n<li>Po zako\u0144czeniu czyszczenia nale\u017cy dok\u0142adnie opr\u00f3\u017cni\u0107 i przep\u0142uka\u0107 uk\u0142ad czyst\u0105 wod\u0105 w celu usuni\u0119cia rozlu\u017anionego szlamu i zanieczyszcze\u0144.<\/li>\n<li>Po czyszczeniu nale\u017cy ponownie nape\u0142ni\u0107 uk\u0142ad i, je\u015bli jest to zalecane, doda\u0107 odpowiedni inhibitor korozji.<\/li>\n<li>W celu konserwacji zapobiegawczej nale\u017cy u\u017cy\u0107 \u015brodka do czyszczenia bojlera przed instalacj\u0105 nowego bojlera lub co 3 do 5 lat w zale\u017cno\u015bci od stanu systemu.<\/li>\n<li>Produkt nale\u017cy przechowywa\u0107 w ch\u0142odnym i suchym miejscu, niedost\u0119pnym dla dzieci.<\/li>\n<\/ul>","protected":false},"excerpt":{"rendered":"<p>Deeply cleans your entire heating system for maximum efficiency. Our boiler cleaner is specially formulated to remove sludge, rust, debris, and internal deposits that accumulate inside boilers, radiators, and pipework. It restores proper water circulation and heat exchange, allowing your heating system to perform at its best. The most effective central heating cleaning solution on [&hellip;]<\/p>\n","protected":false},"featured_media":23032,"comment_status":"open","ping_status":"closed","template":"","meta":{"_uag_custom_page_level_css":"","site-sidebar-layout":"default","site-content-layout":"","ast-site-content-layout":"default","site-content-style":"default","site-sidebar-style":"default","ast-global-header-display":"","ast-banner-title-visibility":"","ast-main-header-display":"","ast-hfb-above-header-display":"","ast-hfb-below-header-display":"","ast-hfb-mobile-header-display":"","site-post-title":"","ast-breadcrumbs-content":"","ast-featured-img":"","footer-sml-layout":"","ast-disable-related-posts":"","theme-transparent-header-meta":"default","adv-header-id-meta":"","stick-header-meta":"","header-above-stick-meta":"","header-main-stick-meta":"","header-below-stick-meta":"","astra-migrate-meta-layouts":"set","ast-page-background-enabled":"default","ast-page-background-meta":{"desktop":{"background-color":"var(--ast-global-color-4)","background-image":"","background-repeat":"repeat","background-position":"center center","background-size":"auto","background-attachment":"scroll","background-type":"","background-media":"","overlay-type":"","overlay-color":"","overlay-opacity":"","overlay-gradient":""},"tablet":{"background-color":"","background-image":"","background-repeat":"repeat","background-position":"center center","background-size":"auto","background-attachment":"scroll","background-type":"","background-media":"","overlay-type":"","overlay-color":"","overlay-opacity":"","overlay-gradient":""},"mobile":{"background-color":"","background-image":"","background-repeat":"repeat","background-position":"center center","background-size":"auto","background-attachment":"scroll","background-type":"","background-media":"","overlay-type":"","overlay-color":"","overlay-opacity":"","overlay-gradient":""}},"ast-content-background-meta":{"desktop":{"background-color":"var(--ast-global-color-5)","background-image":"","background-repeat":"repeat","background-position":"center center","background-size":"auto","background-attachment":"scroll","background-type":"","background-media":"","overlay-type":"","overlay-color":"","overlay-opacity":"","overlay-gradient":""},"tablet":{"background-color":"var(--ast-global-color-5)","background-image":"","background-repeat":"repeat","background-position":"center center","background-size":"auto","background-attachment":"scroll","background-type":"","background-media":"","overlay-type":"","overlay-color":"","overlay-opacity":"","overlay-gradient":""},"mobile":{"background-color":"var(--ast-global-color-5)","background-image":"","background-repeat":"repeat","background-position":"center center","background-size":"auto","background-attachment":"scroll","background-type":"","background-media":"","overlay-type":"","overlay-color":"","overlay-opacity":"","overlay-gradient":""}}},"product_brand":[],"product_cat":[177],"product_tag":[],"class_list":{"0":"post-22980","1":"product","2":"type-product","3":"status-publish","4":"has-post-thumbnail","6":"product_cat-heating-system","7":"desktop-align-left","8":"tablet-align-left","9":"mobile-align-left","11":"first","12":"instock","13":"sale","14":"taxable","15":"shipping-taxable","16":"purchasable","17":"product-type-variable","18":"has-default-attributes"},"spectra_custom_meta":{"_visibility":["visible"],"_shopify_product_id":["1771050663970"],"_s2w_shopify_domain":["noleaky.myshopify.com"],"_shopify_variant_id":["16277752872994"],"_manage_stock":["no"],"total_sales":["13"],"_tax_status":["taxable"],"_tax_class":[""],"_backorders":["no"],"_sold_individually":["no"],"_virtual":["no"],"_downloadable":["no"],"_download_limit":["-1"],"_download_expiry":["-1"],"_stock":[null],"_stock_status":["instock"],"_wc_average_rating":["4.90"],"_wc_review_count":["82"],"_product_attributes":["a:1:{s:6:\"volume\";a:6:{s:4:\"name\";s:6:\"Volume\";s:5:\"value\";s:30:\"1 liter | 5 liters | 25 liters\";s:8:\"position\";i:1;s:10:\"is_visible\";i:0;s:12:\"is_variation\";i:1;s:11:\"is_taxonomy\";i:0;}}"],"_product_version":["10.5.2"],"_thumbnail_id":["23032"],"_product_image_gallery":["23033"],"_edit_lock":["1772381329:1"],"merchant-center-availability":["yes"],"merchant-center-category":["6773"],"merchant-center-id":["DC"],"_edit_last":["1"],"_wp_page_template":["default"],"site-sidebar-layout":["default"],"ast-site-content-layout":["default"],"site-content-style":["default"],"site-sidebar-style":["default"],"theme-transparent-header-meta":["default"],"_default_attributes":["a:1:{s:6:\"volume\";s:7:\"1 liter\";}"],"_price":["29.90","99.90","29990"],"_wc_rating_count":["a:2:{i:4;i:8;i:5;i:74;}"],"_upsell_ids":["a:3:{i:0;i:23018;i:1;i:23004;i:2;i:23007;}"],"_crosssell_ids":["a:3:{i:0;i:23018;i:1;i:23004;i:2;i:23007;}"],"astra-migrate-meta-layouts":["set"],"_uag_css_file_name":["uag-css-22980.css"],"_elementor_page_assets":["a:0:{}"],"_uag_page_assets":["a:9:{s:3:\"css\";s:7133:\".uag-blocks-common-selector{z-index:var(--z-index-desktop) !important}@media(max-width: 976px){.uag-blocks-common-selector{z-index:var(--z-index-tablet) !important}}@media(max-width: 767px){.uag-blocks-common-selector{z-index:var(--z-index-mobile) !important}}.wp-block-uagb-image{display:flex}.wp-block-uagb-image__figure{position:relative;display:flex;flex-direction:column;max-width:100%;height:auto;margin:0}.wp-block-uagb-image__figure img{height:auto;display:flex;max-width:100%;transition:box-shadow .2s ease}.wp-block-uagb-image__figure>a{display:inline-block}.wp-block-uagb-image__figure figcaption{text-align:center;margin-top:.5em;margin-bottom:1em}.wp-block-uagb-image .components-placeholder.block-editor-media-placeholder .components-placeholder__instructions{align-self:center}.wp-block-uagb-image--align-left{text-align:left}.wp-block-uagb-image--align-right{text-align:right}.wp-block-uagb-image--align-center{text-align:center}.wp-block-uagb-image--align-full .wp-block-uagb-image__figure{margin-left:calc(50% - 50vw);margin-right:calc(50% - 50vw);max-width:100vw;width:100vw;height:auto}.wp-block-uagb-image--align-full .wp-block-uagb-image__figure img{height:auto;width:100% !important}.wp-block-uagb-image--align-wide .wp-block-uagb-image__figure img{height:auto;width:100%}.wp-block-uagb-image--layout-overlay__color-wrapper{position:absolute;left:0;top:0;right:0;bottom:0;opacity:.2;background:rgba(0,0,0,.5);transition:opacity .35s ease-in-out}.wp-block-uagb-image--layout-overlay-link{position:absolute;left:0;right:0;bottom:0;top:0}.wp-block-uagb-image--layout-overlay .wp-block-uagb-image__figure:hover .wp-block-uagb-image--layout-overlay__color-wrapper{opacity:1}.wp-block-uagb-image--layout-overlay__inner{position:absolute;left:15px;right:15px;bottom:15px;top:15px;display:flex;align-items:center;justify-content:center;flex-direction:column;border-color:#fff;transition:.35s ease-in-out}.wp-block-uagb-image--layout-overlay__inner.top-left,.wp-block-uagb-image--layout-overlay__inner.top-center,.wp-block-uagb-image--layout-overlay__inner.top-right{justify-content:flex-start}.wp-block-uagb-image--layout-overlay__inner.bottom-left,.wp-block-uagb-image--layout-overlay__inner.bottom-center,.wp-block-uagb-image--layout-overlay__inner.bottom-right{justify-content:flex-end}.wp-block-uagb-image--layout-overlay__inner.top-left,.wp-block-uagb-image--layout-overlay__inner.center-left,.wp-block-uagb-image--layout-overlay__inner.bottom-left{align-items:flex-start}.wp-block-uagb-image--layout-overlay__inner.top-right,.wp-block-uagb-image--layout-overlay__inner.center-right,.wp-block-uagb-image--layout-overlay__inner.bottom-right{align-items:flex-end}.wp-block-uagb-image--layout-overlay__inner .uagb-image-heading{color:#fff;transition:transform .35s,opacity .35s ease-in-out;transform:translate3d(0, 24px, 0);margin:0;line-height:1em}.wp-block-uagb-image--layout-overlay__inner .uagb-image-separator{width:30%;border-top-width:2px;border-top-color:#fff;border-top-style:solid;margin-bottom:10px;opacity:0;transition:transform .4s,opacity .4s ease-in-out;transform:translate3d(0, 30px, 0)}.wp-block-uagb-image--layout-overlay__inner .uagb-image-caption{opacity:0;overflow:visible;color:#fff;transition:transform .45s,opacity .45s ease-in-out;transform:translate3d(0, 35px, 0)}.wp-block-uagb-image--layout-overlay__inner:hover .uagb-image-heading,.wp-block-uagb-image--layout-overlay__inner:hover .uagb-image-separator,.wp-block-uagb-image--layout-overlay__inner:hover .uagb-image-caption{opacity:1;transform:translate3d(0, 0, 0)}.wp-block-uagb-image--effect-zoomin .wp-block-uagb-image__figure img,.wp-block-uagb-image--effect-zoomin .wp-block-uagb-image__figure .wp-block-uagb-image--layout-overlay__color-wrapper{transform:scale(1);transition:transform .35s ease-in-out}.wp-block-uagb-image--effect-zoomin .wp-block-uagb-image__figure:hover img,.wp-block-uagb-image--effect-zoomin .wp-block-uagb-image__figure:hover .wp-block-uagb-image--layout-overlay__color-wrapper{transform:scale(1.05)}.wp-block-uagb-image--effect-slide .wp-block-uagb-image__figure img,.wp-block-uagb-image--effect-slide .wp-block-uagb-image__figure .wp-block-uagb-image--layout-overlay__color-wrapper{width:calc(100% + 40px) !important;max-width:none !important;transform:translate3d(-40px, 0, 0);transition:transform .35s ease-in-out}.wp-block-uagb-image--effect-slide .wp-block-uagb-image__figure:hover img,.wp-block-uagb-image--effect-slide .wp-block-uagb-image__figure:hover .wp-block-uagb-image--layout-overlay__color-wrapper{transform:translate3d(0, 0, 0)}.wp-block-uagb-image--effect-grayscale img{filter:grayscale(0%);transition:.35s ease-in-out}.wp-block-uagb-image--effect-grayscale:hover img{filter:grayscale(100%)}.wp-block-uagb-image--effect-blur img{filter:blur(0);transition:.35s ease-in-out}.wp-block-uagb-image--effect-blur:hover img{filter:blur(3px)}.uagb-block-e6f939b3.wp-block-uagb-image--layout-default figure img{box-shadow: 0px 0px 0 #00000070;}.uagb-block-e6f939b3.wp-block-uagb-image .wp-block-uagb-image__figure figcaption{font-style: normal;align-self: center;}.uagb-block-e6f939b3.wp-block-uagb-image--layout-overlay figure img{box-shadow: 0px 0px 0 #00000070;}.uagb-block-e6f939b3.wp-block-uagb-image--layout-overlay .wp-block-uagb-image--layout-overlay__color-wrapper{opacity: 0.2;}.uagb-block-e6f939b3.wp-block-uagb-image--layout-overlay .wp-block-uagb-image--layout-overlay__inner{left: 15px;right: 15px;top: 15px;bottom: 15px;}.uagb-block-e6f939b3.wp-block-uagb-image--layout-overlay .wp-block-uagb-image--layout-overlay__inner .uagb-image-heading{font-style: normal;color: #fff;opacity: 1;}.uagb-block-e6f939b3.wp-block-uagb-image--layout-overlay .wp-block-uagb-image--layout-overlay__inner .uagb-image-heading a{color: #fff;}.uagb-block-e6f939b3.wp-block-uagb-image--layout-overlay .wp-block-uagb-image--layout-overlay__inner .uagb-image-caption{opacity: 0;}.uagb-block-e6f939b3.wp-block-uagb-image--layout-overlay .wp-block-uagb-image__figure:hover .wp-block-uagb-image--layout-overlay__color-wrapper{opacity: 1;}.uagb-block-e6f939b3.wp-block-uagb-image .wp-block-uagb-image--layout-overlay__inner .uagb-image-separator{width: 30%;border-top-width: 2px;border-top-color: #fff;opacity: 0;}.uagb-block-e6f939b3.wp-block-uagb-image .wp-block-uagb-image__figure img{width: px;height: auto;}.uagb-block-e6f939b3.wp-block-uagb-image .wp-block-uagb-image__figure:hover .wp-block-uagb-image--layout-overlay__inner .uagb-image-caption{opacity: 1;}.uagb-block-e6f939b3.wp-block-uagb-image .wp-block-uagb-image__figure:hover .wp-block-uagb-image--layout-overlay__inner .uagb-image-separator{opacity: 1;}.uagb-block-e6f939b3.wp-block-uagb-image--layout-default figure:hover img{box-shadow: 0px 0px 0 #00000070;}.uagb-block-e6f939b3.wp-block-uagb-image--layout-overlay figure:hover img{box-shadow: 0px 0px 0 #00000070;}@media only screen and (max-width: 976px) {.uagb-block-e6f939b3.wp-block-uagb-image .wp-block-uagb-image__figure img{width: px;height: auto;}}@media only screen and (max-width: 767px) {.uagb-block-e6f939b3.wp-block-uagb-image .wp-block-uagb-image__figure img{width: px;height: auto;}}\";s:2:\"js\";s:0:\"\";s:18:\"current_block_list\";a:13:{i:0;s:11:\"core\/search\";i:1;s:10:\"core\/group\";i:2;s:12:\"core\/heading\";i:3;s:17:\"core\/latest-posts\";i:4;s:20:\"core\/latest-comments\";i:5;s:13:\"core\/archives\";i:6;s:15:\"core\/categories\";i:7;s:14:\"core\/paragraph\";i:8;s:10:\"uagb\/image\";i:9;s:11:\"core\/spacer\";i:10;s:30:\"woocommerce\/product-categories\";i:11;s:10:\"core\/image\";i:12;s:14:\"core\/shortcode\";}s:8:\"uag_flag\";b:1;s:11:\"uag_version\";s:10:\"1777571762\";s:6:\"gfonts\";a:0:{}s:10:\"gfonts_url\";s:0:\"\";s:12:\"gfonts_files\";a:0:{}s:14:\"uag_faq_layout\";b:0;}"]},"uagb_featured_image_src":{"full":["https:\/\/www.noleaky.com\/wp-content\/uploads\/2025\/06\/Cleaner5liters.jpg",2560,2560,false],"thumbnail":["https:\/\/www.noleaky.com\/wp-content\/uploads\/2025\/06\/Cleaner5liters-150x150.jpg",150,150,true],"medium":["https:\/\/www.noleaky.com\/wp-content\/uploads\/2025\/06\/Cleaner5liters-300x300.jpg",300,300,true],"medium_large":["https:\/\/www.noleaky.com\/wp-content\/uploads\/2025\/06\/Cleaner5liters-768x768.jpg",768,768,true],"large":["https:\/\/www.noleaky.com\/wp-content\/uploads\/2025\/06\/Cleaner5liters-1024x1024.jpg",1024,1024,true],"1536x1536":["https:\/\/www.noleaky.com\/wp-content\/uploads\/2025\/06\/Cleaner5liters-1536x1536.jpg",1536,1536,true],"2048x2048":["https:\/\/www.noleaky.com\/wp-content\/uploads\/2025\/06\/Cleaner5liters-2048x2048.jpg",2048,2048,true],"trp-custom-language-flag":["https:\/\/www.noleaky.com\/wp-content\/uploads\/2025\/06\/Cleaner5liters-12x12.jpg",12,12,true],"woocommerce_thumbnail":["https:\/\/www.noleaky.com\/wp-content\/uploads\/2025\/06\/Cleaner5liters-300x300.jpg",300,300,true],"woocommerce_single":["https:\/\/www.noleaky.com\/wp-content\/uploads\/2025\/06\/Cleaner5liters-600x600.jpg",600,600,true],"woocommerce_gallery_thumbnail":["https:\/\/www.noleaky.com\/wp-content\/uploads\/2025\/06\/Cleaner5liters-100x100.jpg",100,100,true]},"uagb_author_info":{"display_name":"admin","author_link":"https:\/\/www.noleaky.com\/pl\/author\/"},"uagb_comment_info":82,"uagb_excerpt":"Deeply cleans your entire heating system for maximum efficiency. Our boiler cleaner is specially formulated to remove sludge, rust, debris, and internal deposits that accumulate inside boilers, radiators, and pipework. It restores proper water circulation and heat exchange, allowing your heating system to perform at its best. The most effective central heating cleaning solution on&hellip;","_links":{"self":[{"href":"https:\/\/www.noleaky.com\/pl\/wp-json\/wp\/v2\/product\/22980","targetHints":{"allow":["GET"]}}],"collection":[{"href":"https:\/\/www.noleaky.com\/pl\/wp-json\/wp\/v2\/product"}],"about":[{"href":"https:\/\/www.noleaky.com\/pl\/wp-json\/wp\/v2\/types\/product"}],"replies":[{"embeddable":true,"href":"https:\/\/www.noleaky.com\/pl\/wp-json\/wp\/v2\/comments?post=22980"}],"version-history":[{"count":6,"href":"https:\/\/www.noleaky.com\/pl\/wp-json\/wp\/v2\/product\/22980\/revisions"}],"predecessor-version":[{"id":33299,"href":"https:\/\/www.noleaky.com\/pl\/wp-json\/wp\/v2\/product\/22980\/revisions\/33299"}],"wp:featuredmedia":[{"embeddable":true,"href":"https:\/\/www.noleaky.com\/pl\/wp-json\/wp\/v2\/media\/23032"}],"wp:attachment":[{"href":"https:\/\/www.noleaky.com\/pl\/wp-json\/wp\/v2\/media?parent=22980"}],"wp:term":[{"taxonomy":"product_brand","embeddable":true,"href":"https:\/\/www.noleaky.com\/pl\/wp-json\/wp\/v2\/product_brand?post=22980"},{"taxonomy":"product_cat","embeddable":true,"href":"https:\/\/www.noleaky.com\/pl\/wp-json\/wp\/v2\/product_cat?post=22980"},{"taxonomy":"product_tag","embeddable":true,"href":"https:\/\/www.noleaky.com\/pl\/wp-json\/wp\/v2\/product_tag?post=22980"}],"curies":[{"name":"wp","href":"https:\/\/api.w.org\/{rel}","templated":true}]}}