{"id":22975,"date":"2025-06-02T15:48:54","date_gmt":"2025-06-02T13:48:54","guid":{"rendered":"https:\/\/www.noleaky.com\/products\/5-in-1-engine-cleaner\/"},"modified":"2026-03-01T17:14:41","modified_gmt":"2026-03-01T16:14:41","slug":"5-in-1-engine-cleaner","status":"publish","type":"product","link":"https:\/\/www.noleaky.com\/pl\/products\/5-in-1-engine-cleaner\/","title":{"rendered":"\u015arodek do czyszczenia silnika 5 w 1"},"content":{"rendered":"<p><strong><img decoding=\"async\" style=\"margin-right: 12px;\" src=\"https:\/\/www.noleaky.com\/wp-content\/uploads\/2026\/02\/Check.svg\" alt=\"\" width=\"18\" height=\"15\" \/>Czy\u015bci i chroni silnik dzi\u0119ki pi\u0119ciu silnym dzia\u0142aniom w jednym zabiegu.<\/strong> Nasz \u015brodek do czyszczenia silnika 5 w 1 zosta\u0142 specjalnie zaprojektowany do jednoczesnego czyszczenia wtryskiwaczy, zawor\u00f3w dolotowych, kom\u00f3r spalania, element\u00f3w turbo i uk\u0142adu paliwowego. Usuwa szkodliwe osady, jednocze\u015bnie poprawiaj\u0105c og\u00f3ln\u0105 wydajno\u015b\u0107 silnika, co czyni go kompletnym rozwi\u0105zaniem konserwacyjnym w jednej butelce.<\/p>\n<p><strong><img decoding=\"async\" style=\"margin-right: 12px;\" src=\"https:\/\/www.noleaky.com\/wp-content\/uploads\/2026\/02\/Check.svg\" alt=\"\" width=\"18\" height=\"15\" \/>Najskuteczniejsza na rynku formu\u0142a wielozadaniowego czyszczenia silnika.<\/strong> Dzi\u0119ki zaawansowanemu detergentowi i technologii poprawiaj\u0105cej spalanie, produkt ten penetruje i rozpuszcza nagar szybciej i dok\u0142adniej ni\u017c standardowe dodatki do paliwa. Przywraca wydajno\u015b\u0107 silnika od wewn\u0105trz.<\/p>\n<p><strong><img decoding=\"async\" style=\"margin-right: 12px;\" src=\"https:\/\/www.noleaky.com\/wp-content\/uploads\/2026\/02\/Check.svg\" alt=\"\" width=\"18\" height=\"15\" \/>Najta\u0144sze dost\u0119pne profesjonalne rozwi\u0105zanie typu \"wszystko w jednym\".<\/strong> Oferujemy najwy\u017csz\u0105 wydajno\u015b\u0107 w najbardziej konkurencyjnej cenie. Zamiast kupowa\u0107 kilka oddzielnych produkt\u00f3w, otrzymujesz pi\u0119\u0107 podstawowych funkcji czyszczenia w jednym produkcie w przyst\u0119pnej cenie.<\/p>\n<p><strong><img decoding=\"async\" style=\"margin-right: 12px;\" src=\"https:\/\/www.noleaky.com\/wp-content\/uploads\/2026\/02\/Check.svg\" alt=\"\" width=\"18\" height=\"15\" \/>24-godzinna dostawa na potrzeby natychmiastowej konserwacji.<\/strong> Gwarantujemy 24-godzinn\u0105 dostaw\u0119, aby\u015b m\u00f3g\u0142 szybko i bezzw\u0142ocznie rozwi\u0105za\u0107 problemy z wydajno\u015bci\u0105, takie jak nier\u00f3wna praca na biegu ja\u0142owym, zmniejszona moc lub zwi\u0119kszone zu\u017cycie paliwa.<\/p>\n<p><strong><img decoding=\"async\" style=\"margin-right: 12px;\" src=\"https:\/\/www.noleaky.com\/wp-content\/uploads\/2026\/02\/Check.svg\" alt=\"\" width=\"18\" height=\"15\" \/>Gwarancja zwrotu pieni\u0119dzy dla pe\u0142nego spokoju ducha.<\/strong> Oferujemy pe\u0142n\u0105 gwarancj\u0119 zwrotu pieni\u0119dzy. Je\u015bli nie b\u0119dziesz w pe\u0142ni usatysfakcjonowany efektami dzia\u0142ania naszego \u015brodka do czyszczenia silnik\u00f3w 5 w 1, zwr\u00f3cimy Ci pieni\u0105dze za zakup. Twoja inwestycja jest ca\u0142kowicie wolna od ryzyka.<\/p>\n<p><strong><img decoding=\"async\" style=\"margin-right: 12px;\" src=\"https:\/\/www.noleaky.com\/wp-content\/uploads\/2026\/02\/Check.svg\" alt=\"\" width=\"18\" height=\"15\" \/>Przywraca moc silnika i przyspieszenie.<\/strong> Usuwaj\u0105c osady w\u0119glowe z kluczowych komponent\u00f3w, produkt poprawia przep\u0142yw powietrza i jako\u015b\u0107 spalania, pomagaj\u0105c odzyska\u0107 utracon\u0105 moc i p\u0142ynniejsz\u0105 reakcj\u0119 przepustnicy.<\/p>\n<p><strong><img decoding=\"async\" style=\"margin-right: 12px;\" src=\"https:\/\/www.noleaky.com\/wp-content\/uploads\/2026\/02\/Check.svg\" alt=\"\" width=\"18\" height=\"15\" \/>Poprawia wydajno\u015b\u0107 paliwow\u0105 i zmniejsza zu\u017cycie paliwa.<\/strong> Czystsze wtryskiwacze i zoptymalizowane spalanie pozwalaj\u0105 silnikowi spala\u0107 paliwo bardziej efektywnie, co mo\u017ce obni\u017cy\u0107 zu\u017cycie paliwa i zmniejszy\u0107 koszty operacyjne.<\/p>\n<p><strong><img decoding=\"async\" style=\"margin-right: 12px;\" src=\"https:\/\/www.noleaky.com\/wp-content\/uploads\/2026\/02\/Check.svg\" alt=\"\" width=\"18\" height=\"15\" \/>Zmniejsza emisj\u0119 spalin i dymu.<\/strong> Promuj\u0105c czystsze spalanie i usuwaj\u0105c nagromadzon\u0105 sadz\u0119, formu\u0142a pomaga obni\u017cy\u0107 szkodliwe emisje i widoczny dym, przyczyniaj\u0105c si\u0119 do czystszego uk\u0142adu wydechowego.<\/p>\n<p><strong><img decoding=\"async\" style=\"margin-right: 12px;\" src=\"https:\/\/www.noleaky.com\/wp-content\/uploads\/2026\/02\/Check.svg\" alt=\"\" width=\"18\" height=\"15\" \/>Wyd\u0142u\u017ca \u017cywotno\u015b\u0107 silnika i zmniejsza jego zu\u017cycie.<\/strong> Osady w\u0119glowe zwi\u0119kszaj\u0105 tarcie i nier\u00f3wnomierne spalanie. Regularne stosowanie naszego \u015brodka czyszcz\u0105cego 5 w 1 pomaga utrzyma\u0107 p\u0142ynniejsz\u0105 prac\u0119, chroni\u0105c elementy wewn\u0119trzne przed przedwczesnym zu\u017cyciem.<\/p>\n<p><strong><img decoding=\"async\" style=\"margin-right: 12px;\" src=\"https:\/\/www.noleaky.com\/wp-content\/uploads\/2026\/02\/Check.svg\" alt=\"\" width=\"18\" height=\"15\" \/>\u0141atwa aplikacja w zbiorniku zapewnia profesjonalne rezultaty.<\/strong> Zaprojektowany z my\u015bl\u0105 o wygodzie, produkt jest po prostu dodawany do zbiornika paliwa i dzia\u0142a automatycznie podczas normalnej jazdy, nie wymagaj\u0105c specjalnych narz\u0119dzi ani mechanicznego demonta\u017cu.<\/p>\n<h2><strong>Instrukcje<\/strong><\/h2>\n<ul>\n<li>Przed dodaniem produktu nale\u017cy upewni\u0107 si\u0119, \u017ce poziom paliwa jest niski (najlepiej poni\u017cej jednej czwartej zbiornika).<\/li>\n<li>Przed u\u017cyciem dok\u0142adnie wstrz\u0105sn\u0105\u0107 butelk\u0105.<\/li>\n<li>Wlej ca\u0142\u0105 zawarto\u015b\u0107 butelki bezpo\u015brednio do zbiornika paliwa.<\/li>\n<li>Nape\u0142nij zbiornik paliwem natychmiast po dodaniu produktu, aby zapewni\u0107 prawid\u0142owe wymieszanie.<\/li>\n<li>Jedna pe\u0142na butelka jest odpowiednia dla zbiornika paliwa o pojemno\u015bci oko\u0142o 40-60 litr\u00f3w. Dostosuj dozowanie proporcjonalnie dla mniejszych zbiornik\u00f3w.<\/li>\n<li>Po zatankowaniu nale\u017cy normalnie prowadzi\u0107 pojazd, aby umo\u017cliwi\u0107 cyrkulacj\u0119 \u015brodka czyszcz\u0105cego w uk\u0142adzie paliwowym i podzespo\u0142ach silnika.<\/li>\n<li>Aby uzyska\u0107 optymalne rezultaty, nale\u017cy je\u017adzi\u0107 przez co najmniej 20 do 30 minut ze sta\u0142\u0105 pr\u0119dko\u015bci\u0105 obrotow\u0105 silnika w celu zapewnienia dok\u0142adnego czyszczenia.<\/li>\n<li>W przypadku du\u017cego nagromadzenia w\u0119gla, po zu\u017cyciu oczyszczonego zbiornika mo\u017cna przeprowadzi\u0107 drugie oczyszczanie.<\/li>\n<li>W ramach konserwacji zapobiegawczej nale\u017cy u\u017cywa\u0107 \u015brodka do czyszczenia silnika 5 w 1 co 5 000 do 10 000 kilometr\u00f3w, w zale\u017cno\u015bci od warunk\u00f3w jazdy.<\/li>\n<li>Nie nale\u017cy przekracza\u0107 zalecanej dawki i przechowywa\u0107 produkt w ch\u0142odnym, suchym miejscu, z dala od bezpo\u015bredniego \u015bwiat\u0142a s\u0142onecznego i \u017ar\u00f3de\u0142 ciep\u0142a.<\/li>\n<\/ul>","protected":false},"excerpt":{"rendered":"<p>Cleans and protects your engine with five powerful actions in one single treatment. Our 5-in-1 engine cleaner is specially engineered to clean injectors, intake valves, combustion chambers, turbo components, and the fuel system simultaneously. It removes harmful deposits while improving overall engine performance, making it a complete maintenance solution in one bottle. The most effective [&hellip;]<\/p>\n","protected":false},"featured_media":22990,"comment_status":"open","ping_status":"closed","template":"","meta":{"_uag_custom_page_level_css":"","site-sidebar-layout":"default","site-content-layout":"","ast-site-content-layout":"default","site-content-style":"default","site-sidebar-style":"default","ast-global-header-display":"","ast-banner-title-visibility":"","ast-main-header-display":"","ast-hfb-above-header-display":"","ast-hfb-below-header-display":"","ast-hfb-mobile-header-display":"","site-post-title":"","ast-breadcrumbs-content":"","ast-featured-img":"","footer-sml-layout":"","ast-disable-related-posts":"","theme-transparent-header-meta":"default","adv-header-id-meta":"","stick-header-meta":"","header-above-stick-meta":"","header-main-stick-meta":"","header-below-stick-meta":"","astra-migrate-meta-layouts":"set","ast-page-background-enabled":"default","ast-page-background-meta":{"desktop":{"background-color":"var(--ast-global-color-4)","background-image":"","background-repeat":"repeat","background-position":"center center","background-size":"auto","background-attachment":"scroll","background-type":"","background-media":"","overlay-type":"","overlay-color":"","overlay-opacity":"","overlay-gradient":""},"tablet":{"background-color":"","background-image":"","background-repeat":"repeat","background-position":"center center","background-size":"auto","background-attachment":"scroll","background-type":"","background-media":"","overlay-type":"","overlay-color":"","overlay-opacity":"","overlay-gradient":""},"mobile":{"background-color":"","background-image":"","background-repeat":"repeat","background-position":"center center","background-size":"auto","background-attachment":"scroll","background-type":"","background-media":"","overlay-type":"","overlay-color":"","overlay-opacity":"","overlay-gradient":""}},"ast-content-background-meta":{"desktop":{"background-color":"var(--ast-global-color-5)","background-image":"","background-repeat":"repeat","background-position":"center center","background-size":"auto","background-attachment":"scroll","background-type":"","background-media":"","overlay-type":"","overlay-color":"","overlay-opacity":"","overlay-gradient":""},"tablet":{"background-color":"var(--ast-global-color-5)","background-image":"","background-repeat":"repeat","background-position":"center center","background-size":"auto","background-attachment":"scroll","background-type":"","background-media":"","overlay-type":"","overlay-color":"","overlay-opacity":"","overlay-gradient":""},"mobile":{"background-color":"var(--ast-global-color-5)","background-image":"","background-repeat":"repeat","background-position":"center center","background-size":"auto","background-attachment":"scroll","background-type":"","background-media":"","overlay-type":"","overlay-color":"","overlay-opacity":"","overlay-gradient":""}}},"product_brand":[],"product_cat":[176],"product_tag":[],"class_list":{"0":"post-22975","1":"product","2":"type-product","3":"status-publish","4":"has-post-thumbnail","6":"product_cat-automotive","7":"desktop-align-left","8":"tablet-align-left","9":"mobile-align-left","11":"first","12":"instock","13":"shipping-taxable","14":"purchasable","15":"product-type-simple"},"spectra_custom_meta":{"_visibility":["visible"],"_shopify_product_id":["7960295375068"],"_s2w_shopify_domain":["noleaky.myshopify.com"],"_shopify_variant_id":["43735145545948"],"_sku":["NL51ENGINECLEANER"],"_regular_price":["29.90"],"_price":["29.90"],"_sale_price":[""],"_weight":["0.35"],"_thumbnail_id":["22990"],"_global_unique_id":["5056773800618"],"total_sales":["71"],"_tax_status":["taxable"],"_tax_class":[""],"_manage_stock":["no"],"_backorders":["no"],"_sold_individually":["no"],"_virtual":["no"],"_downloadable":["no"],"_download_limit":["-1"],"_download_expiry":["-1"],"_stock":[null],"_stock_status":["instock"],"_wc_average_rating":["4.98"],"_wc_review_count":["63"],"_product_version":["10.5.2"],"_edit_lock":["1772381552:1"],"merchant-center-availability":["yes"],"merchant-center-category":["2788"],"merchant-center-id":["5I1EC"],"_edit_last":["1"],"_wp_page_template":["default"],"site-sidebar-layout":["default"],"ast-site-content-layout":["default"],"site-content-style":["default"],"site-sidebar-style":["default"],"theme-transparent-header-meta":["default"],"_wc_rating_count":["a:2:{i:4;i:1;i:5;i:62;}"],"_upsell_ids":["a:3:{i:0;i:22985;i:1;i:22986;i:2;i:23011;}"],"_crosssell_ids":["a:3:{i:0;i:22985;i:1;i:22986;i:2;i:23011;}"],"astra-migrate-meta-layouts":["set"],"_uag_css_file_name":["uag-css-22975.css"],"_elementor_page_assets":["a:0:{}"],"_uag_page_assets":["a:9:{s:3:\"css\";s:6893:\".wp-block-uagb-image{display:flex}.wp-block-uagb-image__figure{position:relative;display:flex;flex-direction:column;max-width:100%;height:auto;margin:0}.wp-block-uagb-image__figure img{height:auto;display:flex;max-width:100%;transition:box-shadow 0.2s ease}.wp-block-uagb-image__figure>a{display:inline-block}.wp-block-uagb-image__figure figcaption{text-align:center;margin-top:0.5em;margin-bottom:1em}.wp-block-uagb-image .components-placeholder.block-editor-media-placeholder .components-placeholder__instructions{align-self:center}.wp-block-uagb-image--align-left{text-align:left}.wp-block-uagb-image--align-right{text-align:right}.wp-block-uagb-image--align-center{text-align:center}.wp-block-uagb-image--align-full .wp-block-uagb-image__figure{margin-left:calc(50% - 50vw);margin-right:calc(50% - 50vw);max-width:100vw;width:100vw;height:auto}.wp-block-uagb-image--align-full .wp-block-uagb-image__figure img{height:auto;width:100% !important}.wp-block-uagb-image--align-wide .wp-block-uagb-image__figure img{height:auto;width:100%}.wp-block-uagb-image--layout-overlay__color-wrapper{position:absolute;left:0;top:0;right:0;bottom:0;opacity:0.2;background:rgba(0,0,0,0.5);transition:opacity 0.35s ease-in-out}.wp-block-uagb-image--layout-overlay-link{position:absolute;left:0;right:0;bottom:0;top:0}.wp-block-uagb-image--layout-overlay .wp-block-uagb-image__figure:hover .wp-block-uagb-image--layout-overlay__color-wrapper{opacity:1}.wp-block-uagb-image--layout-overlay__inner{position:absolute;left:15px;right:15px;bottom:15px;top:15px;display:flex;align-items:center;justify-content:center;flex-direction:column;border-color:#fff;transition:0.35s ease-in-out}.wp-block-uagb-image--layout-overlay__inner.top-left,.wp-block-uagb-image--layout-overlay__inner.top-center,.wp-block-uagb-image--layout-overlay__inner.top-right{justify-content:flex-start}.wp-block-uagb-image--layout-overlay__inner.bottom-left,.wp-block-uagb-image--layout-overlay__inner.bottom-center,.wp-block-uagb-image--layout-overlay__inner.bottom-right{justify-content:flex-end}.wp-block-uagb-image--layout-overlay__inner.top-left,.wp-block-uagb-image--layout-overlay__inner.center-left,.wp-block-uagb-image--layout-overlay__inner.bottom-left{align-items:flex-start}.wp-block-uagb-image--layout-overlay__inner.top-right,.wp-block-uagb-image--layout-overlay__inner.center-right,.wp-block-uagb-image--layout-overlay__inner.bottom-right{align-items:flex-end}.wp-block-uagb-image--layout-overlay__inner .uagb-image-heading{color:#fff;transition:transform 0.35s, opacity 0.35s ease-in-out;transform:translate3d(0, 24px, 0);margin:0;line-height:1em}.wp-block-uagb-image--layout-overlay__inner .uagb-image-separator{width:30%;border-top-width:2px;border-top-color:#fff;border-top-style:solid;margin-bottom:10px;opacity:0;transition:transform 0.4s, opacity 0.4s ease-in-out;transform:translate3d(0, 30px, 0)}.wp-block-uagb-image--layout-overlay__inner .uagb-image-caption{opacity:0;overflow:visible;color:#fff;transition:transform 0.45s, opacity 0.45s ease-in-out;transform:translate3d(0, 35px, 0)}.wp-block-uagb-image--layout-overlay__inner:hover .uagb-image-heading,.wp-block-uagb-image--layout-overlay__inner:hover .uagb-image-separator,.wp-block-uagb-image--layout-overlay__inner:hover .uagb-image-caption{opacity:1;transform:translate3d(0, 0, 0)}.wp-block-uagb-image--effect-zoomin .wp-block-uagb-image__figure img,.wp-block-uagb-image--effect-zoomin .wp-block-uagb-image__figure .wp-block-uagb-image--layout-overlay__color-wrapper{transform:scale(1);transition:transform 0.35s ease-in-out}.wp-block-uagb-image--effect-zoomin .wp-block-uagb-image__figure:hover img,.wp-block-uagb-image--effect-zoomin .wp-block-uagb-image__figure:hover .wp-block-uagb-image--layout-overlay__color-wrapper{transform:scale(1.05)}.wp-block-uagb-image--effect-slide .wp-block-uagb-image__figure img,.wp-block-uagb-image--effect-slide .wp-block-uagb-image__figure .wp-block-uagb-image--layout-overlay__color-wrapper{width:calc(100% + 40px) !important;max-width:none !important;transform:translate3d(-40px, 0, 0);transition:transform 0.35s ease-in-out}.wp-block-uagb-image--effect-slide .wp-block-uagb-image__figure:hover img,.wp-block-uagb-image--effect-slide .wp-block-uagb-image__figure:hover .wp-block-uagb-image--layout-overlay__color-wrapper{transform:translate3d(0, 0, 0)}.wp-block-uagb-image--effect-grayscale img{filter:grayscale(0%);transition:0.35s ease-in-out}.wp-block-uagb-image--effect-grayscale:hover img{filter:grayscale(100%)}.wp-block-uagb-image--effect-blur img{filter:blur(0);transition:0.35s ease-in-out}.wp-block-uagb-image--effect-blur:hover img{filter:blur(3px)}\n.uagb-block-e6f939b3.wp-block-uagb-image--layout-default figure img{box-shadow: 0px 0px 0 #00000070;}.uagb-block-e6f939b3.wp-block-uagb-image .wp-block-uagb-image__figure figcaption{font-style: normal;align-self: center;}.uagb-block-e6f939b3.wp-block-uagb-image--layout-overlay figure img{box-shadow: 0px 0px 0 #00000070;}.uagb-block-e6f939b3.wp-block-uagb-image--layout-overlay .wp-block-uagb-image--layout-overlay__color-wrapper{opacity: 0.2;}.uagb-block-e6f939b3.wp-block-uagb-image--layout-overlay .wp-block-uagb-image--layout-overlay__inner{left: 15px;right: 15px;top: 15px;bottom: 15px;}.uagb-block-e6f939b3.wp-block-uagb-image--layout-overlay .wp-block-uagb-image--layout-overlay__inner .uagb-image-heading{font-style: normal;color: #fff;opacity: 1;}.uagb-block-e6f939b3.wp-block-uagb-image--layout-overlay .wp-block-uagb-image--layout-overlay__inner .uagb-image-heading a{color: #fff;}.uagb-block-e6f939b3.wp-block-uagb-image--layout-overlay .wp-block-uagb-image--layout-overlay__inner .uagb-image-caption{opacity: 0;}.uagb-block-e6f939b3.wp-block-uagb-image--layout-overlay .wp-block-uagb-image__figure:hover .wp-block-uagb-image--layout-overlay__color-wrapper{opacity: 1;}.uagb-block-e6f939b3.wp-block-uagb-image .wp-block-uagb-image--layout-overlay__inner .uagb-image-separator{width: 30%;border-top-width: 2px;border-top-color: #fff;opacity: 0;}.uagb-block-e6f939b3.wp-block-uagb-image .wp-block-uagb-image__figure img{width: px;height: auto;}.uagb-block-e6f939b3.wp-block-uagb-image .wp-block-uagb-image__figure:hover .wp-block-uagb-image--layout-overlay__inner .uagb-image-caption{opacity: 1;}.uagb-block-e6f939b3.wp-block-uagb-image .wp-block-uagb-image__figure:hover .wp-block-uagb-image--layout-overlay__inner .uagb-image-separator{opacity: 1;}.uagb-block-e6f939b3.wp-block-uagb-image--layout-default figure:hover img{box-shadow: 0px 0px 0 #00000070;}.uagb-block-e6f939b3.wp-block-uagb-image--layout-overlay figure:hover img{box-shadow: 0px 0px 0 #00000070;}@media only screen and (max-width: 976px) {.uagb-block-e6f939b3.wp-block-uagb-image .wp-block-uagb-image__figure img{width: px;height: auto;}}@media only screen and (max-width: 767px) {.uagb-block-e6f939b3.wp-block-uagb-image .wp-block-uagb-image__figure img{width: px;height: auto;}}\";s:2:\"js\";s:0:\"\";s:18:\"current_block_list\";a:13:{i:0;s:11:\"core\/search\";i:1;s:10:\"core\/group\";i:2;s:12:\"core\/heading\";i:3;s:17:\"core\/latest-posts\";i:4;s:20:\"core\/latest-comments\";i:5;s:13:\"core\/archives\";i:6;s:15:\"core\/categories\";i:7;s:14:\"core\/paragraph\";i:8;s:10:\"uagb\/image\";i:9;s:11:\"core\/spacer\";i:10;s:30:\"woocommerce\/product-categories\";i:11;s:10:\"core\/image\";i:12;s:14:\"core\/shortcode\";}s:8:\"uag_flag\";b:1;s:11:\"uag_version\";s:10:\"1776755173\";s:6:\"gfonts\";a:0:{}s:10:\"gfonts_url\";s:0:\"\";s:12:\"gfonts_files\";a:0:{}s:14:\"uag_faq_layout\";b:0;}"]},"uagb_featured_image_src":{"full":["https:\/\/www.noleaky.com\/wp-content\/uploads\/2025\/06\/2.e.Cleaner-5in1_4000x4000_26f7ab67-71d0-45db-a11c-5dbb3cca07df.png",2560,2560,false],"thumbnail":["https:\/\/www.noleaky.com\/wp-content\/uploads\/2025\/06\/2.e.Cleaner-5in1_4000x4000_26f7ab67-71d0-45db-a11c-5dbb3cca07df-150x150.png",150,150,true],"medium":["https:\/\/www.noleaky.com\/wp-content\/uploads\/2025\/06\/2.e.Cleaner-5in1_4000x4000_26f7ab67-71d0-45db-a11c-5dbb3cca07df-300x300.png",300,300,true],"medium_large":["https:\/\/www.noleaky.com\/wp-content\/uploads\/2025\/06\/2.e.Cleaner-5in1_4000x4000_26f7ab67-71d0-45db-a11c-5dbb3cca07df-768x768.png",768,768,true],"large":["https:\/\/www.noleaky.com\/wp-content\/uploads\/2025\/06\/2.e.Cleaner-5in1_4000x4000_26f7ab67-71d0-45db-a11c-5dbb3cca07df-1024x1024.png",1024,1024,true],"1536x1536":["https:\/\/www.noleaky.com\/wp-content\/uploads\/2025\/06\/2.e.Cleaner-5in1_4000x4000_26f7ab67-71d0-45db-a11c-5dbb3cca07df-1536x1536.png",1536,1536,true],"2048x2048":["https:\/\/www.noleaky.com\/wp-content\/uploads\/2025\/06\/2.e.Cleaner-5in1_4000x4000_26f7ab67-71d0-45db-a11c-5dbb3cca07df-2048x2048.png",2048,2048,true],"trp-custom-language-flag":["https:\/\/www.noleaky.com\/wp-content\/uploads\/2025\/06\/2.e.Cleaner-5in1_4000x4000_26f7ab67-71d0-45db-a11c-5dbb3cca07df-12x12.png",12,12,true],"woocommerce_thumbnail":["https:\/\/www.noleaky.com\/wp-content\/uploads\/2025\/06\/2.e.Cleaner-5in1_4000x4000_26f7ab67-71d0-45db-a11c-5dbb3cca07df-300x300.png",300,300,true],"woocommerce_single":["https:\/\/www.noleaky.com\/wp-content\/uploads\/2025\/06\/2.e.Cleaner-5in1_4000x4000_26f7ab67-71d0-45db-a11c-5dbb3cca07df-600x600.png",600,600,true],"woocommerce_gallery_thumbnail":["https:\/\/www.noleaky.com\/wp-content\/uploads\/2025\/06\/2.e.Cleaner-5in1_4000x4000_26f7ab67-71d0-45db-a11c-5dbb3cca07df-100x100.png",100,100,true]},"uagb_author_info":{"display_name":"admin","author_link":"https:\/\/www.noleaky.com\/pl\/author\/"},"uagb_comment_info":63,"uagb_excerpt":"Cleans and protects your engine with five powerful actions in one single treatment. Our 5-in-1 engine cleaner is specially engineered to clean injectors, intake valves, combustion chambers, turbo components, and the fuel system simultaneously. It removes harmful deposits while improving overall engine performance, making it a complete maintenance solution in one bottle. The most effective&hellip;","_links":{"self":[{"href":"https:\/\/www.noleaky.com\/pl\/wp-json\/wp\/v2\/product\/22975","targetHints":{"allow":["GET"]}}],"collection":[{"href":"https:\/\/www.noleaky.com\/pl\/wp-json\/wp\/v2\/product"}],"about":[{"href":"https:\/\/www.noleaky.com\/pl\/wp-json\/wp\/v2\/types\/product"}],"replies":[{"embeddable":true,"href":"https:\/\/www.noleaky.com\/pl\/wp-json\/wp\/v2\/comments?post=22975"}],"version-history":[{"count":3,"href":"https:\/\/www.noleaky.com\/pl\/wp-json\/wp\/v2\/product\/22975\/revisions"}],"predecessor-version":[{"id":33301,"href":"https:\/\/www.noleaky.com\/pl\/wp-json\/wp\/v2\/product\/22975\/revisions\/33301"}],"wp:featuredmedia":[{"embeddable":true,"href":"https:\/\/www.noleaky.com\/pl\/wp-json\/wp\/v2\/media\/22990"}],"wp:attachment":[{"href":"https:\/\/www.noleaky.com\/pl\/wp-json\/wp\/v2\/media?parent=22975"}],"wp:term":[{"taxonomy":"product_brand","embeddable":true,"href":"https:\/\/www.noleaky.com\/pl\/wp-json\/wp\/v2\/product_brand?post=22975"},{"taxonomy":"product_cat","embeddable":true,"href":"https:\/\/www.noleaky.com\/pl\/wp-json\/wp\/v2\/product_cat?post=22975"},{"taxonomy":"product_tag","embeddable":true,"href":"https:\/\/www.noleaky.com\/pl\/wp-json\/wp\/v2\/product_tag?post=22975"}],"curies":[{"name":"wp","href":"https:\/\/api.w.org\/{rel}","templated":true}]}}