{"id":23029,"date":"2025-06-02T15:49:30","date_gmt":"2025-06-02T13:49:30","guid":{"rendered":"https:\/\/www.noleaky.com\/products\/windshield-repair\/"},"modified":"2026-03-01T14:33:32","modified_gmt":"2026-03-01T13:33:32","slug":"windshield-repair","status":"publish","type":"product","link":"https:\/\/www.noleaky.com\/lv\/products\/windshield-repair\/","title":{"rendered":"V\u0113jstikla remonts"},"content":{"rendered":"<p><strong><img decoding=\"async\" style=\"margin-right: 12px;\" src=\"https:\/\/www.noleaky.com\/wp-content\/uploads\/2026\/02\/Check.svg\" alt=\"\" width=\"18\" height=\"15\" \/>\u0100tri un efekt\u012bvi salabo v\u0113jstikla \u0161\u0137embas un plaisas.<\/strong> M\u016bsu v\u0113jstikla remonta \u0161\u0137idrums ir \u012bpa\u0161i izstr\u0101d\u0101ts, lai iek\u013c\u016btu un aizpild\u012btu \u0161\u0137embas, plaisas un nelielas plaisas lamin\u0113taj\u0101 automobi\u013cu stikl\u0101, atjaunojot skaidr\u012bbu un nov\u0113r\u0161ot t\u0101l\u0101ku izplat\u012b\u0161anos. Tas saist\u0101s tie\u0161i boj\u0101taj\u0101 viet\u0101, nostiprinot stikla strukt\u016bru un p\u0113c saciet\u0113\u0161anas iev\u0113rojami uzlabojot redzam\u012bbu.<\/p>\n<p><strong><img decoding=\"async\" style=\"margin-right: 12px;\" src=\"https:\/\/www.noleaky.com\/wp-content\/uploads\/2026\/02\/Check.svg\" alt=\"\" width=\"18\" height=\"15\" \/>Efekt\u012bv\u0101k\u0101 sve\u0137u tehnolo\u0123ija ilgm\u016b\u017e\u012bgiem remontdarbiem.<\/strong> \u0160is ir visefekt\u012bv\u0101kais v\u0113jstiklu remonta \u0161\u0137idrums sav\u0101 kategorij\u0101, jo taj\u0101 izmantoti uzlabotas zemas viskozit\u0101tes sve\u0137i, kas dzi\u013ci ies\u016bcas mikroplais\u0101s. P\u0113c saciet\u0113\u0161anas tas saciet\u0113 caursp\u012bd\u012bg\u0101, iztur\u012bg\u0101 sl\u0101n\u012b, kas stabiliz\u0113 boj\u0101to zonu un nov\u0113r\u0161 mitruma vai gaisa ietekmi uz plaisu pasliktin\u0101\u0161anos.<\/p>\n<p><strong><img decoding=\"async\" style=\"margin-right: 12px;\" src=\"https:\/\/www.noleaky.com\/wp-content\/uploads\/2026\/02\/Check.svg\" alt=\"\" width=\"18\" height=\"15\" \/>L\u0113t\u0101kais profesion\u0101l\u0101s klases remonta risin\u0101jums tirg\u016b.<\/strong> M\u0113s pied\u0101v\u0101jam augst\u0101k\u0101s kvalit\u0101tes remonta veiktsp\u0113ju par viskonkur\u0113tsp\u0113j\u012bg\u0101ko cenu. M\u016bsu v\u0113jstiklu remonta \u0161\u0137idrums ir l\u0113t\u0101k\u0101 un kvalitat\u012bv\u0101k\u0101 alternat\u012bva d\u0101rgiem remontdarbn\u012bcu pakalpojumiem, kas \u013cauj autovad\u012bt\u0101jiem atjaunot savu stiklu par nelielu da\u013cu no profesion\u0101lo remontdarbu cenas.<\/p>\n<p><strong><img decoding=\"async\" style=\"margin-right: 12px;\" src=\"https:\/\/www.noleaky.com\/wp-content\/uploads\/2026\/02\/Check.svg\" alt=\"\" width=\"18\" height=\"15\" \/>24 stundu pieg\u0101de, lai nekav\u0113joties nov\u0113rstu boj\u0101jumus.<\/strong> Boj\u0101ts v\u0113jstikls var \u0101tri saboj\u0101ties vibr\u0101cijas, temperat\u016bras izmai\u0146u un ce\u013ca apst\u0101k\u013cu d\u0113\u013c. T\u0101p\u0113c m\u0113s garant\u0113jam pieg\u0101di 24 stundas diennakt\u012b, lai j\u016bs var\u0113tu nekav\u0113joties nov\u0113rst \u0161\u0137embas un plaisas un izvair\u012bties no d\u0101rgas v\u0113jstikla nomai\u0146as.<\/p>\n<p><strong><img decoding=\"async\" style=\"margin-right: 12px;\" src=\"https:\/\/www.noleaky.com\/wp-content\/uploads\/2026\/02\/Check.svg\" alt=\"\" width=\"18\" height=\"15\" \/>Naudas atmaksas garantija piln\u012bgai p\u0101rliec\u012bbai.<\/strong> M\u0113s piln\u012bb\u0101 atbalst\u0101m m\u016bsu v\u0113jstiklu remonta \u0161\u0137idruma veiktsp\u0113ju. Ja neesat apmierin\u0101ts ar rezult\u0101tiem, m\u0113s pied\u0101v\u0101jam naudas atmaksas garantiju. Vienk\u0101r\u0161i sazinieties ar mums, un m\u0113s atmaks\u0101sim naudu par pirkumu, nodro\u0161inot piln\u012bgi bezriska pirkumu.<\/p>\n<p><strong><img decoding=\"async\" style=\"margin-right: 12px;\" src=\"https:\/\/www.noleaky.com\/wp-content\/uploads\/2026\/02\/Check.svg\" alt=\"\" width=\"18\" height=\"15\" \/>Lielisks p\u0101rkl\u0101jums ar minim\u0101lu produkta pat\u0113ri\u0146u.<\/strong> Neliels daudzums sve\u0137u ir pietiekams vair\u0101kiem remontdarbiem. Ar vienu pudel\u012bti parasti var apstr\u0101d\u0101t vair\u0101kas \u0161\u0137embas atkar\u012bb\u0101 no to lieluma, t\u0101p\u0113c tas ir \u013coti ekonomiski un rentabli sal\u012bdzin\u0101jum\u0101 ar visa v\u0113jstikla nomai\u0146u.<\/p>\n<p><strong><img decoding=\"async\" style=\"margin-right: 12px;\" src=\"https:\/\/www.noleaky.com\/wp-content\/uploads\/2026\/02\/Check.svg\" alt=\"\" width=\"18\" height=\"15\" \/>Nov\u0113r\u0161 plaisu t\u0101l\u0101ku izplat\u012b\u0161anos.<\/strong> Aizpildot boj\u0101to vietu un atjaunojot struktur\u0101lo integrit\u0101ti, \u0161\u0137idrums pal\u012bdz nov\u0113rst plaisu papla\u0161in\u0101\u0161anos vibr\u0101cijas, spiediena vai temperat\u016bras sv\u0101rst\u012bbu d\u0113\u013c, t\u0101d\u0113j\u0101di pagarinot v\u0113jstikla kalpo\u0161anas laiku.<\/p>\n<p><strong><img decoding=\"async\" style=\"margin-right: 12px;\" src=\"https:\/\/www.noleaky.com\/wp-content\/uploads\/2026\/02\/Check.svg\" alt=\"\" width=\"18\" height=\"15\" \/>Atjauno optisko skaidr\u012bbu un brauk\u0161anas dro\u0161\u012bbu.<\/strong> P\u0113c saciet\u0113\u0161anas sve\u0137i k\u013c\u016bst caursp\u012bd\u012bgi un sapl\u016bst ar apk\u0101rt\u0113jo stiklu, samazinot skaidu redzam\u012bbu un uzlabojot gaismas caurlaid\u012bbu. Tas uzlabo autovad\u012bt\u0101ja dro\u0161\u012bbu un samazina atsp\u012bdumu vai izkrop\u013cojumus.<\/p>\n<p><strong><img decoding=\"async\" style=\"margin-right: 12px;\" src=\"https:\/\/www.noleaky.com\/wp-content\/uploads\/2026\/02\/Check.svg\" alt=\"\" width=\"18\" height=\"15\" \/>\u0100tra saciet\u0113\u0161ana efekt\u012bvam remontam.<\/strong> \u0160\u0137idrums ir paredz\u0113ts \u0101trai saciet\u0113\u0161anai UV gaism\u0101 vai tie\u0161os saules staros, kas \u013cauj liel\u0101ko da\u013cu remontdarbu pabeigt \u012bs\u0101 laik\u0101 un l\u012bdz minimumam samazina transportl\u012bdzek\u013ca d\u012bkst\u0101vi.<\/p>\n<p><strong><img decoding=\"async\" style=\"margin-right: 12px;\" src=\"https:\/\/www.noleaky.com\/wp-content\/uploads\/2026\/02\/Check.svg\" alt=\"\" width=\"18\" height=\"15\" \/>Piem\u0113rots da\u017e\u0101du veidu lamin\u0113tiem automobi\u013cu stikliem.<\/strong> \u0160is univers\u0101lais \u0161\u0137idrums ir ide\u0101li piem\u0113rots nelielu \u0161\u0137embu, zvaig\u017e\u0146u pl\u012bsumu un \u012bsu plaisi\u0146u labo\u0161anai lamin\u0113tos v\u0113jstiklos, un tas ir sader\u012bgs ar liel\u0101ko da\u013cu standarta automobi\u013cu stiklu virsmu.<\/p>\n<h2><strong>Instrukcijas<\/strong><\/h2>\n<ul>\n<li>Pirms remonta uzs\u0101k\u0161anas p\u0101rliecinieties, ka v\u0113jstikls ir t\u012brs un piln\u012bgi sauss.<\/li>\n<li>Novietojiet transportl\u012bdzekli \u0113nain\u0101 viet\u0101, lai nov\u0113rstu priek\u0161laic\u012bgu saciet\u0113\u0161anu uzkl\u0101\u0161anas laik\u0101.<\/li>\n<li>Not\u012briet boj\u0101to vietu, izmantojot sausu dr\u0101nu, lai no\u0146emtu putek\u013cus un stikla da\u013ci\u0146as. Nelietojiet \u016bdeni plaisas iek\u0161pus\u0113.<\/li>\n<li>Novietojiet remonta ier\u012bci vai aplikatoru tie\u0161i virs \u0161\u0137embas vai plaisas.<\/li>\n<li>Nelielu daudzumu v\u0113jstikla remonta \u0161\u0137idruma uzkl\u0101jiet boj\u0101taj\u0101 viet\u0101. Ieteicam\u0101 deva parasti ir da\u017ei pilieni uz vienu \u0161\u0137embu, tikai tik daudz, lai piln\u012bb\u0101 aizpild\u012btu dobumu.<\/li>\n<li>\u013baujiet sve\u0137iem piln\u012bb\u0101 iek\u013c\u016bt plais\u0101. Viegls aplikatora spiediens var pal\u012bdz\u0113t no\u0146emt iespr\u016bdu\u0161o gaisu.<\/li>\n<li>Lai sve\u0137i saciet\u0113tu, apstr\u0101d\u0101to vietu uz aptuveni 10 l\u012bdz 20 min\u016bt\u0113m pak\u013caujiet UV gaismai vai tie\u0161iem saules stariem.<\/li>\n<li>P\u0113c saciet\u0113\u0161anas uzman\u012bgi no\u0146emiet lieko saciet\u0113ju\u0161o sve\u0137us, izmantojot nedaudz sl\u012bpi novietotu \u017eiletes asmeni.<\/li>\n<li>P\u0101rbaudiet remontu. Ja nepiecie\u0161ams, dzi\u013c\u0101k\u0101m \u0161\u0137emb\u0101m var veikt otru uzkl\u0101\u0161anu.<\/li>\n<li>Lai nodro\u0161in\u0101tu piln\u012bgu saciet\u0113\u0161anu un optim\u0101lu notur\u012bbu, vair\u0101kas stundas p\u0113c remonta pabeig\u0161anas izvairieties no transportl\u012bdzek\u013ca mazg\u0101\u0161anas vai sp\u0113c\u012bga lietus iedarb\u012bbas uz remont\u0113to vietu.<\/li>\n<\/ul>","protected":false},"excerpt":{"rendered":"<p>Repairs windshield chips and cracks quickly and effectively. Our windshield repair fluid is specially formulated to penetrate and fill chips, bullseyes, and small cracks in laminated automotive glass, restoring clarity and preventing further spreading. It bonds directly within the damaged area, reinforcing the structure of the glass and significantly improving visibility after curing. The most [&hellip;]<\/p>\n","protected":false},"featured_media":23102,"comment_status":"open","ping_status":"closed","template":"","meta":{"_uag_custom_page_level_css":"","site-sidebar-layout":"default","site-content-layout":"","ast-site-content-layout":"default","site-content-style":"default","site-sidebar-style":"default","ast-global-header-display":"","ast-banner-title-visibility":"","ast-main-header-display":"","ast-hfb-above-header-display":"","ast-hfb-below-header-display":"","ast-hfb-mobile-header-display":"","site-post-title":"","ast-breadcrumbs-content":"","ast-featured-img":"","footer-sml-layout":"","ast-disable-related-posts":"","theme-transparent-header-meta":"default","adv-header-id-meta":"","stick-header-meta":"","header-above-stick-meta":"","header-main-stick-meta":"","header-below-stick-meta":"","astra-migrate-meta-layouts":"set","ast-page-background-enabled":"default","ast-page-background-meta":{"desktop":{"background-color":"var(--ast-global-color-4)","background-image":"","background-repeat":"repeat","background-position":"center center","background-size":"auto","background-attachment":"scroll","background-type":"","background-media":"","overlay-type":"","overlay-color":"","overlay-opacity":"","overlay-gradient":""},"tablet":{"background-color":"","background-image":"","background-repeat":"repeat","background-position":"center center","background-size":"auto","background-attachment":"scroll","background-type":"","background-media":"","overlay-type":"","overlay-color":"","overlay-opacity":"","overlay-gradient":""},"mobile":{"background-color":"","background-image":"","background-repeat":"repeat","background-position":"center center","background-size":"auto","background-attachment":"scroll","background-type":"","background-media":"","overlay-type":"","overlay-color":"","overlay-opacity":"","overlay-gradient":""}},"ast-content-background-meta":{"desktop":{"background-color":"var(--ast-global-color-5)","background-image":"","background-repeat":"repeat","background-position":"center center","background-size":"auto","background-attachment":"scroll","background-type":"","background-media":"","overlay-type":"","overlay-color":"","overlay-opacity":"","overlay-gradient":""},"tablet":{"background-color":"var(--ast-global-color-5)","background-image":"","background-repeat":"repeat","background-position":"center center","background-size":"auto","background-attachment":"scroll","background-type":"","background-media":"","overlay-type":"","overlay-color":"","overlay-opacity":"","overlay-gradient":""},"mobile":{"background-color":"var(--ast-global-color-5)","background-image":"","background-repeat":"repeat","background-position":"center center","background-size":"auto","background-attachment":"scroll","background-type":"","background-media":"","overlay-type":"","overlay-color":"","overlay-opacity":"","overlay-gradient":""}}},"product_brand":[],"product_cat":[176],"product_tag":[],"class_list":{"0":"post-23029","1":"product","2":"type-product","3":"status-publish","4":"has-post-thumbnail","6":"product_cat-automotive","7":"desktop-align-left","8":"tablet-align-left","9":"mobile-align-left","11":"first","12":"instock","13":"shipping-taxable","14":"purchasable","15":"product-type-simple"},"spectra_custom_meta":{"_visibility":["visible"],"_shopify_product_id":["7961066668252"],"_s2w_shopify_domain":["noleaky.myshopify.com"],"_shopify_variant_id":["43736925667548"],"_sku":["NLWINDSHIELDREPAIR"],"_regular_price":["29.90"],"_price":["29.90"],"_sale_price":[""],"_weight":["0.45"],"_thumbnail_id":["23102"],"_global_unique_id":["5056773800953"],"total_sales":["92"],"_tax_status":["taxable"],"_tax_class":[""],"_manage_stock":["no"],"_backorders":["no"],"_sold_individually":["no"],"_virtual":["no"],"_downloadable":["no"],"_download_limit":["-1"],"_download_expiry":["-1"],"_stock":[null],"_stock_status":["instock"],"_wc_average_rating":["4.91"],"_wc_review_count":["77"],"_product_version":["10.5.2"],"_edit_lock":["1772384272:1"],"merchant-center-category":["2788"],"merchant-center-id":["WR"],"merchant-center-availability":["yes"],"_edit_last":["1"],"_wp_page_template":["default"],"site-sidebar-layout":["default"],"ast-site-content-layout":["default"],"site-content-style":["default"],"site-sidebar-style":["default"],"theme-transparent-header-meta":["default"],"_wc_rating_count":["a:3:{i:3;i:1;i:4;i:5;i:5;i:71;}"],"_upsell_ids":["a:3:{i:0;i:22975;i:1;i:23022;i:2;i:23025;}"],"_crosssell_ids":["a:3:{i:0;i:22975;i:1;i:23022;i:2;i:23025;}"],"astra-migrate-meta-layouts":["set"],"_uag_css_file_name":["uag-css-23029.css"],"_elementor_page_assets":["a:0:{}"],"_uag_page_assets":["a:9:{s:3:\"css\";s:7133:\".uag-blocks-common-selector{z-index:var(--z-index-desktop) !important}@media(max-width: 976px){.uag-blocks-common-selector{z-index:var(--z-index-tablet) !important}}@media(max-width: 767px){.uag-blocks-common-selector{z-index:var(--z-index-mobile) !important}}.wp-block-uagb-image{display:flex}.wp-block-uagb-image__figure{position:relative;display:flex;flex-direction:column;max-width:100%;height:auto;margin:0}.wp-block-uagb-image__figure img{height:auto;display:flex;max-width:100%;transition:box-shadow .2s ease}.wp-block-uagb-image__figure>a{display:inline-block}.wp-block-uagb-image__figure figcaption{text-align:center;margin-top:.5em;margin-bottom:1em}.wp-block-uagb-image .components-placeholder.block-editor-media-placeholder .components-placeholder__instructions{align-self:center}.wp-block-uagb-image--align-left{text-align:left}.wp-block-uagb-image--align-right{text-align:right}.wp-block-uagb-image--align-center{text-align:center}.wp-block-uagb-image--align-full .wp-block-uagb-image__figure{margin-left:calc(50% - 50vw);margin-right:calc(50% - 50vw);max-width:100vw;width:100vw;height:auto}.wp-block-uagb-image--align-full .wp-block-uagb-image__figure img{height:auto;width:100% !important}.wp-block-uagb-image--align-wide .wp-block-uagb-image__figure img{height:auto;width:100%}.wp-block-uagb-image--layout-overlay__color-wrapper{position:absolute;left:0;top:0;right:0;bottom:0;opacity:.2;background:rgba(0,0,0,.5);transition:opacity .35s ease-in-out}.wp-block-uagb-image--layout-overlay-link{position:absolute;left:0;right:0;bottom:0;top:0}.wp-block-uagb-image--layout-overlay .wp-block-uagb-image__figure:hover .wp-block-uagb-image--layout-overlay__color-wrapper{opacity:1}.wp-block-uagb-image--layout-overlay__inner{position:absolute;left:15px;right:15px;bottom:15px;top:15px;display:flex;align-items:center;justify-content:center;flex-direction:column;border-color:#fff;transition:.35s ease-in-out}.wp-block-uagb-image--layout-overlay__inner.top-left,.wp-block-uagb-image--layout-overlay__inner.top-center,.wp-block-uagb-image--layout-overlay__inner.top-right{justify-content:flex-start}.wp-block-uagb-image--layout-overlay__inner.bottom-left,.wp-block-uagb-image--layout-overlay__inner.bottom-center,.wp-block-uagb-image--layout-overlay__inner.bottom-right{justify-content:flex-end}.wp-block-uagb-image--layout-overlay__inner.top-left,.wp-block-uagb-image--layout-overlay__inner.center-left,.wp-block-uagb-image--layout-overlay__inner.bottom-left{align-items:flex-start}.wp-block-uagb-image--layout-overlay__inner.top-right,.wp-block-uagb-image--layout-overlay__inner.center-right,.wp-block-uagb-image--layout-overlay__inner.bottom-right{align-items:flex-end}.wp-block-uagb-image--layout-overlay__inner .uagb-image-heading{color:#fff;transition:transform .35s,opacity .35s ease-in-out;transform:translate3d(0, 24px, 0);margin:0;line-height:1em}.wp-block-uagb-image--layout-overlay__inner .uagb-image-separator{width:30%;border-top-width:2px;border-top-color:#fff;border-top-style:solid;margin-bottom:10px;opacity:0;transition:transform .4s,opacity .4s ease-in-out;transform:translate3d(0, 30px, 0)}.wp-block-uagb-image--layout-overlay__inner .uagb-image-caption{opacity:0;overflow:visible;color:#fff;transition:transform .45s,opacity .45s ease-in-out;transform:translate3d(0, 35px, 0)}.wp-block-uagb-image--layout-overlay__inner:hover .uagb-image-heading,.wp-block-uagb-image--layout-overlay__inner:hover .uagb-image-separator,.wp-block-uagb-image--layout-overlay__inner:hover .uagb-image-caption{opacity:1;transform:translate3d(0, 0, 0)}.wp-block-uagb-image--effect-zoomin .wp-block-uagb-image__figure img,.wp-block-uagb-image--effect-zoomin .wp-block-uagb-image__figure .wp-block-uagb-image--layout-overlay__color-wrapper{transform:scale(1);transition:transform .35s ease-in-out}.wp-block-uagb-image--effect-zoomin .wp-block-uagb-image__figure:hover img,.wp-block-uagb-image--effect-zoomin .wp-block-uagb-image__figure:hover .wp-block-uagb-image--layout-overlay__color-wrapper{transform:scale(1.05)}.wp-block-uagb-image--effect-slide .wp-block-uagb-image__figure img,.wp-block-uagb-image--effect-slide .wp-block-uagb-image__figure .wp-block-uagb-image--layout-overlay__color-wrapper{width:calc(100% + 40px) !important;max-width:none !important;transform:translate3d(-40px, 0, 0);transition:transform .35s ease-in-out}.wp-block-uagb-image--effect-slide .wp-block-uagb-image__figure:hover img,.wp-block-uagb-image--effect-slide .wp-block-uagb-image__figure:hover .wp-block-uagb-image--layout-overlay__color-wrapper{transform:translate3d(0, 0, 0)}.wp-block-uagb-image--effect-grayscale img{filter:grayscale(0%);transition:.35s ease-in-out}.wp-block-uagb-image--effect-grayscale:hover img{filter:grayscale(100%)}.wp-block-uagb-image--effect-blur img{filter:blur(0);transition:.35s ease-in-out}.wp-block-uagb-image--effect-blur:hover img{filter:blur(3px)}.uagb-block-e6f939b3.wp-block-uagb-image--layout-default figure img{box-shadow: 0px 0px 0 #00000070;}.uagb-block-e6f939b3.wp-block-uagb-image .wp-block-uagb-image__figure figcaption{font-style: normal;align-self: center;}.uagb-block-e6f939b3.wp-block-uagb-image--layout-overlay figure img{box-shadow: 0px 0px 0 #00000070;}.uagb-block-e6f939b3.wp-block-uagb-image--layout-overlay .wp-block-uagb-image--layout-overlay__color-wrapper{opacity: 0.2;}.uagb-block-e6f939b3.wp-block-uagb-image--layout-overlay .wp-block-uagb-image--layout-overlay__inner{left: 15px;right: 15px;top: 15px;bottom: 15px;}.uagb-block-e6f939b3.wp-block-uagb-image--layout-overlay .wp-block-uagb-image--layout-overlay__inner .uagb-image-heading{font-style: normal;color: #fff;opacity: 1;}.uagb-block-e6f939b3.wp-block-uagb-image--layout-overlay .wp-block-uagb-image--layout-overlay__inner .uagb-image-heading a{color: #fff;}.uagb-block-e6f939b3.wp-block-uagb-image--layout-overlay .wp-block-uagb-image--layout-overlay__inner .uagb-image-caption{opacity: 0;}.uagb-block-e6f939b3.wp-block-uagb-image--layout-overlay .wp-block-uagb-image__figure:hover .wp-block-uagb-image--layout-overlay__color-wrapper{opacity: 1;}.uagb-block-e6f939b3.wp-block-uagb-image .wp-block-uagb-image--layout-overlay__inner .uagb-image-separator{width: 30%;border-top-width: 2px;border-top-color: #fff;opacity: 0;}.uagb-block-e6f939b3.wp-block-uagb-image .wp-block-uagb-image__figure img{width: px;height: auto;}.uagb-block-e6f939b3.wp-block-uagb-image .wp-block-uagb-image__figure:hover .wp-block-uagb-image--layout-overlay__inner .uagb-image-caption{opacity: 1;}.uagb-block-e6f939b3.wp-block-uagb-image .wp-block-uagb-image__figure:hover .wp-block-uagb-image--layout-overlay__inner .uagb-image-separator{opacity: 1;}.uagb-block-e6f939b3.wp-block-uagb-image--layout-default figure:hover img{box-shadow: 0px 0px 0 #00000070;}.uagb-block-e6f939b3.wp-block-uagb-image--layout-overlay figure:hover img{box-shadow: 0px 0px 0 #00000070;}@media only screen and (max-width: 976px) {.uagb-block-e6f939b3.wp-block-uagb-image .wp-block-uagb-image__figure img{width: px;height: auto;}}@media only screen and (max-width: 767px) {.uagb-block-e6f939b3.wp-block-uagb-image .wp-block-uagb-image__figure img{width: px;height: auto;}}\";s:2:\"js\";s:0:\"\";s:18:\"current_block_list\";a:13:{i:0;s:11:\"core\/search\";i:1;s:10:\"core\/group\";i:2;s:12:\"core\/heading\";i:3;s:17:\"core\/latest-posts\";i:4;s:20:\"core\/latest-comments\";i:5;s:13:\"core\/archives\";i:6;s:15:\"core\/categories\";i:7;s:14:\"core\/paragraph\";i:8;s:10:\"uagb\/image\";i:9;s:11:\"core\/spacer\";i:10;s:30:\"woocommerce\/product-categories\";i:11;s:10:\"core\/image\";i:12;s:14:\"core\/shortcode\";}s:8:\"uag_flag\";b:1;s:11:\"uag_version\";s:10:\"1777049583\";s:6:\"gfonts\";a:0:{}s:10:\"gfonts_url\";s:0:\"\";s:12:\"gfonts_files\";a:0:{}s:14:\"uag_faq_layout\";b:0;}"]},"uagb_featured_image_src":{"full":["https:\/\/www.noleaky.com\/wp-content\/uploads\/2025\/06\/2.j.Windshield-Repairer_NoLeaky_3500.png",2560,2560,false],"thumbnail":["https:\/\/www.noleaky.com\/wp-content\/uploads\/2025\/06\/2.j.Windshield-Repairer_NoLeaky_3500-150x150.png",150,150,true],"medium":["https:\/\/www.noleaky.com\/wp-content\/uploads\/2025\/06\/2.j.Windshield-Repairer_NoLeaky_3500-300x300.png",300,300,true],"medium_large":["https:\/\/www.noleaky.com\/wp-content\/uploads\/2025\/06\/2.j.Windshield-Repairer_NoLeaky_3500-768x768.png",768,768,true],"large":["https:\/\/www.noleaky.com\/wp-content\/uploads\/2025\/06\/2.j.Windshield-Repairer_NoLeaky_3500-1024x1024.png",1024,1024,true],"1536x1536":["https:\/\/www.noleaky.com\/wp-content\/uploads\/2025\/06\/2.j.Windshield-Repairer_NoLeaky_3500-1536x1536.png",1536,1536,true],"2048x2048":["https:\/\/www.noleaky.com\/wp-content\/uploads\/2025\/06\/2.j.Windshield-Repairer_NoLeaky_3500-2048x2048.png",2048,2048,true],"trp-custom-language-flag":["https:\/\/www.noleaky.com\/wp-content\/uploads\/2025\/06\/2.j.Windshield-Repairer_NoLeaky_3500-12x12.png",12,12,true],"woocommerce_thumbnail":["https:\/\/www.noleaky.com\/wp-content\/uploads\/2025\/06\/2.j.Windshield-Repairer_NoLeaky_3500-300x300.png",300,300,true],"woocommerce_single":["https:\/\/www.noleaky.com\/wp-content\/uploads\/2025\/06\/2.j.Windshield-Repairer_NoLeaky_3500-600x600.png",600,600,true],"woocommerce_gallery_thumbnail":["https:\/\/www.noleaky.com\/wp-content\/uploads\/2025\/06\/2.j.Windshield-Repairer_NoLeaky_3500-100x100.png",100,100,true]},"uagb_author_info":{"display_name":"admin","author_link":"https:\/\/www.noleaky.com\/lv\/author\/"},"uagb_comment_info":77,"uagb_excerpt":"Repairs windshield chips and cracks quickly and effectively. Our windshield repair fluid is specially formulated to penetrate and fill chips, bullseyes, and small cracks in laminated automotive glass, restoring clarity and preventing further spreading. It bonds directly within the damaged area, reinforcing the structure of the glass and significantly improving visibility after curing. The most&hellip;","_links":{"self":[{"href":"https:\/\/www.noleaky.com\/lv\/wp-json\/wp\/v2\/product\/23029","targetHints":{"allow":["GET"]}}],"collection":[{"href":"https:\/\/www.noleaky.com\/lv\/wp-json\/wp\/v2\/product"}],"about":[{"href":"https:\/\/www.noleaky.com\/lv\/wp-json\/wp\/v2\/types\/product"}],"replies":[{"embeddable":true,"href":"https:\/\/www.noleaky.com\/lv\/wp-json\/wp\/v2\/comments?post=23029"}],"version-history":[{"count":4,"href":"https:\/\/www.noleaky.com\/lv\/wp-json\/wp\/v2\/product\/23029\/revisions"}],"predecessor-version":[{"id":33263,"href":"https:\/\/www.noleaky.com\/lv\/wp-json\/wp\/v2\/product\/23029\/revisions\/33263"}],"wp:featuredmedia":[{"embeddable":true,"href":"https:\/\/www.noleaky.com\/lv\/wp-json\/wp\/v2\/media\/23102"}],"wp:attachment":[{"href":"https:\/\/www.noleaky.com\/lv\/wp-json\/wp\/v2\/media?parent=23029"}],"wp:term":[{"taxonomy":"product_brand","embeddable":true,"href":"https:\/\/www.noleaky.com\/lv\/wp-json\/wp\/v2\/product_brand?post=23029"},{"taxonomy":"product_cat","embeddable":true,"href":"https:\/\/www.noleaky.com\/lv\/wp-json\/wp\/v2\/product_cat?post=23029"},{"taxonomy":"product_tag","embeddable":true,"href":"https:\/\/www.noleaky.com\/lv\/wp-json\/wp\/v2\/product_tag?post=23029"}],"curies":[{"name":"wp","href":"https:\/\/api.w.org\/{rel}","templated":true}]}}