{"id":23027,"date":"2025-06-02T15:49:28","date_gmt":"2025-06-02T13:49:28","guid":{"rendered":"https:\/\/www.noleaky.com\/products\/superethanol-treatment-e85\/"},"modified":"2026-03-01T14:36:25","modified_gmt":"2026-03-01T13:36:25","slug":"superethanol-treatment-e85","status":"publish","type":"product","link":"https:\/\/www.noleaky.com\/lv\/products\/superethanol-treatment-e85\/","title":{"rendered":"Superetanola apstr\u0101de"},"content":{"rendered":"<p><strong><img decoding=\"async\" style=\"margin-right: 12px;\" src=\"https:\/\/www.noleaky.com\/wp-content\/uploads\/2026\/02\/Check.svg\" alt=\"\" width=\"18\" height=\"15\" \/>Optimiz\u0113 dzin\u0113ja veiktsp\u0113ju transportl\u012bdzek\u013cos, kuros izmanto superetanola degvielu.<\/strong> M\u016bsu superetanola apstr\u0101de ir \u012bpa\u0161i izstr\u0101d\u0101ta, lai uzlabotu sadeg\u0161anas efektivit\u0101ti un dzin\u0113ja stabilit\u0101ti transportl\u012bdzek\u013cos, kuros izmanto degvielu ar augstu etanola saturu, piem\u0113ram, E85. Tas uzlabo aizdedzes kvalit\u0101ti, samazina neregul\u0101ras sadeg\u0161anas risku un nodro\u0161ina vienm\u0113r\u012bg\u0101ku dzin\u0113ja darb\u012bbu pat sare\u017e\u0123\u012btos brauk\u0161anas apst\u0101k\u013cos.<\/p>\n<p><strong><img decoding=\"async\" style=\"margin-right: 12px;\" src=\"https:\/\/www.noleaky.com\/wp-content\/uploads\/2026\/02\/Check.svg\" alt=\"\" width=\"18\" height=\"15\" \/>Visefekt\u012bv\u0101k\u0101 formula etanola iedarb\u012bbai pak\u013cauto degvielas sist\u0113mu aizsardz\u012bbai.<\/strong> Etanola b\u0101zes degviela var piesaist\u012bt mitrumu un izrais\u012bt koroziju degvielas sist\u0113m\u0101. M\u016bsu uzlabot\u0101 apstr\u0101de ir visefekt\u012bv\u0101kais risin\u0101jums degvielas stabiliz\u0113\u0161anai, ar \u016bdeni saist\u012bto probl\u0113mu samazin\u0101\u0161anai un in\u017eektoru, degvielas s\u016bk\u0146u un dzin\u0113ja iek\u0161\u0113jo komponentu aizsardz\u012bbai pret priek\u0161laic\u012bgu nolieto\u0161anos un nogulsn\u0113m.<\/p>\n<p><strong><img decoding=\"async\" style=\"margin-right: 12px;\" src=\"https:\/\/www.noleaky.com\/wp-content\/uploads\/2026\/02\/Check.svg\" alt=\"\" width=\"18\" height=\"15\" \/>L\u0113t\u0101k\u0101 augstas veiktsp\u0113jas piedeva tirg\u016b.<\/strong> M\u0113s pied\u0101v\u0101jam profesion\u0101las klases superetanola aizsardz\u012bbu par viskonkur\u0113tsp\u0113j\u012bg\u0101ko cenu. M\u016bsu produkts ir l\u0113t\u0101kais risin\u0101jums sav\u0101 kategorij\u0101, vienlaikus nodro\u0161inot izcilu efektivit\u0101ti, kas \u013cauj autovad\u012bt\u0101jiem pien\u0101c\u012bgi uztur\u0113t savus transportl\u012bdzek\u013cus, nepalielinot ekspluat\u0101cijas izmaksas.<\/p>\n<p><strong><img decoding=\"async\" style=\"margin-right: 12px;\" src=\"https:\/\/www.noleaky.com\/wp-content\/uploads\/2026\/02\/Check.svg\" alt=\"\" width=\"18\" height=\"15\" \/>Garant\u0113ta pieg\u0101de 24 stundu laik\u0101 t\u016bl\u012bt\u0113jai dzin\u0113ja apr\u016bpei.<\/strong> Ar degvielu saist\u012btie jaut\u0101jumi nedr\u012bkst gaid\u012bt. T\u0101p\u0113c m\u0113s garant\u0113jam pieg\u0101di 24 stundas diennakt\u012b, nodro\u0161inot, ka varat \u0101tri pievienot l\u012bdzekli degvielas tvertnei un bez kav\u0113\u0161an\u0101s uztur\u0113t optim\u0101lu dzin\u0113ja darb\u012bbu.<\/p>\n<p><strong><img decoding=\"async\" style=\"margin-right: 12px;\" src=\"https:\/\/www.noleaky.com\/wp-content\/uploads\/2026\/02\/Check.svg\" alt=\"\" width=\"18\" height=\"15\" \/>Naudas atmaksas garantija piln\u012bgam sirdsmieram.<\/strong> M\u0113s piln\u012bb\u0101 atbalst\u0101m m\u016bsu superetanola terapijas efektivit\u0101ti. Ja neesat apmierin\u0101ts ar rezult\u0101tiem, m\u0113s pied\u0101v\u0101jam naudas atmaksas garantiju. Vienk\u0101r\u0161i sazinieties ar mums, un m\u0113s atmaks\u0101sim naudu par pirkumu, padarot j\u016bsu ieguld\u012bjumu piln\u012bgi bez riska.<\/p>\n<p><strong><img decoding=\"async\" style=\"margin-right: 12px;\" src=\"https:\/\/www.noleaky.com\/wp-content\/uploads\/2026\/02\/Check.svg\" alt=\"\" width=\"18\" height=\"15\" \/>Uzlabo sadeg\u0161anu un degvielas efektivit\u0101ti.<\/strong> Optimiz\u0113jot ar etanolu bag\u0101tu degvielu sadeg\u0161anas procesu, \u0161\u012b apstr\u0101de pal\u012bdz dzin\u0113jiem piln\u012bg\u0101k sadedzin\u0101t degvielu. Tas var uzlabot drose\u013cv\u0101rsta reakciju, samazin\u0101t sv\u0101rst\u012bgumu un veicin\u0101t vienm\u0113r\u012bg\u0101ku degvielas pat\u0113ri\u0146a efektivit\u0101ti.<\/p>\n<p><strong><img decoding=\"async\" style=\"margin-right: 12px;\" src=\"https:\/\/www.noleaky.com\/wp-content\/uploads\/2026\/02\/Check.svg\" alt=\"\" width=\"18\" height=\"15\" \/>Nov\u0113r\u0161 koroziju un ar mitrumu saist\u012btus boj\u0101jumus.<\/strong> Etanola degviela ir higroskopiska un var absorb\u0113t \u016bdeni, kas var izrais\u012bt met\u0101la deta\u013cu koroziju. M\u016bsu formula pal\u012bdz kontrol\u0113t mitruma iedarb\u012bbu un veido aizsargbarjeru degvielas sist\u0113m\u0101, lai samazin\u0101tu r\u016bsas un oksid\u0101cijas risku.<\/p>\n<p><strong><img decoding=\"async\" style=\"margin-right: 12px;\" src=\"https:\/\/www.noleaky.com\/wp-content\/uploads\/2026\/02\/Check.svg\" alt=\"\" width=\"18\" height=\"15\" \/>Uztur in\u017eektorus un degvielas sist\u0113mu t\u012bru.<\/strong> Piedevas sast\u0101v\u0101 ir t\u012br\u012b\u0161anas l\u012bdzek\u013ci, kas pal\u012bdz samazin\u0101t nogulsnes in\u017eektoros un iepl\u016bdes komponentos, veicinot lab\u0101ku izsmidzin\u0101\u0161anu un vienm\u0113r\u012bg\u0101ku degvielas padevi, lai nodro\u0161in\u0101tu stabil\u0101ku dzin\u0113ja darb\u012bbu.<\/p>\n<p><strong><img decoding=\"async\" style=\"margin-right: 12px;\" src=\"https:\/\/www.noleaky.com\/wp-content\/uploads\/2026\/02\/Check.svg\" alt=\"\" width=\"18\" height=\"15\" \/>Uzlabo aukst\u0101s palai\u0161anas veiktsp\u0113ju.<\/strong> Degvielas ar augstu etanola saturu var apgr\u016btin\u0101t aukst\u0101s iedarbin\u0101\u0161anas procesu. \u0160\u012b apstr\u0101de pal\u012bdz uzlabot aizdedzi zemas temperat\u016bras apst\u0101k\u013cos, samazinot apgr\u016btin\u0101tu iedarbin\u0101\u0161anu un uzlabojot dzin\u0113ja reakciju.<\/p>\n<p><strong><img decoding=\"async\" style=\"margin-right: 12px;\" src=\"https:\/\/www.noleaky.com\/wp-content\/uploads\/2026\/02\/Check.svg\" alt=\"\" width=\"18\" height=\"15\" \/>\u013boti koncentr\u0113ts ar lielisku apstr\u0101des sp\u0113ju.<\/strong> Ar vienu pudeli var apstr\u0101d\u0101t lielu degvielas daudzumu, t\u0101p\u0113c tas ir rentabls un praktisks regul\u0101ras apkopes veik\u0161anai. T\u0101 optimiz\u0113t\u0101 koncentr\u0101cija nodro\u0161ina efekt\u012bvu sadali vis\u0101 degvielas sist\u0113m\u0101.<\/p>\n<h2><strong>Instrukcijas<\/strong><\/h2>\n<ul>\n<li>Pirms lieto\u0161anas p\u0101rliecinieties, ka transportl\u012bdzeklis ir sader\u012bgs ar superetanola degvielu, piem\u0113ram, E85.<\/li>\n<li>Pirms iepild\u012b\u0161anas pudeli labi sakratiet.<\/li>\n<li>Pirms degvielas uzpild\u012b\u0161anas ielejiet superetanola \u0161\u0137\u012bdumu tie\u0161i degvielas tvertn\u0113, lai nodro\u0161in\u0101tu optim\u0101lu sajauk\u0161anos.<\/li>\n<li>Ieteicam\u0101 deva ir aptuveni 250 ml uz 40 l\u012bdz 60 litriem degvielas. Piel\u0101gojiet proporcion\u0101li atkar\u012bb\u0101 no tvertnes tilpuma.<\/li>\n<li>Viena pudele parasti ir piem\u0113rota pilnas tvertnes apstr\u0101dei. Nep\u0101rsniedziet ieteicamo devu.<\/li>\n<li>Transportl\u012bdzek\u013ciem, kas regul\u0101ri tiek izmantoti ar superetanola degvielu, profilaktiskai apkopei izmantojiet \u0161o l\u012bdzekli katru otro vai tre\u0161o degvielas uzpildes reizi.<\/li>\n<li>Transportl\u012bdzek\u013ciem, kas tiek uzglab\u0101ti ilg\u0101ku laiku, pievienojiet l\u012bdzekli pirms uzglab\u0101\u0161anas, lai pal\u012bdz\u0113tu stabiliz\u0113t degvielu.<\/li>\n<li>P\u0113c degvielas uzpild\u012b\u0161anas brauciet norm\u0101l\u0101 re\u017e\u012bm\u0101, lai apstr\u0101d\u0101t\u0101 degviela var\u0113tu cirkul\u0113t vis\u0101 degvielas sist\u0113m\u0101.<\/li>\n<li>Uzglab\u0101t produktu v\u0113s\u0101, saus\u0101 viet\u0101, prom no tie\u0161iem saules stariem.<\/li>\n<li>Uzglab\u0101t b\u0113rniem nepieejam\u0101 viet\u0101 un izvair\u012bties no saskares ar \u0101du vai ac\u012bm.<\/li>\n<\/ul>","protected":false},"excerpt":{"rendered":"<p>Optimizes engine performance in vehicles running on superethanol fuel. Our superethanol treatment is specially developed to improve combustion efficiency and engine stability in vehicles using high-ethanol fuels such as E85. It enhances ignition quality, reduces irregular combustion, and supports smoother engine operation even under demanding driving conditions. The most effective formula for protecting fuel systems [&hellip;]<\/p>\n","protected":false},"featured_media":23098,"comment_status":"open","ping_status":"closed","template":"","meta":{"_uag_custom_page_level_css":"","site-sidebar-layout":"default","site-content-layout":"","ast-site-content-layout":"default","site-content-style":"default","site-sidebar-style":"default","ast-global-header-display":"","ast-banner-title-visibility":"","ast-main-header-display":"","ast-hfb-above-header-display":"","ast-hfb-below-header-display":"","ast-hfb-mobile-header-display":"","site-post-title":"","ast-breadcrumbs-content":"","ast-featured-img":"","footer-sml-layout":"","ast-disable-related-posts":"","theme-transparent-header-meta":"default","adv-header-id-meta":"","stick-header-meta":"","header-above-stick-meta":"","header-main-stick-meta":"","header-below-stick-meta":"","astra-migrate-meta-layouts":"set","ast-page-background-enabled":"default","ast-page-background-meta":{"desktop":{"background-color":"var(--ast-global-color-4)","background-image":"","background-repeat":"repeat","background-position":"center center","background-size":"auto","background-attachment":"scroll","background-type":"","background-media":"","overlay-type":"","overlay-color":"","overlay-opacity":"","overlay-gradient":""},"tablet":{"background-color":"","background-image":"","background-repeat":"repeat","background-position":"center center","background-size":"auto","background-attachment":"scroll","background-type":"","background-media":"","overlay-type":"","overlay-color":"","overlay-opacity":"","overlay-gradient":""},"mobile":{"background-color":"","background-image":"","background-repeat":"repeat","background-position":"center center","background-size":"auto","background-attachment":"scroll","background-type":"","background-media":"","overlay-type":"","overlay-color":"","overlay-opacity":"","overlay-gradient":""}},"ast-content-background-meta":{"desktop":{"background-color":"var(--ast-global-color-5)","background-image":"","background-repeat":"repeat","background-position":"center center","background-size":"auto","background-attachment":"scroll","background-type":"","background-media":"","overlay-type":"","overlay-color":"","overlay-opacity":"","overlay-gradient":""},"tablet":{"background-color":"var(--ast-global-color-5)","background-image":"","background-repeat":"repeat","background-position":"center center","background-size":"auto","background-attachment":"scroll","background-type":"","background-media":"","overlay-type":"","overlay-color":"","overlay-opacity":"","overlay-gradient":""},"mobile":{"background-color":"var(--ast-global-color-5)","background-image":"","background-repeat":"repeat","background-position":"center center","background-size":"auto","background-attachment":"scroll","background-type":"","background-media":"","overlay-type":"","overlay-color":"","overlay-opacity":"","overlay-gradient":""}}},"product_brand":[],"product_cat":[176],"product_tag":[],"class_list":{"0":"post-23027","1":"product","2":"type-product","3":"status-publish","4":"has-post-thumbnail","6":"product_cat-automotive","7":"desktop-align-left","8":"tablet-align-left","9":"mobile-align-left","11":"first","12":"instock","13":"shipping-taxable","14":"purchasable","15":"product-type-simple"},"spectra_custom_meta":{"_visibility":["visible"],"_shopify_product_id":["7961079578844"],"_s2w_shopify_domain":["noleaky.myshopify.com"],"_shopify_variant_id":["43736943100124"],"_sku":["NLSUPERETHANOLTREATMENTE85"],"_regular_price":["29.90"],"_price":["29.90"],"_sale_price":[""],"_weight":["0.35"],"_thumbnail_id":["23098"],"_global_unique_id":["5056773800939"],"total_sales":["2"],"_tax_status":["taxable"],"_tax_class":[""],"_manage_stock":["no"],"_backorders":["no"],"_sold_individually":["no"],"_virtual":["no"],"_downloadable":["no"],"_download_limit":["-1"],"_download_expiry":["-1"],"_stock":[null],"_stock_status":["instock"],"_wc_average_rating":["4.92"],"_wc_review_count":["71"],"_product_version":["10.5.2"],"_edit_lock":["1772372140:1"],"merchant-center-availability":["yes"],"merchant-center-category":["2788"],"merchant-center-id":["SE85T"],"_edit_last":["1"],"_wp_page_template":["default"],"site-sidebar-layout":["default"],"ast-site-content-layout":["default"],"site-content-style":["default"],"site-sidebar-style":["default"],"theme-transparent-header-meta":["default"],"_wc_rating_count":["a:2:{i:4;i:6;i:5;i:65;}"],"_upsell_ids":["a:3:{i:0;i:22975;i:1;i:23022;i:2;i:23025;}"],"_crosssell_ids":["a:3:{i:0;i:22975;i:1;i:23022;i:2;i:23025;}"],"astra-migrate-meta-layouts":["set"],"_uag_css_file_name":["uag-css-23027.css"],"_elementor_page_assets":["a:0:{}"]},"uagb_featured_image_src":{"full":["https:\/\/www.noleaky.com\/wp-content\/uploads\/2025\/06\/2.k.Superethanol-Treatment_4000x4000_33d7a698-01dd-4b28-84dd-3c26cff0899e.png",2560,2560,false],"thumbnail":["https:\/\/www.noleaky.com\/wp-content\/uploads\/2025\/06\/2.k.Superethanol-Treatment_4000x4000_33d7a698-01dd-4b28-84dd-3c26cff0899e-150x150.png",150,150,true],"medium":["https:\/\/www.noleaky.com\/wp-content\/uploads\/2025\/06\/2.k.Superethanol-Treatment_4000x4000_33d7a698-01dd-4b28-84dd-3c26cff0899e-300x300.png",300,300,true],"medium_large":["https:\/\/www.noleaky.com\/wp-content\/uploads\/2025\/06\/2.k.Superethanol-Treatment_4000x4000_33d7a698-01dd-4b28-84dd-3c26cff0899e-768x768.png",768,768,true],"large":["https:\/\/www.noleaky.com\/wp-content\/uploads\/2025\/06\/2.k.Superethanol-Treatment_4000x4000_33d7a698-01dd-4b28-84dd-3c26cff0899e-1024x1024.png",1024,1024,true],"1536x1536":["https:\/\/www.noleaky.com\/wp-content\/uploads\/2025\/06\/2.k.Superethanol-Treatment_4000x4000_33d7a698-01dd-4b28-84dd-3c26cff0899e-1536x1536.png",1536,1536,true],"2048x2048":["https:\/\/www.noleaky.com\/wp-content\/uploads\/2025\/06\/2.k.Superethanol-Treatment_4000x4000_33d7a698-01dd-4b28-84dd-3c26cff0899e-2048x2048.png",2048,2048,true],"trp-custom-language-flag":["https:\/\/www.noleaky.com\/wp-content\/uploads\/2025\/06\/2.k.Superethanol-Treatment_4000x4000_33d7a698-01dd-4b28-84dd-3c26cff0899e-12x12.png",12,12,true],"woocommerce_thumbnail":["https:\/\/www.noleaky.com\/wp-content\/uploads\/2025\/06\/2.k.Superethanol-Treatment_4000x4000_33d7a698-01dd-4b28-84dd-3c26cff0899e-300x300.png",300,300,true],"woocommerce_single":["https:\/\/www.noleaky.com\/wp-content\/uploads\/2025\/06\/2.k.Superethanol-Treatment_4000x4000_33d7a698-01dd-4b28-84dd-3c26cff0899e-600x600.png",600,600,true],"woocommerce_gallery_thumbnail":["https:\/\/www.noleaky.com\/wp-content\/uploads\/2025\/06\/2.k.Superethanol-Treatment_4000x4000_33d7a698-01dd-4b28-84dd-3c26cff0899e-100x100.png",100,100,true]},"uagb_author_info":{"display_name":"admin","author_link":"https:\/\/www.noleaky.com\/lv\/author\/"},"uagb_comment_info":71,"uagb_excerpt":"Optimizes engine performance in vehicles running on superethanol fuel. Our superethanol treatment is specially developed to improve combustion efficiency and engine stability in vehicles using high-ethanol fuels such as E85. It enhances ignition quality, reduces irregular combustion, and supports smoother engine operation even under demanding driving conditions. The most effective formula for protecting fuel systems&hellip;","_links":{"self":[{"href":"https:\/\/www.noleaky.com\/lv\/wp-json\/wp\/v2\/product\/23027","targetHints":{"allow":["GET"]}}],"collection":[{"href":"https:\/\/www.noleaky.com\/lv\/wp-json\/wp\/v2\/product"}],"about":[{"href":"https:\/\/www.noleaky.com\/lv\/wp-json\/wp\/v2\/types\/product"}],"replies":[{"embeddable":true,"href":"https:\/\/www.noleaky.com\/lv\/wp-json\/wp\/v2\/comments?post=23027"}],"version-history":[{"count":3,"href":"https:\/\/www.noleaky.com\/lv\/wp-json\/wp\/v2\/product\/23027\/revisions"}],"predecessor-version":[{"id":33264,"href":"https:\/\/www.noleaky.com\/lv\/wp-json\/wp\/v2\/product\/23027\/revisions\/33264"}],"wp:featuredmedia":[{"embeddable":true,"href":"https:\/\/www.noleaky.com\/lv\/wp-json\/wp\/v2\/media\/23098"}],"wp:attachment":[{"href":"https:\/\/www.noleaky.com\/lv\/wp-json\/wp\/v2\/media?parent=23027"}],"wp:term":[{"taxonomy":"product_brand","embeddable":true,"href":"https:\/\/www.noleaky.com\/lv\/wp-json\/wp\/v2\/product_brand?post=23027"},{"taxonomy":"product_cat","embeddable":true,"href":"https:\/\/www.noleaky.com\/lv\/wp-json\/wp\/v2\/product_cat?post=23027"},{"taxonomy":"product_tag","embeddable":true,"href":"https:\/\/www.noleaky.com\/lv\/wp-json\/wp\/v2\/product_tag?post=23027"}],"curies":[{"name":"wp","href":"https:\/\/api.w.org\/{rel}","templated":true}]}}