{"id":23001,"date":"2025-06-02T15:49:12","date_gmt":"2025-06-02T13:49:12","guid":{"rendered":"https:\/\/www.noleaky.com\/products\/high-performance-5w40-engine-oil\/"},"modified":"2026-03-01T14:52:53","modified_gmt":"2026-03-01T13:52:53","slug":"high-performance-5w40-engine-oil","status":"publish","type":"product","link":"https:\/\/www.noleaky.com\/lv\/products\/high-performance-5w40-engine-oil\/","title":{"rendered":"Augstas veiktsp\u0113jas motore\u013c\u013ca 5W40"},"content":{"rendered":"<p><strong><img decoding=\"async\" style=\"margin-right: 12px;\" src=\"https:\/\/www.noleaky.com\/wp-content\/uploads\/2026\/02\/Check.svg\" alt=\"\" width=\"18\" height=\"15\" \/>Maksim\u0101la dzin\u0113ja aizsardz\u012bba visos brauk\u0161anas apst\u0101k\u013cos.<\/strong> M\u016bsu augstas veiktsp\u0113jas motore\u013c\u013ca 5W40 ir izstr\u0101d\u0101ta, lai nodro\u0161in\u0101tu izcilu e\u013c\u013co\u0161anu un aizsardz\u012bbu m\u016bsdienu benz\u012bna un d\u012bze\u013cdzin\u0113jiem. T\u0101 veido sp\u0113c\u012bgu, stabilu e\u013c\u013cas pl\u0113vi, kas aizsarg\u0101 svar\u012bg\u0101k\u0101s dzin\u0113ja sast\u0101vda\u013cas pret nodilumu, berzi un augstu darba temperat\u016bru, nodro\u0161inot ilgsto\u0161u dzin\u0113ja iztur\u012bbu.<\/p>\n<p><strong><img decoding=\"async\" style=\"margin-right: 12px;\" src=\"https:\/\/www.noleaky.com\/wp-content\/uploads\/2026\/02\/Check.svg\" alt=\"\" width=\"18\" height=\"15\" \/>Pieejam\u0101 efekt\u012bv\u0101k\u0101 e\u013c\u013co\u0161anas tehnolo\u0123ija.<\/strong> \u0160\u012b ir visefekt\u012bv\u0101k\u0101 5W40 motore\u013c\u013ca sav\u0101 kategorij\u0101, kas izstr\u0101d\u0101ta, izmantojot uzlabotas sint\u0113tisk\u0101s b\u0101zes e\u013c\u013cas un veiktsp\u0113jas piedevas. T\u0101 saglab\u0101 viskozit\u0101tes stabilit\u0101ti ekstrem\u0101los karstuma un spiediena apst\u0101k\u013cos, nodro\u0161inot stabilu e\u013c\u013co\u0161anu aukst\u0101 start\u0113\u0161anas laik\u0101, braucot liel\u0101 \u0101trum\u0101 un lielas slodzes apst\u0101k\u013cos.<\/p>\n<p><strong><img decoding=\"async\" style=\"margin-right: 12px;\" src=\"https:\/\/www.noleaky.com\/wp-content\/uploads\/2026\/02\/Check.svg\" alt=\"\" width=\"18\" height=\"15\" \/>L\u0113t\u0101k\u0101 tirg\u016b pieejam\u0101 augst\u0101k\u0101s kvalit\u0101tes 5W40 motore\u013c\u013ca.<\/strong> M\u0113s pied\u0101v\u0101jam augst\u0101k\u0101 l\u012bme\u0146a dzin\u0113ja aizsardz\u012bbu par viskonkur\u0113tsp\u0113j\u012bg\u0101ko cenu. M\u016bsu augstas veiktsp\u0113jas 5W40 motore\u013c\u013ca ir l\u0113t\u0101kais pieejamais profesion\u0101l\u0101s klases risin\u0101jums, kas nodro\u0161ina izcilu kvalit\u0101ti un veiktsp\u0113ju bez augst\u0101k\u0101s cenas.<\/p>\n<p><strong><img decoding=\"async\" style=\"margin-right: 12px;\" src=\"https:\/\/www.noleaky.com\/wp-content\/uploads\/2026\/02\/Check.svg\" alt=\"\" width=\"18\" height=\"15\" \/>Garant\u0113ta pieg\u0101de 24 stundu laik\u0101 t\u016bl\u012bt\u0113jai e\u013c\u013cas mai\u0146ai.<\/strong> Dzin\u0113ja apkopi nekad nedr\u012bkst atlikt. T\u0101p\u0113c m\u0113s garant\u0113jam pieg\u0101di 24 stundas diennakt\u012b, \u013caujot jums nekav\u0113joties nomain\u012bt e\u013c\u013cu un nodro\u0161in\u0101t dzin\u0113ja aizsardz\u012bbu bez p\u0101rtraukuma.<\/p>\n<p><strong><img decoding=\"async\" style=\"margin-right: 12px;\" src=\"https:\/\/www.noleaky.com\/wp-content\/uploads\/2026\/02\/Check.svg\" alt=\"\" width=\"18\" height=\"15\" \/>Naudas atmaksas garantija piln\u012bgam sirdsmieram.<\/strong> M\u0113s esam p\u0101rliecin\u0101ti par m\u016bsu 5W40 motore\u013c\u013cas kvalit\u0101ti un veiktsp\u0113ju. Ja neesat apmierin\u0101ts, m\u0113s pied\u0101v\u0101jam naudas atmaksas garantiju. Vienk\u0101r\u0161i sazinieties ar mums, un m\u0113s atmaks\u0101sim naudu par pirkumu, nodro\u0161inot bezriska ieguld\u012bjumu.<\/p>\n<p><strong><img decoding=\"async\" style=\"margin-right: 12px;\" src=\"https:\/\/www.noleaky.com\/wp-content\/uploads\/2026\/02\/Check.svg\" alt=\"\" width=\"18\" height=\"15\" \/>Lielisks dzin\u0113ja p\u0101rkl\u0101jums un aizsardz\u012bba uz litru.<\/strong> Katrs litrs m\u016bsu 5W40 e\u013c\u013cas nodro\u0161ina piln\u012bgu e\u013c\u013co\u0161anas p\u0101rkl\u0101jumu visiem dzin\u0113ja iek\u0161\u0113jiem komponentiem, tostarp virzu\u013ciem, sadales v\u0101rpst\u0101m, gult\u0146iem un turbokompresoriem, nodro\u0161inot vienm\u0113r\u012bgu visu kust\u012bgo da\u013cu aizsardz\u012bbu.<\/p>\n<p><strong><img decoding=\"async\" style=\"margin-right: 12px;\" src=\"https:\/\/www.noleaky.com\/wp-content\/uploads\/2026\/02\/Check.svg\" alt=\"\" width=\"18\" height=\"15\" \/>Izcila aukst\u0101s palai\u0161anas veiktsp\u0113ja.<\/strong> 5W kategorija nodro\u0161ina \u0101tru e\u013c\u013cas cirkul\u0101ciju aukst\u0101s iedarbin\u0101\u0161anas laik\u0101, samazinot dzin\u0113ja nodilumu, kas parasti rodas pirmaj\u0101s sekund\u0113s p\u0113c aizdedzes. Tas uzlabo dzin\u0113ja ilgm\u016b\u017e\u012bbu un uzticam\u012bbu aukst\u0101k\u0101 klimat\u0101.<\/p>\n<p><strong><img decoding=\"async\" style=\"margin-right: 12px;\" src=\"https:\/\/www.noleaky.com\/wp-content\/uploads\/2026\/02\/Check.svg\" alt=\"\" width=\"18\" height=\"15\" \/>Notur\u012bba augst\u0101 temperat\u016br\u0101 un iztur\u012bba pret oksid\u0101ciju.<\/strong> 40 klases viskozit\u0101te nodro\u0161ina uzticamu aizsardz\u012bbu augst\u0101 darba temperat\u016br\u0101. E\u013c\u013ca ir notur\u012bga pret termisko sadal\u012b\u0161anos un oksid\u0101ciju, saglab\u0101jot veiktsp\u0113ju pat sare\u017e\u0123\u012btos brauk\u0161anas apst\u0101k\u013cos.<\/p>\n<p><strong><img decoding=\"async\" style=\"margin-right: 12px;\" src=\"https:\/\/www.noleaky.com\/wp-content\/uploads\/2026\/02\/Check.svg\" alt=\"\" width=\"18\" height=\"15\" \/>Atbalsta turbokompresoru un augstas veiktsp\u0113jas dzin\u0113jus.<\/strong> \u0160\u012b e\u013c\u013ca ir izstr\u0101d\u0101ta, lai atbilstu moderno dzin\u0113ju, tostarp ar turbokompresoru un daudzv\u0101rstu\u013cu sist\u0113mu, vajadz\u012bb\u0101m, un pal\u012bdz uztur\u0113t t\u012brus iek\u0161\u0113jos komponentus un nov\u0113r\u0161 kait\u012bgu nogul\u0161\u0146u veido\u0161anos.<\/p>\n<p><strong><img decoding=\"async\" style=\"margin-right: 12px;\" src=\"https:\/\/www.noleaky.com\/wp-content\/uploads\/2026\/02\/Check.svg\" alt=\"\" width=\"18\" height=\"15\" \/>Pagarina dzin\u0113ja darbm\u016b\u017eu un uzlabo kop\u0113jo efektivit\u0101ti.<\/strong> Samazinot berzi un nodilumu, e\u013c\u013ca nodro\u0161ina vienm\u0113r\u012bg\u0101ku dzin\u0113ja darb\u012bbu, lab\u0101ku degvielas pat\u0113ri\u0146a efektivit\u0101ti un ilgtermi\u0146a meh\u0101nisko uzticam\u012bbu.<\/p>\n<h2><strong>Instrukcijas<\/strong><\/h2>\n<ul>\n<li>Pirms e\u013c\u013cas mai\u0146as uzs\u0101k\u0161anas p\u0101rliecinieties, ka motors ir izsl\u0113gts un nedaudz atdzisis.<\/li>\n<li>Novietojiet transportl\u012bdzekli uz l\u012bdzenas virsmas un dro\u0161i nostipriniet to.<\/li>\n<li>Piln\u012bb\u0101 iztuk\u0161ojiet veco motora e\u013c\u013cu, atvienojot e\u013c\u013cas iztuk\u0161o\u0161anas aizb\u0101zni un \u013caujot e\u013c\u013cai iepl\u016bst piem\u0113rot\u0101 trauk\u0101.<\/li>\n<li>Nomainiet e\u013c\u013cas filtru pret jaunu saska\u0146\u0101 ar ra\u017eot\u0101ja specifik\u0101cij\u0101m.<\/li>\n<li>P\u0113c tam, kad vec\u0101 e\u013c\u013ca ir piln\u012bb\u0101 izpl\u016bdusi, atkal dro\u0161i uzlieciet iztuk\u0161o\u0161anas aizb\u0101zni.<\/li>\n<li>Uzpildiet dzin\u0113ju ar ieteicamo augstas veiktsp\u0113jas 5W40 motore\u013c\u013cas daudzumu. Tipisk\u0101 deva ir atkar\u012bga no dzin\u0113ja darba tilpuma, parasti t\u0101 ir no 4 l\u012bdz 6 litriem vieglajiem automobi\u013ciem.<\/li>\n<li>Lai p\u0101rbaud\u012btu e\u013c\u013cas l\u012bmeni un p\u0101rliecin\u0101tos, ka tas nep\u0101rsniedz ieteicamo l\u012bmeni, izmantojiet m\u0113rlenti.<\/li>\n<li>Palaidiet dzin\u0113ju un \u013caujiet tam darboties da\u017eas min\u016btes, lai nodro\u0161in\u0101tu pareizu e\u013c\u013cas cirkul\u0101ciju.<\/li>\n<li>Izsl\u0113dziet dzin\u0113ju un v\u0113lreiz p\u0101rbaudiet e\u013c\u013cas l\u012bmeni, vajadz\u012bbas gad\u012bjum\u0101 to uzpildot.<\/li>\n<li>Lai nodro\u0161in\u0101tu optim\u0101lu dzin\u0113ja darb\u012bbu un aizsardz\u012bbu, iev\u0113rojiet transportl\u012bdzek\u013ca ra\u017eot\u0101ja ieteiktos e\u013c\u013cas mai\u0146as interv\u0101lus.<\/li>\n<\/ul>","protected":false},"excerpt":{"rendered":"<p>Maximum engine protection under all driving conditions. Our high performance 5W40 engine oil is engineered to deliver superior lubrication and protection for modern gasoline and diesel engines. It forms a strong, stable oil film that protects critical engine components against wear, friction, and high operating temperatures, ensuring long-lasting engine durability. The most effective lubrication technology [&hellip;]<\/p>\n","protected":false},"featured_media":23071,"comment_status":"open","ping_status":"closed","template":"","meta":{"_uag_custom_page_level_css":"","site-sidebar-layout":"default","site-content-layout":"","ast-site-content-layout":"default","site-content-style":"default","site-sidebar-style":"default","ast-global-header-display":"","ast-banner-title-visibility":"","ast-main-header-display":"","ast-hfb-above-header-display":"","ast-hfb-below-header-display":"","ast-hfb-mobile-header-display":"","site-post-title":"","ast-breadcrumbs-content":"","ast-featured-img":"","footer-sml-layout":"","ast-disable-related-posts":"","theme-transparent-header-meta":"default","adv-header-id-meta":"","stick-header-meta":"","header-above-stick-meta":"","header-main-stick-meta":"","header-below-stick-meta":"","astra-migrate-meta-layouts":"set","ast-page-background-enabled":"default","ast-page-background-meta":{"desktop":{"background-color":"var(--ast-global-color-4)","background-image":"","background-repeat":"repeat","background-position":"center center","background-size":"auto","background-attachment":"scroll","background-type":"","background-media":"","overlay-type":"","overlay-color":"","overlay-opacity":"","overlay-gradient":""},"tablet":{"background-color":"","background-image":"","background-repeat":"repeat","background-position":"center center","background-size":"auto","background-attachment":"scroll","background-type":"","background-media":"","overlay-type":"","overlay-color":"","overlay-opacity":"","overlay-gradient":""},"mobile":{"background-color":"","background-image":"","background-repeat":"repeat","background-position":"center center","background-size":"auto","background-attachment":"scroll","background-type":"","background-media":"","overlay-type":"","overlay-color":"","overlay-opacity":"","overlay-gradient":""}},"ast-content-background-meta":{"desktop":{"background-color":"var(--ast-global-color-5)","background-image":"","background-repeat":"repeat","background-position":"center center","background-size":"auto","background-attachment":"scroll","background-type":"","background-media":"","overlay-type":"","overlay-color":"","overlay-opacity":"","overlay-gradient":""},"tablet":{"background-color":"var(--ast-global-color-5)","background-image":"","background-repeat":"repeat","background-position":"center center","background-size":"auto","background-attachment":"scroll","background-type":"","background-media":"","overlay-type":"","overlay-color":"","overlay-opacity":"","overlay-gradient":""},"mobile":{"background-color":"var(--ast-global-color-5)","background-image":"","background-repeat":"repeat","background-position":"center center","background-size":"auto","background-attachment":"scroll","background-type":"","background-media":"","overlay-type":"","overlay-color":"","overlay-opacity":"","overlay-gradient":""}}},"product_brand":[],"product_cat":[176],"product_tag":[],"class_list":{"0":"post-23001","1":"product","2":"type-product","3":"status-publish","4":"has-post-thumbnail","6":"product_cat-automotive","7":"desktop-align-left","8":"tablet-align-left","9":"mobile-align-left","11":"first","12":"instock","13":"sale","14":"shipping-taxable","15":"purchasable","16":"product-type-variable","17":"has-default-attributes"},"spectra_custom_meta":{"_visibility":["visible"],"_shopify_product_id":["7960284725468"],"_s2w_shopify_domain":["noleaky.myshopify.com"],"_shopify_variant_id":["43735106027740"],"_manage_stock":["no"],"total_sales":["1"],"_tax_status":["taxable"],"_tax_class":[""],"_backorders":["no"],"_sold_individually":["no"],"_virtual":["no"],"_downloadable":["no"],"_download_limit":["-1"],"_download_expiry":["-1"],"_stock":[null],"_stock_status":["instock"],"_wc_average_rating":["4.98"],"_wc_review_count":["57"],"_product_attributes":["a:1:{s:6:\"volume\";a:6:{s:4:\"name\";s:6:\"volume\";s:5:\"value\";s:20:\"5 liters | 25 liters\";s:8:\"position\";i:1;s:10:\"is_visible\";i:0;s:12:\"is_variation\";i:1;s:11:\"is_taxonomy\";i:0;}}"],"_product_version":["10.5.2"],"_thumbnail_id":["23071"],"_product_image_gallery":["23072"],"_edit_lock":["1772373069:1"],"merchant-center-availability":["yes"],"merchant-center-category":["3044"],"merchant-center-id":["5W40"],"_edit_last":["1"],"_wp_page_template":["default"],"site-sidebar-layout":["default"],"ast-site-content-layout":["default"],"site-content-style":["default"],"site-sidebar-style":["default"],"theme-transparent-header-meta":["default"],"_default_attributes":["a:1:{s:6:\"volume\";s:8:\"5 liters\";}"],"_price":["39.90","99.90"],"_wc_rating_count":["a:2:{i:4;i:1;i:5;i:56;}"],"_upsell_ids":["a:3:{i:0;i:22975;i:1;i:23022;i:2;i:23025;}"],"_crosssell_ids":["a:3:{i:0;i:22975;i:1;i:23022;i:2;i:23025;}"],"astra-migrate-meta-layouts":["set"],"_uag_css_file_name":["uag-css-23001.css"],"_elementor_page_assets":["a:0:{}"],"_uag_page_assets":["a:9:{s:3:\"css\";s:7133:\".uag-blocks-common-selector{z-index:var(--z-index-desktop) !important}@media(max-width: 976px){.uag-blocks-common-selector{z-index:var(--z-index-tablet) !important}}@media(max-width: 767px){.uag-blocks-common-selector{z-index:var(--z-index-mobile) !important}}.wp-block-uagb-image{display:flex}.wp-block-uagb-image__figure{position:relative;display:flex;flex-direction:column;max-width:100%;height:auto;margin:0}.wp-block-uagb-image__figure img{height:auto;display:flex;max-width:100%;transition:box-shadow .2s ease}.wp-block-uagb-image__figure>a{display:inline-block}.wp-block-uagb-image__figure figcaption{text-align:center;margin-top:.5em;margin-bottom:1em}.wp-block-uagb-image .components-placeholder.block-editor-media-placeholder .components-placeholder__instructions{align-self:center}.wp-block-uagb-image--align-left{text-align:left}.wp-block-uagb-image--align-right{text-align:right}.wp-block-uagb-image--align-center{text-align:center}.wp-block-uagb-image--align-full .wp-block-uagb-image__figure{margin-left:calc(50% - 50vw);margin-right:calc(50% - 50vw);max-width:100vw;width:100vw;height:auto}.wp-block-uagb-image--align-full .wp-block-uagb-image__figure img{height:auto;width:100% !important}.wp-block-uagb-image--align-wide .wp-block-uagb-image__figure img{height:auto;width:100%}.wp-block-uagb-image--layout-overlay__color-wrapper{position:absolute;left:0;top:0;right:0;bottom:0;opacity:.2;background:rgba(0,0,0,.5);transition:opacity .35s ease-in-out}.wp-block-uagb-image--layout-overlay-link{position:absolute;left:0;right:0;bottom:0;top:0}.wp-block-uagb-image--layout-overlay .wp-block-uagb-image__figure:hover .wp-block-uagb-image--layout-overlay__color-wrapper{opacity:1}.wp-block-uagb-image--layout-overlay__inner{position:absolute;left:15px;right:15px;bottom:15px;top:15px;display:flex;align-items:center;justify-content:center;flex-direction:column;border-color:#fff;transition:.35s ease-in-out}.wp-block-uagb-image--layout-overlay__inner.top-left,.wp-block-uagb-image--layout-overlay__inner.top-center,.wp-block-uagb-image--layout-overlay__inner.top-right{justify-content:flex-start}.wp-block-uagb-image--layout-overlay__inner.bottom-left,.wp-block-uagb-image--layout-overlay__inner.bottom-center,.wp-block-uagb-image--layout-overlay__inner.bottom-right{justify-content:flex-end}.wp-block-uagb-image--layout-overlay__inner.top-left,.wp-block-uagb-image--layout-overlay__inner.center-left,.wp-block-uagb-image--layout-overlay__inner.bottom-left{align-items:flex-start}.wp-block-uagb-image--layout-overlay__inner.top-right,.wp-block-uagb-image--layout-overlay__inner.center-right,.wp-block-uagb-image--layout-overlay__inner.bottom-right{align-items:flex-end}.wp-block-uagb-image--layout-overlay__inner .uagb-image-heading{color:#fff;transition:transform .35s,opacity .35s ease-in-out;transform:translate3d(0, 24px, 0);margin:0;line-height:1em}.wp-block-uagb-image--layout-overlay__inner .uagb-image-separator{width:30%;border-top-width:2px;border-top-color:#fff;border-top-style:solid;margin-bottom:10px;opacity:0;transition:transform .4s,opacity .4s ease-in-out;transform:translate3d(0, 30px, 0)}.wp-block-uagb-image--layout-overlay__inner .uagb-image-caption{opacity:0;overflow:visible;color:#fff;transition:transform .45s,opacity .45s ease-in-out;transform:translate3d(0, 35px, 0)}.wp-block-uagb-image--layout-overlay__inner:hover .uagb-image-heading,.wp-block-uagb-image--layout-overlay__inner:hover .uagb-image-separator,.wp-block-uagb-image--layout-overlay__inner:hover .uagb-image-caption{opacity:1;transform:translate3d(0, 0, 0)}.wp-block-uagb-image--effect-zoomin .wp-block-uagb-image__figure img,.wp-block-uagb-image--effect-zoomin .wp-block-uagb-image__figure .wp-block-uagb-image--layout-overlay__color-wrapper{transform:scale(1);transition:transform .35s ease-in-out}.wp-block-uagb-image--effect-zoomin .wp-block-uagb-image__figure:hover img,.wp-block-uagb-image--effect-zoomin .wp-block-uagb-image__figure:hover .wp-block-uagb-image--layout-overlay__color-wrapper{transform:scale(1.05)}.wp-block-uagb-image--effect-slide .wp-block-uagb-image__figure img,.wp-block-uagb-image--effect-slide .wp-block-uagb-image__figure .wp-block-uagb-image--layout-overlay__color-wrapper{width:calc(100% + 40px) !important;max-width:none !important;transform:translate3d(-40px, 0, 0);transition:transform .35s ease-in-out}.wp-block-uagb-image--effect-slide .wp-block-uagb-image__figure:hover img,.wp-block-uagb-image--effect-slide .wp-block-uagb-image__figure:hover .wp-block-uagb-image--layout-overlay__color-wrapper{transform:translate3d(0, 0, 0)}.wp-block-uagb-image--effect-grayscale img{filter:grayscale(0%);transition:.35s ease-in-out}.wp-block-uagb-image--effect-grayscale:hover img{filter:grayscale(100%)}.wp-block-uagb-image--effect-blur img{filter:blur(0);transition:.35s ease-in-out}.wp-block-uagb-image--effect-blur:hover img{filter:blur(3px)}.uagb-block-e6f939b3.wp-block-uagb-image--layout-default figure img{box-shadow: 0px 0px 0 #00000070;}.uagb-block-e6f939b3.wp-block-uagb-image .wp-block-uagb-image__figure figcaption{font-style: normal;align-self: center;}.uagb-block-e6f939b3.wp-block-uagb-image--layout-overlay figure img{box-shadow: 0px 0px 0 #00000070;}.uagb-block-e6f939b3.wp-block-uagb-image--layout-overlay .wp-block-uagb-image--layout-overlay__color-wrapper{opacity: 0.2;}.uagb-block-e6f939b3.wp-block-uagb-image--layout-overlay .wp-block-uagb-image--layout-overlay__inner{left: 15px;right: 15px;top: 15px;bottom: 15px;}.uagb-block-e6f939b3.wp-block-uagb-image--layout-overlay .wp-block-uagb-image--layout-overlay__inner .uagb-image-heading{font-style: normal;color: #fff;opacity: 1;}.uagb-block-e6f939b3.wp-block-uagb-image--layout-overlay .wp-block-uagb-image--layout-overlay__inner .uagb-image-heading a{color: #fff;}.uagb-block-e6f939b3.wp-block-uagb-image--layout-overlay .wp-block-uagb-image--layout-overlay__inner .uagb-image-caption{opacity: 0;}.uagb-block-e6f939b3.wp-block-uagb-image--layout-overlay .wp-block-uagb-image__figure:hover .wp-block-uagb-image--layout-overlay__color-wrapper{opacity: 1;}.uagb-block-e6f939b3.wp-block-uagb-image .wp-block-uagb-image--layout-overlay__inner .uagb-image-separator{width: 30%;border-top-width: 2px;border-top-color: #fff;opacity: 0;}.uagb-block-e6f939b3.wp-block-uagb-image .wp-block-uagb-image__figure img{width: px;height: auto;}.uagb-block-e6f939b3.wp-block-uagb-image .wp-block-uagb-image__figure:hover .wp-block-uagb-image--layout-overlay__inner .uagb-image-caption{opacity: 1;}.uagb-block-e6f939b3.wp-block-uagb-image .wp-block-uagb-image__figure:hover .wp-block-uagb-image--layout-overlay__inner .uagb-image-separator{opacity: 1;}.uagb-block-e6f939b3.wp-block-uagb-image--layout-default figure:hover img{box-shadow: 0px 0px 0 #00000070;}.uagb-block-e6f939b3.wp-block-uagb-image--layout-overlay figure:hover img{box-shadow: 0px 0px 0 #00000070;}@media only screen and (max-width: 976px) {.uagb-block-e6f939b3.wp-block-uagb-image .wp-block-uagb-image__figure img{width: px;height: auto;}}@media only screen and (max-width: 767px) {.uagb-block-e6f939b3.wp-block-uagb-image .wp-block-uagb-image__figure img{width: px;height: auto;}}\";s:2:\"js\";s:0:\"\";s:18:\"current_block_list\";a:13:{i:0;s:11:\"core\/search\";i:1;s:10:\"core\/group\";i:2;s:12:\"core\/heading\";i:3;s:17:\"core\/latest-posts\";i:4;s:20:\"core\/latest-comments\";i:5;s:13:\"core\/archives\";i:6;s:15:\"core\/categories\";i:7;s:14:\"core\/paragraph\";i:8;s:10:\"uagb\/image\";i:9;s:11:\"core\/spacer\";i:10;s:30:\"woocommerce\/product-categories\";i:11;s:10:\"core\/image\";i:12;s:14:\"core\/shortcode\";}s:8:\"uag_flag\";b:1;s:11:\"uag_version\";s:10:\"1776861645\";s:6:\"gfonts\";a:0:{}s:10:\"gfonts_url\";s:0:\"\";s:12:\"gfonts_files\";a:0:{}s:14:\"uag_faq_layout\";b:0;}"]},"uagb_featured_image_src":{"full":["https:\/\/www.noleaky.com\/wp-content\/uploads\/2025\/06\/2.b.MotorOil_5w40_2500.png",2500,2000,false],"thumbnail":["https:\/\/www.noleaky.com\/wp-content\/uploads\/2025\/06\/2.b.MotorOil_5w40_2500-150x150.png",150,150,true],"medium":["https:\/\/www.noleaky.com\/wp-content\/uploads\/2025\/06\/2.b.MotorOil_5w40_2500-300x240.png",300,240,true],"medium_large":["https:\/\/www.noleaky.com\/wp-content\/uploads\/2025\/06\/2.b.MotorOil_5w40_2500-768x614.png",768,614,true],"large":["https:\/\/www.noleaky.com\/wp-content\/uploads\/2025\/06\/2.b.MotorOil_5w40_2500-1024x819.png",1024,819,true],"1536x1536":["https:\/\/www.noleaky.com\/wp-content\/uploads\/2025\/06\/2.b.MotorOil_5w40_2500-1536x1229.png",1536,1229,true],"2048x2048":["https:\/\/www.noleaky.com\/wp-content\/uploads\/2025\/06\/2.b.MotorOil_5w40_2500-2048x1638.png",2048,1638,true],"trp-custom-language-flag":["https:\/\/www.noleaky.com\/wp-content\/uploads\/2025\/06\/2.b.MotorOil_5w40_2500-15x12.png",15,12,true],"woocommerce_thumbnail":["https:\/\/www.noleaky.com\/wp-content\/uploads\/2025\/06\/2.b.MotorOil_5w40_2500-300x300.png",300,300,true],"woocommerce_single":["https:\/\/www.noleaky.com\/wp-content\/uploads\/2025\/06\/2.b.MotorOil_5w40_2500-600x480.png",600,480,true],"woocommerce_gallery_thumbnail":["https:\/\/www.noleaky.com\/wp-content\/uploads\/2025\/06\/2.b.MotorOil_5w40_2500-100x100.png",100,100,true]},"uagb_author_info":{"display_name":"admin","author_link":"https:\/\/www.noleaky.com\/lv\/author\/"},"uagb_comment_info":57,"uagb_excerpt":"Maximum engine protection under all driving conditions. Our high performance 5W40 engine oil is engineered to deliver superior lubrication and protection for modern gasoline and diesel engines. It forms a strong, stable oil film that protects critical engine components against wear, friction, and high operating temperatures, ensuring long-lasting engine durability. The most effective lubrication technology&hellip;","_links":{"self":[{"href":"https:\/\/www.noleaky.com\/lv\/wp-json\/wp\/v2\/product\/23001","targetHints":{"allow":["GET"]}}],"collection":[{"href":"https:\/\/www.noleaky.com\/lv\/wp-json\/wp\/v2\/product"}],"about":[{"href":"https:\/\/www.noleaky.com\/lv\/wp-json\/wp\/v2\/types\/product"}],"replies":[{"embeddable":true,"href":"https:\/\/www.noleaky.com\/lv\/wp-json\/wp\/v2\/comments?post=23001"}],"version-history":[{"count":3,"href":"https:\/\/www.noleaky.com\/lv\/wp-json\/wp\/v2\/product\/23001\/revisions"}],"predecessor-version":[{"id":33272,"href":"https:\/\/www.noleaky.com\/lv\/wp-json\/wp\/v2\/product\/23001\/revisions\/33272"}],"wp:featuredmedia":[{"embeddable":true,"href":"https:\/\/www.noleaky.com\/lv\/wp-json\/wp\/v2\/media\/23071"}],"wp:attachment":[{"href":"https:\/\/www.noleaky.com\/lv\/wp-json\/wp\/v2\/media?parent=23001"}],"wp:term":[{"taxonomy":"product_brand","embeddable":true,"href":"https:\/\/www.noleaky.com\/lv\/wp-json\/wp\/v2\/product_brand?post=23001"},{"taxonomy":"product_cat","embeddable":true,"href":"https:\/\/www.noleaky.com\/lv\/wp-json\/wp\/v2\/product_cat?post=23001"},{"taxonomy":"product_tag","embeddable":true,"href":"https:\/\/www.noleaky.com\/lv\/wp-json\/wp\/v2\/product_tag?post=23001"}],"curies":[{"name":"wp","href":"https:\/\/api.w.org\/{rel}","templated":true}]}}