{"id":22991,"date":"2025-06-02T15:49:06","date_gmt":"2025-06-02T13:49:06","guid":{"rendered":"https:\/\/www.noleaky.com\/products\/high-performance-10w40-engine-oil\/"},"modified":"2026-03-01T14:57:00","modified_gmt":"2026-03-01T13:57:00","slug":"high-performance-10w40-engine-oil","status":"publish","type":"product","link":"https:\/\/www.noleaky.com\/lv\/products\/high-performance-10w40-engine-oil\/","title":{"rendered":"Augstas veiktsp\u0113jas motore\u013c\u013ca 10W40"},"content":{"rendered":"<p><strong><img decoding=\"async\" style=\"margin-right: 12px;\" src=\"https:\/\/www.noleaky.com\/wp-content\/uploads\/2026\/02\/Check.svg\" alt=\"\" width=\"18\" height=\"15\" \/>Uzticama aizsardz\u012bba gan ikdienas, gan intens\u012bvai brauk\u0161anai.<\/strong> M\u016bsu augstas veiktsp\u0113jas motore\u013c\u013ca 10W40 ir izstr\u0101d\u0101ta, lai nodro\u0161in\u0101tu sp\u0113c\u012bgu un stabilu e\u013c\u013co\u0161anu benz\u012bna un d\u012bze\u013cdzin\u0113jiem, kas darbojas da\u017e\u0101dos apst\u0101k\u013cos. T\u0101 veido iztur\u012bgu aizsargpl\u0113vi, kas aizsarg\u0101 kust\u012bg\u0101s deta\u013cas no nodiluma, berzes un karstuma, pal\u012bdzot saglab\u0101t vienm\u0113r\u012bgu dzin\u0113ja darb\u012bbu laika gait\u0101.<\/p>\n<p><strong><img decoding=\"async\" style=\"margin-right: 12px;\" src=\"https:\/\/www.noleaky.com\/wp-content\/uploads\/2026\/02\/Check.svg\" alt=\"\" width=\"18\" height=\"15\" \/>Pieejam\u0101 efekt\u012bv\u0101k\u0101 10W40 e\u013c\u013co\u0161anas tehnolo\u0123ija.<\/strong> \u0160\u012b ir visefekt\u012bv\u0101k\u0101 10W40 motore\u013c\u013ca sav\u0101 kategorij\u0101, kas izstr\u0101d\u0101ta, izmantojot augstas kvalit\u0101tes b\u0101zes e\u013c\u013cas un uzlabotas piedevu sist\u0113mas. T\u0101 nodro\u0161ina izcilu viskozit\u0101tes stabilit\u0101ti, sp\u0113c\u012bgu aizsardz\u012bbu pret nodilumu un efekt\u012bvu dzin\u0113ja t\u012br\u012bbu pat sare\u017e\u0123\u012btos brauk\u0161anas apst\u0101k\u013cos.<\/p>\n<p><strong><img decoding=\"async\" style=\"margin-right: 12px;\" src=\"https:\/\/www.noleaky.com\/wp-content\/uploads\/2026\/02\/Check.svg\" alt=\"\" width=\"18\" height=\"15\" \/>L\u0113t\u0101k\u0101 tirg\u016b pieejam\u0101 augst\u0101k\u0101s kvalit\u0101tes 10W40 motore\u013c\u013ca.<\/strong> M\u0113s pied\u0101v\u0101jam profesion\u0101las klases dzin\u0113ja aizsardz\u012bbu par viskonkur\u0113tsp\u0113j\u012bg\u0101ko cenu. M\u016bsu augstas veiktsp\u0113jas 10W40 motore\u013c\u013ca ir l\u0113t\u0101kais risin\u0101jums sav\u0101 klas\u0113, vienlaikus saglab\u0101jot izcilu kvalit\u0101ti un iztur\u012bbu, t\u0101p\u0113c t\u0101 ir ide\u0101li piem\u0113rota gan priv\u0101tajiem autovad\u012bt\u0101jiem, gan autoparku operatoriem.<\/p>\n<p><strong><img decoding=\"async\" style=\"margin-right: 12px;\" src=\"https:\/\/www.noleaky.com\/wp-content\/uploads\/2026\/02\/Check.svg\" alt=\"\" width=\"18\" height=\"15\" \/>Garant\u0113ta pieg\u0101de 24 stundu laik\u0101 \u0101trai un \u0113rtai apkopei.<\/strong> Nek\u0101d\u0101 gad\u012bjum\u0101 nedr\u012bkst atlikt k\u0101rt\u0113jo apkopi. T\u0101p\u0113c m\u0113s garant\u0113jam pieg\u0101di 24 stundas diennakt\u012b, nodro\u0161inot, ka e\u013c\u013cu sa\u0146emat \u0101tri un varat veikt e\u013c\u013cas mai\u0146u bez liekas kav\u0113\u0161an\u0101s.<\/p>\n<p><strong><img decoding=\"async\" style=\"margin-right: 12px;\" src=\"https:\/\/www.noleaky.com\/wp-content\/uploads\/2026\/02\/Check.svg\" alt=\"\" width=\"18\" height=\"15\" \/>Naudas atmaksas garantija piln\u012bgai p\u0101rliec\u012bbai.<\/strong> M\u0113s garant\u0113jam m\u016bsu 10W40 motore\u013c\u013cas veiktsp\u0113ju un kvalit\u0101ti. Ja neesat apmierin\u0101ts, m\u0113s pied\u0101v\u0101jam naudas atmaksas garantiju. Vienk\u0101r\u0161i sazinieties ar mums, un m\u0113s atmaks\u0101sim naudu par pirkumu, padarot j\u016bsu ieguld\u012bjumu piln\u012bgi bez riska.<\/p>\n<p><strong><img decoding=\"async\" style=\"margin-right: 12px;\" src=\"https:\/\/www.noleaky.com\/wp-content\/uploads\/2026\/02\/Check.svg\" alt=\"\" width=\"18\" height=\"15\" \/>Lielisks motora iek\u0161\u0113jais p\u0101rkl\u0101jums uz litru.<\/strong> Katrs litrs nodro\u0161ina pilnu e\u013c\u013co\u0161anas p\u0101rkl\u0101jumu vis\u0101 dzin\u0113j\u0101, ieskaitot virzu\u013cus, klo\u0137v\u0101rpstas, sadales v\u0101rpstas, gult\u0146us un v\u0101rstu sast\u0101vda\u013cas. \u0160\u012b vienm\u0113r\u012bg\u0101 aizsardz\u012bba samazina met\u0101la saskares ar met\u0101lu un pagarina dzin\u0113ja darbm\u016b\u017eu.<\/p>\n<p><strong><img decoding=\"async\" style=\"margin-right: 12px;\" src=\"https:\/\/www.noleaky.com\/wp-content\/uploads\/2026\/02\/Check.svg\" alt=\"\" width=\"18\" height=\"15\" \/>Sp\u0113c\u012bga aizsardz\u012bba pret aukst\u0101s palai\u0161anas temperat\u016bru.<\/strong> 10W kategorija nodro\u0161ina dro\u0161u e\u013c\u013cas pl\u016bsmu m\u0113renas aukstas iedarbin\u0101\u0161anas laik\u0101, samazinot nodilumu kritiskajos pirmajos mirk\u013cos p\u0113c aizdedzes un uzlabojot visp\u0101r\u0113jo dzin\u0113ja uzticam\u012bbu.<\/p>\n<p><strong><img decoding=\"async\" style=\"margin-right: 12px;\" src=\"https:\/\/www.noleaky.com\/wp-content\/uploads\/2026\/02\/Check.svg\" alt=\"\" width=\"18\" height=\"15\" \/>Stabila darb\u012bba augst\u0101 temperat\u016br\u0101.<\/strong> 40 klases viskozit\u0101te nodro\u0161ina vienm\u0113r\u012bgu e\u013c\u013co\u0161anu paaugstin\u0101t\u0101 darba temperat\u016br\u0101. T\u0101 ir notur\u012bga pret retin\u0101\u0161anos un sabruk\u0161anu, saglab\u0101jot aizsarg\u0101jo\u0161u veiktsp\u0113ju ilgas brauk\u0161anas vai lielas slodzes apst\u0101k\u013cos.<\/p>\n<p><strong><img decoding=\"async\" style=\"margin-right: 12px;\" src=\"https:\/\/www.noleaky.com\/wp-content\/uploads\/2026\/02\/Check.svg\" alt=\"\" width=\"18\" height=\"15\" \/>Ilg\u0101k uztur dzin\u0113jus t\u012br\u0101kus.<\/strong> Uzlabotie mazg\u0101\u0161anas l\u012bdzek\u013ci un dispersanti pal\u012bdz nov\u0113rst nos\u0113dumu, lakas un oglek\u013ca nogul\u0161\u0146u veido\u0161anos, nodro\u0161inot vienm\u0113r\u012bg\u0101ku dzin\u0113ja darb\u012bbu un aizsarg\u0101jot dzin\u0113ja iek\u0161\u0113j\u0101s sast\u0101vda\u013cas.<\/p>\n<p><strong><img decoding=\"async\" style=\"margin-right: 12px;\" src=\"https:\/\/www.noleaky.com\/wp-content\/uploads\/2026\/02\/Check.svg\" alt=\"\" width=\"18\" height=\"15\" \/>Sader\u012bgs ar pla\u0161u dzin\u0113ju kl\u0101stu.<\/strong> \u0160\u012b daudzpus\u012bg\u0101 e\u013c\u013ca ir piem\u0113rota daudziem benz\u012bna un d\u012bze\u013cdzin\u0113jiem, tostarp ar turbokompresoru, un, ja to izmanto atbilsto\u0161i specifik\u0101cij\u0101m, t\u0101 atbilst daudzu ra\u017eot\u0101ju pras\u012bb\u0101m.<\/p>\n<h2><strong>Instrukcijas<\/strong><\/h2>\n<ul>\n<li>Novietojiet transportl\u012bdzekli uz l\u012bdzenas virsmas un izsl\u0113dziet dzin\u0113ju.<\/li>\n<li>Pirms e\u013c\u013cas mai\u0146as s\u0101k\u0161anas \u013caujiet motoram nedaudz atdzist.<\/li>\n<li>No\u0146emiet e\u013c\u013cas iztuk\u0161o\u0161anas aizb\u0101zni un \u013caujiet vecajai e\u013c\u013cai piln\u012bb\u0101 notec\u0113t piem\u0113rot\u0101 trauk\u0101.<\/li>\n<li>Nomainiet e\u013c\u013cas filtru pret jaunu saska\u0146\u0101 ar ra\u017eot\u0101ja ieteikumiem.<\/li>\n<li>Atk\u0101rtoti uzst\u0101diet un cie\u0161i pievelciet iztuk\u0161o\u0161anas aizb\u0101zni.<\/li>\n<li>Uzpildiet dzin\u0113ju ar ieteicamo augstas veiktsp\u0113jas 10W40 motore\u013c\u013cas daudzumu. Tipiskais tilpums ir no 4 l\u012bdz 6 litriem atkar\u012bb\u0101 no dzin\u0113ja tipa.<\/li>\n<li>Ar m\u0113rtraukiem p\u0101rbaudiet, vai e\u013c\u013cas l\u012bmenis ir ieteicamaj\u0101 robe\u017e\u0101s.<\/li>\n<li>Iesl\u0113dziet dzin\u0113ju un \u013caujiet tam darboties da\u017eas min\u016btes, lai nodro\u0161in\u0101tu pareizu cirkul\u0101ciju.<\/li>\n<li>Izsl\u0113dziet dzin\u0113ju, \u012bsu br\u012bdi pagaidiet un v\u0113lreiz p\u0101rbaudiet e\u013c\u013cas l\u012bmeni. Ja nepiecie\u0161ams, uzpildiet e\u013c\u013cu.<\/li>\n<li>Iev\u0113rojiet transportl\u012bdzek\u013ca ra\u017eot\u0101ja ieteiktos e\u013c\u013cas mai\u0146as interv\u0101lus, lai saglab\u0101tu optim\u0101lu dzin\u0113ja veiktsp\u0113ju un ilgm\u016b\u017e\u012bbu.<\/li>\n<\/ul>","protected":false},"excerpt":{"rendered":"<p>Reliable protection for everyday and high-demand driving. Our high performance 10W40 engine oil is engineered to provide strong, stable lubrication for gasoline and diesel engines operating in a wide range of conditions. It forms a durable protective film that shields moving parts from wear, friction, and heat, helping maintain smooth engine performance over time. The [&hellip;]<\/p>\n","protected":false},"featured_media":23046,"comment_status":"open","ping_status":"closed","template":"","meta":{"_uag_custom_page_level_css":"","site-sidebar-layout":"default","site-content-layout":"","ast-site-content-layout":"default","site-content-style":"default","site-sidebar-style":"default","ast-global-header-display":"","ast-banner-title-visibility":"","ast-main-header-display":"","ast-hfb-above-header-display":"","ast-hfb-below-header-display":"","ast-hfb-mobile-header-display":"","site-post-title":"","ast-breadcrumbs-content":"","ast-featured-img":"","footer-sml-layout":"","ast-disable-related-posts":"","theme-transparent-header-meta":"default","adv-header-id-meta":"","stick-header-meta":"","header-above-stick-meta":"","header-main-stick-meta":"","header-below-stick-meta":"","astra-migrate-meta-layouts":"set","ast-page-background-enabled":"default","ast-page-background-meta":{"desktop":{"background-color":"var(--ast-global-color-4)","background-image":"","background-repeat":"repeat","background-position":"center center","background-size":"auto","background-attachment":"scroll","background-type":"","background-media":"","overlay-type":"","overlay-color":"","overlay-opacity":"","overlay-gradient":""},"tablet":{"background-color":"","background-image":"","background-repeat":"repeat","background-position":"center center","background-size":"auto","background-attachment":"scroll","background-type":"","background-media":"","overlay-type":"","overlay-color":"","overlay-opacity":"","overlay-gradient":""},"mobile":{"background-color":"","background-image":"","background-repeat":"repeat","background-position":"center center","background-size":"auto","background-attachment":"scroll","background-type":"","background-media":"","overlay-type":"","overlay-color":"","overlay-opacity":"","overlay-gradient":""}},"ast-content-background-meta":{"desktop":{"background-color":"var(--ast-global-color-5)","background-image":"","background-repeat":"repeat","background-position":"center center","background-size":"auto","background-attachment":"scroll","background-type":"","background-media":"","overlay-type":"","overlay-color":"","overlay-opacity":"","overlay-gradient":""},"tablet":{"background-color":"var(--ast-global-color-5)","background-image":"","background-repeat":"repeat","background-position":"center center","background-size":"auto","background-attachment":"scroll","background-type":"","background-media":"","overlay-type":"","overlay-color":"","overlay-opacity":"","overlay-gradient":""},"mobile":{"background-color":"var(--ast-global-color-5)","background-image":"","background-repeat":"repeat","background-position":"center center","background-size":"auto","background-attachment":"scroll","background-type":"","background-media":"","overlay-type":"","overlay-color":"","overlay-opacity":"","overlay-gradient":""}}},"product_brand":[],"product_cat":[176],"product_tag":[],"class_list":{"0":"post-22991","1":"product","2":"type-product","3":"status-publish","4":"has-post-thumbnail","6":"product_cat-automotive","7":"desktop-align-left","8":"tablet-align-left","9":"mobile-align-left","11":"first","12":"instock","13":"sale","14":"shipping-taxable","15":"purchasable","16":"product-type-variable","17":"has-default-attributes"},"spectra_custom_meta":{"_visibility":["visible"],"_shopify_product_id":["7960288133340"],"_s2w_shopify_domain":["noleaky.myshopify.com"],"_shopify_variant_id":["43735114186972"],"_manage_stock":["no"],"total_sales":["2"],"_tax_status":["taxable"],"_tax_class":[""],"_backorders":["no"],"_sold_individually":["no"],"_virtual":["no"],"_downloadable":["no"],"_download_limit":["-1"],"_download_expiry":["-1"],"_stock":[null],"_stock_status":["instock"],"_wc_average_rating":["4.95"],"_wc_review_count":["55"],"_product_attributes":["a:1:{s:6:\"volume\";a:6:{s:4:\"name\";s:6:\"Volume\";s:5:\"value\";s:20:\"5 liters | 25 liters\";s:8:\"position\";i:1;s:10:\"is_visible\";i:0;s:12:\"is_variation\";i:1;s:11:\"is_taxonomy\";i:0;}}"],"_product_version":["10.5.2"],"_thumbnail_id":["23046"],"_product_image_gallery":["23049"],"_edit_lock":["1772373281:1"],"merchant-center-availability":["yes"],"merchant-center-category":["3044"],"merchant-center-id":["10L5W40"],"_edit_last":["1"],"_wp_page_template":["default"],"site-sidebar-layout":["default"],"ast-site-content-layout":["default"],"site-content-style":["default"],"site-sidebar-style":["default"],"theme-transparent-header-meta":["default"],"_default_attributes":["a:1:{s:6:\"volume\";s:8:\"5 liters\";}"],"_price":["39.90","9990"],"_wc_rating_count":["a:2:{i:4;i:3;i:5;i:52;}"],"_upsell_ids":["a:3:{i:0;i:22975;i:1;i:23022;i:2;i:23025;}"],"_crosssell_ids":["a:3:{i:0;i:22975;i:1;i:23022;i:2;i:23025;}"],"astra-migrate-meta-layouts":["set"],"_uag_css_file_name":["uag-css-22991.css"],"_elementor_page_assets":["a:0:{}"],"_uag_page_assets":["a:9:{s:3:\"css\";s:7133:\".uag-blocks-common-selector{z-index:var(--z-index-desktop) !important}@media(max-width: 976px){.uag-blocks-common-selector{z-index:var(--z-index-tablet) !important}}@media(max-width: 767px){.uag-blocks-common-selector{z-index:var(--z-index-mobile) !important}}.wp-block-uagb-image{display:flex}.wp-block-uagb-image__figure{position:relative;display:flex;flex-direction:column;max-width:100%;height:auto;margin:0}.wp-block-uagb-image__figure img{height:auto;display:flex;max-width:100%;transition:box-shadow .2s ease}.wp-block-uagb-image__figure>a{display:inline-block}.wp-block-uagb-image__figure figcaption{text-align:center;margin-top:.5em;margin-bottom:1em}.wp-block-uagb-image .components-placeholder.block-editor-media-placeholder .components-placeholder__instructions{align-self:center}.wp-block-uagb-image--align-left{text-align:left}.wp-block-uagb-image--align-right{text-align:right}.wp-block-uagb-image--align-center{text-align:center}.wp-block-uagb-image--align-full .wp-block-uagb-image__figure{margin-left:calc(50% - 50vw);margin-right:calc(50% - 50vw);max-width:100vw;width:100vw;height:auto}.wp-block-uagb-image--align-full .wp-block-uagb-image__figure img{height:auto;width:100% !important}.wp-block-uagb-image--align-wide .wp-block-uagb-image__figure img{height:auto;width:100%}.wp-block-uagb-image--layout-overlay__color-wrapper{position:absolute;left:0;top:0;right:0;bottom:0;opacity:.2;background:rgba(0,0,0,.5);transition:opacity .35s ease-in-out}.wp-block-uagb-image--layout-overlay-link{position:absolute;left:0;right:0;bottom:0;top:0}.wp-block-uagb-image--layout-overlay .wp-block-uagb-image__figure:hover .wp-block-uagb-image--layout-overlay__color-wrapper{opacity:1}.wp-block-uagb-image--layout-overlay__inner{position:absolute;left:15px;right:15px;bottom:15px;top:15px;display:flex;align-items:center;justify-content:center;flex-direction:column;border-color:#fff;transition:.35s ease-in-out}.wp-block-uagb-image--layout-overlay__inner.top-left,.wp-block-uagb-image--layout-overlay__inner.top-center,.wp-block-uagb-image--layout-overlay__inner.top-right{justify-content:flex-start}.wp-block-uagb-image--layout-overlay__inner.bottom-left,.wp-block-uagb-image--layout-overlay__inner.bottom-center,.wp-block-uagb-image--layout-overlay__inner.bottom-right{justify-content:flex-end}.wp-block-uagb-image--layout-overlay__inner.top-left,.wp-block-uagb-image--layout-overlay__inner.center-left,.wp-block-uagb-image--layout-overlay__inner.bottom-left{align-items:flex-start}.wp-block-uagb-image--layout-overlay__inner.top-right,.wp-block-uagb-image--layout-overlay__inner.center-right,.wp-block-uagb-image--layout-overlay__inner.bottom-right{align-items:flex-end}.wp-block-uagb-image--layout-overlay__inner .uagb-image-heading{color:#fff;transition:transform .35s,opacity .35s ease-in-out;transform:translate3d(0, 24px, 0);margin:0;line-height:1em}.wp-block-uagb-image--layout-overlay__inner .uagb-image-separator{width:30%;border-top-width:2px;border-top-color:#fff;border-top-style:solid;margin-bottom:10px;opacity:0;transition:transform .4s,opacity .4s ease-in-out;transform:translate3d(0, 30px, 0)}.wp-block-uagb-image--layout-overlay__inner .uagb-image-caption{opacity:0;overflow:visible;color:#fff;transition:transform .45s,opacity .45s ease-in-out;transform:translate3d(0, 35px, 0)}.wp-block-uagb-image--layout-overlay__inner:hover .uagb-image-heading,.wp-block-uagb-image--layout-overlay__inner:hover .uagb-image-separator,.wp-block-uagb-image--layout-overlay__inner:hover .uagb-image-caption{opacity:1;transform:translate3d(0, 0, 0)}.wp-block-uagb-image--effect-zoomin .wp-block-uagb-image__figure img,.wp-block-uagb-image--effect-zoomin .wp-block-uagb-image__figure .wp-block-uagb-image--layout-overlay__color-wrapper{transform:scale(1);transition:transform .35s ease-in-out}.wp-block-uagb-image--effect-zoomin .wp-block-uagb-image__figure:hover img,.wp-block-uagb-image--effect-zoomin .wp-block-uagb-image__figure:hover .wp-block-uagb-image--layout-overlay__color-wrapper{transform:scale(1.05)}.wp-block-uagb-image--effect-slide .wp-block-uagb-image__figure img,.wp-block-uagb-image--effect-slide .wp-block-uagb-image__figure .wp-block-uagb-image--layout-overlay__color-wrapper{width:calc(100% + 40px) !important;max-width:none !important;transform:translate3d(-40px, 0, 0);transition:transform .35s ease-in-out}.wp-block-uagb-image--effect-slide .wp-block-uagb-image__figure:hover img,.wp-block-uagb-image--effect-slide .wp-block-uagb-image__figure:hover .wp-block-uagb-image--layout-overlay__color-wrapper{transform:translate3d(0, 0, 0)}.wp-block-uagb-image--effect-grayscale img{filter:grayscale(0%);transition:.35s ease-in-out}.wp-block-uagb-image--effect-grayscale:hover img{filter:grayscale(100%)}.wp-block-uagb-image--effect-blur img{filter:blur(0);transition:.35s ease-in-out}.wp-block-uagb-image--effect-blur:hover img{filter:blur(3px)}.uagb-block-e6f939b3.wp-block-uagb-image--layout-default figure img{box-shadow: 0px 0px 0 #00000070;}.uagb-block-e6f939b3.wp-block-uagb-image .wp-block-uagb-image__figure figcaption{font-style: normal;align-self: center;}.uagb-block-e6f939b3.wp-block-uagb-image--layout-overlay figure img{box-shadow: 0px 0px 0 #00000070;}.uagb-block-e6f939b3.wp-block-uagb-image--layout-overlay .wp-block-uagb-image--layout-overlay__color-wrapper{opacity: 0.2;}.uagb-block-e6f939b3.wp-block-uagb-image--layout-overlay .wp-block-uagb-image--layout-overlay__inner{left: 15px;right: 15px;top: 15px;bottom: 15px;}.uagb-block-e6f939b3.wp-block-uagb-image--layout-overlay .wp-block-uagb-image--layout-overlay__inner .uagb-image-heading{font-style: normal;color: #fff;opacity: 1;}.uagb-block-e6f939b3.wp-block-uagb-image--layout-overlay .wp-block-uagb-image--layout-overlay__inner .uagb-image-heading a{color: #fff;}.uagb-block-e6f939b3.wp-block-uagb-image--layout-overlay .wp-block-uagb-image--layout-overlay__inner .uagb-image-caption{opacity: 0;}.uagb-block-e6f939b3.wp-block-uagb-image--layout-overlay .wp-block-uagb-image__figure:hover .wp-block-uagb-image--layout-overlay__color-wrapper{opacity: 1;}.uagb-block-e6f939b3.wp-block-uagb-image .wp-block-uagb-image--layout-overlay__inner .uagb-image-separator{width: 30%;border-top-width: 2px;border-top-color: #fff;opacity: 0;}.uagb-block-e6f939b3.wp-block-uagb-image .wp-block-uagb-image__figure img{width: px;height: auto;}.uagb-block-e6f939b3.wp-block-uagb-image .wp-block-uagb-image__figure:hover .wp-block-uagb-image--layout-overlay__inner .uagb-image-caption{opacity: 1;}.uagb-block-e6f939b3.wp-block-uagb-image .wp-block-uagb-image__figure:hover .wp-block-uagb-image--layout-overlay__inner .uagb-image-separator{opacity: 1;}.uagb-block-e6f939b3.wp-block-uagb-image--layout-default figure:hover img{box-shadow: 0px 0px 0 #00000070;}.uagb-block-e6f939b3.wp-block-uagb-image--layout-overlay figure:hover img{box-shadow: 0px 0px 0 #00000070;}@media only screen and (max-width: 976px) {.uagb-block-e6f939b3.wp-block-uagb-image .wp-block-uagb-image__figure img{width: px;height: auto;}}@media only screen and (max-width: 767px) {.uagb-block-e6f939b3.wp-block-uagb-image .wp-block-uagb-image__figure img{width: px;height: auto;}}\";s:2:\"js\";s:0:\"\";s:18:\"current_block_list\";a:13:{i:0;s:11:\"core\/search\";i:1;s:10:\"core\/group\";i:2;s:12:\"core\/heading\";i:3;s:17:\"core\/latest-posts\";i:4;s:20:\"core\/latest-comments\";i:5;s:13:\"core\/archives\";i:6;s:15:\"core\/categories\";i:7;s:14:\"core\/paragraph\";i:8;s:10:\"uagb\/image\";i:9;s:11:\"core\/spacer\";i:10;s:30:\"woocommerce\/product-categories\";i:11;s:10:\"core\/image\";i:12;s:14:\"core\/shortcode\";}s:8:\"uag_flag\";b:1;s:11:\"uag_version\";s:10:\"1776766620\";s:6:\"gfonts\";a:0:{}s:10:\"gfonts_url\";s:0:\"\";s:12:\"gfonts_files\";a:0:{}s:14:\"uag_faq_layout\";b:0;}"]},"uagb_featured_image_src":{"full":["https:\/\/www.noleaky.com\/wp-content\/uploads\/2025\/06\/2.c.MotorOil_10w40_2500.png",2500,2000,false],"thumbnail":["https:\/\/www.noleaky.com\/wp-content\/uploads\/2025\/06\/2.c.MotorOil_10w40_2500-150x150.png",150,150,true],"medium":["https:\/\/www.noleaky.com\/wp-content\/uploads\/2025\/06\/2.c.MotorOil_10w40_2500-300x240.png",300,240,true],"medium_large":["https:\/\/www.noleaky.com\/wp-content\/uploads\/2025\/06\/2.c.MotorOil_10w40_2500-768x614.png",768,614,true],"large":["https:\/\/www.noleaky.com\/wp-content\/uploads\/2025\/06\/2.c.MotorOil_10w40_2500-1024x819.png",1024,819,true],"1536x1536":["https:\/\/www.noleaky.com\/wp-content\/uploads\/2025\/06\/2.c.MotorOil_10w40_2500-1536x1229.png",1536,1229,true],"2048x2048":["https:\/\/www.noleaky.com\/wp-content\/uploads\/2025\/06\/2.c.MotorOil_10w40_2500-2048x1638.png",2048,1638,true],"trp-custom-language-flag":["https:\/\/www.noleaky.com\/wp-content\/uploads\/2025\/06\/2.c.MotorOil_10w40_2500-15x12.png",15,12,true],"woocommerce_thumbnail":["https:\/\/www.noleaky.com\/wp-content\/uploads\/2025\/06\/2.c.MotorOil_10w40_2500-300x300.png",300,300,true],"woocommerce_single":["https:\/\/www.noleaky.com\/wp-content\/uploads\/2025\/06\/2.c.MotorOil_10w40_2500-600x480.png",600,480,true],"woocommerce_gallery_thumbnail":["https:\/\/www.noleaky.com\/wp-content\/uploads\/2025\/06\/2.c.MotorOil_10w40_2500-100x100.png",100,100,true]},"uagb_author_info":{"display_name":"admin","author_link":"https:\/\/www.noleaky.com\/lv\/author\/"},"uagb_comment_info":55,"uagb_excerpt":"Reliable protection for everyday and high-demand driving. Our high performance 10W40 engine oil is engineered to provide strong, stable lubrication for gasoline and diesel engines operating in a wide range of conditions. It forms a durable protective film that shields moving parts from wear, friction, and heat, helping maintain smooth engine performance over time. The&hellip;","_links":{"self":[{"href":"https:\/\/www.noleaky.com\/lv\/wp-json\/wp\/v2\/product\/22991","targetHints":{"allow":["GET"]}}],"collection":[{"href":"https:\/\/www.noleaky.com\/lv\/wp-json\/wp\/v2\/product"}],"about":[{"href":"https:\/\/www.noleaky.com\/lv\/wp-json\/wp\/v2\/types\/product"}],"replies":[{"embeddable":true,"href":"https:\/\/www.noleaky.com\/lv\/wp-json\/wp\/v2\/comments?post=22991"}],"version-history":[{"count":4,"href":"https:\/\/www.noleaky.com\/lv\/wp-json\/wp\/v2\/product\/22991\/revisions"}],"predecessor-version":[{"id":33275,"href":"https:\/\/www.noleaky.com\/lv\/wp-json\/wp\/v2\/product\/22991\/revisions\/33275"}],"wp:featuredmedia":[{"embeddable":true,"href":"https:\/\/www.noleaky.com\/lv\/wp-json\/wp\/v2\/media\/23046"}],"wp:attachment":[{"href":"https:\/\/www.noleaky.com\/lv\/wp-json\/wp\/v2\/media?parent=22991"}],"wp:term":[{"taxonomy":"product_brand","embeddable":true,"href":"https:\/\/www.noleaky.com\/lv\/wp-json\/wp\/v2\/product_brand?post=22991"},{"taxonomy":"product_cat","embeddable":true,"href":"https:\/\/www.noleaky.com\/lv\/wp-json\/wp\/v2\/product_cat?post=22991"},{"taxonomy":"product_tag","embeddable":true,"href":"https:\/\/www.noleaky.com\/lv\/wp-json\/wp\/v2\/product_tag?post=22991"}],"curies":[{"name":"wp","href":"https:\/\/api.w.org\/{rel}","templated":true}]}}