{"id":22988,"date":"2025-06-02T15:49:04","date_gmt":"2025-06-02T13:49:04","guid":{"rendered":"https:\/\/www.noleaky.com\/products\/anti-leak-engine-oil\/"},"modified":"2026-03-01T15:11:04","modified_gmt":"2026-03-01T14:11:04","slug":"anti-leak-engine-oil","status":"publish","type":"product","link":"https:\/\/www.noleaky.com\/lv\/products\/anti-leak-engine-oil\/","title":{"rendered":"Dzin\u0113ja e\u013c\u013cas nopl\u016bdes aptur\u0113\u0161anas l\u012bdzeklis"},"content":{"rendered":"<p><strong><img decoding=\"async\" style=\"margin-right: 12px;\" src=\"https:\/\/www.noleaky.com\/wp-content\/uploads\/2026\/02\/Check.svg\" alt=\"\" width=\"18\" height=\"15\" \/>Nov\u0113r\u0161 dzin\u0113ja e\u013c\u013cas nopl\u016bdes tie\u0161i pie to avota, neizjaucot dzin\u0113ju.<\/strong> M\u016bsu dzin\u0113ja e\u013c\u013cas nopl\u016bdes aptur\u0113\u0161anas \u0161\u0137idrums ir \u012bpa\u0161i izstr\u0101d\u0101ts, lai aiztais\u012btu \u0101r\u0113j\u0101s e\u013c\u013cas nopl\u016bdes to ra\u0161an\u0101s viet\u0101. Tas nodro\u0161ina m\u0113r\u0137tiec\u012bgu risin\u0101jumu, kas pal\u012bdz nov\u0113rst e\u013c\u013cas zudumus un samazina nepiecie\u0161am\u012bbu p\u0113c sare\u017e\u0123\u012btas meh\u0101nisk\u0101s demont\u0101\u017eas.<\/p>\n<p><strong><img decoding=\"async\" style=\"margin-right: 12px;\" src=\"https:\/\/www.noleaky.com\/wp-content\/uploads\/2026\/02\/Check.svg\" alt=\"\" width=\"18\" height=\"15\" \/>Efekt\u012bv\u0101kais pieejamais \u0101r\u0113jais e\u013c\u013cas nopl\u016bdes bl\u012bv\u0113\u0161anas risin\u0101jums.<\/strong> \u0160is ir visefekt\u012bv\u0101kais dzin\u0113ja e\u013c\u013cas nopl\u016bdes aptur\u0113\u0161anas \u0161\u0137idrums sav\u0101 kategorij\u0101. T\u0101 uzlabot\u0101 sa\u0137eres formula stingri piegu\u013c pie met\u0101la virsm\u0101m un rada iztur\u012bgu, e\u013c\u013cai notur\u012bgu bl\u012bv\u0113jumu, kas sp\u0113j iztur\u0113t dzin\u0113ja karstumu, vibr\u0101ciju un spiediena sv\u0101rst\u012bbas.<\/p>\n<p><strong><img decoding=\"async\" style=\"margin-right: 12px;\" src=\"https:\/\/www.noleaky.com\/wp-content\/uploads\/2026\/02\/Check.svg\" alt=\"\" width=\"18\" height=\"15\" \/>L\u0113t\u0101k\u0101 alternat\u012bva d\u0101rgai bl\u012bv\u0113juma vai bl\u012bves nomai\u0146ai.<\/strong> E\u013c\u013cas nopl\u016bdes nov\u0113r\u0161ana bie\u017ei vien ir saist\u012bta ar d\u0101rgu darbu un deta\u013cu nomai\u0146u. M\u016bsu produkts ir l\u0113t\u0101kais profesion\u0101l\u0101s klases risin\u0101jums tirg\u016b, kas pied\u0101v\u0101 praktisku un ekonomisku alternat\u012bvu d\u0101rgiem meh\u0101niskajiem remontiem.<\/p>\n<p><strong><img decoding=\"async\" style=\"margin-right: 12px;\" src=\"https:\/\/www.noleaky.com\/wp-content\/uploads\/2026\/02\/Check.svg\" alt=\"\" width=\"18\" height=\"15\" \/>Garant\u0113ta pieg\u0101de 24 stundu laik\u0101 steidzamiem e\u013c\u013cas nopl\u016bdes remontdarbiem.<\/strong> E\u013c\u013cas nopl\u016bdes j\u0101nov\u0113r\u0161 nekav\u0113joties, lai nov\u0113rstu dzin\u0113ja boj\u0101jumus un vides pies\u0101r\u0146o\u0161anu. T\u0101p\u0113c m\u0113s garant\u0113jam pieg\u0101di 24 stundas diennakt\u012b, lai j\u016bs var\u0113tu \u0101tri nov\u0113rst probl\u0113mu un samazin\u0101t turpm\u0101kos riskus.<\/p>\n<p><strong><img decoding=\"async\" style=\"margin-right: 12px;\" src=\"https:\/\/www.noleaky.com\/wp-content\/uploads\/2026\/02\/Check.svg\" alt=\"\" width=\"18\" height=\"15\" \/>Naudas atmaksas garantija piln\u012bgam sirdsmieram.<\/strong> M\u0113s esam p\u0101rliecin\u0101ti par m\u016bsu dzin\u0113ja e\u013c\u013cas nopl\u016bdes aptur\u0113\u0161anas \u0161\u0137idruma efektivit\u0101ti. Ja neesat apmierin\u0101ts ar rezult\u0101tiem, m\u0113s pied\u0101v\u0101jam naudas atmaksas garantiju. Vienk\u0101r\u0161i sazinieties ar mums, un m\u0113s atmaks\u0101sim naudu par pirkumu, nodro\u0161inot piln\u012bgi bezriska ieguld\u012bjumu.<\/p>\n<p><strong><img decoding=\"async\" style=\"margin-right: 12px;\" src=\"https:\/\/www.noleaky.com\/wp-content\/uploads\/2026\/02\/Check.svg\" alt=\"\" width=\"18\" height=\"15\" \/>Izveido karstumiztur\u012bgu un e\u013c\u013cas iztur\u012bgu \u0101r\u0113jo bl\u012bv\u0113jumu.<\/strong> P\u0113c uzkl\u0101\u0161anas \u0161\u0137idrums saciet\u0113, veidojot iztur\u012bgu, elast\u012bgu sl\u0101ni, kas ir notur\u012bgs pret nep\u0101rtrauktu dzin\u0113ja e\u013c\u013cas un augstu darba temperat\u016bru iedarb\u012bbu, saglab\u0101jot bl\u012bv\u0113juma integrit\u0101ti laika gait\u0101.<\/p>\n<p><strong><img decoding=\"async\" style=\"margin-right: 12px;\" src=\"https:\/\/www.noleaky.com\/wp-content\/uploads\/2026\/02\/Check.svg\" alt=\"\" width=\"18\" height=\"15\" \/>Ide\u0101li piem\u0113rots neliel\u0101m plais\u0101m, starplikas mal\u0101m un neliel\u0101m nopl\u016bd\u0113m.<\/strong> Produkts ir paredz\u0113ts lokaliz\u0113tu \u0101r\u0113jo e\u013c\u013cas nopl\u016b\u017eu nov\u0113r\u0161anai, piem\u0113ram, ap v\u0101rstu v\u0101kiem, e\u013c\u013cas tvertn\u0113m, sadales v\u0101rstu v\u0101kiem un citiem pieejamiem dzin\u0113ja komponentiem.<\/p>\n<p><strong><img decoding=\"async\" style=\"margin-right: 12px;\" src=\"https:\/\/www.noleaky.com\/wp-content\/uploads\/2026\/02\/Check.svg\" alt=\"\" width=\"18\" height=\"15\" \/>Sader\u012bgs ar liel\u0101ko da\u013cu met\u0101la dzin\u0113ja virsmu.<\/strong> Piem\u0113rots lieto\u0161anai uz t\u0113rauda, alum\u012bnija un citiem parastajiem dzin\u0113ju met\u0101liem, ja ir pareizi sagatavots, nodro\u0161inot stipru sa\u0137eri un uzticamu bl\u012bv\u0113jumu.<\/p>\n<p><strong><img decoding=\"async\" style=\"margin-right: 12px;\" src=\"https:\/\/www.noleaky.com\/wp-content\/uploads\/2026\/02\/Check.svg\" alt=\"\" width=\"18\" height=\"15\" \/>Samazina e\u013c\u013cas pat\u0113ri\u0146u un vides pies\u0101r\u0146ojumu.<\/strong> Efekt\u012bvi hermetiz\u0113jot nopl\u016bdes, izstr\u0101d\u0101jums pal\u012bdz nov\u0113rst e\u013c\u013cas nopl\u016bdes, aizsarg\u0101 apk\u0101rt\u0113jos komponentus un samazina nevajadz\u012bgus e\u013c\u013cas zudumus.<\/p>\n<p><strong><img decoding=\"async\" style=\"margin-right: 12px;\" src=\"https:\/\/www.noleaky.com\/wp-content\/uploads\/2026\/02\/Check.svg\" alt=\"\" width=\"18\" height=\"15\" \/>Pagarina dzin\u0113ja sast\u0101vda\u013cu kalpo\u0161anas laiku.<\/strong> Nekav\u0113joties apturot nopl\u016bdes, \u0161\u0137idrums pal\u012bdz uztur\u0113t pareizu e\u013c\u013co\u0161anas l\u012bmeni un samazina zema e\u013c\u013cas l\u012bme\u0146a rad\u012bto boj\u0101jumu risku.<\/p>\n<h2><strong>Instrukcijas<\/strong><\/h2>\n<ul>\n<li>Pirms remonta uzs\u0101k\u0161anas p\u0101rliecinieties, ka motors ir piln\u012bb\u0101 izsl\u0113gts un piln\u012bb\u0101 atdzisis.<\/li>\n<li>Str\u0101d\u0101t labi v\u0113din\u0101m\u0101 viet\u0101 un tur\u0113ties prom no atkl\u0101tas liesmas vai aizdeg\u0161an\u0101s avotiem.<\/li>\n<li>Atrodiet prec\u012bzu e\u013c\u013cas nopl\u016bdes vietu dzin\u0113ja \u0101rpus\u0113.<\/li>\n<li>R\u016bp\u012bgi izt\u012briet nopl\u016bdes vietu. Ar attauko\u0161anas l\u012bdzekli un t\u012bru dr\u0101nu not\u012briet net\u012brumus, taukus, e\u013c\u013cas paliekas, r\u016bsu un va\u013c\u0113jas da\u013ci\u0146as.<\/li>\n<li>Ja nepiecie\u0161ams, viegli nosl\u012bp\u0113jiet virsmu, lai uzlabotu sa\u0137eri, un p\u0113c tam p\u0101rliecinieties, ka vieta ir piln\u012bgi sausa.<\/li>\n<li>Pirms lieto\u0161anas pudel\u012bti r\u016bp\u012bgi sakratiet.<\/li>\n<li>Uzkl\u0101jiet motore\u013c\u013cas nopl\u016bdes aptur\u0113\u0161anas \u0161\u0137idrumu tie\u0161i uz \u0101r\u0113j\u0101s virsmas nopl\u016bdes viet\u0101, nodro\u0161inot piln\u012bgu p\u0101rkl\u0101jumu nedaudz \u0101rpus boj\u0101t\u0101s vietas.<\/li>\n<li>Nelejiet produktu degvielas tvertn\u0113. Nelejiet produktu dzin\u0113ja e\u013c\u013cas uzpildes tvertn\u0113. \u0160is produkts j\u0101lieto no \u0101rpuses, uz dzin\u0113ja \u0101rpuses, tie\u0161i nopl\u016bdes viet\u0101.<\/li>\n<li>Pirms motora atk\u0101rtotas iedarbin\u0101\u0161anas \u013caujiet produktam saciet\u0113t saska\u0146\u0101 ar nor\u0101d\u012bto \u017e\u016b\u0161anas laiku.<\/li>\n<li>P\u0113c saciet\u0113\u0161anas p\u0101rbaudiet vietu, lai p\u0101rliecin\u0101tos, ka nopl\u016bde ir pien\u0101c\u012bgi nosl\u0113gta, un p\u0113c tam ats\u0101ciet norm\u0101lu transportl\u012bdzek\u013ca ekspluat\u0101ciju.<\/li>\n<\/ul>","protected":false},"excerpt":{"rendered":"<p>Stops engine oil leaks directly at the source without dismantling the engine. Our engine oil stop leak fluid is specially formulated to seal external oil leaks at their origin. It provides a targeted solution that helps prevent oil loss and reduces the need for complex mechanical disassembly. The most effective external oil leak sealing solution [&hellip;]<\/p>\n","protected":false},"featured_media":23041,"comment_status":"open","ping_status":"closed","template":"","meta":{"_uag_custom_page_level_css":"","site-sidebar-layout":"default","site-content-layout":"","ast-site-content-layout":"default","site-content-style":"default","site-sidebar-style":"default","ast-global-header-display":"","ast-banner-title-visibility":"","ast-main-header-display":"","ast-hfb-above-header-display":"","ast-hfb-below-header-display":"","ast-hfb-mobile-header-display":"","site-post-title":"","ast-breadcrumbs-content":"","ast-featured-img":"","footer-sml-layout":"","ast-disable-related-posts":"","theme-transparent-header-meta":"default","adv-header-id-meta":"","stick-header-meta":"","header-above-stick-meta":"","header-main-stick-meta":"","header-below-stick-meta":"","astra-migrate-meta-layouts":"set","ast-page-background-enabled":"default","ast-page-background-meta":{"desktop":{"background-color":"var(--ast-global-color-4)","background-image":"","background-repeat":"repeat","background-position":"center center","background-size":"auto","background-attachment":"scroll","background-type":"","background-media":"","overlay-type":"","overlay-color":"","overlay-opacity":"","overlay-gradient":""},"tablet":{"background-color":"","background-image":"","background-repeat":"repeat","background-position":"center center","background-size":"auto","background-attachment":"scroll","background-type":"","background-media":"","overlay-type":"","overlay-color":"","overlay-opacity":"","overlay-gradient":""},"mobile":{"background-color":"","background-image":"","background-repeat":"repeat","background-position":"center center","background-size":"auto","background-attachment":"scroll","background-type":"","background-media":"","overlay-type":"","overlay-color":"","overlay-opacity":"","overlay-gradient":""}},"ast-content-background-meta":{"desktop":{"background-color":"var(--ast-global-color-5)","background-image":"","background-repeat":"repeat","background-position":"center center","background-size":"auto","background-attachment":"scroll","background-type":"","background-media":"","overlay-type":"","overlay-color":"","overlay-opacity":"","overlay-gradient":""},"tablet":{"background-color":"var(--ast-global-color-5)","background-image":"","background-repeat":"repeat","background-position":"center center","background-size":"auto","background-attachment":"scroll","background-type":"","background-media":"","overlay-type":"","overlay-color":"","overlay-opacity":"","overlay-gradient":""},"mobile":{"background-color":"var(--ast-global-color-5)","background-image":"","background-repeat":"repeat","background-position":"center center","background-size":"auto","background-attachment":"scroll","background-type":"","background-media":"","overlay-type":"","overlay-color":"","overlay-opacity":"","overlay-gradient":""}}},"product_brand":[],"product_cat":[176],"product_tag":[],"class_list":{"0":"post-22988","1":"product","2":"type-product","3":"status-publish","4":"has-post-thumbnail","6":"product_cat-automotive","7":"desktop-align-left","8":"tablet-align-left","9":"mobile-align-left","11":"first","12":"instock","13":"shipping-taxable","14":"purchasable","15":"product-type-simple"},"spectra_custom_meta":{"_visibility":["visible"],"_shopify_product_id":["7960303468764"],"_s2w_shopify_domain":["noleaky.myshopify.com"],"_shopify_variant_id":["43735157637340"],"_sku":["NLENGINEOILLEAKSTOPPER"],"_regular_price":["29.90"],"_price":["29.90"],"_sale_price":[""],"_weight":["0.45"],"_thumbnail_id":["23041"],"_global_unique_id":["5056773800670"],"total_sales":["90"],"_tax_status":["taxable"],"_tax_class":[""],"_manage_stock":["no"],"_backorders":["no"],"_sold_individually":["no"],"_virtual":["no"],"_downloadable":["no"],"_download_limit":["-1"],"_download_expiry":["-1"],"_stock":[null],"_stock_status":["instock"],"_wc_average_rating":["4.99"],"_wc_review_count":["73"],"_product_version":["10.5.2"],"_edit_lock":["1772374642:1"],"merchant-center-availability":["yes"],"merchant-center-category":["2788"],"merchant-center-id":["EOLS"],"_edit_last":["1"],"_wp_page_template":["default"],"site-sidebar-layout":["default"],"ast-site-content-layout":["default"],"site-content-style":["default"],"site-sidebar-style":["default"],"theme-transparent-header-meta":["default"],"_wc_rating_count":["a:2:{i:4;i:1;i:5;i:72;}"],"_upsell_ids":["a:3:{i:0;i:22975;i:1;i:22998;i:2;i:23001;}"],"_crosssell_ids":["a:3:{i:0;i:22975;i:1;i:22998;i:2;i:23001;}"],"astra-migrate-meta-layouts":["set"],"_uag_css_file_name":["uag-css-22988.css"],"_elementor_page_assets":["a:0:{}"]},"uagb_featured_image_src":{"full":["https:\/\/www.noleaky.com\/wp-content\/uploads\/2025\/06\/2.g.Engine-Oil-Stop-Leak_4000x4000_15a04a4a-d496-4c7b-ac67-49608a435085.png",2560,2560,false],"thumbnail":["https:\/\/www.noleaky.com\/wp-content\/uploads\/2025\/06\/2.g.Engine-Oil-Stop-Leak_4000x4000_15a04a4a-d496-4c7b-ac67-49608a435085-150x150.png",150,150,true],"medium":["https:\/\/www.noleaky.com\/wp-content\/uploads\/2025\/06\/2.g.Engine-Oil-Stop-Leak_4000x4000_15a04a4a-d496-4c7b-ac67-49608a435085-300x300.png",300,300,true],"medium_large":["https:\/\/www.noleaky.com\/wp-content\/uploads\/2025\/06\/2.g.Engine-Oil-Stop-Leak_4000x4000_15a04a4a-d496-4c7b-ac67-49608a435085-768x768.png",768,768,true],"large":["https:\/\/www.noleaky.com\/wp-content\/uploads\/2025\/06\/2.g.Engine-Oil-Stop-Leak_4000x4000_15a04a4a-d496-4c7b-ac67-49608a435085-1024x1024.png",1024,1024,true],"1536x1536":["https:\/\/www.noleaky.com\/wp-content\/uploads\/2025\/06\/2.g.Engine-Oil-Stop-Leak_4000x4000_15a04a4a-d496-4c7b-ac67-49608a435085-1536x1536.png",1536,1536,true],"2048x2048":["https:\/\/www.noleaky.com\/wp-content\/uploads\/2025\/06\/2.g.Engine-Oil-Stop-Leak_4000x4000_15a04a4a-d496-4c7b-ac67-49608a435085-2048x2048.png",2048,2048,true],"trp-custom-language-flag":["https:\/\/www.noleaky.com\/wp-content\/uploads\/2025\/06\/2.g.Engine-Oil-Stop-Leak_4000x4000_15a04a4a-d496-4c7b-ac67-49608a435085-12x12.png",12,12,true],"woocommerce_thumbnail":["https:\/\/www.noleaky.com\/wp-content\/uploads\/2025\/06\/2.g.Engine-Oil-Stop-Leak_4000x4000_15a04a4a-d496-4c7b-ac67-49608a435085-300x300.png",300,300,true],"woocommerce_single":["https:\/\/www.noleaky.com\/wp-content\/uploads\/2025\/06\/2.g.Engine-Oil-Stop-Leak_4000x4000_15a04a4a-d496-4c7b-ac67-49608a435085-600x600.png",600,600,true],"woocommerce_gallery_thumbnail":["https:\/\/www.noleaky.com\/wp-content\/uploads\/2025\/06\/2.g.Engine-Oil-Stop-Leak_4000x4000_15a04a4a-d496-4c7b-ac67-49608a435085-100x100.png",100,100,true]},"uagb_author_info":{"display_name":"admin","author_link":"https:\/\/www.noleaky.com\/lv\/author\/"},"uagb_comment_info":73,"uagb_excerpt":"Stops engine oil leaks directly at the source without dismantling the engine. Our engine oil stop leak fluid is specially formulated to seal external oil leaks at their origin. It provides a targeted solution that helps prevent oil loss and reduces the need for complex mechanical disassembly. The most effective external oil leak sealing solution&hellip;","_links":{"self":[{"href":"https:\/\/www.noleaky.com\/lv\/wp-json\/wp\/v2\/product\/22988","targetHints":{"allow":["GET"]}}],"collection":[{"href":"https:\/\/www.noleaky.com\/lv\/wp-json\/wp\/v2\/product"}],"about":[{"href":"https:\/\/www.noleaky.com\/lv\/wp-json\/wp\/v2\/types\/product"}],"replies":[{"embeddable":true,"href":"https:\/\/www.noleaky.com\/lv\/wp-json\/wp\/v2\/comments?post=22988"}],"version-history":[{"count":5,"href":"https:\/\/www.noleaky.com\/lv\/wp-json\/wp\/v2\/product\/22988\/revisions"}],"predecessor-version":[{"id":33281,"href":"https:\/\/www.noleaky.com\/lv\/wp-json\/wp\/v2\/product\/22988\/revisions\/33281"}],"wp:featuredmedia":[{"embeddable":true,"href":"https:\/\/www.noleaky.com\/lv\/wp-json\/wp\/v2\/media\/23041"}],"wp:attachment":[{"href":"https:\/\/www.noleaky.com\/lv\/wp-json\/wp\/v2\/media?parent=22988"}],"wp:term":[{"taxonomy":"product_brand","embeddable":true,"href":"https:\/\/www.noleaky.com\/lv\/wp-json\/wp\/v2\/product_brand?post=22988"},{"taxonomy":"product_cat","embeddable":true,"href":"https:\/\/www.noleaky.com\/lv\/wp-json\/wp\/v2\/product_cat?post=22988"},{"taxonomy":"product_tag","embeddable":true,"href":"https:\/\/www.noleaky.com\/lv\/wp-json\/wp\/v2\/product_tag?post=22988"}],"curies":[{"name":"wp","href":"https:\/\/api.w.org\/{rel}","templated":true}]}}