{"id":22985,"date":"2025-06-02T15:48:58","date_gmt":"2025-06-02T13:48:58","guid":{"rendered":"https:\/\/www.noleaky.com\/products\/diesel-particulate-filter-and-turbo-cleaner\/"},"modified":"2026-03-01T17:05:42","modified_gmt":"2026-03-01T16:05:42","slug":"diesel-particulate-filter-and-turbo-cleaner","status":"publish","type":"product","link":"https:\/\/www.noleaky.com\/lv\/products\/diesel-particulate-filter-and-turbo-cleaner\/","title":{"rendered":"Da\u013ci\u0146u filtra un turb\u012bnas t\u012br\u012bt\u0101js"},"content":{"rendered":"<p><strong><img decoding=\"async\" style=\"margin-right: 12px;\" src=\"https:\/\/www.noleaky.com\/wp-content\/uploads\/2026\/02\/Check.svg\" alt=\"\" width=\"18\" height=\"15\" \/>Dzi\u013ci izt\u012bra d\u012bze\u013cdegvielas da\u013ci\u0146u filtru un turbokompresoru vien\u0101 reiz\u0113.<\/strong> M\u016bsu d\u012bze\u013cdegvielas da\u013ci\u0146u filtra un turbokompresora t\u012br\u012bt\u0101js ir \u012bpa\u0161i izstr\u0101d\u0101ts, lai no\u0146emtu kv\u0113pus, oglek\u013ca nogulsnes un sadeg\u0161anas atlikumus, kas uzkr\u0101jas d\u012bze\u013cdegvielas da\u013ci\u0146u filtr\u0101 un turboiek\u0101rt\u0101. Tas darbojas caur degvielas sist\u0113mu, lai brauk\u0161anas laik\u0101 pak\u0101peniski att\u012br\u012btu svar\u012bg\u0101kos komponentus, atjaunojot gaisa pl\u016bsmu un dzin\u0113ja efektivit\u0101ti bez demont\u0101\u017eas.<\/p>\n<p><strong><img decoding=\"async\" style=\"margin-right: 12px;\" src=\"https:\/\/www.noleaky.com\/wp-content\/uploads\/2026\/02\/Check.svg\" alt=\"\" width=\"18\" height=\"15\" \/>Efekt\u012bv\u0101kais tirg\u016b pieejamais d\u012bze\u013cdegvielas da\u013ci\u0146u filtra un turbo t\u012br\u012b\u0161anas \u0161\u0137\u012bdums.<\/strong> Pateicoties uzlabotajai katalizatora un mazg\u0101\u0161anas l\u012bdzek\u013ca tehnolo\u0123ijai, \u0161\u012b formula akt\u012bvi pazemina sodr\u0113ju sadeg\u0161anas temperat\u016bru un \u0101tr\u0101k nek\u0101 parast\u0101s piedevas iz\u0161\u0137\u012bdina notur\u012bgus nos\u0113dumus. T\u0101 veicina optim\u0101lu cieto da\u013ci\u0146u filtra re\u0123ener\u0101ciju un uzlabo turbo dzin\u0113ja veiktsp\u0113ju, nodro\u0161inot redzamus un izm\u0113r\u0101mus rezult\u0101tus.<\/p>\n<p><strong><img decoding=\"async\" style=\"margin-right: 12px;\" src=\"https:\/\/www.noleaky.com\/wp-content\/uploads\/2026\/02\/Check.svg\" alt=\"\" width=\"18\" height=\"15\" \/>Pieejamais l\u0113t\u0101kais profesion\u0101l\u0101s klases risin\u0101jums.<\/strong> M\u0113s nodro\u0161in\u0101m darbn\u012bcas l\u012bme\u0146a t\u012br\u012b\u0161anas veiktsp\u0113ju par viskonkur\u0113tsp\u0113j\u012bg\u0101ko cenu. T\u0101 viet\u0101, lai maks\u0101tu par d\u0101rgu piespiedu re\u0123ener\u0101ciju vai meh\u0101nisku demont\u0101\u017eu, j\u016bs varat atjaunot sist\u0113mas efektivit\u0101ti par nelielu da\u013cu no izmaks\u0101m.<\/p>\n<p><strong><img decoding=\"async\" style=\"margin-right: 12px;\" src=\"https:\/\/www.noleaky.com\/wp-content\/uploads\/2026\/02\/Check.svg\" alt=\"\" width=\"18\" height=\"15\" \/>Pieg\u0101de 24 stundas diennakt\u012b, lai samazin\u0101tu transportl\u012bdzek\u013ca d\u012bkst\u0101vi.<\/strong> M\u0113s garant\u0113jam pieg\u0101di 24 stundas diennakt\u012b, lai j\u016bs var\u0113tu \u0101tri nov\u0113rst br\u012bdin\u0101juma sign\u0101lus, samazin\u0101tas jaudas vai re\u0123ener\u0101cijas probl\u0113mas. \u0100tra pieg\u0101de nodro\u0161ina, ka varat r\u012bkoties nekav\u0113joties un izvair\u012bties no ilgsto\u0161\u0101m darb\u012bbas probl\u0113m\u0101m.<\/p>\n<p><strong><img decoding=\"async\" style=\"margin-right: 12px;\" src=\"https:\/\/www.noleaky.com\/wp-content\/uploads\/2026\/02\/Check.svg\" alt=\"\" width=\"18\" height=\"15\" \/>Naudas atmaksas garantija piln\u012bgai p\u0101rliec\u012bbai.<\/strong> M\u0113s pied\u0101v\u0101jam pilnu naudas atmaksas garantiju. Ja neesat piln\u012bb\u0101 apmierin\u0101ts ar m\u016bsu d\u012bze\u013cdegvielas da\u013ci\u0146u filtra un turbokompresora t\u012br\u012bt\u0101ja darb\u012bbu, m\u0113s atmaks\u0101sim naudu par pirkumu. J\u016bsu pas\u016bt\u012bjums ir piln\u012bgi bez riska.<\/p>\n<p><strong><img decoding=\"async\" style=\"margin-right: 12px;\" src=\"https:\/\/www.noleaky.com\/wp-content\/uploads\/2026\/02\/Check.svg\" alt=\"\" width=\"18\" height=\"15\" \/>Atjauno dzin\u0113ja jaudu un pa\u0101trin\u0101jumu.<\/strong> Aizs\u0113r\u0113jis d\u012bze\u013cdegvielas da\u013ci\u0146u filtrs un ar oglekli aizsprostots turboiek\u0101rta samazina gaisa pl\u016bsmu un dzin\u0113ja reakciju. Att\u012brot abas sist\u0113mas, m\u016bsu produkts pal\u012bdz atjaunot zaud\u0113to jaudu, vienm\u0113r\u012bg\u0101ku pa\u0101trin\u0101jumu un uzlabotu visp\u0101r\u0113jo vad\u0101m\u012bbu.<\/p>\n<p><strong><img decoding=\"async\" style=\"margin-right: 12px;\" src=\"https:\/\/www.noleaky.com\/wp-content\/uploads\/2026\/02\/Check.svg\" alt=\"\" width=\"18\" height=\"15\" \/>Veicina pareizu d\u012bze\u013cdegvielas da\u013ci\u0146u filtra re\u0123ener\u0101ciju un nov\u0113r\u0161 aizs\u0113r\u0113\u0161anu.<\/strong> Formula pal\u012bdz samazin\u0101t kv\u0113pu aizdeg\u0161an\u0101s temperat\u016bru, nodro\u0161inot efekt\u012bv\u0101kus pas\u012bv\u0101s un akt\u012bv\u0101s re\u0123ener\u0101cijas ciklus. Tas nov\u0113r\u0161 priek\u0161laic\u012bgu aizsprosto\u0161anos un samazina br\u012bdin\u0101juma sign\u0101lu bie\u017eumu.<\/p>\n<p><strong><img decoding=\"async\" style=\"margin-right: 12px;\" src=\"https:\/\/www.noleaky.com\/wp-content\/uploads\/2026\/02\/Check.svg\" alt=\"\" width=\"18\" height=\"15\" \/>Uzlabo degvielas efektivit\u0101ti un samazina pat\u0113ri\u0146u.<\/strong> T\u012br\u0101ka sadeg\u0161ana un uzlabota izpl\u016bdes g\u0101zu pl\u016bsma \u013cauj dzin\u0113jam str\u0101d\u0101t efekt\u012bv\u0101k, kas laika gait\u0101 var pal\u012bdz\u0113t samazin\u0101t degvielas pat\u0113ri\u0146u.<\/p>\n<p><strong><img decoding=\"async\" style=\"margin-right: 12px;\" src=\"https:\/\/www.noleaky.com\/wp-content\/uploads\/2026\/02\/Check.svg\" alt=\"\" width=\"18\" height=\"15\" \/>Samazina kait\u012bgo izme\u0161u un izpl\u016bdes d\u016bmu daudzumu.<\/strong> Att\u012brot kv\u0113pu uzkr\u0101\u0161anos un uzlabojot sadeg\u0161anas kvalit\u0101ti, \u0161is produkts pal\u012bdz samazin\u0101t cieto da\u013ci\u0146u emisijas un nodro\u0161in\u0101t t\u012br\u0101ku izpl\u016bdes g\u0101zu izpl\u016bdi.<\/p>\n<p><strong><img decoding=\"async\" style=\"margin-right: 12px;\" src=\"https:\/\/www.noleaky.com\/wp-content\/uploads\/2026\/02\/Check.svg\" alt=\"\" width=\"18\" height=\"15\" \/>Vienk\u0101r\u0161a uzkl\u0101\u0161ana tvertn\u0113 ar profesion\u0101lu rezult\u0101tu.<\/strong> \u0160is t\u012br\u012b\u0161anas l\u012bdzeklis, kas paredz\u0113ts \u0113rt\u012bbai, tiek pievienots tie\u0161i degvielas tvertnei un darbojas autom\u0101tiski parastas brauk\u0161anas laik\u0101. Nav nepiecie\u0161ami \u012bpa\u0161i instrumenti, demont\u0101\u017ea un sare\u017e\u0123\u012btas proced\u016bras.<\/p>\n<h2><strong>Instrukcijas<\/strong><\/h2>\n<ul>\n<li>Pirms l\u012bdzek\u013ca pievieno\u0161anas p\u0101rliecinieties, ka degvielas tvertnes l\u012bmenis ir zems (ide\u0101l\u0101 gad\u012bjum\u0101 maz\u0101ks par vienu ceturtda\u013cu).<\/li>\n<li>Pirms lieto\u0161anas pudel\u012bti r\u016bp\u012bgi sakratiet.<\/li>\n<li>Ielejiet visu pudeles saturu tie\u0161i d\u012bze\u013cdegvielas tvertn\u0113.<\/li>\n<li>P\u0113c t\u012br\u012b\u0161anas l\u012bdzek\u013ca pievieno\u0161anas piepildiet tvertni ar d\u012bze\u013cdegvielu, lai nodro\u0161in\u0101tu pareizu at\u0161\u0137aid\u012b\u0161anu un sajauk\u0161anos.<\/li>\n<li>Viena pilna pudele ir piem\u0113rota aptuveni 50 l\u012bdz 70 litru degvielas tvertnei. Maz\u0101k\u0101m tvertn\u0113m proporcion\u0101li piel\u0101gojiet devu.<\/li>\n<li>Ja iesp\u0113jams, brauciet ar transportl\u012bdzekli vismaz 20 l\u012bdz 30 min\u016btes ar vienm\u0113r\u012bgu \u0101trumu virs 2000 apgr.\/min, lai veicin\u0101tu efekt\u012bvu t\u012br\u012b\u0161anu un atbalst\u012btu d\u012bze\u013cdegvielas da\u013ci\u0146u filtra re\u0123ener\u0101ciju.<\/li>\n<li>Izvairieties no \u012bsiem braucieniem apstr\u0101des laik\u0101, lai \u013cautu sist\u0113mai sasniegt optim\u0101lu darba temperat\u016bru.<\/li>\n<li>Ja DPF br\u012bdin\u0101juma indikators iedegas sp\u0113c\u012bga aizs\u0113r\u0113juma d\u0113\u013c, p\u0113c pirm\u0101s apstr\u0101d\u0101t\u0101s tvertnes izlieto\u0161anas var veikt otro apstr\u0101di.<\/li>\n<li>Profilaktiskai apkopei produktu izmantojiet ik p\u0113c 8000 l\u012bdz 15 000 kilometriem atkar\u012bb\u0101 no brauk\u0161anas apst\u0101k\u013ciem.<\/li>\n<li>Nep\u0101rsniedziet ieteikt\u0101s devas un uzglab\u0101jiet produktu v\u0113s\u0101, saus\u0101 viet\u0101, prom no tie\u0161iem saules stariem un siltuma avotiem.<\/li>\n<\/ul>","protected":false},"excerpt":{"rendered":"<p>Deeply cleans the diesel particulate filter and turbocharger in one single treatment. Our diesel particulate filter and turbocharger cleaner is specially formulated to remove soot, carbon deposits, and combustion residues that accumulate in the diesel particulate filter and turbo system. It works through the fuel system to clean critical components progressively while you drive, restoring [&hellip;]<\/p>\n","protected":false},"featured_media":23035,"comment_status":"open","ping_status":"closed","template":"","meta":{"_uag_custom_page_level_css":"","site-sidebar-layout":"default","site-content-layout":"","ast-site-content-layout":"default","site-content-style":"default","site-sidebar-style":"default","ast-global-header-display":"","ast-banner-title-visibility":"","ast-main-header-display":"","ast-hfb-above-header-display":"","ast-hfb-below-header-display":"","ast-hfb-mobile-header-display":"","site-post-title":"","ast-breadcrumbs-content":"","ast-featured-img":"","footer-sml-layout":"","ast-disable-related-posts":"","theme-transparent-header-meta":"default","adv-header-id-meta":"","stick-header-meta":"","header-above-stick-meta":"","header-main-stick-meta":"","header-below-stick-meta":"","astra-migrate-meta-layouts":"set","ast-page-background-enabled":"default","ast-page-background-meta":{"desktop":{"background-color":"var(--ast-global-color-4)","background-image":"","background-repeat":"repeat","background-position":"center center","background-size":"auto","background-attachment":"scroll","background-type":"","background-media":"","overlay-type":"","overlay-color":"","overlay-opacity":"","overlay-gradient":""},"tablet":{"background-color":"","background-image":"","background-repeat":"repeat","background-position":"center center","background-size":"auto","background-attachment":"scroll","background-type":"","background-media":"","overlay-type":"","overlay-color":"","overlay-opacity":"","overlay-gradient":""},"mobile":{"background-color":"","background-image":"","background-repeat":"repeat","background-position":"center center","background-size":"auto","background-attachment":"scroll","background-type":"","background-media":"","overlay-type":"","overlay-color":"","overlay-opacity":"","overlay-gradient":""}},"ast-content-background-meta":{"desktop":{"background-color":"var(--ast-global-color-5)","background-image":"","background-repeat":"repeat","background-position":"center center","background-size":"auto","background-attachment":"scroll","background-type":"","background-media":"","overlay-type":"","overlay-color":"","overlay-opacity":"","overlay-gradient":""},"tablet":{"background-color":"var(--ast-global-color-5)","background-image":"","background-repeat":"repeat","background-position":"center center","background-size":"auto","background-attachment":"scroll","background-type":"","background-media":"","overlay-type":"","overlay-color":"","overlay-opacity":"","overlay-gradient":""},"mobile":{"background-color":"var(--ast-global-color-5)","background-image":"","background-repeat":"repeat","background-position":"center center","background-size":"auto","background-attachment":"scroll","background-type":"","background-media":"","overlay-type":"","overlay-color":"","overlay-opacity":"","overlay-gradient":""}}},"product_brand":[],"product_cat":[176],"product_tag":[],"class_list":{"0":"post-22985","1":"product","2":"type-product","3":"status-publish","4":"has-post-thumbnail","6":"product_cat-automotive","7":"desktop-align-left","8":"tablet-align-left","9":"mobile-align-left","11":"first","12":"instock","13":"shipping-taxable","14":"purchasable","15":"product-type-simple"},"spectra_custom_meta":{"_visibility":["visible"],"_shopify_product_id":["7960299241692"],"_s2w_shopify_domain":["noleaky.myshopify.com"],"_shopify_variant_id":["43735152034012"],"_sku":["NLDIESELPARTICULATEFILTERTURBOCLEANER"],"_regular_price":["19.90"],"_price":["19.90"],"_sale_price":[""],"_weight":["0.35"],"_thumbnail_id":["23035"],"_global_unique_id":["5056773800649"],"total_sales":["250"],"_tax_status":["taxable"],"_tax_class":[""],"_manage_stock":["no"],"_backorders":["no"],"_sold_individually":["no"],"_virtual":["no"],"_downloadable":["no"],"_download_limit":["-1"],"_download_expiry":["-1"],"_stock":[null],"_stock_status":["instock"],"_wc_average_rating":["4.96"],"_wc_review_count":["72"],"_product_version":["10.5.2"],"_edit_lock":["1772381039:1"],"merchant-center-availability":["yes"],"merchant-center-category":["2788"],"merchant-center-id":["DPFTC"],"_edit_last":["1"],"_wp_page_template":["default"],"site-sidebar-layout":["default"],"ast-site-content-layout":["default"],"site-content-style":["default"],"site-sidebar-style":["default"],"theme-transparent-header-meta":["default"],"_wc_rating_count":["a:2:{i:4;i:3;i:5;i:69;}"],"_upsell_ids":["a:3:{i:0;i:22975;i:1;i:22986;i:2;i:23011;}"],"_crosssell_ids":["a:3:{i:0;i:22975;i:1;i:22986;i:2;i:23011;}"],"astra-migrate-meta-layouts":["set"],"_uag_css_file_name":["uag-css-22985.css"],"_elementor_page_assets":["a:0:{}"],"_uag_page_assets":["a:9:{s:3:\"css\";s:6893:\".wp-block-uagb-image{display:flex}.wp-block-uagb-image__figure{position:relative;display:flex;flex-direction:column;max-width:100%;height:auto;margin:0}.wp-block-uagb-image__figure img{height:auto;display:flex;max-width:100%;transition:box-shadow 0.2s ease}.wp-block-uagb-image__figure>a{display:inline-block}.wp-block-uagb-image__figure figcaption{text-align:center;margin-top:0.5em;margin-bottom:1em}.wp-block-uagb-image .components-placeholder.block-editor-media-placeholder .components-placeholder__instructions{align-self:center}.wp-block-uagb-image--align-left{text-align:left}.wp-block-uagb-image--align-right{text-align:right}.wp-block-uagb-image--align-center{text-align:center}.wp-block-uagb-image--align-full .wp-block-uagb-image__figure{margin-left:calc(50% - 50vw);margin-right:calc(50% - 50vw);max-width:100vw;width:100vw;height:auto}.wp-block-uagb-image--align-full .wp-block-uagb-image__figure img{height:auto;width:100% !important}.wp-block-uagb-image--align-wide .wp-block-uagb-image__figure img{height:auto;width:100%}.wp-block-uagb-image--layout-overlay__color-wrapper{position:absolute;left:0;top:0;right:0;bottom:0;opacity:0.2;background:rgba(0,0,0,0.5);transition:opacity 0.35s ease-in-out}.wp-block-uagb-image--layout-overlay-link{position:absolute;left:0;right:0;bottom:0;top:0}.wp-block-uagb-image--layout-overlay .wp-block-uagb-image__figure:hover .wp-block-uagb-image--layout-overlay__color-wrapper{opacity:1}.wp-block-uagb-image--layout-overlay__inner{position:absolute;left:15px;right:15px;bottom:15px;top:15px;display:flex;align-items:center;justify-content:center;flex-direction:column;border-color:#fff;transition:0.35s ease-in-out}.wp-block-uagb-image--layout-overlay__inner.top-left,.wp-block-uagb-image--layout-overlay__inner.top-center,.wp-block-uagb-image--layout-overlay__inner.top-right{justify-content:flex-start}.wp-block-uagb-image--layout-overlay__inner.bottom-left,.wp-block-uagb-image--layout-overlay__inner.bottom-center,.wp-block-uagb-image--layout-overlay__inner.bottom-right{justify-content:flex-end}.wp-block-uagb-image--layout-overlay__inner.top-left,.wp-block-uagb-image--layout-overlay__inner.center-left,.wp-block-uagb-image--layout-overlay__inner.bottom-left{align-items:flex-start}.wp-block-uagb-image--layout-overlay__inner.top-right,.wp-block-uagb-image--layout-overlay__inner.center-right,.wp-block-uagb-image--layout-overlay__inner.bottom-right{align-items:flex-end}.wp-block-uagb-image--layout-overlay__inner .uagb-image-heading{color:#fff;transition:transform 0.35s, opacity 0.35s ease-in-out;transform:translate3d(0, 24px, 0);margin:0;line-height:1em}.wp-block-uagb-image--layout-overlay__inner .uagb-image-separator{width:30%;border-top-width:2px;border-top-color:#fff;border-top-style:solid;margin-bottom:10px;opacity:0;transition:transform 0.4s, opacity 0.4s ease-in-out;transform:translate3d(0, 30px, 0)}.wp-block-uagb-image--layout-overlay__inner .uagb-image-caption{opacity:0;overflow:visible;color:#fff;transition:transform 0.45s, opacity 0.45s ease-in-out;transform:translate3d(0, 35px, 0)}.wp-block-uagb-image--layout-overlay__inner:hover .uagb-image-heading,.wp-block-uagb-image--layout-overlay__inner:hover .uagb-image-separator,.wp-block-uagb-image--layout-overlay__inner:hover .uagb-image-caption{opacity:1;transform:translate3d(0, 0, 0)}.wp-block-uagb-image--effect-zoomin .wp-block-uagb-image__figure img,.wp-block-uagb-image--effect-zoomin .wp-block-uagb-image__figure .wp-block-uagb-image--layout-overlay__color-wrapper{transform:scale(1);transition:transform 0.35s ease-in-out}.wp-block-uagb-image--effect-zoomin .wp-block-uagb-image__figure:hover img,.wp-block-uagb-image--effect-zoomin .wp-block-uagb-image__figure:hover .wp-block-uagb-image--layout-overlay__color-wrapper{transform:scale(1.05)}.wp-block-uagb-image--effect-slide .wp-block-uagb-image__figure img,.wp-block-uagb-image--effect-slide .wp-block-uagb-image__figure .wp-block-uagb-image--layout-overlay__color-wrapper{width:calc(100% + 40px) !important;max-width:none !important;transform:translate3d(-40px, 0, 0);transition:transform 0.35s ease-in-out}.wp-block-uagb-image--effect-slide .wp-block-uagb-image__figure:hover img,.wp-block-uagb-image--effect-slide .wp-block-uagb-image__figure:hover .wp-block-uagb-image--layout-overlay__color-wrapper{transform:translate3d(0, 0, 0)}.wp-block-uagb-image--effect-grayscale img{filter:grayscale(0%);transition:0.35s ease-in-out}.wp-block-uagb-image--effect-grayscale:hover img{filter:grayscale(100%)}.wp-block-uagb-image--effect-blur img{filter:blur(0);transition:0.35s ease-in-out}.wp-block-uagb-image--effect-blur:hover img{filter:blur(3px)}\n.uagb-block-e6f939b3.wp-block-uagb-image--layout-default figure img{box-shadow: 0px 0px 0 #00000070;}.uagb-block-e6f939b3.wp-block-uagb-image .wp-block-uagb-image__figure figcaption{font-style: normal;align-self: center;}.uagb-block-e6f939b3.wp-block-uagb-image--layout-overlay figure img{box-shadow: 0px 0px 0 #00000070;}.uagb-block-e6f939b3.wp-block-uagb-image--layout-overlay .wp-block-uagb-image--layout-overlay__color-wrapper{opacity: 0.2;}.uagb-block-e6f939b3.wp-block-uagb-image--layout-overlay .wp-block-uagb-image--layout-overlay__inner{left: 15px;right: 15px;top: 15px;bottom: 15px;}.uagb-block-e6f939b3.wp-block-uagb-image--layout-overlay .wp-block-uagb-image--layout-overlay__inner .uagb-image-heading{font-style: normal;color: #fff;opacity: 1;}.uagb-block-e6f939b3.wp-block-uagb-image--layout-overlay .wp-block-uagb-image--layout-overlay__inner .uagb-image-heading a{color: #fff;}.uagb-block-e6f939b3.wp-block-uagb-image--layout-overlay .wp-block-uagb-image--layout-overlay__inner .uagb-image-caption{opacity: 0;}.uagb-block-e6f939b3.wp-block-uagb-image--layout-overlay .wp-block-uagb-image__figure:hover .wp-block-uagb-image--layout-overlay__color-wrapper{opacity: 1;}.uagb-block-e6f939b3.wp-block-uagb-image .wp-block-uagb-image--layout-overlay__inner .uagb-image-separator{width: 30%;border-top-width: 2px;border-top-color: #fff;opacity: 0;}.uagb-block-e6f939b3.wp-block-uagb-image .wp-block-uagb-image__figure img{width: px;height: auto;}.uagb-block-e6f939b3.wp-block-uagb-image .wp-block-uagb-image__figure:hover .wp-block-uagb-image--layout-overlay__inner .uagb-image-caption{opacity: 1;}.uagb-block-e6f939b3.wp-block-uagb-image .wp-block-uagb-image__figure:hover .wp-block-uagb-image--layout-overlay__inner .uagb-image-separator{opacity: 1;}.uagb-block-e6f939b3.wp-block-uagb-image--layout-default figure:hover img{box-shadow: 0px 0px 0 #00000070;}.uagb-block-e6f939b3.wp-block-uagb-image--layout-overlay figure:hover img{box-shadow: 0px 0px 0 #00000070;}@media only screen and (max-width: 976px) {.uagb-block-e6f939b3.wp-block-uagb-image .wp-block-uagb-image__figure img{width: px;height: auto;}}@media only screen and (max-width: 767px) {.uagb-block-e6f939b3.wp-block-uagb-image .wp-block-uagb-image__figure img{width: px;height: auto;}}\";s:2:\"js\";s:0:\"\";s:18:\"current_block_list\";a:13:{i:0;s:11:\"core\/search\";i:1;s:10:\"core\/group\";i:2;s:12:\"core\/heading\";i:3;s:17:\"core\/latest-posts\";i:4;s:20:\"core\/latest-comments\";i:5;s:13:\"core\/archives\";i:6;s:15:\"core\/categories\";i:7;s:14:\"core\/paragraph\";i:8;s:10:\"uagb\/image\";i:9;s:11:\"core\/spacer\";i:10;s:30:\"woocommerce\/product-categories\";i:11;s:10:\"core\/image\";i:12;s:14:\"core\/shortcode\";}s:8:\"uag_flag\";b:1;s:11:\"uag_version\";s:10:\"1776746291\";s:6:\"gfonts\";a:0:{}s:10:\"gfonts_url\";s:0:\"\";s:12:\"gfonts_files\";a:0:{}s:14:\"uag_faq_layout\";b:0;}"]},"uagb_featured_image_src":{"full":["https:\/\/www.noleaky.com\/wp-content\/uploads\/2025\/06\/2.f.Particulate-filter-_-turbo-cleaner_4000x4000_7a6e58d8-cefd-4b95-9bed-681dabdf47fb.png",2560,2560,false],"thumbnail":["https:\/\/www.noleaky.com\/wp-content\/uploads\/2025\/06\/2.f.Particulate-filter-_-turbo-cleaner_4000x4000_7a6e58d8-cefd-4b95-9bed-681dabdf47fb-150x150.png",150,150,true],"medium":["https:\/\/www.noleaky.com\/wp-content\/uploads\/2025\/06\/2.f.Particulate-filter-_-turbo-cleaner_4000x4000_7a6e58d8-cefd-4b95-9bed-681dabdf47fb-300x300.png",300,300,true],"medium_large":["https:\/\/www.noleaky.com\/wp-content\/uploads\/2025\/06\/2.f.Particulate-filter-_-turbo-cleaner_4000x4000_7a6e58d8-cefd-4b95-9bed-681dabdf47fb-768x768.png",768,768,true],"large":["https:\/\/www.noleaky.com\/wp-content\/uploads\/2025\/06\/2.f.Particulate-filter-_-turbo-cleaner_4000x4000_7a6e58d8-cefd-4b95-9bed-681dabdf47fb-1024x1024.png",1024,1024,true],"1536x1536":["https:\/\/www.noleaky.com\/wp-content\/uploads\/2025\/06\/2.f.Particulate-filter-_-turbo-cleaner_4000x4000_7a6e58d8-cefd-4b95-9bed-681dabdf47fb-1536x1536.png",1536,1536,true],"2048x2048":["https:\/\/www.noleaky.com\/wp-content\/uploads\/2025\/06\/2.f.Particulate-filter-_-turbo-cleaner_4000x4000_7a6e58d8-cefd-4b95-9bed-681dabdf47fb-2048x2048.png",2048,2048,true],"trp-custom-language-flag":["https:\/\/www.noleaky.com\/wp-content\/uploads\/2025\/06\/2.f.Particulate-filter-_-turbo-cleaner_4000x4000_7a6e58d8-cefd-4b95-9bed-681dabdf47fb-12x12.png",12,12,true],"woocommerce_thumbnail":["https:\/\/www.noleaky.com\/wp-content\/uploads\/2025\/06\/2.f.Particulate-filter-_-turbo-cleaner_4000x4000_7a6e58d8-cefd-4b95-9bed-681dabdf47fb-300x300.png",300,300,true],"woocommerce_single":["https:\/\/www.noleaky.com\/wp-content\/uploads\/2025\/06\/2.f.Particulate-filter-_-turbo-cleaner_4000x4000_7a6e58d8-cefd-4b95-9bed-681dabdf47fb-600x600.png",600,600,true],"woocommerce_gallery_thumbnail":["https:\/\/www.noleaky.com\/wp-content\/uploads\/2025\/06\/2.f.Particulate-filter-_-turbo-cleaner_4000x4000_7a6e58d8-cefd-4b95-9bed-681dabdf47fb-100x100.png",100,100,true]},"uagb_author_info":{"display_name":"admin","author_link":"https:\/\/www.noleaky.com\/lv\/author\/"},"uagb_comment_info":72,"uagb_excerpt":"Deeply cleans the diesel particulate filter and turbocharger in one single treatment. Our diesel particulate filter and turbocharger cleaner is specially formulated to remove soot, carbon deposits, and combustion residues that accumulate in the diesel particulate filter and turbo system. It works through the fuel system to clean critical components progressively while you drive, restoring&hellip;","_links":{"self":[{"href":"https:\/\/www.noleaky.com\/lv\/wp-json\/wp\/v2\/product\/22985","targetHints":{"allow":["GET"]}}],"collection":[{"href":"https:\/\/www.noleaky.com\/lv\/wp-json\/wp\/v2\/product"}],"about":[{"href":"https:\/\/www.noleaky.com\/lv\/wp-json\/wp\/v2\/types\/product"}],"replies":[{"embeddable":true,"href":"https:\/\/www.noleaky.com\/lv\/wp-json\/wp\/v2\/comments?post=22985"}],"version-history":[{"count":4,"href":"https:\/\/www.noleaky.com\/lv\/wp-json\/wp\/v2\/product\/22985\/revisions"}],"predecessor-version":[{"id":33295,"href":"https:\/\/www.noleaky.com\/lv\/wp-json\/wp\/v2\/product\/22985\/revisions\/33295"}],"wp:featuredmedia":[{"embeddable":true,"href":"https:\/\/www.noleaky.com\/lv\/wp-json\/wp\/v2\/media\/23035"}],"wp:attachment":[{"href":"https:\/\/www.noleaky.com\/lv\/wp-json\/wp\/v2\/media?parent=22985"}],"wp:term":[{"taxonomy":"product_brand","embeddable":true,"href":"https:\/\/www.noleaky.com\/lv\/wp-json\/wp\/v2\/product_brand?post=22985"},{"taxonomy":"product_cat","embeddable":true,"href":"https:\/\/www.noleaky.com\/lv\/wp-json\/wp\/v2\/product_cat?post=22985"},{"taxonomy":"product_tag","embeddable":true,"href":"https:\/\/www.noleaky.com\/lv\/wp-json\/wp\/v2\/product_tag?post=22985"}],"curies":[{"name":"wp","href":"https:\/\/api.w.org\/{rel}","templated":true}]}}