{"id":22980,"date":"2025-06-02T15:48:56","date_gmt":"2025-06-02T13:48:56","guid":{"rendered":"https:\/\/www.noleaky.com\/products\/cleaner\/"},"modified":"2026-03-01T17:11:08","modified_gmt":"2026-03-01T16:11:08","slug":"cleaner","status":"publish","type":"product","link":"https:\/\/www.noleaky.com\/lv\/products\/cleaner\/","title":{"rendered":"Katla t\u012br\u012bt\u0101js"},"content":{"rendered":"<p><strong><img decoding=\"async\" style=\"margin-right: 12px;\" src=\"https:\/\/www.noleaky.com\/wp-content\/uploads\/2026\/02\/Check.svg\" alt=\"\" width=\"18\" height=\"15\" \/>Padzi\u013cin\u0101ti izt\u012bra visu apkures sist\u0113mu, lai nodro\u0161in\u0101tu maksim\u0101lu efektivit\u0101ti.<\/strong> M\u016bsu katlu t\u012br\u012b\u0161anas l\u012bdzeklis ir \u012bpa\u0161i izstr\u0101d\u0101ts, lai no\u0146emtu d\u016b\u0146as, r\u016bsu, gru\u017eus un iek\u0161\u0113jos nos\u0113dumus, kas uzkr\u0101jas katlos, radiatoros un cauru\u013cvados. Tas atjauno pareizu \u016bdens cirkul\u0101ciju un siltumapmai\u0146u, \u013caujot j\u016bsu apkures sist\u0113mai darboties p\u0113c iesp\u0113jas lab\u0101k.<\/p>\n<p><strong><img decoding=\"async\" style=\"margin-right: 12px;\" src=\"https:\/\/www.noleaky.com\/wp-content\/uploads\/2026\/02\/Check.svg\" alt=\"\" width=\"18\" height=\"15\" \/>Efekt\u012bv\u0101kais centr\u0101lapkures t\u012br\u012b\u0161anas risin\u0101jums tirg\u016b.<\/strong> Pateicoties sp\u0113c\u012bgajam dispersantam un t\u012br\u012b\u0161anas l\u012bdzek\u013ciem, \u0161\u012b formula \u0101tr\u0101k un pamat\u012bg\u0101k nek\u0101 parastie l\u012bdzek\u013ci no\u0101rda notur\u012bgus nos\u0113dumus un korozijas atliekas. T\u0101 ir v\u0113rsta uz sliktas cirkul\u0101cijas un nevienm\u0113r\u012bgas sild\u012b\u0161anas pamatc\u0113lo\u0146iem.<\/p>\n<p><strong><img decoding=\"async\" style=\"margin-right: 12px;\" src=\"https:\/\/www.noleaky.com\/wp-content\/uploads\/2026\/02\/Check.svg\" alt=\"\" width=\"18\" height=\"15\" \/>Visl\u0113t\u0101kais pieejamais profesion\u0101l\u0101s klases katlu t\u012br\u012b\u0161anas l\u012bdzeklis.<\/strong> M\u0113s pied\u0101v\u0101jam augst\u0101k\u0101s kvalit\u0101tes veiktsp\u0113ju par viskonkur\u0113tsp\u0113j\u012bg\u0101ko cenu. T\u0101 viet\u0101, lai maks\u0101tu par d\u0101rgiem sist\u0113mas jaudas skalo\u0161anas pakalpojumiem, j\u016bs varat sasniegt izcilus t\u012br\u012b\u0161anas rezult\u0101tus ekonomiski un efekt\u012bvi.<\/p>\n<p><strong><img decoding=\"async\" style=\"margin-right: 12px;\" src=\"https:\/\/www.noleaky.com\/wp-content\/uploads\/2026\/02\/Check.svg\" alt=\"\" width=\"18\" height=\"15\" \/>24 stundu pieg\u0101de \u0101trai sist\u0113mas apkopei.<\/strong> M\u0113s garant\u0113jam pieg\u0101di 24 stundas diennakt\u012b, lai j\u016bs var\u0113tu nekav\u0113joties nov\u0113rst apkures tr\u016bkumus. \u0100tra pieg\u0101de nodro\u0161ina, ka j\u016bsu katla t\u012br\u012b\u0161anas projekts var s\u0101kties nekav\u0113joties.<\/p>\n<p><strong><img decoding=\"async\" style=\"margin-right: 12px;\" src=\"https:\/\/www.noleaky.com\/wp-content\/uploads\/2026\/02\/Check.svg\" alt=\"\" width=\"18\" height=\"15\" \/>Naudas atmaksas garantija piln\u012bgai p\u0101rliec\u012bbai.<\/strong> M\u0113s pied\u0101v\u0101jam pilnu naudas atmaksas garantiju. Ja neesat piln\u012bb\u0101 apmierin\u0101ts ar m\u016bsu katlu t\u012br\u012b\u0161anas l\u012bdzek\u013ca rezult\u0101tiem, m\u0113s atmaks\u0101sim naudu par pirkumu. J\u016bsu pas\u016bt\u012bjums ir piln\u012bgi bez riska.<\/p>\n<p><strong><img decoding=\"async\" style=\"margin-right: 12px;\" src=\"https:\/\/www.noleaky.com\/wp-content\/uploads\/2026\/02\/Check.svg\" alt=\"\" width=\"18\" height=\"15\" \/>Uzlabo siltuma sadali un radiatora darb\u012bbu.<\/strong> No\u0146emot nogulsnes, produkts atjauno l\u012bdzsvarotu siltuma pl\u016bsmu vis\u0101 sist\u0113m\u0101. Radiatori sasilst vienm\u0113r\u012bg\u0101k, un iev\u0113rojami samazin\u0101s auksto vietu veido\u0161an\u0101s.<\/p>\n<p><strong><img decoding=\"async\" style=\"margin-right: 12px;\" src=\"https:\/\/www.noleaky.com\/wp-content\/uploads\/2026\/02\/Check.svg\" alt=\"\" width=\"18\" height=\"15\" \/>Samazina ener\u0123ijas pat\u0113ri\u0146u un apkures izmaksas.<\/strong> T\u012bra apkures sist\u0113ma efekt\u012bv\u0101k nodod siltumu, kas noz\u012bm\u0113, ka katls str\u0101d\u0101 maz\u0101k, lai sasniegtu v\u0113lamo temperat\u016bru. Tas var pal\u012bdz\u0113t samazin\u0101t kop\u0113jos ener\u0123ijas r\u0113\u0137inus.<\/p>\n<p><strong><img decoding=\"async\" style=\"margin-right: 12px;\" src=\"https:\/\/www.noleaky.com\/wp-content\/uploads\/2026\/02\/Check.svg\" alt=\"\" width=\"18\" height=\"15\" \/>Pagarina katla un t\u0101 sast\u0101vda\u013cu kalpo\u0161anas laiku.<\/strong> Nos\u0113dumi un korozija palielina s\u016bk\u0146u, v\u0101rstu un siltummai\u0146u nodilumu. Regul\u0101ra t\u012br\u012b\u0161ana pal\u012bdz aizsarg\u0101t iek\u0161\u0113j\u0101s deta\u013cas un pagarina visas apkures iek\u0101rtas kalpo\u0161anas laiku.<\/p>\n<p><strong><img decoding=\"async\" style=\"margin-right: 12px;\" src=\"https:\/\/www.noleaky.com\/wp-content\/uploads\/2026\/02\/Check.svg\" alt=\"\" width=\"18\" height=\"15\" \/>Nov\u0113r\u0161 turpm\u0101ku uzkr\u0101\u0161anos un koroziju.<\/strong> Formula ne tikai att\u012bra, bet ar\u012b pal\u012bdz izklied\u0113t da\u013ci\u0146as un samazina nogul\u0161\u0146u uzkr\u0101\u0161anos, laika gait\u0101 saglab\u0101jot t\u012br\u0101ku sist\u0113mas \u016bdeni.<\/p>\n<p><strong><img decoding=\"async\" style=\"margin-right: 12px;\" src=\"https:\/\/www.noleaky.com\/wp-content\/uploads\/2026\/02\/Check.svg\" alt=\"\" width=\"18\" height=\"15\" \/>Vienk\u0101r\u0161a lieto\u0161ana bez piln\u012bgas sist\u0113mas demont\u0101\u017eas.<\/strong> T\u012br\u012bt\u0101ju, kas paredz\u0113ts gan profesion\u0101\u013ciem, gan m\u0101ju \u012bpa\u0161niekiem, var pievienot tie\u0161i apkures kont\u016br\u0101 un norm\u0101li cirkul\u0113t, izvairoties no sare\u017e\u0123\u012bt\u0101m proced\u016br\u0101m vai specializ\u0113t\u0101m iek\u0101rt\u0101m.<\/p>\n<h2><strong>Instrukcijas<\/strong><\/h2>\n<ul>\n<li>Pirms apstr\u0101des uzs\u0101k\u0161anas izsl\u0113dziet katlu un \u013caujiet sist\u0113mai atdzist.<\/li>\n<li>Pirms lieto\u0161anas trauku r\u016bp\u012bgi sakratiet.<\/li>\n<li>Pievienojiet aptuveni 500 ml katla t\u012br\u012b\u0161anas l\u012bdzek\u013ca vid\u0113jai sadz\u012bves apkures sist\u0113mai ar \u016bdens tilpumu l\u012bdz 100 litriem. Liel\u0101k\u0101m sist\u0113m\u0101m proporcion\u0101li piel\u0101gojiet devu.<\/li>\n<li>Ievadiet produktu caur radiatoru, dozatoru, magn\u0113tisko filtru vai citu piem\u0113rotu piek\u013cuves vietu.<\/li>\n<li>Ja nepiecie\u0161ams, atjaunojiet sist\u0113mas spiedienu un iesl\u0113dziet katlu.<\/li>\n<li>\u013baujiet produktam cirkul\u0113t vis\u0101 sist\u0113m\u0101 vismaz 1 l\u012bdz 2 stundas. Stipri nos\u0113dumu sist\u0113m\u0101s tas var cirkul\u0113t vair\u0101kas dienas norm\u0101l\u0101 apkures re\u017e\u012bm\u0101.<\/li>\n<li>P\u0113c t\u012br\u012b\u0161anas perioda iztuk\u0161ojiet un r\u016bp\u012bgi izskalojiet sist\u0113mu ar t\u012bru \u016bdeni, lai no\u0146emtu atbr\u012bvoju\u0161\u0101s nogulsnes un gru\u017eus.<\/li>\n<li>P\u0113c t\u012br\u012b\u0161anas atk\u0101rtoti uzpildiet sist\u0113mu un, ja ieteicams, pievienojiet atbilsto\u0161u korozijas inhibitoru.<\/li>\n<li>Lai veiktu profilaktisko apkopi, katla t\u012br\u012b\u0161anas l\u012bdzekli izmantojiet pirms jauna katla uzst\u0101d\u012b\u0161anas vai ik p\u0113c 3 l\u012bdz 5 gadiem atkar\u012bb\u0101 no sist\u0113mas st\u0101vok\u013ca.<\/li>\n<li>Uzglab\u0101t produktu v\u0113s\u0101, saus\u0101 viet\u0101 un b\u0113rniem nepieejam\u0101 viet\u0101.<\/li>\n<\/ul>","protected":false},"excerpt":{"rendered":"<p>Deeply cleans your entire heating system for maximum efficiency. Our boiler cleaner is specially formulated to remove sludge, rust, debris, and internal deposits that accumulate inside boilers, radiators, and pipework. It restores proper water circulation and heat exchange, allowing your heating system to perform at its best. The most effective central heating cleaning solution on [&hellip;]<\/p>\n","protected":false},"featured_media":23032,"comment_status":"open","ping_status":"closed","template":"","meta":{"_uag_custom_page_level_css":"","site-sidebar-layout":"default","site-content-layout":"","ast-site-content-layout":"default","site-content-style":"default","site-sidebar-style":"default","ast-global-header-display":"","ast-banner-title-visibility":"","ast-main-header-display":"","ast-hfb-above-header-display":"","ast-hfb-below-header-display":"","ast-hfb-mobile-header-display":"","site-post-title":"","ast-breadcrumbs-content":"","ast-featured-img":"","footer-sml-layout":"","ast-disable-related-posts":"","theme-transparent-header-meta":"default","adv-header-id-meta":"","stick-header-meta":"","header-above-stick-meta":"","header-main-stick-meta":"","header-below-stick-meta":"","astra-migrate-meta-layouts":"set","ast-page-background-enabled":"default","ast-page-background-meta":{"desktop":{"background-color":"var(--ast-global-color-4)","background-image":"","background-repeat":"repeat","background-position":"center center","background-size":"auto","background-attachment":"scroll","background-type":"","background-media":"","overlay-type":"","overlay-color":"","overlay-opacity":"","overlay-gradient":""},"tablet":{"background-color":"","background-image":"","background-repeat":"repeat","background-position":"center center","background-size":"auto","background-attachment":"scroll","background-type":"","background-media":"","overlay-type":"","overlay-color":"","overlay-opacity":"","overlay-gradient":""},"mobile":{"background-color":"","background-image":"","background-repeat":"repeat","background-position":"center center","background-size":"auto","background-attachment":"scroll","background-type":"","background-media":"","overlay-type":"","overlay-color":"","overlay-opacity":"","overlay-gradient":""}},"ast-content-background-meta":{"desktop":{"background-color":"var(--ast-global-color-5)","background-image":"","background-repeat":"repeat","background-position":"center center","background-size":"auto","background-attachment":"scroll","background-type":"","background-media":"","overlay-type":"","overlay-color":"","overlay-opacity":"","overlay-gradient":""},"tablet":{"background-color":"var(--ast-global-color-5)","background-image":"","background-repeat":"repeat","background-position":"center center","background-size":"auto","background-attachment":"scroll","background-type":"","background-media":"","overlay-type":"","overlay-color":"","overlay-opacity":"","overlay-gradient":""},"mobile":{"background-color":"var(--ast-global-color-5)","background-image":"","background-repeat":"repeat","background-position":"center center","background-size":"auto","background-attachment":"scroll","background-type":"","background-media":"","overlay-type":"","overlay-color":"","overlay-opacity":"","overlay-gradient":""}}},"product_brand":[],"product_cat":[177],"product_tag":[],"class_list":{"0":"post-22980","1":"product","2":"type-product","3":"status-publish","4":"has-post-thumbnail","6":"product_cat-heating-system","7":"desktop-align-left","8":"tablet-align-left","9":"mobile-align-left","11":"first","12":"instock","13":"sale","14":"taxable","15":"shipping-taxable","16":"purchasable","17":"product-type-variable","18":"has-default-attributes"},"spectra_custom_meta":{"_visibility":["visible"],"_shopify_product_id":["1771050663970"],"_s2w_shopify_domain":["noleaky.myshopify.com"],"_shopify_variant_id":["16277752872994"],"_manage_stock":["no"],"total_sales":["13"],"_tax_status":["taxable"],"_tax_class":[""],"_backorders":["no"],"_sold_individually":["no"],"_virtual":["no"],"_downloadable":["no"],"_download_limit":["-1"],"_download_expiry":["-1"],"_stock":[null],"_stock_status":["instock"],"_wc_average_rating":["4.90"],"_wc_review_count":["82"],"_product_attributes":["a:1:{s:6:\"volume\";a:6:{s:4:\"name\";s:6:\"Volume\";s:5:\"value\";s:30:\"1 liter | 5 liters | 25 liters\";s:8:\"position\";i:1;s:10:\"is_visible\";i:0;s:12:\"is_variation\";i:1;s:11:\"is_taxonomy\";i:0;}}"],"_product_version":["10.5.2"],"_thumbnail_id":["23032"],"_product_image_gallery":["23033"],"_edit_lock":["1772381329:1"],"merchant-center-availability":["yes"],"merchant-center-category":["6773"],"merchant-center-id":["DC"],"_edit_last":["1"],"_wp_page_template":["default"],"site-sidebar-layout":["default"],"ast-site-content-layout":["default"],"site-content-style":["default"],"site-sidebar-style":["default"],"theme-transparent-header-meta":["default"],"_default_attributes":["a:1:{s:6:\"volume\";s:7:\"1 liter\";}"],"_price":["29.90","99.90","29990"],"_wc_rating_count":["a:2:{i:4;i:8;i:5;i:74;}"],"_upsell_ids":["a:3:{i:0;i:23018;i:1;i:23004;i:2;i:23007;}"],"_crosssell_ids":["a:3:{i:0;i:23018;i:1;i:23004;i:2;i:23007;}"],"astra-migrate-meta-layouts":["set"],"_uag_css_file_name":["uag-css-22980.css"],"_elementor_page_assets":["a:0:{}"],"_uag_page_assets":["a:9:{s:3:\"css\";s:7133:\".uag-blocks-common-selector{z-index:var(--z-index-desktop) !important}@media(max-width: 976px){.uag-blocks-common-selector{z-index:var(--z-index-tablet) !important}}@media(max-width: 767px){.uag-blocks-common-selector{z-index:var(--z-index-mobile) !important}}.wp-block-uagb-image{display:flex}.wp-block-uagb-image__figure{position:relative;display:flex;flex-direction:column;max-width:100%;height:auto;margin:0}.wp-block-uagb-image__figure img{height:auto;display:flex;max-width:100%;transition:box-shadow .2s ease}.wp-block-uagb-image__figure>a{display:inline-block}.wp-block-uagb-image__figure figcaption{text-align:center;margin-top:.5em;margin-bottom:1em}.wp-block-uagb-image .components-placeholder.block-editor-media-placeholder .components-placeholder__instructions{align-self:center}.wp-block-uagb-image--align-left{text-align:left}.wp-block-uagb-image--align-right{text-align:right}.wp-block-uagb-image--align-center{text-align:center}.wp-block-uagb-image--align-full .wp-block-uagb-image__figure{margin-left:calc(50% - 50vw);margin-right:calc(50% - 50vw);max-width:100vw;width:100vw;height:auto}.wp-block-uagb-image--align-full .wp-block-uagb-image__figure img{height:auto;width:100% !important}.wp-block-uagb-image--align-wide .wp-block-uagb-image__figure img{height:auto;width:100%}.wp-block-uagb-image--layout-overlay__color-wrapper{position:absolute;left:0;top:0;right:0;bottom:0;opacity:.2;background:rgba(0,0,0,.5);transition:opacity .35s ease-in-out}.wp-block-uagb-image--layout-overlay-link{position:absolute;left:0;right:0;bottom:0;top:0}.wp-block-uagb-image--layout-overlay .wp-block-uagb-image__figure:hover .wp-block-uagb-image--layout-overlay__color-wrapper{opacity:1}.wp-block-uagb-image--layout-overlay__inner{position:absolute;left:15px;right:15px;bottom:15px;top:15px;display:flex;align-items:center;justify-content:center;flex-direction:column;border-color:#fff;transition:.35s ease-in-out}.wp-block-uagb-image--layout-overlay__inner.top-left,.wp-block-uagb-image--layout-overlay__inner.top-center,.wp-block-uagb-image--layout-overlay__inner.top-right{justify-content:flex-start}.wp-block-uagb-image--layout-overlay__inner.bottom-left,.wp-block-uagb-image--layout-overlay__inner.bottom-center,.wp-block-uagb-image--layout-overlay__inner.bottom-right{justify-content:flex-end}.wp-block-uagb-image--layout-overlay__inner.top-left,.wp-block-uagb-image--layout-overlay__inner.center-left,.wp-block-uagb-image--layout-overlay__inner.bottom-left{align-items:flex-start}.wp-block-uagb-image--layout-overlay__inner.top-right,.wp-block-uagb-image--layout-overlay__inner.center-right,.wp-block-uagb-image--layout-overlay__inner.bottom-right{align-items:flex-end}.wp-block-uagb-image--layout-overlay__inner .uagb-image-heading{color:#fff;transition:transform .35s,opacity .35s ease-in-out;transform:translate3d(0, 24px, 0);margin:0;line-height:1em}.wp-block-uagb-image--layout-overlay__inner .uagb-image-separator{width:30%;border-top-width:2px;border-top-color:#fff;border-top-style:solid;margin-bottom:10px;opacity:0;transition:transform .4s,opacity .4s ease-in-out;transform:translate3d(0, 30px, 0)}.wp-block-uagb-image--layout-overlay__inner .uagb-image-caption{opacity:0;overflow:visible;color:#fff;transition:transform .45s,opacity .45s ease-in-out;transform:translate3d(0, 35px, 0)}.wp-block-uagb-image--layout-overlay__inner:hover .uagb-image-heading,.wp-block-uagb-image--layout-overlay__inner:hover .uagb-image-separator,.wp-block-uagb-image--layout-overlay__inner:hover .uagb-image-caption{opacity:1;transform:translate3d(0, 0, 0)}.wp-block-uagb-image--effect-zoomin .wp-block-uagb-image__figure img,.wp-block-uagb-image--effect-zoomin .wp-block-uagb-image__figure .wp-block-uagb-image--layout-overlay__color-wrapper{transform:scale(1);transition:transform .35s ease-in-out}.wp-block-uagb-image--effect-zoomin .wp-block-uagb-image__figure:hover img,.wp-block-uagb-image--effect-zoomin .wp-block-uagb-image__figure:hover .wp-block-uagb-image--layout-overlay__color-wrapper{transform:scale(1.05)}.wp-block-uagb-image--effect-slide .wp-block-uagb-image__figure img,.wp-block-uagb-image--effect-slide .wp-block-uagb-image__figure .wp-block-uagb-image--layout-overlay__color-wrapper{width:calc(100% + 40px) !important;max-width:none !important;transform:translate3d(-40px, 0, 0);transition:transform .35s ease-in-out}.wp-block-uagb-image--effect-slide .wp-block-uagb-image__figure:hover img,.wp-block-uagb-image--effect-slide .wp-block-uagb-image__figure:hover .wp-block-uagb-image--layout-overlay__color-wrapper{transform:translate3d(0, 0, 0)}.wp-block-uagb-image--effect-grayscale img{filter:grayscale(0%);transition:.35s ease-in-out}.wp-block-uagb-image--effect-grayscale:hover img{filter:grayscale(100%)}.wp-block-uagb-image--effect-blur img{filter:blur(0);transition:.35s ease-in-out}.wp-block-uagb-image--effect-blur:hover img{filter:blur(3px)}.uagb-block-e6f939b3.wp-block-uagb-image--layout-default figure img{box-shadow: 0px 0px 0 #00000070;}.uagb-block-e6f939b3.wp-block-uagb-image .wp-block-uagb-image__figure figcaption{font-style: normal;align-self: center;}.uagb-block-e6f939b3.wp-block-uagb-image--layout-overlay figure img{box-shadow: 0px 0px 0 #00000070;}.uagb-block-e6f939b3.wp-block-uagb-image--layout-overlay .wp-block-uagb-image--layout-overlay__color-wrapper{opacity: 0.2;}.uagb-block-e6f939b3.wp-block-uagb-image--layout-overlay .wp-block-uagb-image--layout-overlay__inner{left: 15px;right: 15px;top: 15px;bottom: 15px;}.uagb-block-e6f939b3.wp-block-uagb-image--layout-overlay .wp-block-uagb-image--layout-overlay__inner .uagb-image-heading{font-style: normal;color: #fff;opacity: 1;}.uagb-block-e6f939b3.wp-block-uagb-image--layout-overlay .wp-block-uagb-image--layout-overlay__inner .uagb-image-heading a{color: #fff;}.uagb-block-e6f939b3.wp-block-uagb-image--layout-overlay .wp-block-uagb-image--layout-overlay__inner .uagb-image-caption{opacity: 0;}.uagb-block-e6f939b3.wp-block-uagb-image--layout-overlay .wp-block-uagb-image__figure:hover .wp-block-uagb-image--layout-overlay__color-wrapper{opacity: 1;}.uagb-block-e6f939b3.wp-block-uagb-image .wp-block-uagb-image--layout-overlay__inner .uagb-image-separator{width: 30%;border-top-width: 2px;border-top-color: #fff;opacity: 0;}.uagb-block-e6f939b3.wp-block-uagb-image .wp-block-uagb-image__figure img{width: px;height: auto;}.uagb-block-e6f939b3.wp-block-uagb-image .wp-block-uagb-image__figure:hover .wp-block-uagb-image--layout-overlay__inner .uagb-image-caption{opacity: 1;}.uagb-block-e6f939b3.wp-block-uagb-image .wp-block-uagb-image__figure:hover .wp-block-uagb-image--layout-overlay__inner .uagb-image-separator{opacity: 1;}.uagb-block-e6f939b3.wp-block-uagb-image--layout-default figure:hover img{box-shadow: 0px 0px 0 #00000070;}.uagb-block-e6f939b3.wp-block-uagb-image--layout-overlay figure:hover img{box-shadow: 0px 0px 0 #00000070;}@media only screen and (max-width: 976px) {.uagb-block-e6f939b3.wp-block-uagb-image .wp-block-uagb-image__figure img{width: px;height: auto;}}@media only screen and (max-width: 767px) {.uagb-block-e6f939b3.wp-block-uagb-image .wp-block-uagb-image__figure img{width: px;height: auto;}}\";s:2:\"js\";s:0:\"\";s:18:\"current_block_list\";a:13:{i:0;s:11:\"core\/search\";i:1;s:10:\"core\/group\";i:2;s:12:\"core\/heading\";i:3;s:17:\"core\/latest-posts\";i:4;s:20:\"core\/latest-comments\";i:5;s:13:\"core\/archives\";i:6;s:15:\"core\/categories\";i:7;s:14:\"core\/paragraph\";i:8;s:10:\"uagb\/image\";i:9;s:11:\"core\/spacer\";i:10;s:30:\"woocommerce\/product-categories\";i:11;s:10:\"core\/image\";i:12;s:14:\"core\/shortcode\";}s:8:\"uag_flag\";b:1;s:11:\"uag_version\";s:10:\"1777571762\";s:6:\"gfonts\";a:0:{}s:10:\"gfonts_url\";s:0:\"\";s:12:\"gfonts_files\";a:0:{}s:14:\"uag_faq_layout\";b:0;}"]},"uagb_featured_image_src":{"full":["https:\/\/www.noleaky.com\/wp-content\/uploads\/2025\/06\/Cleaner5liters.jpg",2560,2560,false],"thumbnail":["https:\/\/www.noleaky.com\/wp-content\/uploads\/2025\/06\/Cleaner5liters-150x150.jpg",150,150,true],"medium":["https:\/\/www.noleaky.com\/wp-content\/uploads\/2025\/06\/Cleaner5liters-300x300.jpg",300,300,true],"medium_large":["https:\/\/www.noleaky.com\/wp-content\/uploads\/2025\/06\/Cleaner5liters-768x768.jpg",768,768,true],"large":["https:\/\/www.noleaky.com\/wp-content\/uploads\/2025\/06\/Cleaner5liters-1024x1024.jpg",1024,1024,true],"1536x1536":["https:\/\/www.noleaky.com\/wp-content\/uploads\/2025\/06\/Cleaner5liters-1536x1536.jpg",1536,1536,true],"2048x2048":["https:\/\/www.noleaky.com\/wp-content\/uploads\/2025\/06\/Cleaner5liters-2048x2048.jpg",2048,2048,true],"trp-custom-language-flag":["https:\/\/www.noleaky.com\/wp-content\/uploads\/2025\/06\/Cleaner5liters-12x12.jpg",12,12,true],"woocommerce_thumbnail":["https:\/\/www.noleaky.com\/wp-content\/uploads\/2025\/06\/Cleaner5liters-300x300.jpg",300,300,true],"woocommerce_single":["https:\/\/www.noleaky.com\/wp-content\/uploads\/2025\/06\/Cleaner5liters-600x600.jpg",600,600,true],"woocommerce_gallery_thumbnail":["https:\/\/www.noleaky.com\/wp-content\/uploads\/2025\/06\/Cleaner5liters-100x100.jpg",100,100,true]},"uagb_author_info":{"display_name":"admin","author_link":"https:\/\/www.noleaky.com\/lv\/author\/"},"uagb_comment_info":82,"uagb_excerpt":"Deeply cleans your entire heating system for maximum efficiency. Our boiler cleaner is specially formulated to remove sludge, rust, debris, and internal deposits that accumulate inside boilers, radiators, and pipework. It restores proper water circulation and heat exchange, allowing your heating system to perform at its best. The most effective central heating cleaning solution on&hellip;","_links":{"self":[{"href":"https:\/\/www.noleaky.com\/lv\/wp-json\/wp\/v2\/product\/22980","targetHints":{"allow":["GET"]}}],"collection":[{"href":"https:\/\/www.noleaky.com\/lv\/wp-json\/wp\/v2\/product"}],"about":[{"href":"https:\/\/www.noleaky.com\/lv\/wp-json\/wp\/v2\/types\/product"}],"replies":[{"embeddable":true,"href":"https:\/\/www.noleaky.com\/lv\/wp-json\/wp\/v2\/comments?post=22980"}],"version-history":[{"count":6,"href":"https:\/\/www.noleaky.com\/lv\/wp-json\/wp\/v2\/product\/22980\/revisions"}],"predecessor-version":[{"id":33299,"href":"https:\/\/www.noleaky.com\/lv\/wp-json\/wp\/v2\/product\/22980\/revisions\/33299"}],"wp:featuredmedia":[{"embeddable":true,"href":"https:\/\/www.noleaky.com\/lv\/wp-json\/wp\/v2\/media\/23032"}],"wp:attachment":[{"href":"https:\/\/www.noleaky.com\/lv\/wp-json\/wp\/v2\/media?parent=22980"}],"wp:term":[{"taxonomy":"product_brand","embeddable":true,"href":"https:\/\/www.noleaky.com\/lv\/wp-json\/wp\/v2\/product_brand?post=22980"},{"taxonomy":"product_cat","embeddable":true,"href":"https:\/\/www.noleaky.com\/lv\/wp-json\/wp\/v2\/product_cat?post=22980"},{"taxonomy":"product_tag","embeddable":true,"href":"https:\/\/www.noleaky.com\/lv\/wp-json\/wp\/v2\/product_tag?post=22980"}],"curies":[{"name":"wp","href":"https:\/\/api.w.org\/{rel}","templated":true}]}}