{"id":23014,"date":"2025-06-02T15:49:19","date_gmt":"2025-06-02T13:49:19","guid":{"rendered":"https:\/\/www.noleaky.com\/products\/leak-sealer\/"},"modified":"2026-03-01T17:09:46","modified_gmt":"2026-03-01T16:09:46","slug":"leak-sealer","status":"publish","type":"product","link":"https:\/\/www.noleaky.com\/lt\/products\/leak-sealer\/","title":{"rendered":"Katil\u0173 sandariklio skystis"},"content":{"rendered":"<p><strong><img decoding=\"async\" style=\"margin-right: 12px;\" src=\"https:\/\/www.noleaky.com\/wp-content\/uploads\/2026\/02\/Check.svg\" alt=\"\" width=\"18\" height=\"15\" \/>Greitai ir visam laikui u\u017esandarina visus katilo nuot\u0117kius.<\/strong> M\u016bs\u0173 katil\u0173 nuot\u0117kio sandariklio skystis yra specialiai sukurtas vis\u0173 tip\u0173 ma\u017eiems ir mikro nuot\u0117kiams centrinio \u0161ildymo sistemose, \u012fskaitant vamzd\u017eius, radiatorius, jungtis ir \u0161ilumokai\u010dius, sandarinti. Jis cirkuliuoja kartu su sistemos vandeniu ir automati\u0161kai nustato nuot\u0117kio vietas, suformuodamas patvar\u0173 vidin\u012f sandarikl\u012f, kurio nereikia i\u0161montuoti.<\/p>\n<p><strong><img decoding=\"async\" style=\"margin-right: 12px;\" src=\"https:\/\/www.noleaky.com\/wp-content\/uploads\/2026\/02\/Check.svg\" alt=\"\" width=\"18\" height=\"15\" \/>Veiksmingiausias galimas vidaus sandarinimo sprendimas.<\/strong> D\u0117l pa\u017eangios savaime u\u017esandar\u0117jan\u010di\u0173 polimer\u0173 technologijos \u0161i formul\u0117 reaguoja tiksliai vandens praradimo vietoje ir sukuria tvirt\u0105 ir lankst\u0173 sandarikl\u012f, kuris atlaiko sl\u0117gio ir temperat\u016bros svyravimus \u0161ildymo sistemos viduje.<\/p>\n<p><strong><img decoding=\"async\" style=\"margin-right: 12px;\" src=\"https:\/\/www.noleaky.com\/wp-content\/uploads\/2026\/02\/Check.svg\" alt=\"\" width=\"18\" height=\"15\" \/>Pigiausia profesionalaus remonto alternatyva.<\/strong> Si\u016blome konkurencingiausi\u0105 kain\u0105 rinkoje, tod\u0117l i\u0161vengsite brangiai kainuojan\u010dio vandentiekio remonto, vamzd\u017ei\u0173 keitimo ar skubios technin\u0117s pagalbos i\u0161kvietimo. Pasieksite patikim\u0173 rezultat\u0173 u\u017e nedidel\u0119 dal\u012f tradicinio remonto i\u0161laid\u0173.<\/p>\n<p><strong><img decoding=\"async\" style=\"margin-right: 12px;\" src=\"https:\/\/www.noleaky.com\/wp-content\/uploads\/2026\/02\/Check.svg\" alt=\"\" width=\"18\" height=\"15\" \/>Skubi\u0173 nuot\u0117kio atvej\u0173 pristatymas 24 valandas per par\u0105.<\/strong> Garantuojame pristatym\u0105 24 valandas per par\u0105, kad gal\u0117tum\u0117te i\u0161 karto imtis veiksm\u0173, kai suma\u017e\u0117ja sl\u0117gis arba pastebimas vandens nuot\u0117kis. Greitas pristatymas padeda i\u0161vengti tolesn\u0117s \u017ealos ir suma\u017eina prastovos laik\u0105.<\/p>\n<p><strong><img decoding=\"async\" style=\"margin-right: 12px;\" src=\"https:\/\/www.noleaky.com\/wp-content\/uploads\/2026\/02\/Check.svg\" alt=\"\" width=\"18\" height=\"15\" \/>Pinig\u0173 gr\u0105\u017einimo garantija - visi\u0161ka ramyb\u0117.<\/strong> Si\u016blome visi\u0161k\u0105 pinig\u0173 gr\u0105\u017einimo garantij\u0105. Jei nesate visi\u0161kai patenkinti m\u016bs\u0173 katilo sandariklio skys\u010dio veikimu, gr\u0105\u017einsime pinigus u\u017e pirkin\u012f. J\u016bs\u0173 u\u017esakymas yra visi\u0161kai nerizikingas.<\/p>\n<p><strong><img decoding=\"async\" style=\"margin-right: 12px;\" src=\"https:\/\/www.noleaky.com\/wp-content\/uploads\/2026\/02\/Check.svg\" alt=\"\" width=\"18\" height=\"15\" \/>Veikia nei\u0161montuojant ir nei\u0161leid\u017eiant vandens i\u0161 sistemos.<\/strong> Skystis \u012fpilamas tiesiai \u012f \u0161ildymo kont\u016br\u0105 ir veikia, kol sistema veikia \u012fprastai. Nereikia \u0161alinti vamzd\u017ei\u0173, radiatori\u0173 ar katilo sudedam\u0173j\u0173 dali\u0173, tod\u0117l sutaupoma laiko ir darbo.<\/p>\n<p><strong><img decoding=\"async\" style=\"margin-right: 12px;\" src=\"https:\/\/www.noleaky.com\/wp-content\/uploads\/2026\/02\/Check.svg\" alt=\"\" width=\"18\" height=\"15\" \/>Suderinamas su dauguma centrinio \u0161ildymo sistem\u0173.<\/strong> \u0160i formul\u0117 tinka standartiniams katilams, kombinuotiems katilams, radiatoriams, grindinio \u0161ildymo sistemoms ir sandarioms sistemoms, ji sukurta taip, kad saugiai veikt\u0173 su \u012fprastomis \u0161ildymo med\u017eiagomis, \u012fskaitant plieninius, varinius, aliumininius ir plastikinius komponentus.<\/p>\n<p><strong><img decoding=\"async\" style=\"margin-right: 12px;\" src=\"https:\/\/www.noleaky.com\/wp-content\/uploads\/2026\/02\/Check.svg\" alt=\"\" width=\"18\" height=\"15\" \/>Palaiko sistemos sl\u0117g\u012f ir apsaugo nuo pasikartojan\u010di\u0173 nuot\u0117ki\u0173.<\/strong> Produktas, sandarindamas nesandarias vietas i\u0161 vidaus, padeda stabilizuoti sl\u0117gio lyg\u012f ir suma\u017eina nuolatinio papildymo poreik\u012f, taip pat apsaugo sistem\u0105 nuo korozijos, kuri\u0105 sukelia nuolatinis deguonies patekimas.<\/p>\n<p><strong><img decoding=\"async\" style=\"margin-right: 12px;\" src=\"https:\/\/www.noleaky.com\/wp-content\/uploads\/2026\/02\/Check.svg\" alt=\"\" width=\"18\" height=\"15\" \/>Atsparus auk\u0161tai temperat\u016brai ir sl\u0117giui.<\/strong> Susiformav\u0119s sandariklis i\u0161lieka stabilus esant \u012fprastai katilo darbo temperat\u016brai ir sl\u0117giui, tod\u0117l net ir esant sud\u0117tingoms \u0161ildymo s\u0105lygoms u\u017etikrinamas ilgalaikis veikimas.<\/p>\n<p><strong><img decoding=\"async\" style=\"margin-right: 12px;\" src=\"https:\/\/www.noleaky.com\/wp-content\/uploads\/2026\/02\/Check.svg\" alt=\"\" width=\"18\" height=\"15\" \/>Prailgina \u0161ildymo sistemos tarnavimo laik\u0105.<\/strong> Anksti sustabdydamas nuot\u0117kius ir u\u017ekirsdamas keli\u0105 vandens pa\u017eeidimams ar korozijai, produktas apsaugo vidinius komponentus ir padeda prailginti bendr\u0105 katilo ir \u0161ildymo \u012frenginio tarnavimo laik\u0105.<\/p>\n<h2><strong>Instrukcijos<\/strong><\/h2>\n<ul>\n<li>I\u0161junkite katil\u0105 ir leiskite \u0161ildymo sistemai atv\u0117sti prie\u0161 \u012fd\u0117dami produkt\u0105.<\/li>\n<li>Prie\u0161 naudojim\u0105 ind\u0105 kruop\u0161\u010diai suplakite, kad veikliosios sudedamosios dalys tinkamai susimai\u0161yt\u0173.<\/li>\n<li>Raskite tinkam\u0105 dozavimo viet\u0105, pavyzd\u017eiui, radiatori\u0173, u\u017epildymo kilp\u0105 arba sistemos filtro prieigos viet\u0105.<\/li>\n<li>\u012epilkite ma\u017edaug 500 ml produkto vidutinei buitinio \u0161ildymo sistemai, kurios vandens talpa nevir\u0161ija 100 litr\u0173. Doz\u0119 proporcingai pakoreguokite didesn\u0117ms ar ma\u017eesn\u0117ms sistemoms.<\/li>\n<li>Pripylus skys\u010dio, jei reikia, atkurkite sistemos sl\u0117g\u012f pagal katilo gamintojo rekomendacijas.<\/li>\n<li>V\u0117l \u012fjunkite katil\u0105 ir leiskite sistemai cirkuliuoti \u012fprastoje darbin\u0117je temperat\u016broje bent kelias valandas.<\/li>\n<li>Produktas cirkuliuoja visoje sistemoje ir automati\u0161kai u\u017esandarina nuot\u0117kio vietas, kai susiduria su i\u0161tekan\u010diu vandeniu.<\/li>\n<li>Per kitas 24-48 valandas steb\u0117kite sistemos sl\u0117g\u012f, kad \u012fsitikintum\u0117te, jog jis stabilizavosi.<\/li>\n<li>Jei reikia, esant didesn\u0117ms sistemoms arba nuolatiniams mikrotepalams, galima prid\u0117ti antr\u0105 proporcing\u0105 doz\u0119.<\/li>\n<li>Produkt\u0105 laikykite v\u0117sioje, sausoje vietoje ir vaikams nepasiekiamoje vietoje.<\/li>\n<\/ul>","protected":false},"excerpt":{"rendered":"<p>Seals all boiler leaks quickly and permanently. Our boiler leak sealer liquid is specially engineered to seal all types of small and micro leaks within central heating systems, including pipes, radiators, joints, and heat exchangers. It circulates with the system water and automatically locates leak points, forming a durable internal seal without the need for [&hellip;]<\/p>\n","protected":false},"featured_media":23082,"comment_status":"open","ping_status":"closed","template":"","meta":{"_uag_custom_page_level_css":"","site-sidebar-layout":"default","site-content-layout":"","ast-site-content-layout":"default","site-content-style":"default","site-sidebar-style":"default","ast-global-header-display":"","ast-banner-title-visibility":"","ast-main-header-display":"","ast-hfb-above-header-display":"","ast-hfb-below-header-display":"","ast-hfb-mobile-header-display":"","site-post-title":"","ast-breadcrumbs-content":"","ast-featured-img":"","footer-sml-layout":"","ast-disable-related-posts":"","theme-transparent-header-meta":"default","adv-header-id-meta":"","stick-header-meta":"","header-above-stick-meta":"","header-main-stick-meta":"","header-below-stick-meta":"","astra-migrate-meta-layouts":"set","ast-page-background-enabled":"default","ast-page-background-meta":{"desktop":{"background-color":"var(--ast-global-color-4)","background-image":"","background-repeat":"repeat","background-position":"center center","background-size":"auto","background-attachment":"scroll","background-type":"","background-media":"","overlay-type":"","overlay-color":"","overlay-opacity":"","overlay-gradient":""},"tablet":{"background-color":"","background-image":"","background-repeat":"repeat","background-position":"center center","background-size":"auto","background-attachment":"scroll","background-type":"","background-media":"","overlay-type":"","overlay-color":"","overlay-opacity":"","overlay-gradient":""},"mobile":{"background-color":"","background-image":"","background-repeat":"repeat","background-position":"center center","background-size":"auto","background-attachment":"scroll","background-type":"","background-media":"","overlay-type":"","overlay-color":"","overlay-opacity":"","overlay-gradient":""}},"ast-content-background-meta":{"desktop":{"background-color":"var(--ast-global-color-5)","background-image":"","background-repeat":"repeat","background-position":"center center","background-size":"auto","background-attachment":"scroll","background-type":"","background-media":"","overlay-type":"","overlay-color":"","overlay-opacity":"","overlay-gradient":""},"tablet":{"background-color":"var(--ast-global-color-5)","background-image":"","background-repeat":"repeat","background-position":"center center","background-size":"auto","background-attachment":"scroll","background-type":"","background-media":"","overlay-type":"","overlay-color":"","overlay-opacity":"","overlay-gradient":""},"mobile":{"background-color":"var(--ast-global-color-5)","background-image":"","background-repeat":"repeat","background-position":"center center","background-size":"auto","background-attachment":"scroll","background-type":"","background-media":"","overlay-type":"","overlay-color":"","overlay-opacity":"","overlay-gradient":""}}},"product_brand":[],"product_cat":[177],"product_tag":[],"class_list":{"0":"post-23014","1":"product","2":"type-product","3":"status-publish","4":"has-post-thumbnail","6":"product_cat-heating-system","7":"desktop-align-left","8":"tablet-align-left","9":"mobile-align-left","11":"first","12":"instock","13":"sale","14":"shipping-taxable","15":"purchasable","16":"product-type-variable","17":"has-default-attributes"},"spectra_custom_meta":{"_visibility":["visible"],"_shopify_product_id":["1771048894498"],"_s2w_shopify_domain":["noleaky.myshopify.com"],"_shopify_variant_id":["16277739307042"],"_manage_stock":["no"],"total_sales":["153"],"_tax_status":["taxable"],"_tax_class":[""],"_backorders":["no"],"_sold_individually":["no"],"_virtual":["no"],"_downloadable":["no"],"_download_limit":["-1"],"_download_expiry":["-1"],"_stock":[null],"_stock_status":["instock"],"_wc_average_rating":["4.89"],"_wc_review_count":["101"],"_product_attributes":["a:1:{s:6:\"volume\";a:6:{s:4:\"name\";s:6:\"Volume\";s:5:\"value\";s:30:\"1 liter | 5 liters | 25 liters\";s:8:\"position\";i:1;s:10:\"is_visible\";i:0;s:12:\"is_variation\";i:1;s:11:\"is_taxonomy\";i:0;}}"],"_product_version":["10.5.2"],"_thumbnail_id":["23082"],"_product_image_gallery":["23083"],"_edit_lock":["1772621632:1095"],"_default_attributes":["a:1:{s:6:\"volume\";s:7:\"1 liter\";}"],"_price":["24.90","99.90","299.90"],"merchant-center-availability":["yes"],"merchant-center-category":["6773"],"merchant-center-id":["CC"],"_edit_last":["1"],"_wp_page_template":["default"],"site-sidebar-layout":["default"],"ast-site-content-layout":["default"],"site-content-style":["default"],"site-sidebar-style":["default"],"theme-transparent-header-meta":["default"],"_wc_rating_count":["a:2:{i:4;i:11;i:5;i:90;}"],"_upsell_ids":["a:3:{i:0;i:22980;i:1;i:23018;i:2;i:23004;}"],"_crosssell_ids":["a:3:{i:0;i:22980;i:1;i:23018;i:2;i:23004;}"],"astra-migrate-meta-layouts":["set"],"_uag_css_file_name":["uag-css-23014.css"],"_elementor_page_assets":["a:0:{}"],"_uag_page_assets":["a:9:{s:3:\"css\";s:7156:\".uag-blocks-common-selector{z-index:var(--z-index-desktop) !important}@media (max-width: 976px){.uag-blocks-common-selector{z-index:var(--z-index-tablet) !important}}@media (max-width: 767px){.uag-blocks-common-selector{z-index:var(--z-index-mobile) !important}}\n.wp-block-uagb-image{display:flex}.wp-block-uagb-image__figure{position:relative;display:flex;flex-direction:column;max-width:100%;height:auto;margin:0}.wp-block-uagb-image__figure img{height:auto;display:flex;max-width:100%;transition:box-shadow 0.2s ease}.wp-block-uagb-image__figure>a{display:inline-block}.wp-block-uagb-image__figure figcaption{text-align:center;margin-top:0.5em;margin-bottom:1em}.wp-block-uagb-image .components-placeholder.block-editor-media-placeholder .components-placeholder__instructions{align-self:center}.wp-block-uagb-image--align-left{text-align:left}.wp-block-uagb-image--align-right{text-align:right}.wp-block-uagb-image--align-center{text-align:center}.wp-block-uagb-image--align-full .wp-block-uagb-image__figure{margin-left:calc(50% - 50vw);margin-right:calc(50% - 50vw);max-width:100vw;width:100vw;height:auto}.wp-block-uagb-image--align-full .wp-block-uagb-image__figure img{height:auto;width:100% !important}.wp-block-uagb-image--align-wide .wp-block-uagb-image__figure img{height:auto;width:100%}.wp-block-uagb-image--layout-overlay__color-wrapper{position:absolute;left:0;top:0;right:0;bottom:0;opacity:0.2;background:rgba(0,0,0,0.5);transition:opacity 0.35s ease-in-out}.wp-block-uagb-image--layout-overlay-link{position:absolute;left:0;right:0;bottom:0;top:0}.wp-block-uagb-image--layout-overlay .wp-block-uagb-image__figure:hover .wp-block-uagb-image--layout-overlay__color-wrapper{opacity:1}.wp-block-uagb-image--layout-overlay__inner{position:absolute;left:15px;right:15px;bottom:15px;top:15px;display:flex;align-items:center;justify-content:center;flex-direction:column;border-color:#fff;transition:0.35s ease-in-out}.wp-block-uagb-image--layout-overlay__inner.top-left,.wp-block-uagb-image--layout-overlay__inner.top-center,.wp-block-uagb-image--layout-overlay__inner.top-right{justify-content:flex-start}.wp-block-uagb-image--layout-overlay__inner.bottom-left,.wp-block-uagb-image--layout-overlay__inner.bottom-center,.wp-block-uagb-image--layout-overlay__inner.bottom-right{justify-content:flex-end}.wp-block-uagb-image--layout-overlay__inner.top-left,.wp-block-uagb-image--layout-overlay__inner.center-left,.wp-block-uagb-image--layout-overlay__inner.bottom-left{align-items:flex-start}.wp-block-uagb-image--layout-overlay__inner.top-right,.wp-block-uagb-image--layout-overlay__inner.center-right,.wp-block-uagb-image--layout-overlay__inner.bottom-right{align-items:flex-end}.wp-block-uagb-image--layout-overlay__inner .uagb-image-heading{color:#fff;transition:transform 0.35s, opacity 0.35s ease-in-out;transform:translate3d(0, 24px, 0);margin:0;line-height:1em}.wp-block-uagb-image--layout-overlay__inner .uagb-image-separator{width:30%;border-top-width:2px;border-top-color:#fff;border-top-style:solid;margin-bottom:10px;opacity:0;transition:transform 0.4s, opacity 0.4s ease-in-out;transform:translate3d(0, 30px, 0)}.wp-block-uagb-image--layout-overlay__inner .uagb-image-caption{opacity:0;overflow:visible;color:#fff;transition:transform 0.45s, opacity 0.45s ease-in-out;transform:translate3d(0, 35px, 0)}.wp-block-uagb-image--layout-overlay__inner:hover .uagb-image-heading,.wp-block-uagb-image--layout-overlay__inner:hover .uagb-image-separator,.wp-block-uagb-image--layout-overlay__inner:hover .uagb-image-caption{opacity:1;transform:translate3d(0, 0, 0)}.wp-block-uagb-image--effect-zoomin .wp-block-uagb-image__figure img,.wp-block-uagb-image--effect-zoomin .wp-block-uagb-image__figure .wp-block-uagb-image--layout-overlay__color-wrapper{transform:scale(1);transition:transform 0.35s ease-in-out}.wp-block-uagb-image--effect-zoomin .wp-block-uagb-image__figure:hover img,.wp-block-uagb-image--effect-zoomin .wp-block-uagb-image__figure:hover .wp-block-uagb-image--layout-overlay__color-wrapper{transform:scale(1.05)}.wp-block-uagb-image--effect-slide .wp-block-uagb-image__figure img,.wp-block-uagb-image--effect-slide .wp-block-uagb-image__figure .wp-block-uagb-image--layout-overlay__color-wrapper{width:calc(100% + 40px) !important;max-width:none !important;transform:translate3d(-40px, 0, 0);transition:transform 0.35s ease-in-out}.wp-block-uagb-image--effect-slide .wp-block-uagb-image__figure:hover img,.wp-block-uagb-image--effect-slide .wp-block-uagb-image__figure:hover .wp-block-uagb-image--layout-overlay__color-wrapper{transform:translate3d(0, 0, 0)}.wp-block-uagb-image--effect-grayscale img{filter:grayscale(0%);transition:0.35s ease-in-out}.wp-block-uagb-image--effect-grayscale:hover img{filter:grayscale(100%)}.wp-block-uagb-image--effect-blur img{filter:blur(0);transition:0.35s ease-in-out}.wp-block-uagb-image--effect-blur:hover img{filter:blur(3px)}\n.uagb-block-e6f939b3.wp-block-uagb-image--layout-default figure img{box-shadow: 0px 0px 0 #00000070;}.uagb-block-e6f939b3.wp-block-uagb-image .wp-block-uagb-image__figure figcaption{font-style: normal;align-self: center;}.uagb-block-e6f939b3.wp-block-uagb-image--layout-overlay figure img{box-shadow: 0px 0px 0 #00000070;}.uagb-block-e6f939b3.wp-block-uagb-image--layout-overlay .wp-block-uagb-image--layout-overlay__color-wrapper{opacity: 0.2;}.uagb-block-e6f939b3.wp-block-uagb-image--layout-overlay .wp-block-uagb-image--layout-overlay__inner{left: 15px;right: 15px;top: 15px;bottom: 15px;}.uagb-block-e6f939b3.wp-block-uagb-image--layout-overlay .wp-block-uagb-image--layout-overlay__inner .uagb-image-heading{font-style: normal;color: #fff;opacity: 1;}.uagb-block-e6f939b3.wp-block-uagb-image--layout-overlay .wp-block-uagb-image--layout-overlay__inner .uagb-image-heading a{color: #fff;}.uagb-block-e6f939b3.wp-block-uagb-image--layout-overlay .wp-block-uagb-image--layout-overlay__inner .uagb-image-caption{opacity: 0;}.uagb-block-e6f939b3.wp-block-uagb-image--layout-overlay .wp-block-uagb-image__figure:hover .wp-block-uagb-image--layout-overlay__color-wrapper{opacity: 1;}.uagb-block-e6f939b3.wp-block-uagb-image .wp-block-uagb-image--layout-overlay__inner .uagb-image-separator{width: 30%;border-top-width: 2px;border-top-color: #fff;opacity: 0;}.uagb-block-e6f939b3.wp-block-uagb-image .wp-block-uagb-image__figure img{width: px;height: auto;}.uagb-block-e6f939b3.wp-block-uagb-image .wp-block-uagb-image__figure:hover .wp-block-uagb-image--layout-overlay__inner .uagb-image-caption{opacity: 1;}.uagb-block-e6f939b3.wp-block-uagb-image .wp-block-uagb-image__figure:hover .wp-block-uagb-image--layout-overlay__inner .uagb-image-separator{opacity: 1;}.uagb-block-e6f939b3.wp-block-uagb-image--layout-default figure:hover img{box-shadow: 0px 0px 0 #00000070;}.uagb-block-e6f939b3.wp-block-uagb-image--layout-overlay figure:hover img{box-shadow: 0px 0px 0 #00000070;}@media only screen and (max-width: 976px) {.uagb-block-e6f939b3.wp-block-uagb-image .wp-block-uagb-image__figure img{width: px;height: auto;}}@media only screen and (max-width: 767px) {.uagb-block-e6f939b3.wp-block-uagb-image .wp-block-uagb-image__figure img{width: px;height: auto;}}\";s:2:\"js\";s:0:\"\";s:18:\"current_block_list\";a:13:{i:0;s:11:\"core\/search\";i:1;s:10:\"core\/group\";i:2;s:12:\"core\/heading\";i:3;s:17:\"core\/latest-posts\";i:4;s:20:\"core\/latest-comments\";i:5;s:13:\"core\/archives\";i:6;s:15:\"core\/categories\";i:7;s:14:\"core\/paragraph\";i:8;s:10:\"uagb\/image\";i:9;s:11:\"core\/spacer\";i:10;s:30:\"woocommerce\/product-categories\";i:11;s:10:\"core\/image\";i:12;s:14:\"core\/shortcode\";}s:8:\"uag_flag\";b:1;s:11:\"uag_version\";s:10:\"1776755876\";s:6:\"gfonts\";a:0:{}s:10:\"gfonts_url\";s:0:\"\";s:12:\"gfonts_files\";a:0:{}s:14:\"uag_faq_layout\";b:0;}"]},"uagb_featured_image_src":{"full":["https:\/\/www.noleaky.com\/wp-content\/uploads\/2025\/06\/Leak_Sealer_5l.jpg",2560,2560,false],"thumbnail":["https:\/\/www.noleaky.com\/wp-content\/uploads\/2025\/06\/Leak_Sealer_5l-150x150.jpg",150,150,true],"medium":["https:\/\/www.noleaky.com\/wp-content\/uploads\/2025\/06\/Leak_Sealer_5l-300x300.jpg",300,300,true],"medium_large":["https:\/\/www.noleaky.com\/wp-content\/uploads\/2025\/06\/Leak_Sealer_5l-768x768.jpg",768,768,true],"large":["https:\/\/www.noleaky.com\/wp-content\/uploads\/2025\/06\/Leak_Sealer_5l-1024x1024.jpg",1024,1024,true],"1536x1536":["https:\/\/www.noleaky.com\/wp-content\/uploads\/2025\/06\/Leak_Sealer_5l-1536x1536.jpg",1536,1536,true],"2048x2048":["https:\/\/www.noleaky.com\/wp-content\/uploads\/2025\/06\/Leak_Sealer_5l-2048x2048.jpg",2048,2048,true],"trp-custom-language-flag":["https:\/\/www.noleaky.com\/wp-content\/uploads\/2025\/06\/Leak_Sealer_5l-12x12.jpg",12,12,true],"woocommerce_thumbnail":["https:\/\/www.noleaky.com\/wp-content\/uploads\/2025\/06\/Leak_Sealer_5l-300x300.jpg",300,300,true],"woocommerce_single":["https:\/\/www.noleaky.com\/wp-content\/uploads\/2025\/06\/Leak_Sealer_5l-600x600.jpg",600,600,true],"woocommerce_gallery_thumbnail":["https:\/\/www.noleaky.com\/wp-content\/uploads\/2025\/06\/Leak_Sealer_5l-100x100.jpg",100,100,true]},"uagb_author_info":{"display_name":"admin","author_link":"https:\/\/www.noleaky.com\/lt\/author\/"},"uagb_comment_info":101,"uagb_excerpt":"Seals all boiler leaks quickly and permanently. Our boiler leak sealer liquid is specially engineered to seal all types of small and micro leaks within central heating systems, including pipes, radiators, joints, and heat exchangers. It circulates with the system water and automatically locates leak points, forming a durable internal seal without the need for&hellip;","_links":{"self":[{"href":"https:\/\/www.noleaky.com\/lt\/wp-json\/wp\/v2\/product\/23014","targetHints":{"allow":["GET"]}}],"collection":[{"href":"https:\/\/www.noleaky.com\/lt\/wp-json\/wp\/v2\/product"}],"about":[{"href":"https:\/\/www.noleaky.com\/lt\/wp-json\/wp\/v2\/types\/product"}],"replies":[{"embeddable":true,"href":"https:\/\/www.noleaky.com\/lt\/wp-json\/wp\/v2\/comments?post=23014"}],"version-history":[{"count":8,"href":"https:\/\/www.noleaky.com\/lt\/wp-json\/wp\/v2\/product\/23014\/revisions"}],"predecessor-version":[{"id":33298,"href":"https:\/\/www.noleaky.com\/lt\/wp-json\/wp\/v2\/product\/23014\/revisions\/33298"}],"wp:featuredmedia":[{"embeddable":true,"href":"https:\/\/www.noleaky.com\/lt\/wp-json\/wp\/v2\/media\/23082"}],"wp:attachment":[{"href":"https:\/\/www.noleaky.com\/lt\/wp-json\/wp\/v2\/media?parent=23014"}],"wp:term":[{"taxonomy":"product_brand","embeddable":true,"href":"https:\/\/www.noleaky.com\/lt\/wp-json\/wp\/v2\/product_brand?post=23014"},{"taxonomy":"product_cat","embeddable":true,"href":"https:\/\/www.noleaky.com\/lt\/wp-json\/wp\/v2\/product_cat?post=23014"},{"taxonomy":"product_tag","embeddable":true,"href":"https:\/\/www.noleaky.com\/lt\/wp-json\/wp\/v2\/product_tag?post=23014"}],"curies":[{"name":"wp","href":"https:\/\/api.w.org\/{rel}","templated":true}]}}