{"id":22991,"date":"2025-06-02T15:49:06","date_gmt":"2025-06-02T13:49:06","guid":{"rendered":"https:\/\/www.noleaky.com\/products\/high-performance-10w40-engine-oil\/"},"modified":"2026-03-01T14:57:00","modified_gmt":"2026-03-01T13:57:00","slug":"high-performance-10w40-engine-oil","status":"publish","type":"product","link":"https:\/\/www.noleaky.com\/lt\/products\/high-performance-10w40-engine-oil\/","title":{"rendered":"Auk\u0161tos kokyb\u0117s 10W40 variklin\u0117 alyva"},"content":{"rendered":"<p><strong><img decoding=\"async\" style=\"margin-right: 12px;\" src=\"https:\/\/www.noleaky.com\/wp-content\/uploads\/2026\/02\/Check.svg\" alt=\"\" width=\"18\" height=\"15\" \/>Patikima apsauga kasdieniam ir sud\u0117tingam vairavimui.<\/strong> M\u016bs\u0173 auk\u0161tos kokyb\u0117s 10W40 variklin\u0117 alyva sukurta taip, kad u\u017etikrint\u0173 stipr\u0173 ir stabil\u0173 benzinini\u0173 ir dyzelini\u0173 varikli\u0173, veikian\u010di\u0173 \u012fvairiomis s\u0105lygomis, tepim\u0105. Ji sudaro patvari\u0105 apsaugin\u0119 pl\u0117vel\u0119, kuri apsaugo judan\u010dias dalis nuo dilimo, trinties ir kar\u0161\u010dio, tod\u0117l ilgainiui padeda i\u0161laikyti skland\u0173 variklio veikim\u0105.<\/p>\n<p><strong><img decoding=\"async\" style=\"margin-right: 12px;\" src=\"https:\/\/www.noleaky.com\/wp-content\/uploads\/2026\/02\/Check.svg\" alt=\"\" width=\"18\" height=\"15\" \/>Efektyviausia 10W40 tepimo technologija.<\/strong> \u0160i alyva sukurta naudojant auk\u0161tos kokyb\u0117s bazines alyvas ir pa\u017eangias pried\u0173 sistemas, tod\u0117l yra efektyviausia 10W40 variklin\u0117 alyva savo kategorijoje. Ji pasi\u017eymi puikiu klampumo stabilumu, stipria apsauga nuo dilimo ir veiksmingu variklio \u0161varumu net ir sud\u0117tingomis va\u017eiavimo s\u0105lygomis.<\/p>\n<p><strong><img decoding=\"async\" style=\"margin-right: 12px;\" src=\"https:\/\/www.noleaky.com\/wp-content\/uploads\/2026\/02\/Check.svg\" alt=\"\" width=\"18\" height=\"15\" \/>Pigiausia auk\u0161\u010diausios kokyb\u0117s 10W40 variklin\u0117 alyva rinkoje.<\/strong> Si\u016blome profesionali\u0105 variklio apsaug\u0105 u\u017e konkurencingiausi\u0105 kain\u0105. M\u016bs\u0173 auk\u0161tos kokyb\u0117s 10W40 variklin\u0117 alyva yra pigiausias sprendimas savo klas\u0117je, i\u0161laikant i\u0161skirtin\u0119 kokyb\u0119 ir ilgaam\u017ei\u0161kum\u0105, tod\u0117l idealiai tinka tiek privatiems vairuotojams, tiek automobili\u0173 park\u0173 operatoriams.<\/p>\n<p><strong><img decoding=\"async\" style=\"margin-right: 12px;\" src=\"https:\/\/www.noleaky.com\/wp-content\/uploads\/2026\/02\/Check.svg\" alt=\"\" width=\"18\" height=\"15\" \/>Garantuotas pristatymas 24 valandas per par\u0105 - greita ir patogi prie\u017ei\u016bra.<\/strong> Niekada negalima atid\u0117lioti \u012fprastin\u0117s technin\u0117s prie\u017ei\u016bros. Tod\u0117l garantuojame pristatym\u0105 24 valandas per par\u0105, kad alyv\u0105 gautum\u0117te greitai ir gal\u0117tum\u0117te be reikalo neatid\u0117liodami atlikti alyvos keitimo darbus.<\/p>\n<p><strong><img decoding=\"async\" style=\"margin-right: 12px;\" src=\"https:\/\/www.noleaky.com\/wp-content\/uploads\/2026\/02\/Check.svg\" alt=\"\" width=\"18\" height=\"15\" \/>Pinig\u0173 gr\u0105\u017einimo garantija - visi\u0161kas pasitik\u0117jimas.<\/strong> Mes garantuojame savo 10W40 variklin\u0117s alyvos na\u0161um\u0105 ir kokyb\u0119. Jei nesate patenkinti, si\u016blome pinig\u0173 gr\u0105\u017einimo garantij\u0105. Tiesiog susisiekite su mumis ir mes gr\u0105\u017einsime pinigus u\u017e pirkin\u012f, tod\u0117l j\u016bs\u0173 investicija bus visi\u0161kai nerizikinga.<\/p>\n<p><strong><img decoding=\"async\" style=\"margin-right: 12px;\" src=\"https:\/\/www.noleaky.com\/wp-content\/uploads\/2026\/02\/Check.svg\" alt=\"\" width=\"18\" height=\"15\" \/>Puiki variklio vidaus apr\u0117ptis vienam litrui.<\/strong> Kiekvienas litras u\u017etikrina visapusi\u0161k\u0105 viso variklio tepim\u0105, \u012fskaitant st\u016bmoklius, alk\u016bninius velenus, paskirstymo velenus, guolius ir vo\u017etuv\u0173 sudedam\u0105sias dalis. Tokia tolygi apsauga suma\u017eina s\u0105lyt\u012f metalas su metalu ir pailgina variklio tarnavimo laik\u0105.<\/p>\n<p><strong><img decoding=\"async\" style=\"margin-right: 12px;\" src=\"https:\/\/www.noleaky.com\/wp-content\/uploads\/2026\/02\/Check.svg\" alt=\"\" width=\"18\" height=\"15\" \/>Stipri apsauga nuo \u0161alto paleidimo.<\/strong> 10W kategorija u\u017etikrina patikim\u0105 alyvos tek\u0117jim\u0105 vidutinio sunkumo \u0161alto variklio u\u017evedimo metu, suma\u017eina nusid\u0117v\u0117jim\u0105 kritiniais pirmaisiais momentais po u\u017edegimo ir pagerina bendr\u0105 variklio patikimum\u0105.<\/p>\n<p><strong><img decoding=\"async\" style=\"margin-right: 12px;\" src=\"https:\/\/www.noleaky.com\/wp-content\/uploads\/2026\/02\/Check.svg\" alt=\"\" width=\"18\" height=\"15\" \/>Stabilus veikimas auk\u0161toje temperat\u016broje.<\/strong> 40 klas\u0117s klampumas u\u017etikrina pastov\u0173 tepim\u0105 esant auk\u0161tai darbinei temperat\u016brai. Jis atsparus plon\u0117jimui ir skilimui, tod\u0117l ilgai va\u017eiuojant ar esant didelei apkrovai i\u0161laiko apsaugines savybes.<\/p>\n<p><strong><img decoding=\"async\" style=\"margin-right: 12px;\" src=\"https:\/\/www.noleaky.com\/wp-content\/uploads\/2026\/02\/Check.svg\" alt=\"\" width=\"18\" height=\"15\" \/>Varikliai ilgiau i\u0161lieka \u0161varesni.<\/strong> Pa\u017eang\u016bs plovikliai ir dispergentai padeda i\u0161vengti dumblo, lako ir anglies nuos\u0117d\u0173 susidarymo, u\u017etikrina sklandesn\u012f variklio veikim\u0105 ir apsaugo vidinius variklio komponentus.<\/p>\n<p><strong><img decoding=\"async\" style=\"margin-right: 12px;\" src=\"https:\/\/www.noleaky.com\/wp-content\/uploads\/2026\/02\/Check.svg\" alt=\"\" width=\"18\" height=\"15\" \/>Suderinamas su \u012fvairiais varikliais.<\/strong> \u0160i universali alyva tinka daugeliui benzinini\u0173 ir dyzelini\u0173 varikli\u0173, \u012fskaitant variklius su turbokompresoriumi, ir atitinka daugelio gamintoj\u0173 reikalavimus, jei naudojama pagal specifikacijas.<\/p>\n<h2><strong>Instrukcijos<\/strong><\/h2>\n<ul>\n<li>Pastatykite transporto priemon\u0119 ant lygaus pavir\u0161iaus ir i\u0161junkite varikl\u012f.<\/li>\n<li>Prie\u0161 prad\u0117dami keisti alyv\u0105, leiskite varikliui \u0161iek tiek atv\u0117sti.<\/li>\n<li>I\u0161traukite alyvos i\u0161leidimo kam\u0161t\u012f ir leiskite senajai alyvai visi\u0161kai i\u0161tek\u0117ti \u012f tinkam\u0105 ind\u0105.<\/li>\n<li>Pakeiskite alyvos filtr\u0105 nauju pagal gamintojo rekomendacijas.<\/li>\n<li>V\u0117l \u012fstatykite ir tvirtai priver\u017ekite i\u0161leidimo kam\u0161t\u012f.<\/li>\n<li>\u012e varikl\u012f \u012fpilkite rekomenduojam\u0105 kiek\u012f auk\u0161tos kokyb\u0117s 10W40 variklin\u0117s alyvos. \u012eprastin\u0117 talpa, priklausomai nuo variklio tipo, svyruoja nuo 4 iki 6 litr\u0173.<\/li>\n<li>Alyvos lyg\u012f patikrinkite matuokliu, kad patikrintum\u0117te, ar alyvos lygis atitinka rekomenduojam\u0105 interval\u0105.<\/li>\n<li>U\u017eveskite varikl\u012f ir leiskite jam kelet\u0105 minu\u010di\u0173 veikti, kad b\u016bt\u0173 u\u017etikrinta tinkama cirkuliacija.<\/li>\n<li>I\u0161junkite varikl\u012f, trumpai palaukite ir dar kart\u0105 patikrinkite alyvos lyg\u012f. Jei reikia, papildykite alyv\u0105.<\/li>\n<li>Laikykit\u0117s transporto priemon\u0117s gamintojo rekomenduojam\u0173 alyvos keitimo interval\u0173, kad i\u0161laikytum\u0117te optimal\u0173 variklio veikim\u0105 ir ilgaam\u017ei\u0161kum\u0105.<\/li>\n<\/ul>","protected":false},"excerpt":{"rendered":"<p>Reliable protection for everyday and high-demand driving. Our high performance 10W40 engine oil is engineered to provide strong, stable lubrication for gasoline and diesel engines operating in a wide range of conditions. It forms a durable protective film that shields moving parts from wear, friction, and heat, helping maintain smooth engine performance over time. The [&hellip;]<\/p>\n","protected":false},"featured_media":23046,"comment_status":"open","ping_status":"closed","template":"","meta":{"_uag_custom_page_level_css":"","site-sidebar-layout":"default","site-content-layout":"","ast-site-content-layout":"default","site-content-style":"default","site-sidebar-style":"default","ast-global-header-display":"","ast-banner-title-visibility":"","ast-main-header-display":"","ast-hfb-above-header-display":"","ast-hfb-below-header-display":"","ast-hfb-mobile-header-display":"","site-post-title":"","ast-breadcrumbs-content":"","ast-featured-img":"","footer-sml-layout":"","ast-disable-related-posts":"","theme-transparent-header-meta":"default","adv-header-id-meta":"","stick-header-meta":"","header-above-stick-meta":"","header-main-stick-meta":"","header-below-stick-meta":"","astra-migrate-meta-layouts":"set","ast-page-background-enabled":"default","ast-page-background-meta":{"desktop":{"background-color":"var(--ast-global-color-4)","background-image":"","background-repeat":"repeat","background-position":"center center","background-size":"auto","background-attachment":"scroll","background-type":"","background-media":"","overlay-type":"","overlay-color":"","overlay-opacity":"","overlay-gradient":""},"tablet":{"background-color":"","background-image":"","background-repeat":"repeat","background-position":"center center","background-size":"auto","background-attachment":"scroll","background-type":"","background-media":"","overlay-type":"","overlay-color":"","overlay-opacity":"","overlay-gradient":""},"mobile":{"background-color":"","background-image":"","background-repeat":"repeat","background-position":"center center","background-size":"auto","background-attachment":"scroll","background-type":"","background-media":"","overlay-type":"","overlay-color":"","overlay-opacity":"","overlay-gradient":""}},"ast-content-background-meta":{"desktop":{"background-color":"var(--ast-global-color-5)","background-image":"","background-repeat":"repeat","background-position":"center center","background-size":"auto","background-attachment":"scroll","background-type":"","background-media":"","overlay-type":"","overlay-color":"","overlay-opacity":"","overlay-gradient":""},"tablet":{"background-color":"var(--ast-global-color-5)","background-image":"","background-repeat":"repeat","background-position":"center center","background-size":"auto","background-attachment":"scroll","background-type":"","background-media":"","overlay-type":"","overlay-color":"","overlay-opacity":"","overlay-gradient":""},"mobile":{"background-color":"var(--ast-global-color-5)","background-image":"","background-repeat":"repeat","background-position":"center center","background-size":"auto","background-attachment":"scroll","background-type":"","background-media":"","overlay-type":"","overlay-color":"","overlay-opacity":"","overlay-gradient":""}}},"product_brand":[],"product_cat":[176],"product_tag":[],"class_list":{"0":"post-22991","1":"product","2":"type-product","3":"status-publish","4":"has-post-thumbnail","6":"product_cat-automotive","7":"desktop-align-left","8":"tablet-align-left","9":"mobile-align-left","11":"first","12":"instock","13":"sale","14":"shipping-taxable","15":"purchasable","16":"product-type-variable","17":"has-default-attributes"},"spectra_custom_meta":{"_visibility":["visible"],"_shopify_product_id":["7960288133340"],"_s2w_shopify_domain":["noleaky.myshopify.com"],"_shopify_variant_id":["43735114186972"],"_manage_stock":["no"],"total_sales":["2"],"_tax_status":["taxable"],"_tax_class":[""],"_backorders":["no"],"_sold_individually":["no"],"_virtual":["no"],"_downloadable":["no"],"_download_limit":["-1"],"_download_expiry":["-1"],"_stock":[null],"_stock_status":["instock"],"_wc_average_rating":["4.95"],"_wc_review_count":["55"],"_product_attributes":["a:1:{s:6:\"volume\";a:6:{s:4:\"name\";s:6:\"Volume\";s:5:\"value\";s:20:\"5 liters | 25 liters\";s:8:\"position\";i:1;s:10:\"is_visible\";i:0;s:12:\"is_variation\";i:1;s:11:\"is_taxonomy\";i:0;}}"],"_product_version":["10.5.2"],"_thumbnail_id":["23046"],"_product_image_gallery":["23049"],"_edit_lock":["1772373281:1"],"merchant-center-availability":["yes"],"merchant-center-category":["3044"],"merchant-center-id":["10L5W40"],"_edit_last":["1"],"_wp_page_template":["default"],"site-sidebar-layout":["default"],"ast-site-content-layout":["default"],"site-content-style":["default"],"site-sidebar-style":["default"],"theme-transparent-header-meta":["default"],"_default_attributes":["a:1:{s:6:\"volume\";s:8:\"5 liters\";}"],"_price":["39.90","9990"],"_wc_rating_count":["a:2:{i:4;i:3;i:5;i:52;}"],"_upsell_ids":["a:3:{i:0;i:22975;i:1;i:23022;i:2;i:23025;}"],"_crosssell_ids":["a:3:{i:0;i:22975;i:1;i:23022;i:2;i:23025;}"],"astra-migrate-meta-layouts":["set"],"_uag_css_file_name":["uag-css-22991.css"],"_elementor_page_assets":["a:0:{}"],"_uag_page_assets":["a:9:{s:3:\"css\";s:7133:\".uag-blocks-common-selector{z-index:var(--z-index-desktop) !important}@media(max-width: 976px){.uag-blocks-common-selector{z-index:var(--z-index-tablet) !important}}@media(max-width: 767px){.uag-blocks-common-selector{z-index:var(--z-index-mobile) !important}}.wp-block-uagb-image{display:flex}.wp-block-uagb-image__figure{position:relative;display:flex;flex-direction:column;max-width:100%;height:auto;margin:0}.wp-block-uagb-image__figure img{height:auto;display:flex;max-width:100%;transition:box-shadow .2s ease}.wp-block-uagb-image__figure>a{display:inline-block}.wp-block-uagb-image__figure figcaption{text-align:center;margin-top:.5em;margin-bottom:1em}.wp-block-uagb-image .components-placeholder.block-editor-media-placeholder .components-placeholder__instructions{align-self:center}.wp-block-uagb-image--align-left{text-align:left}.wp-block-uagb-image--align-right{text-align:right}.wp-block-uagb-image--align-center{text-align:center}.wp-block-uagb-image--align-full .wp-block-uagb-image__figure{margin-left:calc(50% - 50vw);margin-right:calc(50% - 50vw);max-width:100vw;width:100vw;height:auto}.wp-block-uagb-image--align-full .wp-block-uagb-image__figure img{height:auto;width:100% !important}.wp-block-uagb-image--align-wide .wp-block-uagb-image__figure img{height:auto;width:100%}.wp-block-uagb-image--layout-overlay__color-wrapper{position:absolute;left:0;top:0;right:0;bottom:0;opacity:.2;background:rgba(0,0,0,.5);transition:opacity .35s ease-in-out}.wp-block-uagb-image--layout-overlay-link{position:absolute;left:0;right:0;bottom:0;top:0}.wp-block-uagb-image--layout-overlay .wp-block-uagb-image__figure:hover .wp-block-uagb-image--layout-overlay__color-wrapper{opacity:1}.wp-block-uagb-image--layout-overlay__inner{position:absolute;left:15px;right:15px;bottom:15px;top:15px;display:flex;align-items:center;justify-content:center;flex-direction:column;border-color:#fff;transition:.35s ease-in-out}.wp-block-uagb-image--layout-overlay__inner.top-left,.wp-block-uagb-image--layout-overlay__inner.top-center,.wp-block-uagb-image--layout-overlay__inner.top-right{justify-content:flex-start}.wp-block-uagb-image--layout-overlay__inner.bottom-left,.wp-block-uagb-image--layout-overlay__inner.bottom-center,.wp-block-uagb-image--layout-overlay__inner.bottom-right{justify-content:flex-end}.wp-block-uagb-image--layout-overlay__inner.top-left,.wp-block-uagb-image--layout-overlay__inner.center-left,.wp-block-uagb-image--layout-overlay__inner.bottom-left{align-items:flex-start}.wp-block-uagb-image--layout-overlay__inner.top-right,.wp-block-uagb-image--layout-overlay__inner.center-right,.wp-block-uagb-image--layout-overlay__inner.bottom-right{align-items:flex-end}.wp-block-uagb-image--layout-overlay__inner .uagb-image-heading{color:#fff;transition:transform .35s,opacity .35s ease-in-out;transform:translate3d(0, 24px, 0);margin:0;line-height:1em}.wp-block-uagb-image--layout-overlay__inner .uagb-image-separator{width:30%;border-top-width:2px;border-top-color:#fff;border-top-style:solid;margin-bottom:10px;opacity:0;transition:transform .4s,opacity .4s ease-in-out;transform:translate3d(0, 30px, 0)}.wp-block-uagb-image--layout-overlay__inner .uagb-image-caption{opacity:0;overflow:visible;color:#fff;transition:transform .45s,opacity .45s ease-in-out;transform:translate3d(0, 35px, 0)}.wp-block-uagb-image--layout-overlay__inner:hover .uagb-image-heading,.wp-block-uagb-image--layout-overlay__inner:hover .uagb-image-separator,.wp-block-uagb-image--layout-overlay__inner:hover .uagb-image-caption{opacity:1;transform:translate3d(0, 0, 0)}.wp-block-uagb-image--effect-zoomin .wp-block-uagb-image__figure img,.wp-block-uagb-image--effect-zoomin .wp-block-uagb-image__figure .wp-block-uagb-image--layout-overlay__color-wrapper{transform:scale(1);transition:transform .35s ease-in-out}.wp-block-uagb-image--effect-zoomin .wp-block-uagb-image__figure:hover img,.wp-block-uagb-image--effect-zoomin .wp-block-uagb-image__figure:hover .wp-block-uagb-image--layout-overlay__color-wrapper{transform:scale(1.05)}.wp-block-uagb-image--effect-slide .wp-block-uagb-image__figure img,.wp-block-uagb-image--effect-slide .wp-block-uagb-image__figure .wp-block-uagb-image--layout-overlay__color-wrapper{width:calc(100% + 40px) !important;max-width:none !important;transform:translate3d(-40px, 0, 0);transition:transform .35s ease-in-out}.wp-block-uagb-image--effect-slide .wp-block-uagb-image__figure:hover img,.wp-block-uagb-image--effect-slide .wp-block-uagb-image__figure:hover .wp-block-uagb-image--layout-overlay__color-wrapper{transform:translate3d(0, 0, 0)}.wp-block-uagb-image--effect-grayscale img{filter:grayscale(0%);transition:.35s ease-in-out}.wp-block-uagb-image--effect-grayscale:hover img{filter:grayscale(100%)}.wp-block-uagb-image--effect-blur img{filter:blur(0);transition:.35s ease-in-out}.wp-block-uagb-image--effect-blur:hover img{filter:blur(3px)}.uagb-block-e6f939b3.wp-block-uagb-image--layout-default figure img{box-shadow: 0px 0px 0 #00000070;}.uagb-block-e6f939b3.wp-block-uagb-image .wp-block-uagb-image__figure figcaption{font-style: normal;align-self: center;}.uagb-block-e6f939b3.wp-block-uagb-image--layout-overlay figure img{box-shadow: 0px 0px 0 #00000070;}.uagb-block-e6f939b3.wp-block-uagb-image--layout-overlay .wp-block-uagb-image--layout-overlay__color-wrapper{opacity: 0.2;}.uagb-block-e6f939b3.wp-block-uagb-image--layout-overlay .wp-block-uagb-image--layout-overlay__inner{left: 15px;right: 15px;top: 15px;bottom: 15px;}.uagb-block-e6f939b3.wp-block-uagb-image--layout-overlay .wp-block-uagb-image--layout-overlay__inner .uagb-image-heading{font-style: normal;color: #fff;opacity: 1;}.uagb-block-e6f939b3.wp-block-uagb-image--layout-overlay .wp-block-uagb-image--layout-overlay__inner .uagb-image-heading a{color: #fff;}.uagb-block-e6f939b3.wp-block-uagb-image--layout-overlay .wp-block-uagb-image--layout-overlay__inner .uagb-image-caption{opacity: 0;}.uagb-block-e6f939b3.wp-block-uagb-image--layout-overlay .wp-block-uagb-image__figure:hover .wp-block-uagb-image--layout-overlay__color-wrapper{opacity: 1;}.uagb-block-e6f939b3.wp-block-uagb-image .wp-block-uagb-image--layout-overlay__inner .uagb-image-separator{width: 30%;border-top-width: 2px;border-top-color: #fff;opacity: 0;}.uagb-block-e6f939b3.wp-block-uagb-image .wp-block-uagb-image__figure img{width: px;height: auto;}.uagb-block-e6f939b3.wp-block-uagb-image .wp-block-uagb-image__figure:hover .wp-block-uagb-image--layout-overlay__inner .uagb-image-caption{opacity: 1;}.uagb-block-e6f939b3.wp-block-uagb-image .wp-block-uagb-image__figure:hover .wp-block-uagb-image--layout-overlay__inner .uagb-image-separator{opacity: 1;}.uagb-block-e6f939b3.wp-block-uagb-image--layout-default figure:hover img{box-shadow: 0px 0px 0 #00000070;}.uagb-block-e6f939b3.wp-block-uagb-image--layout-overlay figure:hover img{box-shadow: 0px 0px 0 #00000070;}@media only screen and (max-width: 976px) {.uagb-block-e6f939b3.wp-block-uagb-image .wp-block-uagb-image__figure img{width: px;height: auto;}}@media only screen and (max-width: 767px) {.uagb-block-e6f939b3.wp-block-uagb-image .wp-block-uagb-image__figure img{width: px;height: auto;}}\";s:2:\"js\";s:0:\"\";s:18:\"current_block_list\";a:13:{i:0;s:11:\"core\/search\";i:1;s:10:\"core\/group\";i:2;s:12:\"core\/heading\";i:3;s:17:\"core\/latest-posts\";i:4;s:20:\"core\/latest-comments\";i:5;s:13:\"core\/archives\";i:6;s:15:\"core\/categories\";i:7;s:14:\"core\/paragraph\";i:8;s:10:\"uagb\/image\";i:9;s:11:\"core\/spacer\";i:10;s:30:\"woocommerce\/product-categories\";i:11;s:10:\"core\/image\";i:12;s:14:\"core\/shortcode\";}s:8:\"uag_flag\";b:1;s:11:\"uag_version\";s:10:\"1776766160\";s:6:\"gfonts\";a:0:{}s:10:\"gfonts_url\";s:0:\"\";s:12:\"gfonts_files\";a:0:{}s:14:\"uag_faq_layout\";b:0;}"]},"uagb_featured_image_src":{"full":["https:\/\/www.noleaky.com\/wp-content\/uploads\/2025\/06\/2.c.MotorOil_10w40_2500.png",2500,2000,false],"thumbnail":["https:\/\/www.noleaky.com\/wp-content\/uploads\/2025\/06\/2.c.MotorOil_10w40_2500-150x150.png",150,150,true],"medium":["https:\/\/www.noleaky.com\/wp-content\/uploads\/2025\/06\/2.c.MotorOil_10w40_2500-300x240.png",300,240,true],"medium_large":["https:\/\/www.noleaky.com\/wp-content\/uploads\/2025\/06\/2.c.MotorOil_10w40_2500-768x614.png",768,614,true],"large":["https:\/\/www.noleaky.com\/wp-content\/uploads\/2025\/06\/2.c.MotorOil_10w40_2500-1024x819.png",1024,819,true],"1536x1536":["https:\/\/www.noleaky.com\/wp-content\/uploads\/2025\/06\/2.c.MotorOil_10w40_2500-1536x1229.png",1536,1229,true],"2048x2048":["https:\/\/www.noleaky.com\/wp-content\/uploads\/2025\/06\/2.c.MotorOil_10w40_2500-2048x1638.png",2048,1638,true],"trp-custom-language-flag":["https:\/\/www.noleaky.com\/wp-content\/uploads\/2025\/06\/2.c.MotorOil_10w40_2500-15x12.png",15,12,true],"woocommerce_thumbnail":["https:\/\/www.noleaky.com\/wp-content\/uploads\/2025\/06\/2.c.MotorOil_10w40_2500-300x300.png",300,300,true],"woocommerce_single":["https:\/\/www.noleaky.com\/wp-content\/uploads\/2025\/06\/2.c.MotorOil_10w40_2500-600x480.png",600,480,true],"woocommerce_gallery_thumbnail":["https:\/\/www.noleaky.com\/wp-content\/uploads\/2025\/06\/2.c.MotorOil_10w40_2500-100x100.png",100,100,true]},"uagb_author_info":{"display_name":"admin","author_link":"https:\/\/www.noleaky.com\/lt\/author\/"},"uagb_comment_info":55,"uagb_excerpt":"Reliable protection for everyday and high-demand driving. Our high performance 10W40 engine oil is engineered to provide strong, stable lubrication for gasoline and diesel engines operating in a wide range of conditions. It forms a durable protective film that shields moving parts from wear, friction, and heat, helping maintain smooth engine performance over time. The&hellip;","_links":{"self":[{"href":"https:\/\/www.noleaky.com\/lt\/wp-json\/wp\/v2\/product\/22991","targetHints":{"allow":["GET"]}}],"collection":[{"href":"https:\/\/www.noleaky.com\/lt\/wp-json\/wp\/v2\/product"}],"about":[{"href":"https:\/\/www.noleaky.com\/lt\/wp-json\/wp\/v2\/types\/product"}],"replies":[{"embeddable":true,"href":"https:\/\/www.noleaky.com\/lt\/wp-json\/wp\/v2\/comments?post=22991"}],"version-history":[{"count":4,"href":"https:\/\/www.noleaky.com\/lt\/wp-json\/wp\/v2\/product\/22991\/revisions"}],"predecessor-version":[{"id":33275,"href":"https:\/\/www.noleaky.com\/lt\/wp-json\/wp\/v2\/product\/22991\/revisions\/33275"}],"wp:featuredmedia":[{"embeddable":true,"href":"https:\/\/www.noleaky.com\/lt\/wp-json\/wp\/v2\/media\/23046"}],"wp:attachment":[{"href":"https:\/\/www.noleaky.com\/lt\/wp-json\/wp\/v2\/media?parent=22991"}],"wp:term":[{"taxonomy":"product_brand","embeddable":true,"href":"https:\/\/www.noleaky.com\/lt\/wp-json\/wp\/v2\/product_brand?post=22991"},{"taxonomy":"product_cat","embeddable":true,"href":"https:\/\/www.noleaky.com\/lt\/wp-json\/wp\/v2\/product_cat?post=22991"},{"taxonomy":"product_tag","embeddable":true,"href":"https:\/\/www.noleaky.com\/lt\/wp-json\/wp\/v2\/product_tag?post=22991"}],"curies":[{"name":"wp","href":"https:\/\/api.w.org\/{rel}","templated":true}]}}