{"id":22987,"date":"2025-06-02T15:49:03","date_gmt":"2025-06-02T13:49:03","guid":{"rendered":"https:\/\/www.noleaky.com\/products\/engine-decalaminant\/"},"modified":"2026-03-01T15:18:48","modified_gmt":"2026-03-01T14:18:48","slug":"engine-decalaminant","status":"publish","type":"product","link":"https:\/\/www.noleaky.com\/lt\/products\/engine-decalaminant\/","title":{"rendered":"Variklio dekarbonizatorius"},"content":{"rendered":"<p><strong><img decoding=\"async\" style=\"margin-right: 12px;\" src=\"https:\/\/www.noleaky.com\/wp-content\/uploads\/2026\/02\/Check.svg\" alt=\"\" width=\"18\" height=\"15\" \/>Atkuria variklio veikim\u0105 ir gali\u0105 nuo pat pirmojo naudojimo.<\/strong> M\u016bs\u0173 variklio dekarbonizatorius yra specialiai sukurtas kenksmingoms anglies nuos\u0117doms, kurios kaupiasi degimo kameroje, \u012fsiurbimo vo\u017etuvuose, purk\u0161tukuose ir i\u0161metimo sistemoje, pa\u0161alinti. Pa\u0161alindamas \u0161ias nuos\u0117das, jis padeda j\u016bs\u0173 varikliui geriau kv\u0117puoti, skland\u017eiau veikti ir atgauti prarast\u0105 gali\u0105 bei reakcij\u0105.<\/p>\n<p><strong><img decoding=\"async\" style=\"margin-right: 12px;\" src=\"https:\/\/www.noleaky.com\/wp-content\/uploads\/2026\/02\/Check.svg\" alt=\"\" width=\"18\" height=\"15\" \/>Veiksmingiausias anglies \u0161alinimo sprendimas rinkoje.<\/strong> D\u0117l pa\u017eangios valymo technologijos \u0161is variklio dekarbonizatorius i\u0161tirpina \u012fsisen\u0117jusias anglies nuos\u0117das veiksmingiau nei \u012fprasti priedai. Jis veikia susikaupusius suod\u017eius ir degimo liku\u010dius j\u0173 susidarymo vietoje, pagerina degal\u0173 degimo kokyb\u0119 ir atkuria optimal\u0173 variklio veikim\u0105.<\/p>\n<p><strong><img decoding=\"async\" style=\"margin-right: 12px;\" src=\"https:\/\/www.noleaky.com\/wp-content\/uploads\/2026\/02\/Check.svg\" alt=\"\" width=\"18\" height=\"15\" \/>Pigiausias profesionalams skirtas sprendimas.<\/strong> Si\u016blome konkurencingiausi\u0105 kain\u0105, nenusileisdami kokybei ar na\u0161umui. Gausite didelio efektyvumo formul\u0119, kuria pasitikima atliekant rimt\u0105 variklio prie\u017ei\u016br\u0105, u\u017e nedidel\u0119 mechaninio dekarbonizavimo ar dirbtuvi\u0173 paslaug\u0173 kain\u0105.<\/p>\n<p><strong><img decoding=\"async\" style=\"margin-right: 12px;\" src=\"https:\/\/www.noleaky.com\/wp-content\/uploads\/2026\/02\/Check.svg\" alt=\"\" width=\"18\" height=\"15\" \/>Pristatymas 24 valandas per par\u0105, kad j\u016bs\u0173 transporto priemon\u0117 b\u016bt\u0173 judri.<\/strong> Garantuojame pristatym\u0105 24 valandas per par\u0105, kad gal\u0117tum\u0117te greitai gauti variklio dekarbonizatori\u0173 ir i\u0161vengti nereikaling\u0173 prastov\u0173. Nesvarbu, ar jums reikia skubios technin\u0117s prie\u017ei\u016bros, ar profilaktinio gydymo, u\u017etikriname greit\u0105 ir patikim\u0105 pristatym\u0105.<\/p>\n<p><strong><img decoding=\"async\" style=\"margin-right: 12px;\" src=\"https:\/\/www.noleaky.com\/wp-content\/uploads\/2026\/02\/Check.svg\" alt=\"\" width=\"18\" height=\"15\" \/>Pinig\u0173 gr\u0105\u017einimo garantija - visi\u0161kas pasitik\u0117jimas.<\/strong> Si\u016blome visi\u0161k\u0105 pinig\u0173 gr\u0105\u017einimo garantij\u0105. Jei nesate visi\u0161kai patenkinti m\u016bs\u0173 variklio dekarbonizatoriaus rezultatais, gr\u0105\u017einsime pinigus u\u017e pirkin\u012f. Taip j\u016bs\u0173 investicija tampa visi\u0161kai nerizikinga ir parodo m\u016bs\u0173 pasitik\u0117jim\u0105 gaminio veikimu.<\/p>\n<p><strong><img decoding=\"async\" style=\"margin-right: 12px;\" src=\"https:\/\/www.noleaky.com\/wp-content\/uploads\/2026\/02\/Check.svg\" alt=\"\" width=\"18\" height=\"15\" \/>Pagerina degal\u0173 naudojimo efektyvum\u0105 ir suma\u017eina s\u0105naudas.<\/strong> Valydamas variklio vidaus komponentus ir optimizuodamas degim\u0105, m\u016bs\u0173 produktas padeda suma\u017einti degal\u0173 \u0161vaistym\u0105. \u0160varesnis variklis efektyviau degina degalus, tod\u0117l gali suma\u017e\u0117ti bendros degal\u0173 s\u0105naudos ir ilgainiui sutaupyti pinig\u0173.<\/p>\n<p><strong><img decoding=\"async\" style=\"margin-right: 12px;\" src=\"https:\/\/www.noleaky.com\/wp-content\/uploads\/2026\/02\/Check.svg\" alt=\"\" width=\"18\" height=\"15\" \/>Ma\u017eina i\u0161metam\u0173j\u0173 ter\u0161al\u0173 kiek\u012f ir palaiko \u0161varesn\u012f i\u0161metam\u0173j\u0173 duj\u0173 i\u0161metim\u0105.<\/strong> Anglies sankaupos didina i\u0161metam\u0173j\u0173 ter\u0161al\u0173 kiek\u012f ir blogina i\u0161metam\u0173j\u0173 duj\u0173 veikim\u0105. M\u016bs\u0173 variklio dekarbonizatorius, \u0161alindamas nuos\u0117das, padeda suma\u017einti d\u016bmingum\u0105, pagerinti i\u0161metam\u0173j\u0173 duj\u0173 sraut\u0105 ir skatina ekologi\u0161kesn\u012f vairavim\u0105.<\/p>\n<p><strong><img decoding=\"async\" style=\"margin-right: 12px;\" src=\"https:\/\/www.noleaky.com\/wp-content\/uploads\/2026\/02\/Check.svg\" alt=\"\" width=\"18\" height=\"15\" \/>Prailgina variklio tarnavimo laik\u0105 ir suma\u017eina nusid\u0117v\u0117jim\u0105.<\/strong> Anglies nuos\u0117dos gali padidinti trint\u012f, perkaitim\u0105 ir netolyg\u0173 degim\u0105. Reguliarus m\u016bs\u0173 dekarbonizatoriaus naudojimas padeda i\u0161laikyti sklandesn\u012f variklio veikim\u0105, ma\u017eina komponent\u0173 apkrov\u0105 ir prisideda prie ilgesnio variklio tarnavimo laiko.<\/p>\n<p><strong><img decoding=\"async\" style=\"margin-right: 12px;\" src=\"https:\/\/www.noleaky.com\/wp-content\/uploads\/2026\/02\/Check.svg\" alt=\"\" width=\"18\" height=\"15\" \/>I\u0161vengiama brangiai kainuojan\u010dio mechaninio remonto.<\/strong> Palaikydami \u0161vari\u0105 degimo sistem\u0105, suma\u017einsite u\u017esikim\u0161usi\u0173 purk\u0161tuk\u0173, u\u017estrigusi\u0173 vo\u017etuv\u0173 ir turbokompresoriaus veikimo problem\u0173 rizik\u0105. Prevencin\u0117 technin\u0117 prie\u017ei\u016bra naudojant m\u016bs\u0173 variklio dekarbonizatori\u0173 gali pad\u0117ti i\u0161vengti brangaus remonto ateityje.<\/p>\n<p><strong><img decoding=\"async\" style=\"margin-right: 12px;\" src=\"https:\/\/www.noleaky.com\/wp-content\/uploads\/2026\/02\/Check.svg\" alt=\"\" width=\"18\" height=\"15\" \/>Paprasta naudoti tiek profesionalams, tiek paprastiems vairuotojams.<\/strong> Formul\u0117 sukurta taip, kad b\u016bt\u0173 lengva naudoti be sud\u0117ting\u0173 \u012franki\u0173 ar i\u0161ardymo. Nepriklausomai nuo to, ar esate mechanikas, ar transporto priemon\u0117s savininkas, atliekantis \u012fprast\u0105 technin\u0119 prie\u017ei\u016br\u0105, galite pasiekti profesionalaus lygio rezultat\u0173 \u012fd\u0117dami minimalias pastangas.<\/p>\n<p><strong>Instrukcijos<\/strong><\/p>\n<ul>\n<li>Prie\u0161 naudodami produkt\u0105 \u012fsitikinkite, kad variklis yra darbin\u0117je temperat\u016broje, kad jis b\u016bt\u0173 optimaliai veiksmingas.<\/li>\n<li>Prie\u0161 pildami degalus \u012fpilkite butel\u012f tiesiai \u012f degal\u0173 bak\u0105, kad tinkamai susimai\u0161yt\u0173.<\/li>\n<li>Vien\u0105 piln\u0105 buteliuk\u0105 naudokite standartiniam lengvojo automobilio degal\u0173 bakui, kurio talpa yra ma\u017edaug 40-60 litr\u0173. Ma\u017eesniems bakams doz\u0119 reguliuokite proporcingai.<\/li>\n<li>\u012epylus produkto, pripilkite \u012f bak\u0105 degal\u0173 ir va\u017eiuokite \u012fprastu re\u017eimu, kad preparatas cirkuliuot\u0173 visoje degal\u0173 ir degimo sistemoje.<\/li>\n<li>Intensyviai valydami varikl\u012f bent 20-30 minu\u010di\u0173 palaikykite vidutin\u012f variklio s\u016bki\u0173 da\u017en\u012f, kad dekarbonizacijos procesas vykt\u0173 spar\u010diau.<\/li>\n<li>Jei susikaupia daug anglies, sunaudojus vis\u0105 pirm\u0105j\u0105 talpykl\u0105, galima atlikti antr\u0105j\u012f apdorojim\u0105.<\/li>\n<li>Atlikdami profilaktin\u0119 technin\u0119 prie\u017ei\u016br\u0105, variklio dekarbonizatori\u0173 naudokite kas 5-10 000 km, priklausomai nuo va\u017eiavimo s\u0105lyg\u0173 ir degal\u0173 kokyb\u0117s.<\/li>\n<li>Nevir\u0161ykite rekomenduojamos doz\u0117s, kad u\u017etikrintum\u0117te optimal\u0173 veikim\u0105 ir i\u0161vengtum\u0117te nereikalingo produkto \u0161vaistymo.<\/li>\n<li>Tinka benzininiams ir dyzeliniams varikliams, jei transporto priemon\u0117s gamintojo rekomendacijose nenurodyta kitaip.<\/li>\n<li>Produkt\u0105 laikykite v\u0117sioje, sausoje, apsaugotoje nuo tiesiogini\u0173 saul\u0117s spinduli\u0173 vietoje ir vaikams nepasiekiamoje vietoje.<\/li>\n<\/ul>","protected":false},"excerpt":{"rendered":"<p>Restores engine performance and power from the very first use. Our engine decarbonizer is specially formulated to remove harmful carbon deposits that build up inside the combustion chamber, intake valves, injectors, and exhaust system. By eliminating these residues, it helps your engine breathe better, operate more smoothly, and recover lost power and responsiveness. The most [&hellip;]<\/p>\n","protected":false},"featured_media":23039,"comment_status":"open","ping_status":"closed","template":"","meta":{"_uag_custom_page_level_css":"","site-sidebar-layout":"default","site-content-layout":"","ast-site-content-layout":"default","site-content-style":"default","site-sidebar-style":"default","ast-global-header-display":"","ast-banner-title-visibility":"","ast-main-header-display":"","ast-hfb-above-header-display":"","ast-hfb-below-header-display":"","ast-hfb-mobile-header-display":"","site-post-title":"","ast-breadcrumbs-content":"","ast-featured-img":"","footer-sml-layout":"","ast-disable-related-posts":"","theme-transparent-header-meta":"default","adv-header-id-meta":"","stick-header-meta":"","header-above-stick-meta":"","header-main-stick-meta":"","header-below-stick-meta":"","astra-migrate-meta-layouts":"set","ast-page-background-enabled":"default","ast-page-background-meta":{"desktop":{"background-color":"var(--ast-global-color-4)","background-image":"","background-repeat":"repeat","background-position":"center center","background-size":"auto","background-attachment":"scroll","background-type":"","background-media":"","overlay-type":"","overlay-color":"","overlay-opacity":"","overlay-gradient":""},"tablet":{"background-color":"","background-image":"","background-repeat":"repeat","background-position":"center center","background-size":"auto","background-attachment":"scroll","background-type":"","background-media":"","overlay-type":"","overlay-color":"","overlay-opacity":"","overlay-gradient":""},"mobile":{"background-color":"","background-image":"","background-repeat":"repeat","background-position":"center center","background-size":"auto","background-attachment":"scroll","background-type":"","background-media":"","overlay-type":"","overlay-color":"","overlay-opacity":"","overlay-gradient":""}},"ast-content-background-meta":{"desktop":{"background-color":"var(--ast-global-color-5)","background-image":"","background-repeat":"repeat","background-position":"center center","background-size":"auto","background-attachment":"scroll","background-type":"","background-media":"","overlay-type":"","overlay-color":"","overlay-opacity":"","overlay-gradient":""},"tablet":{"background-color":"var(--ast-global-color-5)","background-image":"","background-repeat":"repeat","background-position":"center center","background-size":"auto","background-attachment":"scroll","background-type":"","background-media":"","overlay-type":"","overlay-color":"","overlay-opacity":"","overlay-gradient":""},"mobile":{"background-color":"var(--ast-global-color-5)","background-image":"","background-repeat":"repeat","background-position":"center center","background-size":"auto","background-attachment":"scroll","background-type":"","background-media":"","overlay-type":"","overlay-color":"","overlay-opacity":"","overlay-gradient":""}}},"product_brand":[],"product_cat":[176],"product_tag":[],"class_list":{"0":"post-22987","1":"product","2":"type-product","3":"status-publish","4":"has-post-thumbnail","6":"product_cat-automotive","7":"desktop-align-left","8":"tablet-align-left","9":"mobile-align-left","11":"first","12":"instock","13":"shipping-taxable","14":"purchasable","15":"product-type-simple"},"spectra_custom_meta":{"_visibility":["visible"],"_shopify_product_id":["7961115164892"],"_s2w_shopify_domain":["noleaky.myshopify.com"],"_shopify_variant_id":["43736991662300"],"_sku":["NLENGINEDECARBONIZER"],"_regular_price":["29.90"],"_price":["29.90"],"_sale_price":[""],"_weight":["0.35"],"_thumbnail_id":["23039"],"_global_unique_id":["5056773800663"],"total_sales":["50"],"_tax_status":["taxable"],"_tax_class":[""],"_manage_stock":["no"],"_backorders":["no"],"_sold_individually":["no"],"_virtual":["no"],"_downloadable":["no"],"_download_limit":["-1"],"_download_expiry":["-1"],"_stock":[null],"_stock_status":["instock"],"_wc_average_rating":["4.92"],"_wc_review_count":["86"],"_product_version":["10.5.2"],"_edit_lock":["1772383115:1"],"merchant-center-availability":["yes"],"merchant-center-category":["2788"],"merchant-center-id":["ED"],"_edit_last":["1"],"_wp_page_template":["default"],"site-sidebar-layout":["default"],"ast-site-content-layout":["default"],"site-content-style":["default"],"site-sidebar-style":["default"],"theme-transparent-header-meta":["default"],"_wc_rating_count":["a:2:{i:4;i:7;i:5;i:79;}"],"_upsell_ids":["a:3:{i:0;i:22985;i:1;i:23011;i:2;i:23025;}"],"_crosssell_ids":["a:3:{i:0;i:22985;i:1;i:23011;i:2;i:23025;}"],"astra-migrate-meta-layouts":["set"],"_uag_css_file_name":["uag-css-22987.css"],"_elementor_page_assets":["a:0:{}"],"_uag_page_assets":["a:9:{s:3:\"css\";s:7156:\".uag-blocks-common-selector{z-index:var(--z-index-desktop) !important}@media (max-width: 976px){.uag-blocks-common-selector{z-index:var(--z-index-tablet) !important}}@media (max-width: 767px){.uag-blocks-common-selector{z-index:var(--z-index-mobile) !important}}\n.wp-block-uagb-image{display:flex}.wp-block-uagb-image__figure{position:relative;display:flex;flex-direction:column;max-width:100%;height:auto;margin:0}.wp-block-uagb-image__figure img{height:auto;display:flex;max-width:100%;transition:box-shadow 0.2s ease}.wp-block-uagb-image__figure>a{display:inline-block}.wp-block-uagb-image__figure figcaption{text-align:center;margin-top:0.5em;margin-bottom:1em}.wp-block-uagb-image .components-placeholder.block-editor-media-placeholder .components-placeholder__instructions{align-self:center}.wp-block-uagb-image--align-left{text-align:left}.wp-block-uagb-image--align-right{text-align:right}.wp-block-uagb-image--align-center{text-align:center}.wp-block-uagb-image--align-full .wp-block-uagb-image__figure{margin-left:calc(50% - 50vw);margin-right:calc(50% - 50vw);max-width:100vw;width:100vw;height:auto}.wp-block-uagb-image--align-full .wp-block-uagb-image__figure img{height:auto;width:100% !important}.wp-block-uagb-image--align-wide .wp-block-uagb-image__figure img{height:auto;width:100%}.wp-block-uagb-image--layout-overlay__color-wrapper{position:absolute;left:0;top:0;right:0;bottom:0;opacity:0.2;background:rgba(0,0,0,0.5);transition:opacity 0.35s ease-in-out}.wp-block-uagb-image--layout-overlay-link{position:absolute;left:0;right:0;bottom:0;top:0}.wp-block-uagb-image--layout-overlay .wp-block-uagb-image__figure:hover .wp-block-uagb-image--layout-overlay__color-wrapper{opacity:1}.wp-block-uagb-image--layout-overlay__inner{position:absolute;left:15px;right:15px;bottom:15px;top:15px;display:flex;align-items:center;justify-content:center;flex-direction:column;border-color:#fff;transition:0.35s ease-in-out}.wp-block-uagb-image--layout-overlay__inner.top-left,.wp-block-uagb-image--layout-overlay__inner.top-center,.wp-block-uagb-image--layout-overlay__inner.top-right{justify-content:flex-start}.wp-block-uagb-image--layout-overlay__inner.bottom-left,.wp-block-uagb-image--layout-overlay__inner.bottom-center,.wp-block-uagb-image--layout-overlay__inner.bottom-right{justify-content:flex-end}.wp-block-uagb-image--layout-overlay__inner.top-left,.wp-block-uagb-image--layout-overlay__inner.center-left,.wp-block-uagb-image--layout-overlay__inner.bottom-left{align-items:flex-start}.wp-block-uagb-image--layout-overlay__inner.top-right,.wp-block-uagb-image--layout-overlay__inner.center-right,.wp-block-uagb-image--layout-overlay__inner.bottom-right{align-items:flex-end}.wp-block-uagb-image--layout-overlay__inner .uagb-image-heading{color:#fff;transition:transform 0.35s, opacity 0.35s ease-in-out;transform:translate3d(0, 24px, 0);margin:0;line-height:1em}.wp-block-uagb-image--layout-overlay__inner .uagb-image-separator{width:30%;border-top-width:2px;border-top-color:#fff;border-top-style:solid;margin-bottom:10px;opacity:0;transition:transform 0.4s, opacity 0.4s ease-in-out;transform:translate3d(0, 30px, 0)}.wp-block-uagb-image--layout-overlay__inner .uagb-image-caption{opacity:0;overflow:visible;color:#fff;transition:transform 0.45s, opacity 0.45s ease-in-out;transform:translate3d(0, 35px, 0)}.wp-block-uagb-image--layout-overlay__inner:hover .uagb-image-heading,.wp-block-uagb-image--layout-overlay__inner:hover .uagb-image-separator,.wp-block-uagb-image--layout-overlay__inner:hover .uagb-image-caption{opacity:1;transform:translate3d(0, 0, 0)}.wp-block-uagb-image--effect-zoomin .wp-block-uagb-image__figure img,.wp-block-uagb-image--effect-zoomin .wp-block-uagb-image__figure .wp-block-uagb-image--layout-overlay__color-wrapper{transform:scale(1);transition:transform 0.35s ease-in-out}.wp-block-uagb-image--effect-zoomin .wp-block-uagb-image__figure:hover img,.wp-block-uagb-image--effect-zoomin .wp-block-uagb-image__figure:hover .wp-block-uagb-image--layout-overlay__color-wrapper{transform:scale(1.05)}.wp-block-uagb-image--effect-slide .wp-block-uagb-image__figure img,.wp-block-uagb-image--effect-slide .wp-block-uagb-image__figure .wp-block-uagb-image--layout-overlay__color-wrapper{width:calc(100% + 40px) !important;max-width:none !important;transform:translate3d(-40px, 0, 0);transition:transform 0.35s ease-in-out}.wp-block-uagb-image--effect-slide .wp-block-uagb-image__figure:hover img,.wp-block-uagb-image--effect-slide .wp-block-uagb-image__figure:hover .wp-block-uagb-image--layout-overlay__color-wrapper{transform:translate3d(0, 0, 0)}.wp-block-uagb-image--effect-grayscale img{filter:grayscale(0%);transition:0.35s ease-in-out}.wp-block-uagb-image--effect-grayscale:hover img{filter:grayscale(100%)}.wp-block-uagb-image--effect-blur img{filter:blur(0);transition:0.35s ease-in-out}.wp-block-uagb-image--effect-blur:hover img{filter:blur(3px)}\n.uagb-block-e6f939b3.wp-block-uagb-image--layout-default figure img{box-shadow: 0px 0px 0 #00000070;}.uagb-block-e6f939b3.wp-block-uagb-image .wp-block-uagb-image__figure figcaption{font-style: normal;align-self: center;}.uagb-block-e6f939b3.wp-block-uagb-image--layout-overlay figure img{box-shadow: 0px 0px 0 #00000070;}.uagb-block-e6f939b3.wp-block-uagb-image--layout-overlay .wp-block-uagb-image--layout-overlay__color-wrapper{opacity: 0.2;}.uagb-block-e6f939b3.wp-block-uagb-image--layout-overlay .wp-block-uagb-image--layout-overlay__inner{left: 15px;right: 15px;top: 15px;bottom: 15px;}.uagb-block-e6f939b3.wp-block-uagb-image--layout-overlay .wp-block-uagb-image--layout-overlay__inner .uagb-image-heading{font-style: normal;color: #fff;opacity: 1;}.uagb-block-e6f939b3.wp-block-uagb-image--layout-overlay .wp-block-uagb-image--layout-overlay__inner .uagb-image-heading a{color: #fff;}.uagb-block-e6f939b3.wp-block-uagb-image--layout-overlay .wp-block-uagb-image--layout-overlay__inner .uagb-image-caption{opacity: 0;}.uagb-block-e6f939b3.wp-block-uagb-image--layout-overlay .wp-block-uagb-image__figure:hover .wp-block-uagb-image--layout-overlay__color-wrapper{opacity: 1;}.uagb-block-e6f939b3.wp-block-uagb-image .wp-block-uagb-image--layout-overlay__inner .uagb-image-separator{width: 30%;border-top-width: 2px;border-top-color: #fff;opacity: 0;}.uagb-block-e6f939b3.wp-block-uagb-image .wp-block-uagb-image__figure img{width: px;height: auto;}.uagb-block-e6f939b3.wp-block-uagb-image .wp-block-uagb-image__figure:hover .wp-block-uagb-image--layout-overlay__inner .uagb-image-caption{opacity: 1;}.uagb-block-e6f939b3.wp-block-uagb-image .wp-block-uagb-image__figure:hover .wp-block-uagb-image--layout-overlay__inner .uagb-image-separator{opacity: 1;}.uagb-block-e6f939b3.wp-block-uagb-image--layout-default figure:hover img{box-shadow: 0px 0px 0 #00000070;}.uagb-block-e6f939b3.wp-block-uagb-image--layout-overlay figure:hover img{box-shadow: 0px 0px 0 #00000070;}@media only screen and (max-width: 976px) {.uagb-block-e6f939b3.wp-block-uagb-image .wp-block-uagb-image__figure img{width: px;height: auto;}}@media only screen and (max-width: 767px) {.uagb-block-e6f939b3.wp-block-uagb-image .wp-block-uagb-image__figure img{width: px;height: auto;}}\";s:2:\"js\";s:0:\"\";s:18:\"current_block_list\";a:13:{i:0;s:11:\"core\/search\";i:1;s:10:\"core\/group\";i:2;s:12:\"core\/heading\";i:3;s:17:\"core\/latest-posts\";i:4;s:20:\"core\/latest-comments\";i:5;s:13:\"core\/archives\";i:6;s:15:\"core\/categories\";i:7;s:14:\"core\/paragraph\";i:8;s:10:\"uagb\/image\";i:9;s:11:\"core\/spacer\";i:10;s:30:\"woocommerce\/product-categories\";i:11;s:10:\"core\/image\";i:12;s:14:\"core\/shortcode\";}s:8:\"uag_flag\";b:1;s:11:\"uag_version\";s:10:\"1776756657\";s:6:\"gfonts\";a:0:{}s:10:\"gfonts_url\";s:0:\"\";s:12:\"gfonts_files\";a:0:{}s:14:\"uag_faq_layout\";b:0;}"]},"uagb_featured_image_src":{"full":["https:\/\/www.noleaky.com\/wp-content\/uploads\/2025\/06\/2.m.Engine-Decarbonizer_NoLeaky_4000x4000_4a95b712-bcad-4b18-b63b-b0f76c8b6981.png",2560,2560,false],"thumbnail":["https:\/\/www.noleaky.com\/wp-content\/uploads\/2025\/06\/2.m.Engine-Decarbonizer_NoLeaky_4000x4000_4a95b712-bcad-4b18-b63b-b0f76c8b6981-150x150.png",150,150,true],"medium":["https:\/\/www.noleaky.com\/wp-content\/uploads\/2025\/06\/2.m.Engine-Decarbonizer_NoLeaky_4000x4000_4a95b712-bcad-4b18-b63b-b0f76c8b6981-300x300.png",300,300,true],"medium_large":["https:\/\/www.noleaky.com\/wp-content\/uploads\/2025\/06\/2.m.Engine-Decarbonizer_NoLeaky_4000x4000_4a95b712-bcad-4b18-b63b-b0f76c8b6981-768x768.png",768,768,true],"large":["https:\/\/www.noleaky.com\/wp-content\/uploads\/2025\/06\/2.m.Engine-Decarbonizer_NoLeaky_4000x4000_4a95b712-bcad-4b18-b63b-b0f76c8b6981-1024x1024.png",1024,1024,true],"1536x1536":["https:\/\/www.noleaky.com\/wp-content\/uploads\/2025\/06\/2.m.Engine-Decarbonizer_NoLeaky_4000x4000_4a95b712-bcad-4b18-b63b-b0f76c8b6981-1536x1536.png",1536,1536,true],"2048x2048":["https:\/\/www.noleaky.com\/wp-content\/uploads\/2025\/06\/2.m.Engine-Decarbonizer_NoLeaky_4000x4000_4a95b712-bcad-4b18-b63b-b0f76c8b6981-2048x2048.png",2048,2048,true],"trp-custom-language-flag":["https:\/\/www.noleaky.com\/wp-content\/uploads\/2025\/06\/2.m.Engine-Decarbonizer_NoLeaky_4000x4000_4a95b712-bcad-4b18-b63b-b0f76c8b6981-12x12.png",12,12,true],"woocommerce_thumbnail":["https:\/\/www.noleaky.com\/wp-content\/uploads\/2025\/06\/2.m.Engine-Decarbonizer_NoLeaky_4000x4000_4a95b712-bcad-4b18-b63b-b0f76c8b6981-300x300.png",300,300,true],"woocommerce_single":["https:\/\/www.noleaky.com\/wp-content\/uploads\/2025\/06\/2.m.Engine-Decarbonizer_NoLeaky_4000x4000_4a95b712-bcad-4b18-b63b-b0f76c8b6981-600x600.png",600,600,true],"woocommerce_gallery_thumbnail":["https:\/\/www.noleaky.com\/wp-content\/uploads\/2025\/06\/2.m.Engine-Decarbonizer_NoLeaky_4000x4000_4a95b712-bcad-4b18-b63b-b0f76c8b6981-100x100.png",100,100,true]},"uagb_author_info":{"display_name":"admin","author_link":"https:\/\/www.noleaky.com\/lt\/author\/"},"uagb_comment_info":86,"uagb_excerpt":"Restores engine performance and power from the very first use. Our engine decarbonizer is specially formulated to remove harmful carbon deposits that build up inside the combustion chamber, intake valves, injectors, and exhaust system. By eliminating these residues, it helps your engine breathe better, operate more smoothly, and recover lost power and responsiveness. The most&hellip;","_links":{"self":[{"href":"https:\/\/www.noleaky.com\/lt\/wp-json\/wp\/v2\/product\/22987","targetHints":{"allow":["GET"]}}],"collection":[{"href":"https:\/\/www.noleaky.com\/lt\/wp-json\/wp\/v2\/product"}],"about":[{"href":"https:\/\/www.noleaky.com\/lt\/wp-json\/wp\/v2\/types\/product"}],"replies":[{"embeddable":true,"href":"https:\/\/www.noleaky.com\/lt\/wp-json\/wp\/v2\/comments?post=22987"}],"version-history":[{"count":4,"href":"https:\/\/www.noleaky.com\/lt\/wp-json\/wp\/v2\/product\/22987\/revisions"}],"predecessor-version":[{"id":33283,"href":"https:\/\/www.noleaky.com\/lt\/wp-json\/wp\/v2\/product\/22987\/revisions\/33283"}],"wp:featuredmedia":[{"embeddable":true,"href":"https:\/\/www.noleaky.com\/lt\/wp-json\/wp\/v2\/media\/23039"}],"wp:attachment":[{"href":"https:\/\/www.noleaky.com\/lt\/wp-json\/wp\/v2\/media?parent=22987"}],"wp:term":[{"taxonomy":"product_brand","embeddable":true,"href":"https:\/\/www.noleaky.com\/lt\/wp-json\/wp\/v2\/product_brand?post=22987"},{"taxonomy":"product_cat","embeddable":true,"href":"https:\/\/www.noleaky.com\/lt\/wp-json\/wp\/v2\/product_cat?post=22987"},{"taxonomy":"product_tag","embeddable":true,"href":"https:\/\/www.noleaky.com\/lt\/wp-json\/wp\/v2\/product_tag?post=22987"}],"curies":[{"name":"wp","href":"https:\/\/api.w.org\/{rel}","templated":true}]}}