{"id":22985,"date":"2025-06-02T15:48:58","date_gmt":"2025-06-02T13:48:58","guid":{"rendered":"https:\/\/www.noleaky.com\/products\/diesel-particulate-filter-and-turbo-cleaner\/"},"modified":"2026-03-01T17:05:42","modified_gmt":"2026-03-01T16:05:42","slug":"diesel-particulate-filter-and-turbo-cleaner","status":"publish","type":"product","link":"https:\/\/www.noleaky.com\/lt\/products\/diesel-particulate-filter-and-turbo-cleaner\/","title":{"rendered":"Kiet\u0173j\u0173 daleli\u0173 filtro ir turbinos valiklis"},"content":{"rendered":"<p><strong><img decoding=\"async\" style=\"margin-right: 12px;\" src=\"https:\/\/www.noleaky.com\/wp-content\/uploads\/2026\/02\/Check.svg\" alt=\"\" width=\"18\" height=\"15\" \/>Vienu kartu nuodugniai i\u0161valo dyzelino kiet\u0173j\u0173 daleli\u0173 filtr\u0105 ir turbokompresori\u0173.<\/strong> M\u016bs\u0173 dyzelino kiet\u0173j\u0173 daleli\u0173 filtro ir turbokompresoriaus valiklis specialiai sukurtas suod\u017eiams, anglies nuos\u0117doms ir degimo liku\u010diams, kurie kaupiasi dyzelino kiet\u0173j\u0173 daleli\u0173 filtre ir turbokompresoriaus sistemoje, pa\u0161alinti. Jis veikia per degal\u0173 sistem\u0105 ir palaipsniui valo svarbiausius komponentus jums va\u017eiuojant, atkurdamas oro sraut\u0105 ir variklio efektyvum\u0105 jo nei\u0161ardant.<\/p>\n<p><strong><img decoding=\"async\" style=\"margin-right: 12px;\" src=\"https:\/\/www.noleaky.com\/wp-content\/uploads\/2026\/02\/Check.svg\" alt=\"\" width=\"18\" height=\"15\" \/>Veiksmingiausias rinkoje dyzelino kiet\u0173j\u0173 daleli\u0173 filtro ir turbinos valymo sprendimas.<\/strong> D\u0117l pa\u017eangios katalizatoriaus ir ploviklio technologijos \u0161i formul\u0117 aktyviai ma\u017eina suod\u017ei\u0173 degimo temperat\u016br\u0105 ir grei\u010diau nei \u012fprasti priedai i\u0161tirpdo \u012fsisen\u0117jusias nuos\u0117das. Ji padeda optimaliai regeneruoti kiet\u0173j\u0173 daleli\u0173 filtr\u0105 ir pagerina turbinos veikim\u0105, o rezultatai yra matomi ir i\u0161matuojami.<\/p>\n<p><strong><img decoding=\"async\" style=\"margin-right: 12px;\" src=\"https:\/\/www.noleaky.com\/wp-content\/uploads\/2026\/02\/Check.svg\" alt=\"\" width=\"18\" height=\"15\" \/>Pigiausias profesionalams skirtas sprendimas.<\/strong> U\u017e konkurencingiausi\u0105 kain\u0105 u\u017etikriname dirbtuvi\u0173 lygio valymo na\u0161um\u0105. U\u017euot mok\u0117j\u0119 u\u017e brangi\u0105 priverstin\u0119 regeneracij\u0105 ar mechanin\u012f i\u0161montavim\u0105, galite atkurti sistemos efektyvum\u0105 u\u017e ma\u017eesn\u0119 kain\u0105.<\/p>\n<p><strong><img decoding=\"async\" style=\"margin-right: 12px;\" src=\"https:\/\/www.noleaky.com\/wp-content\/uploads\/2026\/02\/Check.svg\" alt=\"\" width=\"18\" height=\"15\" \/>Pristatymas 24 valandas per par\u0105, kad b\u016bt\u0173 kuo labiau suma\u017eintos transporto priemon\u0117s prastovos.<\/strong> Garantuojame pristatym\u0105 24 valandas per par\u0105, kad gal\u0117tum\u0117te greitai i\u0161spr\u0119sti \u012fsp\u0117jam\u0173j\u0173 lempu\u010di\u0173, suma\u017e\u0117jusios galios ar regeneracijos problemas. Greitas pristatymas u\u017etikrina, kad gal\u0117site veikti nedelsiant ir i\u0161vengti ilgalaiki\u0173 veikimo problem\u0173.<\/p>\n<p><strong><img decoding=\"async\" style=\"margin-right: 12px;\" src=\"https:\/\/www.noleaky.com\/wp-content\/uploads\/2026\/02\/Check.svg\" alt=\"\" width=\"18\" height=\"15\" \/>Pinig\u0173 gr\u0105\u017einimo garantija - visi\u0161kas pasitik\u0117jimas.<\/strong> Si\u016blome visi\u0161k\u0105 pinig\u0173 gr\u0105\u017einimo garantij\u0105. Jei nesate visi\u0161kai patenkinti m\u016bs\u0173 dyzelino kiet\u0173j\u0173 daleli\u0173 filtro ir turbokompresoriaus valiklio veikimu, gr\u0105\u017einsime pinigus u\u017e pirkin\u012f. J\u016bs\u0173 u\u017esakymas yra visi\u0161kai nerizikingas.<\/p>\n<p><strong><img decoding=\"async\" style=\"margin-right: 12px;\" src=\"https:\/\/www.noleaky.com\/wp-content\/uploads\/2026\/02\/Check.svg\" alt=\"\" width=\"18\" height=\"15\" \/>Atkuriama variklio galia ir pagreitis.<\/strong> D\u0117l u\u017esikim\u0161usio kiet\u0173j\u0173 daleli\u0173 filtro ir turbokompresoriaus su anglies dvideginio apribojimais suma\u017e\u0117ja oro srautas ir variklio reakcija. I\u0161valydami abi sistemas, m\u016bs\u0173 produktas padeda atkurti prarast\u0105 gali\u0105, skland\u017eiau \u012fsib\u0117g\u0117ti ir pagerinti bendr\u0105 va\u017eiavimo kokyb\u0119.<\/p>\n<p><strong><img decoding=\"async\" style=\"margin-right: 12px;\" src=\"https:\/\/www.noleaky.com\/wp-content\/uploads\/2026\/02\/Check.svg\" alt=\"\" width=\"18\" height=\"15\" \/>Palaiko tinkam\u0105 dyzelino kiet\u0173j\u0173 daleli\u0173 filtro regeneracij\u0105 ir apsaugo nuo u\u017esikim\u0161imo.<\/strong> Formul\u0117 padeda suma\u017einti suod\u017ei\u0173 u\u017esidegimo temperat\u016br\u0105, tod\u0117l pasyvaus ir aktyvaus regeneravimo ciklai tampa efektyvesni. Taip i\u0161vengiama ankstyvo u\u017esikim\u0161imo ir suma\u017e\u0117ja \u012fsp\u0117jam\u0173j\u0173 lempu\u010di\u0173 u\u017esidegimo da\u017enis.<\/p>\n<p><strong><img decoding=\"async\" style=\"margin-right: 12px;\" src=\"https:\/\/www.noleaky.com\/wp-content\/uploads\/2026\/02\/Check.svg\" alt=\"\" width=\"18\" height=\"15\" \/>Pagerina degal\u0173 naudojimo efektyvum\u0105 ir suma\u017eina s\u0105naudas.<\/strong> D\u0117l \u0161varesnio degimo ir geresnio i\u0161metam\u0173j\u0173 duj\u0173 srauto variklis veikia efektyviau, tod\u0117l ilgainiui gali suma\u017e\u0117ti degal\u0173 s\u0105naudos.<\/p>\n<p><strong><img decoding=\"async\" style=\"margin-right: 12px;\" src=\"https:\/\/www.noleaky.com\/wp-content\/uploads\/2026\/02\/Check.svg\" alt=\"\" width=\"18\" height=\"15\" \/>Suma\u017eina kenksming\u0173 i\u0161metam\u0173j\u0173 ter\u0161al\u0173 ir i\u0161metam\u0173j\u0173 duj\u0173 d\u016bm\u0173 kiek\u012f.<\/strong> Valydamas suod\u017ei\u0173 sankaupas ir gerindamas degimo kokyb\u0119, gaminys padeda suma\u017einti kiet\u0173j\u0173 daleli\u0173 emisij\u0105 ir u\u017etikrinti \u0161varesnes i\u0161metam\u0105sias dujas.<\/p>\n<p><strong><img decoding=\"async\" style=\"margin-right: 12px;\" src=\"https:\/\/www.noleaky.com\/wp-content\/uploads\/2026\/02\/Check.svg\" alt=\"\" width=\"18\" height=\"15\" \/>Paprastas u\u017epylimas \u012f rezervuar\u0105 ir profesional\u016bs rezultatai.<\/strong> Patogiai sukurtas valiklis pilamas tiesiai \u012f degal\u0173 bak\u0105 ir veikia automati\u0161kai \u012fprasto va\u017eiavimo metu. Nereikia joki\u0173 speciali\u0173 \u012franki\u0173, i\u0161montavimo ir sud\u0117ting\u0173 proced\u016br\u0173.<\/p>\n<h2><strong>Instrukcijos<\/strong><\/h2>\n<ul>\n<li>Prie\u0161 \u012fpilant produkto, \u012fsitikinkite, kad degal\u0173 bako lygis yra \u017eemas (geriausia, kad b\u016bt\u0173 ma\u017eesnis nei ketvirtadalis).<\/li>\n<li>Prie\u0161 naudodami buteliuk\u0105 kruop\u0161\u010diai suplakite.<\/li>\n<li>Vis\u0105 buteliuko turin\u012f supilkite tiesiai \u012f dyzelino bak\u0105.<\/li>\n<li>\u012epylus valiklio, pripilkite \u012f bak\u0105 dyzelini\u0173 degal\u0173, kad b\u016bt\u0173 u\u017etikrintas tinkamas praskiedimas ir sumai\u0161ymas.<\/li>\n<li>Vienas pilnas buteliukas tinka ma\u017edaug 50-70 litr\u0173 degal\u0173 bakui. Ma\u017eesniems bakams doz\u0119 reguliuokite proporcingai.<\/li>\n<li>Jei \u012fmanoma, va\u017eiuokite automobiliu bent 20-30 minu\u010di\u0173 pastoviu didesniu nei 2 000 min-1 grei\u010diu, kad b\u016bt\u0173 skatinamas veiksmingas valymas ir dyzelino kiet\u0173j\u0173 daleli\u0173 filtro regeneracija.<\/li>\n<li>Kad sistema pasiekt\u0173 optimali\u0105 darbin\u0119 temperat\u016br\u0105, gydymo laikotarpiu venkite trump\u0173 kelioni\u0173.<\/li>\n<li>Jei DPF \u012fsp\u0117jamoji lemput\u0117 u\u017esidega d\u0117l stipraus u\u017esikim\u0161imo, sunaudojus pirm\u0105 apdorot\u0105 bak\u0105, galima atlikti antr\u0105j\u012f apdorojim\u0105.<\/li>\n<li>Atlikdami profilaktin\u0119 technin\u0119 prie\u017ei\u016br\u0105, gamin\u012f naudokite kas 8000-15000 km, priklausomai nuo va\u017eiavimo s\u0105lyg\u0173.<\/li>\n<li>Nevir\u0161ykite rekomenduojamos doz\u0117s ir laikykite produkt\u0105 v\u0117sioje, sausoje vietoje, atokiau nuo tiesiogini\u0173 saul\u0117s spinduli\u0173 ir \u0161ilumos \u0161altini\u0173.<\/li>\n<\/ul>","protected":false},"excerpt":{"rendered":"<p>Deeply cleans the diesel particulate filter and turbocharger in one single treatment. Our diesel particulate filter and turbocharger cleaner is specially formulated to remove soot, carbon deposits, and combustion residues that accumulate in the diesel particulate filter and turbo system. It works through the fuel system to clean critical components progressively while you drive, restoring [&hellip;]<\/p>\n","protected":false},"featured_media":23035,"comment_status":"open","ping_status":"closed","template":"","meta":{"_uag_custom_page_level_css":"","site-sidebar-layout":"default","site-content-layout":"","ast-site-content-layout":"default","site-content-style":"default","site-sidebar-style":"default","ast-global-header-display":"","ast-banner-title-visibility":"","ast-main-header-display":"","ast-hfb-above-header-display":"","ast-hfb-below-header-display":"","ast-hfb-mobile-header-display":"","site-post-title":"","ast-breadcrumbs-content":"","ast-featured-img":"","footer-sml-layout":"","ast-disable-related-posts":"","theme-transparent-header-meta":"default","adv-header-id-meta":"","stick-header-meta":"","header-above-stick-meta":"","header-main-stick-meta":"","header-below-stick-meta":"","astra-migrate-meta-layouts":"set","ast-page-background-enabled":"default","ast-page-background-meta":{"desktop":{"background-color":"var(--ast-global-color-4)","background-image":"","background-repeat":"repeat","background-position":"center center","background-size":"auto","background-attachment":"scroll","background-type":"","background-media":"","overlay-type":"","overlay-color":"","overlay-opacity":"","overlay-gradient":""},"tablet":{"background-color":"","background-image":"","background-repeat":"repeat","background-position":"center center","background-size":"auto","background-attachment":"scroll","background-type":"","background-media":"","overlay-type":"","overlay-color":"","overlay-opacity":"","overlay-gradient":""},"mobile":{"background-color":"","background-image":"","background-repeat":"repeat","background-position":"center center","background-size":"auto","background-attachment":"scroll","background-type":"","background-media":"","overlay-type":"","overlay-color":"","overlay-opacity":"","overlay-gradient":""}},"ast-content-background-meta":{"desktop":{"background-color":"var(--ast-global-color-5)","background-image":"","background-repeat":"repeat","background-position":"center center","background-size":"auto","background-attachment":"scroll","background-type":"","background-media":"","overlay-type":"","overlay-color":"","overlay-opacity":"","overlay-gradient":""},"tablet":{"background-color":"var(--ast-global-color-5)","background-image":"","background-repeat":"repeat","background-position":"center center","background-size":"auto","background-attachment":"scroll","background-type":"","background-media":"","overlay-type":"","overlay-color":"","overlay-opacity":"","overlay-gradient":""},"mobile":{"background-color":"var(--ast-global-color-5)","background-image":"","background-repeat":"repeat","background-position":"center center","background-size":"auto","background-attachment":"scroll","background-type":"","background-media":"","overlay-type":"","overlay-color":"","overlay-opacity":"","overlay-gradient":""}}},"product_brand":[],"product_cat":[176],"product_tag":[],"class_list":{"0":"post-22985","1":"product","2":"type-product","3":"status-publish","4":"has-post-thumbnail","6":"product_cat-automotive","7":"desktop-align-left","8":"tablet-align-left","9":"mobile-align-left","11":"first","12":"instock","13":"shipping-taxable","14":"purchasable","15":"product-type-simple"},"spectra_custom_meta":{"_visibility":["visible"],"_shopify_product_id":["7960299241692"],"_s2w_shopify_domain":["noleaky.myshopify.com"],"_shopify_variant_id":["43735152034012"],"_sku":["NLDIESELPARTICULATEFILTERTURBOCLEANER"],"_regular_price":["19.90"],"_price":["19.90"],"_sale_price":[""],"_weight":["0.35"],"_thumbnail_id":["23035"],"_global_unique_id":["5056773800649"],"total_sales":["250"],"_tax_status":["taxable"],"_tax_class":[""],"_manage_stock":["no"],"_backorders":["no"],"_sold_individually":["no"],"_virtual":["no"],"_downloadable":["no"],"_download_limit":["-1"],"_download_expiry":["-1"],"_stock":[null],"_stock_status":["instock"],"_wc_average_rating":["4.96"],"_wc_review_count":["72"],"_product_version":["10.5.2"],"_edit_lock":["1772381039:1"],"merchant-center-availability":["yes"],"merchant-center-category":["2788"],"merchant-center-id":["DPFTC"],"_edit_last":["1"],"_wp_page_template":["default"],"site-sidebar-layout":["default"],"ast-site-content-layout":["default"],"site-content-style":["default"],"site-sidebar-style":["default"],"theme-transparent-header-meta":["default"],"_wc_rating_count":["a:2:{i:4;i:3;i:5;i:69;}"],"_upsell_ids":["a:3:{i:0;i:22975;i:1;i:22986;i:2;i:23011;}"],"_crosssell_ids":["a:3:{i:0;i:22975;i:1;i:22986;i:2;i:23011;}"],"astra-migrate-meta-layouts":["set"],"_uag_css_file_name":["uag-css-22985.css"],"_elementor_page_assets":["a:0:{}"],"_uag_page_assets":["a:9:{s:3:\"css\";s:6893:\".wp-block-uagb-image{display:flex}.wp-block-uagb-image__figure{position:relative;display:flex;flex-direction:column;max-width:100%;height:auto;margin:0}.wp-block-uagb-image__figure img{height:auto;display:flex;max-width:100%;transition:box-shadow 0.2s ease}.wp-block-uagb-image__figure>a{display:inline-block}.wp-block-uagb-image__figure figcaption{text-align:center;margin-top:0.5em;margin-bottom:1em}.wp-block-uagb-image .components-placeholder.block-editor-media-placeholder .components-placeholder__instructions{align-self:center}.wp-block-uagb-image--align-left{text-align:left}.wp-block-uagb-image--align-right{text-align:right}.wp-block-uagb-image--align-center{text-align:center}.wp-block-uagb-image--align-full .wp-block-uagb-image__figure{margin-left:calc(50% - 50vw);margin-right:calc(50% - 50vw);max-width:100vw;width:100vw;height:auto}.wp-block-uagb-image--align-full .wp-block-uagb-image__figure img{height:auto;width:100% !important}.wp-block-uagb-image--align-wide .wp-block-uagb-image__figure img{height:auto;width:100%}.wp-block-uagb-image--layout-overlay__color-wrapper{position:absolute;left:0;top:0;right:0;bottom:0;opacity:0.2;background:rgba(0,0,0,0.5);transition:opacity 0.35s ease-in-out}.wp-block-uagb-image--layout-overlay-link{position:absolute;left:0;right:0;bottom:0;top:0}.wp-block-uagb-image--layout-overlay .wp-block-uagb-image__figure:hover .wp-block-uagb-image--layout-overlay__color-wrapper{opacity:1}.wp-block-uagb-image--layout-overlay__inner{position:absolute;left:15px;right:15px;bottom:15px;top:15px;display:flex;align-items:center;justify-content:center;flex-direction:column;border-color:#fff;transition:0.35s ease-in-out}.wp-block-uagb-image--layout-overlay__inner.top-left,.wp-block-uagb-image--layout-overlay__inner.top-center,.wp-block-uagb-image--layout-overlay__inner.top-right{justify-content:flex-start}.wp-block-uagb-image--layout-overlay__inner.bottom-left,.wp-block-uagb-image--layout-overlay__inner.bottom-center,.wp-block-uagb-image--layout-overlay__inner.bottom-right{justify-content:flex-end}.wp-block-uagb-image--layout-overlay__inner.top-left,.wp-block-uagb-image--layout-overlay__inner.center-left,.wp-block-uagb-image--layout-overlay__inner.bottom-left{align-items:flex-start}.wp-block-uagb-image--layout-overlay__inner.top-right,.wp-block-uagb-image--layout-overlay__inner.center-right,.wp-block-uagb-image--layout-overlay__inner.bottom-right{align-items:flex-end}.wp-block-uagb-image--layout-overlay__inner .uagb-image-heading{color:#fff;transition:transform 0.35s, opacity 0.35s ease-in-out;transform:translate3d(0, 24px, 0);margin:0;line-height:1em}.wp-block-uagb-image--layout-overlay__inner .uagb-image-separator{width:30%;border-top-width:2px;border-top-color:#fff;border-top-style:solid;margin-bottom:10px;opacity:0;transition:transform 0.4s, opacity 0.4s ease-in-out;transform:translate3d(0, 30px, 0)}.wp-block-uagb-image--layout-overlay__inner .uagb-image-caption{opacity:0;overflow:visible;color:#fff;transition:transform 0.45s, opacity 0.45s ease-in-out;transform:translate3d(0, 35px, 0)}.wp-block-uagb-image--layout-overlay__inner:hover .uagb-image-heading,.wp-block-uagb-image--layout-overlay__inner:hover .uagb-image-separator,.wp-block-uagb-image--layout-overlay__inner:hover .uagb-image-caption{opacity:1;transform:translate3d(0, 0, 0)}.wp-block-uagb-image--effect-zoomin .wp-block-uagb-image__figure img,.wp-block-uagb-image--effect-zoomin .wp-block-uagb-image__figure .wp-block-uagb-image--layout-overlay__color-wrapper{transform:scale(1);transition:transform 0.35s ease-in-out}.wp-block-uagb-image--effect-zoomin .wp-block-uagb-image__figure:hover img,.wp-block-uagb-image--effect-zoomin .wp-block-uagb-image__figure:hover .wp-block-uagb-image--layout-overlay__color-wrapper{transform:scale(1.05)}.wp-block-uagb-image--effect-slide .wp-block-uagb-image__figure img,.wp-block-uagb-image--effect-slide .wp-block-uagb-image__figure .wp-block-uagb-image--layout-overlay__color-wrapper{width:calc(100% + 40px) !important;max-width:none !important;transform:translate3d(-40px, 0, 0);transition:transform 0.35s ease-in-out}.wp-block-uagb-image--effect-slide .wp-block-uagb-image__figure:hover img,.wp-block-uagb-image--effect-slide .wp-block-uagb-image__figure:hover .wp-block-uagb-image--layout-overlay__color-wrapper{transform:translate3d(0, 0, 0)}.wp-block-uagb-image--effect-grayscale img{filter:grayscale(0%);transition:0.35s ease-in-out}.wp-block-uagb-image--effect-grayscale:hover img{filter:grayscale(100%)}.wp-block-uagb-image--effect-blur img{filter:blur(0);transition:0.35s ease-in-out}.wp-block-uagb-image--effect-blur:hover img{filter:blur(3px)}\n.uagb-block-e6f939b3.wp-block-uagb-image--layout-default figure img{box-shadow: 0px 0px 0 #00000070;}.uagb-block-e6f939b3.wp-block-uagb-image .wp-block-uagb-image__figure figcaption{font-style: normal;align-self: center;}.uagb-block-e6f939b3.wp-block-uagb-image--layout-overlay figure img{box-shadow: 0px 0px 0 #00000070;}.uagb-block-e6f939b3.wp-block-uagb-image--layout-overlay .wp-block-uagb-image--layout-overlay__color-wrapper{opacity: 0.2;}.uagb-block-e6f939b3.wp-block-uagb-image--layout-overlay .wp-block-uagb-image--layout-overlay__inner{left: 15px;right: 15px;top: 15px;bottom: 15px;}.uagb-block-e6f939b3.wp-block-uagb-image--layout-overlay .wp-block-uagb-image--layout-overlay__inner .uagb-image-heading{font-style: normal;color: #fff;opacity: 1;}.uagb-block-e6f939b3.wp-block-uagb-image--layout-overlay .wp-block-uagb-image--layout-overlay__inner .uagb-image-heading a{color: #fff;}.uagb-block-e6f939b3.wp-block-uagb-image--layout-overlay .wp-block-uagb-image--layout-overlay__inner .uagb-image-caption{opacity: 0;}.uagb-block-e6f939b3.wp-block-uagb-image--layout-overlay .wp-block-uagb-image__figure:hover .wp-block-uagb-image--layout-overlay__color-wrapper{opacity: 1;}.uagb-block-e6f939b3.wp-block-uagb-image .wp-block-uagb-image--layout-overlay__inner .uagb-image-separator{width: 30%;border-top-width: 2px;border-top-color: #fff;opacity: 0;}.uagb-block-e6f939b3.wp-block-uagb-image .wp-block-uagb-image__figure img{width: px;height: auto;}.uagb-block-e6f939b3.wp-block-uagb-image .wp-block-uagb-image__figure:hover .wp-block-uagb-image--layout-overlay__inner .uagb-image-caption{opacity: 1;}.uagb-block-e6f939b3.wp-block-uagb-image .wp-block-uagb-image__figure:hover .wp-block-uagb-image--layout-overlay__inner .uagb-image-separator{opacity: 1;}.uagb-block-e6f939b3.wp-block-uagb-image--layout-default figure:hover img{box-shadow: 0px 0px 0 #00000070;}.uagb-block-e6f939b3.wp-block-uagb-image--layout-overlay figure:hover img{box-shadow: 0px 0px 0 #00000070;}@media only screen and (max-width: 976px) {.uagb-block-e6f939b3.wp-block-uagb-image .wp-block-uagb-image__figure img{width: px;height: auto;}}@media only screen and (max-width: 767px) {.uagb-block-e6f939b3.wp-block-uagb-image .wp-block-uagb-image__figure img{width: px;height: auto;}}\";s:2:\"js\";s:0:\"\";s:18:\"current_block_list\";a:13:{i:0;s:11:\"core\/search\";i:1;s:10:\"core\/group\";i:2;s:12:\"core\/heading\";i:3;s:17:\"core\/latest-posts\";i:4;s:20:\"core\/latest-comments\";i:5;s:13:\"core\/archives\";i:6;s:15:\"core\/categories\";i:7;s:14:\"core\/paragraph\";i:8;s:10:\"uagb\/image\";i:9;s:11:\"core\/spacer\";i:10;s:30:\"woocommerce\/product-categories\";i:11;s:10:\"core\/image\";i:12;s:14:\"core\/shortcode\";}s:8:\"uag_flag\";b:1;s:11:\"uag_version\";s:10:\"1776746291\";s:6:\"gfonts\";a:0:{}s:10:\"gfonts_url\";s:0:\"\";s:12:\"gfonts_files\";a:0:{}s:14:\"uag_faq_layout\";b:0;}"]},"uagb_featured_image_src":{"full":["https:\/\/www.noleaky.com\/wp-content\/uploads\/2025\/06\/2.f.Particulate-filter-_-turbo-cleaner_4000x4000_7a6e58d8-cefd-4b95-9bed-681dabdf47fb.png",2560,2560,false],"thumbnail":["https:\/\/www.noleaky.com\/wp-content\/uploads\/2025\/06\/2.f.Particulate-filter-_-turbo-cleaner_4000x4000_7a6e58d8-cefd-4b95-9bed-681dabdf47fb-150x150.png",150,150,true],"medium":["https:\/\/www.noleaky.com\/wp-content\/uploads\/2025\/06\/2.f.Particulate-filter-_-turbo-cleaner_4000x4000_7a6e58d8-cefd-4b95-9bed-681dabdf47fb-300x300.png",300,300,true],"medium_large":["https:\/\/www.noleaky.com\/wp-content\/uploads\/2025\/06\/2.f.Particulate-filter-_-turbo-cleaner_4000x4000_7a6e58d8-cefd-4b95-9bed-681dabdf47fb-768x768.png",768,768,true],"large":["https:\/\/www.noleaky.com\/wp-content\/uploads\/2025\/06\/2.f.Particulate-filter-_-turbo-cleaner_4000x4000_7a6e58d8-cefd-4b95-9bed-681dabdf47fb-1024x1024.png",1024,1024,true],"1536x1536":["https:\/\/www.noleaky.com\/wp-content\/uploads\/2025\/06\/2.f.Particulate-filter-_-turbo-cleaner_4000x4000_7a6e58d8-cefd-4b95-9bed-681dabdf47fb-1536x1536.png",1536,1536,true],"2048x2048":["https:\/\/www.noleaky.com\/wp-content\/uploads\/2025\/06\/2.f.Particulate-filter-_-turbo-cleaner_4000x4000_7a6e58d8-cefd-4b95-9bed-681dabdf47fb-2048x2048.png",2048,2048,true],"trp-custom-language-flag":["https:\/\/www.noleaky.com\/wp-content\/uploads\/2025\/06\/2.f.Particulate-filter-_-turbo-cleaner_4000x4000_7a6e58d8-cefd-4b95-9bed-681dabdf47fb-12x12.png",12,12,true],"woocommerce_thumbnail":["https:\/\/www.noleaky.com\/wp-content\/uploads\/2025\/06\/2.f.Particulate-filter-_-turbo-cleaner_4000x4000_7a6e58d8-cefd-4b95-9bed-681dabdf47fb-300x300.png",300,300,true],"woocommerce_single":["https:\/\/www.noleaky.com\/wp-content\/uploads\/2025\/06\/2.f.Particulate-filter-_-turbo-cleaner_4000x4000_7a6e58d8-cefd-4b95-9bed-681dabdf47fb-600x600.png",600,600,true],"woocommerce_gallery_thumbnail":["https:\/\/www.noleaky.com\/wp-content\/uploads\/2025\/06\/2.f.Particulate-filter-_-turbo-cleaner_4000x4000_7a6e58d8-cefd-4b95-9bed-681dabdf47fb-100x100.png",100,100,true]},"uagb_author_info":{"display_name":"admin","author_link":"https:\/\/www.noleaky.com\/lt\/author\/"},"uagb_comment_info":72,"uagb_excerpt":"Deeply cleans the diesel particulate filter and turbocharger in one single treatment. Our diesel particulate filter and turbocharger cleaner is specially formulated to remove soot, carbon deposits, and combustion residues that accumulate in the diesel particulate filter and turbo system. It works through the fuel system to clean critical components progressively while you drive, restoring&hellip;","_links":{"self":[{"href":"https:\/\/www.noleaky.com\/lt\/wp-json\/wp\/v2\/product\/22985","targetHints":{"allow":["GET"]}}],"collection":[{"href":"https:\/\/www.noleaky.com\/lt\/wp-json\/wp\/v2\/product"}],"about":[{"href":"https:\/\/www.noleaky.com\/lt\/wp-json\/wp\/v2\/types\/product"}],"replies":[{"embeddable":true,"href":"https:\/\/www.noleaky.com\/lt\/wp-json\/wp\/v2\/comments?post=22985"}],"version-history":[{"count":4,"href":"https:\/\/www.noleaky.com\/lt\/wp-json\/wp\/v2\/product\/22985\/revisions"}],"predecessor-version":[{"id":33295,"href":"https:\/\/www.noleaky.com\/lt\/wp-json\/wp\/v2\/product\/22985\/revisions\/33295"}],"wp:featuredmedia":[{"embeddable":true,"href":"https:\/\/www.noleaky.com\/lt\/wp-json\/wp\/v2\/media\/23035"}],"wp:attachment":[{"href":"https:\/\/www.noleaky.com\/lt\/wp-json\/wp\/v2\/media?parent=22985"}],"wp:term":[{"taxonomy":"product_brand","embeddable":true,"href":"https:\/\/www.noleaky.com\/lt\/wp-json\/wp\/v2\/product_brand?post=22985"},{"taxonomy":"product_cat","embeddable":true,"href":"https:\/\/www.noleaky.com\/lt\/wp-json\/wp\/v2\/product_cat?post=22985"},{"taxonomy":"product_tag","embeddable":true,"href":"https:\/\/www.noleaky.com\/lt\/wp-json\/wp\/v2\/product_tag?post=22985"}],"curies":[{"name":"wp","href":"https:\/\/api.w.org\/{rel}","templated":true}]}}