{"id":23028,"date":"2025-06-02T15:49:29","date_gmt":"2025-06-02T13:49:29","guid":{"rendered":"https:\/\/www.noleaky.com\/products\/tank-sealer\/"},"modified":"2026-03-01T15:07:02","modified_gmt":"2026-03-01T14:07:02","slug":"tank-sealer","status":"publish","type":"product","link":"https:\/\/www.noleaky.com\/hu\/products\/tank-sealer\/","title":{"rendered":"\u00dczemanyagtart\u00e1ly stop sziv\u00e1rg\u00e1s folyad\u00e9k"},"content":{"rendered":"<p><strong><img decoding=\"async\" style=\"margin-right: 12px;\" src=\"https:\/\/www.noleaky.com\/wp-content\/uploads\/2026\/02\/Check.svg\" alt=\"\" width=\"18\" height=\"15\" \/>Az \u00fczemanyagtart\u00e1ly sziv\u00e1rg\u00e1s\u00e1nak k\u00fcls\u0151 t\u00f6m\u00edt\u00e9se a tart\u00e1ly elt\u00e1vol\u00edt\u00e1sa n\u00e9lk\u00fcl.<\/strong> \u00dczemanyagtart\u00e1ly sziv\u00e1rg\u00e1sg\u00e1tl\u00f3 folyad\u00e9kunk speci\u00e1lisan arra lett kifejlesztve, hogy a sziv\u00e1rg\u00e1st a tart\u00e1ly k\u00fcls\u0151 oldal\u00e1n, k\u00f6zvetlen\u00fcl a s\u00e9r\u00fcl\u00e9s hely\u00e9n t\u00f6m\u00edtse el. Nem kell az \u00fczemanyagrendszerbe \u00f6nteni, \u00edgy biztons\u00e1gos \u00e9s c\u00e9lzott megold\u00e1s a reped\u00e9sek, lyukak \u00e9s kisebb perfor\u00e1ci\u00f3k jav\u00edt\u00e1s\u00e1ra a j\u00e1rm\u0171 sz\u00e9tszerel\u00e9se n\u00e9lk\u00fcl.<\/p>\n<p><strong><img decoding=\"async\" style=\"margin-right: 12px;\" src=\"https:\/\/www.noleaky.com\/wp-content\/uploads\/2026\/02\/Check.svg\" alt=\"\" width=\"18\" height=\"15\" \/>Az el\u00e9rhet\u0151 leghat\u00e9konyabb k\u00fcls\u0151 \u00fczemanyagtart\u00e1ly-t\u00f6m\u00edt\u00e9si megold\u00e1s.<\/strong> Ez a leghat\u00e9konyabb \u00fczemanyagtart\u00e1ly sziv\u00e1rg\u00e1sg\u00e1tl\u00f3 folyad\u00e9k a kateg\u00f3ri\u00e1j\u00e1ban. Fejlett k\u00f6t\u00e9si technol\u00f3gi\u00e1ja er\u0151sen tapad a f\u00e9mfel\u00fcletekre, \u00e9s tart\u00f3s, \u00fczemanyag\u00e1ll\u00f3 t\u00f6m\u00edt\u00e9st k\u00e9pez, amely ellen\u00e1ll a rezg\u00e9snek, a nyom\u00e1snak \u00e9s a h\u0151m\u00e9rs\u00e9klet-ingadoz\u00e1soknak.<\/p>\n<p><strong><img decoding=\"async\" style=\"margin-right: 12px;\" src=\"https:\/\/www.noleaky.com\/wp-content\/uploads\/2026\/02\/Check.svg\" alt=\"\" width=\"18\" height=\"15\" \/>Az \u00fczemanyagtart\u00e1ly cser\u00e9j\u00e9nek legolcs\u00f3bb alternat\u00edv\u00e1ja.<\/strong> Az \u00fczemanyagtart\u00e1ly cser\u00e9je k\u00f6lts\u00e9ges \u00e9s id\u0151ig\u00e9nyes lehet. Term\u00e9k\u00fcnk a legolcs\u00f3bb professzion\u00e1lis min\u0151s\u00e9g\u0171 megold\u00e1s a piacon, amely megb\u00edzhat\u00f3 k\u00fcls\u0151 t\u00f6m\u00edt\u00e9si teljes\u00edtm\u00e9nyt ny\u00fajt a tart\u00e1ly elt\u00e1vol\u00edt\u00e1s\u00e1val vagy cser\u00e9j\u00e9vel j\u00e1r\u00f3 magas munka- \u00e9s alkatr\u00e9szk\u00f6lts\u00e9gek n\u00e9lk\u00fcl.<\/p>\n<p><strong><img decoding=\"async\" style=\"margin-right: 12px;\" src=\"https:\/\/www.noleaky.com\/wp-content\/uploads\/2026\/02\/Check.svg\" alt=\"\" width=\"18\" height=\"15\" \/>Garant\u00e1ltan 24 \u00f3r\u00e1s sz\u00e1ll\u00edt\u00e1s a s\u00fcrg\u0151s sziv\u00e1rg\u00e1sjav\u00edt\u00e1shoz.<\/strong> Az \u00fczemanyagsziv\u00e1rg\u00e1s azonnali figyelmet ig\u00e9nyel. Ez\u00e9rt garant\u00e1ljuk a 24 \u00f3r\u00e1s kisz\u00e1ll\u00edt\u00e1st, \u00edgy biztos\u00edtva, hogy gyorsan orvosolni tudja a probl\u00e9m\u00e1t, \u00e9s cs\u00f6kkentheti a tov\u00e1bbi sziv\u00e1rg\u00e1s vagy a j\u00e1rm\u0171 le\u00e1ll\u00e1s\u00e1nak kock\u00e1zat\u00e1t.<\/p>\n<p><strong><img decoding=\"async\" style=\"margin-right: 12px;\" src=\"https:\/\/www.noleaky.com\/wp-content\/uploads\/2026\/02\/Check.svg\" alt=\"\" width=\"18\" height=\"15\" \/>P\u00e9nzvisszafizet\u00e9si garancia a teljes bizalom\u00e9rt.<\/strong> Ki\u00e1llunk az \u00fczemanyagtart\u00e1ly sziv\u00e1rg\u00e1sg\u00e1tl\u00f3 folyad\u00e9kunk teljes\u00edtm\u00e9nye m\u00f6g\u00f6tt. Ha nem el\u00e9gedett az eredm\u00e9nnyel, p\u00e9nzvisszafizet\u00e9si garanci\u00e1t v\u00e1llalunk. Egyszer\u0171en vegye fel vel\u00fcnk a kapcsolatot, \u00e9s mi visszat\u00e9r\u00edtj\u00fck a v\u00e9tel\u00e1rat, \u00edgy a beruh\u00e1z\u00e1sa teljesen kock\u00e1zatmentes.<\/p>\n<p><strong><img decoding=\"async\" style=\"margin-right: 12px;\" src=\"https:\/\/www.noleaky.com\/wp-content\/uploads\/2026\/02\/Check.svg\" alt=\"\" width=\"18\" height=\"15\" \/>Er\u0151s, \u00fczemanyag\u00e1ll\u00f3 k\u00fcls\u0151 t\u00f6m\u00edt\u00e9st k\u00e9pez.<\/strong> A felhord\u00e1s ut\u00e1n a folyad\u00e9k robusztus v\u00e9d\u0151r\u00e9tegg\u00e9 kem\u00e9nyedik, amely ellen\u00e1ll a benzinnek \u00e9s a g\u00e1zolajnak val\u00f3 kitetts\u00e9gnek. Hosszan tart\u00f3 g\u00e1tat k\u00e9pez a s\u00e9r\u00fclt ter\u00fcleten, megakad\u00e1lyozva a tov\u00e1bbi sziv\u00e1rg\u00e1st.<\/p>\n<p><strong><img decoding=\"async\" style=\"margin-right: 12px;\" src=\"https:\/\/www.noleaky.com\/wp-content\/uploads\/2026\/02\/Check.svg\" alt=\"\" width=\"18\" height=\"15\" \/>Ide\u00e1lis kis reped\u00e9sek, lyukak \u00e9s kisebb korr\u00f3zi\u00f3s s\u00e9r\u00fcl\u00e9sek eset\u00e9n.<\/strong> A term\u00e9ket kifejezetten az \u00fczemanyagtart\u00e1lyok k\u00fcls\u0151 fel\u00fclet\u00e9n keletkezett helyi s\u00e9r\u00fcl\u00e9sek kezel\u00e9s\u00e9re tervezt\u00e9k, helyre\u00e1ll\u00edtva az integrit\u00e1st an\u00e9lk\u00fcl, hogy beavatkozna mag\u00e1ba az \u00fczemanyagrendszerbe.<\/p>\n<p><strong><img decoding=\"async\" style=\"margin-right: 12px;\" src=\"https:\/\/www.noleaky.com\/wp-content\/uploads\/2026\/02\/Check.svg\" alt=\"\" width=\"18\" height=\"15\" \/>Nem kell a tart\u00e1lyba \u00f6nteni vagy az \u00fczemanyagot szennyezni.<\/strong> A bels\u0151 t\u00f6m\u00edt\u0151anyagokkal ellent\u00e9tben ez a term\u00e9k szigor\u00faan k\u00fcls\u0151 alkalmaz\u00e1sra szolg\u00e1l. K\u00f6zvetlen\u00fcl a tart\u00e1ly k\u00fcls\u0151 oldal\u00e1n, a sziv\u00e1rg\u00e1s hely\u00e9n kell alkalmazni, biztos\u00edtva, hogy a tart\u00e1lyban l\u00e9v\u0151 \u00fczemanyagot ne \u00e9rintse.<\/p>\n<p><strong><img decoding=\"async\" style=\"margin-right: 12px;\" src=\"https:\/\/www.noleaky.com\/wp-content\/uploads\/2026\/02\/Check.svg\" alt=\"\" width=\"18\" height=\"15\" \/>Alkalmas k\u00fcl\u00f6nb\u00f6z\u0151 j\u00e1rm\u0171vek f\u00e9m \u00fczemanyagtart\u00e1lyaihoz.<\/strong> Kompatibilis a szem\u00e9lyg\u00e9pkocsikban, furgonokban, teheraut\u00f3kban \u00e9s m\u00e1s j\u00e1rm\u0171vekben haszn\u00e1lt sz\u00e1mos szabv\u00e1nyos f\u00e9m \u00fczemanyagtart\u00e1llyal, ha megfelel\u0151en alkalmazz\u00e1k a tiszta \u00e9s el\u0151k\u00e9sz\u00edtett fel\u00fcletekre.<\/p>\n<p><strong><img decoding=\"async\" style=\"margin-right: 12px;\" src=\"https:\/\/www.noleaky.com\/wp-content\/uploads\/2026\/02\/Check.svg\" alt=\"\" width=\"18\" height=\"15\" \/>Cs\u00f6kkenti az \u00e1ll\u00e1sid\u0151t \u00e9s meghosszabb\u00edtja a tart\u00e1ly \u00e9lettartam\u00e1t.<\/strong> A term\u00e9k a sziv\u00e1rg\u00e1sok gyors \u00e9s hat\u00e9kony t\u00f6m\u00edt\u00e9s\u00e9vel seg\u00edt meghosszabb\u00edtani az \u00fczemanyagtart\u00e1ly hasznos \u00e9lettartam\u00e1t, \u00e9s elker\u00fclhet\u0151v\u00e9 teszi az azonnali, k\u00f6lts\u00e9ges cser\u00e9t.<\/p>\n<h2><strong>Utas\u00edt\u00e1sok<\/strong><\/h2>\n<ul>\n<li>A jav\u00edt\u00e1s megkezd\u00e9se el\u0151tt gy\u0151z\u0151dj\u00f6n meg arr\u00f3l, hogy a j\u00e1rm\u0171 motorja le van \u00e1ll\u00edtva \u00e9s teljesen kih\u0171lt.<\/li>\n<li>J\u00f3l szell\u0151z\u0151 helyen, ny\u00edlt l\u00e1ngt\u00f3l vagy gy\u00fajt\u00f3forr\u00e1st\u00f3l t\u00e1vol dolgozzon.<\/li>\n<li>Hat\u00e1rozza meg a sziv\u00e1rg\u00e1s pontos hely\u00e9t az \u00fczemanyagtart\u00e1ly k\u00fcls\u0151 oldal\u00e1n.<\/li>\n<li>Sz\u00fcks\u00e9g eset\u00e9n engedje le vagy cs\u00f6kkentse az \u00fczemanyagszintet a sziv\u00e1rg\u00e1s szintje al\u00e1, hogy megakad\u00e1lyozza az akt\u00edv sziv\u00e1rg\u00e1st az alkalmaz\u00e1s sor\u00e1n.<\/li>\n<li>Alaposan tiszt\u00edtsa meg a s\u00e9r\u00fclt ter\u00fcletet. Csiszol\u00f3pap\u00edrral vagy dr\u00f3tkef\u00e9vel t\u00e1vol\u00edtsa el a szennyez\u0151d\u00e9seket, zs\u00edrt, rozsd\u00e1t, fest\u00e9ket \u00e9s laza t\u00f6rmel\u00e9ket.<\/li>\n<li>A term\u00e9k felvitele el\u0151tt zs\u00edrtalan\u00edtsa a fel\u00fcletet, \u00e9s hagyja teljesen megsz\u00e1radni.<\/li>\n<li>Haszn\u00e1lat el\u0151tt alaposan r\u00e1zza fel az \u00fczemanyagtart\u00e1ly sziv\u00e1rg\u00e1sg\u00e1tl\u00f3 folyad\u00e9k\u00e1t.<\/li>\n<li>Vigye fel a term\u00e9ket k\u00f6zvetlen\u00fcl a k\u00fcls\u0151 fel\u00fcletre a sziv\u00e1rg\u00e1s hely\u00e9n, biztos\u00edtva a s\u00e9r\u00fclt ter\u00fclet teljes lefedetts\u00e9g\u00e9t \u00e9s kiss\u00e9 t\u00fal a sz\u00e9leken.<\/li>\n<li>A tart\u00e1ly teljes felt\u00f6lt\u00e9se vagy a j\u00e1rm\u0171 \u00fczemeltet\u00e9se el\u0151tt hagyja, hogy a term\u00e9k a megadott sz\u00e1rad\u00e1si id\u0151nek megfelel\u0151en megszil\u00e1rduljon.<\/li>\n<li>Ellen\u0151rizze a jav\u00edtott ter\u00fcletet a kikem\u00e9nyed\u00e9s ut\u00e1n, hogy a sziv\u00e1rg\u00e1s teljesen elz\u00e1r\u00f3dott-e, miel\u0151tt a j\u00e1rm\u0171vet \u00fajra norm\u00e1l haszn\u00e1latba venn\u00e9.<\/li>\n<\/ul>","protected":false},"excerpt":{"rendered":"<p>Seals fuel tank leaks externally without removing the tank. Our fuel tank stop leak fluid is specially formulated to seal leaks from the outside of the tank, directly at the point of damage. It does not require pouring into the fuel system, making it a safe and targeted solution for repairing cracks, pinholes, and small [&hellip;]<\/p>\n","protected":false},"featured_media":23100,"comment_status":"open","ping_status":"closed","template":"","meta":{"_uag_custom_page_level_css":"","site-sidebar-layout":"default","site-content-layout":"","ast-site-content-layout":"default","site-content-style":"default","site-sidebar-style":"default","ast-global-header-display":"","ast-banner-title-visibility":"","ast-main-header-display":"","ast-hfb-above-header-display":"","ast-hfb-below-header-display":"","ast-hfb-mobile-header-display":"","site-post-title":"","ast-breadcrumbs-content":"","ast-featured-img":"","footer-sml-layout":"","ast-disable-related-posts":"","theme-transparent-header-meta":"default","adv-header-id-meta":"","stick-header-meta":"","header-above-stick-meta":"","header-main-stick-meta":"","header-below-stick-meta":"","astra-migrate-meta-layouts":"set","ast-page-background-enabled":"default","ast-page-background-meta":{"desktop":{"background-color":"var(--ast-global-color-4)","background-image":"","background-repeat":"repeat","background-position":"center center","background-size":"auto","background-attachment":"scroll","background-type":"","background-media":"","overlay-type":"","overlay-color":"","overlay-opacity":"","overlay-gradient":""},"tablet":{"background-color":"","background-image":"","background-repeat":"repeat","background-position":"center center","background-size":"auto","background-attachment":"scroll","background-type":"","background-media":"","overlay-type":"","overlay-color":"","overlay-opacity":"","overlay-gradient":""},"mobile":{"background-color":"","background-image":"","background-repeat":"repeat","background-position":"center center","background-size":"auto","background-attachment":"scroll","background-type":"","background-media":"","overlay-type":"","overlay-color":"","overlay-opacity":"","overlay-gradient":""}},"ast-content-background-meta":{"desktop":{"background-color":"var(--ast-global-color-5)","background-image":"","background-repeat":"repeat","background-position":"center center","background-size":"auto","background-attachment":"scroll","background-type":"","background-media":"","overlay-type":"","overlay-color":"","overlay-opacity":"","overlay-gradient":""},"tablet":{"background-color":"var(--ast-global-color-5)","background-image":"","background-repeat":"repeat","background-position":"center center","background-size":"auto","background-attachment":"scroll","background-type":"","background-media":"","overlay-type":"","overlay-color":"","overlay-opacity":"","overlay-gradient":""},"mobile":{"background-color":"var(--ast-global-color-5)","background-image":"","background-repeat":"repeat","background-position":"center center","background-size":"auto","background-attachment":"scroll","background-type":"","background-media":"","overlay-type":"","overlay-color":"","overlay-opacity":"","overlay-gradient":""}}},"product_brand":[],"product_cat":[176],"product_tag":[],"class_list":{"0":"post-23028","1":"product","2":"type-product","3":"status-publish","4":"has-post-thumbnail","6":"product_cat-automotive","7":"desktop-align-left","8":"tablet-align-left","9":"mobile-align-left","11":"first","12":"instock","13":"shipping-taxable","14":"purchasable","15":"product-type-simple"},"spectra_custom_meta":{"_visibility":["visible"],"_shopify_product_id":["7960312053980"],"_s2w_shopify_domain":["noleaky.myshopify.com"],"_shopify_variant_id":["43735174643932"],"_sku":["NLTANKSEALER"],"_regular_price":["29.90"],"_price":["29.90"],"_sale_price":[""],"_weight":["0.45"],"_thumbnail_id":["23100"],"_global_unique_id":["5056773800946"],"total_sales":["67"],"_tax_status":["taxable"],"_tax_class":[""],"_manage_stock":["no"],"_backorders":["no"],"_sold_individually":["no"],"_virtual":["no"],"_downloadable":["no"],"_download_limit":["-1"],"_download_expiry":["-1"],"_stock":[null],"_stock_status":["instock"],"_wc_average_rating":["4.95"],"_wc_review_count":["82"],"_product_version":["10.5.2"],"_edit_lock":["1772613429:1095"],"merchant-center-availability":["yes"],"merchant-center-category":["2788"],"merchant-center-id":["TR"],"_edit_last":["1"],"_wp_page_template":["default"],"site-sidebar-layout":["default"],"ast-site-content-layout":["default"],"site-content-style":["default"],"site-sidebar-style":["default"],"theme-transparent-header-meta":["default"],"_wc_rating_count":["a:2:{i:4;i:4;i:5;i:78;}"],"_upsell_ids":["a:3:{i:0;i:22975;i:1;i:23022;i:2;i:23025;}"],"_crosssell_ids":["a:3:{i:0;i:22975;i:1;i:23022;i:2;i:23025;}"],"astra-migrate-meta-layouts":["set"],"_uag_css_file_name":["uag-css-23028.css"],"_elementor_page_assets":["a:0:{}"],"_uag_page_assets":["a:9:{s:3:\"css\";s:7133:\".uag-blocks-common-selector{z-index:var(--z-index-desktop) !important}@media(max-width: 976px){.uag-blocks-common-selector{z-index:var(--z-index-tablet) !important}}@media(max-width: 767px){.uag-blocks-common-selector{z-index:var(--z-index-mobile) !important}}.wp-block-uagb-image{display:flex}.wp-block-uagb-image__figure{position:relative;display:flex;flex-direction:column;max-width:100%;height:auto;margin:0}.wp-block-uagb-image__figure img{height:auto;display:flex;max-width:100%;transition:box-shadow .2s ease}.wp-block-uagb-image__figure>a{display:inline-block}.wp-block-uagb-image__figure figcaption{text-align:center;margin-top:.5em;margin-bottom:1em}.wp-block-uagb-image .components-placeholder.block-editor-media-placeholder .components-placeholder__instructions{align-self:center}.wp-block-uagb-image--align-left{text-align:left}.wp-block-uagb-image--align-right{text-align:right}.wp-block-uagb-image--align-center{text-align:center}.wp-block-uagb-image--align-full .wp-block-uagb-image__figure{margin-left:calc(50% - 50vw);margin-right:calc(50% - 50vw);max-width:100vw;width:100vw;height:auto}.wp-block-uagb-image--align-full .wp-block-uagb-image__figure img{height:auto;width:100% !important}.wp-block-uagb-image--align-wide .wp-block-uagb-image__figure img{height:auto;width:100%}.wp-block-uagb-image--layout-overlay__color-wrapper{position:absolute;left:0;top:0;right:0;bottom:0;opacity:.2;background:rgba(0,0,0,.5);transition:opacity .35s ease-in-out}.wp-block-uagb-image--layout-overlay-link{position:absolute;left:0;right:0;bottom:0;top:0}.wp-block-uagb-image--layout-overlay .wp-block-uagb-image__figure:hover .wp-block-uagb-image--layout-overlay__color-wrapper{opacity:1}.wp-block-uagb-image--layout-overlay__inner{position:absolute;left:15px;right:15px;bottom:15px;top:15px;display:flex;align-items:center;justify-content:center;flex-direction:column;border-color:#fff;transition:.35s ease-in-out}.wp-block-uagb-image--layout-overlay__inner.top-left,.wp-block-uagb-image--layout-overlay__inner.top-center,.wp-block-uagb-image--layout-overlay__inner.top-right{justify-content:flex-start}.wp-block-uagb-image--layout-overlay__inner.bottom-left,.wp-block-uagb-image--layout-overlay__inner.bottom-center,.wp-block-uagb-image--layout-overlay__inner.bottom-right{justify-content:flex-end}.wp-block-uagb-image--layout-overlay__inner.top-left,.wp-block-uagb-image--layout-overlay__inner.center-left,.wp-block-uagb-image--layout-overlay__inner.bottom-left{align-items:flex-start}.wp-block-uagb-image--layout-overlay__inner.top-right,.wp-block-uagb-image--layout-overlay__inner.center-right,.wp-block-uagb-image--layout-overlay__inner.bottom-right{align-items:flex-end}.wp-block-uagb-image--layout-overlay__inner .uagb-image-heading{color:#fff;transition:transform .35s,opacity .35s ease-in-out;transform:translate3d(0, 24px, 0);margin:0;line-height:1em}.wp-block-uagb-image--layout-overlay__inner .uagb-image-separator{width:30%;border-top-width:2px;border-top-color:#fff;border-top-style:solid;margin-bottom:10px;opacity:0;transition:transform .4s,opacity .4s ease-in-out;transform:translate3d(0, 30px, 0)}.wp-block-uagb-image--layout-overlay__inner .uagb-image-caption{opacity:0;overflow:visible;color:#fff;transition:transform .45s,opacity .45s ease-in-out;transform:translate3d(0, 35px, 0)}.wp-block-uagb-image--layout-overlay__inner:hover .uagb-image-heading,.wp-block-uagb-image--layout-overlay__inner:hover .uagb-image-separator,.wp-block-uagb-image--layout-overlay__inner:hover .uagb-image-caption{opacity:1;transform:translate3d(0, 0, 0)}.wp-block-uagb-image--effect-zoomin .wp-block-uagb-image__figure img,.wp-block-uagb-image--effect-zoomin .wp-block-uagb-image__figure .wp-block-uagb-image--layout-overlay__color-wrapper{transform:scale(1);transition:transform .35s ease-in-out}.wp-block-uagb-image--effect-zoomin .wp-block-uagb-image__figure:hover img,.wp-block-uagb-image--effect-zoomin .wp-block-uagb-image__figure:hover .wp-block-uagb-image--layout-overlay__color-wrapper{transform:scale(1.05)}.wp-block-uagb-image--effect-slide .wp-block-uagb-image__figure img,.wp-block-uagb-image--effect-slide .wp-block-uagb-image__figure .wp-block-uagb-image--layout-overlay__color-wrapper{width:calc(100% + 40px) !important;max-width:none !important;transform:translate3d(-40px, 0, 0);transition:transform .35s ease-in-out}.wp-block-uagb-image--effect-slide .wp-block-uagb-image__figure:hover img,.wp-block-uagb-image--effect-slide .wp-block-uagb-image__figure:hover .wp-block-uagb-image--layout-overlay__color-wrapper{transform:translate3d(0, 0, 0)}.wp-block-uagb-image--effect-grayscale img{filter:grayscale(0%);transition:.35s ease-in-out}.wp-block-uagb-image--effect-grayscale:hover img{filter:grayscale(100%)}.wp-block-uagb-image--effect-blur img{filter:blur(0);transition:.35s ease-in-out}.wp-block-uagb-image--effect-blur:hover img{filter:blur(3px)}.uagb-block-e6f939b3.wp-block-uagb-image--layout-default figure img{box-shadow: 0px 0px 0 #00000070;}.uagb-block-e6f939b3.wp-block-uagb-image .wp-block-uagb-image__figure figcaption{font-style: normal;align-self: center;}.uagb-block-e6f939b3.wp-block-uagb-image--layout-overlay figure img{box-shadow: 0px 0px 0 #00000070;}.uagb-block-e6f939b3.wp-block-uagb-image--layout-overlay .wp-block-uagb-image--layout-overlay__color-wrapper{opacity: 0.2;}.uagb-block-e6f939b3.wp-block-uagb-image--layout-overlay .wp-block-uagb-image--layout-overlay__inner{left: 15px;right: 15px;top: 15px;bottom: 15px;}.uagb-block-e6f939b3.wp-block-uagb-image--layout-overlay .wp-block-uagb-image--layout-overlay__inner .uagb-image-heading{font-style: normal;color: #fff;opacity: 1;}.uagb-block-e6f939b3.wp-block-uagb-image--layout-overlay .wp-block-uagb-image--layout-overlay__inner .uagb-image-heading a{color: #fff;}.uagb-block-e6f939b3.wp-block-uagb-image--layout-overlay .wp-block-uagb-image--layout-overlay__inner .uagb-image-caption{opacity: 0;}.uagb-block-e6f939b3.wp-block-uagb-image--layout-overlay .wp-block-uagb-image__figure:hover .wp-block-uagb-image--layout-overlay__color-wrapper{opacity: 1;}.uagb-block-e6f939b3.wp-block-uagb-image .wp-block-uagb-image--layout-overlay__inner .uagb-image-separator{width: 30%;border-top-width: 2px;border-top-color: #fff;opacity: 0;}.uagb-block-e6f939b3.wp-block-uagb-image .wp-block-uagb-image__figure img{width: px;height: auto;}.uagb-block-e6f939b3.wp-block-uagb-image .wp-block-uagb-image__figure:hover .wp-block-uagb-image--layout-overlay__inner .uagb-image-caption{opacity: 1;}.uagb-block-e6f939b3.wp-block-uagb-image .wp-block-uagb-image__figure:hover .wp-block-uagb-image--layout-overlay__inner .uagb-image-separator{opacity: 1;}.uagb-block-e6f939b3.wp-block-uagb-image--layout-default figure:hover img{box-shadow: 0px 0px 0 #00000070;}.uagb-block-e6f939b3.wp-block-uagb-image--layout-overlay figure:hover img{box-shadow: 0px 0px 0 #00000070;}@media only screen and (max-width: 976px) {.uagb-block-e6f939b3.wp-block-uagb-image .wp-block-uagb-image__figure img{width: px;height: auto;}}@media only screen and (max-width: 767px) {.uagb-block-e6f939b3.wp-block-uagb-image .wp-block-uagb-image__figure img{width: px;height: auto;}}\";s:2:\"js\";s:0:\"\";s:18:\"current_block_list\";a:13:{i:0;s:11:\"core\/search\";i:1;s:10:\"core\/group\";i:2;s:12:\"core\/heading\";i:3;s:17:\"core\/latest-posts\";i:4;s:20:\"core\/latest-comments\";i:5;s:13:\"core\/archives\";i:6;s:15:\"core\/categories\";i:7;s:14:\"core\/paragraph\";i:8;s:10:\"uagb\/image\";i:9;s:11:\"core\/spacer\";i:10;s:30:\"woocommerce\/product-categories\";i:11;s:10:\"core\/image\";i:12;s:14:\"core\/shortcode\";}s:8:\"uag_flag\";b:1;s:11:\"uag_version\";s:10:\"1776865660\";s:6:\"gfonts\";a:0:{}s:10:\"gfonts_url\";s:0:\"\";s:12:\"gfonts_files\";a:0:{}s:14:\"uag_faq_layout\";b:0;}"]},"uagb_featured_image_src":{"full":["https:\/\/www.noleaky.com\/wp-content\/uploads\/2025\/06\/2.i.TankSealer_4000x4000_1e125d20-8e03-436d-ba69-17f64c9b419f.png",2560,2560,false],"thumbnail":["https:\/\/www.noleaky.com\/wp-content\/uploads\/2025\/06\/2.i.TankSealer_4000x4000_1e125d20-8e03-436d-ba69-17f64c9b419f-150x150.png",150,150,true],"medium":["https:\/\/www.noleaky.com\/wp-content\/uploads\/2025\/06\/2.i.TankSealer_4000x4000_1e125d20-8e03-436d-ba69-17f64c9b419f-300x300.png",300,300,true],"medium_large":["https:\/\/www.noleaky.com\/wp-content\/uploads\/2025\/06\/2.i.TankSealer_4000x4000_1e125d20-8e03-436d-ba69-17f64c9b419f-768x768.png",768,768,true],"large":["https:\/\/www.noleaky.com\/wp-content\/uploads\/2025\/06\/2.i.TankSealer_4000x4000_1e125d20-8e03-436d-ba69-17f64c9b419f-1024x1024.png",1024,1024,true],"1536x1536":["https:\/\/www.noleaky.com\/wp-content\/uploads\/2025\/06\/2.i.TankSealer_4000x4000_1e125d20-8e03-436d-ba69-17f64c9b419f-1536x1536.png",1536,1536,true],"2048x2048":["https:\/\/www.noleaky.com\/wp-content\/uploads\/2025\/06\/2.i.TankSealer_4000x4000_1e125d20-8e03-436d-ba69-17f64c9b419f-2048x2048.png",2048,2048,true],"trp-custom-language-flag":["https:\/\/www.noleaky.com\/wp-content\/uploads\/2025\/06\/2.i.TankSealer_4000x4000_1e125d20-8e03-436d-ba69-17f64c9b419f-12x12.png",12,12,true],"woocommerce_thumbnail":["https:\/\/www.noleaky.com\/wp-content\/uploads\/2025\/06\/2.i.TankSealer_4000x4000_1e125d20-8e03-436d-ba69-17f64c9b419f-300x300.png",300,300,true],"woocommerce_single":["https:\/\/www.noleaky.com\/wp-content\/uploads\/2025\/06\/2.i.TankSealer_4000x4000_1e125d20-8e03-436d-ba69-17f64c9b419f-600x600.png",600,600,true],"woocommerce_gallery_thumbnail":["https:\/\/www.noleaky.com\/wp-content\/uploads\/2025\/06\/2.i.TankSealer_4000x4000_1e125d20-8e03-436d-ba69-17f64c9b419f-100x100.png",100,100,true]},"uagb_author_info":{"display_name":"admin","author_link":"https:\/\/www.noleaky.com\/hu\/author\/"},"uagb_comment_info":82,"uagb_excerpt":"Seals fuel tank leaks externally without removing the tank. Our fuel tank stop leak fluid is specially formulated to seal leaks from the outside of the tank, directly at the point of damage. It does not require pouring into the fuel system, making it a safe and targeted solution for repairing cracks, pinholes, and small&hellip;","_links":{"self":[{"href":"https:\/\/www.noleaky.com\/hu\/wp-json\/wp\/v2\/product\/23028","targetHints":{"allow":["GET"]}}],"collection":[{"href":"https:\/\/www.noleaky.com\/hu\/wp-json\/wp\/v2\/product"}],"about":[{"href":"https:\/\/www.noleaky.com\/hu\/wp-json\/wp\/v2\/types\/product"}],"replies":[{"embeddable":true,"href":"https:\/\/www.noleaky.com\/hu\/wp-json\/wp\/v2\/comments?post=23028"}],"version-history":[{"count":5,"href":"https:\/\/www.noleaky.com\/hu\/wp-json\/wp\/v2\/product\/23028\/revisions"}],"predecessor-version":[{"id":33279,"href":"https:\/\/www.noleaky.com\/hu\/wp-json\/wp\/v2\/product\/23028\/revisions\/33279"}],"wp:featuredmedia":[{"embeddable":true,"href":"https:\/\/www.noleaky.com\/hu\/wp-json\/wp\/v2\/media\/23100"}],"wp:attachment":[{"href":"https:\/\/www.noleaky.com\/hu\/wp-json\/wp\/v2\/media?parent=23028"}],"wp:term":[{"taxonomy":"product_brand","embeddable":true,"href":"https:\/\/www.noleaky.com\/hu\/wp-json\/wp\/v2\/product_brand?post=23028"},{"taxonomy":"product_cat","embeddable":true,"href":"https:\/\/www.noleaky.com\/hu\/wp-json\/wp\/v2\/product_cat?post=23028"},{"taxonomy":"product_tag","embeddable":true,"href":"https:\/\/www.noleaky.com\/hu\/wp-json\/wp\/v2\/product_tag?post=23028"}],"curies":[{"name":"wp","href":"https:\/\/api.w.org\/{rel}","templated":true}]}}