{"id":23018,"date":"2025-06-02T15:49:21","date_gmt":"2025-06-02T13:49:21","guid":{"rendered":"https:\/\/www.noleaky.com\/products\/noise-reducer\/"},"modified":"2026-03-01T17:07:33","modified_gmt":"2026-03-01T16:07:33","slug":"noise-reducer","status":"publish","type":"product","link":"https:\/\/www.noleaky.com\/hu\/products\/noise-reducer\/","title":{"rendered":"Zajcs\u00f6kkent\u0151"},"content":{"rendered":"<p><strong><img decoding=\"async\" style=\"margin-right: 12px;\" src=\"https:\/\/www.noleaky.com\/wp-content\/uploads\/2026\/02\/Check.svg\" alt=\"\" width=\"18\" height=\"15\" \/>Sz\u00fcntesse meg gyorsan \u00e9s hat\u00e9konyan a zavar\u00f3 kaz\u00e1nzajokat.<\/strong> A kaz\u00e1nzajcs\u00f6kkent\u0151nket kifejezetten a v\u00edzk\u0151lerak\u00f3d\u00e1s \u00e9s a bels\u0151 lerak\u00f3d\u00e1sok \u00e1ltal okozott kopog\u00e1s, cs\u00f6r\u00f6mp\u00f6l\u00e9s, v\u00edzforral\u00e1s \u00e9s kering\u00e9si zajok megsz\u00fcntet\u00e9s\u00e9re fejlesztett\u00fck ki. K\u00f6zvetlen\u00fcl a f\u0171t\u00e9si rendszerben m\u0171k\u00f6dik, hogy feloldja a v\u00edzk\u00f6vet \u00e9s helyre\u00e1ll\u00edtsa a z\u00f6kken\u0151mentes, csendes m\u0171k\u00f6d\u00e9st.<\/p>\n<p><strong><img decoding=\"async\" style=\"margin-right: 12px;\" src=\"https:\/\/www.noleaky.com\/wp-content\/uploads\/2026\/02\/Check.svg\" alt=\"\" width=\"18\" height=\"15\" \/>A leghat\u00e9konyabb megold\u00e1s a zajos k\u00f6zponti f\u0171t\u00e9si rendszerek eset\u00e9ben.<\/strong> Fejlett v\u00edzk\u0151mentes\u00edt\u00e9si \u00e9s kondicion\u00e1l\u00f3 formul\u00e1j\u00e1nak k\u00f6sz\u00f6nhet\u0151en ez a term\u00e9k a kaz\u00e1nzaj gy\u00f6keres ok\u00e1t c\u00e9lozza meg, ahelyett, hogy egyszer\u0171en elfedn\u00e9 azt. Lebontja a v\u00edzk\u0151lerak\u00f3d\u00e1sokat \u00e9s a v\u00edzkering\u00e9st korl\u00e1toz\u00f3 \u00e9s t\u00falmeleged\u00e9si hangokat okoz\u00f3 v\u00edzk\u0151- \u00e9s iszaplerak\u00f3d\u00e1sokat.<\/p>\n<p><strong><img decoding=\"async\" style=\"margin-right: 12px;\" src=\"https:\/\/www.noleaky.com\/wp-content\/uploads\/2026\/02\/Check.svg\" alt=\"\" width=\"18\" height=\"15\" \/>A legolcs\u00f3bb professzion\u00e1lis min\u0151s\u00e9g\u0171 kezel\u00e9s.<\/strong> A piacon a legversenyk\u00e9pesebb \u00e1rat k\u00edn\u00e1ljuk a teljes\u00edtm\u00e9ny cs\u00f6kkent\u00e9se n\u00e9lk\u00fcl. Ahelyett, hogy k\u00f6lts\u00e9ges m\u00e9rn\u00f6ki h\u00edv\u00e1sok\u00e9rt vagy id\u0151 el\u0151tti kaz\u00e1ncser\u00e9\u00e9rt kellene fizetnie, gazdas\u00e1gosan \u00e9s hat\u00e9konyan oldhatja meg a zajprobl\u00e9m\u00e1kat.<\/p>\n<p><strong><img decoding=\"async\" style=\"margin-right: 12px;\" src=\"https:\/\/www.noleaky.com\/wp-content\/uploads\/2026\/02\/Check.svg\" alt=\"\" width=\"18\" height=\"15\" \/>24 \u00f3r\u00e1s sz\u00e1ll\u00edt\u00e1s s\u00fcrg\u0151s f\u0171t\u00e9si probl\u00e9m\u00e1k eset\u00e9n.<\/strong> 24 \u00f3r\u00e1s sz\u00e1ll\u00edt\u00e1st garant\u00e1lunk, hogy a kaz\u00e1nzajt gyorsan kezelhesse, k\u00fcl\u00f6n\u00f6sen a hideg \u00e9vszakokban, amikor a megb\u00edzhat\u00f3 f\u0171t\u00e9s elengedhetetlen. A gyors sz\u00e1ll\u00edt\u00e1s minim\u00e1lis fennakad\u00e1st biztos\u00edt az otthoni k\u00e9nyelemben.<\/p>\n<p><strong><img decoding=\"async\" style=\"margin-right: 12px;\" src=\"https:\/\/www.noleaky.com\/wp-content\/uploads\/2026\/02\/Check.svg\" alt=\"\" width=\"18\" height=\"15\" \/>P\u00e9nzvisszafizet\u00e9si garancia a teljes nyugalom\u00e9rt.<\/strong> Teljes p\u00e9nzvisszafizet\u00e9si garanci\u00e1t k\u00edn\u00e1lunk. Ha nem teljesen el\u00e9gedett a kaz\u00e1n zajcs\u00f6kkent\u0151nk eredm\u00e9nyeivel, akkor visszat\u00e9r\u00edtj\u00fck a v\u00e9tel\u00e1rat. Az \u00d6n megrendel\u00e9se teljesen kock\u00e1zatmentes.<\/p>\n<p><strong><img decoding=\"async\" style=\"margin-right: 12px;\" src=\"https:\/\/www.noleaky.com\/wp-content\/uploads\/2026\/02\/Check.svg\" alt=\"\" width=\"18\" height=\"15\" \/>Jav\u00edtja a f\u0171t\u00e9s hat\u00e9konys\u00e1g\u00e1t \u00e9s a h\u0151eloszt\u00e1st.<\/strong> A term\u00e9k a v\u00edzk\u0151 \u00e9s a bels\u0151 lerak\u00f3d\u00e1sok felold\u00e1s\u00e1val helyre\u00e1ll\u00edtja a megfelel\u0151 v\u00edz\u00e1raml\u00e1st \u00e9s h\u0151\u00e1tad\u00e1st a kaz\u00e1nban \u00e9s a radi\u00e1torokban. Ez lehet\u0151v\u00e9 teszi, hogy a rendszer egyenletesebben f\u0171ts\u00f6n \u00e9s hat\u00e9konyabban m\u0171k\u00f6dj\u00f6n.<\/p>\n<p><strong><img decoding=\"async\" style=\"margin-right: 12px;\" src=\"https:\/\/www.noleaky.com\/wp-content\/uploads\/2026\/02\/Check.svg\" alt=\"\" width=\"18\" height=\"15\" \/>Meghosszabb\u00edtja a kaz\u00e1n \u00e9lettartam\u00e1t.<\/strong> A v\u00edzk\u0151 \u00e9s az iszap felhalmoz\u00f3d\u00e1sa n\u00f6veli a bels\u0151 fesz\u00fclts\u00e9get \u00e9s a t\u00falmeleged\u00e9st. Zajcs\u00f6kkent\u0151nk rendszeres haszn\u00e1lata seg\u00edt megv\u00e9deni a kulcsfontoss\u00e1g\u00fa alkatr\u00e9szeket, cs\u00f6kkenti a kop\u00e1st \u00e9s meghosszabb\u00edtja a f\u0171t\u00e9si rendszer \u00e9lettartam\u00e1t.<\/p>\n<p><strong><img decoding=\"async\" style=\"margin-right: 12px;\" src=\"https:\/\/www.noleaky.com\/wp-content\/uploads\/2026\/02\/Check.svg\" alt=\"\" width=\"18\" height=\"15\" \/>Cs\u00f6kkenti az energiafogyaszt\u00e1st \u00e9s a f\u0171t\u00e9si k\u00f6lts\u00e9geket.<\/strong> Egy tiszta \u00e9s hat\u00e9kony kaz\u00e1n kevesebb energi\u00e1t ig\u00e9nyel a k\u00edv\u00e1nt h\u0151m\u00e9rs\u00e9klet el\u00e9r\u00e9s\u00e9hez. A h\u0151csere hat\u00e9konys\u00e1g\u00e1nak jav\u00edt\u00e1s\u00e1val a term\u00e9k hozz\u00e1j\u00e1rulhat az \u00e1ltal\u00e1nos energiasz\u00e1ml\u00e1k cs\u00f6kkent\u00e9s\u00e9hez.<\/p>\n<p><strong><img decoding=\"async\" style=\"margin-right: 12px;\" src=\"https:\/\/www.noleaky.com\/wp-content\/uploads\/2026\/02\/Check.svg\" alt=\"\" width=\"18\" height=\"15\" \/>Megakad\u00e1lyozza az ism\u00e9tl\u0151d\u0151 v\u00edzk\u0151lerak\u00f3d\u00e1st.<\/strong> A megl\u00e9v\u0151 lerak\u00f3d\u00e1sok elt\u00e1vol\u00edt\u00e1sa mellett a formula seg\u00edt kondicion\u00e1lni a rendszer viz\u00e9t, hogy cs\u00f6kkentse a j\u00f6v\u0151beni v\u00edzk\u0151 k\u00e9pz\u0151d\u00e9st, \u00e9s \u00edgy hossz\u00fa t\u00e1von meg\u0151rizze a csendesebb teljes\u00edtm\u00e9nyt.<\/p>\n<p><strong><img decoding=\"async\" style=\"margin-right: 12px;\" src=\"https:\/\/www.noleaky.com\/wp-content\/uploads\/2026\/02\/Check.svg\" alt=\"\" width=\"18\" height=\"15\" \/>K\u00f6nnyen haszn\u00e1lhat\u00f3 a rendszer bonyolult sz\u00e9tszerel\u00e9se n\u00e9lk\u00fcl.<\/strong> A szakemberek \u00e9s a h\u00e1ztulajdonosok sz\u00e1m\u00e1ra egyar\u00e1nt tervezett term\u00e9k k\u00f6zvetlen\u00fcl a f\u0171t\u00e9si rendszerhez adhat\u00f3 a teljes berendez\u00e9s le\u00fcr\u00edt\u00e9se n\u00e9lk\u00fcl, \u00edgy a karbantart\u00e1s egyszer\u0171 \u00e9s k\u00e9nyelmes.<\/p>\n<h2><strong>Utas\u00edt\u00e1sok<\/strong><\/h2>\n<ul>\n<li>A term\u00e9k hozz\u00e1ad\u00e1sa el\u0151tt kapcsolja ki a kaz\u00e1nt, \u00e9s hagyja, hogy a f\u0171t\u00e9si rendszer leh\u0171lj\u00f6n.<\/li>\n<li>Keressen egy megfelel\u0151 hozz\u00e1f\u00e9r\u00e9si pontot, p\u00e9ld\u00e1ul egy radi\u00e1tor leereszt\u0151 szelepet, t\u00f6lt\u0151hurkot vagy rendszeradagol\u00e1si pontot.<\/li>\n<li>Haszn\u00e1lat el\u0151tt j\u00f3l r\u00e1zza fel a tart\u00e1lyt.<\/li>\n<li>Adja az aj\u00e1nlott adagot k\u00f6zvetlen\u00fcl a f\u0171t\u00e9si rendszerbe. Egy \u00e1tlagos, legfeljebb 100 liter v\u00edzkapacit\u00e1s\u00fa h\u00e1ztart\u00e1si rendszerhez k\u00f6r\u00fclbel\u00fcl 500 ml-t haszn\u00e1ljon. Nagyobb vagy kisebb rendszerek eset\u00e9n ar\u00e1nyosan \u00e1ll\u00edtsa be.<\/li>\n<li>A term\u00e9k hozz\u00e1ad\u00e1sa ut\u00e1n sz\u00fcks\u00e9g eset\u00e9n \u00e1ll\u00edtsa vissza a rendszer nyom\u00e1s\u00e1t, \u00e9s kapcsolja vissza a kaz\u00e1nt.<\/li>\n<li>Hagyja a f\u0171t\u0151rendszert n\u00e9h\u00e1ny \u00f3r\u00e1n \u00e1t norm\u00e1l \u00fczemi h\u0151m\u00e9rs\u00e9kleten futni, hogy a term\u00e9k teljes m\u00e9rt\u00e9kben \u00e1tj\u00e1rja a k\u00e9sz\u00fcl\u00e9ket.<\/li>\n<li>Er\u0151s zaj vagy er\u0151s v\u00edzk\u0151lerak\u00f3d\u00e1s eset\u00e9n az optim\u00e1lis eredm\u00e9ny \u00e9rdek\u00e9ben hagyja a term\u00e9ket t\u00f6bb napig keringeni a rendszerben.<\/li>\n<li>Ha sz\u00fcks\u00e9ges, a kezel\u00e9s ut\u00e1n a gy\u00e1rt\u00f3 \u00fatmutat\u00e1sai szerint r\u00e9szben \u00fcr\u00edtse le \u00e9s t\u00f6ltse \u00fajra a rendszert.<\/li>\n<li>A megel\u0151z\u0151 karbantart\u00e1s \u00e9rdek\u00e9ben \u00e9vente egyszer, vagy a v\u00edzkem\u00e9nys\u00e9g alapj\u00e1n javasolt m\u00f3don haszn\u00e1lja a kaz\u00e1n zajcs\u00f6kkent\u0151j\u00e9t.<\/li>\n<li>A term\u00e9ket h\u0171v\u00f6s, sz\u00e1raz helyen \u00e9s gyermekek el\u0151l elz\u00e1rva kell t\u00e1rolni.<\/li>\n<\/ul>","protected":false},"excerpt":{"rendered":"<p>Eliminate disturbing boiler noises quickly and effectively. Our boiler noise reducer is specially formulated to stop knocking, banging, kettling, and circulation noises caused by limescale buildup and internal deposits. It works directly within the heating system to dissolve scale and restore smooth, quiet operation. The most effective solution for noisy central heating systems. Thanks to [&hellip;]<\/p>\n","protected":false},"featured_media":23085,"comment_status":"open","ping_status":"closed","template":"","meta":{"_uag_custom_page_level_css":"","site-sidebar-layout":"default","site-content-layout":"","ast-site-content-layout":"default","site-content-style":"default","site-sidebar-style":"default","ast-global-header-display":"","ast-banner-title-visibility":"","ast-main-header-display":"","ast-hfb-above-header-display":"","ast-hfb-below-header-display":"","ast-hfb-mobile-header-display":"","site-post-title":"","ast-breadcrumbs-content":"","ast-featured-img":"","footer-sml-layout":"","ast-disable-related-posts":"","theme-transparent-header-meta":"default","adv-header-id-meta":"","stick-header-meta":"","header-above-stick-meta":"","header-main-stick-meta":"","header-below-stick-meta":"","astra-migrate-meta-layouts":"set","ast-page-background-enabled":"default","ast-page-background-meta":{"desktop":{"background-color":"var(--ast-global-color-4)","background-image":"","background-repeat":"repeat","background-position":"center center","background-size":"auto","background-attachment":"scroll","background-type":"","background-media":"","overlay-type":"","overlay-color":"","overlay-opacity":"","overlay-gradient":""},"tablet":{"background-color":"","background-image":"","background-repeat":"repeat","background-position":"center center","background-size":"auto","background-attachment":"scroll","background-type":"","background-media":"","overlay-type":"","overlay-color":"","overlay-opacity":"","overlay-gradient":""},"mobile":{"background-color":"","background-image":"","background-repeat":"repeat","background-position":"center center","background-size":"auto","background-attachment":"scroll","background-type":"","background-media":"","overlay-type":"","overlay-color":"","overlay-opacity":"","overlay-gradient":""}},"ast-content-background-meta":{"desktop":{"background-color":"var(--ast-global-color-5)","background-image":"","background-repeat":"repeat","background-position":"center center","background-size":"auto","background-attachment":"scroll","background-type":"","background-media":"","overlay-type":"","overlay-color":"","overlay-opacity":"","overlay-gradient":""},"tablet":{"background-color":"var(--ast-global-color-5)","background-image":"","background-repeat":"repeat","background-position":"center center","background-size":"auto","background-attachment":"scroll","background-type":"","background-media":"","overlay-type":"","overlay-color":"","overlay-opacity":"","overlay-gradient":""},"mobile":{"background-color":"var(--ast-global-color-5)","background-image":"","background-repeat":"repeat","background-position":"center center","background-size":"auto","background-attachment":"scroll","background-type":"","background-media":"","overlay-type":"","overlay-color":"","overlay-opacity":"","overlay-gradient":""}}},"product_brand":[],"product_cat":[177],"product_tag":[],"class_list":{"0":"post-23018","1":"product","2":"type-product","3":"status-publish","4":"has-post-thumbnail","6":"product_cat-heating-system","7":"desktop-align-left","8":"tablet-align-left","9":"mobile-align-left","11":"first","12":"instock","13":"sale","14":"shipping-taxable","15":"purchasable","16":"product-type-variable","17":"has-default-attributes"},"spectra_custom_meta":{"_visibility":["visible"],"_shopify_product_id":["1771049615394"],"_s2w_shopify_domain":["noleaky.myshopify.com"],"_shopify_variant_id":["16277744746530"],"_manage_stock":["no"],"total_sales":["1"],"_tax_status":["taxable"],"_tax_class":[""],"_backorders":["no"],"_sold_individually":["no"],"_virtual":["no"],"_downloadable":["no"],"_download_limit":["-1"],"_download_expiry":["-1"],"_stock":[null],"_stock_status":["instock"],"_wc_average_rating":["4.92"],"_wc_review_count":["77"],"_product_attributes":["a:1:{s:6:\"volume\";a:6:{s:4:\"name\";s:6:\"Volume\";s:5:\"value\";s:30:\"1 liter | 5 liters | 25 liters\";s:8:\"position\";i:1;s:10:\"is_visible\";i:0;s:12:\"is_variation\";i:1;s:11:\"is_taxonomy\";i:0;}}"],"_product_version":["10.5.2"],"_thumbnail_id":["23085"],"_product_image_gallery":["23086"],"_edit_lock":["1772381118:1"],"_default_attributes":["a:1:{s:6:\"volume\";s:7:\"1 liter\";}"],"_price":["26.90","79.90","299.90"],"merchant-center-availability":["yes"],"merchant-center-category":["6773"],"merchant-center-id":["RB"],"_edit_last":["1"],"_wp_page_template":["default"],"site-sidebar-layout":["default"],"ast-site-content-layout":["default"],"site-content-style":["default"],"site-sidebar-style":["default"],"theme-transparent-header-meta":["default"],"_wc_rating_count":["a:2:{i:4;i:6;i:5;i:71;}"],"_upsell_ids":["a:3:{i:0;i:22980;i:1;i:23004;i:2;i:23007;}"],"_crosssell_ids":["a:3:{i:0;i:22980;i:1;i:23004;i:2;i:23007;}"],"astra-migrate-meta-layouts":["set"],"_uag_css_file_name":["uag-css-23018.css"],"_elementor_page_assets":["a:0:{}"],"_uag_page_assets":["a:9:{s:3:\"css\";s:6893:\".wp-block-uagb-image{display:flex}.wp-block-uagb-image__figure{position:relative;display:flex;flex-direction:column;max-width:100%;height:auto;margin:0}.wp-block-uagb-image__figure img{height:auto;display:flex;max-width:100%;transition:box-shadow 0.2s ease}.wp-block-uagb-image__figure>a{display:inline-block}.wp-block-uagb-image__figure figcaption{text-align:center;margin-top:0.5em;margin-bottom:1em}.wp-block-uagb-image .components-placeholder.block-editor-media-placeholder .components-placeholder__instructions{align-self:center}.wp-block-uagb-image--align-left{text-align:left}.wp-block-uagb-image--align-right{text-align:right}.wp-block-uagb-image--align-center{text-align:center}.wp-block-uagb-image--align-full .wp-block-uagb-image__figure{margin-left:calc(50% - 50vw);margin-right:calc(50% - 50vw);max-width:100vw;width:100vw;height:auto}.wp-block-uagb-image--align-full .wp-block-uagb-image__figure img{height:auto;width:100% !important}.wp-block-uagb-image--align-wide .wp-block-uagb-image__figure img{height:auto;width:100%}.wp-block-uagb-image--layout-overlay__color-wrapper{position:absolute;left:0;top:0;right:0;bottom:0;opacity:0.2;background:rgba(0,0,0,0.5);transition:opacity 0.35s ease-in-out}.wp-block-uagb-image--layout-overlay-link{position:absolute;left:0;right:0;bottom:0;top:0}.wp-block-uagb-image--layout-overlay .wp-block-uagb-image__figure:hover .wp-block-uagb-image--layout-overlay__color-wrapper{opacity:1}.wp-block-uagb-image--layout-overlay__inner{position:absolute;left:15px;right:15px;bottom:15px;top:15px;display:flex;align-items:center;justify-content:center;flex-direction:column;border-color:#fff;transition:0.35s ease-in-out}.wp-block-uagb-image--layout-overlay__inner.top-left,.wp-block-uagb-image--layout-overlay__inner.top-center,.wp-block-uagb-image--layout-overlay__inner.top-right{justify-content:flex-start}.wp-block-uagb-image--layout-overlay__inner.bottom-left,.wp-block-uagb-image--layout-overlay__inner.bottom-center,.wp-block-uagb-image--layout-overlay__inner.bottom-right{justify-content:flex-end}.wp-block-uagb-image--layout-overlay__inner.top-left,.wp-block-uagb-image--layout-overlay__inner.center-left,.wp-block-uagb-image--layout-overlay__inner.bottom-left{align-items:flex-start}.wp-block-uagb-image--layout-overlay__inner.top-right,.wp-block-uagb-image--layout-overlay__inner.center-right,.wp-block-uagb-image--layout-overlay__inner.bottom-right{align-items:flex-end}.wp-block-uagb-image--layout-overlay__inner .uagb-image-heading{color:#fff;transition:transform 0.35s, opacity 0.35s ease-in-out;transform:translate3d(0, 24px, 0);margin:0;line-height:1em}.wp-block-uagb-image--layout-overlay__inner .uagb-image-separator{width:30%;border-top-width:2px;border-top-color:#fff;border-top-style:solid;margin-bottom:10px;opacity:0;transition:transform 0.4s, opacity 0.4s ease-in-out;transform:translate3d(0, 30px, 0)}.wp-block-uagb-image--layout-overlay__inner .uagb-image-caption{opacity:0;overflow:visible;color:#fff;transition:transform 0.45s, opacity 0.45s ease-in-out;transform:translate3d(0, 35px, 0)}.wp-block-uagb-image--layout-overlay__inner:hover .uagb-image-heading,.wp-block-uagb-image--layout-overlay__inner:hover .uagb-image-separator,.wp-block-uagb-image--layout-overlay__inner:hover .uagb-image-caption{opacity:1;transform:translate3d(0, 0, 0)}.wp-block-uagb-image--effect-zoomin .wp-block-uagb-image__figure img,.wp-block-uagb-image--effect-zoomin .wp-block-uagb-image__figure .wp-block-uagb-image--layout-overlay__color-wrapper{transform:scale(1);transition:transform 0.35s ease-in-out}.wp-block-uagb-image--effect-zoomin .wp-block-uagb-image__figure:hover img,.wp-block-uagb-image--effect-zoomin .wp-block-uagb-image__figure:hover .wp-block-uagb-image--layout-overlay__color-wrapper{transform:scale(1.05)}.wp-block-uagb-image--effect-slide .wp-block-uagb-image__figure img,.wp-block-uagb-image--effect-slide .wp-block-uagb-image__figure .wp-block-uagb-image--layout-overlay__color-wrapper{width:calc(100% + 40px) !important;max-width:none !important;transform:translate3d(-40px, 0, 0);transition:transform 0.35s ease-in-out}.wp-block-uagb-image--effect-slide .wp-block-uagb-image__figure:hover img,.wp-block-uagb-image--effect-slide .wp-block-uagb-image__figure:hover .wp-block-uagb-image--layout-overlay__color-wrapper{transform:translate3d(0, 0, 0)}.wp-block-uagb-image--effect-grayscale img{filter:grayscale(0%);transition:0.35s ease-in-out}.wp-block-uagb-image--effect-grayscale:hover img{filter:grayscale(100%)}.wp-block-uagb-image--effect-blur img{filter:blur(0);transition:0.35s ease-in-out}.wp-block-uagb-image--effect-blur:hover img{filter:blur(3px)}\n.uagb-block-e6f939b3.wp-block-uagb-image--layout-default figure img{box-shadow: 0px 0px 0 #00000070;}.uagb-block-e6f939b3.wp-block-uagb-image .wp-block-uagb-image__figure figcaption{font-style: normal;align-self: center;}.uagb-block-e6f939b3.wp-block-uagb-image--layout-overlay figure img{box-shadow: 0px 0px 0 #00000070;}.uagb-block-e6f939b3.wp-block-uagb-image--layout-overlay .wp-block-uagb-image--layout-overlay__color-wrapper{opacity: 0.2;}.uagb-block-e6f939b3.wp-block-uagb-image--layout-overlay .wp-block-uagb-image--layout-overlay__inner{left: 15px;right: 15px;top: 15px;bottom: 15px;}.uagb-block-e6f939b3.wp-block-uagb-image--layout-overlay .wp-block-uagb-image--layout-overlay__inner .uagb-image-heading{font-style: normal;color: #fff;opacity: 1;}.uagb-block-e6f939b3.wp-block-uagb-image--layout-overlay .wp-block-uagb-image--layout-overlay__inner .uagb-image-heading a{color: #fff;}.uagb-block-e6f939b3.wp-block-uagb-image--layout-overlay .wp-block-uagb-image--layout-overlay__inner .uagb-image-caption{opacity: 0;}.uagb-block-e6f939b3.wp-block-uagb-image--layout-overlay .wp-block-uagb-image__figure:hover .wp-block-uagb-image--layout-overlay__color-wrapper{opacity: 1;}.uagb-block-e6f939b3.wp-block-uagb-image .wp-block-uagb-image--layout-overlay__inner .uagb-image-separator{width: 30%;border-top-width: 2px;border-top-color: #fff;opacity: 0;}.uagb-block-e6f939b3.wp-block-uagb-image .wp-block-uagb-image__figure img{width: px;height: auto;}.uagb-block-e6f939b3.wp-block-uagb-image .wp-block-uagb-image__figure:hover .wp-block-uagb-image--layout-overlay__inner .uagb-image-caption{opacity: 1;}.uagb-block-e6f939b3.wp-block-uagb-image .wp-block-uagb-image__figure:hover .wp-block-uagb-image--layout-overlay__inner .uagb-image-separator{opacity: 1;}.uagb-block-e6f939b3.wp-block-uagb-image--layout-default figure:hover img{box-shadow: 0px 0px 0 #00000070;}.uagb-block-e6f939b3.wp-block-uagb-image--layout-overlay figure:hover img{box-shadow: 0px 0px 0 #00000070;}@media only screen and (max-width: 976px) {.uagb-block-e6f939b3.wp-block-uagb-image .wp-block-uagb-image__figure img{width: px;height: auto;}}@media only screen and (max-width: 767px) {.uagb-block-e6f939b3.wp-block-uagb-image .wp-block-uagb-image__figure img{width: px;height: auto;}}\";s:2:\"js\";s:0:\"\";s:18:\"current_block_list\";a:13:{i:0;s:11:\"core\/search\";i:1;s:10:\"core\/group\";i:2;s:12:\"core\/heading\";i:3;s:17:\"core\/latest-posts\";i:4;s:20:\"core\/latest-comments\";i:5;s:13:\"core\/archives\";i:6;s:15:\"core\/categories\";i:7;s:14:\"core\/paragraph\";i:8;s:10:\"uagb\/image\";i:9;s:11:\"core\/spacer\";i:10;s:30:\"woocommerce\/product-categories\";i:11;s:10:\"core\/image\";i:12;s:14:\"core\/shortcode\";}s:8:\"uag_flag\";b:1;s:11:\"uag_version\";s:10:\"1776759368\";s:6:\"gfonts\";a:0:{}s:10:\"gfonts_url\";s:0:\"\";s:12:\"gfonts_files\";a:0:{}s:14:\"uag_faq_layout\";b:0;}"]},"uagb_featured_image_src":{"full":["https:\/\/www.noleaky.com\/wp-content\/uploads\/2025\/06\/Noise_Reducer_5l.jpg",2560,2560,false],"thumbnail":["https:\/\/www.noleaky.com\/wp-content\/uploads\/2025\/06\/Noise_Reducer_5l-150x150.jpg",150,150,true],"medium":["https:\/\/www.noleaky.com\/wp-content\/uploads\/2025\/06\/Noise_Reducer_5l-300x300.jpg",300,300,true],"medium_large":["https:\/\/www.noleaky.com\/wp-content\/uploads\/2025\/06\/Noise_Reducer_5l-768x768.jpg",768,768,true],"large":["https:\/\/www.noleaky.com\/wp-content\/uploads\/2025\/06\/Noise_Reducer_5l-1024x1024.jpg",1024,1024,true],"1536x1536":["https:\/\/www.noleaky.com\/wp-content\/uploads\/2025\/06\/Noise_Reducer_5l-1536x1536.jpg",1536,1536,true],"2048x2048":["https:\/\/www.noleaky.com\/wp-content\/uploads\/2025\/06\/Noise_Reducer_5l-2048x2048.jpg",2048,2048,true],"trp-custom-language-flag":["https:\/\/www.noleaky.com\/wp-content\/uploads\/2025\/06\/Noise_Reducer_5l-12x12.jpg",12,12,true],"woocommerce_thumbnail":["https:\/\/www.noleaky.com\/wp-content\/uploads\/2025\/06\/Noise_Reducer_5l-300x300.jpg",300,300,true],"woocommerce_single":["https:\/\/www.noleaky.com\/wp-content\/uploads\/2025\/06\/Noise_Reducer_5l-600x600.jpg",600,600,true],"woocommerce_gallery_thumbnail":["https:\/\/www.noleaky.com\/wp-content\/uploads\/2025\/06\/Noise_Reducer_5l-100x100.jpg",100,100,true]},"uagb_author_info":{"display_name":"admin","author_link":"https:\/\/www.noleaky.com\/hu\/author\/"},"uagb_comment_info":77,"uagb_excerpt":"Eliminate disturbing boiler noises quickly and effectively. Our boiler noise reducer is specially formulated to stop knocking, banging, kettling, and circulation noises caused by limescale buildup and internal deposits. It works directly within the heating system to dissolve scale and restore smooth, quiet operation. The most effective solution for noisy central heating systems. Thanks to&hellip;","_links":{"self":[{"href":"https:\/\/www.noleaky.com\/hu\/wp-json\/wp\/v2\/product\/23018","targetHints":{"allow":["GET"]}}],"collection":[{"href":"https:\/\/www.noleaky.com\/hu\/wp-json\/wp\/v2\/product"}],"about":[{"href":"https:\/\/www.noleaky.com\/hu\/wp-json\/wp\/v2\/types\/product"}],"replies":[{"embeddable":true,"href":"https:\/\/www.noleaky.com\/hu\/wp-json\/wp\/v2\/comments?post=23018"}],"version-history":[{"count":5,"href":"https:\/\/www.noleaky.com\/hu\/wp-json\/wp\/v2\/product\/23018\/revisions"}],"predecessor-version":[{"id":33296,"href":"https:\/\/www.noleaky.com\/hu\/wp-json\/wp\/v2\/product\/23018\/revisions\/33296"}],"wp:featuredmedia":[{"embeddable":true,"href":"https:\/\/www.noleaky.com\/hu\/wp-json\/wp\/v2\/media\/23085"}],"wp:attachment":[{"href":"https:\/\/www.noleaky.com\/hu\/wp-json\/wp\/v2\/media?parent=23018"}],"wp:term":[{"taxonomy":"product_brand","embeddable":true,"href":"https:\/\/www.noleaky.com\/hu\/wp-json\/wp\/v2\/product_brand?post=23018"},{"taxonomy":"product_cat","embeddable":true,"href":"https:\/\/www.noleaky.com\/hu\/wp-json\/wp\/v2\/product_cat?post=23018"},{"taxonomy":"product_tag","embeddable":true,"href":"https:\/\/www.noleaky.com\/hu\/wp-json\/wp\/v2\/product_tag?post=23018"}],"curies":[{"name":"wp","href":"https:\/\/api.w.org\/{rel}","templated":true}]}}