{"id":23014,"date":"2025-06-02T15:49:19","date_gmt":"2025-06-02T13:49:19","guid":{"rendered":"https:\/\/www.noleaky.com\/products\/leak-sealer\/"},"modified":"2026-03-01T17:09:46","modified_gmt":"2026-03-01T16:09:46","slug":"leak-sealer","status":"publish","type":"product","link":"https:\/\/www.noleaky.com\/hu\/products\/leak-sealer\/","title":{"rendered":"Kaz\u00e1n sziv\u00e1rg\u00e1sg\u00e1tl\u00f3 folyad\u00e9k"},"content":{"rendered":"<p><strong><img decoding=\"async\" style=\"margin-right: 12px;\" src=\"https:\/\/www.noleaky.com\/wp-content\/uploads\/2026\/02\/Check.svg\" alt=\"\" width=\"18\" height=\"15\" \/>Gyorsan \u00e9s tart\u00f3san lez\u00e1rja az \u00f6sszes kaz\u00e1nsziv\u00e1rg\u00e1st.<\/strong> A kaz\u00e1nsziv\u00e1rg\u00e1sg\u00e1tl\u00f3 folyad\u00e9kunkat kifejezetten a k\u00f6zponti f\u0171t\u00e9si rendszerekben l\u00e9v\u0151 mindenf\u00e9le kis \u00e9s mikrosziv\u00e1rg\u00e1s t\u00f6m\u00edt\u00e9s\u00e9re tervezt\u00e9k, bele\u00e9rtve a cs\u00f6veket, radi\u00e1torokat, illeszt\u00e9seket \u00e9s h\u0151cser\u00e9l\u0151ket. A rendszer viz\u00e9vel egy\u00fctt kering, \u00e9s automatikusan felkutatja a sziv\u00e1rg\u00e1si pontokat, tart\u00f3s bels\u0151 t\u00f6m\u00edt\u00e9st k\u00e9pezve, sz\u00e9tszerel\u00e9s n\u00e9lk\u00fcl.<\/p>\n<p><strong><img decoding=\"async\" style=\"margin-right: 12px;\" src=\"https:\/\/www.noleaky.com\/wp-content\/uploads\/2026\/02\/Check.svg\" alt=\"\" width=\"18\" height=\"15\" \/>Az el\u00e9rhet\u0151 leghat\u00e9konyabb bels\u0151 sziv\u00e1rg\u00e1sg\u00e1tl\u00f3 megold\u00e1s.<\/strong> Fejlett \u00f6nt\u00f6m\u00edt\u0151 polimer technol\u00f3gi\u00e1j\u00e1nak k\u00f6sz\u00f6nhet\u0151en ez a formula pontosan a v\u00edzvesztes\u00e9g hely\u00e9n reag\u00e1l, er\u0151s \u00e9s rugalmas t\u00f6m\u00edt\u00e9st hoz l\u00e9tre, amely ellen\u00e1ll a f\u0171t\u00e9si rendszerben l\u00e9v\u0151 nyom\u00e1s- \u00e9s h\u0151m\u00e9rs\u00e9kletv\u00e1ltoz\u00e1soknak.<\/p>\n<p><strong><img decoding=\"async\" style=\"margin-right: 12px;\" src=\"https:\/\/www.noleaky.com\/wp-content\/uploads\/2026\/02\/Check.svg\" alt=\"\" width=\"18\" height=\"15\" \/>A legolcs\u00f3bb professzion\u00e1lis jav\u00edt\u00e1si alternat\u00edva.<\/strong> A piacon a legversenyk\u00e9pesebb \u00e1rat k\u00edn\u00e1ljuk, \u00edgy elker\u00fclheti a k\u00f6lts\u00e9ges v\u00edzvezet\u00e9k-jav\u00edt\u00e1sokat, cs\u0151cser\u00e9ket vagy a s\u00fcrg\u0151ss\u00e9gi technikusok h\u00edv\u00e1s\u00e1t. Megb\u00edzhat\u00f3 eredm\u00e9nyeket \u00e9rhet el a hagyom\u00e1nyos jav\u00edt\u00e1si k\u00f6lts\u00e9gek t\u00f6red\u00e9k\u00e9\u00e9rt.<\/p>\n<p><strong><img decoding=\"async\" style=\"margin-right: 12px;\" src=\"https:\/\/www.noleaky.com\/wp-content\/uploads\/2026\/02\/Check.svg\" alt=\"\" width=\"18\" height=\"15\" \/>24 \u00f3r\u00e1s sz\u00e1ll\u00edt\u00e1s s\u00fcrg\u0151s sziv\u00e1rg\u00e1s eset\u00e9n.<\/strong> Garant\u00e1ljuk a 24 \u00f3r\u00e1s sz\u00e1ll\u00edt\u00e1st, \u00edgy azonnal cselekedhet, ha nyom\u00e1scs\u00f6kken\u00e9ssel vagy l\u00e1that\u00f3 v\u00edzsziv\u00e1rg\u00e1ssal kell szemben\u00e9znie. A gyors sz\u00e1ll\u00edt\u00e1s seg\u00edt megel\u0151zni a tov\u00e1bbi k\u00e1rokat \u00e9s minimaliz\u00e1lja az \u00e1ll\u00e1sid\u0151t.<\/p>\n<p><strong><img decoding=\"async\" style=\"margin-right: 12px;\" src=\"https:\/\/www.noleaky.com\/wp-content\/uploads\/2026\/02\/Check.svg\" alt=\"\" width=\"18\" height=\"15\" \/>P\u00e9nzvisszafizet\u00e9si garancia a teljes nyugalom\u00e9rt.<\/strong> Teljes p\u00e9nzvisszafizet\u00e9si garanci\u00e1t k\u00edn\u00e1lunk. Ha nem teljesen el\u00e9gedett a kaz\u00e1n sziv\u00e1rg\u00e1sg\u00e1tl\u00f3 folyad\u00e9kunk teljes\u00edtm\u00e9ny\u00e9vel, akkor visszat\u00e9r\u00edtj\u00fck a v\u00e9tel\u00e1rat. Az \u00d6n megrendel\u00e9se teljesen kock\u00e1zatmentes.<\/p>\n<p><strong><img decoding=\"async\" style=\"margin-right: 12px;\" src=\"https:\/\/www.noleaky.com\/wp-content\/uploads\/2026\/02\/Check.svg\" alt=\"\" width=\"18\" height=\"15\" \/>A rendszer sz\u00e9tszerel\u00e9se vagy leereszt\u00e9se n\u00e9lk\u00fcl m\u0171k\u00f6dik.<\/strong> A folyad\u00e9kot k\u00f6zvetlen\u00fcl a f\u0171t\u0151k\u00f6rbe adagolj\u00e1k, \u00e9s a rendszer norm\u00e1l m\u0171k\u00f6d\u00e9se mellett m\u0171k\u00f6dik. Nincs sz\u00fcks\u00e9g a cs\u00f6vek, radi\u00e1torok vagy kaz\u00e1nalkatr\u00e9szek elt\u00e1vol\u00edt\u00e1s\u00e1ra, ami id\u0151t \u00e9s munk\u00e1t takar\u00edt meg.<\/p>\n<p><strong><img decoding=\"async\" style=\"margin-right: 12px;\" src=\"https:\/\/www.noleaky.com\/wp-content\/uploads\/2026\/02\/Check.svg\" alt=\"\" width=\"18\" height=\"15\" \/>Kompatibilis a legt\u00f6bb k\u00f6zponti f\u0171t\u00e9si rendszerrel.<\/strong> Alkalmas szabv\u00e1nyos kaz\u00e1nokhoz, kombi kaz\u00e1nokhoz, radi\u00e1torokhoz, padl\u00f3f\u0171t\u00e9si rendszerekhez \u00e9s z\u00e1rt rendszerekhez, \u00e9s \u00fagy tervezt\u00e9k, hogy biztons\u00e1gosan m\u0171k\u00f6dj\u00f6n az \u00e1ltal\u00e1nos f\u0171t\u0151anyagokkal, bele\u00e9rtve az ac\u00e9l, r\u00e9z, alum\u00ednium \u00e9s m\u0171anyag alkatr\u00e9szeket.<\/p>\n<p><strong><img decoding=\"async\" style=\"margin-right: 12px;\" src=\"https:\/\/www.noleaky.com\/wp-content\/uploads\/2026\/02\/Check.svg\" alt=\"\" width=\"18\" height=\"15\" \/>Fenntartja a rendszer nyom\u00e1s\u00e1t \u00e9s megakad\u00e1lyozza a visszat\u00e9r\u0151 sziv\u00e1rg\u00e1sokat.<\/strong> A bels\u0151 sziv\u00e1rg\u00e1si pontok t\u00f6m\u00edt\u00e9s\u00e9vel a term\u00e9k seg\u00edt stabiliz\u00e1lni a nyom\u00e1sszinteket \u00e9s cs\u00f6kkenti az \u00e1lland\u00f3 ut\u00e1nt\u00f6lt\u00e9s sz\u00fcks\u00e9gess\u00e9g\u00e9t, megv\u00e9di a rendszert az ism\u00e9telt oxig\u00e9nbevitel okozta korr\u00f3zi\u00f3t\u00f3l.<\/p>\n<p><strong><img decoding=\"async\" style=\"margin-right: 12px;\" src=\"https:\/\/www.noleaky.com\/wp-content\/uploads\/2026\/02\/Check.svg\" alt=\"\" width=\"18\" height=\"15\" \/>Ellen\u00e1ll a magas h\u0151m\u00e9rs\u00e9kletnek \u00e9s nyom\u00e1snak.<\/strong> A kialak\u00edtott t\u00f6m\u00edt\u00e9s a kaz\u00e1nok jellemz\u0151 \u00fczemi h\u0151m\u00e9rs\u00e9klete \u00e9s nyom\u00e1sa mellett is stabil marad, \u00edgy m\u00e9g ig\u00e9nyes f\u0171t\u00e9si k\u00f6r\u00fclm\u00e9nyek k\u00f6z\u00f6tt is hossz\u00fa \u00e9lettartam\u00fa teljes\u00edtm\u00e9nyt biztos\u00edt.<\/p>\n<p><strong><img decoding=\"async\" style=\"margin-right: 12px;\" src=\"https:\/\/www.noleaky.com\/wp-content\/uploads\/2026\/02\/Check.svg\" alt=\"\" width=\"18\" height=\"15\" \/>Meghosszabb\u00edtja a f\u0171t\u00e9si rendszer \u00e9lettartam\u00e1t.<\/strong> A term\u00e9k a sziv\u00e1rg\u00e1sok korai meg\u00e1ll\u00edt\u00e1s\u00e1val \u00e9s a v\u00edzk\u00e1rok vagy a korr\u00f3zi\u00f3 megel\u0151z\u00e9s\u00e9vel v\u00e9di a bels\u0151 alkatr\u00e9szeket, \u00e9s seg\u00edt meghosszabb\u00edtani a kaz\u00e1n \u00e9s a f\u0171t\u0151berendez\u00e9s teljes \u00e9lettartam\u00e1t.<\/p>\n<h2><strong>Utas\u00edt\u00e1sok<\/strong><\/h2>\n<ul>\n<li>A term\u00e9k hozz\u00e1ad\u00e1sa el\u0151tt kapcsolja ki a kaz\u00e1nt, \u00e9s hagyja, hogy a f\u0171t\u00e9si rendszer leh\u0171lj\u00f6n.<\/li>\n<li>Haszn\u00e1lat el\u0151tt alaposan r\u00e1zza fel a tart\u00e1lyt az akt\u00edv \u00f6sszetev\u0151k megfelel\u0151 kevered\u00e9s\u00e9nek biztos\u00edt\u00e1sa \u00e9rdek\u00e9ben.<\/li>\n<li>Keressen egy megfelel\u0151 adagol\u00e1si pontot, p\u00e9ld\u00e1ul egy radi\u00e1tort, t\u00f6lt\u0151hurkot vagy a rendszer sz\u0171r\u0151j\u00e9nek hozz\u00e1f\u00e9r\u00e9si pontj\u00e1t.<\/li>\n<li>Adjon hozz\u00e1 k\u00f6r\u00fclbel\u00fcl 500 ml term\u00e9ket egy \u00e1tlagos, legfeljebb 100 liter v\u00edzkapacit\u00e1s\u00fa h\u00e1ztart\u00e1si f\u0171t\u00e9si rendszerhez. Nagyobb vagy kisebb rendszerek eset\u00e9n ar\u00e1nyosan \u00e1ll\u00edtsa be az adagol\u00e1st.<\/li>\n<li>A folyad\u00e9k hozz\u00e1ad\u00e1sa ut\u00e1n sz\u00fcks\u00e9g eset\u00e9n \u00e1ll\u00edtsa vissza a rendszer nyom\u00e1s\u00e1t a kaz\u00e1n gy\u00e1rt\u00f3j\u00e1nak aj\u00e1nl\u00e1sai szerint.<\/li>\n<li>Kapcsolja vissza a kaz\u00e1nt, \u00e9s hagyja, hogy a rendszer legal\u00e1bb n\u00e9h\u00e1ny \u00f3r\u00e1n kereszt\u00fcl norm\u00e1l \u00fczemi h\u0151m\u00e9rs\u00e9kleten keringjen.<\/li>\n<li>A term\u00e9k az eg\u00e9sz rendszerben kering, \u00e9s automatikusan lez\u00e1rja a sziv\u00e1rg\u00e1si pontokat, amint \u00e9rintkez\u00e9sbe ker\u00fcl a ki\u00e1raml\u00f3 v\u00edzzel.<\/li>\n<li>A stabiliz\u00e1l\u00f3d\u00e1s meger\u0151s\u00edt\u00e9se \u00e9rdek\u00e9ben a k\u00f6vetkez\u0151 24-48 \u00f3r\u00e1ban ellen\u0151rizze a rendszer nyom\u00e1s\u00e1t.<\/li>\n<li>Ha nagyobb rendszerek vagy tart\u00f3s mikrosziv\u00e1rg\u00e1sok eset\u00e9n sz\u00fcks\u00e9ges, egy m\u00e1sodik ar\u00e1nyos adagot is hozz\u00e1 lehet adni.<\/li>\n<li>A term\u00e9ket h\u0171v\u00f6s, sz\u00e1raz helyen \u00e9s gyermekek el\u0151l elz\u00e1rva kell t\u00e1rolni.<\/li>\n<\/ul>","protected":false},"excerpt":{"rendered":"<p>Seals all boiler leaks quickly and permanently. Our boiler leak sealer liquid is specially engineered to seal all types of small and micro leaks within central heating systems, including pipes, radiators, joints, and heat exchangers. It circulates with the system water and automatically locates leak points, forming a durable internal seal without the need for [&hellip;]<\/p>\n","protected":false},"featured_media":23082,"comment_status":"open","ping_status":"closed","template":"","meta":{"_uag_custom_page_level_css":"","site-sidebar-layout":"default","site-content-layout":"","ast-site-content-layout":"default","site-content-style":"default","site-sidebar-style":"default","ast-global-header-display":"","ast-banner-title-visibility":"","ast-main-header-display":"","ast-hfb-above-header-display":"","ast-hfb-below-header-display":"","ast-hfb-mobile-header-display":"","site-post-title":"","ast-breadcrumbs-content":"","ast-featured-img":"","footer-sml-layout":"","ast-disable-related-posts":"","theme-transparent-header-meta":"default","adv-header-id-meta":"","stick-header-meta":"","header-above-stick-meta":"","header-main-stick-meta":"","header-below-stick-meta":"","astra-migrate-meta-layouts":"set","ast-page-background-enabled":"default","ast-page-background-meta":{"desktop":{"background-color":"var(--ast-global-color-4)","background-image":"","background-repeat":"repeat","background-position":"center center","background-size":"auto","background-attachment":"scroll","background-type":"","background-media":"","overlay-type":"","overlay-color":"","overlay-opacity":"","overlay-gradient":""},"tablet":{"background-color":"","background-image":"","background-repeat":"repeat","background-position":"center center","background-size":"auto","background-attachment":"scroll","background-type":"","background-media":"","overlay-type":"","overlay-color":"","overlay-opacity":"","overlay-gradient":""},"mobile":{"background-color":"","background-image":"","background-repeat":"repeat","background-position":"center center","background-size":"auto","background-attachment":"scroll","background-type":"","background-media":"","overlay-type":"","overlay-color":"","overlay-opacity":"","overlay-gradient":""}},"ast-content-background-meta":{"desktop":{"background-color":"var(--ast-global-color-5)","background-image":"","background-repeat":"repeat","background-position":"center center","background-size":"auto","background-attachment":"scroll","background-type":"","background-media":"","overlay-type":"","overlay-color":"","overlay-opacity":"","overlay-gradient":""},"tablet":{"background-color":"var(--ast-global-color-5)","background-image":"","background-repeat":"repeat","background-position":"center center","background-size":"auto","background-attachment":"scroll","background-type":"","background-media":"","overlay-type":"","overlay-color":"","overlay-opacity":"","overlay-gradient":""},"mobile":{"background-color":"var(--ast-global-color-5)","background-image":"","background-repeat":"repeat","background-position":"center center","background-size":"auto","background-attachment":"scroll","background-type":"","background-media":"","overlay-type":"","overlay-color":"","overlay-opacity":"","overlay-gradient":""}}},"product_brand":[],"product_cat":[177],"product_tag":[],"class_list":{"0":"post-23014","1":"product","2":"type-product","3":"status-publish","4":"has-post-thumbnail","6":"product_cat-heating-system","7":"desktop-align-left","8":"tablet-align-left","9":"mobile-align-left","11":"first","12":"instock","13":"sale","14":"shipping-taxable","15":"purchasable","16":"product-type-variable","17":"has-default-attributes"},"spectra_custom_meta":{"_visibility":["visible"],"_shopify_product_id":["1771048894498"],"_s2w_shopify_domain":["noleaky.myshopify.com"],"_shopify_variant_id":["16277739307042"],"_manage_stock":["no"],"total_sales":["153"],"_tax_status":["taxable"],"_tax_class":[""],"_backorders":["no"],"_sold_individually":["no"],"_virtual":["no"],"_downloadable":["no"],"_download_limit":["-1"],"_download_expiry":["-1"],"_stock":[null],"_stock_status":["instock"],"_wc_average_rating":["4.89"],"_wc_review_count":["101"],"_product_attributes":["a:1:{s:6:\"volume\";a:6:{s:4:\"name\";s:6:\"Volume\";s:5:\"value\";s:30:\"1 liter | 5 liters | 25 liters\";s:8:\"position\";i:1;s:10:\"is_visible\";i:0;s:12:\"is_variation\";i:1;s:11:\"is_taxonomy\";i:0;}}"],"_product_version":["10.5.2"],"_thumbnail_id":["23082"],"_product_image_gallery":["23083"],"_edit_lock":["1772621632:1095"],"_default_attributes":["a:1:{s:6:\"volume\";s:7:\"1 liter\";}"],"_price":["24.90","99.90","299.90"],"merchant-center-availability":["yes"],"merchant-center-category":["6773"],"merchant-center-id":["CC"],"_edit_last":["1"],"_wp_page_template":["default"],"site-sidebar-layout":["default"],"ast-site-content-layout":["default"],"site-content-style":["default"],"site-sidebar-style":["default"],"theme-transparent-header-meta":["default"],"_wc_rating_count":["a:2:{i:4;i:11;i:5;i:90;}"],"_upsell_ids":["a:3:{i:0;i:22980;i:1;i:23018;i:2;i:23004;}"],"_crosssell_ids":["a:3:{i:0;i:22980;i:1;i:23018;i:2;i:23004;}"],"astra-migrate-meta-layouts":["set"],"_uag_css_file_name":["uag-css-23014.css"],"_elementor_page_assets":["a:0:{}"],"_uag_page_assets":["a:9:{s:3:\"css\";s:6873:\".wp-block-uagb-image{display:flex}.wp-block-uagb-image__figure{position:relative;display:flex;flex-direction:column;max-width:100%;height:auto;margin:0}.wp-block-uagb-image__figure img{height:auto;display:flex;max-width:100%;transition:box-shadow .2s ease}.wp-block-uagb-image__figure>a{display:inline-block}.wp-block-uagb-image__figure figcaption{text-align:center;margin-top:.5em;margin-bottom:1em}.wp-block-uagb-image .components-placeholder.block-editor-media-placeholder .components-placeholder__instructions{align-self:center}.wp-block-uagb-image--align-left{text-align:left}.wp-block-uagb-image--align-right{text-align:right}.wp-block-uagb-image--align-center{text-align:center}.wp-block-uagb-image--align-full .wp-block-uagb-image__figure{margin-left:calc(50% - 50vw);margin-right:calc(50% - 50vw);max-width:100vw;width:100vw;height:auto}.wp-block-uagb-image--align-full .wp-block-uagb-image__figure img{height:auto;width:100% !important}.wp-block-uagb-image--align-wide .wp-block-uagb-image__figure img{height:auto;width:100%}.wp-block-uagb-image--layout-overlay__color-wrapper{position:absolute;left:0;top:0;right:0;bottom:0;opacity:.2;background:rgba(0,0,0,.5);transition:opacity .35s ease-in-out}.wp-block-uagb-image--layout-overlay-link{position:absolute;left:0;right:0;bottom:0;top:0}.wp-block-uagb-image--layout-overlay .wp-block-uagb-image__figure:hover .wp-block-uagb-image--layout-overlay__color-wrapper{opacity:1}.wp-block-uagb-image--layout-overlay__inner{position:absolute;left:15px;right:15px;bottom:15px;top:15px;display:flex;align-items:center;justify-content:center;flex-direction:column;border-color:#fff;transition:.35s ease-in-out}.wp-block-uagb-image--layout-overlay__inner.top-left,.wp-block-uagb-image--layout-overlay__inner.top-center,.wp-block-uagb-image--layout-overlay__inner.top-right{justify-content:flex-start}.wp-block-uagb-image--layout-overlay__inner.bottom-left,.wp-block-uagb-image--layout-overlay__inner.bottom-center,.wp-block-uagb-image--layout-overlay__inner.bottom-right{justify-content:flex-end}.wp-block-uagb-image--layout-overlay__inner.top-left,.wp-block-uagb-image--layout-overlay__inner.center-left,.wp-block-uagb-image--layout-overlay__inner.bottom-left{align-items:flex-start}.wp-block-uagb-image--layout-overlay__inner.top-right,.wp-block-uagb-image--layout-overlay__inner.center-right,.wp-block-uagb-image--layout-overlay__inner.bottom-right{align-items:flex-end}.wp-block-uagb-image--layout-overlay__inner .uagb-image-heading{color:#fff;transition:transform .35s,opacity .35s ease-in-out;transform:translate3d(0, 24px, 0);margin:0;line-height:1em}.wp-block-uagb-image--layout-overlay__inner .uagb-image-separator{width:30%;border-top-width:2px;border-top-color:#fff;border-top-style:solid;margin-bottom:10px;opacity:0;transition:transform .4s,opacity .4s ease-in-out;transform:translate3d(0, 30px, 0)}.wp-block-uagb-image--layout-overlay__inner .uagb-image-caption{opacity:0;overflow:visible;color:#fff;transition:transform .45s,opacity .45s ease-in-out;transform:translate3d(0, 35px, 0)}.wp-block-uagb-image--layout-overlay__inner:hover .uagb-image-heading,.wp-block-uagb-image--layout-overlay__inner:hover .uagb-image-separator,.wp-block-uagb-image--layout-overlay__inner:hover .uagb-image-caption{opacity:1;transform:translate3d(0, 0, 0)}.wp-block-uagb-image--effect-zoomin .wp-block-uagb-image__figure img,.wp-block-uagb-image--effect-zoomin .wp-block-uagb-image__figure .wp-block-uagb-image--layout-overlay__color-wrapper{transform:scale(1);transition:transform .35s ease-in-out}.wp-block-uagb-image--effect-zoomin .wp-block-uagb-image__figure:hover img,.wp-block-uagb-image--effect-zoomin .wp-block-uagb-image__figure:hover .wp-block-uagb-image--layout-overlay__color-wrapper{transform:scale(1.05)}.wp-block-uagb-image--effect-slide .wp-block-uagb-image__figure img,.wp-block-uagb-image--effect-slide .wp-block-uagb-image__figure .wp-block-uagb-image--layout-overlay__color-wrapper{width:calc(100% + 40px) !important;max-width:none !important;transform:translate3d(-40px, 0, 0);transition:transform .35s ease-in-out}.wp-block-uagb-image--effect-slide .wp-block-uagb-image__figure:hover img,.wp-block-uagb-image--effect-slide .wp-block-uagb-image__figure:hover .wp-block-uagb-image--layout-overlay__color-wrapper{transform:translate3d(0, 0, 0)}.wp-block-uagb-image--effect-grayscale img{filter:grayscale(0%);transition:.35s ease-in-out}.wp-block-uagb-image--effect-grayscale:hover img{filter:grayscale(100%)}.wp-block-uagb-image--effect-blur img{filter:blur(0);transition:.35s ease-in-out}.wp-block-uagb-image--effect-blur:hover img{filter:blur(3px)}.uagb-block-e6f939b3.wp-block-uagb-image--layout-default figure img{box-shadow: 0px 0px 0 #00000070;}.uagb-block-e6f939b3.wp-block-uagb-image .wp-block-uagb-image__figure figcaption{font-style: normal;align-self: center;}.uagb-block-e6f939b3.wp-block-uagb-image--layout-overlay figure img{box-shadow: 0px 0px 0 #00000070;}.uagb-block-e6f939b3.wp-block-uagb-image--layout-overlay .wp-block-uagb-image--layout-overlay__color-wrapper{opacity: 0.2;}.uagb-block-e6f939b3.wp-block-uagb-image--layout-overlay .wp-block-uagb-image--layout-overlay__inner{left: 15px;right: 15px;top: 15px;bottom: 15px;}.uagb-block-e6f939b3.wp-block-uagb-image--layout-overlay .wp-block-uagb-image--layout-overlay__inner .uagb-image-heading{font-style: normal;color: #fff;opacity: 1;}.uagb-block-e6f939b3.wp-block-uagb-image--layout-overlay .wp-block-uagb-image--layout-overlay__inner .uagb-image-heading a{color: #fff;}.uagb-block-e6f939b3.wp-block-uagb-image--layout-overlay .wp-block-uagb-image--layout-overlay__inner .uagb-image-caption{opacity: 0;}.uagb-block-e6f939b3.wp-block-uagb-image--layout-overlay .wp-block-uagb-image__figure:hover .wp-block-uagb-image--layout-overlay__color-wrapper{opacity: 1;}.uagb-block-e6f939b3.wp-block-uagb-image .wp-block-uagb-image--layout-overlay__inner .uagb-image-separator{width: 30%;border-top-width: 2px;border-top-color: #fff;opacity: 0;}.uagb-block-e6f939b3.wp-block-uagb-image .wp-block-uagb-image__figure img{width: px;height: auto;}.uagb-block-e6f939b3.wp-block-uagb-image .wp-block-uagb-image__figure:hover .wp-block-uagb-image--layout-overlay__inner .uagb-image-caption{opacity: 1;}.uagb-block-e6f939b3.wp-block-uagb-image .wp-block-uagb-image__figure:hover .wp-block-uagb-image--layout-overlay__inner .uagb-image-separator{opacity: 1;}.uagb-block-e6f939b3.wp-block-uagb-image--layout-default figure:hover img{box-shadow: 0px 0px 0 #00000070;}.uagb-block-e6f939b3.wp-block-uagb-image--layout-overlay figure:hover img{box-shadow: 0px 0px 0 #00000070;}@media only screen and (max-width: 976px) {.uagb-block-e6f939b3.wp-block-uagb-image .wp-block-uagb-image__figure img{width: px;height: auto;}}@media only screen and (max-width: 767px) {.uagb-block-e6f939b3.wp-block-uagb-image .wp-block-uagb-image__figure img{width: px;height: auto;}}\";s:2:\"js\";s:0:\"\";s:18:\"current_block_list\";a:13:{i:0;s:11:\"core\/search\";i:1;s:10:\"core\/group\";i:2;s:12:\"core\/heading\";i:3;s:17:\"core\/latest-posts\";i:4;s:20:\"core\/latest-comments\";i:5;s:13:\"core\/archives\";i:6;s:15:\"core\/categories\";i:7;s:14:\"core\/paragraph\";i:8;s:10:\"uagb\/image\";i:9;s:11:\"core\/spacer\";i:10;s:30:\"woocommerce\/product-categories\";i:11;s:10:\"core\/image\";i:12;s:14:\"core\/shortcode\";}s:8:\"uag_flag\";b:1;s:11:\"uag_version\";s:10:\"1776788884\";s:6:\"gfonts\";a:0:{}s:10:\"gfonts_url\";s:0:\"\";s:12:\"gfonts_files\";a:0:{}s:14:\"uag_faq_layout\";b:0;}"]},"uagb_featured_image_src":{"full":["https:\/\/www.noleaky.com\/wp-content\/uploads\/2025\/06\/Leak_Sealer_5l.jpg",2560,2560,false],"thumbnail":["https:\/\/www.noleaky.com\/wp-content\/uploads\/2025\/06\/Leak_Sealer_5l-150x150.jpg",150,150,true],"medium":["https:\/\/www.noleaky.com\/wp-content\/uploads\/2025\/06\/Leak_Sealer_5l-300x300.jpg",300,300,true],"medium_large":["https:\/\/www.noleaky.com\/wp-content\/uploads\/2025\/06\/Leak_Sealer_5l-768x768.jpg",768,768,true],"large":["https:\/\/www.noleaky.com\/wp-content\/uploads\/2025\/06\/Leak_Sealer_5l-1024x1024.jpg",1024,1024,true],"1536x1536":["https:\/\/www.noleaky.com\/wp-content\/uploads\/2025\/06\/Leak_Sealer_5l-1536x1536.jpg",1536,1536,true],"2048x2048":["https:\/\/www.noleaky.com\/wp-content\/uploads\/2025\/06\/Leak_Sealer_5l-2048x2048.jpg",2048,2048,true],"trp-custom-language-flag":["https:\/\/www.noleaky.com\/wp-content\/uploads\/2025\/06\/Leak_Sealer_5l-12x12.jpg",12,12,true],"woocommerce_thumbnail":["https:\/\/www.noleaky.com\/wp-content\/uploads\/2025\/06\/Leak_Sealer_5l-300x300.jpg",300,300,true],"woocommerce_single":["https:\/\/www.noleaky.com\/wp-content\/uploads\/2025\/06\/Leak_Sealer_5l-600x600.jpg",600,600,true],"woocommerce_gallery_thumbnail":["https:\/\/www.noleaky.com\/wp-content\/uploads\/2025\/06\/Leak_Sealer_5l-100x100.jpg",100,100,true]},"uagb_author_info":{"display_name":"admin","author_link":"https:\/\/www.noleaky.com\/hu\/author\/"},"uagb_comment_info":101,"uagb_excerpt":"Seals all boiler leaks quickly and permanently. Our boiler leak sealer liquid is specially engineered to seal all types of small and micro leaks within central heating systems, including pipes, radiators, joints, and heat exchangers. It circulates with the system water and automatically locates leak points, forming a durable internal seal without the need for&hellip;","_links":{"self":[{"href":"https:\/\/www.noleaky.com\/hu\/wp-json\/wp\/v2\/product\/23014","targetHints":{"allow":["GET"]}}],"collection":[{"href":"https:\/\/www.noleaky.com\/hu\/wp-json\/wp\/v2\/product"}],"about":[{"href":"https:\/\/www.noleaky.com\/hu\/wp-json\/wp\/v2\/types\/product"}],"replies":[{"embeddable":true,"href":"https:\/\/www.noleaky.com\/hu\/wp-json\/wp\/v2\/comments?post=23014"}],"version-history":[{"count":8,"href":"https:\/\/www.noleaky.com\/hu\/wp-json\/wp\/v2\/product\/23014\/revisions"}],"predecessor-version":[{"id":33298,"href":"https:\/\/www.noleaky.com\/hu\/wp-json\/wp\/v2\/product\/23014\/revisions\/33298"}],"wp:featuredmedia":[{"embeddable":true,"href":"https:\/\/www.noleaky.com\/hu\/wp-json\/wp\/v2\/media\/23082"}],"wp:attachment":[{"href":"https:\/\/www.noleaky.com\/hu\/wp-json\/wp\/v2\/media?parent=23014"}],"wp:term":[{"taxonomy":"product_brand","embeddable":true,"href":"https:\/\/www.noleaky.com\/hu\/wp-json\/wp\/v2\/product_brand?post=23014"},{"taxonomy":"product_cat","embeddable":true,"href":"https:\/\/www.noleaky.com\/hu\/wp-json\/wp\/v2\/product_cat?post=23014"},{"taxonomy":"product_tag","embeddable":true,"href":"https:\/\/www.noleaky.com\/hu\/wp-json\/wp\/v2\/product_tag?post=23014"}],"curies":[{"name":"wp","href":"https:\/\/api.w.org\/{rel}","templated":true}]}}