{"id":23007,"date":"2025-06-02T15:49:14","date_gmt":"2025-06-02T13:49:14","guid":{"rendered":"https:\/\/www.noleaky.com\/products\/inhibitor\/"},"modified":"2026-03-01T14:48:22","modified_gmt":"2026-03-01T13:48:22","slug":"inhibitor","status":"publish","type":"product","link":"https:\/\/www.noleaky.com\/hu\/products\/inhibitor\/","title":{"rendered":"Inhibitor"},"content":{"rendered":"<p><strong><img decoding=\"async\" style=\"margin-right: 12px;\" src=\"https:\/\/www.noleaky.com\/wp-content\/uploads\/2026\/02\/Check.svg\" alt=\"\" width=\"18\" height=\"15\" \/>V\u00e9di a f\u0171t\u00e9si rendszert a korr\u00f3zi\u00f3t\u00f3l \u00e9s a bels\u0151 s\u00e9r\u00fcl\u00e9sekt\u0151l.<\/strong> A kaz\u00e1ng\u00e1tl\u00f3t kifejezetten a k\u00f6zponti f\u0171t\u00e9si rendszerek korr\u00f3zi\u00f3, v\u00edzk\u0151 \u00e9s iszaplerak\u00f3d\u00e1s elleni v\u00e9delm\u00e9re fejlesztett\u00fck ki. Az eg\u00e9sz rendszerben kering, v\u00e9d\u0151r\u00e9teget k\u00e9pezve a bels\u0151 f\u00e9mfel\u00fcleteken, hogy megakad\u00e1lyozza a roml\u00e1st \u00e9s meghosszabb\u00edtsa a kaz\u00e1n \u00e9s a radi\u00e1torok \u00e9lettartam\u00e1t.<\/p>\n<p><strong><img decoding=\"async\" style=\"margin-right: 12px;\" src=\"https:\/\/www.noleaky.com\/wp-content\/uploads\/2026\/02\/Check.svg\" alt=\"\" width=\"18\" height=\"15\" \/>A leghat\u00e9konyabb hossz\u00fa t\u00e1v\u00fa v\u00e9delem a kaz\u00e1nok \u00e9s f\u0171t\u00e9si rendszerek sz\u00e1m\u00e1ra.<\/strong> Fejlett, t\u00f6bbkomponens\u0171 formul\u00e1j\u00e1nak k\u00f6sz\u00f6nhet\u0151en ez a leghat\u00e9konyabb kaz\u00e1ng\u00e1tl\u00f3, amely kaphat\u00f3. Akt\u00edvan megakad\u00e1lyozza a rozsda, a v\u00edzk\u0151 \u00e9s a magnetitiszap kialakul\u00e1s\u00e1t, \u00edgy biztos\u00edtja a rendszer optim\u00e1lis hat\u00e9konys\u00e1g\u00e1t, \u00e9s cs\u00f6kkenti a meghib\u00e1sod\u00e1sok vagy a k\u00f6lts\u00e9ges jav\u00edt\u00e1sok kock\u00e1zat\u00e1t.<\/p>\n<p><strong><img decoding=\"async\" style=\"margin-right: 12px;\" src=\"https:\/\/www.noleaky.com\/wp-content\/uploads\/2026\/02\/Check.svg\" alt=\"\" width=\"18\" height=\"15\" \/>A legolcs\u00f3bb professzion\u00e1lis min\u0151s\u00e9g\u0171 inhibitor a piacon.<\/strong> Nagy teljes\u00edtm\u00e9ny\u0171 f\u0171t\u00e9si rendszer-v\u00e9delmet biztos\u00edtunk a legversenyk\u00e9pesebb \u00e1ron. A kaz\u00e1ng\u00e1tl\u00f3nk a legolcs\u00f3bb megold\u00e1s a kateg\u00f3ri\u00e1j\u00e1ban, an\u00e9lk\u00fcl, hogy kompromisszumot k\u00f6tne a min\u0151s\u00e9gben, \u00edgy ide\u00e1lis a h\u00e1ztulajdonosok, a szerel\u0151k \u00e9s a karbantart\u00f3 szakemberek sz\u00e1m\u00e1ra.<\/p>\n<p><strong><img decoding=\"async\" style=\"margin-right: 12px;\" src=\"https:\/\/www.noleaky.com\/wp-content\/uploads\/2026\/02\/Check.svg\" alt=\"\" width=\"18\" height=\"15\" \/>Garant\u00e1lt 24 \u00f3r\u00e1s sz\u00e1ll\u00edt\u00e1s a s\u00fcrg\u0151s rendszerv\u00e9delem \u00e9rdek\u00e9ben.<\/strong> A f\u0171t\u00e9si rendszerek azonnali karbantart\u00e1st ig\u00e9nyelnek, k\u00fcl\u00f6n\u00f6sen t\u00e9l el\u0151tt. Ez\u00e9rt garant\u00e1ljuk a 24 \u00f3r\u00e1s kisz\u00e1ll\u00edt\u00e1st, \u00edgy \u00d6n gyorsan megv\u00e9dheti kaz\u00e1nj\u00e1t, \u00e9s elker\u00fclheti a v\u00e1ratlan teljes\u00edtm\u00e9nyprobl\u00e9m\u00e1kat.<\/p>\n<p><strong><img decoding=\"async\" style=\"margin-right: 12px;\" src=\"https:\/\/www.noleaky.com\/wp-content\/uploads\/2026\/02\/Check.svg\" alt=\"\" width=\"18\" height=\"15\" \/>P\u00e9nzvisszafizet\u00e9si garancia a teljes nyugalom\u00e9rt.<\/strong> Teljes m\u00e9rt\u00e9kben ki\u00e1llunk kaz\u00e1ng\u00e1tl\u00f3ink teljes\u00edtm\u00e9nye m\u00f6g\u00f6tt. Ha nem el\u00e9gedett az eredm\u00e9nnyel, p\u00e9nzvisszafizet\u00e9si garanci\u00e1t v\u00e1llalunk. Egyszer\u0171en vegye fel vel\u00fcnk a kapcsolatot, \u00e9s mi visszat\u00e9r\u00edtj\u00fck a v\u00e9tel\u00e1rat, \u00edgy biztos\u00edtva egy teljesen kock\u00e1zatmentes befektet\u00e9st.<\/p>\n<p><strong><img decoding=\"async\" style=\"margin-right: 12px;\" src=\"https:\/\/www.noleaky.com\/wp-content\/uploads\/2026\/02\/Check.svg\" alt=\"\" width=\"18\" height=\"15\" \/>Megakad\u00e1lyozza az iszapfelhalmoz\u00f3d\u00e1st \u00e9s a radi\u00e1torok elt\u00f6m\u0151d\u00e9s\u00e9t.<\/strong> Id\u0151vel a kezeletlen rendszerekben iszap halmoz\u00f3dhat fel, amely korl\u00e1tozza a v\u00edzkering\u00e9st \u00e9s cs\u00f6kkenti a h\u0151teljes\u00edtm\u00e9nyt. Inhibitorunk megakad\u00e1lyozza az iszapk\u00e9pz\u0151d\u00e9st, fenntartva a megfelel\u0151 \u00e1raml\u00e1st \u00e9s biztos\u00edtva az egyenletes h\u0151eloszl\u00e1st otthon\u00e1ban.<\/p>\n<p><strong><img decoding=\"async\" style=\"margin-right: 12px;\" src=\"https:\/\/www.noleaky.com\/wp-content\/uploads\/2026\/02\/Check.svg\" alt=\"\" width=\"18\" height=\"15\" \/>Cs\u00f6kkenti az energiafogyaszt\u00e1st \u00e9s jav\u00edtja a hat\u00e9konys\u00e1got.<\/strong> A term\u00e9k megakad\u00e1lyozza, hogy a v\u00edzk\u0151 \u00e9s a korr\u00f3zi\u00f3s lerak\u00f3d\u00e1sok a h\u0151cser\u00e9l\u0151 fel\u00fcleteket szigetelj\u00e9k, \u00e9s ez\u00e1ltal hozz\u00e1j\u00e1rul a kaz\u00e1n hat\u00e9konyabb m\u0171k\u00f6d\u00e9s\u00e9hez. A jobb h\u0151\u00e1tad\u00e1s cs\u00f6kkenti az energiapazarl\u00e1st, \u00e9s hozz\u00e1j\u00e1rulhat a f\u0171t\u00e9si k\u00f6lts\u00e9gek cs\u00f6kkent\u00e9s\u00e9hez.<\/p>\n<p><strong><img decoding=\"async\" style=\"margin-right: 12px;\" src=\"https:\/\/www.noleaky.com\/wp-content\/uploads\/2026\/02\/Check.svg\" alt=\"\" width=\"18\" height=\"15\" \/>Kompatibilis a legt\u00f6bb k\u00f6zponti f\u0171t\u00e9si rendszerrel.<\/strong> Alkalmas z\u00e1rt \u00e9s nyitott szell\u0151z\u0151rendszerekben, bele\u00e9rtve az alum\u00ednium, ac\u00e9l, r\u00e9z \u00e9s s\u00e1rgar\u00e9z alkatr\u00e9szeket tartalmaz\u00f3 rendszereket is, ha a gy\u00e1rt\u00f3 aj\u00e1nl\u00e1sainak megfelel\u0151en haszn\u00e1lj\u00e1k.<\/p>\n<p><strong><img decoding=\"async\" style=\"margin-right: 12px;\" src=\"https:\/\/www.noleaky.com\/wp-content\/uploads\/2026\/02\/Check.svg\" alt=\"\" width=\"18\" height=\"15\" \/>Meghosszabb\u00edtja a kaz\u00e1nok \u00e9s radi\u00e1torok \u00e9lettartam\u00e1t.<\/strong> A korr\u00f3zi\u00f3 a f\u0171t\u00e9si rendszer meghib\u00e1sod\u00e1s\u00e1nak egyik f\u0151 oka. Az\u00e1ltal, hogy a rendszer belsej\u00e9ben v\u00e9d\u0151r\u00e9teget k\u00e9pez, az inhibitor cs\u00f6kkenti a kop\u00e1st \u00e9s seg\u00edt meghosszabb\u00edtani a kulcsfontoss\u00e1g\u00fa alkatr\u00e9szek m\u0171k\u00f6d\u00e9si \u00e9lettartam\u00e1t.<\/p>\n<p><strong><img decoding=\"async\" style=\"margin-right: 12px;\" src=\"https:\/\/www.noleaky.com\/wp-content\/uploads\/2026\/02\/Check.svg\" alt=\"\" width=\"18\" height=\"15\" \/>Nagy kezel\u00e9si kapacit\u00e1s kiv\u00e1l\u00f3 rendszerlefedetts\u00e9ggel.<\/strong> Egy tart\u00e1ly \u00e1ltal\u00e1ban elegend\u0151 egy norm\u00e1l h\u00e1ztart\u00e1si f\u0171t\u00e9si rendszer kezel\u00e9s\u00e9hez, amely teljes bels\u0151 lefedetts\u00e9get \u00e9s tart\u00f3s v\u00e9delmet biztos\u00edt an\u00e9lk\u00fcl, hogy t\u00f6bb term\u00e9kre lenne sz\u00fcks\u00e9g.<\/p>\n<h2><strong>Utas\u00edt\u00e1sok<\/strong><\/h2>\n<ul>\n<li>Az inhibitor hozz\u00e1ad\u00e1sa el\u0151tt gy\u0151z\u0151dj\u00f6n meg arr\u00f3l, hogy a f\u0171t\u00e9si rendszer ki van kapcsolva \u00e9s leh\u0171lt.<\/li>\n<li>Ha a rendszer er\u0151sen iszappal szennyezett, az inhibitor hozz\u00e1ad\u00e1sa el\u0151tt v\u00e9gezzen rendszer\u00f6bl\u00edt\u00e9st megfelel\u0151 tiszt\u00edt\u00f3szerrel.<\/li>\n<li>Haszn\u00e1lat el\u0151tt j\u00f3l r\u00e1zza fel a flakont.<\/li>\n<li>Adja hozz\u00e1 a kaz\u00e1ng\u00e1tl\u00f3t radi\u00e1toron, t\u00f6lt\u0151hurokon, adagol\u00f3ed\u00e9nyen vagy t\u00e1gul\u00e1si tart\u00e1lyon kereszt\u00fcl a rendszer kialak\u00edt\u00e1s\u00e1nak megfelel\u0151en.<\/li>\n<li>Az aj\u00e1nlott adagol\u00e1s k\u00f6r\u00fclbel\u00fcl 500 ml egy tipikus, legfeljebb 100 liter kapacit\u00e1s\u00fa h\u00e1ztart\u00e1si f\u0171t\u00e9si rendszerhez. Nagyobb rendszerek eset\u00e9n ar\u00e1nyosan \u00e1ll\u00edtsa be.<\/li>\n<li>A term\u00e9k hozz\u00e1ad\u00e1sa ut\u00e1n legal\u00e1bb 30 percig m\u0171k\u00f6dtesse a f\u0171t\u0151rendszert, hogy a teljes kering\u00e9s biztos\u00edtott legyen.<\/li>\n<li>Sz\u00fcks\u00e9g eset\u00e9n l\u00e9gtelen\u00edtse a radi\u00e1torokat a beszorult leveg\u0151 elt\u00e1vol\u00edt\u00e1sa \u00e9rdek\u00e9ben.<\/li>\n<li>Ellen\u0151rizze a rendszer nyom\u00e1s\u00e1t a felhord\u00e1s ut\u00e1n, \u00e9s sz\u00fcks\u00e9g eset\u00e9n \u00e1ll\u00edtsa be.<\/li>\n<li>A folyamatos v\u00e9delem \u00e9rdek\u00e9ben \u00e9vente ellen\u0151rizze az inhibitor szintj\u00e9t, \u00e9s adagolja \u00fajra, ha a rendszert leeresztett\u00e9k vagy jelent\u0151sen felt\u00f6lt\u00f6tt\u00e9k.<\/li>\n<li>A term\u00e9ket lez\u00e1rt tart\u00e1lyban, h\u0171v\u00f6s, sz\u00e1raz, k\u00f6zvetlen napf\u00e9nyt\u0151l v\u00e9dett helyen t\u00e1rolja.<\/li>\n<\/ul>","protected":false},"excerpt":{"rendered":"<p>Protects your heating system from corrosion and internal damage. Our boiler inhibitor is specially formulated to protect central heating systems against corrosion, limescale formation, and sludge buildup. It circulates throughout the system, creating a protective barrier on internal metal surfaces to prevent deterioration and extend the lifespan of your boiler and radiators. The most effective [&hellip;]<\/p>\n","protected":false},"featured_media":23077,"comment_status":"open","ping_status":"closed","template":"","meta":{"_uag_custom_page_level_css":"","site-sidebar-layout":"default","site-content-layout":"","ast-site-content-layout":"default","site-content-style":"default","site-sidebar-style":"default","ast-global-header-display":"","ast-banner-title-visibility":"","ast-main-header-display":"","ast-hfb-above-header-display":"","ast-hfb-below-header-display":"","ast-hfb-mobile-header-display":"","site-post-title":"","ast-breadcrumbs-content":"","ast-featured-img":"","footer-sml-layout":"","ast-disable-related-posts":"","theme-transparent-header-meta":"default","adv-header-id-meta":"","stick-header-meta":"","header-above-stick-meta":"","header-main-stick-meta":"","header-below-stick-meta":"","astra-migrate-meta-layouts":"set","ast-page-background-enabled":"default","ast-page-background-meta":{"desktop":{"background-color":"var(--ast-global-color-4)","background-image":"","background-repeat":"repeat","background-position":"center center","background-size":"auto","background-attachment":"scroll","background-type":"","background-media":"","overlay-type":"","overlay-color":"","overlay-opacity":"","overlay-gradient":""},"tablet":{"background-color":"","background-image":"","background-repeat":"repeat","background-position":"center center","background-size":"auto","background-attachment":"scroll","background-type":"","background-media":"","overlay-type":"","overlay-color":"","overlay-opacity":"","overlay-gradient":""},"mobile":{"background-color":"","background-image":"","background-repeat":"repeat","background-position":"center center","background-size":"auto","background-attachment":"scroll","background-type":"","background-media":"","overlay-type":"","overlay-color":"","overlay-opacity":"","overlay-gradient":""}},"ast-content-background-meta":{"desktop":{"background-color":"var(--ast-global-color-5)","background-image":"","background-repeat":"repeat","background-position":"center center","background-size":"auto","background-attachment":"scroll","background-type":"","background-media":"","overlay-type":"","overlay-color":"","overlay-opacity":"","overlay-gradient":""},"tablet":{"background-color":"var(--ast-global-color-5)","background-image":"","background-repeat":"repeat","background-position":"center center","background-size":"auto","background-attachment":"scroll","background-type":"","background-media":"","overlay-type":"","overlay-color":"","overlay-opacity":"","overlay-gradient":""},"mobile":{"background-color":"var(--ast-global-color-5)","background-image":"","background-repeat":"repeat","background-position":"center center","background-size":"auto","background-attachment":"scroll","background-type":"","background-media":"","overlay-type":"","overlay-color":"","overlay-opacity":"","overlay-gradient":""}}},"product_brand":[],"product_cat":[177],"product_tag":[],"class_list":{"0":"post-23007","1":"product","2":"type-product","3":"status-publish","4":"has-post-thumbnail","6":"product_cat-heating-system","7":"desktop-align-left","8":"tablet-align-left","9":"mobile-align-left","11":"first","12":"instock","13":"sale","14":"shipping-taxable","15":"purchasable","16":"product-type-variable","17":"has-default-attributes"},"spectra_custom_meta":{"_visibility":["visible"],"_shopify_product_id":["1771049025570"],"_s2w_shopify_domain":["noleaky.myshopify.com"],"_shopify_variant_id":["16277739667490"],"_manage_stock":["no"],"total_sales":["10"],"_tax_status":["taxable"],"_tax_class":[""],"_backorders":["no"],"_sold_individually":["no"],"_virtual":["no"],"_downloadable":["no"],"_download_limit":["-1"],"_download_expiry":["-1"],"_stock":[null],"_stock_status":["instock"],"_wc_average_rating":["4.91"],"_wc_review_count":["79"],"_product_attributes":["a:1:{s:6:\"volume\";a:6:{s:4:\"name\";s:6:\"Volume\";s:5:\"value\";s:30:\"1 liter | 5 liters | 25 liters\";s:8:\"position\";i:1;s:10:\"is_visible\";i:0;s:12:\"is_variation\";i:1;s:11:\"is_taxonomy\";i:0;}}"],"_product_version":["10.5.2"],"_thumbnail_id":["23077"],"_product_image_gallery":["23078"],"_edit_lock":["1772372767:1"],"merchant-center-availability":["yes"],"merchant-center-category":["6773"],"merchant-center-id":["IC"],"_edit_last":["1"],"_wp_page_template":["default"],"site-sidebar-layout":["default"],"ast-site-content-layout":["default"],"site-content-style":["default"],"site-sidebar-style":["default"],"theme-transparent-header-meta":["default"],"_default_attributes":["a:1:{s:6:\"volume\";s:7:\"1 liter\";}"],"_price":["24.90","99.90","399.90"],"_wc_rating_count":["a:2:{i:4;i:7;i:5;i:72;}"],"_upsell_ids":["a:3:{i:0;i:22980;i:1;i:23018;i:2;i:23004;}"],"_crosssell_ids":["a:3:{i:0;i:22980;i:1;i:23018;i:2;i:23004;}"],"astra-migrate-meta-layouts":["set"],"_uag_css_file_name":["uag-css-23007.css"],"_elementor_page_assets":["a:0:{}"],"_uag_page_assets":["a:9:{s:3:\"css\";s:6893:\".wp-block-uagb-image{display:flex}.wp-block-uagb-image__figure{position:relative;display:flex;flex-direction:column;max-width:100%;height:auto;margin:0}.wp-block-uagb-image__figure img{height:auto;display:flex;max-width:100%;transition:box-shadow 0.2s ease}.wp-block-uagb-image__figure>a{display:inline-block}.wp-block-uagb-image__figure figcaption{text-align:center;margin-top:0.5em;margin-bottom:1em}.wp-block-uagb-image .components-placeholder.block-editor-media-placeholder .components-placeholder__instructions{align-self:center}.wp-block-uagb-image--align-left{text-align:left}.wp-block-uagb-image--align-right{text-align:right}.wp-block-uagb-image--align-center{text-align:center}.wp-block-uagb-image--align-full .wp-block-uagb-image__figure{margin-left:calc(50% - 50vw);margin-right:calc(50% - 50vw);max-width:100vw;width:100vw;height:auto}.wp-block-uagb-image--align-full .wp-block-uagb-image__figure img{height:auto;width:100% !important}.wp-block-uagb-image--align-wide .wp-block-uagb-image__figure img{height:auto;width:100%}.wp-block-uagb-image--layout-overlay__color-wrapper{position:absolute;left:0;top:0;right:0;bottom:0;opacity:0.2;background:rgba(0,0,0,0.5);transition:opacity 0.35s ease-in-out}.wp-block-uagb-image--layout-overlay-link{position:absolute;left:0;right:0;bottom:0;top:0}.wp-block-uagb-image--layout-overlay .wp-block-uagb-image__figure:hover .wp-block-uagb-image--layout-overlay__color-wrapper{opacity:1}.wp-block-uagb-image--layout-overlay__inner{position:absolute;left:15px;right:15px;bottom:15px;top:15px;display:flex;align-items:center;justify-content:center;flex-direction:column;border-color:#fff;transition:0.35s ease-in-out}.wp-block-uagb-image--layout-overlay__inner.top-left,.wp-block-uagb-image--layout-overlay__inner.top-center,.wp-block-uagb-image--layout-overlay__inner.top-right{justify-content:flex-start}.wp-block-uagb-image--layout-overlay__inner.bottom-left,.wp-block-uagb-image--layout-overlay__inner.bottom-center,.wp-block-uagb-image--layout-overlay__inner.bottom-right{justify-content:flex-end}.wp-block-uagb-image--layout-overlay__inner.top-left,.wp-block-uagb-image--layout-overlay__inner.center-left,.wp-block-uagb-image--layout-overlay__inner.bottom-left{align-items:flex-start}.wp-block-uagb-image--layout-overlay__inner.top-right,.wp-block-uagb-image--layout-overlay__inner.center-right,.wp-block-uagb-image--layout-overlay__inner.bottom-right{align-items:flex-end}.wp-block-uagb-image--layout-overlay__inner .uagb-image-heading{color:#fff;transition:transform 0.35s, opacity 0.35s ease-in-out;transform:translate3d(0, 24px, 0);margin:0;line-height:1em}.wp-block-uagb-image--layout-overlay__inner .uagb-image-separator{width:30%;border-top-width:2px;border-top-color:#fff;border-top-style:solid;margin-bottom:10px;opacity:0;transition:transform 0.4s, opacity 0.4s ease-in-out;transform:translate3d(0, 30px, 0)}.wp-block-uagb-image--layout-overlay__inner .uagb-image-caption{opacity:0;overflow:visible;color:#fff;transition:transform 0.45s, opacity 0.45s ease-in-out;transform:translate3d(0, 35px, 0)}.wp-block-uagb-image--layout-overlay__inner:hover .uagb-image-heading,.wp-block-uagb-image--layout-overlay__inner:hover .uagb-image-separator,.wp-block-uagb-image--layout-overlay__inner:hover .uagb-image-caption{opacity:1;transform:translate3d(0, 0, 0)}.wp-block-uagb-image--effect-zoomin .wp-block-uagb-image__figure img,.wp-block-uagb-image--effect-zoomin .wp-block-uagb-image__figure .wp-block-uagb-image--layout-overlay__color-wrapper{transform:scale(1);transition:transform 0.35s ease-in-out}.wp-block-uagb-image--effect-zoomin .wp-block-uagb-image__figure:hover img,.wp-block-uagb-image--effect-zoomin .wp-block-uagb-image__figure:hover .wp-block-uagb-image--layout-overlay__color-wrapper{transform:scale(1.05)}.wp-block-uagb-image--effect-slide .wp-block-uagb-image__figure img,.wp-block-uagb-image--effect-slide .wp-block-uagb-image__figure .wp-block-uagb-image--layout-overlay__color-wrapper{width:calc(100% + 40px) !important;max-width:none !important;transform:translate3d(-40px, 0, 0);transition:transform 0.35s ease-in-out}.wp-block-uagb-image--effect-slide .wp-block-uagb-image__figure:hover img,.wp-block-uagb-image--effect-slide .wp-block-uagb-image__figure:hover .wp-block-uagb-image--layout-overlay__color-wrapper{transform:translate3d(0, 0, 0)}.wp-block-uagb-image--effect-grayscale img{filter:grayscale(0%);transition:0.35s ease-in-out}.wp-block-uagb-image--effect-grayscale:hover img{filter:grayscale(100%)}.wp-block-uagb-image--effect-blur img{filter:blur(0);transition:0.35s ease-in-out}.wp-block-uagb-image--effect-blur:hover img{filter:blur(3px)}\n.uagb-block-e6f939b3.wp-block-uagb-image--layout-default figure img{box-shadow: 0px 0px 0 #00000070;}.uagb-block-e6f939b3.wp-block-uagb-image .wp-block-uagb-image__figure figcaption{font-style: normal;align-self: center;}.uagb-block-e6f939b3.wp-block-uagb-image--layout-overlay figure img{box-shadow: 0px 0px 0 #00000070;}.uagb-block-e6f939b3.wp-block-uagb-image--layout-overlay .wp-block-uagb-image--layout-overlay__color-wrapper{opacity: 0.2;}.uagb-block-e6f939b3.wp-block-uagb-image--layout-overlay .wp-block-uagb-image--layout-overlay__inner{left: 15px;right: 15px;top: 15px;bottom: 15px;}.uagb-block-e6f939b3.wp-block-uagb-image--layout-overlay .wp-block-uagb-image--layout-overlay__inner .uagb-image-heading{font-style: normal;color: #fff;opacity: 1;}.uagb-block-e6f939b3.wp-block-uagb-image--layout-overlay .wp-block-uagb-image--layout-overlay__inner .uagb-image-heading a{color: #fff;}.uagb-block-e6f939b3.wp-block-uagb-image--layout-overlay .wp-block-uagb-image--layout-overlay__inner .uagb-image-caption{opacity: 0;}.uagb-block-e6f939b3.wp-block-uagb-image--layout-overlay .wp-block-uagb-image__figure:hover .wp-block-uagb-image--layout-overlay__color-wrapper{opacity: 1;}.uagb-block-e6f939b3.wp-block-uagb-image .wp-block-uagb-image--layout-overlay__inner .uagb-image-separator{width: 30%;border-top-width: 2px;border-top-color: #fff;opacity: 0;}.uagb-block-e6f939b3.wp-block-uagb-image .wp-block-uagb-image__figure img{width: px;height: auto;}.uagb-block-e6f939b3.wp-block-uagb-image .wp-block-uagb-image__figure:hover .wp-block-uagb-image--layout-overlay__inner .uagb-image-caption{opacity: 1;}.uagb-block-e6f939b3.wp-block-uagb-image .wp-block-uagb-image__figure:hover .wp-block-uagb-image--layout-overlay__inner .uagb-image-separator{opacity: 1;}.uagb-block-e6f939b3.wp-block-uagb-image--layout-default figure:hover img{box-shadow: 0px 0px 0 #00000070;}.uagb-block-e6f939b3.wp-block-uagb-image--layout-overlay figure:hover img{box-shadow: 0px 0px 0 #00000070;}@media only screen and (max-width: 976px) {.uagb-block-e6f939b3.wp-block-uagb-image .wp-block-uagb-image__figure img{width: px;height: auto;}}@media only screen and (max-width: 767px) {.uagb-block-e6f939b3.wp-block-uagb-image .wp-block-uagb-image__figure img{width: px;height: auto;}}\";s:2:\"js\";s:0:\"\";s:18:\"current_block_list\";a:13:{i:0;s:11:\"core\/search\";i:1;s:10:\"core\/group\";i:2;s:12:\"core\/heading\";i:3;s:17:\"core\/latest-posts\";i:4;s:20:\"core\/latest-comments\";i:5;s:13:\"core\/archives\";i:6;s:15:\"core\/categories\";i:7;s:14:\"core\/paragraph\";i:8;s:10:\"uagb\/image\";i:9;s:11:\"core\/spacer\";i:10;s:30:\"woocommerce\/product-categories\";i:11;s:10:\"core\/image\";i:12;s:14:\"core\/shortcode\";}s:8:\"uag_flag\";b:1;s:11:\"uag_version\";s:10:\"1776751852\";s:6:\"gfonts\";a:0:{}s:10:\"gfonts_url\";s:0:\"\";s:12:\"gfonts_files\";a:0:{}s:14:\"uag_faq_layout\";b:0;}"]},"uagb_featured_image_src":{"full":["https:\/\/www.noleaky.com\/wp-content\/uploads\/2025\/06\/Inhibitor5L.jpg",2560,2560,false],"thumbnail":["https:\/\/www.noleaky.com\/wp-content\/uploads\/2025\/06\/Inhibitor5L-150x150.jpg",150,150,true],"medium":["https:\/\/www.noleaky.com\/wp-content\/uploads\/2025\/06\/Inhibitor5L-300x300.jpg",300,300,true],"medium_large":["https:\/\/www.noleaky.com\/wp-content\/uploads\/2025\/06\/Inhibitor5L-768x768.jpg",768,768,true],"large":["https:\/\/www.noleaky.com\/wp-content\/uploads\/2025\/06\/Inhibitor5L-1024x1024.jpg",1024,1024,true],"1536x1536":["https:\/\/www.noleaky.com\/wp-content\/uploads\/2025\/06\/Inhibitor5L-1536x1536.jpg",1536,1536,true],"2048x2048":["https:\/\/www.noleaky.com\/wp-content\/uploads\/2025\/06\/Inhibitor5L-2048x2048.jpg",2048,2048,true],"trp-custom-language-flag":["https:\/\/www.noleaky.com\/wp-content\/uploads\/2025\/06\/Inhibitor5L-12x12.jpg",12,12,true],"woocommerce_thumbnail":["https:\/\/www.noleaky.com\/wp-content\/uploads\/2025\/06\/Inhibitor5L-300x300.jpg",300,300,true],"woocommerce_single":["https:\/\/www.noleaky.com\/wp-content\/uploads\/2025\/06\/Inhibitor5L-600x600.jpg",600,600,true],"woocommerce_gallery_thumbnail":["https:\/\/www.noleaky.com\/wp-content\/uploads\/2025\/06\/Inhibitor5L-100x100.jpg",100,100,true]},"uagb_author_info":{"display_name":"admin","author_link":"https:\/\/www.noleaky.com\/hu\/author\/"},"uagb_comment_info":79,"uagb_excerpt":"Protects your heating system from corrosion and internal damage. Our boiler inhibitor is specially formulated to protect central heating systems against corrosion, limescale formation, and sludge buildup. It circulates throughout the system, creating a protective barrier on internal metal surfaces to prevent deterioration and extend the lifespan of your boiler and radiators. The most effective&hellip;","_links":{"self":[{"href":"https:\/\/www.noleaky.com\/hu\/wp-json\/wp\/v2\/product\/23007","targetHints":{"allow":["GET"]}}],"collection":[{"href":"https:\/\/www.noleaky.com\/hu\/wp-json\/wp\/v2\/product"}],"about":[{"href":"https:\/\/www.noleaky.com\/hu\/wp-json\/wp\/v2\/types\/product"}],"replies":[{"embeddable":true,"href":"https:\/\/www.noleaky.com\/hu\/wp-json\/wp\/v2\/comments?post=23007"}],"version-history":[{"count":3,"href":"https:\/\/www.noleaky.com\/hu\/wp-json\/wp\/v2\/product\/23007\/revisions"}],"predecessor-version":[{"id":33269,"href":"https:\/\/www.noleaky.com\/hu\/wp-json\/wp\/v2\/product\/23007\/revisions\/33269"}],"wp:featuredmedia":[{"embeddable":true,"href":"https:\/\/www.noleaky.com\/hu\/wp-json\/wp\/v2\/media\/23077"}],"wp:attachment":[{"href":"https:\/\/www.noleaky.com\/hu\/wp-json\/wp\/v2\/media?parent=23007"}],"wp:term":[{"taxonomy":"product_brand","embeddable":true,"href":"https:\/\/www.noleaky.com\/hu\/wp-json\/wp\/v2\/product_brand?post=23007"},{"taxonomy":"product_cat","embeddable":true,"href":"https:\/\/www.noleaky.com\/hu\/wp-json\/wp\/v2\/product_cat?post=23007"},{"taxonomy":"product_tag","embeddable":true,"href":"https:\/\/www.noleaky.com\/hu\/wp-json\/wp\/v2\/product_tag?post=23007"}],"curies":[{"name":"wp","href":"https:\/\/api.w.org\/{rel}","templated":true}]}}