{"id":23004,"date":"2025-06-02T15:49:13","date_gmt":"2025-06-02T13:49:13","guid":{"rendered":"https:\/\/www.noleaky.com\/products\/inhibited-antifreeze\/"},"modified":"2026-03-01T14:51:36","modified_gmt":"2026-03-01T13:51:36","slug":"inhibited-antifreeze","status":"publish","type":"product","link":"https:\/\/www.noleaky.com\/hu\/products\/inhibited-antifreeze\/","title":{"rendered":"G\u00e1tolt fagy\u00e1ll\u00f3"},"content":{"rendered":"<p><strong><img decoding=\"async\" style=\"margin-right: 12px;\" src=\"https:\/\/www.noleaky.com\/wp-content\/uploads\/2026\/02\/Check.svg\" alt=\"\" width=\"18\" height=\"15\" \/>Teljes fagy- \u00e9s korr\u00f3zi\u00f3v\u00e9delem f\u0171t\u00e9si rendszerekhez -37\u00b0 C-ig.<\/strong> A kaz\u00e1ng\u00e1tl\u00f3 fagy\u00e1ll\u00f3 folyad\u00e9kot kifejezetten \u00fagy fejlesztett\u00fck ki, hogy megv\u00e9dje a k\u00f6zponti f\u0171t\u00e9si rendszereket a fagy\u00e1st\u00f3l ak\u00e1r -37 Celsius-fokos sz\u00e9ls\u0151s\u00e9ges h\u0151m\u00e9rs\u00e9kleten is. Megakad\u00e1lyozza a j\u00e9gk\u00e9pz\u0151d\u00e9st a cs\u00f6vekben, radi\u00e1torokban \u00e9s kaz\u00e1nokban, kik\u00fcsz\u00f6b\u00f6lve a k\u00f6lts\u00e9ges fagy\u00e1si k\u00e1rok kock\u00e1zat\u00e1t a kem\u00e9ny t\u00e9li k\u00f6r\u00fclm\u00e9nyek k\u00f6z\u00f6tt.<\/p>\n<p><strong><img decoding=\"async\" style=\"margin-right: 12px;\" src=\"https:\/\/www.noleaky.com\/wp-content\/uploads\/2026\/02\/Check.svg\" alt=\"\" width=\"18\" height=\"15\" \/>Az el\u00e9rhet\u0151 leghat\u00e9konyabb kett\u0151s hat\u00e1s\u00fa v\u00e9delmi formula.<\/strong> Ez a leghat\u00e9konyabb kaz\u00e1nfagy\u00e1ll\u00f3 megold\u00e1s a piacon, mivel az er\u0151teljes fagyv\u00e9delmet fejlett korr\u00f3zi\u00f3g\u00e1tl\u00f3kkal kombin\u00e1lja. Nemcsak a befagy\u00e1st akad\u00e1lyozza meg, hanem a bels\u0151 f\u00e9m alkatr\u00e9szeket is v\u00e9di a rozsd\u00e1t\u00f3l, a v\u00edzk\u0151 \u00e9s az iszapk\u00e9pz\u0151d\u00e9st\u0151l.<\/p>\n<p><strong><img decoding=\"async\" style=\"margin-right: 12px;\" src=\"https:\/\/www.noleaky.com\/wp-content\/uploads\/2026\/02\/Check.svg\" alt=\"\" width=\"18\" height=\"15\" \/>A legolcs\u00f3bb nagy teljes\u00edtm\u00e9ny\u0171 fagy\u00e1ll\u00f3 folyad\u00e9k kaz\u00e1nokhoz.<\/strong> Professzion\u00e1lis min\u0151s\u00e9g\u0171 fagy- \u00e9s korr\u00f3zi\u00f3v\u00e9delmet k\u00edn\u00e1lunk a legversenyk\u00e9pesebb \u00e1ron. A mi kaz\u00e1ng\u00e1tl\u00f3 fagy\u00e1ll\u00f3ink a legolcs\u00f3bb megold\u00e1s a kateg\u00f3ri\u00e1j\u00e1ban, an\u00e9lk\u00fcl, hogy kompromisszumot k\u00f6tn\u00e9nk a min\u0151s\u00e9g vagy a megb\u00edzhat\u00f3s\u00e1g ter\u00e9n, \u00edgy ide\u00e1lis a h\u00e1ztulajdonosok \u00e9s a f\u0171t\u00e9si szakemberek sz\u00e1m\u00e1ra.<\/p>\n<p><strong><img decoding=\"async\" style=\"margin-right: 12px;\" src=\"https:\/\/www.noleaky.com\/wp-content\/uploads\/2026\/02\/Check.svg\" alt=\"\" width=\"18\" height=\"15\" \/>Garant\u00e1ltan 24 \u00f3r\u00e1s sz\u00e1ll\u00edt\u00e1s a s\u00fcrg\u0151s t\u00e9li felk\u00e9sz\u00fcl\u00e9shez.<\/strong> A hideg id\u0151j\u00e1r\u00e1s v\u00e1ratlanul \u00e9rkezhet. Ez\u00e9rt garant\u00e1ljuk a 24 \u00f3r\u00e1s sz\u00e1ll\u00edt\u00e1st, \u00edgy biztos\u00edtva, hogy azonnal megv\u00e9dhesse f\u0171t\u00e9si rendszer\u00e9t, \u00e9s elker\u00fclhesse a s\u00fcrg\u0151ss\u00e9gi jav\u00edt\u00e1sokat.<\/p>\n<p><strong><img decoding=\"async\" style=\"margin-right: 12px;\" src=\"https:\/\/www.noleaky.com\/wp-content\/uploads\/2026\/02\/Check.svg\" alt=\"\" width=\"18\" height=\"15\" \/>P\u00e9nzvisszafizet\u00e9si garancia a teljes bizalom\u00e9rt.<\/strong> Teljes m\u00e9rt\u00e9kben ki\u00e1llunk a kaz\u00e1ng\u00e1tl\u00f3 fagy\u00e1ll\u00f3ink teljes\u00edtm\u00e9nye m\u00f6g\u00f6tt. Ha nem el\u00e9gedett, p\u00e9nzvisszafizet\u00e9si garanci\u00e1t v\u00e1llalunk. Egyszer\u0171en vegye fel vel\u00fcnk a kapcsolatot, \u00e9s mi visszat\u00e9r\u00edtj\u00fck a v\u00e9tel\u00e1rat, \u00edgy teljesen kock\u00e1zatmentes \u00e9lm\u00e9nyt ny\u00fajtunk.<\/p>\n<p><strong><img decoding=\"async\" style=\"margin-right: 12px;\" src=\"https:\/\/www.noleaky.com\/wp-content\/uploads\/2026\/02\/Check.svg\" alt=\"\" width=\"18\" height=\"15\" \/>Megakad\u00e1lyozza a korr\u00f3zi\u00f3t \u00e9s a bels\u0151 roml\u00e1st.<\/strong> A fagyv\u00e9delem mellett a be\u00e9p\u00edtett korr\u00f3zi\u00f3g\u00e1tl\u00f3k v\u00e9d\u0151r\u00e9teget hoznak l\u00e9tre a bels\u0151 f\u00e9mfel\u00fcleteken, cs\u00f6kkentve a rozsdak\u00e9pz\u0151d\u00e9st \u00e9s meghosszabb\u00edtva a kaz\u00e1nok, szivatty\u00fak \u00e9s radi\u00e1torok \u00e9lettartam\u00e1t.<\/p>\n<p><strong><img decoding=\"async\" style=\"margin-right: 12px;\" src=\"https:\/\/www.noleaky.com\/wp-content\/uploads\/2026\/02\/Check.svg\" alt=\"\" width=\"18\" height=\"15\" \/>Cs\u00f6kkenti az iszap- \u00e9s v\u00edzk\u0151lerak\u00f3d\u00e1st.<\/strong> A k\u00e9sz\u00edtm\u00e9ny seg\u00edt minimaliz\u00e1lni a v\u00edzk\u0151 \u00e9s a magnetitiszap k\u00e9pz\u0151d\u00e9s\u00e9t, fenntartva a hat\u00e9kony v\u00edzkering\u00e9st \u00e9s az optim\u00e1lis h\u0151\u00e1tad\u00e1st a rendszerben.<\/p>\n<p><strong><img decoding=\"async\" style=\"margin-right: 12px;\" src=\"https:\/\/www.noleaky.com\/wp-content\/uploads\/2026\/02\/Check.svg\" alt=\"\" width=\"18\" height=\"15\" \/>Sz\u00e9ls\u0151s\u00e9ges k\u00f6r\u00fclm\u00e9nyek k\u00f6z\u00f6tt is fenntartja a rendszer hat\u00e9konys\u00e1g\u00e1t.<\/strong> A fagy\u00e1sg\u00e1tl\u00f3 a befagy\u00e1s \u00e9s a bels\u0151 lerak\u00f3d\u00e1sok megakad\u00e1lyoz\u00e1s\u00e1val biztos\u00edtja az egyenletes h\u0151eloszt\u00e1st \u00e9s a stabil kaz\u00e1nteljes\u00edtm\u00e9nyt m\u00e9g a hosszabb hideg id\u0151szakokban is.<\/p>\n<p><strong><img decoding=\"async\" style=\"margin-right: 12px;\" src=\"https:\/\/www.noleaky.com\/wp-content\/uploads\/2026\/02\/Check.svg\" alt=\"\" width=\"18\" height=\"15\" \/>Kompatibilis a legt\u00f6bb k\u00f6zponti f\u0171t\u00e9si rendszerrel.<\/strong> Alkalmas z\u00e1rt \u00e9s nyitott szell\u0151z\u0151ny\u00edl\u00e1s\u00fa f\u0171t\u00e9si rendszerekhez, bele\u00e9rtve az alum\u00ednium, ac\u00e9l, r\u00e9z \u00e9s s\u00e1rgar\u00e9z alkatr\u00e9szeket tartalmaz\u00f3 rendszereket is, ha a gy\u00e1rt\u00f3 ir\u00e1nymutat\u00e1sainak megfelel\u0151en haszn\u00e1lj\u00e1k.<\/p>\n<p><strong><img decoding=\"async\" style=\"margin-right: 12px;\" src=\"https:\/\/www.noleaky.com\/wp-content\/uploads\/2026\/02\/Check.svg\" alt=\"\" width=\"18\" height=\"15\" \/>Magas rendszerlefedetts\u00e9g, hosszan tart\u00f3 v\u00e9delemmel.<\/strong> Egy tart\u00e1ly egy szabv\u00e1nyos h\u00e1ztart\u00e1si f\u0171t\u00e9si rendszer kezel\u00e9s\u00e9re szolg\u00e1l, teljes bels\u0151 lefedetts\u00e9get \u00e9s kiterjesztett fagy- \u00e9s korr\u00f3zi\u00f3v\u00e9delmet biztos\u00edt, tov\u00e1bbi adal\u00e9kanyagok n\u00e9lk\u00fcl.<\/p>\n<h2><strong>Utas\u00edt\u00e1sok<\/strong><\/h2>\n<ul>\n<li>A term\u00e9k hozz\u00e1ad\u00e1sa el\u0151tt gy\u0151z\u0151dj\u00f6n meg arr\u00f3l, hogy a f\u0171t\u00e9si rendszer ki van kapcsolva \u00e9s teljesen kih\u0171lt.<\/li>\n<li>Ha a rendszer r\u00e9gi vagy szennyezett vizet tartalmaz, az optim\u00e1lis teljes\u00edtm\u00e9ny \u00e9rdek\u00e9ben fontolja meg annak \u00e1t\u00f6bl\u00edt\u00e9s\u00e9t a fagy\u00e1ll\u00f3 folyad\u00e9k bevezet\u00e9se el\u0151tt.<\/li>\n<li>Haszn\u00e1lat el\u0151tt alaposan r\u00e1zza fel a tart\u00e1lyt.<\/li>\n<li>Sz\u00fcks\u00e9g eset\u00e9n engedjen le megfelel\u0151 mennyis\u00e9g\u0171 vizet a rendszerb\u0151l a megfelel\u0151 fagy\u00e1ll\u00f3 koncentr\u00e1ci\u00f3 \u00e9rdek\u00e9ben.<\/li>\n<li>Adja hozz\u00e1 a kaz\u00e1ng\u00e1tl\u00f3 fagy\u00e1ll\u00f3 folyad\u00e9kot radi\u00e1toron, adagol\u00f3ed\u00e9nyen, t\u00f6lt\u0151hurokon vagy t\u00e1gul\u00e1si tart\u00e1lyon kereszt\u00fcl a rendszer konfigur\u00e1ci\u00f3j\u00e1t\u00f3l f\u00fcgg\u0151en.<\/li>\n<li>Az aj\u00e1nlott adagol\u00e1s a k\u00edv\u00e1nt fagyv\u00e9delmi szintt\u0151l f\u00fcgg. A -37 \u00b0C-ig t\u00f6rt\u00e9n\u0151 v\u00e9delemhez a term\u00e9ket a c\u00edmk\u00e9n megadott koncentr\u00e1ci\u00f3ban haszn\u00e1lja, ami \u00e1ltal\u00e1ban a rendszer teljes t\u00e9rfogat\u00e1nak 40-50 sz\u00e1zal\u00e9ka.<\/li>\n<li>A felt\u00f6lt\u00e9s ut\u00e1n legal\u00e1bb 30 percig m\u0171k\u00f6dtesse a f\u0171t\u0151rendszert a teljes kering\u00e9s \u00e9s az egyenletes eloszl\u00e1s biztos\u00edt\u00e1sa \u00e9rdek\u00e9ben.<\/li>\n<li>A radi\u00e1torok l\u00e9gtelen\u00edt\u00e9se a beszorult leveg\u0151 elt\u00e1vol\u00edt\u00e1sa \u00e9s a rendszernyom\u00e1s ellen\u0151rz\u00e9se, sz\u00fcks\u00e9g eset\u00e9n be\u00e1ll\u00edt\u00e1sa.<\/li>\n<li>Rendszeresen ellen\u0151rizze a fagy\u00e1ll\u00f3 folyad\u00e9k koncentr\u00e1ci\u00f3j\u00e1t, k\u00fcl\u00f6n\u00f6sen a rendszer leereszt\u00e9se vagy felt\u00f6lt\u00e9se ut\u00e1n.<\/li>\n<li>A term\u00e9ket lez\u00e1rt tart\u00e1lyban, h\u0171v\u00f6s, sz\u00e1raz helyen, k\u00f6zvetlen napf\u00e9nyt\u0151l \u00e9s sz\u00e9ls\u0151s\u00e9ges h\u0151forr\u00e1sokt\u00f3l v\u00e9dett helyen t\u00e1rolja.<\/li>\n<\/ul>","protected":false},"excerpt":{"rendered":"<p>Complete frost and corrosion protection for heating systems down to -37\u00b0 C. Our boiler inhibited antifreeze is specially formulated to protect central heating systems from freezing in extreme temperatures as low as -37 degrees Celsius. It prevents ice formation inside pipes, radiators, and boilers, eliminating the risk of costly freeze damage during severe winter conditions. [&hellip;]<\/p>\n","protected":false},"featured_media":23074,"comment_status":"open","ping_status":"closed","template":"","meta":{"_uag_custom_page_level_css":"","site-sidebar-layout":"default","site-content-layout":"","ast-site-content-layout":"default","site-content-style":"default","site-sidebar-style":"default","ast-global-header-display":"","ast-banner-title-visibility":"","ast-main-header-display":"","ast-hfb-above-header-display":"","ast-hfb-below-header-display":"","ast-hfb-mobile-header-display":"","site-post-title":"","ast-breadcrumbs-content":"","ast-featured-img":"","footer-sml-layout":"","ast-disable-related-posts":"","theme-transparent-header-meta":"default","adv-header-id-meta":"","stick-header-meta":"","header-above-stick-meta":"","header-main-stick-meta":"","header-below-stick-meta":"","astra-migrate-meta-layouts":"set","ast-page-background-enabled":"default","ast-page-background-meta":{"desktop":{"background-color":"var(--ast-global-color-4)","background-image":"","background-repeat":"repeat","background-position":"center center","background-size":"auto","background-attachment":"scroll","background-type":"","background-media":"","overlay-type":"","overlay-color":"","overlay-opacity":"","overlay-gradient":""},"tablet":{"background-color":"","background-image":"","background-repeat":"repeat","background-position":"center center","background-size":"auto","background-attachment":"scroll","background-type":"","background-media":"","overlay-type":"","overlay-color":"","overlay-opacity":"","overlay-gradient":""},"mobile":{"background-color":"","background-image":"","background-repeat":"repeat","background-position":"center center","background-size":"auto","background-attachment":"scroll","background-type":"","background-media":"","overlay-type":"","overlay-color":"","overlay-opacity":"","overlay-gradient":""}},"ast-content-background-meta":{"desktop":{"background-color":"var(--ast-global-color-5)","background-image":"","background-repeat":"repeat","background-position":"center center","background-size":"auto","background-attachment":"scroll","background-type":"","background-media":"","overlay-type":"","overlay-color":"","overlay-opacity":"","overlay-gradient":""},"tablet":{"background-color":"var(--ast-global-color-5)","background-image":"","background-repeat":"repeat","background-position":"center center","background-size":"auto","background-attachment":"scroll","background-type":"","background-media":"","overlay-type":"","overlay-color":"","overlay-opacity":"","overlay-gradient":""},"mobile":{"background-color":"var(--ast-global-color-5)","background-image":"","background-repeat":"repeat","background-position":"center center","background-size":"auto","background-attachment":"scroll","background-type":"","background-media":"","overlay-type":"","overlay-color":"","overlay-opacity":"","overlay-gradient":""}}},"product_brand":[],"product_cat":[177],"product_tag":[],"class_list":{"0":"post-23004","1":"product","2":"type-product","3":"status-publish","4":"has-post-thumbnail","6":"product_cat-heating-system","7":"desktop-align-left","8":"tablet-align-left","9":"mobile-align-left","11":"first","12":"instock","13":"sale","14":"shipping-taxable","15":"purchasable","16":"product-type-variable","17":"has-default-attributes"},"spectra_custom_meta":{"_visibility":["visible"],"_shopify_product_id":["1771050041378"],"_s2w_shopify_domain":["noleaky.myshopify.com"],"_shopify_variant_id":["16277746057250"],"_manage_stock":["no"],"total_sales":["3"],"_tax_status":["taxable"],"_tax_class":[""],"_backorders":["no"],"_sold_individually":["no"],"_virtual":["no"],"_downloadable":["no"],"_download_limit":["-1"],"_download_expiry":["-1"],"_stock":[null],"_stock_status":["instock"],"_wc_average_rating":["4.85"],"_wc_review_count":["85"],"_product_attributes":["a:1:{s:6:\"volume\";a:6:{s:4:\"name\";s:6:\"Volume\";s:5:\"value\";s:20:\"5 liters | 25 liters\";s:8:\"position\";i:1;s:10:\"is_visible\";i:0;s:12:\"is_variation\";i:1;s:11:\"is_taxonomy\";i:0;}}"],"_product_version":["10.5.2"],"_thumbnail_id":["23074"],"_product_image_gallery":["23075"],"_edit_lock":["1772372962:1"],"merchant-center-availability":["yes"],"merchant-center-category":["6773"],"merchant-center-id":["AC"],"_edit_last":["1"],"_wp_page_template":["default"],"site-sidebar-layout":["default"],"ast-site-content-layout":["default"],"site-content-style":["default"],"site-sidebar-style":["default"],"theme-transparent-header-meta":["default"],"_default_attributes":["a:1:{s:6:\"volume\";s:8:\"5 liters\";}"],"_price":["39.90","99.90"],"_wc_rating_count":["a:3:{i:3;i:2;i:4;i:9;i:5;i:74;}"],"_upsell_ids":["a:3:{i:0;i:22980;i:1;i:23018;i:2;i:23007;}"],"_crosssell_ids":["a:3:{i:0;i:22980;i:1;i:23018;i:2;i:23007;}"],"astra-migrate-meta-layouts":["set"],"_uag_css_file_name":["uag-css-23004.css"],"_elementor_page_assets":["a:0:{}"],"_uag_page_assets":["a:9:{s:3:\"css\";s:7156:\".uag-blocks-common-selector{z-index:var(--z-index-desktop) !important}@media (max-width: 976px){.uag-blocks-common-selector{z-index:var(--z-index-tablet) !important}}@media (max-width: 767px){.uag-blocks-common-selector{z-index:var(--z-index-mobile) !important}}\n.wp-block-uagb-image{display:flex}.wp-block-uagb-image__figure{position:relative;display:flex;flex-direction:column;max-width:100%;height:auto;margin:0}.wp-block-uagb-image__figure img{height:auto;display:flex;max-width:100%;transition:box-shadow 0.2s ease}.wp-block-uagb-image__figure>a{display:inline-block}.wp-block-uagb-image__figure figcaption{text-align:center;margin-top:0.5em;margin-bottom:1em}.wp-block-uagb-image .components-placeholder.block-editor-media-placeholder .components-placeholder__instructions{align-self:center}.wp-block-uagb-image--align-left{text-align:left}.wp-block-uagb-image--align-right{text-align:right}.wp-block-uagb-image--align-center{text-align:center}.wp-block-uagb-image--align-full .wp-block-uagb-image__figure{margin-left:calc(50% - 50vw);margin-right:calc(50% - 50vw);max-width:100vw;width:100vw;height:auto}.wp-block-uagb-image--align-full .wp-block-uagb-image__figure img{height:auto;width:100% !important}.wp-block-uagb-image--align-wide .wp-block-uagb-image__figure img{height:auto;width:100%}.wp-block-uagb-image--layout-overlay__color-wrapper{position:absolute;left:0;top:0;right:0;bottom:0;opacity:0.2;background:rgba(0,0,0,0.5);transition:opacity 0.35s ease-in-out}.wp-block-uagb-image--layout-overlay-link{position:absolute;left:0;right:0;bottom:0;top:0}.wp-block-uagb-image--layout-overlay .wp-block-uagb-image__figure:hover .wp-block-uagb-image--layout-overlay__color-wrapper{opacity:1}.wp-block-uagb-image--layout-overlay__inner{position:absolute;left:15px;right:15px;bottom:15px;top:15px;display:flex;align-items:center;justify-content:center;flex-direction:column;border-color:#fff;transition:0.35s ease-in-out}.wp-block-uagb-image--layout-overlay__inner.top-left,.wp-block-uagb-image--layout-overlay__inner.top-center,.wp-block-uagb-image--layout-overlay__inner.top-right{justify-content:flex-start}.wp-block-uagb-image--layout-overlay__inner.bottom-left,.wp-block-uagb-image--layout-overlay__inner.bottom-center,.wp-block-uagb-image--layout-overlay__inner.bottom-right{justify-content:flex-end}.wp-block-uagb-image--layout-overlay__inner.top-left,.wp-block-uagb-image--layout-overlay__inner.center-left,.wp-block-uagb-image--layout-overlay__inner.bottom-left{align-items:flex-start}.wp-block-uagb-image--layout-overlay__inner.top-right,.wp-block-uagb-image--layout-overlay__inner.center-right,.wp-block-uagb-image--layout-overlay__inner.bottom-right{align-items:flex-end}.wp-block-uagb-image--layout-overlay__inner .uagb-image-heading{color:#fff;transition:transform 0.35s, opacity 0.35s ease-in-out;transform:translate3d(0, 24px, 0);margin:0;line-height:1em}.wp-block-uagb-image--layout-overlay__inner .uagb-image-separator{width:30%;border-top-width:2px;border-top-color:#fff;border-top-style:solid;margin-bottom:10px;opacity:0;transition:transform 0.4s, opacity 0.4s ease-in-out;transform:translate3d(0, 30px, 0)}.wp-block-uagb-image--layout-overlay__inner .uagb-image-caption{opacity:0;overflow:visible;color:#fff;transition:transform 0.45s, opacity 0.45s ease-in-out;transform:translate3d(0, 35px, 0)}.wp-block-uagb-image--layout-overlay__inner:hover .uagb-image-heading,.wp-block-uagb-image--layout-overlay__inner:hover .uagb-image-separator,.wp-block-uagb-image--layout-overlay__inner:hover .uagb-image-caption{opacity:1;transform:translate3d(0, 0, 0)}.wp-block-uagb-image--effect-zoomin .wp-block-uagb-image__figure img,.wp-block-uagb-image--effect-zoomin .wp-block-uagb-image__figure .wp-block-uagb-image--layout-overlay__color-wrapper{transform:scale(1);transition:transform 0.35s ease-in-out}.wp-block-uagb-image--effect-zoomin .wp-block-uagb-image__figure:hover img,.wp-block-uagb-image--effect-zoomin .wp-block-uagb-image__figure:hover .wp-block-uagb-image--layout-overlay__color-wrapper{transform:scale(1.05)}.wp-block-uagb-image--effect-slide .wp-block-uagb-image__figure img,.wp-block-uagb-image--effect-slide .wp-block-uagb-image__figure .wp-block-uagb-image--layout-overlay__color-wrapper{width:calc(100% + 40px) !important;max-width:none !important;transform:translate3d(-40px, 0, 0);transition:transform 0.35s ease-in-out}.wp-block-uagb-image--effect-slide .wp-block-uagb-image__figure:hover img,.wp-block-uagb-image--effect-slide .wp-block-uagb-image__figure:hover .wp-block-uagb-image--layout-overlay__color-wrapper{transform:translate3d(0, 0, 0)}.wp-block-uagb-image--effect-grayscale img{filter:grayscale(0%);transition:0.35s ease-in-out}.wp-block-uagb-image--effect-grayscale:hover img{filter:grayscale(100%)}.wp-block-uagb-image--effect-blur img{filter:blur(0);transition:0.35s ease-in-out}.wp-block-uagb-image--effect-blur:hover img{filter:blur(3px)}\n.uagb-block-e6f939b3.wp-block-uagb-image--layout-default figure img{box-shadow: 0px 0px 0 #00000070;}.uagb-block-e6f939b3.wp-block-uagb-image .wp-block-uagb-image__figure figcaption{font-style: normal;align-self: center;}.uagb-block-e6f939b3.wp-block-uagb-image--layout-overlay figure img{box-shadow: 0px 0px 0 #00000070;}.uagb-block-e6f939b3.wp-block-uagb-image--layout-overlay .wp-block-uagb-image--layout-overlay__color-wrapper{opacity: 0.2;}.uagb-block-e6f939b3.wp-block-uagb-image--layout-overlay .wp-block-uagb-image--layout-overlay__inner{left: 15px;right: 15px;top: 15px;bottom: 15px;}.uagb-block-e6f939b3.wp-block-uagb-image--layout-overlay .wp-block-uagb-image--layout-overlay__inner .uagb-image-heading{font-style: normal;color: #fff;opacity: 1;}.uagb-block-e6f939b3.wp-block-uagb-image--layout-overlay .wp-block-uagb-image--layout-overlay__inner .uagb-image-heading a{color: #fff;}.uagb-block-e6f939b3.wp-block-uagb-image--layout-overlay .wp-block-uagb-image--layout-overlay__inner .uagb-image-caption{opacity: 0;}.uagb-block-e6f939b3.wp-block-uagb-image--layout-overlay .wp-block-uagb-image__figure:hover .wp-block-uagb-image--layout-overlay__color-wrapper{opacity: 1;}.uagb-block-e6f939b3.wp-block-uagb-image .wp-block-uagb-image--layout-overlay__inner .uagb-image-separator{width: 30%;border-top-width: 2px;border-top-color: #fff;opacity: 0;}.uagb-block-e6f939b3.wp-block-uagb-image .wp-block-uagb-image__figure img{width: px;height: auto;}.uagb-block-e6f939b3.wp-block-uagb-image .wp-block-uagb-image__figure:hover .wp-block-uagb-image--layout-overlay__inner .uagb-image-caption{opacity: 1;}.uagb-block-e6f939b3.wp-block-uagb-image .wp-block-uagb-image__figure:hover .wp-block-uagb-image--layout-overlay__inner .uagb-image-separator{opacity: 1;}.uagb-block-e6f939b3.wp-block-uagb-image--layout-default figure:hover img{box-shadow: 0px 0px 0 #00000070;}.uagb-block-e6f939b3.wp-block-uagb-image--layout-overlay figure:hover img{box-shadow: 0px 0px 0 #00000070;}@media only screen and (max-width: 976px) {.uagb-block-e6f939b3.wp-block-uagb-image .wp-block-uagb-image__figure img{width: px;height: auto;}}@media only screen and (max-width: 767px) {.uagb-block-e6f939b3.wp-block-uagb-image .wp-block-uagb-image__figure img{width: px;height: auto;}}\";s:2:\"js\";s:0:\"\";s:18:\"current_block_list\";a:13:{i:0;s:11:\"core\/search\";i:1;s:10:\"core\/group\";i:2;s:12:\"core\/heading\";i:3;s:17:\"core\/latest-posts\";i:4;s:20:\"core\/latest-comments\";i:5;s:13:\"core\/archives\";i:6;s:15:\"core\/categories\";i:7;s:14:\"core\/paragraph\";i:8;s:10:\"uagb\/image\";i:9;s:11:\"core\/spacer\";i:10;s:30:\"woocommerce\/product-categories\";i:11;s:10:\"core\/image\";i:12;s:14:\"core\/shortcode\";}s:8:\"uag_flag\";b:1;s:11:\"uag_version\";s:10:\"1776761226\";s:6:\"gfonts\";a:0:{}s:10:\"gfonts_url\";s:0:\"\";s:12:\"gfonts_files\";a:0:{}s:14:\"uag_faq_layout\";b:0;}"]},"uagb_featured_image_src":{"full":["https:\/\/www.noleaky.com\/wp-content\/uploads\/2025\/06\/InhibitedAntifreeze5L.jpg",2560,2560,false],"thumbnail":["https:\/\/www.noleaky.com\/wp-content\/uploads\/2025\/06\/InhibitedAntifreeze5L-150x150.jpg",150,150,true],"medium":["https:\/\/www.noleaky.com\/wp-content\/uploads\/2025\/06\/InhibitedAntifreeze5L-300x300.jpg",300,300,true],"medium_large":["https:\/\/www.noleaky.com\/wp-content\/uploads\/2025\/06\/InhibitedAntifreeze5L-768x768.jpg",768,768,true],"large":["https:\/\/www.noleaky.com\/wp-content\/uploads\/2025\/06\/InhibitedAntifreeze5L-1024x1024.jpg",1024,1024,true],"1536x1536":["https:\/\/www.noleaky.com\/wp-content\/uploads\/2025\/06\/InhibitedAntifreeze5L-1536x1536.jpg",1536,1536,true],"2048x2048":["https:\/\/www.noleaky.com\/wp-content\/uploads\/2025\/06\/InhibitedAntifreeze5L-2048x2048.jpg",2048,2048,true],"trp-custom-language-flag":["https:\/\/www.noleaky.com\/wp-content\/uploads\/2025\/06\/InhibitedAntifreeze5L-12x12.jpg",12,12,true],"woocommerce_thumbnail":["https:\/\/www.noleaky.com\/wp-content\/uploads\/2025\/06\/InhibitedAntifreeze5L-300x300.jpg",300,300,true],"woocommerce_single":["https:\/\/www.noleaky.com\/wp-content\/uploads\/2025\/06\/InhibitedAntifreeze5L-600x600.jpg",600,600,true],"woocommerce_gallery_thumbnail":["https:\/\/www.noleaky.com\/wp-content\/uploads\/2025\/06\/InhibitedAntifreeze5L-100x100.jpg",100,100,true]},"uagb_author_info":{"display_name":"admin","author_link":"https:\/\/www.noleaky.com\/hu\/author\/"},"uagb_comment_info":85,"uagb_excerpt":"Complete frost and corrosion protection for heating systems down to -37\u00b0 C. Our boiler inhibited antifreeze is specially formulated to protect central heating systems from freezing in extreme temperatures as low as -37 degrees Celsius. It prevents ice formation inside pipes, radiators, and boilers, eliminating the risk of costly freeze damage during severe winter conditions.&hellip;","_links":{"self":[{"href":"https:\/\/www.noleaky.com\/hu\/wp-json\/wp\/v2\/product\/23004","targetHints":{"allow":["GET"]}}],"collection":[{"href":"https:\/\/www.noleaky.com\/hu\/wp-json\/wp\/v2\/product"}],"about":[{"href":"https:\/\/www.noleaky.com\/hu\/wp-json\/wp\/v2\/types\/product"}],"replies":[{"embeddable":true,"href":"https:\/\/www.noleaky.com\/hu\/wp-json\/wp\/v2\/comments?post=23004"}],"version-history":[{"count":4,"href":"https:\/\/www.noleaky.com\/hu\/wp-json\/wp\/v2\/product\/23004\/revisions"}],"predecessor-version":[{"id":33271,"href":"https:\/\/www.noleaky.com\/hu\/wp-json\/wp\/v2\/product\/23004\/revisions\/33271"}],"wp:featuredmedia":[{"embeddable":true,"href":"https:\/\/www.noleaky.com\/hu\/wp-json\/wp\/v2\/media\/23074"}],"wp:attachment":[{"href":"https:\/\/www.noleaky.com\/hu\/wp-json\/wp\/v2\/media?parent=23004"}],"wp:term":[{"taxonomy":"product_brand","embeddable":true,"href":"https:\/\/www.noleaky.com\/hu\/wp-json\/wp\/v2\/product_brand?post=23004"},{"taxonomy":"product_cat","embeddable":true,"href":"https:\/\/www.noleaky.com\/hu\/wp-json\/wp\/v2\/product_cat?post=23004"},{"taxonomy":"product_tag","embeddable":true,"href":"https:\/\/www.noleaky.com\/hu\/wp-json\/wp\/v2\/product_tag?post=23004"}],"curies":[{"name":"wp","href":"https:\/\/api.w.org\/{rel}","templated":true}]}}