{"id":22991,"date":"2025-06-02T15:49:06","date_gmt":"2025-06-02T13:49:06","guid":{"rendered":"https:\/\/www.noleaky.com\/products\/high-performance-10w40-engine-oil\/"},"modified":"2026-03-01T14:57:00","modified_gmt":"2026-03-01T13:57:00","slug":"high-performance-10w40-engine-oil","status":"publish","type":"product","link":"https:\/\/www.noleaky.com\/hu\/products\/high-performance-10w40-engine-oil\/","title":{"rendered":"Nagy teljes\u00edtm\u00e9ny\u0171 10W40 motorolaj"},"content":{"rendered":"<p><strong><img decoding=\"async\" style=\"margin-right: 12px;\" src=\"https:\/\/www.noleaky.com\/wp-content\/uploads\/2026\/02\/Check.svg\" alt=\"\" width=\"18\" height=\"15\" \/>Megb\u00edzhat\u00f3 v\u00e9delem a mindennapi \u00e9s a nagy ig\u00e9nybev\u00e9telt jelent\u0151 vezet\u00e9shez.<\/strong> Nagy teljes\u00edtm\u00e9ny\u0171 10W40 motorolajunkat \u00fagy tervezt\u00fck, hogy er\u0151s, stabil ken\u00e9st biztos\u00edtson a legk\u00fcl\u00f6nb\u00f6z\u0151bb k\u00f6r\u00fclm\u00e9nyek k\u00f6z\u00f6tt m\u0171k\u00f6d\u0151 benzin- \u00e9s d\u00edzelmotorok sz\u00e1m\u00e1ra. Tart\u00f3s v\u00e9d\u0151filmet k\u00e9pez, amely megv\u00e9di a mozg\u00f3 alkatr\u00e9szeket a kop\u00e1st\u00f3l, a s\u00farl\u00f3d\u00e1st\u00f3l \u00e9s a h\u0151t\u0151l, \u00edgy seg\u00edt fenntartani a motor zavartalan teljes\u00edtm\u00e9ny\u00e9t hossz\u00fa t\u00e1von.<\/p>\n<p><strong><img decoding=\"async\" style=\"margin-right: 12px;\" src=\"https:\/\/www.noleaky.com\/wp-content\/uploads\/2026\/02\/Check.svg\" alt=\"\" width=\"18\" height=\"15\" \/>Az el\u00e9rhet\u0151 leghat\u00e9konyabb 10W40 ken\u00e9si technol\u00f3gia.<\/strong> Kiv\u00e1l\u00f3 min\u0151s\u00e9g\u0171 alapolajokkal \u00e9s fejlett adal\u00e9kanyagrendszerekkel \u00f6ssze\u00e1ll\u00edtott, kateg\u00f3ri\u00e1j\u00e1ban ez a leghat\u00e9konyabb 10W40-es motorolaj. Kiv\u00e1l\u00f3 viszkozit\u00e1si stabilit\u00e1st, er\u0151s kop\u00e1sv\u00e9delmet \u00e9s hat\u00e9kony motortisztas\u00e1got biztos\u00edt m\u00e9g ig\u00e9nyes vezet\u00e9si k\u00f6r\u00fclm\u00e9nyek k\u00f6z\u00f6tt is.<\/p>\n<p><strong><img decoding=\"async\" style=\"margin-right: 12px;\" src=\"https:\/\/www.noleaky.com\/wp-content\/uploads\/2026\/02\/Check.svg\" alt=\"\" width=\"18\" height=\"15\" \/>A legolcs\u00f3bb pr\u00e9mium 10W40 motorolaj a piacon.<\/strong> Professzion\u00e1lis min\u0151s\u00e9g\u0171 motorv\u00e9delmet k\u00edn\u00e1lunk a legversenyk\u00e9pesebb \u00e1ron. Nagy teljes\u00edtm\u00e9ny\u0171 10W40-es motorolajunk a legolcs\u00f3bb megold\u00e1s a kateg\u00f3ri\u00e1j\u00e1ban, mik\u00f6zben kiv\u00e9teles min\u0151s\u00e9get \u00e9s tart\u00f3ss\u00e1got biztos\u00edt, \u00edgy ide\u00e1lis mind a mag\u00e1nvezet\u0151k, mind a flotta\u00fczemeltet\u0151k sz\u00e1m\u00e1ra.<\/p>\n<p><strong><img decoding=\"async\" style=\"margin-right: 12px;\" src=\"https:\/\/www.noleaky.com\/wp-content\/uploads\/2026\/02\/Check.svg\" alt=\"\" width=\"18\" height=\"15\" \/>Garant\u00e1ltan 24 \u00f3r\u00e1s sz\u00e1ll\u00edt\u00e1s a gyors \u00e9s k\u00e9nyelmes karbantart\u00e1s \u00e9rdek\u00e9ben.<\/strong> A rutinszer\u0171 szervizel\u00e9st soha nem szabad elhalasztani. Ez\u00e9rt garant\u00e1ljuk a 24 \u00f3r\u00e1s kisz\u00e1ll\u00edt\u00e1st, hogy \u00d6n gyorsan megkapja az olajat, \u00e9s sz\u00fcks\u00e9gtelen k\u00e9sedelem n\u00e9lk\u00fcl elv\u00e9gezheti az olajcser\u00e9t.<\/p>\n<p><strong><img decoding=\"async\" style=\"margin-right: 12px;\" src=\"https:\/\/www.noleaky.com\/wp-content\/uploads\/2026\/02\/Check.svg\" alt=\"\" width=\"18\" height=\"15\" \/>P\u00e9nzvisszafizet\u00e9si garancia a teljes bizalom\u00e9rt.<\/strong> A 10W40-es motorolajunk teljes\u00edtm\u00e9nye \u00e9s min\u0151s\u00e9ge m\u00f6g\u00f6tt \u00e1llunk. Ha nem el\u00e9gedett, p\u00e9nzvisszafizet\u00e9si garanci\u00e1t v\u00e1llalunk. Egyszer\u0171en vegye fel vel\u00fcnk a kapcsolatot, \u00e9s mi visszat\u00e9r\u00edtj\u00fck a v\u00e9tel\u00e1rat, \u00edgy a beruh\u00e1z\u00e1sa teljesen kock\u00e1zatmentes.<\/p>\n<p><strong><img decoding=\"async\" style=\"margin-right: 12px;\" src=\"https:\/\/www.noleaky.com\/wp-content\/uploads\/2026\/02\/Check.svg\" alt=\"\" width=\"18\" height=\"15\" \/>Kiv\u00e1l\u00f3 bels\u0151 motoros lefedetts\u00e9g literenk\u00e9nt.<\/strong> Minden egyes liter teljes ken\u00e9si lefedetts\u00e9get biztos\u00edt a teljes motorban, bele\u00e9rtve a dugatty\u00fakat, a forgatty\u00fas tengelyeket, a vez\u00e9rm\u0171tengelyeket, a csap\u00e1gyakat \u00e9s a szelepalkatr\u00e9szeket. Ez az egyenletes v\u00e9delem cs\u00f6kkenti a f\u00e9m-f\u00e9m \u00e9rintkez\u00e9st \u00e9s meghosszabb\u00edtja a motor \u00e9lettartam\u00e1t.<\/p>\n<p><strong><img decoding=\"async\" style=\"margin-right: 12px;\" src=\"https:\/\/www.noleaky.com\/wp-content\/uploads\/2026\/02\/Check.svg\" alt=\"\" width=\"18\" height=\"15\" \/>Er\u0151s hidegind\u00edt\u00e1s elleni v\u00e9delem.<\/strong> A 10W-os besorol\u00e1s megb\u00edzhat\u00f3 olaj\u00e1raml\u00e1st biztos\u00edt a m\u00e9rs\u00e9kelt hidegind\u00edt\u00e1s sor\u00e1n, cs\u00f6kkentve a kop\u00e1st a gy\u00fajt\u00e1s ut\u00e1ni kritikus els\u0151 pillanatokban, \u00e9s jav\u00edtva a motor \u00e1ltal\u00e1nos megb\u00edzhat\u00f3s\u00e1g\u00e1t.<\/p>\n<p><strong><img decoding=\"async\" style=\"margin-right: 12px;\" src=\"https:\/\/www.noleaky.com\/wp-content\/uploads\/2026\/02\/Check.svg\" alt=\"\" width=\"18\" height=\"15\" \/>Stabil magas h\u0151m\u00e9rs\u00e9kleti teljes\u00edtm\u00e9ny.<\/strong> A 40 fokozat\u00fa viszkozit\u00e1s biztos\u00edtja az egyenletes ken\u00e9st magas \u00fczemi h\u0151m\u00e9rs\u00e9kleten is. Ellen\u00e1ll a h\u00edgul\u00e1snak \u00e9s a leboml\u00e1snak, \u00edgy hossz\u00fa vezet\u00e9s vagy nagy terhel\u00e9s eset\u00e9n is meg\u0151rzi a v\u00e9d\u0151teljes\u00edtm\u00e9nyt.<\/p>\n<p><strong><img decoding=\"async\" style=\"margin-right: 12px;\" src=\"https:\/\/www.noleaky.com\/wp-content\/uploads\/2026\/02\/Check.svg\" alt=\"\" width=\"18\" height=\"15\" \/>Hosszabb ideig tartja tiszt\u00e1n a motorokat.<\/strong> A fejlett mos\u00f3- \u00e9s diszperg\u00e1l\u00f3szerek seg\u00edtenek megel\u0151zni az iszap, a lakk \u00e9s a sz\u00e9nlerak\u00f3d\u00e1s kialakul\u00e1s\u00e1t, t\u00e1mogatva a sim\u00e1bb m\u0171k\u00f6d\u00e9st \u00e9s v\u00e9dve a motor bels\u0151 alkatr\u00e9szeit.<\/p>\n<p><strong><img decoding=\"async\" style=\"margin-right: 12px;\" src=\"https:\/\/www.noleaky.com\/wp-content\/uploads\/2026\/02\/Check.svg\" alt=\"\" width=\"18\" height=\"15\" \/>Kompatibilis a motorok sz\u00e9les sk\u00e1l\u00e1j\u00e1val.<\/strong> Ez a sokoldal\u00fa olaj sz\u00e1mos benzin- \u00e9s d\u00edzelmotorhoz, k\u00f6zt\u00fck turb\u00f3felt\u00f6lt\u0151s egys\u00e9gekhez is alkalmas, \u00e9s az el\u0151\u00edr\u00e1soknak megfelel\u0151en haszn\u00e1lva sz\u00e1mos gy\u00e1rt\u00f3 k\u00f6vetelm\u00e9nyeinek megfelel.<\/p>\n<h2><strong>Utas\u00edt\u00e1sok<\/strong><\/h2>\n<ul>\n<li>Parkolja le a j\u00e1rm\u0171vet s\u00edk talajon, \u00e9s \u00e1ll\u00edtsa le a motort.<\/li>\n<li>Az olajcsere megkezd\u00e9se el\u0151tt hagyja a motort kiss\u00e9 leh\u0171lni.<\/li>\n<li>T\u00e1vol\u00edtsa el az olajleereszt\u0151 dug\u00f3t, \u00e9s hagyja, hogy a r\u00e9gi olaj teljesen lefolyjon egy megfelel\u0151 tart\u00e1lyba.<\/li>\n<li>Cser\u00e9lje ki az olajsz\u0171r\u0151t egy \u00faj sz\u0171r\u0151re a gy\u00e1rt\u00f3 aj\u00e1nl\u00e1sainak megfelel\u0151en.<\/li>\n<li>Szerelje vissza \u00e9s szorosan h\u00fazza meg a leereszt\u0151 dug\u00f3t.<\/li>\n<li>T\u00f6ltse fel a motort az aj\u00e1nlott mennyis\u00e9g\u0171, nagy teljes\u00edtm\u00e9ny\u0171 10W40-es motorolajjal. A tipikus \u0171rtartalom motort\u00edpust\u00f3l f\u00fcgg\u0151en 4-6 liter k\u00f6z\u00f6tt mozog.<\/li>\n<li>Ellen\u0151rizze az olajszintet az olajm\u00e9r\u0151 p\u00e1lca seg\u00edts\u00e9g\u00e9vel, hogy az olajszint az aj\u00e1nlott tartom\u00e1nyon bel\u00fcl van-e.<\/li>\n<li>Ind\u00edtsa be a motort, \u00e9s hagyja j\u00e1rni n\u00e9h\u00e1ny percig a megfelel\u0151 kering\u00e9s biztos\u00edt\u00e1sa \u00e9rdek\u00e9ben.<\/li>\n<li>\u00c1ll\u00edtsa le a motort, v\u00e1rjon r\u00f6vid ideig, \u00e9s ellen\u0151rizze \u00fajra az olajszintet. Sz\u00fcks\u00e9g eset\u00e9n t\u00f6ltse fel.<\/li>\n<li>A motor optim\u00e1lis teljes\u00edtm\u00e9ny\u00e9nek \u00e9s \u00e9lettartam\u00e1nak fenntart\u00e1sa \u00e9rdek\u00e9ben tartsa be a j\u00e1rm\u0171 gy\u00e1rt\u00f3ja \u00e1ltal aj\u00e1nlott olajcsere-intervallumokat.<\/li>\n<\/ul>","protected":false},"excerpt":{"rendered":"<p>Reliable protection for everyday and high-demand driving. Our high performance 10W40 engine oil is engineered to provide strong, stable lubrication for gasoline and diesel engines operating in a wide range of conditions. It forms a durable protective film that shields moving parts from wear, friction, and heat, helping maintain smooth engine performance over time. The [&hellip;]<\/p>\n","protected":false},"featured_media":23046,"comment_status":"open","ping_status":"closed","template":"","meta":{"_uag_custom_page_level_css":"","site-sidebar-layout":"default","site-content-layout":"","ast-site-content-layout":"default","site-content-style":"default","site-sidebar-style":"default","ast-global-header-display":"","ast-banner-title-visibility":"","ast-main-header-display":"","ast-hfb-above-header-display":"","ast-hfb-below-header-display":"","ast-hfb-mobile-header-display":"","site-post-title":"","ast-breadcrumbs-content":"","ast-featured-img":"","footer-sml-layout":"","ast-disable-related-posts":"","theme-transparent-header-meta":"default","adv-header-id-meta":"","stick-header-meta":"","header-above-stick-meta":"","header-main-stick-meta":"","header-below-stick-meta":"","astra-migrate-meta-layouts":"set","ast-page-background-enabled":"default","ast-page-background-meta":{"desktop":{"background-color":"var(--ast-global-color-4)","background-image":"","background-repeat":"repeat","background-position":"center center","background-size":"auto","background-attachment":"scroll","background-type":"","background-media":"","overlay-type":"","overlay-color":"","overlay-opacity":"","overlay-gradient":""},"tablet":{"background-color":"","background-image":"","background-repeat":"repeat","background-position":"center center","background-size":"auto","background-attachment":"scroll","background-type":"","background-media":"","overlay-type":"","overlay-color":"","overlay-opacity":"","overlay-gradient":""},"mobile":{"background-color":"","background-image":"","background-repeat":"repeat","background-position":"center center","background-size":"auto","background-attachment":"scroll","background-type":"","background-media":"","overlay-type":"","overlay-color":"","overlay-opacity":"","overlay-gradient":""}},"ast-content-background-meta":{"desktop":{"background-color":"var(--ast-global-color-5)","background-image":"","background-repeat":"repeat","background-position":"center center","background-size":"auto","background-attachment":"scroll","background-type":"","background-media":"","overlay-type":"","overlay-color":"","overlay-opacity":"","overlay-gradient":""},"tablet":{"background-color":"var(--ast-global-color-5)","background-image":"","background-repeat":"repeat","background-position":"center center","background-size":"auto","background-attachment":"scroll","background-type":"","background-media":"","overlay-type":"","overlay-color":"","overlay-opacity":"","overlay-gradient":""},"mobile":{"background-color":"var(--ast-global-color-5)","background-image":"","background-repeat":"repeat","background-position":"center center","background-size":"auto","background-attachment":"scroll","background-type":"","background-media":"","overlay-type":"","overlay-color":"","overlay-opacity":"","overlay-gradient":""}}},"product_brand":[],"product_cat":[176],"product_tag":[],"class_list":{"0":"post-22991","1":"product","2":"type-product","3":"status-publish","4":"has-post-thumbnail","6":"product_cat-automotive","7":"desktop-align-left","8":"tablet-align-left","9":"mobile-align-left","11":"first","12":"instock","13":"sale","14":"shipping-taxable","15":"purchasable","16":"product-type-variable","17":"has-default-attributes"},"spectra_custom_meta":{"_visibility":["visible"],"_shopify_product_id":["7960288133340"],"_s2w_shopify_domain":["noleaky.myshopify.com"],"_shopify_variant_id":["43735114186972"],"_manage_stock":["no"],"total_sales":["2"],"_tax_status":["taxable"],"_tax_class":[""],"_backorders":["no"],"_sold_individually":["no"],"_virtual":["no"],"_downloadable":["no"],"_download_limit":["-1"],"_download_expiry":["-1"],"_stock":[null],"_stock_status":["instock"],"_wc_average_rating":["4.95"],"_wc_review_count":["55"],"_product_attributes":["a:1:{s:6:\"volume\";a:6:{s:4:\"name\";s:6:\"Volume\";s:5:\"value\";s:20:\"5 liters | 25 liters\";s:8:\"position\";i:1;s:10:\"is_visible\";i:0;s:12:\"is_variation\";i:1;s:11:\"is_taxonomy\";i:0;}}"],"_product_version":["10.5.2"],"_thumbnail_id":["23046"],"_product_image_gallery":["23049"],"_edit_lock":["1772373281:1"],"merchant-center-availability":["yes"],"merchant-center-category":["3044"],"merchant-center-id":["10L5W40"],"_edit_last":["1"],"_wp_page_template":["default"],"site-sidebar-layout":["default"],"ast-site-content-layout":["default"],"site-content-style":["default"],"site-sidebar-style":["default"],"theme-transparent-header-meta":["default"],"_default_attributes":["a:1:{s:6:\"volume\";s:8:\"5 liters\";}"],"_price":["39.90","9990"],"_wc_rating_count":["a:2:{i:4;i:3;i:5;i:52;}"],"_upsell_ids":["a:3:{i:0;i:22975;i:1;i:23022;i:2;i:23025;}"],"_crosssell_ids":["a:3:{i:0;i:22975;i:1;i:23022;i:2;i:23025;}"],"astra-migrate-meta-layouts":["set"],"_uag_css_file_name":["uag-css-22991.css"],"_elementor_page_assets":["a:0:{}"],"_uag_page_assets":["a:9:{s:3:\"css\";s:7133:\".uag-blocks-common-selector{z-index:var(--z-index-desktop) !important}@media(max-width: 976px){.uag-blocks-common-selector{z-index:var(--z-index-tablet) !important}}@media(max-width: 767px){.uag-blocks-common-selector{z-index:var(--z-index-mobile) !important}}.wp-block-uagb-image{display:flex}.wp-block-uagb-image__figure{position:relative;display:flex;flex-direction:column;max-width:100%;height:auto;margin:0}.wp-block-uagb-image__figure img{height:auto;display:flex;max-width:100%;transition:box-shadow .2s ease}.wp-block-uagb-image__figure>a{display:inline-block}.wp-block-uagb-image__figure figcaption{text-align:center;margin-top:.5em;margin-bottom:1em}.wp-block-uagb-image .components-placeholder.block-editor-media-placeholder .components-placeholder__instructions{align-self:center}.wp-block-uagb-image--align-left{text-align:left}.wp-block-uagb-image--align-right{text-align:right}.wp-block-uagb-image--align-center{text-align:center}.wp-block-uagb-image--align-full .wp-block-uagb-image__figure{margin-left:calc(50% - 50vw);margin-right:calc(50% - 50vw);max-width:100vw;width:100vw;height:auto}.wp-block-uagb-image--align-full .wp-block-uagb-image__figure img{height:auto;width:100% !important}.wp-block-uagb-image--align-wide .wp-block-uagb-image__figure img{height:auto;width:100%}.wp-block-uagb-image--layout-overlay__color-wrapper{position:absolute;left:0;top:0;right:0;bottom:0;opacity:.2;background:rgba(0,0,0,.5);transition:opacity .35s ease-in-out}.wp-block-uagb-image--layout-overlay-link{position:absolute;left:0;right:0;bottom:0;top:0}.wp-block-uagb-image--layout-overlay .wp-block-uagb-image__figure:hover .wp-block-uagb-image--layout-overlay__color-wrapper{opacity:1}.wp-block-uagb-image--layout-overlay__inner{position:absolute;left:15px;right:15px;bottom:15px;top:15px;display:flex;align-items:center;justify-content:center;flex-direction:column;border-color:#fff;transition:.35s ease-in-out}.wp-block-uagb-image--layout-overlay__inner.top-left,.wp-block-uagb-image--layout-overlay__inner.top-center,.wp-block-uagb-image--layout-overlay__inner.top-right{justify-content:flex-start}.wp-block-uagb-image--layout-overlay__inner.bottom-left,.wp-block-uagb-image--layout-overlay__inner.bottom-center,.wp-block-uagb-image--layout-overlay__inner.bottom-right{justify-content:flex-end}.wp-block-uagb-image--layout-overlay__inner.top-left,.wp-block-uagb-image--layout-overlay__inner.center-left,.wp-block-uagb-image--layout-overlay__inner.bottom-left{align-items:flex-start}.wp-block-uagb-image--layout-overlay__inner.top-right,.wp-block-uagb-image--layout-overlay__inner.center-right,.wp-block-uagb-image--layout-overlay__inner.bottom-right{align-items:flex-end}.wp-block-uagb-image--layout-overlay__inner .uagb-image-heading{color:#fff;transition:transform .35s,opacity .35s ease-in-out;transform:translate3d(0, 24px, 0);margin:0;line-height:1em}.wp-block-uagb-image--layout-overlay__inner .uagb-image-separator{width:30%;border-top-width:2px;border-top-color:#fff;border-top-style:solid;margin-bottom:10px;opacity:0;transition:transform .4s,opacity .4s ease-in-out;transform:translate3d(0, 30px, 0)}.wp-block-uagb-image--layout-overlay__inner .uagb-image-caption{opacity:0;overflow:visible;color:#fff;transition:transform .45s,opacity .45s ease-in-out;transform:translate3d(0, 35px, 0)}.wp-block-uagb-image--layout-overlay__inner:hover .uagb-image-heading,.wp-block-uagb-image--layout-overlay__inner:hover .uagb-image-separator,.wp-block-uagb-image--layout-overlay__inner:hover .uagb-image-caption{opacity:1;transform:translate3d(0, 0, 0)}.wp-block-uagb-image--effect-zoomin .wp-block-uagb-image__figure img,.wp-block-uagb-image--effect-zoomin .wp-block-uagb-image__figure .wp-block-uagb-image--layout-overlay__color-wrapper{transform:scale(1);transition:transform .35s ease-in-out}.wp-block-uagb-image--effect-zoomin .wp-block-uagb-image__figure:hover img,.wp-block-uagb-image--effect-zoomin .wp-block-uagb-image__figure:hover .wp-block-uagb-image--layout-overlay__color-wrapper{transform:scale(1.05)}.wp-block-uagb-image--effect-slide .wp-block-uagb-image__figure img,.wp-block-uagb-image--effect-slide .wp-block-uagb-image__figure .wp-block-uagb-image--layout-overlay__color-wrapper{width:calc(100% + 40px) !important;max-width:none !important;transform:translate3d(-40px, 0, 0);transition:transform .35s ease-in-out}.wp-block-uagb-image--effect-slide .wp-block-uagb-image__figure:hover img,.wp-block-uagb-image--effect-slide .wp-block-uagb-image__figure:hover .wp-block-uagb-image--layout-overlay__color-wrapper{transform:translate3d(0, 0, 0)}.wp-block-uagb-image--effect-grayscale img{filter:grayscale(0%);transition:.35s ease-in-out}.wp-block-uagb-image--effect-grayscale:hover img{filter:grayscale(100%)}.wp-block-uagb-image--effect-blur img{filter:blur(0);transition:.35s ease-in-out}.wp-block-uagb-image--effect-blur:hover img{filter:blur(3px)}.uagb-block-e6f939b3.wp-block-uagb-image--layout-default figure img{box-shadow: 0px 0px 0 #00000070;}.uagb-block-e6f939b3.wp-block-uagb-image .wp-block-uagb-image__figure figcaption{font-style: normal;align-self: center;}.uagb-block-e6f939b3.wp-block-uagb-image--layout-overlay figure img{box-shadow: 0px 0px 0 #00000070;}.uagb-block-e6f939b3.wp-block-uagb-image--layout-overlay .wp-block-uagb-image--layout-overlay__color-wrapper{opacity: 0.2;}.uagb-block-e6f939b3.wp-block-uagb-image--layout-overlay .wp-block-uagb-image--layout-overlay__inner{left: 15px;right: 15px;top: 15px;bottom: 15px;}.uagb-block-e6f939b3.wp-block-uagb-image--layout-overlay .wp-block-uagb-image--layout-overlay__inner .uagb-image-heading{font-style: normal;color: #fff;opacity: 1;}.uagb-block-e6f939b3.wp-block-uagb-image--layout-overlay .wp-block-uagb-image--layout-overlay__inner .uagb-image-heading a{color: #fff;}.uagb-block-e6f939b3.wp-block-uagb-image--layout-overlay .wp-block-uagb-image--layout-overlay__inner .uagb-image-caption{opacity: 0;}.uagb-block-e6f939b3.wp-block-uagb-image--layout-overlay .wp-block-uagb-image__figure:hover .wp-block-uagb-image--layout-overlay__color-wrapper{opacity: 1;}.uagb-block-e6f939b3.wp-block-uagb-image .wp-block-uagb-image--layout-overlay__inner .uagb-image-separator{width: 30%;border-top-width: 2px;border-top-color: #fff;opacity: 0;}.uagb-block-e6f939b3.wp-block-uagb-image .wp-block-uagb-image__figure img{width: px;height: auto;}.uagb-block-e6f939b3.wp-block-uagb-image .wp-block-uagb-image__figure:hover .wp-block-uagb-image--layout-overlay__inner .uagb-image-caption{opacity: 1;}.uagb-block-e6f939b3.wp-block-uagb-image .wp-block-uagb-image__figure:hover .wp-block-uagb-image--layout-overlay__inner .uagb-image-separator{opacity: 1;}.uagb-block-e6f939b3.wp-block-uagb-image--layout-default figure:hover img{box-shadow: 0px 0px 0 #00000070;}.uagb-block-e6f939b3.wp-block-uagb-image--layout-overlay figure:hover img{box-shadow: 0px 0px 0 #00000070;}@media only screen and (max-width: 976px) {.uagb-block-e6f939b3.wp-block-uagb-image .wp-block-uagb-image__figure img{width: px;height: auto;}}@media only screen and (max-width: 767px) {.uagb-block-e6f939b3.wp-block-uagb-image .wp-block-uagb-image__figure img{width: px;height: auto;}}\";s:2:\"js\";s:0:\"\";s:18:\"current_block_list\";a:13:{i:0;s:11:\"core\/search\";i:1;s:10:\"core\/group\";i:2;s:12:\"core\/heading\";i:3;s:17:\"core\/latest-posts\";i:4;s:20:\"core\/latest-comments\";i:5;s:13:\"core\/archives\";i:6;s:15:\"core\/categories\";i:7;s:14:\"core\/paragraph\";i:8;s:10:\"uagb\/image\";i:9;s:11:\"core\/spacer\";i:10;s:30:\"woocommerce\/product-categories\";i:11;s:10:\"core\/image\";i:12;s:14:\"core\/shortcode\";}s:8:\"uag_flag\";b:1;s:11:\"uag_version\";s:10:\"1776766620\";s:6:\"gfonts\";a:0:{}s:10:\"gfonts_url\";s:0:\"\";s:12:\"gfonts_files\";a:0:{}s:14:\"uag_faq_layout\";b:0;}"]},"uagb_featured_image_src":{"full":["https:\/\/www.noleaky.com\/wp-content\/uploads\/2025\/06\/2.c.MotorOil_10w40_2500.png",2500,2000,false],"thumbnail":["https:\/\/www.noleaky.com\/wp-content\/uploads\/2025\/06\/2.c.MotorOil_10w40_2500-150x150.png",150,150,true],"medium":["https:\/\/www.noleaky.com\/wp-content\/uploads\/2025\/06\/2.c.MotorOil_10w40_2500-300x240.png",300,240,true],"medium_large":["https:\/\/www.noleaky.com\/wp-content\/uploads\/2025\/06\/2.c.MotorOil_10w40_2500-768x614.png",768,614,true],"large":["https:\/\/www.noleaky.com\/wp-content\/uploads\/2025\/06\/2.c.MotorOil_10w40_2500-1024x819.png",1024,819,true],"1536x1536":["https:\/\/www.noleaky.com\/wp-content\/uploads\/2025\/06\/2.c.MotorOil_10w40_2500-1536x1229.png",1536,1229,true],"2048x2048":["https:\/\/www.noleaky.com\/wp-content\/uploads\/2025\/06\/2.c.MotorOil_10w40_2500-2048x1638.png",2048,1638,true],"trp-custom-language-flag":["https:\/\/www.noleaky.com\/wp-content\/uploads\/2025\/06\/2.c.MotorOil_10w40_2500-15x12.png",15,12,true],"woocommerce_thumbnail":["https:\/\/www.noleaky.com\/wp-content\/uploads\/2025\/06\/2.c.MotorOil_10w40_2500-300x300.png",300,300,true],"woocommerce_single":["https:\/\/www.noleaky.com\/wp-content\/uploads\/2025\/06\/2.c.MotorOil_10w40_2500-600x480.png",600,480,true],"woocommerce_gallery_thumbnail":["https:\/\/www.noleaky.com\/wp-content\/uploads\/2025\/06\/2.c.MotorOil_10w40_2500-100x100.png",100,100,true]},"uagb_author_info":{"display_name":"admin","author_link":"https:\/\/www.noleaky.com\/hu\/author\/"},"uagb_comment_info":55,"uagb_excerpt":"Reliable protection for everyday and high-demand driving. Our high performance 10W40 engine oil is engineered to provide strong, stable lubrication for gasoline and diesel engines operating in a wide range of conditions. It forms a durable protective film that shields moving parts from wear, friction, and heat, helping maintain smooth engine performance over time. The&hellip;","_links":{"self":[{"href":"https:\/\/www.noleaky.com\/hu\/wp-json\/wp\/v2\/product\/22991","targetHints":{"allow":["GET"]}}],"collection":[{"href":"https:\/\/www.noleaky.com\/hu\/wp-json\/wp\/v2\/product"}],"about":[{"href":"https:\/\/www.noleaky.com\/hu\/wp-json\/wp\/v2\/types\/product"}],"replies":[{"embeddable":true,"href":"https:\/\/www.noleaky.com\/hu\/wp-json\/wp\/v2\/comments?post=22991"}],"version-history":[{"count":4,"href":"https:\/\/www.noleaky.com\/hu\/wp-json\/wp\/v2\/product\/22991\/revisions"}],"predecessor-version":[{"id":33275,"href":"https:\/\/www.noleaky.com\/hu\/wp-json\/wp\/v2\/product\/22991\/revisions\/33275"}],"wp:featuredmedia":[{"embeddable":true,"href":"https:\/\/www.noleaky.com\/hu\/wp-json\/wp\/v2\/media\/23046"}],"wp:attachment":[{"href":"https:\/\/www.noleaky.com\/hu\/wp-json\/wp\/v2\/media?parent=22991"}],"wp:term":[{"taxonomy":"product_brand","embeddable":true,"href":"https:\/\/www.noleaky.com\/hu\/wp-json\/wp\/v2\/product_brand?post=22991"},{"taxonomy":"product_cat","embeddable":true,"href":"https:\/\/www.noleaky.com\/hu\/wp-json\/wp\/v2\/product_cat?post=22991"},{"taxonomy":"product_tag","embeddable":true,"href":"https:\/\/www.noleaky.com\/hu\/wp-json\/wp\/v2\/product_tag?post=22991"}],"curies":[{"name":"wp","href":"https:\/\/api.w.org\/{rel}","templated":true}]}}