{"id":22988,"date":"2025-06-02T15:49:04","date_gmt":"2025-06-02T13:49:04","guid":{"rendered":"https:\/\/www.noleaky.com\/products\/anti-leak-engine-oil\/"},"modified":"2026-03-01T15:11:04","modified_gmt":"2026-03-01T14:11:04","slug":"anti-leak-engine-oil","status":"publish","type":"product","link":"https:\/\/www.noleaky.com\/hu\/products\/anti-leak-engine-oil\/","title":{"rendered":"Folyad\u00e9k a motorolajsziv\u00e1rg\u00e1s meg\u00e1ll\u00edt\u00e1s\u00e1ra"},"content":{"rendered":"<p><strong><img decoding=\"async\" style=\"margin-right: 12px;\" src=\"https:\/\/www.noleaky.com\/wp-content\/uploads\/2026\/02\/Check.svg\" alt=\"\" width=\"18\" height=\"15\" \/>Meg\u00e1ll\u00edtja a motorolaj sziv\u00e1rg\u00e1s\u00e1t k\u00f6zvetlen\u00fcl a forr\u00e1sn\u00e1l, a motor sz\u00e9tszerel\u00e9se n\u00e9lk\u00fcl.<\/strong> A motorolaj sziv\u00e1rg\u00e1sg\u00e1tl\u00f3 folyad\u00e9kunkat kifejezetten arra fejlesztett\u00fck ki, hogy a k\u00fcls\u0151 olajsziv\u00e1rg\u00e1st a sziv\u00e1rg\u00e1s hely\u00e9n t\u00f6m\u00edtse el. C\u00e9lzott megold\u00e1st ny\u00fajt, amely seg\u00edt megel\u0151zni az olajvesztes\u00e9get, \u00e9s cs\u00f6kkenti a bonyolult mechanikai sz\u00e9tszerel\u00e9s sz\u00fcks\u00e9gess\u00e9g\u00e9t.<\/p>\n<p><strong><img decoding=\"async\" style=\"margin-right: 12px;\" src=\"https:\/\/www.noleaky.com\/wp-content\/uploads\/2026\/02\/Check.svg\" alt=\"\" width=\"18\" height=\"15\" \/>Az el\u00e9rhet\u0151 leghat\u00e9konyabb k\u00fcls\u0151 olajsziv\u00e1rg\u00e1s-z\u00e1r\u00f3 megold\u00e1s.<\/strong> Ez a leghat\u00e9konyabb motorolaj sziv\u00e1rg\u00e1sg\u00e1tl\u00f3 folyad\u00e9k a kateg\u00f3ri\u00e1j\u00e1ban. Fejlett k\u00f6t\u00e9si formul\u00e1ja er\u0151sen tapad a f\u00e9mfel\u00fcletekhez, \u00e9s tart\u00f3s, olaj\u00e1ll\u00f3 t\u00f6m\u00edt\u00e9st hoz l\u00e9tre, amely k\u00e9pes ellen\u00e1llni a motor h\u0151j\u00e9nek, rezg\u00e9seinek \u00e9s nyom\u00e1sv\u00e1ltoz\u00e1saiknak.<\/p>\n<p><strong><img decoding=\"async\" style=\"margin-right: 12px;\" src=\"https:\/\/www.noleaky.com\/wp-content\/uploads\/2026\/02\/Check.svg\" alt=\"\" width=\"18\" height=\"15\" \/>A legolcs\u00f3bb alternat\u00edv\u00e1ja a dr\u00e1ga t\u00f6m\u00edt\u00e9s vagy t\u00f6m\u00edt\u00e9s cser\u00e9j\u00e9nek.<\/strong> Az olajsziv\u00e1rg\u00e1s jav\u00edt\u00e1sa gyakran k\u00f6lts\u00e9ges munk\u00e1val \u00e9s alkatr\u00e9szcser\u00e9vel j\u00e1r. Term\u00e9k\u00fcnk a legolcs\u00f3bb professzion\u00e1lis min\u0151s\u00e9g\u0171 megold\u00e1s a piacon, amely praktikus \u00e9s gazdas\u00e1gos alternat\u00edv\u00e1t k\u00edn\u00e1l a dr\u00e1ga mechanikai jav\u00edt\u00e1sokkal szemben.<\/p>\n<p><strong><img decoding=\"async\" style=\"margin-right: 12px;\" src=\"https:\/\/www.noleaky.com\/wp-content\/uploads\/2026\/02\/Check.svg\" alt=\"\" width=\"18\" height=\"15\" \/>Garant\u00e1ltan 24 \u00f3r\u00e1s kisz\u00e1ll\u00edt\u00e1s a s\u00fcrg\u0151s olajsziv\u00e1rg\u00e1s-jav\u00edt\u00e1shoz.<\/strong> Az olajsziv\u00e1rg\u00e1st azonnal el kell h\u00e1r\u00edtani a motor k\u00e1rosod\u00e1s\u00e1nak \u00e9s a k\u00f6rnyezetszennyez\u00e9snek a megel\u0151z\u00e9se \u00e9rdek\u00e9ben. Ez\u00e9rt garant\u00e1ljuk a 24 \u00f3r\u00e1s kisz\u00e1ll\u00edt\u00e1st, \u00edgy \u00d6n gyorsan orvosolhatja a probl\u00e9m\u00e1t, \u00e9s cs\u00f6kkentheti a tov\u00e1bbi kock\u00e1zatokat.<\/p>\n<p><strong><img decoding=\"async\" style=\"margin-right: 12px;\" src=\"https:\/\/www.noleaky.com\/wp-content\/uploads\/2026\/02\/Check.svg\" alt=\"\" width=\"18\" height=\"15\" \/>P\u00e9nzvisszafizet\u00e9si garancia a teljes nyugalom\u00e9rt.<\/strong> Biztosak vagyunk a motorolaj sziv\u00e1rg\u00e1sg\u00e1tl\u00f3 folyad\u00e9kunk hat\u00e9konys\u00e1g\u00e1ban. Ha nem el\u00e9gedett az eredm\u00e9nnyel, p\u00e9nzvisszafizet\u00e9si garanci\u00e1t v\u00e1llalunk. Egyszer\u0171en vegye fel vel\u00fcnk a kapcsolatot, \u00e9s mi visszat\u00e9r\u00edtj\u00fck a v\u00e9tel\u00e1rat, \u00edgy biztos\u00edtva egy teljesen kock\u00e1zatmentes befektet\u00e9st.<\/p>\n<p><strong><img decoding=\"async\" style=\"margin-right: 12px;\" src=\"https:\/\/www.noleaky.com\/wp-content\/uploads\/2026\/02\/Check.svg\" alt=\"\" width=\"18\" height=\"15\" \/>H\u0151- \u00e9s olaj\u00e1ll\u00f3 k\u00fcls\u0151 t\u00f6m\u00edt\u00e9st hoz l\u00e9tre.<\/strong> A felhord\u00e1s ut\u00e1n a folyad\u00e9k er\u0151s, rugalmas r\u00e9tegg\u00e9 kem\u00e9nyedik, amely ellen\u00e1ll a motorolajnak \u00e9s a magas \u00fczemi h\u0151m\u00e9rs\u00e9kletnek val\u00f3 folyamatos kitetts\u00e9gnek, \u00e9s hossz\u00fa id\u0151n kereszt\u00fcl meg\u0151rzi a t\u00f6m\u00edt\u00e9s integrit\u00e1s\u00e1t.<\/p>\n<p><strong><img decoding=\"async\" style=\"margin-right: 12px;\" src=\"https:\/\/www.noleaky.com\/wp-content\/uploads\/2026\/02\/Check.svg\" alt=\"\" width=\"18\" height=\"15\" \/>Ide\u00e1lis kis reped\u00e9sek, t\u00f6m\u00edt\u00e9ssz\u00e9lek \u00e9s kisebb sziv\u00e1rg\u00e1sok eset\u00e9n.<\/strong> A term\u00e9ket helyi k\u00fcls\u0151 olajsziv\u00e1rg\u00e1sok kezel\u00e9s\u00e9re tervezt\u00e9k, p\u00e9ld\u00e1ul a szelepfedelek, olajtekn\u0151, vez\u00e9rm\u0171fed\u00e9l \u00e9s m\u00e1s hozz\u00e1f\u00e9rhet\u0151 motoralkatr\u00e9szek k\u00f6r\u00fcl.<\/p>\n<p><strong><img decoding=\"async\" style=\"margin-right: 12px;\" src=\"https:\/\/www.noleaky.com\/wp-content\/uploads\/2026\/02\/Check.svg\" alt=\"\" width=\"18\" height=\"15\" \/>Kompatibilis a legt\u00f6bb f\u00e9m motorfel\u00fclettel.<\/strong> Megfelel\u0151 el\u0151k\u00e9sz\u00edt\u00e9s eset\u00e9n ac\u00e9lon, alum\u00edniumon \u00e9s m\u00e1s gyakori motorf\u00e9meken is haszn\u00e1lhat\u00f3, er\u0151s tapad\u00e1st \u00e9s megb\u00edzhat\u00f3 t\u00f6m\u00edt\u00e9si teljes\u00edtm\u00e9nyt biztos\u00edtva.<\/p>\n<p><strong><img decoding=\"async\" style=\"margin-right: 12px;\" src=\"https:\/\/www.noleaky.com\/wp-content\/uploads\/2026\/02\/Check.svg\" alt=\"\" width=\"18\" height=\"15\" \/>Cs\u00f6kkenti az olajfogyaszt\u00e1st \u00e9s a k\u00f6rnyezetszennyez\u00e9st.<\/strong> A sziv\u00e1rg\u00e1sok hat\u00e9kony t\u00f6m\u00edt\u00e9s\u00e9vel a term\u00e9k seg\u00edt megel\u0151zni az olajcs\u00f6p\u00f6g\u00e9st, v\u00e9di a k\u00f6rnyez\u0151 alkatr\u00e9szeket, \u00e9s cs\u00f6kkenti a felesleges olajvesztes\u00e9get.<\/p>\n<p><strong><img decoding=\"async\" style=\"margin-right: 12px;\" src=\"https:\/\/www.noleaky.com\/wp-content\/uploads\/2026\/02\/Check.svg\" alt=\"\" width=\"18\" height=\"15\" \/>Meghosszabb\u00edtja a motoralkatr\u00e9szek \u00e9lettartam\u00e1t.<\/strong> A sziv\u00e1rg\u00e1s azonnali megsz\u00fcntet\u00e9s\u00e9vel a folyad\u00e9k seg\u00edt fenntartani a megfelel\u0151 ken\u00e9si szintet, \u00e9s cs\u00f6kkenti az alacsony olajszint okozta k\u00e1rok kock\u00e1zat\u00e1t.<\/p>\n<h2><strong>Utas\u00edt\u00e1sok<\/strong><\/h2>\n<ul>\n<li>A jav\u00edt\u00e1s megkezd\u00e9se el\u0151tt gy\u0151z\u0151dj\u00f6n meg arr\u00f3l, hogy a motor teljesen le van \u00e1ll\u00edtva \u00e9s teljesen leh\u0171lt.<\/li>\n<li>J\u00f3l szell\u0151z\u0151 helyen dolgozzon, \u00e9s tartsa t\u00e1vol a ny\u00edlt l\u00e1ngokt\u00f3l vagy gy\u00fajt\u00f3forr\u00e1sokt\u00f3l.<\/li>\n<li>Keresse meg az olajsziv\u00e1rg\u00e1s pontos hely\u00e9t a motor k\u00fcls\u0151 oldal\u00e1n.<\/li>\n<li>Alaposan tiszt\u00edtsa meg a sziv\u00e1rg\u00f3 ter\u00fcletet. T\u00e1vol\u00edtsa el a szennyez\u0151d\u00e9seket, zs\u00edrt, olajmaradv\u00e1nyokat, rozsd\u00e1t \u00e9s laza r\u00e9szecsk\u00e9ket zs\u00edrtalan\u00edt\u00f3val \u00e9s tiszta ruh\u00e1val.<\/li>\n<li>Ha sz\u00fcks\u00e9ges, a tapad\u00e1s jav\u00edt\u00e1sa \u00e9rdek\u00e9ben enyh\u00e9n csiszolja le a fel\u00fcletet, majd gondoskodjon arr\u00f3l, hogy a ter\u00fclet teljesen megsz\u00e1radjon.<\/li>\n<li>Haszn\u00e1lat el\u0151tt alaposan r\u00e1zza fel a flakont.<\/li>\n<li>Vigye fel a motorolaj sziv\u00e1rg\u00e1sg\u00e1tl\u00f3 folyad\u00e9kot k\u00f6zvetlen\u00fcl a k\u00fcls\u0151 fel\u00fcletre a sziv\u00e1rg\u00e1s hely\u00e9n, biztos\u00edtva a teljes fedetts\u00e9get a s\u00e9r\u00fclt ter\u00fcleten kiss\u00e9 t\u00fal.<\/li>\n<li>Ne \u00f6ntse a term\u00e9ket az \u00fczemanyagtart\u00e1lyba. Ne \u00f6ntse a term\u00e9ket a motorolajbet\u00f6lt\u0151be. Ezt a term\u00e9ket k\u00fcls\u0151leg, a motor k\u00fcls\u0151 oldal\u00e1n kell alkalmazni, pontosan a sziv\u00e1rg\u00e1s hely\u00e9n.<\/li>\n<li>A motor \u00fajraind\u00edt\u00e1sa el\u0151tt hagyja a term\u00e9ket a megadott sz\u00e1rad\u00e1si id\u0151nek megfelel\u0151en megsz\u00e1radni.<\/li>\n<li>Kikem\u00e9nyed\u00e9s ut\u00e1n ellen\u0151rizze a ter\u00fcletet, hogy meggy\u0151z\u0151dj\u00f6n arr\u00f3l, hogy a sziv\u00e1rg\u00e1s megfelel\u0151en lez\u00e1rult, miel\u0151tt a j\u00e1rm\u0171vet \u00fajra \u00fczembe helyezn\u00e9.<\/li>\n<\/ul>","protected":false},"excerpt":{"rendered":"<p>Stops engine oil leaks directly at the source without dismantling the engine. Our engine oil stop leak fluid is specially formulated to seal external oil leaks at their origin. It provides a targeted solution that helps prevent oil loss and reduces the need for complex mechanical disassembly. The most effective external oil leak sealing solution [&hellip;]<\/p>\n","protected":false},"featured_media":23041,"comment_status":"open","ping_status":"closed","template":"","meta":{"_uag_custom_page_level_css":"","site-sidebar-layout":"default","site-content-layout":"","ast-site-content-layout":"default","site-content-style":"default","site-sidebar-style":"default","ast-global-header-display":"","ast-banner-title-visibility":"","ast-main-header-display":"","ast-hfb-above-header-display":"","ast-hfb-below-header-display":"","ast-hfb-mobile-header-display":"","site-post-title":"","ast-breadcrumbs-content":"","ast-featured-img":"","footer-sml-layout":"","ast-disable-related-posts":"","theme-transparent-header-meta":"default","adv-header-id-meta":"","stick-header-meta":"","header-above-stick-meta":"","header-main-stick-meta":"","header-below-stick-meta":"","astra-migrate-meta-layouts":"set","ast-page-background-enabled":"default","ast-page-background-meta":{"desktop":{"background-color":"var(--ast-global-color-4)","background-image":"","background-repeat":"repeat","background-position":"center center","background-size":"auto","background-attachment":"scroll","background-type":"","background-media":"","overlay-type":"","overlay-color":"","overlay-opacity":"","overlay-gradient":""},"tablet":{"background-color":"","background-image":"","background-repeat":"repeat","background-position":"center center","background-size":"auto","background-attachment":"scroll","background-type":"","background-media":"","overlay-type":"","overlay-color":"","overlay-opacity":"","overlay-gradient":""},"mobile":{"background-color":"","background-image":"","background-repeat":"repeat","background-position":"center center","background-size":"auto","background-attachment":"scroll","background-type":"","background-media":"","overlay-type":"","overlay-color":"","overlay-opacity":"","overlay-gradient":""}},"ast-content-background-meta":{"desktop":{"background-color":"var(--ast-global-color-5)","background-image":"","background-repeat":"repeat","background-position":"center center","background-size":"auto","background-attachment":"scroll","background-type":"","background-media":"","overlay-type":"","overlay-color":"","overlay-opacity":"","overlay-gradient":""},"tablet":{"background-color":"var(--ast-global-color-5)","background-image":"","background-repeat":"repeat","background-position":"center center","background-size":"auto","background-attachment":"scroll","background-type":"","background-media":"","overlay-type":"","overlay-color":"","overlay-opacity":"","overlay-gradient":""},"mobile":{"background-color":"var(--ast-global-color-5)","background-image":"","background-repeat":"repeat","background-position":"center center","background-size":"auto","background-attachment":"scroll","background-type":"","background-media":"","overlay-type":"","overlay-color":"","overlay-opacity":"","overlay-gradient":""}}},"product_brand":[],"product_cat":[176],"product_tag":[],"class_list":{"0":"post-22988","1":"product","2":"type-product","3":"status-publish","4":"has-post-thumbnail","6":"product_cat-automotive","7":"desktop-align-left","8":"tablet-align-left","9":"mobile-align-left","11":"first","12":"instock","13":"taxable","14":"shipping-taxable","15":"purchasable","16":"product-type-simple"},"spectra_custom_meta":{"_visibility":["visible"],"_shopify_product_id":["7960303468764"],"_s2w_shopify_domain":["noleaky.myshopify.com"],"_shopify_variant_id":["43735157637340"],"_sku":["NLENGINEOILLEAKSTOPPER"],"_regular_price":["29.90"],"_price":["29.90"],"_sale_price":[""],"_weight":["0.45"],"_thumbnail_id":["23041"],"_global_unique_id":["5056773800670"],"total_sales":["92"],"_tax_status":["taxable"],"_tax_class":[""],"_manage_stock":["no"],"_backorders":["no"],"_sold_individually":["no"],"_virtual":["no"],"_downloadable":["no"],"_download_limit":["-1"],"_download_expiry":["-1"],"_stock":[null],"_stock_status":["instock"],"_wc_average_rating":["4.99"],"_wc_review_count":["73"],"_product_version":["10.5.2"],"_edit_lock":["1772374642:1"],"merchant-center-availability":["yes"],"merchant-center-category":["2788"],"merchant-center-id":["EOLS"],"_edit_last":["1"],"_wp_page_template":["default"],"site-sidebar-layout":["default"],"ast-site-content-layout":["default"],"site-content-style":["default"],"site-sidebar-style":["default"],"theme-transparent-header-meta":["default"],"_wc_rating_count":["a:2:{i:4;i:1;i:5;i:72;}"],"_upsell_ids":["a:3:{i:0;i:22975;i:1;i:22998;i:2;i:23001;}"],"_crosssell_ids":["a:3:{i:0;i:22975;i:1;i:22998;i:2;i:23001;}"],"astra-migrate-meta-layouts":["set"],"_uag_css_file_name":["uag-css-22988.css"],"_elementor_page_assets":["a:0:{}"],"_uag_page_assets":["a:9:{s:3:\"css\";s:6873:\".wp-block-uagb-image{display:flex}.wp-block-uagb-image__figure{position:relative;display:flex;flex-direction:column;max-width:100%;height:auto;margin:0}.wp-block-uagb-image__figure img{height:auto;display:flex;max-width:100%;transition:box-shadow .2s ease}.wp-block-uagb-image__figure>a{display:inline-block}.wp-block-uagb-image__figure figcaption{text-align:center;margin-top:.5em;margin-bottom:1em}.wp-block-uagb-image .components-placeholder.block-editor-media-placeholder .components-placeholder__instructions{align-self:center}.wp-block-uagb-image--align-left{text-align:left}.wp-block-uagb-image--align-right{text-align:right}.wp-block-uagb-image--align-center{text-align:center}.wp-block-uagb-image--align-full .wp-block-uagb-image__figure{margin-left:calc(50% - 50vw);margin-right:calc(50% - 50vw);max-width:100vw;width:100vw;height:auto}.wp-block-uagb-image--align-full .wp-block-uagb-image__figure img{height:auto;width:100% !important}.wp-block-uagb-image--align-wide .wp-block-uagb-image__figure img{height:auto;width:100%}.wp-block-uagb-image--layout-overlay__color-wrapper{position:absolute;left:0;top:0;right:0;bottom:0;opacity:.2;background:rgba(0,0,0,.5);transition:opacity .35s ease-in-out}.wp-block-uagb-image--layout-overlay-link{position:absolute;left:0;right:0;bottom:0;top:0}.wp-block-uagb-image--layout-overlay .wp-block-uagb-image__figure:hover .wp-block-uagb-image--layout-overlay__color-wrapper{opacity:1}.wp-block-uagb-image--layout-overlay__inner{position:absolute;left:15px;right:15px;bottom:15px;top:15px;display:flex;align-items:center;justify-content:center;flex-direction:column;border-color:#fff;transition:.35s ease-in-out}.wp-block-uagb-image--layout-overlay__inner.top-left,.wp-block-uagb-image--layout-overlay__inner.top-center,.wp-block-uagb-image--layout-overlay__inner.top-right{justify-content:flex-start}.wp-block-uagb-image--layout-overlay__inner.bottom-left,.wp-block-uagb-image--layout-overlay__inner.bottom-center,.wp-block-uagb-image--layout-overlay__inner.bottom-right{justify-content:flex-end}.wp-block-uagb-image--layout-overlay__inner.top-left,.wp-block-uagb-image--layout-overlay__inner.center-left,.wp-block-uagb-image--layout-overlay__inner.bottom-left{align-items:flex-start}.wp-block-uagb-image--layout-overlay__inner.top-right,.wp-block-uagb-image--layout-overlay__inner.center-right,.wp-block-uagb-image--layout-overlay__inner.bottom-right{align-items:flex-end}.wp-block-uagb-image--layout-overlay__inner .uagb-image-heading{color:#fff;transition:transform .35s,opacity .35s ease-in-out;transform:translate3d(0, 24px, 0);margin:0;line-height:1em}.wp-block-uagb-image--layout-overlay__inner .uagb-image-separator{width:30%;border-top-width:2px;border-top-color:#fff;border-top-style:solid;margin-bottom:10px;opacity:0;transition:transform .4s,opacity .4s ease-in-out;transform:translate3d(0, 30px, 0)}.wp-block-uagb-image--layout-overlay__inner .uagb-image-caption{opacity:0;overflow:visible;color:#fff;transition:transform .45s,opacity .45s ease-in-out;transform:translate3d(0, 35px, 0)}.wp-block-uagb-image--layout-overlay__inner:hover .uagb-image-heading,.wp-block-uagb-image--layout-overlay__inner:hover .uagb-image-separator,.wp-block-uagb-image--layout-overlay__inner:hover .uagb-image-caption{opacity:1;transform:translate3d(0, 0, 0)}.wp-block-uagb-image--effect-zoomin .wp-block-uagb-image__figure img,.wp-block-uagb-image--effect-zoomin .wp-block-uagb-image__figure .wp-block-uagb-image--layout-overlay__color-wrapper{transform:scale(1);transition:transform .35s ease-in-out}.wp-block-uagb-image--effect-zoomin .wp-block-uagb-image__figure:hover img,.wp-block-uagb-image--effect-zoomin .wp-block-uagb-image__figure:hover .wp-block-uagb-image--layout-overlay__color-wrapper{transform:scale(1.05)}.wp-block-uagb-image--effect-slide .wp-block-uagb-image__figure img,.wp-block-uagb-image--effect-slide .wp-block-uagb-image__figure .wp-block-uagb-image--layout-overlay__color-wrapper{width:calc(100% + 40px) !important;max-width:none !important;transform:translate3d(-40px, 0, 0);transition:transform .35s ease-in-out}.wp-block-uagb-image--effect-slide .wp-block-uagb-image__figure:hover img,.wp-block-uagb-image--effect-slide .wp-block-uagb-image__figure:hover .wp-block-uagb-image--layout-overlay__color-wrapper{transform:translate3d(0, 0, 0)}.wp-block-uagb-image--effect-grayscale img{filter:grayscale(0%);transition:.35s ease-in-out}.wp-block-uagb-image--effect-grayscale:hover img{filter:grayscale(100%)}.wp-block-uagb-image--effect-blur img{filter:blur(0);transition:.35s ease-in-out}.wp-block-uagb-image--effect-blur:hover img{filter:blur(3px)}.uagb-block-e6f939b3.wp-block-uagb-image--layout-default figure img{box-shadow: 0px 0px 0 #00000070;}.uagb-block-e6f939b3.wp-block-uagb-image .wp-block-uagb-image__figure figcaption{font-style: normal;align-self: center;}.uagb-block-e6f939b3.wp-block-uagb-image--layout-overlay figure img{box-shadow: 0px 0px 0 #00000070;}.uagb-block-e6f939b3.wp-block-uagb-image--layout-overlay .wp-block-uagb-image--layout-overlay__color-wrapper{opacity: 0.2;}.uagb-block-e6f939b3.wp-block-uagb-image--layout-overlay .wp-block-uagb-image--layout-overlay__inner{left: 15px;right: 15px;top: 15px;bottom: 15px;}.uagb-block-e6f939b3.wp-block-uagb-image--layout-overlay .wp-block-uagb-image--layout-overlay__inner .uagb-image-heading{font-style: normal;color: #fff;opacity: 1;}.uagb-block-e6f939b3.wp-block-uagb-image--layout-overlay .wp-block-uagb-image--layout-overlay__inner .uagb-image-heading a{color: #fff;}.uagb-block-e6f939b3.wp-block-uagb-image--layout-overlay .wp-block-uagb-image--layout-overlay__inner .uagb-image-caption{opacity: 0;}.uagb-block-e6f939b3.wp-block-uagb-image--layout-overlay .wp-block-uagb-image__figure:hover .wp-block-uagb-image--layout-overlay__color-wrapper{opacity: 1;}.uagb-block-e6f939b3.wp-block-uagb-image .wp-block-uagb-image--layout-overlay__inner .uagb-image-separator{width: 30%;border-top-width: 2px;border-top-color: #fff;opacity: 0;}.uagb-block-e6f939b3.wp-block-uagb-image .wp-block-uagb-image__figure img{width: px;height: auto;}.uagb-block-e6f939b3.wp-block-uagb-image .wp-block-uagb-image__figure:hover .wp-block-uagb-image--layout-overlay__inner .uagb-image-caption{opacity: 1;}.uagb-block-e6f939b3.wp-block-uagb-image .wp-block-uagb-image__figure:hover .wp-block-uagb-image--layout-overlay__inner .uagb-image-separator{opacity: 1;}.uagb-block-e6f939b3.wp-block-uagb-image--layout-default figure:hover img{box-shadow: 0px 0px 0 #00000070;}.uagb-block-e6f939b3.wp-block-uagb-image--layout-overlay figure:hover img{box-shadow: 0px 0px 0 #00000070;}@media only screen and (max-width: 976px) {.uagb-block-e6f939b3.wp-block-uagb-image .wp-block-uagb-image__figure img{width: px;height: auto;}}@media only screen and (max-width: 767px) {.uagb-block-e6f939b3.wp-block-uagb-image .wp-block-uagb-image__figure img{width: px;height: auto;}}\";s:2:\"js\";s:0:\"\";s:18:\"current_block_list\";a:13:{i:0;s:11:\"core\/search\";i:1;s:10:\"core\/group\";i:2;s:12:\"core\/heading\";i:3;s:17:\"core\/latest-posts\";i:4;s:20:\"core\/latest-comments\";i:5;s:13:\"core\/archives\";i:6;s:15:\"core\/categories\";i:7;s:14:\"core\/paragraph\";i:8;s:10:\"uagb\/image\";i:9;s:11:\"core\/spacer\";i:10;s:30:\"woocommerce\/product-categories\";i:11;s:10:\"core\/image\";i:12;s:14:\"core\/shortcode\";}s:8:\"uag_flag\";b:1;s:11:\"uag_version\";s:10:\"1777427849\";s:6:\"gfonts\";a:0:{}s:10:\"gfonts_url\";s:0:\"\";s:12:\"gfonts_files\";a:0:{}s:14:\"uag_faq_layout\";b:0;}"]},"uagb_featured_image_src":{"full":["https:\/\/www.noleaky.com\/wp-content\/uploads\/2025\/06\/2.g.Engine-Oil-Stop-Leak_4000x4000_15a04a4a-d496-4c7b-ac67-49608a435085.png",2560,2560,false],"thumbnail":["https:\/\/www.noleaky.com\/wp-content\/uploads\/2025\/06\/2.g.Engine-Oil-Stop-Leak_4000x4000_15a04a4a-d496-4c7b-ac67-49608a435085-150x150.png",150,150,true],"medium":["https:\/\/www.noleaky.com\/wp-content\/uploads\/2025\/06\/2.g.Engine-Oil-Stop-Leak_4000x4000_15a04a4a-d496-4c7b-ac67-49608a435085-300x300.png",300,300,true],"medium_large":["https:\/\/www.noleaky.com\/wp-content\/uploads\/2025\/06\/2.g.Engine-Oil-Stop-Leak_4000x4000_15a04a4a-d496-4c7b-ac67-49608a435085-768x768.png",768,768,true],"large":["https:\/\/www.noleaky.com\/wp-content\/uploads\/2025\/06\/2.g.Engine-Oil-Stop-Leak_4000x4000_15a04a4a-d496-4c7b-ac67-49608a435085-1024x1024.png",1024,1024,true],"1536x1536":["https:\/\/www.noleaky.com\/wp-content\/uploads\/2025\/06\/2.g.Engine-Oil-Stop-Leak_4000x4000_15a04a4a-d496-4c7b-ac67-49608a435085-1536x1536.png",1536,1536,true],"2048x2048":["https:\/\/www.noleaky.com\/wp-content\/uploads\/2025\/06\/2.g.Engine-Oil-Stop-Leak_4000x4000_15a04a4a-d496-4c7b-ac67-49608a435085-2048x2048.png",2048,2048,true],"trp-custom-language-flag":["https:\/\/www.noleaky.com\/wp-content\/uploads\/2025\/06\/2.g.Engine-Oil-Stop-Leak_4000x4000_15a04a4a-d496-4c7b-ac67-49608a435085-12x12.png",12,12,true],"woocommerce_thumbnail":["https:\/\/www.noleaky.com\/wp-content\/uploads\/2025\/06\/2.g.Engine-Oil-Stop-Leak_4000x4000_15a04a4a-d496-4c7b-ac67-49608a435085-300x300.png",300,300,true],"woocommerce_single":["https:\/\/www.noleaky.com\/wp-content\/uploads\/2025\/06\/2.g.Engine-Oil-Stop-Leak_4000x4000_15a04a4a-d496-4c7b-ac67-49608a435085-600x600.png",600,600,true],"woocommerce_gallery_thumbnail":["https:\/\/www.noleaky.com\/wp-content\/uploads\/2025\/06\/2.g.Engine-Oil-Stop-Leak_4000x4000_15a04a4a-d496-4c7b-ac67-49608a435085-100x100.png",100,100,true]},"uagb_author_info":{"display_name":"admin","author_link":"https:\/\/www.noleaky.com\/hu\/author\/"},"uagb_comment_info":73,"uagb_excerpt":"Stops engine oil leaks directly at the source without dismantling the engine. Our engine oil stop leak fluid is specially formulated to seal external oil leaks at their origin. It provides a targeted solution that helps prevent oil loss and reduces the need for complex mechanical disassembly. The most effective external oil leak sealing solution&hellip;","_links":{"self":[{"href":"https:\/\/www.noleaky.com\/hu\/wp-json\/wp\/v2\/product\/22988","targetHints":{"allow":["GET"]}}],"collection":[{"href":"https:\/\/www.noleaky.com\/hu\/wp-json\/wp\/v2\/product"}],"about":[{"href":"https:\/\/www.noleaky.com\/hu\/wp-json\/wp\/v2\/types\/product"}],"replies":[{"embeddable":true,"href":"https:\/\/www.noleaky.com\/hu\/wp-json\/wp\/v2\/comments?post=22988"}],"version-history":[{"count":5,"href":"https:\/\/www.noleaky.com\/hu\/wp-json\/wp\/v2\/product\/22988\/revisions"}],"predecessor-version":[{"id":33281,"href":"https:\/\/www.noleaky.com\/hu\/wp-json\/wp\/v2\/product\/22988\/revisions\/33281"}],"wp:featuredmedia":[{"embeddable":true,"href":"https:\/\/www.noleaky.com\/hu\/wp-json\/wp\/v2\/media\/23041"}],"wp:attachment":[{"href":"https:\/\/www.noleaky.com\/hu\/wp-json\/wp\/v2\/media?parent=22988"}],"wp:term":[{"taxonomy":"product_brand","embeddable":true,"href":"https:\/\/www.noleaky.com\/hu\/wp-json\/wp\/v2\/product_brand?post=22988"},{"taxonomy":"product_cat","embeddable":true,"href":"https:\/\/www.noleaky.com\/hu\/wp-json\/wp\/v2\/product_cat?post=22988"},{"taxonomy":"product_tag","embeddable":true,"href":"https:\/\/www.noleaky.com\/hu\/wp-json\/wp\/v2\/product_tag?post=22988"}],"curies":[{"name":"wp","href":"https:\/\/api.w.org\/{rel}","templated":true}]}}